{"id":5295,"date":"2024-11-12T16:42:22","date_gmt":"2024-11-12T08:42:22","guid":{"rendered":"https:\/\/www.qualitester.com\/?post_type=product&#038;p=5295"},"modified":"2024-12-05T11:00:26","modified_gmt":"2024-12-05T03:00:26","slug":"sale-paper-softness-tester","status":"publish","type":"product","link":"https:\/\/www.qualitester.com\/fr\/produit\/sale-paper-softness-tester\/","title":{"rendered":"Testeur de souplesse du papier RRD-01"},"content":{"rendered":"<h2>Introduction<\/h2>\n<p>Le testeur de souplesse du papier est un instrument de pr\u00e9cision con\u00e7u pour mesurer la souplesse des mat\u00e9riaux tels que les mouchoirs, les tissus non tiss\u00e9s et autres mat\u00e9riaux d&#039;emballage souples. Cet appareil joue un r\u00f4le essentiel dans le contr\u00f4le de la qualit\u00e9 en fournissant des donn\u00e9es pr\u00e9cises sur la souplesse et la flexibilit\u00e9 de divers mat\u00e9riaux, qui sont des facteurs essentiels dans des industries telles que l&#039;emballage, les dispositifs m\u00e9dicaux, les textiles et les biens de consommation courante. \u00c9quip\u00e9 d&#039;une automatisation avanc\u00e9e et d&#039;une technologie de mesure \u00e9lectronique, le testeur de souplesse du papier garantit des r\u00e9sultats rapides, fiables et reproductibles, aidant les fabricants \u00e0 respecter les normes de produits et \u00e0 r\u00e9pondre aux attentes des consommateurs.<\/p>\n<h2>Principe de fonctionnement<\/h2>\n<p>Le testeur de souplesse du papier fonctionne sur la base d&#039;un m\u00e9canisme \u00e0 lame et \u00e0 fente. Pendant le test, un \u00e9chantillon est positionn\u00e9 sur une fente de la plate-forme de test, o\u00f9 une lame (sonde) applique une force pour pousser le mat\u00e9riau dans la fente. Cette force, mesur\u00e9e par le testeur, indique le niveau de souplesse de l&#039;\u00e9chantillon, car elle repr\u00e9sente la r\u00e9sistance de l&#039;\u00e9chantillon \u00e0 la flexion ou sa flexibilit\u00e9. La conception du testeur garantit la pr\u00e9cision en minimisant les interf\u00e9rences de l&#039;utilisateur, ce qui en fait un choix de confiance pour les laboratoires et les lignes de production.<\/p>\n<h2>Domaines d&#039;application<\/h2>\n<p>Le testeur de douceur du papier est essentiel pour \u00e9valuer les propri\u00e9t\u00e9s physiques des produits dans diverses industries :<\/p>\n<ul>\n<li><strong>Mat\u00e9riaux d&#039;emballage<\/strong>:Garantit que les mat\u00e9riaux d&#039;emballage tels que le papier de soie souple, les films plastiques fins et le carton r\u00e9pondent aux exigences de douceur et de flexibilit\u00e9.<\/li>\n<li><strong>Produits en papier<\/strong>:Id\u00e9al pour tester le papier de soie, le papier hygi\u00e9nique et d\u2019autres produits de papier de consommation afin de garantir une douceur optimale.<\/li>\n<li><strong>M\u00e9dical et pharmaceutique<\/strong>:Convient aux mat\u00e9riaux tels que les papiers de qualit\u00e9 m\u00e9dicale et les non-tiss\u00e9s, qui n\u00e9cessitent une douceur sp\u00e9cifique pour la fonctionnalit\u00e9 et le confort.<\/li>\n<li><strong>Textiles et adh\u00e9sifs<\/strong>:\u00c9value la douceur et la flexibilit\u00e9 des textiles et des adh\u00e9sifs, garantissant qu&#039;ils r\u00e9pondent aux normes de l&#039;industrie en mati\u00e8re de confort et de facilit\u00e9 d&#039;utilisation.<\/li>\n<\/ul>\n<p>Cette polyvalence rend le testeur indispensable dans des secteurs tels que l\u2019emballage, l\u2019alimentation, les produits pharmaceutiques, les textiles et les agences de contr\u00f4le qualit\u00e9.<\/p>\n<h2>Normes cl\u00e9s<\/h2>\n<p>Le testeur de douceur du papier est enti\u00e8rement conforme aux normes suivantes <a href=\"https:\/\/www.qualitester.com\/fr\/categorie-produit\/astm\/\" target=\"_blank\" rel=\"noopener\">Normes ASTM<\/a>, fournissant des m\u00e9thodes de test standardis\u00e9es et des r\u00e9sultats fiables :<\/p>\n<ul>\n<li><strong>GB\/T 8942<\/strong> D\u00e9termination de la souplesse du papier<\/li>\n<li><a href=\"https:\/\/www.astm.org\/d2923-06.html\" target=\"_blank\" rel=\"noopener nofollow\"><strong>ASTM D2923<\/strong><\/a> M\u00e9thode d&#039;essai pour la rigidit\u00e9 des films et des feuilles de polyol\u00e9fine<\/li>\n<li><strong>QB\/T 1060<\/strong> Testeur de douceur<\/li>\n<li><a href=\"https:\/\/www.tappi.org\/product_pull\/09\/dec__06\/__30\/softness-of-sanitary-tissues\/\" target=\"_blank\" rel=\"noopener nofollow\"><strong>TAPPI T498<\/strong><\/a> Douceur des serviettes hygi\u00e9niques<\/li>\n<li><strong><a href=\"https:\/\/www.astm.org\/d6828-02r19.html\" target=\"_blank\" rel=\"noopener nofollow\">ASTM D6828<\/a>\u221202<\/strong> (R\u00e9approuv\u00e9 en 2019) M\u00e9thode d&#039;essai standard pour la rigidit\u00e9 du tissu par la proc\u00e9dure lame\/fente<\/li>\n<\/ul>\n<p>Le respect de ces normes ASTM garantit que le testeur de douceur du papier r\u00e9pond aux exigences de test internationales, offrant aux utilisateurs confiance dans la qualit\u00e9 et l&#039;exactitude de leurs r\u00e9sultats.<\/p>\n<h2>Avantages du testeur de douceur du papier<\/h2>\n<ul>\n<li><strong>Mesures automatis\u00e9es et pr\u00e9cises<\/strong>:La conception automatis\u00e9e du testeur minimise les risques d\u2019erreur humaine, fournissant des r\u00e9sultats toujours pr\u00e9cis sans r\u00e9glages manuels.<\/li>\n<li><strong>Utilisation conviviale<\/strong>:Gr\u00e2ce \u00e0 un placement d\u2019\u00e9chantillon simple et \u00e0 une proc\u00e9dure de test automatique, les op\u00e9rateurs peuvent facilement effectuer des tests sans formation approfondie.<\/li>\n<li><strong>Fiabilit\u00e9 am\u00e9lior\u00e9e<\/strong>:Le syst\u00e8me de contr\u00f4le \u00e9lectronique fournit des r\u00e9sultats hautement r\u00e9p\u00e9tables, garantissant la coh\u00e9rence dans les \u00e9valuations de contr\u00f4le qualit\u00e9.<\/li>\n<\/ul>\n<h2>Sp\u00e9cifications techniques<\/h2>\n<table>\n<tbody>\n<tr>\n<td style=\"text-align: center;\" width=\"126\">Plage de test<\/td>\n<td style=\"text-align: center;\" width=\"222\">(10~1000) mN<\/td>\n<\/tr>\n<tr>\n<td style=\"text-align: center;\" width=\"126\">Taille de la lame d&#039;essai<\/td>\n<td style=\"text-align: center;\" width=\"222\">R. mm, 120 mm x 2 mm L x P<\/td>\n<\/tr>\n<tr>\n<td style=\"text-align: center;\" width=\"126\">Coup de lame<\/td>\n<td style=\"text-align: center;\" width=\"222\">8\u00b10,5 mm<\/td>\n<\/tr>\n<tr>\n<td style=\"text-align: center;\" width=\"126\">Vitesse de test<\/td>\n<td style=\"text-align: center;\" width=\"222\">1,2 mm\/s<\/td>\n<\/tr>\n<tr>\n<td style=\"text-align: center;\" width=\"126\">R\u00e9solution de force<\/td>\n<td style=\"text-align: center;\" width=\"222\">1 mN<\/td>\n<\/tr>\n<tr>\n<td style=\"text-align: center;\" width=\"126\">Pr\u00e9cision<\/td>\n<td style=\"text-align: center;\" width=\"222\">\u00b11%<\/td>\n<\/tr>\n<tr>\n<td style=\"text-align: center;\" width=\"126\">Largeur de la fente<\/td>\n<td style=\"text-align: center;\" width=\"222\">5 mm, 6,35 mm, 10 mm, 20 mm<\/td>\n<\/tr>\n<tr>\n<td style=\"text-align: center;\" width=\"126\">Pouvoir<\/td>\n<td style=\"text-align: center;\" width=\"222\">CA 220 V 50 Hz<\/td>\n<\/tr>\n<\/tbody>\n<\/table>\n<h2>Pourquoi choisir notre testeur de douceur du papier ?<\/h2>\n<p>Notre testeur de souplesse du papier se distingue par sa durabilit\u00e9, sa pr\u00e9cision et sa conformit\u00e9 aux normes ASTM (ASTM D2063, ASTM D3198 et ASTM D3474). Ce testeur est id\u00e9al pour l&#039;assurance qualit\u00e9 dans les industries qui privil\u00e9gient la souplesse des mat\u00e9riaux, telles que l&#039;emballage, les biens de consommation et les soins de sant\u00e9. De plus, des options de personnalisation sont disponibles pour r\u00e9pondre aux exigences de test sp\u00e9cialis\u00e9es, garantissant que cet instrument r\u00e9pond aux besoins uniques de chaque utilisateur.<\/p>\n<h2>Questions fr\u00e9quemment pos\u00e9es (FAQ)<\/h2>\n<p><strong>1. En quoi le testeur de douceur du papier diff\u00e8re-t-il des autres m\u00e9thodes de test de douceur ?<\/strong><br \/>\nContrairement aux testeurs manuels, ce testeur automatis\u00e9 minimise les biais de l&#039;utilisateur et am\u00e9liore la pr\u00e9cision en mesurant \u00e9lectroniquement la force n\u00e9cessaire pour p\u00e9n\u00e9trer l&#039;\u00e9chantillon.<\/p>\n<p><strong>2. Quels types de mat\u00e9riaux peuvent \u00eatre test\u00e9s avec cet instrument ?<\/strong><br \/>\nCe testeur convient aux mat\u00e9riaux souples comme le papier de soie, les non-tiss\u00e9s, les tissus et certains mat\u00e9riaux d&#039;emballage, offrant une flexibilit\u00e9 d&#039;application.<\/p>\n<p><strong>3. Quelle est la pr\u00e9cision des r\u00e9sultats et sont-ils reproductibles ?<\/strong><br \/>\nLe syst\u00e8me de contr\u00f4le \u00e9lectronique garantit une pr\u00e9cision et une r\u00e9p\u00e9tabilit\u00e9 \u00e9lev\u00e9es, ce qui rend ce testeur tr\u00e8s fiable pour le contr\u00f4le qualit\u00e9.<\/p>\n<p><strong>4. Le testeur de douceur du papier est-il facile \u00e0 utiliser pour le personnel non technique ?<\/strong><br \/>\nOui, le processus de test automatis\u00e9 et le placement simple des \u00e9chantillons le rendent convivial, m\u00eame pour les op\u00e9rateurs ayant une exp\u00e9rience technique minimale.<\/p>","protected":false},"excerpt":{"rendered":"<p>Le testeur de souplesse du papier est un instrument de pr\u00e9cision con\u00e7u pour mesurer la souplesse des mat\u00e9riaux tels que les mouchoirs, les tissus non tiss\u00e9s et autres mat\u00e9riaux d&#039;emballage souples. Cet appareil joue un r\u00f4le essentiel dans le contr\u00f4le de la qualit\u00e9 en fournissant des donn\u00e9es pr\u00e9cises sur la souplesse et la flexibilit\u00e9 de divers mat\u00e9riaux, qui sont des facteurs essentiels dans des industries telles que l&#039;emballage, les dispositifs m\u00e9dicaux, les textiles et les biens de consommation courante. \u00c9quip\u00e9 d&#039;une automatisation avanc\u00e9e et d&#039;une technologie de mesure \u00e9lectronique, le testeur de souplesse du papier garantit des r\u00e9sultats rapides, fiables et reproductibles, aidant les fabricants \u00e0 respecter les normes de produits et \u00e0 r\u00e9pondre aux attentes des consommateurs.<\/p>","protected":false},"featured_media":6192,"comment_status":"closed","ping_status":"closed","template":"","meta":{"site-sidebar-layout":"default","site-content-layout":"default","ast-global-header-display":"","ast-main-header-display":"","ast-hfb-above-header-display":"","ast-hfb-below-header-display":"","ast-hfb-mobile-header-display":"","site-post-title":"","ast-breadcrumbs-content":"","ast-featured-img":"","footer-sml-layout":"","theme-transparent-header-meta":"default","adv-header-id-meta":"","stick-header-meta":"","header-above-stick-meta":"","header-main-stick-meta":"","header-below-stick-meta":""},"product_cat":[845,1151,1153,953,956,955,954,957,958,952,959,1152,44,95],"product_tag":[],"class_list":{"0":"post-5295","1":"product","2":"type-product","3":"status-publish","4":"has-post-thumbnail","6":"product_cat-customization","7":"product_cat-astm-d2923","8":"product_cat-astm-d6828","9":"product_cat-bursting-tester","10":"product_cat-cobb-tester","11":"product_cat-crush-tester","12":"product_cat-paper-tear-tester","13":"product_cat-plybond-tester","14":"product_cat-puncture-tester","15":"product_cat-rub-tester","16":"product_cat-stiffness-tester","17":"product_cat-tappi-t498","18":"product_cat-paper-and-board-testers","19":"product_cat-products","20":"desktop-align-left","21":"tablet-align-left","22":"mobile-align-left","24":"first","25":"instock","26":"shipping-taxable","27":"product-type-simple"},"_links":{"self":[{"href":"https:\/\/www.qualitester.com\/fr\/wp-json\/wp\/v2\/product\/5295","targetHints":{"allow":["GET"]}}],"collection":[{"href":"https:\/\/www.qualitester.com\/fr\/wp-json\/wp\/v2\/product"}],"about":[{"href":"https:\/\/www.qualitester.com\/fr\/wp-json\/wp\/v2\/types\/product"}],"replies":[{"embeddable":true,"href":"https:\/\/www.qualitester.com\/fr\/wp-json\/wp\/v2\/comments?post=5295"}],"version-history":[{"count":0,"href":"https:\/\/www.qualitester.com\/fr\/wp-json\/wp\/v2\/product\/5295\/revisions"}],"wp:featuredmedia":[{"embeddable":true,"href":"https:\/\/www.qualitester.com\/fr\/wp-json\/wp\/v2\/media\/6192"}],"wp:attachment":[{"href":"https:\/\/www.qualitester.com\/fr\/wp-json\/wp\/v2\/media?parent=5295"}],"wp:term":[{"taxonomy":"product_cat","embeddable":true,"href":"https:\/\/www.qualitester.com\/fr\/wp-json\/wp\/v2\/product_cat?post=5295"},{"taxonomy":"product_tag","embeddable":true,"href":"https:\/\/www.qualitester.com\/fr\/wp-json\/wp\/v2\/product_tag?post=5295"}],"curies":[{"name":"wp","href":"https:\/\/api.w.org\/{rel}","templated":true}]}}