{"id":5286,"date":"2024-11-08T10:17:35","date_gmt":"2024-11-08T02:17:35","guid":{"rendered":"https:\/\/www.qualitester.com\/?post_type=product&#038;p=5286"},"modified":"2024-12-05T10:34:20","modified_gmt":"2024-12-05T02:34:20","slug":"sale-puncture-resistance-testing-equipment","status":"publish","type":"product","link":"https:\/\/www.qualitester.com\/fr\/produit\/sale-puncture-resistance-testing-equipment\/","title":{"rendered":"\u00c9quipement de test de r\u00e9sistance \u00e0 la perforation PST-01"},"content":{"rendered":"<h2><strong>Introduction aux \u00e9quipements de test de r\u00e9sistance \u00e0 la perforation<\/strong><\/h2>\n<p>L&#039;\u00e9quipement de test de r\u00e9sistance \u00e0 la perforation PST-01 est un instrument avanc\u00e9 con\u00e7u pour \u00e9valuer la durabilit\u00e9 et la r\u00e9sistance \u00e0 la perforation des cartons et des mat\u00e9riaux ondul\u00e9s. Cet outil de test mesure l&#039;\u00e9nergie n\u00e9cessaire pour percer un \u00e9chantillon, \u00e9valuant avec pr\u00e9cision l&#039;\u00e9nergie n\u00e9cessaire pour d\u00e9chirer et plier le mat\u00e9riau. Le PST-01 permet de garantir que les emballages et autres mat\u00e9riaux r\u00e9pondent \u00e0 des normes rigoureuses de qualit\u00e9 et de r\u00e9sistance, ce qui le rend id\u00e9al pour toute une gamme d&#039;industries o\u00f9 l&#039;int\u00e9grit\u00e9 du mat\u00e9riau est essentielle.<\/p>\n<h2><strong>Applications de l&#039;\u00e9quipement de test de r\u00e9sistance \u00e0 la perforation PST-01<\/strong><\/h2>\n<p>Le PST-01 est largement applicable dans divers secteurs, notamment l&#039;emballage, l&#039;\u00e9lectronique, les appareils m\u00e9dicaux, les produits pharmaceutiques, etc. Il est couramment utilis\u00e9 pour tester la r\u00e9sistance des cartons des conteneurs, un facteur essentiel de la durabilit\u00e9 du transport, ou pour v\u00e9rifier la r\u00e9silience des mat\u00e9riaux d&#039;emballage des articles fragiles. Ce testeur polyvalent r\u00e9pond \u00e9galement aux besoins des industries qui exigent des performances d&#039;emballage constantes, telles que la production d&#039;aliments et de boissons, les produits chimiques quotidiens et les textiles.<\/p>\n<h2><strong>Caract\u00e9ristiques de l&#039;\u00e9quipement de test de r\u00e9sistance \u00e0 la perforation PST-01<\/strong><\/h2>\n<p>L&#039;\u00e9quipement de test de r\u00e9sistance \u00e0 la perforation PST-01 est \u00e9quip\u00e9 de plusieurs fonctionnalit\u00e9s avanc\u00e9es, le rendant \u00e0 la fois facile \u00e0 utiliser et tr\u00e8s efficace pour tester la r\u00e9sistance \u00e0 la perforation :<\/p>\n<ul>\n<li><strong>\u00c9cran LCD et interface conviviale<\/strong>:Le testeur est livr\u00e9 avec un \u00e9cran LCD facile \u00e0 lire et un panneau de commande en PVC pour des r\u00e9glages et une configuration de test rapides et intuitifs.<\/li>\n<li><strong>Contr\u00f4le par micro-ordinateur<\/strong>:\u00c9quip\u00e9 d&#039;un micro-ordinateur pour une gestion fiable des donn\u00e9es, le PST-01 peut collecter, stocker et imprimer les r\u00e9sultats des tests, garantissant des flux de travail rationalis\u00e9s et des enregistrements pr\u00e9cis.<\/li>\n<li><strong>Mesure automatique et jugement intelligent<\/strong>:Le testeur fournit un affichage en temps r\u00e9el des r\u00e9sultats des tests et une analyse imm\u00e9diate, r\u00e9duisant ainsi le besoin de calculs manuels et am\u00e9liorant l&#039;efficacit\u00e9 des tests.<\/li>\n<li><strong>Quatre vitesses r\u00e9glables<\/strong>:Le PST-01 offre quatre vitesses r\u00e9glables, permettant aux utilisateurs de s\u00e9lectionner la plage optimale pour des mat\u00e9riaux de diff\u00e9rentes r\u00e9sistances, garantissant des mesures pr\u00e9cises.<\/li>\n<li><strong>S\u00e9curit\u00e9 et durabilit\u00e9<\/strong>:Con\u00e7u pour la stabilit\u00e9 et des performances constantes, le PST-01 comprend des fonctions de s\u00e9curit\u00e9 int\u00e9gr\u00e9es pour prot\u00e9ger les utilisateurs et garantir un fonctionnement fiable dans le temps.<\/li>\n<\/ul>\n<h2><strong>Comprendre la norme ISO 3036 et ses m\u00e9thodes d&#039;essai<\/strong><\/h2>\n<p><a href=\"https:\/\/www.iso.org\/standard\/8122.html\" target=\"_blank\" rel=\"noopener nofollow\"><strong>ISO 3036<\/strong><\/a> est la norme internationale qui d\u00e9finit les m\u00e9thodes de d\u00e9termination de la r\u00e9sistance \u00e0 la perforation du carton ondul\u00e9. Elle d\u00e9crit les proc\u00e9dures et param\u00e8tres sp\u00e9cifiques pour garantir des mesures pr\u00e9cises et coh\u00e9rentes dans l&#039;ensemble du secteur. La PST-01 est conforme \u00e0 <a href=\"https:\/\/www.qualitester.com\/fr\/categorie-produit\/iso\/iso-3036\/\" target=\"_blank\" rel=\"noopener\">ISO 3036<\/a> En utilisant une pyramide triangulaire \u00e0 angle droit en acier inoxydable fix\u00e9e \u00e0 un bras de pendule, qui pivote dans un \u00e9chantillon serr\u00e9, simulant des conditions de perforation r\u00e9elles. L&#039;instrument mesure l&#039;\u00e9nergie totale requise pour percer le mat\u00e9riau, fournissant des informations fiables sur la r\u00e9silience et la r\u00e9sistance \u00e0 la perforation du mat\u00e9riau. Pour les industries souhaitant se conformer \u00e0 la norme ISO 3036, le PST-01 offre la pr\u00e9cision et l&#039;exactitude n\u00e9cessaires.<\/p>\n<h2><strong>Normes suppl\u00e9mentaires respect\u00e9es par le PST-01<\/strong><\/h2>\n<p>Au-del\u00e0 de la norme ISO 3036, l&#039;\u00e9quipement de test de r\u00e9sistance \u00e0 la perforation PST-01 est con\u00e7u pour r\u00e9pondre \u00e0 de nombreuses autres normes internationales :<\/p>\n<ul>\n<li><strong>TAPPI T803<\/strong>:\u00c9tablit des lignes directrices pour les essais de r\u00e9sistance \u00e0 la perforation du carton pour conteneurs, couramment utilis\u00e9 dans les industries du papier et de l&#039;emballage.<\/li>\n<li><strong>DIN 53142<\/strong>:D\u00e9finit les proc\u00e9dures de test de r\u00e9sistance \u00e0 la p\u00e9n\u00e9tration, particuli\u00e8rement applicables aux mat\u00e9riaux en papier.<\/li>\n<li><strong>GB\/T 2679<\/strong>:Norme nationale chinoise pour les tests de r\u00e9sistance \u00e0 la perforation des mat\u00e9riaux d&#039;emballage.<\/li>\n<li><strong>QB\/T 1664<\/strong> et <strong>SN T0262<\/strong>:Des rep\u00e8res suppl\u00e9mentaires qui d\u00e9montrent davantage les capacit\u00e9s du PST-01 \u00e0 r\u00e9pondre aux normes de test mondiales.<\/li>\n<\/ul>\n<h2><strong>Sp\u00e9cifications techniques du PST-01<\/strong><\/h2>\n<p>Le PST-01 offre une approche pr\u00e9cise et conviviale des tests de r\u00e9sistance \u00e0 la perforation, avec une gamme de param\u00e8tres pour s&#039;adapter \u00e0 diff\u00e9rents mat\u00e9riaux :<\/p>\n<table>\n<tbody>\n<tr>\n<td width=\"192\">Plage de test<\/td>\n<td width=\"406\">(1~48) J<\/td>\n<\/tr>\n<tr>\n<td width=\"192\">Quatre vitesses<\/td>\n<td width=\"406\">A \uff1c6J; B \uff1c12J; C \uff1c24J; D \uff1c48J<\/td>\n<\/tr>\n<tr>\n<td width=\"192\">R\u00e9solution<\/td>\n<td width=\"406\">0,001 J<\/td>\n<\/tr>\n<tr>\n<td width=\"192\">Taille de l&#039;\u00e9chantillon<\/td>\n<td width=\"406\">175*175mm<\/td>\n<\/tr>\n<tr>\n<td width=\"192\">T\u00eate de pression<\/td>\n<td width=\"406\">(100\u00b12) Kpa<\/td>\n<\/tr>\n<tr>\n<td width=\"192\">R\u00e9sistance du manchon de friction<\/td>\n<td width=\"406\">&lt; 0,25 J<\/td>\n<\/tr>\n<tr>\n<td width=\"192\">T\u00eate pyramidale<\/td>\n<td width=\"406\">Longueur du bord 60 mm \u00d7 60 mm \u00d7 60 mm Hauteur 25 \u00b1 0,7 mm<\/td>\n<\/tr>\n<tr>\n<td width=\"192\">Dimension<\/td>\n<td width=\"406\">900*410*800mm<\/td>\n<\/tr>\n<tr>\n<td width=\"192\">Pouvoir<\/td>\n<td width=\"406\">CA 220 V 50 Hz<\/td>\n<\/tr>\n<tr>\n<td width=\"192\">Poids<\/td>\n<td width=\"406\">110 kg<\/td>\n<\/tr>\n<\/tbody>\n<\/table>\n<h3><strong>Avantages de l&#039;utilisation du PST-01 pour les tests de mat\u00e9riaux<\/strong><\/h3>\n<p>L&#039;\u00e9quipement de test de r\u00e9sistance \u00e0 la perforation PST-01 offre des avantages \u00e9vidents aux entreprises qui cherchent \u00e0 garantir la durabilit\u00e9 des produits et \u00e0 respecter les normes de l&#039;industrie :<\/p>\n<ul>\n<li><strong>Pr\u00e9cision am\u00e9lior\u00e9e<\/strong>:Le contr\u00f4le par micro-ordinateur et la haute r\u00e9solution rendent le PST-01 exceptionnellement pr\u00e9cis, r\u00e9duisant les erreurs humaines et garantissant des r\u00e9sultats coh\u00e9rents.<\/li>\n<li><strong>Productivit\u00e9 accrue<\/strong>:Avec une mesure automatis\u00e9e et un affichage des r\u00e9sultats en temps r\u00e9el, cet instrument acc\u00e9l\u00e8re le processus de test, aidant les entreprises \u00e0 obtenir un contr\u00f4le qualit\u00e9 plus rapide sans compromettre la pr\u00e9cision.<\/li>\n<li><strong>Conformit\u00e9 aux normes ISO et internationales<\/strong>:Conform\u00e9ment aux normes ISO 3036, TAPPI T803 et plus encore, le PST-01 garantit que vos produits r\u00e9pondent \u00e0 des normes internationales strictes, renfor\u00e7ant ainsi la confiance dans la qualit\u00e9 des mat\u00e9riaux.<\/li>\n<\/ul>\n<h3><strong>Pourquoi choisir l&#039;\u00e9quipement de test de r\u00e9sistance \u00e0 la perforation PST-01 pour la conformit\u00e9 \u00e0 la norme ISO 3036<\/strong><\/h3>\n<p>Le PST-01 est le choix id\u00e9al pour les entreprises souhaitant se conformer aux normes ISO 3036, ce qui en fait un outil essentiel pour l&#039;emballage, les tests de mat\u00e9riaux et l&#039;assurance qualit\u00e9 des produits. En fournissant des r\u00e9sultats pr\u00e9cis et coh\u00e9rents dans les tests de r\u00e9sistance \u00e0 la perforation, le PST-01 contribue \u00e0 maintenir des normes \u00e9lev\u00e9es dans les processus de production et de contr\u00f4le qualit\u00e9. Sa durabilit\u00e9, sa polyvalence et son adh\u00e9sion \u00e0 la norme ISO 3036 en font un investissement essentiel pour les industries ax\u00e9es sur l&#039;int\u00e9grit\u00e9 des produits.<\/p>\n<h4><strong>Questions fr\u00e9quemment pos\u00e9es (FAQ)<\/strong><\/h4>\n<ol>\n<li><strong>Quel est le but de la norme ISO 3036 dans les essais de r\u00e9sistance \u00e0 la perforation ?<\/strong>\n<ul>\n<li>La norme ISO 3036 sp\u00e9cifie des m\u00e9thodes de mesure de la r\u00e9sistance \u00e0 la perforation afin de garantir que les mat\u00e9riaux r\u00e9pondent aux normes de durabilit\u00e9, essentielles pour un emballage de haute qualit\u00e9.<\/li>\n<\/ul>\n<\/li>\n<li><strong>Le PST-01 peut-il \u00eatre utilis\u00e9 pour des mat\u00e9riaux autres que des emballages ?<\/strong>\n<ul>\n<li>Oui, bien qu\u2019il soit principalement utilis\u00e9 pour l\u2019emballage, le PST-01 peut tester une vari\u00e9t\u00e9 de mat\u00e9riaux dans des domaines tels que les dispositifs m\u00e9dicaux, les textiles et l\u2019\u00e9lectronique.<\/li>\n<\/ul>\n<\/li>\n<li><strong>Comment fonctionne le r\u00e9glage \u00e0 quatre vitesses ?<\/strong>\n<ul>\n<li>Le PST-01 dispose de quatre vitesses s\u00e9lectionnables en fonction de la r\u00e9sistance du mat\u00e9riau, ce qui lui permet d&#039;ajuster la plage de test de forces inf\u00e9rieures \u00e0 sup\u00e9rieures pour des r\u00e9sultats optimis\u00e9s.<\/li>\n<\/ul>\n<\/li>\n<li><strong>Quelle est la force maximale que le PST-01 peut mesurer ?<\/strong>\n<ul>\n<li>Le PST-01 peut mesurer jusqu&#039;\u00e0 48 J, ce qui le rend adapt\u00e9 aux mat\u00e9riaux \u00e0 haute r\u00e9sistance \u00e0 la perforation.<\/li>\n<\/ul>\n<\/li>\n<li><strong>Le PST-01 fournit-il un stockage de donn\u00e9es num\u00e9riques ?<\/strong>\n<ul>\n<li>Oui, il inclut des capacit\u00e9s de stockage et d\u2019impression de donn\u00e9es, ce qui facilite la conservation d\u2019enregistrements de test pr\u00e9cis et l\u2019analyse des donn\u00e9es au fil du temps.<\/li>\n<\/ul>\n<\/li>\n<\/ol>","protected":false},"excerpt":{"rendered":"<p>L&#039;\u00e9quipement de test de r\u00e9sistance \u00e0 la perforation PST-01 est un instrument avanc\u00e9 con\u00e7u pour \u00e9valuer la durabilit\u00e9 et la r\u00e9sistance \u00e0 la perforation des cartons et des mat\u00e9riaux ondul\u00e9s. Cet outil de test mesure l&#039;\u00e9nergie n\u00e9cessaire pour percer un \u00e9chantillon, \u00e9valuant avec pr\u00e9cision l&#039;\u00e9nergie n\u00e9cessaire pour d\u00e9chirer et plier le mat\u00e9riau. Le PST-01 permet de garantir que les emballages et autres mat\u00e9riaux r\u00e9pondent \u00e0 des normes rigoureuses de qualit\u00e9 et de r\u00e9sistance, ce qui le rend id\u00e9al pour toute une gamme d&#039;industries o\u00f9 l&#039;int\u00e9grit\u00e9 du mat\u00e9riau est essentielle.<\/p>","protected":false},"featured_media":6187,"comment_status":"closed","ping_status":"closed","template":"","meta":{"site-sidebar-layout":"default","site-content-layout":"default","ast-global-header-display":"","ast-main-header-display":"","ast-hfb-above-header-display":"","ast-hfb-below-header-display":"","ast-hfb-mobile-header-display":"","site-post-title":"","ast-breadcrumbs-content":"","ast-featured-img":"","footer-sml-layout":"","theme-transparent-header-meta":"default","adv-header-id-meta":"","stick-header-meta":"","header-above-stick-meta":"","header-main-stick-meta":"","header-below-stick-meta":""},"product_cat":[845,1086,958,1087,44,95],"product_tag":[],"class_list":{"0":"post-5286","1":"product","2":"type-product","3":"status-publish","4":"has-post-thumbnail","6":"product_cat-customization","7":"product_cat-iso-3036","8":"product_cat-puncture-tester","9":"product_cat-tappi-t803","10":"product_cat-paper-and-board-testers","11":"product_cat-products","12":"desktop-align-left","13":"tablet-align-left","14":"mobile-align-left","16":"first","17":"instock","18":"shipping-taxable","19":"product-type-simple"},"_links":{"self":[{"href":"https:\/\/www.qualitester.com\/fr\/wp-json\/wp\/v2\/product\/5286","targetHints":{"allow":["GET"]}}],"collection":[{"href":"https:\/\/www.qualitester.com\/fr\/wp-json\/wp\/v2\/product"}],"about":[{"href":"https:\/\/www.qualitester.com\/fr\/wp-json\/wp\/v2\/types\/product"}],"replies":[{"embeddable":true,"href":"https:\/\/www.qualitester.com\/fr\/wp-json\/wp\/v2\/comments?post=5286"}],"version-history":[{"count":0,"href":"https:\/\/www.qualitester.com\/fr\/wp-json\/wp\/v2\/product\/5286\/revisions"}],"wp:featuredmedia":[{"embeddable":true,"href":"https:\/\/www.qualitester.com\/fr\/wp-json\/wp\/v2\/media\/6187"}],"wp:attachment":[{"href":"https:\/\/www.qualitester.com\/fr\/wp-json\/wp\/v2\/media?parent=5286"}],"wp:term":[{"taxonomy":"product_cat","embeddable":true,"href":"https:\/\/www.qualitester.com\/fr\/wp-json\/wp\/v2\/product_cat?post=5286"},{"taxonomy":"product_tag","embeddable":true,"href":"https:\/\/www.qualitester.com\/fr\/wp-json\/wp\/v2\/product_tag?post=5286"}],"curies":[{"name":"wp","href":"https:\/\/api.w.org\/{rel}","templated":true}]}}