{"id":5283,"date":"2024-11-08T10:12:37","date_gmt":"2024-11-08T02:12:37","guid":{"rendered":"https:\/\/www.qualitester.com\/?post_type=product&#038;p=5283"},"modified":"2024-12-05T10:40:19","modified_gmt":"2024-12-05T02:40:19","slug":"sale-paper-dirt-tester-iso-5350-pulps","status":"publish","type":"product","link":"https:\/\/www.qualitester.com\/fr\/produit\/sale-paper-dirt-tester-iso-5350-pulps\/","title":{"rendered":"Testeur de salet\u00e9 de papier PDT-01"},"content":{"rendered":"<h2><strong>Introduction au testeur de salet\u00e9 du papier<\/strong><\/h2>\n<p>Le <strong>Testeur de salet\u00e9 de papier PDT-01<\/strong> est un instrument essentiel pour mesurer la teneur en salet\u00e9 du papier et du carton. Con\u00e7u conform\u00e9ment \u00e0 des normes de qualit\u00e9 strictes, notamment <strong>ISO 5350<\/strong>, ce testeur fournit une d\u00e9tection pr\u00e9cise de la salet\u00e9 pour garantir des mat\u00e9riaux d&#039;impression et d&#039;emballage de haute qualit\u00e9. En identifiant les impuret\u00e9s qui pourraient d\u00e9grader l&#039;apparence et les performances des produits en papier, le PDT-01 am\u00e9liore le contr\u00f4le qualit\u00e9 dans les industries o\u00f9 la pr\u00e9sentation est primordiale.<\/p>\n<h2><strong>Importance des tests de salissure dans le papier et le carton<\/strong><\/h2>\n<p>La salet\u00e9 et les autres impuret\u00e9s pr\u00e9sentes dans le papier peuvent affecter consid\u00e9rablement la qualit\u00e9 du produit, en particulier dans les industries qui d\u00e9pendent d&#039;une impression claire et pr\u00e9cise. La pr\u00e9sence de taches noires, jaunes ou brunes peut compromettre la valeur esth\u00e9tique et fonctionnelle du papier, affectant tout, de l&#039;emballage du produit aux documents imprim\u00e9s. Pour les applications impliquant du papier couch\u00e9, du carton et du tableau blanc, en particulier dans l&#039;impression couleur, il est essentiel de maintenir de faibles niveaux de salet\u00e9 pour des r\u00e9sultats clairs et \u00e9clatants. Le testeur de salet\u00e9 du papier PDT-01 est un outil essentiel pour d\u00e9tecter et quantifier ces impuret\u00e9s, permettant aux fabricants de maintenir les normes de qualit\u00e9 les plus \u00e9lev\u00e9es.<\/p>\n<h2><strong>Aper\u00e7u de <a href=\"https:\/\/www.iso.org\/standard\/39716.html\" target=\"_blank\" rel=\"noopener nofollow\">ISO 5350<\/a> et normes connexes<\/strong><\/h2>\n<p><a href=\"https:\/\/www.qualitester.com\/fr\/categorie-produit\/iso\/iso-5350\/\" target=\"_blank\" rel=\"noopener\">ISO 5350<\/a> est une norme internationale sp\u00e9cifiant les m\u00e9thodes de d\u00e9termination des niveaux de salet\u00e9 dans la p\u00e2te, le papier et le carton. En suivant les directives de la norme ISO 5350, les fabricants peuvent garantir une mesure de la salet\u00e9 coh\u00e9rente et fiable, favorisant une production de haute qualit\u00e9 et la satisfaction des clients. Les normes suppl\u00e9mentaires relatives \u00e0 la mesure de la salet\u00e9 dans le papier comprennent :<\/p>\n<ul>\n<li><strong>TAPPI\/ANSI T437<\/strong>:D\u00e9finit les m\u00e9thodes am\u00e9ricaines de d\u00e9termination visuelle de la salet\u00e9 dans le papier et le carton.<\/li>\n<li><strong>TAPPI T213<\/strong>:Se concentre sur les m\u00e9thodes de comptage de salet\u00e9s sp\u00e9cifiquement pour le papier non couch\u00e9, contribuant \u00e0 une qualit\u00e9 d&#039;impression \u00e9lev\u00e9e.<\/li>\n<li><strong>GB\/T 1541<\/strong>:Une norme chinoise pour \u00e9valuer les niveaux de salet\u00e9 dans le papier et le carton, fournissant des r\u00e9f\u00e9rences pour la fabrication nationale.<\/li>\n<\/ul>\n<p>En s&#039;alignant sur ces normes, le testeur de salet\u00e9 de papier PDT-01 offre conformit\u00e9 et fiabilit\u00e9 sur les march\u00e9s mondiaux.<\/p>\n<h2><strong>Caract\u00e9ristiques et sp\u00e9cifications du testeur de salet\u00e9 de papier PDT-01<\/strong><\/h2>\n<p><strong>\u00c9clairage<\/strong>:\u00c9quip\u00e9 d&#039;une lampe fluorescente AC 220 V, 20 W, assurant un \u00e9clairage lumineux et uniforme pour identifier clairement les particules de salet\u00e9.<\/p>\n<ul>\n<li><strong>Angle d&#039;\u00e9clairage<\/strong>:R\u00e9glez \u00e0 un angle de 60\u00b0 pour maintenir une distribution lumineuse uniforme sur l&#039;\u00e9chantillon.<\/li>\n<li><strong>Zone de travail<\/strong>:Une zone de test spacieuse de 0,0625 m\u00b2, enti\u00e8rement rotative \u00e0 360\u00b0, permettant aux utilisateurs d&#039;inspecter minutieusement chaque section de l&#039;\u00e9chantillon.<\/li>\n<li><strong>Gamme d&#039;images de salet\u00e9 standard<\/strong>:Capable de mesurer des particules de salet\u00e9 allant de 0,05 \u00e0 5,0 mm\u00b2, offrant une d\u00e9tection pr\u00e9cise sur une vari\u00e9t\u00e9 de types et de tailles de salet\u00e9.<\/li>\n<li><strong>Alimentation \u00e9lectrique<\/strong>:Fonctionne sur 220 V CA, 50 Hz, compatible avec les syst\u00e8mes d&#039;alimentation standard pour une utilisation facile en laboratoire et en milieu industriel.<\/li>\n<\/ul>\n<p>Ces caract\u00e9ristiques font du PDT-01 une solution efficace et pr\u00e9cise pour les tests et l\u2019assurance qualit\u00e9.<\/p>\n<h2><strong>Domaines d&#039;application<\/strong><\/h2>\n<p>Le testeur de salet\u00e9 de papier PDT-01 est utilis\u00e9 dans un large \u00e9ventail d&#039;industries, notamment :<\/p>\n<ul>\n<li><strong>Conditionnement<\/strong>: V\u00e9rifie la qualit\u00e9 du papier dans les bo\u00eetes, les emballages et autres solutions d&#039;emballage.<\/li>\n<li><strong>Impression<\/strong>:Garantit des applications d\u2019impression de haute qualit\u00e9 en v\u00e9rifiant la puret\u00e9 du papier et en minimisant les imperfections.<\/li>\n<li><strong>Agences de contr\u00f4le de la qualit\u00e9<\/strong>:Aide \u00e0 maintenir la conformit\u00e9 aux normes de l\u2019industrie, garantissant une qualit\u00e9 constante du papier et du carton.<\/li>\n<\/ul>\n<h2><strong>M\u00e9thodologie de test pour le testeur de salet\u00e9 du papier<\/strong><\/h2>\n<p>Le processus de test de la salet\u00e9 du papier est simple mais complet. La m\u00e9thodologie de test comprend :<\/p>\n<ul>\n<li>Pr\u00e9paration d&#039;un \u00e9chantillon de papier ou de carton pour les tests.<\/li>\n<li>Positionnement de l&#039;\u00e9chantillon dans la zone de travail du testeur, enti\u00e8rement rotative pour une visibilit\u00e9 compl\u00e8te.<\/li>\n<li>Illumination de l&#039;\u00e9chantillon sous une lumi\u00e8re fluorescente \u00e0 60\u00b0 et inspection visuelle des impuret\u00e9s.<\/li>\n<li>Comparaison de toutes les particules de salet\u00e9 observ\u00e9es avec des images de salet\u00e9 standard conform\u00e9ment \u00e0 <strong>ISO 5350<\/strong> lignes directrices.<\/li>\n<\/ul>\n<p>En suivant cette proc\u00e9dure, le PDT-01 permet une mesure et une cat\u00e9gorisation pr\u00e9cises des particules de salet\u00e9.<\/p>\n<h2><strong>Avantages de l&#039;utilisation du testeur de salet\u00e9 de papier PDT-01<\/strong><\/h2>\n<ul>\n<li><strong>Haute pr\u00e9cision<\/strong>:D\u00e9tecte m\u00eame les plus petites particules de salet\u00e9 pour garantir une mesure pr\u00e9cise et une meilleure qualit\u00e9 d&#039;impression.<\/li>\n<li><strong>Conformit\u00e9 aux normes<\/strong>:Adh\u00e8re \u00e0 <strong>ISO 5350<\/strong> et d\u2019autres normes internationales, r\u00e9pondant aux demandes du march\u00e9 mondial et garantissant une production de haute qualit\u00e9.<\/li>\n<li><strong>Conception conviviale<\/strong>:Con\u00e7u pour des tests fr\u00e9quents, avec une construction durable et une interface intuitive qui simplifie le processus de mesure de la salet\u00e9.<\/li>\n<\/ul>\n<h2><strong>Pourquoi la conformit\u00e9 \u00e0 la norme ISO 5350 est importante<\/strong><\/h2>\n<p><a href=\"https:\/\/www.iso.org\/standard\/39716.html\" target=\"_blank\" rel=\"noopener nofollow\">ISO 5350<\/a> La conformit\u00e9 est essentielle pour tout fabricant souhaitant produire des produits en papier et en carton de haute qualit\u00e9. Cette norme garantit des m\u00e9thodes de test coh\u00e9rentes, offrant aux fabricants un moyen fiable d&#039;\u00e9valuer la teneur en salet\u00e9. La conformit\u00e9 \u00e0 la norme ISO 5350 et aux normes connexes renforce \u00e9galement la confiance des clients, car les produits qui r\u00e9pondent \u00e0 ces crit\u00e8res sont connus pour leur qualit\u00e9 et leur fiabilit\u00e9 sup\u00e9rieures.<\/p>\n<h2><strong>FAQ<\/strong><\/h2>\n<ul>\n<li><strong>Q1 : Quelles impuret\u00e9s le testeur de salet\u00e9 du papier peut-il d\u00e9tecter ?<\/strong><br \/>\nLe PDT-01 peut d\u00e9tecter les particules de salet\u00e9 et les impuret\u00e9s telles que les taches noires, jaunes et brunes, qui sont visiblement distinctes de la couleur du papier.<\/li>\n<li><strong>Q2 : Pourquoi la mesure de la salet\u00e9 est-elle importante dans les industries du papier et du carton ?<\/strong><br \/>\nLa mesure de la salet\u00e9 est essentielle pour garantir des r\u00e9sultats d\u2019impression de haute qualit\u00e9, car les impuret\u00e9s peuvent compromettre la qualit\u00e9 visuelle et fonctionnelle des mat\u00e9riaux imprim\u00e9s.<\/li>\n<li><strong>Q3 : Comment la norme ISO 5350 influence-t-elle les normes de test de salet\u00e9 ?<\/strong><br \/>\nLa norme ISO 5350 \u00e9tablit des r\u00e9f\u00e9rences mondiales pour la mesure de la salet\u00e9, offrant coh\u00e9rence et fiabilit\u00e9 dans les m\u00e9thodes de test des produits \u00e0 base de p\u00e2te \u00e0 papier, de papier et de carton.<\/li>\n<li><strong>Q4 : Le PDT-01 peut-il tester la salet\u00e9 sur du papier couch\u00e9 et non couch\u00e9 ?<\/strong><br \/>\nOui, le PDT-01 convient aussi bien au papier couch\u00e9 qu&#039;au papier non couch\u00e9, offrant une flexibilit\u00e9 sur diff\u00e9rents types de papier et de carton.<\/li>\n<li><strong>Q5\u00a0: Quelles sont les exigences d\u2019\u00e9clairage pour le testeur de salet\u00e9 de papier PDT-01\u00a0?<\/strong><br \/>\nLe PDT-01 est \u00e9quip\u00e9 d&#039;une lampe fluorescente de 20 W, fournissant un \u00e9clairage uniforme \u00e0 un angle de 60\u00b0 pour une d\u00e9tection pr\u00e9cise.<\/li>\n<\/ul>\n<div id=\"gtx-anchor\" style=\"position: absolute; visibility: hidden; left: 414.703px; top: 128.922px; width: 75.7188px; height: 19px;\"><\/div>\n<div class=\"jfk-bubble gtx-bubble\" style=\"visibility: visible; left: -215px; top: 158px; opacity: 1;\" role=\"alertdialog\" aria-describedby=\"bubble-4\">\n<div id=\"bubble-4\" class=\"jfk-bubble-content-id\">\n<div id=\"gtx-host\" style=\"min-width: 200px; max-width: 400px;\"><\/div>\n<\/div>\n<div class=\"jfk-bubble-closebtn-id jfk-bubble-closebtn\" tabindex=\"0\" role=\"button\" aria-label=\"Fermer\"><\/div>\n<div class=\"jfk-bubble-arrow-id jfk-bubble-arrow jfk-bubble-arrowup\" style=\"left: 452.703px;\">\n<div class=\"jfk-bubble-arrowimplbefore\"><\/div>\n<div class=\"jfk-bubble-arrowimplafter\"><\/div>\n<\/div>\n<\/div>","protected":false},"excerpt":{"rendered":"<p>Le <strong>Testeur de salet\u00e9 de papier PDT-01<\/strong> est un instrument essentiel pour mesurer la teneur en salet\u00e9 du papier et du carton. Con\u00e7u conform\u00e9ment \u00e0 des normes de qualit\u00e9 strictes, notamment <strong>ISO 5350<\/strong>, ce testeur fournit une d\u00e9tection pr\u00e9cise de la salet\u00e9 pour garantir des mat\u00e9riaux d&#039;impression et d&#039;emballage de haute qualit\u00e9. En identifiant les impuret\u00e9s qui pourraient d\u00e9grader l&#039;apparence et les performances des produits en papier, le PDT-01 am\u00e9liore le contr\u00f4le qualit\u00e9 dans les industries o\u00f9 la pr\u00e9sentation est primordiale.<\/p>","protected":false},"featured_media":6189,"comment_status":"closed","ping_status":"closed","template":"","meta":{"site-sidebar-layout":"default","site-content-layout":"default","ast-global-header-display":"","ast-main-header-display":"","ast-hfb-above-header-display":"","ast-hfb-below-header-display":"","ast-hfb-mobile-header-display":"","site-post-title":"","ast-breadcrumbs-content":"","ast-featured-img":"","footer-sml-layout":"","theme-transparent-header-meta":"default","adv-header-id-meta":"","stick-header-meta":"","header-above-stick-meta":"","header-main-stick-meta":"","header-below-stick-meta":""},"product_cat":[845,953,956,955,1148,954,957,958,952,959,1150,1149,95],"product_tag":[],"class_list":{"0":"post-5283","1":"product","2":"type-product","3":"status-publish","4":"has-post-thumbnail","6":"product_cat-customization","7":"product_cat-bursting-tester","8":"product_cat-cobb-tester","9":"product_cat-crush-tester","10":"product_cat-iso-5350","11":"product_cat-paper-tear-tester","12":"product_cat-plybond-tester","13":"product_cat-puncture-tester","14":"product_cat-rub-tester","15":"product_cat-stiffness-tester","16":"product_cat-tappi-t213","17":"product_cat-tappi-t437","18":"product_cat-products","19":"desktop-align-left","20":"tablet-align-left","21":"mobile-align-left","23":"first","24":"instock","25":"shipping-taxable","26":"product-type-simple"},"_links":{"self":[{"href":"https:\/\/www.qualitester.com\/fr\/wp-json\/wp\/v2\/product\/5283","targetHints":{"allow":["GET"]}}],"collection":[{"href":"https:\/\/www.qualitester.com\/fr\/wp-json\/wp\/v2\/product"}],"about":[{"href":"https:\/\/www.qualitester.com\/fr\/wp-json\/wp\/v2\/types\/product"}],"replies":[{"embeddable":true,"href":"https:\/\/www.qualitester.com\/fr\/wp-json\/wp\/v2\/comments?post=5283"}],"version-history":[{"count":0,"href":"https:\/\/www.qualitester.com\/fr\/wp-json\/wp\/v2\/product\/5283\/revisions"}],"wp:featuredmedia":[{"embeddable":true,"href":"https:\/\/www.qualitester.com\/fr\/wp-json\/wp\/v2\/media\/6189"}],"wp:attachment":[{"href":"https:\/\/www.qualitester.com\/fr\/wp-json\/wp\/v2\/media?parent=5283"}],"wp:term":[{"taxonomy":"product_cat","embeddable":true,"href":"https:\/\/www.qualitester.com\/fr\/wp-json\/wp\/v2\/product_cat?post=5283"},{"taxonomy":"product_tag","embeddable":true,"href":"https:\/\/www.qualitester.com\/fr\/wp-json\/wp\/v2\/product_tag?post=5283"}],"curies":[{"name":"wp","href":"https:\/\/api.w.org\/{rel}","templated":true}]}}