{"id":5269,"date":"2024-11-07T10:50:14","date_gmt":"2024-11-07T02:50:14","guid":{"rendered":"https:\/\/www.qualitester.com\/?post_type=product&#038;p=5269"},"modified":"2024-12-05T10:07:17","modified_gmt":"2024-12-05T02:07:17","slug":"sale-cobb-tester-paper-water-absorption","status":"publish","type":"product","link":"https:\/\/www.qualitester.com\/fr\/produit\/sale-cobb-tester-paper-water-absorption\/","title":{"rendered":"Testeur COBB-01"},"content":{"rendered":"<h2><strong>Introduction au testeur COBB<\/strong><\/h2>\n<p>Le testeur COBB-01 est un instrument pr\u00e9cis con\u00e7u pour mesurer la capacit\u00e9 d&#039;absorption d&#039;eau du papier et du carton \u00e0 l&#039;aide de la m\u00e9thode Cobb largement reconnue. Il est essentiel pour d\u00e9terminer la r\u00e9sistance \u00e0 l&#039;eau des mat\u00e9riaux utilis\u00e9s dans les applications d&#039;emballage et d&#039;impression, en fournissant des mesures fiables pour garantir la qualit\u00e9 du produit. Le testeur COBB-01 est particuli\u00e8rement adapt\u00e9 au calibrage du papier et au test d&#039;absorption d&#039;eau sur les surfaces en carton, bien qu&#039;il ne soit pas recommand\u00e9 pour tester le papier non coll\u00e9 ou de faible grammage avec un grammage inf\u00e9rieur \u00e0 50 g\/m\u00b2.<\/p>\n<h2><strong>Pourquoi les tests d&#039;absorption d&#039;eau sont-ils importants pour le papier et les mat\u00e9riaux d&#039;emballage ?<\/strong><\/h2>\n<p>L&#039;absorption d&#039;eau est un facteur essentiel pour d\u00e9terminer les performances du papier et du carton, en particulier pour l&#039;emballage et l&#039;impression. Une absorption d&#039;eau \u00e9lev\u00e9e peut avoir un impact sur la durabilit\u00e9, l&#039;imprimabilit\u00e9 et l&#039;int\u00e9grit\u00e9 structurelle des mat\u00e9riaux expos\u00e9s \u00e0 l&#039;humidit\u00e9. En \u00e9valuant la r\u00e9sistance \u00e0 l&#039;eau, les fabricants peuvent prendre des d\u00e9cisions \u00e9clair\u00e9es sur l&#039;ad\u00e9quation des mat\u00e9riaux \u00e0 l&#039;usage pr\u00e9vu, r\u00e9duisant ainsi les d\u00e9faillances des produits et am\u00e9liorant la satisfaction des clients. Le testeur COBB-01 COBB permet de r\u00e9pondre \u00e0 ces exigences en fournissant des mesures d&#039;absorption d&#039;eau pr\u00e9cises et r\u00e9p\u00e9tables.<\/p>\n<h2><strong>Comprendre la valeur du COBB<\/strong><\/h2>\n<p>La valeur COBB quantifie la quantit\u00e9 d&#039;eau absorb\u00e9e par une zone sp\u00e9cifique de papier ou de carton dans des conditions normalis\u00e9es, exprim\u00e9e en grammes par m\u00e8tre carr\u00e9 (g\/m\u00b2). Cette mesure est essentielle pour \u00e9valuer le degr\u00e9 d&#039;encollage (r\u00e9sistance \u00e0 l&#039;eau) du papier, permettant un contr\u00f4le qualit\u00e9 efficace. En utilisant le testeur COBB-01, les fabricants peuvent s&#039;assurer que leurs mat\u00e9riaux r\u00e9pondent aux sp\u00e9cifications d&#039;absorption d&#039;eau requises, am\u00e9liorant ainsi la fiabilit\u00e9 et les performances du produit.<\/p>\n<h2><strong>Normes d&#039;essai pour les tests d&#039;absorption d&#039;eau<\/strong><\/h2>\n<h3><strong><a href=\"https:\/\/www.iso.org\/standard\/61486.html\" target=\"_blank\" rel=\"noopener nofollow\">ISO 535<\/a> et <a href=\"https:\/\/www.tappi.org\/content\/tag\/sarg\/t441.pdf\" target=\"_blank\" rel=\"noopener nofollow\">TAPPI T441<\/a> Conformit\u00e9<\/strong><\/h3>\n<p>Le testeur COBB-01 est conforme aux normes internationales <strong>ISO 535<\/strong> et <strong>TAPPI T441<\/strong>, garantissant des mesures pr\u00e9cises et coh\u00e9rentes dans divers sc\u00e9narios de test.<\/p>\n<ul>\n<li><a href=\"https:\/\/www.qualitester.com\/fr\/categorie-produit\/iso\/iso-535\/\" target=\"_blank\" rel=\"noopener\"><strong>ISO 535<\/strong><\/a>:Cette norme d\u00e9finit la proc\u00e9dure de test de l&#039;absorption d&#039;eau des mat\u00e9riaux en papier et en carton, \u00e9tablissant une r\u00e9f\u00e9rence pour des r\u00e9sultats pr\u00e9cis de la valeur Cobb. Elle sp\u00e9cifie les param\u00e8tres de test, la pr\u00e9paration des \u00e9chantillons et les conditions environnementales pour fournir des mesures r\u00e9p\u00e9tables et fiables.<\/li>\n<li><a href=\"https:\/\/www.qualitester.com\/fr\/categorie-produit\/tappi\/tappi-t441\/\" target=\"_blank\" rel=\"noopener\"><strong>TAPPI T441<\/strong><\/a>:Largement utilis\u00e9e dans les industries du papier et de l&#039;emballage, cette norme compl\u00e8te la norme ISO 535 en d\u00e9taillant la m\u00e9thode d&#039;essai d&#039;absorption d&#039;eau pour le papier et le carton. La norme TAPPI T441 sp\u00e9cifie des proc\u00e9dures qui fournissent des r\u00e9sultats fiables et comparables, ce qui la rend id\u00e9ale pour le contr\u00f4le qualit\u00e9 dans les applications d&#039;emballage et d&#039;impression.<\/li>\n<\/ul>\n<h2><strong>Testeur COBB-01 : principales caract\u00e9ristiques et avantages<\/strong><\/h2>\n<ul>\n<li><strong>Construction en acier inoxydable<\/strong>:Fabriqu\u00e9 en acier inoxydable de haute qualit\u00e9, le testeur COBB-01 COBB est durable et r\u00e9sistant \u00e0 la corrosion, garantissant une fiabilit\u00e9 \u00e0 long terme et des performances constantes dans n&#039;importe quel environnement de test.<\/li>\n<li><strong>Rouleau m\u00e9tallique conforme aux normes<\/strong>:Le testeur comprend un rouleau m\u00e9tallique con\u00e7u pour r\u00e9pondre aux normes de l&#039;industrie, offrant une application de pression uniforme sur la surface de l&#039;\u00e9chantillon pour garantir des r\u00e9sultats pr\u00e9cis et r\u00e9p\u00e9tables.<\/li>\n<li><strong>Coupe-\u00e9chantillon COBB (en option)<\/strong>:Pour faciliter la pr\u00e9paration pr\u00e9cise et coh\u00e9rente des \u00e9chantillons, un coupe-\u00e9chantillon COBB en option est disponible. Cet accessoire am\u00e9liore la pr\u00e9cision des \u00e9chantillons, contribuant ainsi \u00e0 la coh\u00e9rence et \u00e0 la fiabilit\u00e9 des r\u00e9sultats des tests.<\/li>\n<\/ul>\n<h2><strong>Sp\u00e9cifications techniques et m\u00e9thodes d&#039;essai<\/strong><\/h2>\n<p>Le testeur COBB-01 fournit des mesures pr\u00e9cises et coh\u00e9rentes en suivant la m\u00e9thode Cobb. Le test comprend les \u00e9tapes suivantes :<\/p>\n<ol>\n<li><strong>Placement d&#039;\u00e9chantillons<\/strong>: Placez l&#039;\u00e9chantillon de papier ou de carton sur la plate-forme du testeur.<\/li>\n<li><strong>Application de l&#039;eau<\/strong>:Appliquer une quantit\u00e9 sp\u00e9cifique d\u2019eau \u00e0 l\u2019\u00e9chantillon dans des conditions contr\u00f4l\u00e9es.<\/li>\n<li><strong>Temps d&#039;absorption<\/strong>: Laissez l\u2019\u00e9chantillon absorber l\u2019eau pendant un temps d\u00e9fini (conform\u00e9ment aux directives ISO 535 ou TAPPI T441).<\/li>\n<li><strong>\u00c9limination et mesure de l&#039;eau<\/strong>:Utilisez le rouleau standard pour \u00e9liminer l&#039;exc\u00e8s d&#039;eau, puis mesurez l&#039;eau absorb\u00e9e, repr\u00e9sent\u00e9e par la valeur COBB (g\/m\u00b2).<\/li>\n<\/ol>\n<p>Ce processus garantit que les fabricants re\u00e7oivent des mesures fiables et conformes aux normes internationales, permettant un contr\u00f4le qualit\u00e9 efficace.<\/p>\n<h2><strong>Applications du testeur COBB dans tous les secteurs<\/strong><\/h2>\n<p>Le testeur COBB-01 est largement utilis\u00e9 dans diverses industries o\u00f9 la qualit\u00e9 du papier et du carton est essentielle, notamment :<\/p>\n<ul>\n<li><strong>Conditionnement<\/strong>: Assure des mat\u00e9riaux r\u00e9sistants \u00e0 l&#039;humidit\u00e9 pour l&#039;emballage des produits, en particulier pour les aliments, les produits pharmaceutiques et autres produits sensibles.<\/li>\n<li><strong>Imprimerie et \u00e9dition<\/strong>: V\u00e9rifie la capacit\u00e9 d&#039;absorption du papier pour maintenir la qualit\u00e9 d&#039;impression et l&#039;adh\u00e9rence de l&#039;encre.<\/li>\n<li><strong>Agences de contr\u00f4le de la qualit\u00e9<\/strong>:Permet des tests d&#039;absorption d&#039;eau pr\u00e9cis pour r\u00e9pondre aux normes de l&#039;industrie et fournir une v\u00e9rification \u00e0 des fins de conformit\u00e9.<\/li>\n<\/ul>\n<h2><strong>Questions fr\u00e9quemment pos\u00e9es (FAQ)<\/strong><\/h2>\n<ol>\n<li><strong>Qu&#039;est-ce que la m\u00e9thode COBB de test d&#039;absorption d&#039;eau ?<\/strong><br \/>\nLa m\u00e9thode COBB mesure l&#039;absorption d&#039;eau du papier et du carton en d\u00e9terminant la quantit\u00e9 d&#039;eau absorb\u00e9e sur une p\u00e9riode de temps sp\u00e9cifique dans des conditions contr\u00f4l\u00e9es.<\/li>\n<li><strong>Comment le testeur COBB COBB-01 est-il conforme aux normes ISO 535 et TAPPI T441 ?<\/strong><br \/>\nLe testeur est con\u00e7u pour r\u00e9pondre aux exigences proc\u00e9durales d\u00e9crites dans les normes ISO 535 et TAPPI T441, fournissant des mesures d&#039;absorption d&#039;eau standardis\u00e9es et fiables.<\/li>\n<li><strong>Quelle est la valeur COBB et pourquoi est-elle importante ?<\/strong><br \/>\nLa valeur COBB repr\u00e9sente la masse d&#039;eau absorb\u00e9e par une surface de papier ou de carton par unit\u00e9 de surface, essentielle pour \u00e9valuer la r\u00e9sistance \u00e0 l&#039;eau des mat\u00e9riaux utilis\u00e9s dans l&#039;emballage et l&#039;impression.<\/li>\n<li><strong>Quels types de papier et de carton peuvent \u00eatre test\u00e9s avec le COBB-01 ?<\/strong><br \/>\nLe COBB-01 convient au dimensionnement des surfaces en papier et en carton, mais n&#039;est pas recommand\u00e9 pour le papier \u00e0 faible grammage, non dimensionn\u00e9 ou gaufr\u00e9 avec de nombreux trous d&#039;\u00e9pingle.<\/li>\n<li><strong>Comment le rouleau m\u00e9tallique contribue-t-il \u00e0 la pr\u00e9cision des tests ?<\/strong><br \/>\nLe rouleau assure une pression uniforme pendant l&#039;\u00e9limination de l&#039;eau, am\u00e9liorant ainsi la pr\u00e9cision et la coh\u00e9rence des r\u00e9sultats en \u00e9liminant l&#039;exc\u00e8s d&#039;eau uniform\u00e9ment sur l&#039;\u00e9chantillon.<\/li>\n<\/ol>","protected":false},"excerpt":{"rendered":"<p>Le testeur COBB-01 est un instrument pr\u00e9cis con\u00e7u pour mesurer la capacit\u00e9 d&#039;absorption d&#039;eau du papier et du carton \u00e0 l&#039;aide de la m\u00e9thode Cobb largement reconnue. Il est essentiel pour d\u00e9terminer la r\u00e9sistance \u00e0 l&#039;eau des mat\u00e9riaux utilis\u00e9s dans les applications d&#039;emballage et d&#039;impression, en fournissant des mesures fiables pour garantir la qualit\u00e9 du produit.<\/p>","protected":false},"featured_media":6176,"comment_status":"closed","ping_status":"closed","template":"","meta":{"site-sidebar-layout":"default","site-content-layout":"default","ast-global-header-display":"","ast-main-header-display":"","ast-hfb-above-header-display":"","ast-hfb-below-header-display":"","ast-hfb-mobile-header-display":"","site-post-title":"","ast-breadcrumbs-content":"","ast-featured-img":"","footer-sml-layout":"","theme-transparent-header-meta":"default","adv-header-id-meta":"","stick-header-meta":"","header-above-stick-meta":"","header-main-stick-meta":"","header-below-stick-meta":""},"product_cat":[845,953,956,955,1079,954,957,958,952,959,1147,95],"product_tag":[],"class_list":{"0":"post-5269","1":"product","2":"type-product","3":"status-publish","4":"has-post-thumbnail","6":"product_cat-customization","7":"product_cat-bursting-tester","8":"product_cat-cobb-tester","9":"product_cat-crush-tester","10":"product_cat-iso-535","11":"product_cat-paper-tear-tester","12":"product_cat-plybond-tester","13":"product_cat-puncture-tester","14":"product_cat-rub-tester","15":"product_cat-stiffness-tester","16":"product_cat-tappi-t441","17":"product_cat-products","18":"desktop-align-left","19":"tablet-align-left","20":"mobile-align-left","22":"first","23":"instock","24":"shipping-taxable","25":"product-type-simple"},"_links":{"self":[{"href":"https:\/\/www.qualitester.com\/fr\/wp-json\/wp\/v2\/product\/5269","targetHints":{"allow":["GET"]}}],"collection":[{"href":"https:\/\/www.qualitester.com\/fr\/wp-json\/wp\/v2\/product"}],"about":[{"href":"https:\/\/www.qualitester.com\/fr\/wp-json\/wp\/v2\/types\/product"}],"replies":[{"embeddable":true,"href":"https:\/\/www.qualitester.com\/fr\/wp-json\/wp\/v2\/comments?post=5269"}],"version-history":[{"count":0,"href":"https:\/\/www.qualitester.com\/fr\/wp-json\/wp\/v2\/product\/5269\/revisions"}],"wp:featuredmedia":[{"embeddable":true,"href":"https:\/\/www.qualitester.com\/fr\/wp-json\/wp\/v2\/media\/6176"}],"wp:attachment":[{"href":"https:\/\/www.qualitester.com\/fr\/wp-json\/wp\/v2\/media?parent=5269"}],"wp:term":[{"taxonomy":"product_cat","embeddable":true,"href":"https:\/\/www.qualitester.com\/fr\/wp-json\/wp\/v2\/product_cat?post=5269"},{"taxonomy":"product_tag","embeddable":true,"href":"https:\/\/www.qualitester.com\/fr\/wp-json\/wp\/v2\/product_tag?post=5269"}],"curies":[{"name":"wp","href":"https:\/\/api.w.org\/{rel}","templated":true}]}}