{"id":5247,"date":"2024-11-06T13:22:00","date_gmt":"2024-11-06T05:22:00","guid":{"rendered":"https:\/\/www.qualitester.com\/?post_type=product&#038;p=5247"},"modified":"2024-12-05T15:33:06","modified_gmt":"2024-12-05T07:33:06","slug":"sale-tape-holding-power-tester","status":"publish","type":"product","link":"https:\/\/www.qualitester.com\/fr\/produit\/sale-tape-holding-power-tester\/","title":{"rendered":"Testeur d&#039;adh\u00e9rence durable LAT-01"},"content":{"rendered":"<h2><strong>Introduction du testeur de pouvoir de r\u00e9tention de ruban adh\u00e9sif<\/strong><\/h2>\n<p>Le <strong>Testeur de force de maintien de bande<\/strong> est un instrument de test essentiel con\u00e7u pour mesurer la force d'adh\u00e9sion des rubans adh\u00e9sifs et des \u00e9tiquettes dans des conditions de charge constante. Il \u00e9value la capacit\u00e9 des rubans adh\u00e9sifs \u00e0 r\u00e9sister au glissement et \u00e0 maintenir leur adh\u00e9rence lorsqu'ils sont soumis \u00e0 des contraintes, ce qui en fait un outil essentiel pour les industries qui d\u00e9pendent des performances des rubans adh\u00e9sifs, telles que l'emballage, le secteur m\u00e9dical, les produits pharmaceutiques, etc.<\/p>\n<p>Ce testeur constitue un moyen fiable d'\u00e9valuer la stabilit\u00e9 et la durabilit\u00e9 \u00e0 long terme des rubans, en veillant \u00e0 ce qu'ils respectent les normes requises pour diverses applications. Il permet de d\u00e9terminer dans quelle mesure les rubans restent coll\u00e9s aux surfaces, m\u00eame dans des conditions difficiles, offrant ainsi des informations essentielles sur leurs performances au fil du temps.<\/p>\n<h2><strong>Application du testeur de pouvoir de r\u00e9tention du ruban adh\u00e9sif<\/strong><\/h2>\n<p>Le <strong>Testeur de force de maintien de bande<\/strong> est couramment utilis\u00e9 dans les industries suivantes :<\/p>\n<ul>\n<li><strong>Emballage :<\/strong> Garantit que les rubans utilis\u00e9s dans les mat\u00e9riaux d'emballage conservent leurs propri\u00e9t\u00e9s adh\u00e9sives pendant le transport et le stockage.<\/li>\n<li><strong>M\u00e9dical et pharmaceutique :<\/strong> V\u00e9rifie la force adh\u00e9sive des rubans m\u00e9dicaux, des bandages et des mat\u00e9riaux d'emballage pharmaceutique.<\/li>\n<li><strong>Adh\u00e9sifs :<\/strong> Essentiel pour tester les performances des adh\u00e9sifs sensibles \u00e0 la pression utilis\u00e9s dans les \u00e9tiquettes, les rubans et autres produits \u00e0 base d'adh\u00e9sifs.<\/li>\n<li><strong>Textiles :<\/strong> Permet d'\u00e9valuer l'adh\u00e9rence des rubans textiles et des \u00e9tiquettes dans des conditions de contrainte.<\/li>\n<li><strong>Agences d'inspection de la qualit\u00e9 :<\/strong> Fournit des donn\u00e9es objectives sur les performances des bandes, contribuant ainsi au contr\u00f4le de la qualit\u00e9 pour les fabricants et les fournisseurs.<\/li>\n<\/ul>\n<p>Il est principalement utilis\u00e9 pour tester la <strong>pouvoir de r\u00e9tention<\/strong> de rubans et d'\u00e9tiquettes sensibles \u00e0 la pression afin de s'assurer qu'ils r\u00e9pondent aux sp\u00e9cifications n\u00e9cessaires pour des applications r\u00e9elles.<\/p>\n<h2><strong>Principe du test<\/strong><\/h2>\n<p>Le <strong>Testeur de force de maintien de bande<\/strong> fonctionne selon le principe de <strong>Adh\u00e9sion par cisaillement sous charge constante<\/strong>. Le test se d\u00e9roule de la mani\u00e8re suivante :<\/p>\n<ul>\n<li>Une bande de ruban est appliqu\u00e9e sur un panneau d'acier standard dans des conditions contr\u00f4l\u00e9es.<\/li>\n<li>Une masse standard est fix\u00e9e \u00e0 l'extr\u00e9mit\u00e9 libre du ruban pour appliquer une charge constante.<\/li>\n<li>Le panneau est ensuite positionn\u00e9 verticalement et le temps n\u00e9cessaire \u00e0 la rupture de la bande (glissement ou d\u00e9tachement complet de la surface) est enregistr\u00e9.<\/li>\n<\/ul>\n<p>Ce test permet de simuler les conditions r\u00e9elles dans lesquelles les rubans peuvent \u00eatre soumis \u00e0 des forces susceptibles d'entra\u00eener une rupture de l'adh\u00e9sif. Le test <strong>Testeur de force de maintien de bande<\/strong> est capable de tester diff\u00e9rents types de rubans sensibles \u00e0 la pression, y compris ceux utilis\u00e9s dans les applications industrielles, m\u00e9dicales et grand public.<\/p>\n<h2><strong>M\u00e9thodes d&#039;essai<\/strong><\/h2>\n<h3><strong>ASTM D3654<\/strong><\/h3>\n<p>Le <strong>ASTM D3654<\/strong> est l'une des m\u00e9thodes les plus largement reconnues pour tester l'adh\u00e9sion par cisaillement des rubans sensibles \u00e0 la pression. Selon la norme ASTM D3654 :<\/p>\n<ul>\n<li>Le ruban est appliqu\u00e9 sur un panneau d'acier standard et soumis \u00e0 une masse constante \u00e0 un angle sp\u00e9cifi\u00e9.<\/li>\n<li>Le testeur mesure la <strong>d\u00e9lai de d\u00e9faillance<\/strong> ou le <strong>le montant du glissement<\/strong> qui se produit lorsque le ruban est soumis \u00e0 une contrainte de cisaillement constante.<\/li>\n<li>Cette m\u00e9thode \u00e9value la capacit\u00e9 de l'adh\u00e9sif \u00e0 r\u00e9sister au glissement sous contrainte, fournissant ainsi une mesure quantitative de l'efficacit\u00e9 de l'adh\u00e9sif. <strong>pouvoir de r\u00e9tention<\/strong>.<\/li>\n<\/ul>\n<h3><strong>PSTC-107<\/strong><\/h3>\n<p>Le <strong>PSTC-107<\/strong> est une autre norme industrielle essentielle pour tester le pouvoir de maintien des rubans auto-adh\u00e9sifs. Cette norme sp\u00e9cifie comment mesurer la capacit\u00e9 des rubans \u00e0 r\u00e9sister \u00e0 des forces appliqu\u00e9es parall\u00e8lement \u00e0 la surface de l'adh\u00e9sif, ce qui reproduit les conditions observ\u00e9es lors d'une utilisation r\u00e9elle.<\/p>\n<ul>\n<li>Comme l'ASTM D3654, <strong>PSTC-107<\/strong> \u00e9value les <strong>d\u00e9lai de d\u00e9faillance<\/strong> ou le <strong>le montant du glissement<\/strong> qui se produit lorsqu'une masse sp\u00e9cifique est appliqu\u00e9e.<\/li>\n<li>Il garantit que les rubans utilis\u00e9s dans divers produits conservent leurs propri\u00e9t\u00e9s adh\u00e9sives dans des conditions de charge constantes au fil du temps.<\/li>\n<\/ul>\n<p>Les deux <strong>ASTM D3654<\/strong> et <strong>PSTC-107<\/strong> sont des normes essentielles pour garantir la performance et la fiabilit\u00e9 des adh\u00e9sifs sensibles \u00e0 la pression.<\/p>\n<h2><strong>Avantages<\/strong><\/h2>\n<ul>\n<li><strong>Mesure pr\u00e9cise<\/strong>: Gr\u00e2ce \u00e0 un syst\u00e8me de chronom\u00e9trage bas\u00e9 sur un microcontr\u00f4leur, le testeur de puissance de maintien du ruban adh\u00e9sif garantit des r\u00e9sultats pr\u00e9cis et reproductibles.<\/li>\n<li><strong>Options personnalisables<\/strong>: Le testeur peut \u00eatre configur\u00e9 avec plusieurs stations de test, ce qui le rend id\u00e9al pour les tests \u00e0 haut d\u00e9bit dans les environnements de production \u00e0 grande \u00e9chelle.<\/li>\n<li><strong>Contr\u00f4le polyvalent de la temp\u00e9rature<\/strong>: Le testeur peut \u00eatre adapt\u00e9 pour \u00eatre utilis\u00e9 dans diff\u00e9rentes conditions de temp\u00e9rature afin de simuler les facteurs environnementaux du monde r\u00e9el.<\/li>\n<li><strong>Interface facile \u00e0 utiliser<\/strong>: L'\u00e9cran LCD convivial avec fonction de verrouillage du temps permet un contr\u00f4le clair et simple des r\u00e9sultats des tests.<\/li>\n<li><strong>Des r\u00e9sultats fiables<\/strong>: Le testeur fournit des donn\u00e9es coh\u00e9rentes sur la force adh\u00e9sive des rubans, aidant les fabricants \u00e0 r\u00e9pondre aux exigences d'assurance qualit\u00e9.<\/li>\n<\/ul>\n<h2><strong>Normes<\/strong><\/h2>\n<p>Le <strong>Testeur de force de maintien de bande<\/strong> est con\u00e7u pour se conformer aux principales normes industrielles suivantes :<\/p>\n<ul>\n<li><a href=\"https:\/\/www.astm.org\/d3654_d3654m-06r19.html\" target=\"_blank\" rel=\"noopener nofollow\"><strong>ASTM D3654<\/strong><\/a>: M\u00e9thode d'essai normalis\u00e9e pour l'adh\u00e9sion par cisaillement des rubans sensibles \u00e0 la pression.<\/li>\n<li><a href=\"https:\/\/pstc.org\/resources\/test-methods\/\" target=\"_blank\" rel=\"noopener nofollow\"><strong>PSTC-107<\/strong><\/a>: M\u00e9thode d'essai normalis\u00e9e pour le pouvoir de maintien des rubans sensibles \u00e0 la pression sous une contrainte constante.<\/li>\n<li><strong>JIS Z0237<\/strong>: Norme industrielle japonaise pour les essais de rubans adh\u00e9sifs.<\/li>\n<li><strong>GT\/T 4851<\/strong>: Norme chinoise pour les essais de rubans sensibles \u00e0 la pression.<\/li>\n<\/ul>\n<p>Ces normes garantissent que <strong>Testeur de force de maintien de bande<\/strong> fournit des r\u00e9sultats pr\u00e9cis et fiables qui r\u00e9pondent aux exigences de l'industrie mondiale.<\/p>\n<h2><strong>Param\u00e8tres principaux<\/strong><\/h2>\n<table>\n<tbody>\n<tr>\n<td style=\"text-align: center;\" width=\"105\">Mod\u00e8les<\/td>\n<td style=\"text-align: center;\" width=\"50\"><strong>LAT-5<\/strong><\/td>\n<td style=\"text-align: center;\" width=\"58\"><strong>LAT-10<\/strong><\/td>\n<td style=\"text-align: center;\" width=\"58\"><strong>LAT-20<\/strong><\/td>\n<td style=\"text-align: center;\" width=\"58\"><strong>LAT-30<\/strong><\/td>\n<td style=\"text-align: center;\" width=\"65\"><strong>LAT-5TC<\/strong><\/td>\n<td style=\"text-align: center;\" width=\"73\"><strong>LAT-10TC<\/strong><\/td>\n<\/tr>\n<tr>\n<td style=\"text-align: center;\" width=\"105\">Stations d'essai<\/td>\n<td style=\"text-align: center;\" width=\"50\">5<\/td>\n<td style=\"text-align: center;\" width=\"58\">10<\/td>\n<td style=\"text-align: center;\" width=\"58\">20<\/td>\n<td style=\"text-align: center;\" width=\"58\">30<\/td>\n<td style=\"text-align: center;\" width=\"65\">5<\/td>\n<td style=\"text-align: center;\" width=\"73\">10<\/td>\n<\/tr>\n<tr>\n<td style=\"text-align: center;\" width=\"105\">Temp. Plage de temp\u00e9rature<\/td>\n<td style=\"text-align: center;\" colspan=\"4\" rowspan=\"1\" width=\"224\">N\/A<\/td>\n<td style=\"text-align: center;\" colspan=\"2\" rowspan=\"1\" width=\"138\">Ambiant~80\u2103<\/td>\n<\/tr>\n<tr>\n<td style=\"text-align: center;\" width=\"105\">L'heure du test<\/td>\n<td style=\"text-align: center;\" colspan=\"6\" rowspan=\"1\" width=\"362\">0~99H99M99S<\/td>\n<\/tr>\n<tr>\n<td style=\"text-align: center;\" width=\"105\">Masse d'essai<\/td>\n<td style=\"text-align: center;\" colspan=\"6\" rowspan=\"1\" width=\"362\">1000\u00b15g<\/td>\n<\/tr>\n<tr>\n<td style=\"text-align: center;\" width=\"105\">Panel<\/td>\n<td style=\"text-align: center;\" colspan=\"6\" rowspan=\"1\" width=\"362\">60*40*1,5 LWD<\/td>\n<\/tr>\n<tr>\n<td style=\"text-align: center;\" width=\"105\">Pouvoir<\/td>\n<td style=\"text-align: center;\" colspan=\"6\" rowspan=\"1\" width=\"362\">CA 220 V 50 Hz<\/td>\n<\/tr>\n<tr>\n<td style=\"text-align: center;\" colspan=\"7\" rowspan=\"1\" width=\"467\">Sp\u00e9cification du rouleau<\/td>\n<\/tr>\n<tr>\n<td style=\"text-align: center;\" width=\"105\">Rouleau<\/td>\n<td style=\"text-align: center;\" colspan=\"6\" rowspan=\"1\" width=\"362\">2000g\u00b150g<\/td>\n<\/tr>\n<tr>\n<td style=\"text-align: center;\" width=\"105\">Diam\u00e8tre<\/td>\n<td style=\"text-align: center;\" colspan=\"6\" rowspan=\"1\" width=\"362\">85\u00b12,5 mm<\/td>\n<\/tr>\n<tr>\n<td style=\"text-align: center;\" width=\"105\">Largeur<\/td>\n<td style=\"text-align: center;\" colspan=\"6\" rowspan=\"1\" width=\"362\">45\u00b11,5 mm<\/td>\n<\/tr>\n<tr>\n<td style=\"text-align: center;\" width=\"105\">Caoutchouc<\/td>\n<td style=\"text-align: center;\" colspan=\"6\" rowspan=\"1\" width=\"362\">6mm d'\u00e9paisseur, duret\u00e9 Shore 80\u00b15\u00b0.<\/td>\n<\/tr>\n<\/tbody>\n<\/table>\n<p style=\"text-align: left;\">Le <strong>Testeur de force de maintien de bande<\/strong> est un outil essentiel pour toute industrie qui d\u00e9pend des performances des adh\u00e9sifs sensibles \u00e0 la pression. En proposant des tests pr\u00e9cis conformes aux normes mondiales telles que <strong>ASTM D3654<\/strong> et <strong>PSTC-107<\/strong>, Il garantit que les rubans et les \u00e9tiquettes r\u00e9pondent aux crit\u00e8res de performance requis. Que ce soit pour des applications d'emballage, m\u00e9dicales, pharmaceutiques ou adh\u00e9sives, ce testeur aide les fabricants \u00e0 garantir la durabilit\u00e9, la fiabilit\u00e9 et la qualit\u00e9 de leurs produits adh\u00e9sifs.<\/p>\n<div id=\"gtx-anchor\" style=\"position: absolute; visibility: hidden; left: 294.078px; top: 69.5156px; width: 22.3906px; height: 19px;\"><\/div>\n<div class=\"jfk-bubble gtx-bubble\" style=\"visibility: visible; left: -362px; top: 99px; opacity: 1;\" role=\"alertdialog\" aria-describedby=\"bubble-2\">\n<div id=\"bubble-2\" class=\"jfk-bubble-content-id\">\n<div id=\"gtx-host\" style=\"min-width: 200px; max-width: 400px;\"><\/div>\n<\/div>\n<div class=\"jfk-bubble-closebtn-id jfk-bubble-closebtn\" tabindex=\"0\" role=\"button\" aria-label=\"Fermer\"><\/div>\n<div class=\"jfk-bubble-arrow-id jfk-bubble-arrow jfk-bubble-arrowup\" style=\"left: 305.078px;\">\n<div class=\"jfk-bubble-arrowimplbefore\"><\/div>\n<div class=\"jfk-bubble-arrowimplafter\"><\/div>\n<\/div>\n<\/div>","protected":false},"excerpt":{"rendered":"<p>Le <strong>Testeur de force de maintien de bande<\/strong> est un instrument de test essentiel con\u00e7u pour mesurer la force d'adh\u00e9sion des rubans adh\u00e9sifs et des \u00e9tiquettes dans des conditions de charge constante. Il \u00e9value la capacit\u00e9 des rubans adh\u00e9sifs \u00e0 r\u00e9sister au glissement et \u00e0 maintenir leur adh\u00e9rence lorsqu'ils sont soumis \u00e0 des contraintes, ce qui en fait un outil essentiel pour les industries qui d\u00e9pendent des performances des rubans adh\u00e9sifs, telles que l'emballage, le secteur m\u00e9dical, les produits pharmaceutiques, etc.<\/p>","protected":false},"featured_media":6298,"comment_status":"closed","ping_status":"closed","template":"","meta":{"site-sidebar-layout":"default","site-content-layout":"default","ast-global-header-display":"","ast-main-header-display":"","ast-hfb-above-header-display":"","ast-hfb-below-header-display":"","ast-hfb-mobile-header-display":"","site-post-title":"","ast-breadcrumbs-content":"","ast-featured-img":"","footer-sml-layout":"","theme-transparent-header-meta":"default","adv-header-id-meta":"","stick-header-meta":"","header-above-stick-meta":"","header-main-stick-meta":"","header-below-stick-meta":""},"product_cat":[845,1172,949,673,130,95],"product_tag":[],"class_list":{"0":"post-5247","1":"product","2":"type-product","3":"status-publish","4":"has-post-thumbnail","6":"product_cat-customization","7":"product_cat-jis-z0237","8":"product_cat-pstc-107","9":"product_cat-adhesive-tester","10":"product_cat-astm-d3654","11":"product_cat-products","12":"desktop-align-left","13":"tablet-align-left","14":"mobile-align-left","16":"first","17":"instock","18":"shipping-taxable","19":"product-type-simple"},"_links":{"self":[{"href":"https:\/\/www.qualitester.com\/fr\/wp-json\/wp\/v2\/product\/5247","targetHints":{"allow":["GET"]}}],"collection":[{"href":"https:\/\/www.qualitester.com\/fr\/wp-json\/wp\/v2\/product"}],"about":[{"href":"https:\/\/www.qualitester.com\/fr\/wp-json\/wp\/v2\/types\/product"}],"replies":[{"embeddable":true,"href":"https:\/\/www.qualitester.com\/fr\/wp-json\/wp\/v2\/comments?post=5247"}],"version-history":[{"count":0,"href":"https:\/\/www.qualitester.com\/fr\/wp-json\/wp\/v2\/product\/5247\/revisions"}],"wp:featuredmedia":[{"embeddable":true,"href":"https:\/\/www.qualitester.com\/fr\/wp-json\/wp\/v2\/media\/6298"}],"wp:attachment":[{"href":"https:\/\/www.qualitester.com\/fr\/wp-json\/wp\/v2\/media?parent=5247"}],"wp:term":[{"taxonomy":"product_cat","embeddable":true,"href":"https:\/\/www.qualitester.com\/fr\/wp-json\/wp\/v2\/product_cat?post=5247"},{"taxonomy":"product_tag","embeddable":true,"href":"https:\/\/www.qualitester.com\/fr\/wp-json\/wp\/v2\/product_tag?post=5247"}],"curies":[{"name":"wp","href":"https:\/\/api.w.org\/{rel}","templated":true}]}}