{"id":5242,"date":"2024-11-06T12:02:30","date_gmt":"2024-11-06T04:02:30","guid":{"rendered":"https:\/\/www.qualitester.com\/?post_type=product&#038;p=5242"},"modified":"2024-12-05T09:52:23","modified_gmt":"2024-12-05T01:52:23","slug":"sale-internal-bond-tester-iso-16260","status":"publish","type":"product","link":"https:\/\/www.qualitester.com\/fr\/produit\/sale-internal-bond-tester-iso-16260\/","title":{"rendered":"Testeur de liaison interne BGT-01"},"content":{"rendered":"<h2><strong>Introduction Testeur d'adh\u00e9rence interne<\/strong><\/h2>\n<p>Le <strong>Testeur de liaison interne BGT-01<\/strong> est un instrument de pointe con\u00e7u pour mesurer l'\u00e9nergie n\u00e9cessaire \u00e0 la d\u00e9lamination rapide d'un \u00e9chantillon de papier ou de carton dans l'espace. <strong>Direction Z<\/strong>. Ce test simule les impacts rapides et les chocs que les produits en papier et en carton peuvent subir au cours de processus tels que l'impression ou la transformation. Le test <strong>Testeur d'adh\u00e9rence interne<\/strong> utilise un pendule avec une masse et une vitesse d\u00e9finies pour d\u00e9clencher la rupture, ce qui en fait un outil id\u00e9al pour \u00e9valuer la r\u00e9sistance du mat\u00e9riau aux contraintes internes.<\/p>\n<p>Le BGT-01 est parfait pour tester une vari\u00e9t\u00e9 de mat\u00e9riaux en papier et en carton, y compris le papier \u00e0 une ou plusieurs couches, les feuilles couch\u00e9es et les cartons lamin\u00e9s avec des films polym\u00e8res synth\u00e9tiques. Il est particuli\u00e8rement adapt\u00e9 aux mat\u00e9riaux soumis \u00e0 <strong>Impacts rapides dans la direction Z<\/strong>Les produits de cette cat\u00e9gorie sont destin\u00e9s \u00e0 des applications industrielles telles que l'emballage, l'impression et d'autres applications industrielles pour lesquelles la durabilit\u00e9 est essentielle.<\/p>\n<h2><strong>M\u00e9thodes d'essai : ISO 16260 et normes<\/strong><\/h2>\n<h3><strong><a href=\"https:\/\/www.iso.org\/standard\/56038.html\" target=\"_blank\" rel=\"noopener nofollow\">ISO 16260<\/a>: La norme internationale pour les essais d'adh\u00e9rence interne<\/strong><\/h3>\n<p><a href=\"https:\/\/www.qualitester.com\/fr\/categorie-produit\/iso\/iso-16260\/\" target=\"_blank\" rel=\"noopener\"><strong>ISO 16260<\/strong><\/a> sp\u00e9cifie la m\u00e9thode d'essai pour mesurer la r\u00e9sistance \u00e0 l'adh\u00e9rence interne des mat\u00e9riaux en papier et en carton. Cette norme d\u00e9finit une proc\u00e9dure pour la r\u00e9alisation d'essais o\u00f9 un impact pendulaire est utilis\u00e9 pour d\u00e9laminer l'\u00e9chantillon, \u00e9valuant ainsi la r\u00e9sistance du mat\u00e9riau sous une contrainte rapide et localis\u00e9e. En simulant des conditions r\u00e9elles dans lesquelles le papier et le carton sont soumis \u00e0 des chocs, <strong>ISO 16260<\/strong> contribue \u00e0 garantir la durabilit\u00e9 et la fiabilit\u00e9 des mat\u00e9riaux.<\/p>\n<ul>\n<li><strong>Processus de test<\/strong>: La force de liaison interne est mesur\u00e9e en lib\u00e9rant un pendule avec une masse fixe, qui percute l'\u00e9chantillon \u00e0 une vitesse sp\u00e9cifi\u00e9e, initiant une d\u00e9lamination dans le <strong>Direction Z<\/strong>.<\/li>\n<li><strong>Pertinence<\/strong>: Cette norme est essentielle pour garantir que les mat\u00e9riaux en papier et en carton sont capables de r\u00e9sister aux impacts rencontr\u00e9s lors de la production, de l'emballage et du transport. La conformit\u00e9 \u00e0 la norme <strong>ISO 16260<\/strong> est essentielle pour les fabricants de papier, d'emballages et des industries connexes afin de garantir la performance et la qualit\u00e9 des produits.<\/li>\n<\/ul>\n<h3><strong>Autres normes pertinentes<\/strong><\/h3>\n<ul>\n<li><strong>TAPPI T569<\/strong>: Norme \u00e9labor\u00e9e par l'Association technique de l'industrie des p\u00e2tes et papiers qui porte sur la d\u00e9lamination des mat\u00e9riaux en carton lorsqu'ils sont soumis \u00e0 des forces d'impact pendulaires contr\u00f4l\u00e9es.<\/li>\n<li><strong>GB\/T 26203<\/strong>: Norme chinoise qui d\u00e9finit le test d'adh\u00e9rence interne pour les mat\u00e9riaux en papier et en carton, en s'alignant sur les protocoles d'essai internationaux.<\/li>\n<li><strong>QB\/T 5558<\/strong>: Norme chinoise qui r\u00e9git les tests de r\u00e9sistance \u00e0 l'adh\u00e9rence interne pour les mat\u00e9riaux en papier et en carton, garantissant qu'ils r\u00e9pondent aux caract\u00e9ristiques de performance requises pour l'emballage.<\/li>\n<\/ul>\n<h2><strong>Caract\u00e9ristiques et avantages du testeur d'adh\u00e9rence interne BGT-01<\/strong><\/h2>\n<ul>\n<li><strong>D\u00e9clenchement automatique du pendule<\/strong>: Le BGT-01 <strong>Testeur d'adh\u00e9rence interne<\/strong> est \u00e9quip\u00e9 d'un m\u00e9canisme de d\u00e9clenchement automatique du pendule qui garantit des r\u00e9sultats de test coh\u00e9rents et reproductibles \u00e0 chaque fois. Cette caract\u00e9ristique am\u00e9liore la pr\u00e9cision et la fiabilit\u00e9.<\/li>\n<li><strong>Haute r\u00e9solution et pr\u00e9cision<\/strong>: L'instrument pr\u00e9sente une r\u00e9solution d'acquisition de donn\u00e9es de 0,001 lbf\/in\u00b2, aliment\u00e9e par un codeur de haute pr\u00e9cision \u00e0 5000 impulsions. Cela permet des mesures d\u00e9taill\u00e9es de la force d'adh\u00e9rence interne, garantissant que m\u00eame de l\u00e9g\u00e8res diff\u00e9rences dans la performance des mat\u00e9riaux peuvent \u00eatre d\u00e9tect\u00e9es.<\/li>\n<li><strong>Outil d'auto-calibrage<\/strong>: Le BGT-01 <strong>Testeur d'adh\u00e9rence interne <\/strong>est livr\u00e9 avec un kit d'\u00e9talonnage sp\u00e9cial \u00e0 5 niveaux (accessoire suppl\u00e9mentaire), permettant un \u00e9talonnage facile pour maintenir des performances et une pr\u00e9cision optimales au fil du temps.<\/li>\n<li><strong>Changement d'unit\u00e9 flexible<\/strong>: Le <strong>Testeur d'adh\u00e9rence interne <\/strong>offre une grande polyvalence avec la possibilit\u00e9 de passer d'une unit\u00e9 de mesure \u00e0 l'autre, y compris J\/M\u00b2 et lbf\/in\u00b2, ce qui lui permet de s'adapter aux diff\u00e9rentes exigences de l'industrie.<\/li>\n<li><strong>Interface conviviale<\/strong>: L'interface tactile couleur de 5,0 pouces est intuitive, elle affiche les donn\u00e9es de test en temps r\u00e9el et permet de naviguer facilement dans les param\u00e8tres de test, les r\u00e9sultats et les modes op\u00e9rationnels.<\/li>\n<li><strong>Logiciels avanc\u00e9s pour le traitement des donn\u00e9es<\/strong>: Un logiciel de connexion \u00e0 l'ordinateur est disponible en option pour un traitement des donn\u00e9es, une analyse et une g\u00e9n\u00e9ration de rapports plus avanc\u00e9s. Il permet de g\u00e9rer facilement les donn\u00e9es d'essai, de documenter les r\u00e9sultats et d'effectuer des analyses plus pouss\u00e9es \u00e0 des fins d'assurance qualit\u00e9 ou de recherche et d\u00e9veloppement.<\/li>\n<li><strong>Imprimante thermique modulaire<\/strong>: Le BGT-01 int\u00e8gre une imprimante thermique qui permet aux utilisateurs d'imprimer imm\u00e9diatement les r\u00e9sultats des tests. Cette fonction modulaire facilite l'enregistrement et le partage des r\u00e9sultats des tests sans n\u00e9cessiter d'appareil externe.<\/li>\n<\/ul>\n<h2><strong>Applications<\/strong><\/h2>\n<ul>\n<li><strong>Industrie de l&#039;emballage<\/strong>: Le BGT-01 est largement utilis\u00e9 pour tester des mat\u00e9riaux tels que les cartons d'emballage, les cartons gris, les cartons ivoire et les papiers recouverts de polym\u00e8res synth\u00e9tiques. Ces mat\u00e9riaux doivent pr\u00e9senter une grande force d'adh\u00e9rence interne pour r\u00e9sister aux contraintes m\u00e9caniques rencontr\u00e9es lors de l'emballage, du stockage et du transport.<\/li>\n<li><strong>Fabrication du papier<\/strong>: Id\u00e9al pour \u00e9valuer la qualit\u00e9 et la durabilit\u00e9 des mat\u00e9riaux en papier, le BGT-01 convient aux papiers monocouches et multicouches, ainsi qu'aux feuilles couch\u00e9es, couramment utilis\u00e9s dans divers produits et emballages en papier.<\/li>\n<li><strong>Textiles et emballages pour dispositifs m\u00e9dicaux<\/strong>: Le testeur d'adh\u00e9rence interne est utilis\u00e9 dans les industries o\u00f9 les mat\u00e9riaux en papier et en carton doivent d\u00e9montrer leur r\u00e9sistance aux impacts rapides, tels que les mat\u00e9riaux d'emballage pour les dispositifs m\u00e9dicaux ou les textiles.<\/li>\n<li><strong>Contr\u00f4le et assurance de la qualit\u00e9<\/strong>: Les laboratoires d'assurance qualit\u00e9 s'appuient sur le BGT-01 pour effectuer des tests coh\u00e9rents et \u00e9valuer la force d'adh\u00e9rence interne, garantissant ainsi que les produits r\u00e9pondent aux normes de l'industrie et aux exigences des clients.<\/li>\n<\/ul>\n<h2><strong>Param\u00e8tres principaux<\/strong><\/h2>\n<table>\n<tbody>\n<tr>\n<td width=\"224\">Taille de l&#039;\u00e9chantillon<\/td>\n<td width=\"227\">25,4*25,4mm (cinq groupes)<\/td>\n<\/tr>\n<tr>\n<td width=\"224\">Force de maintien de l'\u00e9chantillon<\/td>\n<td width=\"227\">0~400N (r\u00e9glable)<\/td>\n<\/tr>\n<tr>\n<td width=\"224\">Plage de pression de l'\u00e9chantillon<\/td>\n<td width=\"227\">0~65kg\/cm\u00b2<\/td>\n<\/tr>\n<tr>\n<td width=\"224\">Angle d'impact<\/td>\n<td width=\"227\">90\u00b0<\/td>\n<\/tr>\n<tr>\n<td width=\"224\">R\u00e9solution<\/td>\n<td width=\"227\">0,001lbf\/in\u00b2<\/td>\n<\/tr>\n<tr>\n<td colspan=\"1\" rowspan=\"3\" width=\"224\">Plage de mesure<\/td>\n<td width=\"227\">A : 0-500J\/M\u00b2<\/td>\n<\/tr>\n<tr>\n<td width=\"227\">B : 500~1000J\/M\u00b2<\/td>\n<\/tr>\n<tr>\n<td width=\"227\">C : 1000~1500J\/M2<\/td>\n<\/tr>\n<tr>\n<td width=\"224\">Indication Erreur<\/td>\n<td width=\"227\">A : \u00b11J\/M\u00b2 B : \u00b12J\/M\u00b2 C : \u00b15J\/M\u00b2<\/td>\n<\/tr>\n<tr>\n<td width=\"224\">Unit\u00e9<\/td>\n<td width=\"227\">lb-ft\/in\u00b2, J\/M\u00b2<\/td>\n<\/tr>\n<tr>\n<td width=\"224\">Dimensions<\/td>\n<td width=\"227\">450m\u00d7380cm\u00d7600mm<\/td>\n<\/tr>\n<tr>\n<td width=\"224\">Pouvoir<\/td>\n<td width=\"227\">CA 220 V 50 Hz<\/td>\n<\/tr>\n<tr>\n<td width=\"224\"><\/td>\n<td width=\"227\"><\/td>\n<\/tr>\n<tr>\n<td colspan=\"2\" rowspan=\"1\" width=\"451\"><strong>Sp\u00e9cification de l'\u00e9chantillon de coupe<\/strong><\/td>\n<\/tr>\n<tr>\n<td width=\"224\">Taille de l&#039;\u00e9chantillon<\/td>\n<td width=\"227\">25,4mm*140mm<\/td>\n<\/tr>\n<tr>\n<td width=\"224\">Parall\u00e9lisme de deux c\u00f4t\u00e9s longs<\/td>\n<td width=\"227\">\u22640,015 mm<\/td>\n<\/tr>\n<tr>\n<td width=\"224\">Epaisseur d&#039;\u00e9chantillonnage<\/td>\n<td width=\"227\">(0,05~1,2) mm<\/td>\n<\/tr>\n<tr>\n<td width=\"224\">Dimensions<\/td>\n<td width=\"227\">Environ 580*150*620mm<\/td>\n<\/tr>\n<tr>\n<td width=\"224\">Poids<\/td>\n<td width=\"227\">Environ 15 kg<\/td>\n<\/tr>\n<\/tbody>\n<\/table>\n<h2><strong>Avantages de l'utilisation du testeur d'adh\u00e9rence interne BGT-01<\/strong><\/h2>\n<ul>\n<li><strong>Pr\u00e9cision et fiabilit\u00e9<\/strong>: Gr\u00e2ce \u00e0 sa haute pr\u00e9cision et \u00e0 ses fonctions avanc\u00e9es, le BGT-01 garantit des r\u00e9sultats pr\u00e9cis et reproductibles, ce qui permet aux fabricants de r\u00e9pondre aux normes industrielles les plus strictes.<\/li>\n<li><strong>Conformit\u00e9 \u00e0 la norme ISO 16260<\/strong>: Le BGT-01 est enti\u00e8rement conforme aux <strong>ISO 16260<\/strong>Il s'agit donc d'un outil essentiel pour ceux qui doivent r\u00e9pondre aux normes internationales en mati\u00e8re de tests.<\/li>\n<li><strong>Polyvalent et facile \u00e0 utiliser<\/strong>: Que ce soit pour la R&amp;D, le contr\u00f4le qualit\u00e9 ou les tests de production, le BGT-01 offre une exp\u00e9rience polyvalente et conviviale, avec la capacit\u00e9 de traiter une gamme de mat\u00e9riaux de papier et de carton.<\/li>\n<li><strong>Am\u00e9lioration de la qualit\u00e9 des produits<\/strong>: En s'assurant que les mat\u00e9riaux r\u00e9pondent aux exigences internes de r\u00e9sistance au collage, le BGT-01 contribue \u00e0 am\u00e9liorer la qualit\u00e9 et la durabilit\u00e9 du papier, du carton et des produits d'emballage.<\/li>\n<\/ul>\n<h2><strong>Pourquoi choisir le testeur d'adh\u00e9rence interne BGT-01 ?<\/strong><\/h2>\n<ul>\n<li><strong>Pour les fabricants de papier et d'emballages<\/strong>: Le BGT-01 garantit que les mat\u00e9riaux ont la force interne n\u00e9cessaire pour r\u00e9sister aux impacts rapides pendant la manipulation, le traitement et le transport. Ceci est essentiel pour les produits d'emballage qui doivent fonctionner dans des conditions stressantes.<\/li>\n<li><strong>Pour la recherche et le d\u00e9veloppement<\/strong>: Les \u00e9quipes de R&amp;D travaillant dans la fabrication du papier ou la science des mat\u00e9riaux trouveront le BGT-01 essentiel pour mesurer avec pr\u00e9cision la force d'adh\u00e9rence interne des nouvelles formulations de papier et de carton.<\/li>\n<li><strong>Pour le contr\u00f4le et l'assurance de la qualit\u00e9<\/strong>: Avec sa facilit\u00e9 d'utilisation, ses fonctions automatis\u00e9es et sa haute pr\u00e9cision, le BGT-01 est le choix id\u00e9al pour les laboratoires de contr\u00f4le de la qualit\u00e9 afin de maintenir la coh\u00e9rence de la qualit\u00e9 des produits et la conformit\u00e9 aux r\u00e9glementations.<\/li>\n<\/ul>\n<h2><strong>Rubrique FAQ<\/strong><\/h2>\n<ol>\n<li><strong>Quel est l'objectif du testeur d'adh\u00e9rence interne ?<\/strong>\n<ul>\n<li>Le testeur d'adh\u00e9rence interne mesure l'\u00e9nergie n\u00e9cessaire pour d\u00e9laminer des \u00e9chantillons de papier ou de carton dans la direction Z. Il simule des chocs et des impacts pour \u00e9valuer la durabilit\u00e9 du mat\u00e9riau. Il simule les chocs et les impacts pour \u00e9valuer la durabilit\u00e9 du mat\u00e9riau.<\/li>\n<\/ul>\n<\/li>\n<li><strong>En quoi le BGT-01 est-il diff\u00e9rent des autres testeurs d'adh\u00e9rence internes ?<\/strong>\n<ul>\n<li>Le BGT-01 offre un d\u00e9clenchement automatique du pendule, une r\u00e9solution \u00e9lev\u00e9e (0,001 lbf\/in\u00b2), un auto-\u00e9talonnage et une interface \u00e0 \u00e9cran tactile couleur. Ces caract\u00e9ristiques garantissent la pr\u00e9cision, la fiabilit\u00e9 et la facilit\u00e9 d'utilisation.<\/li>\n<\/ul>\n<\/li>\n<li><strong>Le BGT-01 est-il conforme aux normes internationales ?<\/strong>\n<ul>\n<li>Oui, le BGT-01 est conforme \u00e0 <strong>ISO 16260<\/strong>TAPPI T569 et d'autres normes industrielles, ce qui garantit qu'il r\u00e9pond aux crit\u00e8res de qualit\u00e9 et de performance exig\u00e9s par les diff\u00e9rentes industries.<\/li>\n<\/ul>\n<\/li>\n<li><strong>Puis-je utiliser le BGT-01 pour tester des mat\u00e9riaux enduits ou stratifi\u00e9s ?<\/strong>\n<ul>\n<li>Oui, le BGT-01 permet de tester une grande vari\u00e9t\u00e9 de mat\u00e9riaux en papier et en carton, y compris les produits couch\u00e9s et lamin\u00e9s tels que les films polym\u00e8res synth\u00e9tiques.<\/li>\n<\/ul>\n<\/li>\n<li><strong>Le BGT-01 dispose-t-il d'un logiciel d'analyse des donn\u00e9es ?<\/strong>\n<ul>\n<li>Oui, le BGT-01 peut \u00eatre connect\u00e9 \u00e0 un logiciel informatique optionnel, permettant le traitement d\u00e9taill\u00e9 des donn\u00e9es, l'analyse et la g\u00e9n\u00e9ration de rapports, ce qui est parfait pour le contr\u00f4le de la qualit\u00e9 ou la recherche.<\/li>\n<\/ul>\n<\/li>\n<\/ol>","protected":false},"excerpt":{"rendered":"<p>Le <strong>Testeur de liaison interne BGT-01<\/strong> est un instrument de pointe con\u00e7u pour mesurer l'\u00e9nergie n\u00e9cessaire \u00e0 la d\u00e9lamination rapide d'un \u00e9chantillon de papier ou de carton dans l'espace. <strong>Direction Z<\/strong>. Ce test simule les impacts rapides et les chocs que les produits en papier et en carton peuvent subir au cours de processus tels que l'impression ou la transformation. Le test <strong>Testeur d'adh\u00e9rence interne<\/strong> utilise un pendule avec une masse et une vitesse d\u00e9finies pour d\u00e9clencher la rupture, ce qui en fait un outil id\u00e9al pour \u00e9valuer la r\u00e9sistance du mat\u00e9riau aux contraintes internes.<\/p>","protected":false},"featured_media":6170,"comment_status":"closed","ping_status":"closed","template":"","meta":{"site-sidebar-layout":"default","site-content-layout":"default","ast-global-header-display":"","ast-main-header-display":"","ast-hfb-above-header-display":"","ast-hfb-below-header-display":"","ast-hfb-mobile-header-display":"","site-post-title":"","ast-breadcrumbs-content":"","ast-featured-img":"","footer-sml-layout":"","theme-transparent-header-meta":"default","adv-header-id-meta":"","stick-header-meta":"","header-above-stick-meta":"","header-main-stick-meta":"","header-below-stick-meta":""},"product_cat":[845,1076,1140,44,95],"product_tag":[],"class_list":{"0":"post-5242","1":"product","2":"type-product","3":"status-publish","4":"has-post-thumbnail","6":"product_cat-customization","7":"product_cat-iso-16260","8":"product_cat-tappi-t569","9":"product_cat-paper-and-board-testers","10":"product_cat-products","11":"desktop-align-left","12":"tablet-align-left","13":"mobile-align-left","15":"first","16":"instock","17":"shipping-taxable","18":"product-type-simple"},"_links":{"self":[{"href":"https:\/\/www.qualitester.com\/fr\/wp-json\/wp\/v2\/product\/5242","targetHints":{"allow":["GET"]}}],"collection":[{"href":"https:\/\/www.qualitester.com\/fr\/wp-json\/wp\/v2\/product"}],"about":[{"href":"https:\/\/www.qualitester.com\/fr\/wp-json\/wp\/v2\/types\/product"}],"replies":[{"embeddable":true,"href":"https:\/\/www.qualitester.com\/fr\/wp-json\/wp\/v2\/comments?post=5242"}],"version-history":[{"count":0,"href":"https:\/\/www.qualitester.com\/fr\/wp-json\/wp\/v2\/product\/5242\/revisions"}],"wp:featuredmedia":[{"embeddable":true,"href":"https:\/\/www.qualitester.com\/fr\/wp-json\/wp\/v2\/media\/6170"}],"wp:attachment":[{"href":"https:\/\/www.qualitester.com\/fr\/wp-json\/wp\/v2\/media?parent=5242"}],"wp:term":[{"taxonomy":"product_cat","embeddable":true,"href":"https:\/\/www.qualitester.com\/fr\/wp-json\/wp\/v2\/product_cat?post=5242"},{"taxonomy":"product_tag","embeddable":true,"href":"https:\/\/www.qualitester.com\/fr\/wp-json\/wp\/v2\/product_tag?post=5242"}],"curies":[{"name":"wp","href":"https:\/\/api.w.org\/{rel}","templated":true}]}}