{"id":5213,"date":"2024-11-05T11:49:02","date_gmt":"2024-11-05T03:49:02","guid":{"rendered":"https:\/\/www.qualitester.com\/?post_type=product&#038;p=5213"},"modified":"2024-12-05T14:44:15","modified_gmt":"2024-12-05T06:44:15","slug":"sale-floor-wiper-friction-testing-instrument","status":"publish","type":"product","link":"https:\/\/www.qualitester.com\/fr\/produit\/sale-floor-wiper-friction-testing-instrument\/","title":{"rendered":"Instrument de test de frottement d&#039;essuie-glace de sol MopFric-01"},"content":{"rendered":"<h2>Introduction \u00e0 l'instrument d'essai de frottement des essuie-glaces<\/h2>\n<p>Le <strong>Instrument de test de friction des essuie-glaces<\/strong> est un outil avanc\u00e9 con\u00e7u pour mesurer avec pr\u00e9cision les propri\u00e9t\u00e9s de frottement des essuie-glaces dans des conditions r\u00e9elles. Le frottement est un facteur essentiel de la performance des essuie-glaces, qui influe sur l'efficacit\u00e9 du nettoyage, la facilit\u00e9 d'utilisation et l'exp\u00e9rience globale de l'utilisateur. Un niveau de friction \u00e9quilibr\u00e9 garantit que les essuie-glaces glissent en douceur tout en maintenant un contact optimal avec la surface, ce qui am\u00e9liore l'efficacit\u00e9 du nettoyage et r\u00e9duit la fatigue de l'utilisateur.<\/p>\n<p>Cet instrument d'essai fournit aux fabricants des donn\u00e9es essentielles sur les performances de frottement des essuie-glaces, ce qui leur permet d'affiner les mat\u00e9riaux, d'am\u00e9liorer la conception et de fournir des produits r\u00e9pondant aux normes de qualit\u00e9 les plus \u00e9lev\u00e9es.<\/p>\n<h2>Importance des essais COF pour la performance des essuie-glaces de sol<\/h2>\n<p><strong>Essai du coefficient de frottement (COF)<\/strong> est un param\u00e8tre essentiel pour \u00e9valuer les performances des essuie-glaces. En mesurant le COF, les fabricants obtiennent des informations sur les propri\u00e9t\u00e9s de frottement statique et cin\u00e9tique des diff\u00e9rents mat\u00e9riaux utilis\u00e9s dans la production des essuie-glaces. Ces donn\u00e9es permettent d'optimiser le niveau de friction afin de garantir que les essuie-glaces offrent l'efficacit\u00e9 de nettoyage, la durabilit\u00e9 et le confort souhait\u00e9s dans diverses applications.<\/p>\n<h2>Normes ISO 8295 et ASTM D1894<\/h2>\n<p>Notre instrument d'essai de frottement des essuie-glaces de sol respecte les principales normes de l'industrie en mati\u00e8re d'essais COF, notamment <strong>ISO 8295<\/strong> et <strong>ASTM D1894<\/strong>Les r\u00e9sultats des tests sont fiables et reproductibles.<\/p>\n<ul>\n<li><strong>ISO 8295<\/strong>: Cette norme internationale sp\u00e9cifie une m\u00e9thode de d\u00e9termination du COF statique et cin\u00e9tique des films et feuilles plastiques, qui est essentielle pour \u00e9valuer les propri\u00e9t\u00e9s de frottement des essuie-glaces fabriqu\u00e9s \u00e0 partir de mat\u00e9riaux synth\u00e9tiques. Les essais selon l'ISO 8295 offrent une approche coh\u00e9rente et normalis\u00e9e pour mesurer le frottement que subissent les essuie-glaces pendant leur utilisation.<\/li>\n<li><strong>ASTM D1894<\/strong>: Cette norme largement reconnue d\u00e9taille la m\u00e9thode de test pour le COF statique et cin\u00e9tique des films et feuilles en plastique, applicable aux essuie-glaces avec des surfaces en plastique ou enduites. En adh\u00e9rant \u00e0 la norme ASTM D1894, notre instrument de test garantit la comparabilit\u00e9 et la coh\u00e9rence des mat\u00e9riaux, ce qui permet aux fabricants d'\u00e9valuer et de comparer leurs produits aux normes de l'industrie.<\/li>\n<\/ul>\n<h2>Principe et fonctionnement de l'instrument de test de frottement des essuie-glaces de sol<\/h2>\n<p>Le <strong>Instrument de test de friction des essuie-glaces<\/strong> utilise un m\u00e9canisme contr\u00f4l\u00e9 pour simuler l'utilisation r\u00e9elle des essuie-glaces par un mouvement de va-et-vient dans diff\u00e9rentes conditions de charge. Il mesure la force de frottement bidirectionnelle exerc\u00e9e par les essuie-glaces au cours d'un seul cycle de test, fournissant des donn\u00e9es compl\u00e8tes sur le frottement pour les courses avant et arri\u00e8re. \u00c9quip\u00e9 d'une cellule de charge de haute pr\u00e9cision, cet instrument capture et affiche les valeurs de la force de frottement en temps r\u00e9el, offrant des donn\u00e9es pr\u00e9cises et fiables essentielles pour le contr\u00f4le de la qualit\u00e9 et le d\u00e9veloppement des produits.<\/p>\n<ul>\n<li><strong>Exemple de configuration<\/strong>: L'instrument est con\u00e7u pour s'adapter \u00e0 diff\u00e9rentes tailles d'\u00e9chantillons et permet de r\u00e9gler les angles de serrage (de 45\u00b0 \u00e0 60\u00b0) afin de reproduire les conditions r\u00e9elles d'utilisation.<\/li>\n<li><strong>Conditions d'essai polyvalentes<\/strong>: Avec une vitesse r\u00e9glable de 1 \u00e0 60 000 mm\/min, l'instrument peut simuler diff\u00e9rentes conditions de nettoyage et diff\u00e9rents types de mat\u00e9riaux, ce qui lui conf\u00e8re la souplesse n\u00e9cessaire pour tester un large \u00e9ventail de conceptions de racleurs de sol.<\/li>\n<\/ul>\n<h2>Principales caract\u00e9ristiques techniques et avantages<\/h2>\n<ol>\n<li><strong>Interface de contr\u00f4le conviviale<\/strong>: Une interface tactile de 7 pouces offre un contr\u00f4le intuitif et une surveillance facile, rationalisant le processus de test pour les utilisateurs de tous niveaux.<\/li>\n<li><strong>Syst\u00e8me de contr\u00f4le industriel PLC avanc\u00e9<\/strong>: Assure la stabilit\u00e9 et la coh\u00e9rence tout au long du processus d'essai, am\u00e9liorant ainsi la pr\u00e9cision et la fiabilit\u00e9 des r\u00e9sultats.<\/li>\n<li><strong>Cellule de charge de haute pr\u00e9cision<\/strong>: Mesure la force de frottement avec une pr\u00e9cision de 0,5% FS, garantissant que les r\u00e9sultats du test refl\u00e8tent exactement les performances du produit.<\/li>\n<li><strong>Param\u00e8tres de test personnalisables<\/strong>: Les r\u00e9glages ajustables permettent aux fabricants de tester diff\u00e9rents param\u00e8tres tels que la vitesse, la charge et l'angle de serrage pour r\u00e9pondre \u00e0 des besoins d'essais sp\u00e9cifiques.<\/li>\n<li><strong>Affichage des donn\u00e9es en temps r\u00e9el<\/strong>: Affiche les mesures de force de frottement au fur et \u00e0 mesure qu'elles se produisent, fournissant aux utilisateurs des informations imm\u00e9diates sur les performances de frottement de leurs produits.<\/li>\n<li><strong>Portabilit\u00e9 pour des lieux d'essai flexibles<\/strong>: L'instrument est \u00e9quip\u00e9 de roulettes, ce qui permet de le d\u00e9placer facilement et d'effectuer des tests dans diff\u00e9rents environnements, selon les besoins.<\/li>\n<\/ol>\n<h2>Sp\u00e9cifications techniques<\/h2>\n<table>\n<tbody>\n<tr>\n<td width=\"194\">Plage de mesure<\/td>\n<td width=\"286\">200N (autre disponible)<\/td>\n<\/tr>\n<tr>\n<td width=\"194\">Pr\u00e9cision des tests<\/td>\n<td width=\"286\">0,5%FS<\/td>\n<\/tr>\n<tr>\n<td width=\"194\">Vitesse r\u00e9glable<\/td>\n<td width=\"286\">1~60000mm\/min<\/td>\n<\/tr>\n<tr>\n<td width=\"194\">Pr\u00e9cision<\/td>\n<td width=\"286\">1 mm\/min<\/td>\n<\/tr>\n<tr>\n<td width=\"194\">Chargement<\/td>\n<td width=\"286\">Charge maximale 10 kg<\/td>\n<\/tr>\n<tr>\n<td width=\"194\">Hauteur<\/td>\n<td width=\"286\">Convient aux \u00e9chantillons de 1000~1500 mm<\/td>\n<\/tr>\n<tr>\n<td width=\"194\">Angle de serrage de l'\u00e9chantillon<\/td>\n<td width=\"286\">\u00a045\u00b0~60\u00b0<\/td>\n<\/tr>\n<tr>\n<td width=\"194\">Mouvement de base Course<\/td>\n<td width=\"286\">1000 mm<\/td>\n<\/tr>\n<tr>\n<td width=\"194\">Mode test<\/td>\n<td width=\"286\">Essai de frottement r\u00e9ciproque<\/td>\n<\/tr>\n<tr>\n<td width=\"194\">R\u00e9sultat du test<\/td>\n<td width=\"286\">Force de frottement bidirectionnelle<\/td>\n<\/tr>\n<tr>\n<td width=\"194\">Pouvoir<\/td>\n<td width=\"286\">110~220V<\/td>\n<\/tr>\n<\/tbody>\n<\/table>\n<h2>Applications de l'instrument d'essai de frottement des essuie-glaces de sol<\/h2>\n<p>Le <strong>Instrument de test de friction des essuie-glaces<\/strong> est id\u00e9al pour les fabricants des secteurs du nettoyage, de l'emballage, des produits m\u00e9nagers et des produits chimiques quotidiens, ainsi que pour les agences d'inspection de la qualit\u00e9. Sa polyvalence lui permet d'\u00e9valuer les performances des essuyeurs dans diverses applications, en s'assurant que chaque produit fournit des r\u00e9sultats fiables et efficaces dans diff\u00e9rents environnements de nettoyage.<\/p>\n<p>En fournissant des donn\u00e9es pr\u00e9cises et coh\u00e9rentes sur le frottement, l'instrument de test de frottement des essuie-pieds est un outil pr\u00e9cieux pour les fabricants qui cherchent \u00e0 optimiser la qualit\u00e9 et les performances de leurs produits. Gr\u00e2ce \u00e0 des tests COF normalis\u00e9s conformes aux normes ISO 8295 et ASTM D1894, cet instrument permet de s'assurer que les essuie-pieds r\u00e9pondent aux normes de l'industrie et d\u00e9passent les attentes des clients, am\u00e9liorant ainsi la fonctionnalit\u00e9 et la satisfaction de l'utilisateur.<\/p>","protected":false},"excerpt":{"rendered":"<p>Le <strong>Instrument de test de friction des essuie-glaces<\/strong> est un outil avanc\u00e9 con\u00e7u pour mesurer avec pr\u00e9cision les propri\u00e9t\u00e9s de frottement des essuie-glaces dans des conditions r\u00e9elles. Le frottement est un facteur essentiel de la performance des essuie-glaces, qui influe sur l'efficacit\u00e9 du nettoyage, la facilit\u00e9 d'utilisation et l'exp\u00e9rience globale de l'utilisateur. Un niveau de friction \u00e9quilibr\u00e9 garantit que les essuie-glaces glissent en douceur tout en maintenant un contact optimal avec la surface, ce qui am\u00e9liore l'efficacit\u00e9 du nettoyage et r\u00e9duit la fatigue de l'utilisateur.<\/p>","protected":false},"featured_media":6271,"comment_status":"closed","ping_status":"closed","template":"","meta":{"site-sidebar-layout":"default","site-content-layout":"default","ast-global-header-display":"","ast-main-header-display":"","ast-hfb-above-header-display":"","ast-hfb-below-header-display":"","ast-hfb-mobile-header-display":"","site-post-title":"","ast-breadcrumbs-content":"","ast-featured-img":"","footer-sml-layout":"","theme-transparent-header-meta":"default","adv-header-id-meta":"","stick-header-meta":"","header-above-stick-meta":"","header-main-stick-meta":"","header-below-stick-meta":""},"product_cat":[845,938,683,95],"product_tag":[],"class_list":{"0":"post-5213","1":"product","2":"type-product","3":"status-publish","4":"has-post-thumbnail","6":"product_cat-customization","7":"product_cat-textile-tester","8":"product_cat-coefficient-of-friction-tester","9":"product_cat-products","10":"desktop-align-left","11":"tablet-align-left","12":"mobile-align-left","14":"first","15":"instock","16":"shipping-taxable","17":"product-type-simple"},"_links":{"self":[{"href":"https:\/\/www.qualitester.com\/fr\/wp-json\/wp\/v2\/product\/5213","targetHints":{"allow":["GET"]}}],"collection":[{"href":"https:\/\/www.qualitester.com\/fr\/wp-json\/wp\/v2\/product"}],"about":[{"href":"https:\/\/www.qualitester.com\/fr\/wp-json\/wp\/v2\/types\/product"}],"replies":[{"embeddable":true,"href":"https:\/\/www.qualitester.com\/fr\/wp-json\/wp\/v2\/comments?post=5213"}],"version-history":[{"count":0,"href":"https:\/\/www.qualitester.com\/fr\/wp-json\/wp\/v2\/product\/5213\/revisions"}],"wp:featuredmedia":[{"embeddable":true,"href":"https:\/\/www.qualitester.com\/fr\/wp-json\/wp\/v2\/media\/6271"}],"wp:attachment":[{"href":"https:\/\/www.qualitester.com\/fr\/wp-json\/wp\/v2\/media?parent=5213"}],"wp:term":[{"taxonomy":"product_cat","embeddable":true,"href":"https:\/\/www.qualitester.com\/fr\/wp-json\/wp\/v2\/product_cat?post=5213"},{"taxonomy":"product_tag","embeddable":true,"href":"https:\/\/www.qualitester.com\/fr\/wp-json\/wp\/v2\/product_tag?post=5213"}],"curies":[{"name":"wp","href":"https:\/\/api.w.org\/{rel}","templated":true}]}}