{"id":5204,"date":"2024-11-05T11:37:42","date_gmt":"2024-11-05T03:37:42","guid":{"rendered":"https:\/\/www.qualitester.com\/?post_type=product&#038;p=5204"},"modified":"2024-12-05T13:32:19","modified_gmt":"2024-12-05T05:32:19","slug":"sale-automated-torque-tester-astm","status":"publish","type":"product","link":"https:\/\/www.qualitester.com\/fr\/produit\/sale-automated-torque-tester-astm\/","title":{"rendered":"Testeur de couple automatique MCT-01L"},"content":{"rendered":"<h2>Introduction au couplem\u00e8tre automatis\u00e9<\/h2>\n<p>Le <strong>Testeur de couple automatis\u00e9<\/strong> est un instrument essentiel pour \u00e9valuer les forces d'ouverture et de verrouillage des bouchons sur divers contenants, notamment les bouteilles de m\u00e9dicaments, les bouteilles en PET, les sacs \u00e0 bec et les tubes flexibles. Ce testeur garantit que les bouchons restent bien scell\u00e9s tout en restant faciles \u00e0 ouvrir pour les consommateurs, ce qui optimise la s\u00e9curit\u00e9, la qualit\u00e9 et la facilit\u00e9 d'utilisation des produits. Gr\u00e2ce \u00e0 son automatisation avanc\u00e9e et \u00e0 sa pr\u00e9cision, le testeur de couple automatis\u00e9 joue un r\u00f4le essentiel dans le contr\u00f4le de la qualit\u00e9 dans des secteurs tels que l'emballage, les produits pharmaceutiques, l'alimentation et les boissons, et les cosm\u00e9tiques.<\/p>\n<h2>Principales applications du couplem\u00e8tre automatis\u00e9<\/h2>\n<p>Le testeur de couple automatis\u00e9 est largement applicable dans :<\/p>\n<ul>\n<li><strong>Conditionnement<\/strong>: Garantir que les bouchons restent scell\u00e9s pendant le transport, mais qu'ils peuvent \u00eatre ouverts facilement par le consommateur.<\/li>\n<li><strong>M\u00e9dicaments<\/strong>: Tester les bouchons de s\u00e9curit\u00e9 pour enfants et les fermetures inviolables afin de r\u00e9pondre aux normes de s\u00e9curit\u00e9.<\/li>\n<li><strong>Alimentation et boissons<\/strong>: V\u00e9rification de l'int\u00e9grit\u00e9 du bouchon sur les bouteilles en PET et autres types de bouteilles afin de pr\u00e9venir les fuites et la contamination.<\/li>\n<li><strong>Cosm\u00e9tiques et produits chimiques quotidiens<\/strong>: Tester la r\u00e9sistance de la fermeture du bouchon afin d'am\u00e9liorer la long\u00e9vit\u00e9 du produit et la facilit\u00e9 d'utilisation.<\/li>\n<\/ul>\n<h2>Test de couple sur bouchon de bouteille Normes applicables<\/h2>\n<p>Le <strong>Testeur de couple automatis\u00e9<\/strong> adh\u00e8re \u00e0 plusieurs normes industrielles essentielles, garantissant des tests complets et la conformit\u00e9 dans divers secteurs de l'emballage. Les normes suivantes font partie int\u00e9grante du processus d'essai :<\/p>\n<ul>\n<li><a href=\"https:\/\/www.astm.org\/d2063_d2063m-10r18.html\" target=\"_blank\" rel=\"noopener nofollow\"><strong>ASTM D2063<\/strong><\/a>: Cette norme porte sur la mesure du couple d'ouverture et de fermeture des bouchons en plastique, en particulier pour les applications d'emballage. Elle est essentielle pour d\u00e9terminer les valeurs de couple requises pour des bouchons s\u00fbrs mais faciles \u00e0 ouvrir, garantissant \u00e0 la fois la commodit\u00e9 et la s\u00e9curit\u00e9 du consommateur.<\/li>\n<li><a href=\"https:\/\/www.astm.org\/d3198-97r02.html\" target=\"_blank\" rel=\"noopener nofollow\"><strong>ASTM D3198<\/strong><\/a>: Cette norme sp\u00e9cifie les m\u00e9thodes d'essai pour la mesure du couple sur les fermetures \u00e0 l'\u00e9preuve des enfants. Elle est essentielle pour \u00e9valuer les emballages inviolables et garantir que les fermetures r\u00e9pondent aux normes de s\u00e9curit\u00e9 r\u00e9glementaires pour les produits pharmaceutiques, chimiques et autres produits sensibles.<\/li>\n<li><a href=\"https:\/\/www.astm.org\/d3474-90r18.html\" target=\"_blank\" rel=\"noopener nofollow\"><strong>ASTM D3474<\/strong><\/a>: Cette norme traite de l'essai de couple des fermetures sur les r\u00e9cipients souples, tels que les sachets \u00e0 goulot. Elle garantit la performance des fermetures dans les conditions d'ouverture et de scellage, en maintenant l'int\u00e9grit\u00e9 du produit tout au long de la cha\u00eene d'approvisionnement.<\/li>\n<li><a href=\"https:\/\/std.samr.gov.cn\/gb\/search\/gbDetailed?id=71F772D7F88CD3A7E05397BE0A0AB82A\" target=\"_blank\" rel=\"noopener nofollow\"><strong>GB\/T 17876<\/strong><\/a>: Norme chinoise qui fournit des lignes directrices pour tester le couple des fermetures sur les bouteilles et les conteneurs. Elle s'aligne sur les pratiques internationales pour mesurer la r\u00e9sistance et la fiabilit\u00e9 des fermetures d'emballages dans diverses conditions.<\/li>\n<li><a href=\"https:\/\/std.samr.gov.cn\/hb\/search\/stdHBDetailed?id=8B1827F18F69BB19E05397BE0A0AB44A\" target=\"_blank\" rel=\"noopener nofollow\"><strong>BB\/T 0025<\/strong><\/a>: Cette norme chinoise sp\u00e9cifie les m\u00e9thodes d'\u00e9valuation des performances des fermetures de conteneurs dans diff\u00e9rentes conditions de scellage et d'ouverture, afin de garantir que les bouchons sont \u00e0 la fois s\u00fbrs et faciles \u00e0 utiliser.<\/li>\n<li><a href=\"https:\/\/std.samr.gov.cn\/hb\/search\/stdHBDetailed?id=8B1827F24CD5BB19E05397BE0A0AB44A\" target=\"_blank\" rel=\"noopener nofollow\"><strong>BB\/T 0034<\/strong><\/a>: Autre norme chinoise ax\u00e9e sur la r\u00e9sistance au couple des fermetures inviolables, cette norme garantit que les emballages r\u00e9pondent aux exigences de s\u00e9curit\u00e9 et de r\u00e9glementation en mati\u00e8re d'int\u00e9grit\u00e9 des produits et de protection des consommateurs.<\/li>\n<\/ul>\n<h2>Processus d'essai pour le testeur de couple automatis\u00e9<\/h2>\n<p>Le testeur de couple automatis\u00e9 offre un processus simple et automatis\u00e9 pour des r\u00e9sultats pr\u00e9cis et reproductibles :<\/p>\n<ol>\n<li><strong>Chargement de l'\u00e9chantillon<\/strong>: Le flacon d'\u00e9chantillon ou le r\u00e9cipient est plac\u00e9 dans le syst\u00e8me, o\u00f9 le bouchon et le flacon sont solidement maintenus par des pinces pneumatiques.<\/li>\n<li><strong>Serrage<\/strong>: En appuyant sur le bouton CLAMP, les pinces pneumatiques s'enclenchent automatiquement, fixant le bouchon et la bouteille en place pour le test.<\/li>\n<li><strong>Essai<\/strong>: L'appui sur le bouton TEST d\u00e9clenche la rotation de la pince inf\u00e9rieure, ouvrant ou fermant le capuchon, selon les exigences du test.<\/li>\n<li><strong>Mesure du couple<\/strong>: Pendant la rotation, le syst\u00e8me enregistre avec pr\u00e9cision les donn\u00e9es relatives \u00e0 la force du couple, ce qui permet de conna\u00eetre les valeurs maximales et moyennes.<\/li>\n<\/ol>\n<p>Ce processus permet d'analyser rapidement les performances du bouchon et de s'assurer que le couple appliqu\u00e9 lors du scellage ou de l'ouverture est conforme aux sp\u00e9cifications du produit en termes de qualit\u00e9 et de facilit\u00e9 d'utilisation.<\/p>\n<h2>Caract\u00e9ristiques techniques et avantages<\/h2>\n<p>Les caract\u00e9ristiques de haute performance du couplem\u00e8tre automatis\u00e9 en font une solution fiable pour le contr\u00f4le de la qualit\u00e9 :<\/p>\n<ul>\n<li><strong>Fonctionnement contr\u00f4l\u00e9 par PLC avec \u00e9cran tactile HMI<\/strong>: Dot\u00e9 d'une interface conviviale, ce testeur garantit une pr\u00e9cision r\u00e9p\u00e9table et des r\u00e9sultats coh\u00e9rents, ce qui est id\u00e9al pour les environnements \u00e0 haut d\u00e9bit.<\/li>\n<li><strong>Serrage et rotation automatis\u00e9s<\/strong>: Simulant les conditions de production, les capacit\u00e9s de serrage et de rotation automatiques du testeur permettent une \u00e9valuation r\u00e9aliste de la performance des bouchons.<\/li>\n<li><strong>Affichage des mesures multi-unit\u00e9s<\/strong>: Les donn\u00e9es peuvent \u00eatre visualis\u00e9es dans diff\u00e9rentes unit\u00e9s (Kgf.cm, N.cm, daN.cm, Inch.lbs, et N.m), ce qui garantit la conformit\u00e9 aux normes internationales et permet de l'adapter \u00e0 diff\u00e9rents secteurs d'activit\u00e9.<\/li>\n<li><strong>Conservation des valeurs de cr\u00eate et enregistrement des donn\u00e9es<\/strong>: Le testeur conserve automatiquement les valeurs de couple maximales pour une analyse compl\u00e8te et comprend une micro-imprimante embarqu\u00e9e pour un acc\u00e8s rapide aux donn\u00e9es. La connectivit\u00e9 RS232 en option et le logiciel professionnel permettent \u00e9galement la gestion des donn\u00e9es num\u00e9riques.<\/li>\n<li><strong>S\u00e9curit\u00e9 et efficacit\u00e9<\/strong>: La protection int\u00e9gr\u00e9e contre les surcharges et la fonction de mise \u00e0 z\u00e9ro automatique renforcent la s\u00e9curit\u00e9 et la pr\u00e9cision des mesures, ce qui rend le testeur bien adapt\u00e9 aux applications rigoureuses d'assurance qualit\u00e9.<\/li>\n<\/ul>\n<h2>Conformit\u00e9 aux normes et r\u00e9glementations de l'industrie<\/h2>\n<p>Le testeur de couple automatis\u00e9 est con\u00e7u pour r\u00e9pondre aux exigences de plusieurs normes cl\u00e9s, notamment <strong>ASTM D2659<\/strong>, <strong>ASTM D4577<\/strong>, <strong>ASTM D642<\/strong>, <strong>ISO 8113<\/strong>, et <strong>ASTM D4169<\/strong>. En respectant ces normes, il garantit que les produits r\u00e9pondent \u00e0 des exigences strictes en mati\u00e8re de qualit\u00e9 et de s\u00e9curit\u00e9, offrant ainsi une solution d'essai fiable aux industries qui exigent le respect des r\u00e9glementations en mati\u00e8re d'emballage.<\/p>\n<h2>Rubrique FAQ<\/h2>\n<ol>\n<li><strong>Pourquoi les essais de couple sont-ils importants pour les emballages ?<\/strong><br \/>\nLes tests de couple garantissent que les bouchons sont bien scell\u00e9s tout en \u00e9tant faciles \u00e0 utiliser, r\u00e9pondant ainsi aux normes de s\u00e9curit\u00e9 et de facilit\u00e9 d'utilisation pour les consommateurs.<\/li>\n<li><strong>Quels sont les avantages de l'utilisation d'un couplem\u00e8tre automatis\u00e9 par rapport \u00e0 un coupleur manuel ?<\/strong><br \/>\nLes testeurs automatis\u00e9s offrent une pr\u00e9cision, une r\u00e9p\u00e9tabilit\u00e9 et une efficacit\u00e9 accrues, en particulier dans les environnements de production en grande quantit\u00e9.<\/li>\n<li><strong>Comment le testeur assure-t-il la conformit\u00e9 avec la norme ASTM D2659 ?<\/strong><br \/>\nLe testeur mesure le couple avec pr\u00e9cision, ce qui permet de r\u00e9pondre aux normes ASTM D2659 pour les fermetures \u00e0 l'\u00e9preuve des enfants et des manipulations.<\/li>\n<li><strong>Le couplem\u00e8tre peut-il s'adapter \u00e0 diff\u00e9rentes tailles de bouchons et \u00e0 diff\u00e9rents mat\u00e9riaux ?<\/strong><br \/>\nOui, le testeur est compatible avec une large gamme de types de bouchons et de mat\u00e9riaux, ce qui garantit la polyvalence des tests pour tous les produits.<\/li>\n<li><strong>Comment fonctionne la fonction de r\u00e9tention de la valeur maximale ?<\/strong><br \/>\nLe testeur enregistre et conserve la valeur de couple maximale atteinte lors de chaque test, ce qui permet une analyse d\u00e9taill\u00e9e et une assurance qualit\u00e9.<\/li>\n<\/ol>\n<p>Le <strong>Testeur de couple automatis\u00e9<\/strong> est un outil essentiel pour les fabricants qui cherchent \u00e0 garantir la qualit\u00e9, la s\u00e9curit\u00e9 et la conformit\u00e9 r\u00e9glementaire de leurs produits. Gr\u00e2ce \u00e0 ses fonctions automatis\u00e9es, l'adh\u00e9sion \u00e0 des normes internationales telles que le <a href=\"https:\/\/www.qualitester.com\/fr\/categorie-produit\/astm\/astm-d2659\/\" target=\"_blank\" rel=\"noopener\">ASTM D2659<\/a>, Gr\u00e2ce \u00e0 sa pr\u00e9cision et \u00e0 sa fiabilit\u00e9, ce testeur permet de rationaliser les processus de production tout en maintenant des normes exceptionnelles en mati\u00e8re d'int\u00e9grit\u00e9 des produits.<\/p>","protected":false},"excerpt":{"rendered":"<p>Garantissez la qualit\u00e9 de vos produits avec le testeur de couple automatis\u00e9. Conforme \u00e0 la norme ASTM D2659 et \u00e0 d'autres normes cl\u00e9s pour des mesures pr\u00e9cises de la force d'ouverture et de verrouillage des bouchons.<\/p>","protected":false},"featured_media":6242,"comment_status":"closed","ping_status":"closed","template":"","meta":{"site-sidebar-layout":"default","site-content-layout":"default","ast-global-header-display":"","ast-main-header-display":"","ast-hfb-above-header-display":"","ast-hfb-below-header-display":"","ast-hfb-mobile-header-display":"","site-post-title":"","ast-breadcrumbs-content":"","ast-featured-img":"","footer-sml-layout":"","theme-transparent-header-meta":"default","adv-header-id-meta":"","stick-header-meta":"","header-above-stick-meta":"","header-main-stick-meta":"","header-below-stick-meta":""},"product_cat":[845,953,956,955,954,957,958,952,959,687,17,16,124,125,128,95],"product_tag":[],"class_list":{"0":"post-5204","1":"product","2":"type-product","3":"status-publish","4":"has-post-thumbnail","6":"product_cat-customization","7":"product_cat-bursting-tester","8":"product_cat-cobb-tester","9":"product_cat-crush-tester","10":"product_cat-paper-tear-tester","11":"product_cat-plybond-tester","12":"product_cat-puncture-tester","13":"product_cat-rub-tester","14":"product_cat-stiffness-tester","15":"product_cat-torque-tester","16":"product_cat-package-container-testers","17":"product_cat-plastic-packaging-testers","18":"product_cat-astm-d2063","19":"product_cat-astm-d3198","20":"product_cat-astm-d3474","21":"product_cat-products","22":"desktop-align-left","23":"tablet-align-left","24":"mobile-align-left","26":"first","27":"instock","28":"shipping-taxable","29":"product-type-simple"},"_links":{"self":[{"href":"https:\/\/www.qualitester.com\/fr\/wp-json\/wp\/v2\/product\/5204","targetHints":{"allow":["GET"]}}],"collection":[{"href":"https:\/\/www.qualitester.com\/fr\/wp-json\/wp\/v2\/product"}],"about":[{"href":"https:\/\/www.qualitester.com\/fr\/wp-json\/wp\/v2\/types\/product"}],"replies":[{"embeddable":true,"href":"https:\/\/www.qualitester.com\/fr\/wp-json\/wp\/v2\/comments?post=5204"}],"version-history":[{"count":0,"href":"https:\/\/www.qualitester.com\/fr\/wp-json\/wp\/v2\/product\/5204\/revisions"}],"wp:featuredmedia":[{"embeddable":true,"href":"https:\/\/www.qualitester.com\/fr\/wp-json\/wp\/v2\/media\/6242"}],"wp:attachment":[{"href":"https:\/\/www.qualitester.com\/fr\/wp-json\/wp\/v2\/media?parent=5204"}],"wp:term":[{"taxonomy":"product_cat","embeddable":true,"href":"https:\/\/www.qualitester.com\/fr\/wp-json\/wp\/v2\/product_cat?post=5204"},{"taxonomy":"product_tag","embeddable":true,"href":"https:\/\/www.qualitester.com\/fr\/wp-json\/wp\/v2\/product_tag?post=5204"}],"curies":[{"name":"wp","href":"https:\/\/api.w.org\/{rel}","templated":true}]}}