{"id":5176,"date":"2024-11-01T14:07:50","date_gmt":"2024-11-01T06:07:50","guid":{"rendered":"https:\/\/www.qualitester.com\/?post_type=product&#038;p=5176"},"modified":"2024-12-05T13:17:08","modified_gmt":"2024-12-05T05:17:08","slug":"sale-box-compression-tester-strenth","status":"publish","type":"product","link":"https:\/\/www.qualitester.com\/fr\/produit\/sale-box-compression-tester-strenth\/","title":{"rendered":"Testeur de compression de bo\u00eete BCT-01"},"content":{"rendered":"<p>Le <strong>Testeur de compression de bo\u00eete<\/strong> est un instrument essentiel con\u00e7u pour \u00e9valuer la solidit\u00e9, la durabilit\u00e9 et la r\u00e9sistance des mat\u00e9riaux d'emballage aux forces de compression externes. Ce testeur de pointe joue un r\u00f4le essentiel dans des secteurs tels que l'alimentation, l'\u00e9lectronique, les produits pharmaceutiques et l'emballage, en veillant \u00e0 ce que les produits soient correctement prot\u00e9g\u00e9s pendant le transport et le stockage. Sa grande pr\u00e9cision, sa facilit\u00e9 d'utilisation et son respect des normes internationales en font une solution id\u00e9ale pour toute entreprise qui attache de l'importance \u00e0 l'int\u00e9grit\u00e9 et \u00e0 la fiabilit\u00e9 de ses emballages.<\/p>\n<p>Dot\u00e9 d'une interface conviviale \u00e0 \u00e9cran tactile, d'un syst\u00e8me de traitement micro-informatique et d'une collecte de donn\u00e9es en temps r\u00e9el, le Box Compression Tester fournit des r\u00e9sultats pr\u00e9cis pour une large gamme de mat\u00e9riaux, y compris le carton ondul\u00e9, les plastiques, les m\u00e9taux et d'autres mat\u00e9riaux d'emballage. Le testeur est con\u00e7u pour une \u00e9valuation rigoureuse, fournissant des informations d\u00e9taill\u00e9es sur la r\u00e9sistance \u00e0 la compression et les qualit\u00e9s de protection des emballages dans des conditions d'empilage.<\/p>\n<h2><strong>Champ d'application du testeur de compression de bo\u00eetes<\/strong><\/h2>\n<p>Le testeur de compression de bo\u00eetes est capable de traiter une grande vari\u00e9t\u00e9 de mat\u00e9riaux couramment utilis\u00e9s dans l'emballage, du carton ondul\u00e9 au carton compact, en passant par le m\u00e9tal et le plastique. Il \u00e9value la capacit\u00e9 de chaque mat\u00e9riau \u00e0 r\u00e9sister aux forces de compression, ce qui permet aux fabricants de comprendre \u00e0 la fois la r\u00e9sistance de l'emballage lui-m\u00eame et le niveau de protection qu'il offre \u00e0 son contenu. Cette polyvalence est inestimable pour les industries qui accordent la priorit\u00e9 \u00e0 la s\u00e9curit\u00e9 et \u00e0 l'efficacit\u00e9 du transport des marchandises.<\/p>\n<h2><strong>Principaux modes et capacit\u00e9s d'essai<\/strong><\/h2>\n<ol>\n<li><strong>Test de r\u00e9sistance :<\/strong> Ce mode \u00e9value la r\u00e9sistance ultime \u00e0 la compression et la d\u00e9formation de la bo\u00eete ou du conteneur en appliquant une augmentation progressive de la pression jusqu'\u00e0 ce que l'emballage s'effondre ou se d\u00e9forme. Il aide les fabricants \u00e0 d\u00e9terminer la charge maximale qu'un emballage peut supporter.<\/li>\n<li><strong>Test de la valeur fixe :<\/strong> Dans ce mode, le testeur mesure la performance globale d'une bo\u00eete ou d'un conteneur en appliquant une pression d\u00e9finie et en mesurant la d\u00e9formation qui en r\u00e9sulte. Cette m\u00e9thode est particuli\u00e8rement utile pour les entreprises qui doivent respecter des exigences de r\u00e9sistance fixes pour leurs emballages.<\/li>\n<li><strong>Test d'empilement :<\/strong> Le testeur simule l'environnement d'empilage d'un entrep\u00f4t en appliquant une force de compression r\u00e9guli\u00e8re et prolong\u00e9e afin d'\u00e9valuer les performances d'un emballage dans des conditions de stockage r\u00e9alistes. Ce test est id\u00e9al pour comprendre la stabilit\u00e9 de l'empilage et pr\u00e9dire la durabilit\u00e9 \u00e0 long terme de l'emballage dans l'entrep\u00f4t.<\/li>\n<\/ol>\n<h2><strong>Normes et conformit\u00e9<\/strong><\/h2>\n<p>Le Box Compression Tester est construit en conformit\u00e9 avec les principales normes internationales, ce qui garantit que les tests sont effectu\u00e9s de mani\u00e8re coh\u00e9rente et conform\u00e9ment aux sp\u00e9cifications largement reconnues dans l'industrie. Le respect de ces normes permet aux fabricants de r\u00e9pondre plus facilement aux exigences r\u00e9glementaires et \u00e0 celles des clients sur de nombreux march\u00e9s.<\/p>\n<ul>\n<li>\n<h3><strong>Normes ISO<\/strong><\/h3>\n<ul>\n<li><strong>ISO 2234<\/strong>: D\u00e9finit les m\u00e9thodes pour les essais de gerbage et de compression, essentiels pour \u00e9valuer la r\u00e9sistance de l'emballage aux charges \u00e0 long terme.<\/li>\n<li><strong>ISO 12048<\/strong>: D\u00e9crit les proc\u00e9dures pour tester la r\u00e9sistance \u00e0 l'empilement d'un colis et la r\u00e9sistance \u00e0 la charge pendant l'entreposage et le transport.<\/li>\n<li><strong>ISO 2874<\/strong>: D\u00e9taille sp\u00e9cifiquement les m\u00e9thodes d'essai de compression pour les emballages individuels, permettant une mesure pr\u00e9cise de la r\u00e9sistance \u00e0 la compression.<\/li>\n<li><strong>ISO 2872<\/strong>: \u00c9value la capacit\u00e9 d'un emballage \u00e0 r\u00e9sister aux forces de compression dans le temps, en pr\u00e9disant ses performances dans des sc\u00e9narios r\u00e9els.<\/li>\n<\/ul>\n<\/li>\n<li>\n<h3><strong>Normes ASTM<\/strong><\/h3>\n<ul>\n<li><strong>ASTM D642<\/strong>: Cette norme mesure la r\u00e9sistance \u00e0 la compression des mat\u00e9riaux d'emballage, fournissant une base de r\u00e9f\u00e9rence pour les performances des emballages de transit.<\/li>\n<li><strong>ASTM D4169<\/strong>: Guide les tests de compression des conteneurs dans des environnements de distribution simul\u00e9s afin de s'assurer qu'ils peuvent r\u00e9sister aux conditions de manutention r\u00e9elles.<\/li>\n<\/ul>\n<\/li>\n<li>\n<h3><strong>Autres normes pertinentes<\/strong><\/h3>\n<ul>\n<li><strong>TAPPI T804<\/strong>: Se concentre sur la r\u00e9sistance \u00e0 la compression des conteneurs en carton ondul\u00e9, ce qui le rend particuli\u00e8rement pertinent pour l'\u00e9valuation des bo\u00eetes d'exp\u00e9dition.<\/li>\n<li><strong>JIS Z0212<\/strong>: Norme japonaise d\u00e9taillant les tests de compression pour les emballages, largement reconnue par les industries pour ses exigences rigoureuses.<\/li>\n<\/ul>\n<\/li>\n<\/ul>\n<h2><strong>Avantages techniques du testeur de compression de bo\u00eetes<\/strong><\/h2>\n<p>Le testeur de compression de bo\u00eetes int\u00e8gre les derni\u00e8res technologies pour maximiser la pr\u00e9cision, l'efficacit\u00e9 et la facilit\u00e9 d'utilisation. Ses principaux avantages sont les suivants :<\/p>\n<ul>\n<li><strong>Caract\u00e9ristiques technologiques avanc\u00e9es<\/strong>: L'\u00e9cran tactile permet une interaction directe avec l'utilisateur, tandis que le syst\u00e8me de traitement par micro-ordinateur automatise la collecte des donn\u00e9es, les calculs et l'\u00e9valuation intelligente des r\u00e9sultats.<\/li>\n<li><strong>Am\u00e9lioration de l'analyse des donn\u00e9es<\/strong>: L'affichage en temps r\u00e9el de la force de compression, de la d\u00e9formation et de la visualisation des courbes permet aux utilisateurs de mieux comprendre le comportement des mat\u00e9riaux sous contrainte. Une micro-imprimante int\u00e9gr\u00e9e facilite l'enregistrement des donn\u00e9es et le suivi du contr\u00f4le de la qualit\u00e9.<\/li>\n<li><strong>Capacit\u00e9 de force de compression<\/strong>: Il g\u00e8re une large gamme de charges et convient pour tester des mat\u00e9riaux d'emballage l\u00e9gers ou lourds.<\/li>\n<li><strong>Dimensions de la zone d'essai<\/strong>: Il offre un espace suffisant pour tester des emballages de tailles et de formes diff\u00e9rentes.<\/li>\n<li><strong>Syst\u00e8me d'entra\u00eenement<\/strong>: Un moteur synchrone et un syst\u00e8me de vis sans fin \u00e0 filetage pr\u00e9cis assurent une application r\u00e9guli\u00e8re et contr\u00f4l\u00e9e de la force pour des r\u00e9sultats d'essai pr\u00e9cis.<\/li>\n<\/ul>\n<h2><strong>Param\u00e8tres principaux<\/strong><\/h2>\n<table>\n<tbody>\n<tr>\n<td width=\"153\">Objet<\/td>\n<td width=\"526\">Param\u00e8tres<\/td>\n<td width=\"73\"><\/td>\n<\/tr>\n<tr>\n<td width=\"153\">Plage de test<\/td>\n<td width=\"526\">0,25KN, 0,5KN, 1KN, 2KN, 5KN, etc.<\/td>\n<td width=\"73\"><\/td>\n<\/tr>\n<tr>\n<td width=\"153\">R\u00e9solution<\/td>\n<td width=\"526\">0,01 N<\/td>\n<td width=\"73\"><\/td>\n<\/tr>\n<tr>\n<td width=\"153\">Erreur de d\u00e9formation<\/td>\n<td width=\"526\">\u2264\u00b11mm<\/td>\n<td width=\"73\"><\/td>\n<\/tr>\n<tr>\n<td width=\"153\">Parall\u00e9lisme des plaques<\/td>\n<td width=\"526\">\u22641mm<\/td>\n<td width=\"73\"><\/td>\n<\/tr>\n<tr>\n<td width=\"153\">Erreur du capteur de charge<\/td>\n<td width=\"526\">\u00b11%<\/td>\n<td width=\"73\"><\/td>\n<\/tr>\n<tr>\n<td width=\"153\">Vitesse de test<\/td>\n<td width=\"526\">5~300mm\/min<\/td>\n<td width=\"73\"><\/td>\n<\/tr>\n<tr>\n<td width=\"153\">Vitesse de retour<\/td>\n<td width=\"526\">100mm\/min<\/td>\n<td width=\"73\"><\/td>\n<\/tr>\n<tr>\n<td width=\"153\">Vitesse de compression<\/td>\n<td width=\"526\">10\u00b13mm\/min<\/td>\n<td width=\"73\"><\/td>\n<\/tr>\n<tr>\n<td width=\"153\">Vitesse d'empilage<\/td>\n<td width=\"526\">5\u00b11mm\/min<\/td>\n<td width=\"73\"><\/td>\n<\/tr>\n<tr>\n<td width=\"153\">Unit\u00e9s<\/td>\n<td width=\"526\">N\/Lbf \/kgf<\/td>\n<td width=\"73\"><\/td>\n<\/tr>\n<tr>\n<td width=\"153\">Analyse<\/td>\n<td width=\"526\">\u00c9cran tactile de 7 pouces avec analyse des courbes et impression thermique int\u00e9gr\u00e9e<\/td>\n<td width=\"73\"><\/td>\n<\/tr>\n<tr>\n<td width=\"153\">Sortir<\/td>\n<td width=\"526\">RS232 (en option)<\/td>\n<td width=\"73\"><\/td>\n<\/tr>\n<tr>\n<td width=\"153\">Pouvoir<\/td>\n<td width=\"526\">CA 220 V 50 Hz<\/td>\n<td width=\"73\"><\/td>\n<\/tr>\n<tr>\n<td width=\"153\">Mod\u00e8le<\/td>\n<td width=\"526\">Espace d'essai (mm, LWH)<\/td>\n<td width=\"73\">Charge (KN)<\/td>\n<\/tr>\n<tr>\n<td width=\"153\">BCT-1500<\/td>\n<td width=\"526\">1500*1500*1500<\/td>\n<td width=\"73\">50<\/td>\n<\/tr>\n<tr>\n<td width=\"153\"><\/td>\n<td width=\"526\">1500*1200*1500<\/td>\n<td width=\"73\"><\/td>\n<\/tr>\n<tr>\n<td width=\"153\">BCT-1200<\/td>\n<td width=\"526\">1200*1200*1200<\/td>\n<td width=\"73\">50<\/td>\n<\/tr>\n<tr>\n<td width=\"153\"><\/td>\n<td width=\"526\">1200*1000*1200<\/td>\n<td width=\"73\"><\/td>\n<\/tr>\n<tr>\n<td width=\"153\">BCT-1000<\/td>\n<td width=\"526\">1000*800*1000<\/td>\n<td width=\"73\">20<\/td>\n<\/tr>\n<tr>\n<td width=\"153\"><\/td>\n<td width=\"526\">1000*1000*1000<\/td>\n<td width=\"73\"><\/td>\n<\/tr>\n<tr>\n<td width=\"153\">BCT-800<\/td>\n<td width=\"526\">800*600*800<\/td>\n<td width=\"73\">20<\/td>\n<\/tr>\n<tr>\n<td width=\"153\"><\/td>\n<td width=\"526\">800*800*800<\/td>\n<td width=\"73\"><\/td>\n<\/tr>\n<tr>\n<td width=\"153\">BCT-600<\/td>\n<td width=\"526\">600*400*600<\/td>\n<td width=\"73\">10<\/td>\n<\/tr>\n<tr>\n<td width=\"153\"><\/td>\n<td width=\"526\">600*600*600<\/td>\n<td width=\"73\"><\/td>\n<\/tr>\n<tr>\n<td width=\"153\">BCT-500<\/td>\n<td width=\"526\">500*500*500<\/td>\n<td width=\"73\">5<\/td>\n<\/tr>\n<\/tbody>\n<\/table>\n<h2><strong>Importance de l'essai de r\u00e9sistance \u00e0 la compression des cartons dans l'industrie<\/strong><\/h2>\n<p>Le <strong>essai de r\u00e9sistance \u00e0 la compression du carton<\/strong> est essentiel pour s'assurer que l'emballage peut supporter les contraintes rencontr\u00e9es pendant le transport et le stockage. En identifiant les faiblesses avant que les produits n'atteignent les clients, ce test aide \u00e0 pr\u00e9venir les d\u00e9faillances de l'emballage, r\u00e9duisant ainsi le risque d'endommagement du produit, l'insatisfaction des clients et les pertes financi\u00e8res. Les industries telles que l'industrie pharmaceutique, l'industrie \u00e9lectronique et l'industrie alimentaire ont tout int\u00e9r\u00eat \u00e0 comprendre et \u00e0 respecter les normes de r\u00e9sistance \u00e0 la compression, en particulier pour les produits de grande valeur ou p\u00e9rissables.<\/p>\n<p>Le testeur de compression de bo\u00eetes offre une solution puissante aux entreprises qui souhaitent maintenir des normes \u00e9lev\u00e9es en mati\u00e8re de r\u00e9sistance et d'int\u00e9grit\u00e9 des emballages. En se conformant aux normes ISO, ASTM, TAPPI et JIS, ce testeur fournit des r\u00e9sultats pr\u00e9cis et coh\u00e9rents pour divers mat\u00e9riaux d'emballage et applications. Gr\u00e2ce \u00e0 ses fonctions avanc\u00e9es et \u00e0 sa conception centr\u00e9e sur l'utilisateur, le Box Compression Tester est un outil pr\u00e9cieux pour l'assurance qualit\u00e9 de l'emballage, l'am\u00e9lioration de la s\u00e9curit\u00e9 des produits et le soutien de l'efficacit\u00e9 op\u00e9rationnelle.<\/p>","protected":false},"excerpt":{"rendered":"<p>D\u00e9couvrez le testeur de compression de bo\u00eetes, con\u00e7u pour r\u00e9aliser des tests pr\u00e9cis de r\u00e9sistance \u00e0 la compression des bo\u00eetes, garantissant la durabilit\u00e9 des emballages et la conformit\u00e9 aux normes internationales.<\/p>","protected":false},"featured_media":6235,"comment_status":"closed","ping_status":"closed","template":"","meta":{"site-sidebar-layout":"default","site-content-layout":"default","ast-global-header-display":"","ast-main-header-display":"","ast-hfb-above-header-display":"","ast-hfb-below-header-display":"","ast-hfb-mobile-header-display":"","site-post-title":"","ast-breadcrumbs-content":"","ast-featured-img":"","footer-sml-layout":"","theme-transparent-header-meta":"default","adv-header-id-meta":"","stick-header-meta":"","header-above-stick-meta":"","header-main-stick-meta":"","header-below-stick-meta":""},"product_cat":[964,1069,1068,953,956,955,845,1065,1064,1067,1066,1159,965,954,957,958,952,959,1070,17,44,95],"product_tag":[],"class_list":{"0":"post-5176","1":"product","2":"type-product","3":"status-publish","4":"has-post-thumbnail","6":"product_cat-box-compression-tester","7":"product_cat-astm-d4169","8":"product_cat-astm-d642","9":"product_cat-bursting-tester","10":"product_cat-cobb-tester","11":"product_cat-crush-tester","12":"product_cat-customization","13":"product_cat-iso-12048","14":"product_cat-iso-2234","15":"product_cat-iso-2872","16":"product_cat-iso-2874","17":"product_cat-jis-z0212","18":"product_cat-package-compression-tester","19":"product_cat-paper-tear-tester","20":"product_cat-plybond-tester","21":"product_cat-puncture-tester","22":"product_cat-rub-tester","23":"product_cat-stiffness-tester","24":"product_cat-tappi-t804","25":"product_cat-package-container-testers","26":"product_cat-paper-and-board-testers","27":"product_cat-products","28":"desktop-align-left","29":"tablet-align-left","30":"mobile-align-left","32":"first","33":"instock","34":"shipping-taxable","35":"product-type-simple"},"_links":{"self":[{"href":"https:\/\/www.qualitester.com\/fr\/wp-json\/wp\/v2\/product\/5176","targetHints":{"allow":["GET"]}}],"collection":[{"href":"https:\/\/www.qualitester.com\/fr\/wp-json\/wp\/v2\/product"}],"about":[{"href":"https:\/\/www.qualitester.com\/fr\/wp-json\/wp\/v2\/types\/product"}],"replies":[{"embeddable":true,"href":"https:\/\/www.qualitester.com\/fr\/wp-json\/wp\/v2\/comments?post=5176"}],"version-history":[{"count":0,"href":"https:\/\/www.qualitester.com\/fr\/wp-json\/wp\/v2\/product\/5176\/revisions"}],"wp:featuredmedia":[{"embeddable":true,"href":"https:\/\/www.qualitester.com\/fr\/wp-json\/wp\/v2\/media\/6235"}],"wp:attachment":[{"href":"https:\/\/www.qualitester.com\/fr\/wp-json\/wp\/v2\/media?parent=5176"}],"wp:term":[{"taxonomy":"product_cat","embeddable":true,"href":"https:\/\/www.qualitester.com\/fr\/wp-json\/wp\/v2\/product_cat?post=5176"},{"taxonomy":"product_tag","embeddable":true,"href":"https:\/\/www.qualitester.com\/fr\/wp-json\/wp\/v2\/product_tag?post=5176"}],"curies":[{"name":"wp","href":"https:\/\/api.w.org\/{rel}","templated":true}]}}