{"id":5167,"date":"2024-10-31T13:16:34","date_gmt":"2024-10-31T05:16:34","guid":{"rendered":"https:\/\/www.qualitester.com\/?post_type=product&#038;p=5167"},"modified":"2024-12-05T09:33:56","modified_gmt":"2024-12-05T01:33:56","slug":"sale-non-destructive-leak-testing-equipment","status":"publish","type":"product","link":"https:\/\/www.qualitester.com\/fr\/produit\/sale-non-destructive-leak-testing-equipment\/","title":{"rendered":"Testeur de micro-fuites MLT-01"},"content":{"rendered":"<h2>Introduction<\/h2>\n<p>Dans le march\u00e9 concurrentiel d&#039;aujourd&#039;hui, il est essentiel de garantir l&#039;int\u00e9grit\u00e9 des emballages pour maintenir la qualit\u00e9 des produits et la s\u00e9curit\u00e9 des consommateurs. Les \u00e9quipements de test d&#039;\u00e9tanch\u00e9it\u00e9 non destructifs jouent un r\u00f4le essentiel pour atteindre cet objectif. Le micro-testeur d&#039;\u00e9tanch\u00e9it\u00e9 MLT-01 est con\u00e7u pour fournir une d\u00e9tection de fuite pr\u00e9cise et fiable pour les emballages non poreux, rigides ou flexibles, ce qui en fait un outil essentiel dans diverses industries, notamment les produits pharmaceutiques, les emballages alimentaires et les dispositifs m\u00e9dicaux.<\/p>\n<h2>Comprendre la norme ASTM F2338<\/h2>\n<h3>Qu&#039;est-ce que <a href=\"https:\/\/www.astm.org\/f2338-09r20.html\" target=\"_blank\" rel=\"noopener nofollow\">ASTM F2338<\/a>?<\/h3>\n<p><a href=\"https:\/\/www.qualitester.com\/fr\/categorie-produit\/astm\/astm-d2338\/\">ASTM F2338<\/a> est une norme essentielle qui d\u00e9crit les m\u00e9thodes de test permettant d&#039;\u00e9valuer l&#039;int\u00e9grit\u00e9 des emballages scell\u00e9s au moyen de tests d&#039;\u00e9tanch\u00e9it\u00e9 non destructifs. Cette norme garantit que les produits r\u00e9pondent \u00e0 des crit\u00e8res de qualit\u00e9 et de s\u00e9curit\u00e9 rigoureux, en particulier dans les industries r\u00e9glement\u00e9es. Les m\u00e9thodes d\u00e9finies dans la norme ASTM F2338 sont essentielles pour identifier les fuites potentielles, qui peuvent compromettre l&#039;int\u00e9grit\u00e9 du produit et entra\u00eener des pertes financi\u00e8res importantes.<\/p>\n<h3>M\u00e9thodes d&#039;essai d\u00e9finies par la norme ASTM F2338<\/h3>\n<p>La norme ASTM F2338 comprend plusieurs m\u00e9thodes de d\u00e9tection des fuites, notamment la m\u00e9thode de la perte de vide. Cette approche consiste \u00e0 appliquer une pression n\u00e9gative sur l&#039;emballage test\u00e9 et \u00e0 surveiller toute augmentation de pression, indiquant une fuite. Par rapport aux autres m\u00e9thodes de test d&#039;\u00e9tanch\u00e9it\u00e9, la m\u00e9thode de la perte de vide est tr\u00e8s sensible et efficace, ce qui la rend adapt\u00e9e \u00e0 diverses applications.<\/p>\n<h2>Testeur de micro-fuites MLT-01<\/h2>\n<h3>Description du syst\u00e8me<\/h3>\n<p>Le testeur de micro-fuites MLT-01 utilise une conception sophistiqu\u00e9e qui comprend un r\u00e9seau de conduits et de vannes reliant une chambre d&#039;essai \u00e0 un capteur de pression haute r\u00e9solution et \u00e0 une source de vide externe. Le syst\u00e8me est \u00e9quip\u00e9 d&#039;une unit\u00e9 de contr\u00f4le PLC et d&#039;un \u00e9cran tactile IHM, permettant une utilisation intuitive. Un d\u00e9bitm\u00e8tre de gaz externe garantit des performances optimales du syst\u00e8me, tandis que la chambre d&#039;essai sp\u00e9cialement con\u00e7ue renferme solidement l&#039;ensemble d&#039;essai et peut int\u00e9grer des outils pour restreindre les mouvements ou l&#039;expansion selon les besoins.<\/p>\n<h3>Processus de test<\/h3>\n<p>Le processus de test avec le testeur de micro-fuites MLT-01 comprend quatre \u00e9tapes principales\u00a0:<\/p>\n<ol>\n<li><strong>\u00c9tape de remplissage<\/strong>:Fixez l\u2019\u00e9chantillon dans la chambre et appliquez une pression n\u00e9gative pour cr\u00e9er un environnement contr\u00f4l\u00e9.<\/li>\n<li><strong>\u00c9tape SETTLE<\/strong>:Permettre au syst\u00e8me de s&#039;adapter \u00e0 tout \u00e9tirement ou flexion des composants pouvant survenir sous une pression n\u00e9gative.<\/li>\n<li><strong>Phase de TEST<\/strong>:Mesurer toute augmentation de pression durant cette phase. Un changement significatif indique la pr\u00e9sence d&#039;une fuite.<\/li>\n<li><strong>\u00c9tape VENT<\/strong>: Lib\u00e9rez la pression n\u00e9gative restante dans l&#039;atmosph\u00e8re et \u00e9valuez les r\u00e9sultats. Si l&#039;\u00e9chantillon reste dans la plage sp\u00e9cifi\u00e9e, il est R\u00c9USSI ; sinon, il \u00c9CHEC.<\/li>\n<\/ol>\n<h3>Caract\u00e9ristiques techniques<\/h3>\n<ul>\n<li><strong>Fonctionnement du syst\u00e8me PLC<\/strong>:Le syst\u00e8me est exploit\u00e9 via un contr\u00f4leur logique programmable (PLC) pour une fiabilit\u00e9 accrue.<\/li>\n<li><strong>Tailles de chambre personnalisables<\/strong>:Des tailles sur mesure sont disponibles pour s&#039;adapter \u00e0 diff\u00e9rentes dimensions de colis.<\/li>\n<li><strong>Haute sensibilit\u00e9<\/strong>:Le MLT-01 pr\u00e9sente une sensibilit\u00e9 exceptionnelle, capable de d\u00e9tecter des fuites minuscules de l&#039;ordre de 1 \u00e0 3 \u03bcm.<\/li>\n<li><strong>Calcul du taux de fuite effectif<\/strong>:Le testeur calcule avec pr\u00e9cision le taux de fuite, fournissant des donn\u00e9es critiques pour l&#039;assurance qualit\u00e9.<\/li>\n<li><strong>M\u00e9thode de test efficace<\/strong>:Le MLT-01 rationalise le processus de test, offrant une approche simple de la d\u00e9tection des fuites.<\/li>\n<\/ul>\n<h2>Applications et avantages<\/h2>\n<p>Le micro-testeur d&#039;\u00e9tanch\u00e9it\u00e9 MLT-01 est id\u00e9al pour diverses industries, notamment les produits pharmaceutiques, les aliments et les boissons, les dispositifs m\u00e9dicaux et l&#039;emballage. Ses capacit\u00e9s de test non destructif garantissent que l&#039;int\u00e9grit\u00e9 du produit est maintenue tout au long du processus de production. En utilisant cet \u00e9quipement de test d&#039;\u00e9tanch\u00e9it\u00e9 avanc\u00e9, les entreprises peuvent \u00e9viter les rappels co\u00fbteux, am\u00e9liorer la s\u00e9curit\u00e9 des produits et se conformer aux exigences r\u00e9glementaires.<\/p>\n<p>Les \u00e9quipements de test d&#039;\u00e9tanch\u00e9it\u00e9 non destructifs, tels que le micro-testeur d&#039;\u00e9tanch\u00e9it\u00e9 MLT-01, sont essentiels pour maintenir la qualit\u00e9 des produits et assurer la s\u00e9curit\u00e9 des consommateurs. Gr\u00e2ce \u00e0 sa conformit\u00e9 aux normes ASTM F2338 et \u00e0 sa conception innovante, le MLT-01 offre aux fabricants une solution fiable pour la d\u00e9tection des fuites. Investissez dans le MLT-01 d\u00e8s aujourd&#039;hui pour am\u00e9liorer vos processus d&#039;assurance qualit\u00e9 et prot\u00e9ger vos produits.<\/p>\n<h2>Rubrique FAQ<\/h2>\n<ol>\n<li><strong>Quel est le temps de test typique pour le testeur de micro-fuites MLT-01\u00a0?<\/strong>\n<ul>\n<li>Les temps de test varient, allant g\u00e9n\u00e9ralement de quelques secondes \u00e0 quelques minutes, en fonction de la taille de l&#039;emballage et de la sensibilit\u00e9 aux fuites requises.<\/li>\n<\/ul>\n<\/li>\n<li><strong>Quelle est la sensibilit\u00e9 du MLT-01 dans la d\u00e9tection des fuites ?<\/strong>\n<ul>\n<li>Le MLT-01 peut d\u00e9tecter des fuites minuscules dans la plage de 1 \u00e0 3 \u03bcm, ce qui le rend tr\u00e8s efficace pour l&#039;assurance qualit\u00e9.<\/li>\n<\/ul>\n<\/li>\n<li><strong>La taille de la chambre du MLT-01 peut-elle \u00eatre personnalis\u00e9e ?<\/strong>\n<ul>\n<li>Oui, le MLT-01 offre des tailles de chambre sur mesure pour s&#039;adapter \u00e0 diff\u00e9rentes dimensions d&#039;emballage et exigences de test.<\/li>\n<\/ul>\n<\/li>\n<li><strong>Quelle alimentation est n\u00e9cessaire pour le MLT-01 ?<\/strong>\n<ul>\n<li>Le MLT-01 fonctionne sur une alimentation CA de 110\u2013220 V \u00e0 50 Hz.<\/li>\n<\/ul>\n<\/li>\n<li><strong>Comment la m\u00e9thode de d\u00e9croissance du vide se compare-t-elle aux autres m\u00e9thodes de test d\u2019\u00e9tanch\u00e9it\u00e9 ?<\/strong>\n<ul>\n<li>La m\u00e9thode de d\u00e9croissance du vide est g\u00e9n\u00e9ralement plus sensible et efficace que les autres m\u00e9thodes, ce qui la rend id\u00e9ale pour d\u00e9tecter les fuites dans les emballages non poreux sans les endommager.<\/li>\n<\/ul>\n<\/li>\n<\/ol>","protected":false},"excerpt":{"rendered":"<p>Les \u00e9quipements de test d&#039;\u00e9tanch\u00e9it\u00e9 non destructifs, tels que le micro-testeur d&#039;\u00e9tanch\u00e9it\u00e9 MLT-01, sont essentiels pour maintenir la qualit\u00e9 des produits et assurer la s\u00e9curit\u00e9 des consommateurs. Gr\u00e2ce \u00e0 sa conformit\u00e9 aux normes ASTM F2338 et \u00e0 sa conception innovante, le MLT-01 offre aux fabricants une solution fiable pour la d\u00e9tection des fuites. Investissez dans le MLT-01 d\u00e8s aujourd&#039;hui pour am\u00e9liorer vos processus d&#039;assurance qualit\u00e9 et prot\u00e9ger vos produits.<\/p>","protected":false},"featured_media":6153,"comment_status":"closed","ping_status":"closed","template":"","meta":{"site-sidebar-layout":"default","site-content-layout":"default","ast-global-header-display":"","ast-main-header-display":"","ast-hfb-above-header-display":"","ast-hfb-below-header-display":"","ast-hfb-mobile-header-display":"","site-post-title":"","ast-breadcrumbs-content":"","ast-featured-img":"","footer-sml-layout":"","theme-transparent-header-meta":"default","adv-header-id-meta":"","stick-header-meta":"","header-above-stick-meta":"","header-main-stick-meta":"","header-below-stick-meta":""},"product_cat":[845,953,956,955,954,957,958,952,959,144,95],"product_tag":[],"class_list":{"0":"post-5167","1":"product","2":"type-product","3":"status-publish","4":"has-post-thumbnail","6":"product_cat-customization","7":"product_cat-bursting-tester","8":"product_cat-cobb-tester","9":"product_cat-crush-tester","10":"product_cat-paper-tear-tester","11":"product_cat-plybond-tester","12":"product_cat-puncture-tester","13":"product_cat-rub-tester","14":"product_cat-stiffness-tester","15":"product_cat-astm-f2338","16":"product_cat-products","17":"desktop-align-left","18":"tablet-align-left","19":"mobile-align-left","21":"first","22":"instock","23":"shipping-taxable","24":"product-type-simple"},"_links":{"self":[{"href":"https:\/\/www.qualitester.com\/fr\/wp-json\/wp\/v2\/product\/5167","targetHints":{"allow":["GET"]}}],"collection":[{"href":"https:\/\/www.qualitester.com\/fr\/wp-json\/wp\/v2\/product"}],"about":[{"href":"https:\/\/www.qualitester.com\/fr\/wp-json\/wp\/v2\/types\/product"}],"replies":[{"embeddable":true,"href":"https:\/\/www.qualitester.com\/fr\/wp-json\/wp\/v2\/comments?post=5167"}],"version-history":[{"count":0,"href":"https:\/\/www.qualitester.com\/fr\/wp-json\/wp\/v2\/product\/5167\/revisions"}],"wp:featuredmedia":[{"embeddable":true,"href":"https:\/\/www.qualitester.com\/fr\/wp-json\/wp\/v2\/media\/6153"}],"wp:attachment":[{"href":"https:\/\/www.qualitester.com\/fr\/wp-json\/wp\/v2\/media?parent=5167"}],"wp:term":[{"taxonomy":"product_cat","embeddable":true,"href":"https:\/\/www.qualitester.com\/fr\/wp-json\/wp\/v2\/product_cat?post=5167"},{"taxonomy":"product_tag","embeddable":true,"href":"https:\/\/www.qualitester.com\/fr\/wp-json\/wp\/v2\/product_tag?post=5167"}],"curies":[{"name":"wp","href":"https:\/\/api.w.org\/{rel}","templated":true}]}}