{"id":5149,"date":"2024-10-31T11:42:15","date_gmt":"2024-10-31T03:42:15","guid":{"rendered":"https:\/\/www.qualitester.com\/?post_type=product&#038;p=5149"},"modified":"2024-12-04T16:20:18","modified_gmt":"2024-12-04T08:20:18","slug":"sale-film-friction-peel-tester","status":"publish","type":"product","link":"https:\/\/www.qualitester.com\/fr\/produit\/sale-film-friction-peel-tester\/","title":{"rendered":"Testeur de frottement\/d\u00e9collement de film FPT-01"},"content":{"rendered":"<h2>Pr\u00e9sentation du testeur de frottement\/d\u00e9collement de film<\/h2>\n<p>Le testeur de frottement\/de pelage de film est un instrument avanc\u00e9 con\u00e7u pour mesurer avec pr\u00e9cision la r\u00e9sistance au frottement et au pelage sur une large gamme de mat\u00e9riaux. Avec des applications couvrant des secteurs tels que l&#039;emballage, les dispositifs m\u00e9dicaux, les produits pharmaceutiques et les textiles, cet appareil polyvalent joue un r\u00f4le crucial dans le contr\u00f4le qualit\u00e9, le d\u00e9veloppement de produits et la recherche.<\/p>\n<h2>Caract\u00e9ristiques principales du testeur de friction\/d\u00e9collement de film<\/h2>\n<h3>Test COF<\/h3>\n<p>Ce testeur mesure avec pr\u00e9cision les coefficients de frottement statiques et cin\u00e9tiques, essentiels pour comprendre les interactions des mat\u00e9riaux.<\/p>\n<h3>Test de pelage<\/h3>\n<p>Il effectue \u00e9galement des tests d\u00e9licats de force de pelage sur divers mat\u00e9riaux, notamment des papiers antiadh\u00e9sifs, des rubans adh\u00e9sifs et des films protecteurs.<\/p>\n<h2>Sp\u00e9cifications techniques<\/h2>\n<ul>\n<li>Conception du syst\u00e8me : Le testeur comprend une cellule de charge \u00e0 position fixe avec un couvercle de protection, garantissant un fonctionnement s\u00fbr. Le m\u00e9canisme \u00e0 tra\u00eeneau facilite les tests pr\u00e9cis, o\u00f9 les \u00e9chantillons sont solidement fix\u00e9s et les forces de pelage sont enregistr\u00e9es pendant la s\u00e9paration.<\/li>\n<li>Interface conviviale : Dot\u00e9 d&#039;un syst\u00e8me contr\u00f4l\u00e9 par PLC, le testeur de friction\/pelage de film fonctionne via un \u00e9cran tactile IHM intuitif, ce qui facilite la navigation et l&#039;utilisation pour les utilisateurs.<\/li>\n<\/ul>\n<h3>Param\u00e8tre principal<\/h3>\n<table>\n<tbody>\n<tr>\n<td width=\"156\">Plage de force<\/td>\n<td width=\"152\">5 N (ou selon les besoins)<\/td>\n<\/tr>\n<tr>\n<td width=\"156\">Pr\u00e9cision<\/td>\n<td width=\"152\">\u00b10,5%<\/td>\n<\/tr>\n<tr>\n<td width=\"156\">R\u00e9solution<\/td>\n<td width=\"152\">0,001 N<\/td>\n<\/tr>\n<tr>\n<td width=\"156\">Plage de d\u00e9placement<\/td>\n<td width=\"152\">0,1 ~ 95 mm<\/td>\n<\/tr>\n<tr>\n<td width=\"156\">Pr\u00e9cision<\/td>\n<td width=\"152\">\u00b10,1 mm<\/td>\n<\/tr>\n<tr>\n<td width=\"156\">Plage de temp\u00e9rature<\/td>\n<td width=\"152\">Ambiante ~ 210\u00b0C<\/td>\n<\/tr>\n<tr>\n<td width=\"156\">Pr\u00e9cision<\/td>\n<td width=\"152\">\u00b10,5\u00b0C<\/td>\n<\/tr>\n<tr>\n<td width=\"156\">Nombre de sp\u00e9cimens<\/td>\n<td width=\"152\">2<\/td>\n<\/tr>\n<tr>\n<td width=\"156\">Taille de l&#039;\u00e9chantillon<\/td>\n<td width=\"152\">110*15 mm, L*l<\/td>\n<\/tr>\n<tr>\n<td width=\"156\">Alimentation \u00e9lectrique<\/td>\n<td width=\"152\">220V 50Hz<\/td>\n<\/tr>\n<\/tbody>\n<\/table>\n<h2>Conformit\u00e9 aux normes de l&#039;industrie<\/h2>\n<ul>\n<li><a href=\"https:\/\/www.astm.org\/d1894-14.html\" target=\"_blank\" rel=\"noopener nofollow\"><strong>ASTM D1894<\/strong><\/a>: Coefficient de frottement pour les plastiques<\/li>\n<li><strong>ASTM D3330<\/strong>: Adh\u00e9sion pelable pour ruban adh\u00e9sif sensible \u00e0 la pression (180\u00b0)<\/li>\n<li><strong>ISO 8295<\/strong>: Coefficient de frottement pour les plastiques, garantissant la qualit\u00e9 des mat\u00e9riaux lors de la fabrication.<\/li>\n<li><strong>TAPPI T816<\/strong>: Coefficient de frottement pour le carton ondul\u00e9 et le carton.<\/li>\n<li><strong>TAPPI T549<\/strong>: Coefficient de frottement pour papier d&#039;\u00e9criture et d&#039;impression non couch\u00e9.<\/li>\n<\/ul>\n<h2>Applications du testeur de frottement\/d\u00e9collement de film<\/h2>\n<p>Le testeur de friction\/pelage de film est utilis\u00e9 dans divers secteurs, notamment :<\/p>\n<ol>\n<li><strong>Conditionnement<\/strong>:Assurer que les mat\u00e9riaux d\u2019emballage r\u00e9pondent aux normes de performance.<\/li>\n<li><strong>Adh\u00e9sif<\/strong>:Test de fiabilit\u00e9 des adh\u00e9sifs et des mat\u00e9riaux barri\u00e8res.<\/li>\n<li><strong>Industrie alimentaire<\/strong>:\u00c9valuation de la r\u00e9sistance des joints et de l&#039;interaction des mat\u00e9riaux pour la s\u00e9curit\u00e9 et la qualit\u00e9.<\/li>\n<li><strong>Textiles<\/strong> <strong>et consommateur<\/strong> <strong>Marchandises<\/strong>:\u00c9valuation des propri\u00e9t\u00e9s des mat\u00e9riaux pour am\u00e9liorer la durabilit\u00e9 et la fonctionnalit\u00e9 du produit.<\/li>\n<\/ol>\n<h2>Avantages du testeur de friction\/d\u00e9collement de film<\/h2>\n<ul>\n<li><strong>Am\u00e9lioration des performances du produit<\/strong>:En mesurant avec pr\u00e9cision la friction et la r\u00e9sistance au pelage, les fabricants peuvent am\u00e9liorer la qualit\u00e9 et la durabilit\u00e9 des produits.<\/li>\n<li><strong>Analyse des donn\u00e9es en temps r\u00e9el<\/strong>:Le syst\u00e8me fournit des r\u00e9sultats imm\u00e9diats, y compris des repr\u00e9sentations graphiques des donn\u00e9es pour une interpr\u00e9tation facile.<\/li>\n<li><strong>Fonctionnalit\u00e9s avanc\u00e9es<\/strong>:Les fonctionnalit\u00e9s suppl\u00e9mentaires incluent l\u2019impression int\u00e9gr\u00e9e et un logiciel en option pour une gestion compl\u00e8te des donn\u00e9es.<\/li>\n<\/ul>\n<p>Le <strong><a href=\"https:\/\/www.qualitester.com\/fr\/produit\/coefficient-of-friction-tester-cof-01\/\" target=\"_blank\" rel=\"noopener\">Friction du film<\/a>\/Testeur de pelage<\/strong> est un outil essentiel pour toute organisation ax\u00e9e sur la qualit\u00e9 des mat\u00e9riaux et la conformit\u00e9 aux normes de l&#039;industrie. En fournissant des mesures pr\u00e9cises et en adh\u00e9rant \u00e0 des protocoles de test reconnus, ce testeur aide les fabricants \u00e0 obtenir des performances optimales des produits. D\u00e9couvrez d\u00e8s aujourd&#039;hui les capacit\u00e9s du testeur de friction\/de pelage de film pour vous assurer que vos mat\u00e9riaux r\u00e9pondent aux normes de qualit\u00e9 les plus \u00e9lev\u00e9es.<\/p>\n<h2>Produits connexes<\/h2>\n<blockquote class=\"wp-embedded-content\" data-secret=\"hdCaSFydsl\"><p><a href=\"https:\/\/www.qualitester.com\/fr\/produit\/coefficient-of-friction-tester-cof-01\/\">COF-01 Testeur de coefficient de frottement<\/a><\/p><\/blockquote>\n<p><iframe class=\"wp-embedded-content\" sandbox=\"allow-scripts\" security=\"restricted\" style=\"position: absolute; visibility: hidden;\" title=\"\u300a COF-01 Coefficient of Friction Tester \u300b\u2014Material Quality Tester\" src=\"https:\/\/www.qualitester.com\/product\/coefficient-of-friction-tester-cof-01\/embed\/#?secret=KfrAZiIKcT#?secret=hdCaSFydsl\" data-secret=\"hdCaSFydsl\" width=\"500\" height=\"282\" frameborder=\"0\" marginwidth=\"0\" marginheight=\"0\" scrolling=\"no\"><\/iframe><\/p>","protected":false},"excerpt":{"rendered":"<p>Le testeur de frottement\/de pelage de film est un instrument avanc\u00e9 con\u00e7u pour mesurer avec pr\u00e9cision la r\u00e9sistance au frottement et au pelage sur une large gamme de mat\u00e9riaux. Avec des applications couvrant des secteurs tels que l&#039;emballage, les dispositifs m\u00e9dicaux, les produits pharmaceutiques et les textiles, cet appareil polyvalent joue un r\u00f4le crucial dans le contr\u00f4le qualit\u00e9, le d\u00e9veloppement de produits et la recherche.<\/p>","protected":false},"featured_media":6139,"comment_status":"closed","ping_status":"closed","template":"","meta":{"site-sidebar-layout":"default","site-content-layout":"default","ast-global-header-display":"","ast-main-header-display":"","ast-hfb-above-header-display":"","ast-hfb-below-header-display":"","ast-hfb-mobile-header-display":"","site-post-title":"","ast-breadcrumbs-content":"","ast-featured-img":"","footer-sml-layout":"","theme-transparent-header-meta":"default","adv-header-id-meta":"","stick-header-meta":"","header-above-stick-meta":"","header-main-stick-meta":"","header-below-stick-meta":""},"product_cat":[945,953,956,955,845,954,957,958,952,959,1063,1062,683,681,106,126,132,170,171,95],"product_tag":[],"class_list":{"0":"post-5149","1":"product","2":"type-product","3":"status-publish","4":"has-post-thumbnail","6":"product_cat-180-peeling-tester","7":"product_cat-bursting-tester","8":"product_cat-cobb-tester","9":"product_cat-crush-tester","10":"product_cat-customization","11":"product_cat-paper-tear-tester","12":"product_cat-plybond-tester","13":"product_cat-puncture-tester","14":"product_cat-rub-tester","15":"product_cat-stiffness-tester","16":"product_cat-tappi-t549","17":"product_cat-tappi-t816","18":"product_cat-coefficient-of-friction-tester","19":"product_cat-peel-tester","20":"product_cat-astm-d1894","21":"product_cat-astm-d3330","22":"product_cat-astm-d4917","23":"product_cat-iso-8295","24":"product_cat-iso-8510-2","25":"product_cat-products","26":"desktop-align-left","27":"tablet-align-left","28":"mobile-align-left","30":"first","31":"instock","32":"shipping-taxable","33":"product-type-simple"},"_links":{"self":[{"href":"https:\/\/www.qualitester.com\/fr\/wp-json\/wp\/v2\/product\/5149","targetHints":{"allow":["GET"]}}],"collection":[{"href":"https:\/\/www.qualitester.com\/fr\/wp-json\/wp\/v2\/product"}],"about":[{"href":"https:\/\/www.qualitester.com\/fr\/wp-json\/wp\/v2\/types\/product"}],"replies":[{"embeddable":true,"href":"https:\/\/www.qualitester.com\/fr\/wp-json\/wp\/v2\/comments?post=5149"}],"version-history":[{"count":0,"href":"https:\/\/www.qualitester.com\/fr\/wp-json\/wp\/v2\/product\/5149\/revisions"}],"wp:featuredmedia":[{"embeddable":true,"href":"https:\/\/www.qualitester.com\/fr\/wp-json\/wp\/v2\/media\/6139"}],"wp:attachment":[{"href":"https:\/\/www.qualitester.com\/fr\/wp-json\/wp\/v2\/media?parent=5149"}],"wp:term":[{"taxonomy":"product_cat","embeddable":true,"href":"https:\/\/www.qualitester.com\/fr\/wp-json\/wp\/v2\/product_cat?post=5149"},{"taxonomy":"product_tag","embeddable":true,"href":"https:\/\/www.qualitester.com\/fr\/wp-json\/wp\/v2\/product_tag?post=5149"}],"curies":[{"name":"wp","href":"https:\/\/api.w.org\/{rel}","templated":true}]}}