{"id":5127,"date":"2024-10-29T17:00:41","date_gmt":"2024-10-29T09:00:41","guid":{"rendered":"https:\/\/www.qualitester.com\/?post_type=product&#038;p=5127"},"modified":"2024-12-05T11:54:55","modified_gmt":"2024-12-05T03:54:55","slug":"sale-hardness-test-apparatus-for-tablet","status":"publish","type":"product","link":"https:\/\/www.qualitester.com\/fr\/produit\/sale-hardness-test-apparatus-for-tablet\/","title":{"rendered":"Testeur de compression de comprim\u00e9s MPT-02"},"content":{"rendered":"<p><strong>Appareil de test de duret\u00e9 pour tablette<\/strong> est un instrument avanc\u00e9 con\u00e7u pour tester avec pr\u00e9cision et fiabilit\u00e9 la duret\u00e9 des comprim\u00e9s, un processus essentiel dans l&#039;industrie pharmaceutique. En \u00e9valuant la r\u00e9sistance \u00e0 la compression des comprim\u00e9s, cet appareil garantit que les comprim\u00e9s conservent leur int\u00e9grit\u00e9 physique pendant la production, le stockage et l&#039;utilisation, pr\u00e9servant ainsi l&#039;efficacit\u00e9 du m\u00e9dicament et la s\u00e9curit\u00e9 des patients. Les fabricants de produits pharmaceutiques s&#039;appuient sur les tests de duret\u00e9 des comprim\u00e9s non seulement pour r\u00e9pondre \u00e0 des normes r\u00e9glementaires strictes, mais \u00e9galement pour am\u00e9liorer la qualit\u00e9 des produits et la comp\u00e9titivit\u00e9 sur le march\u00e9.<\/p>\n<h2>Importance du test de duret\u00e9 des comprim\u00e9s dans la production pharmaceutique<\/h2>\n<p><strong>Test de duret\u00e9 des comprim\u00e9s<\/strong> joue un r\u00f4le crucial pour garantir la qualit\u00e9 et la s\u00e9curit\u00e9 globales des comprim\u00e9s pharmaceutiques. Le test de duret\u00e9 des comprim\u00e9s permet de :<\/p>\n<ul>\n<li><strong>Assurer la qualit\u00e9 des tablettes<\/strong>:Les comprim\u00e9s de faible duret\u00e9 peuvent se fracturer pendant le transport ou la manipulation, tandis qu&#039;une duret\u00e9 excessive peut entraver la d\u00e9sint\u00e9gration du comprim\u00e9, affectant n\u00e9gativement la lib\u00e9ration du m\u00e9dicament et la biodisponibilit\u00e9. Une plage de duret\u00e9 optimale garantit que les comprim\u00e9s r\u00e9sistent \u00e0 la manipulation sans compromettre l&#039;efficacit\u00e9 th\u00e9rapeutique.<\/li>\n<li><strong>Optimiser les processus de production<\/strong>:Les tests de duret\u00e9 de routine aident \u00e0 identifier les incoh\u00e9rences dans la production, telles qu&#039;une force de compression inappropri\u00e9e ou des probl\u00e8mes de formulation, permettant aux fabricants d&#039;ajuster rapidement les processus et d&#039;am\u00e9liorer l&#039;uniformit\u00e9 des comprim\u00e9s.<\/li>\n<li><strong>Guide de conception de produits<\/strong>:Les donn\u00e9es de duret\u00e9 aident \u00e0 concevoir de nouvelles formulations qui r\u00e9pondent \u00e0 des exigences sp\u00e9cifiques de duret\u00e9 et de d\u00e9sint\u00e9gration, essentielles pour d\u00e9velopper des comprim\u00e9s efficaces, s\u00fbrs et conviviaux.<\/li>\n<\/ul>\n<h2>Principes des tests de duret\u00e9 des comprim\u00e9s<\/h2>\n<p><strong>Test de duret\u00e9 des comprim\u00e9s<\/strong> La m\u00e9thode consiste \u00e0 placer le comprim\u00e9 sur la plate-forme de mesure du testeur de duret\u00e9, o\u00f9 une force contr\u00f4l\u00e9e est appliqu\u00e9e par l&#039;interm\u00e9diaire d&#039;un poin\u00e7on sup\u00e9rieur. Le testeur mesure soit la d\u00e9formation du comprim\u00e9, soit la force n\u00e9cessaire pour le fracturer, ce qui donne un aper\u00e7u de sa duret\u00e9. Les principales m\u00e9thodes de mesure comprennent :<\/p>\n<ul>\n<li><strong>M\u00e9thode de la profondeur d&#039;indentation<\/strong>:Cette m\u00e9thode permet de mesurer la duret\u00e9 en enregistrant la profondeur d&#039;une empreinte form\u00e9e sous une pression d\u00e9finie. Des empreintes moins profondes indiquent un comprim\u00e9 plus dur, ce qui rend cette m\u00e9thode efficace pour les contr\u00f4les de consistance.<\/li>\n<li><strong>M\u00e9thode de r\u00e9sistance \u00e0 l&#039;\u00e9crasement<\/strong>:Cette approche mesure la force n\u00e9cessaire pour \u00e9craser le comprim\u00e9. Une force plus importante implique un comprim\u00e9 plus dur, offrant des donn\u00e9es essentielles pour le contr\u00f4le qualit\u00e9 et la conformit\u00e9.<\/li>\n<\/ul>\n<h2>Principales caract\u00e9ristiques de l&#039;appareil d&#039;essai de duret\u00e9<\/h2>\n<p>Ce <strong>appareil d&#039;essai de duret\u00e9<\/strong> est con\u00e7u avec des fonctionnalit\u00e9s avanc\u00e9es pour garantir la pr\u00e9cision, la durabilit\u00e9 et la facilit\u00e9 d&#039;utilisation dans les environnements pharmaceutiques\u00a0:<\/p>\n<ul>\n<li><strong>Interface conviviale<\/strong>:\u00c9quip\u00e9 d&#039;un \u00e9cran tactile HMI de 7 pouces pour une utilisation intuitive et une navigation facile.<\/li>\n<li><strong>Stabilit\u00e9 de niveau industriel<\/strong>:Construit avec une unit\u00e9 de contr\u00f4le PLC haute performance pour des r\u00e9sultats de test fiables et coh\u00e9rents.<\/li>\n<li><strong>Composants de haute pr\u00e9cision<\/strong>:\n<ul>\n<li><strong>Cellule de charge<\/strong>:Fournit des mesures de force pr\u00e9cises, essentielles pour la conformit\u00e9 r\u00e9glementaire et l&#039;assurance qualit\u00e9.<\/li>\n<li><strong>Syst\u00e8me de vis \u00e0 billes<\/strong>: Fournit une application de force pr\u00e9cise, minimisant la variabilit\u00e9 des r\u00e9sultats des tests.<\/li>\n<\/ul>\n<\/li>\n<li><strong>Vitesse de test r\u00e9glable<\/strong>:Permet aux op\u00e9rateurs de modifier les vitesses de test en fonction des exigences de test sp\u00e9cifiques, am\u00e9liorant ainsi la polyvalence dans divers sc\u00e9narios de test.<\/li>\n<li><strong>Affichage des donn\u00e9es en temps r\u00e9el<\/strong>:Affiche les donn\u00e9es de force en temps r\u00e9el pendant les tests, fournissant un retour d&#039;information et un suivi imm\u00e9diats pour un contr\u00f4le qualit\u00e9 efficace.<\/li>\n<li><strong>\u00c9talonnage facile<\/strong>:Un processus d\u2019\u00e9talonnage simplifi\u00e9 permet de gagner du temps et de garantir une pr\u00e9cision conforme aux normes de l\u2019industrie.<\/li>\n<li><strong>Capacit\u00e9s de test polyvalentes<\/strong>:Livr\u00e9 avec plusieurs montages pour s&#039;adapter \u00e0 diff\u00e9rentes configurations de test, rendant l&#039;appareil adaptable \u00e0 diverses tailles et formulations de comprim\u00e9s.<\/li>\n<li><strong>Fonctionnalit\u00e9s suppl\u00e9mentaires<\/strong>:\n<ul>\n<li>Comprend un limiteur de position et une fonction de retour automatique pour une manipulation efficace.<\/li>\n<li>Sortie micro-imprimante optionnelle et int\u00e9gration logicielle pour la gestion et la tra\u00e7abilit\u00e9 des donn\u00e9es.<\/li>\n<\/ul>\n<\/li>\n<\/ul>\n<h2>Principaux param\u00e8tres du testeur de duret\u00e9 des comprim\u00e9s<\/h2>\n<p>Cet appareil est con\u00e7u pour r\u00e9pondre aux normes les plus strictes en mati\u00e8re de tests pharmaceutiques. Les principales sp\u00e9cifications comprennent\u00a0:<\/p>\n<ul>\n<li><strong>Plage de charge<\/strong>:Large gamme pour s&#039;adapter \u00e0 diff\u00e9rents niveaux de duret\u00e9 des comprim\u00e9s.<\/li>\n<li><strong>Pr\u00e9cision et r\u00e9solution<\/strong>:Haute pr\u00e9cision pour des r\u00e9sultats coh\u00e9rents et reproductibles.<\/li>\n<li><strong>Plage de vitesse de test<\/strong>:Vitesse de test r\u00e9glables pour r\u00e9pondre \u00e0 des besoins de test sp\u00e9cifiques.<\/li>\n<li><strong>Dimensions<\/strong>:Conception compacte adapt\u00e9e aux environnements de laboratoire ou de production.<\/li>\n<\/ul>\n<h2>Applications de l&#039;appareil de test de duret\u00e9 des comprim\u00e9s dans l&#039;industrie<\/h2>\n<p>Le <strong>appareil d&#039;essai de duret\u00e9 pour comprim\u00e9<\/strong> a de larges applications dans les domaines de la production pharmaceutique et de la recherche :<\/p>\n<ul>\n<li><strong>Production pharmaceutique<\/strong>: Assure la qualit\u00e9, l\u2019uniformit\u00e9 et la conformit\u00e9 r\u00e9glementaire des comprim\u00e9s pendant la production de masse.<\/li>\n<li><strong>Recherche et d\u00e9veloppement<\/strong>:Fournit des donn\u00e9es essentielles pour le d\u00e9veloppement et le perfectionnement des formulations de m\u00e9dicaments, soutenant la cr\u00e9ation de m\u00e9dicaments efficaces et s\u00fbrs.<\/li>\n<li><strong>Contr\u00f4le de qualit\u00e9<\/strong>:Les tests de duret\u00e9 de routine sur les lignes de production et les contr\u00f4les de qualit\u00e9 garantissent la coh\u00e9rence et la fiabilit\u00e9 des produits pharmaceutiques, r\u00e9pondant \u00e0 la fois aux normes r\u00e9glementaires et aux besoins des patients.<\/li>\n<\/ul>\n<h2>Avantages de l&#039;utilisation de l&#039;appareil de test de duret\u00e9 pour le contr\u00f4le de la qualit\u00e9 des comprim\u00e9s<\/h2>\n<p>Avec des fonctionnalit\u00e9s avanc\u00e9es et des fonctionnalit\u00e9s flexibles, ce <strong>appareil d&#039;essai de duret\u00e9 pour comprim\u00e9<\/strong> offre de nombreux avantages aux industriels :<\/p>\n<ul>\n<li><strong>Am\u00e9lioration de la coh\u00e9rence du produit<\/strong>: Permet un contr\u00f4le qualit\u00e9 fiable, am\u00e9liorant la qualit\u00e9 globale des comprim\u00e9s pharmaceutiques.<\/li>\n<li><strong>Gestion simplifi\u00e9e des donn\u00e9es<\/strong>:Les r\u00e9sultats en temps r\u00e9el et la sortie de donn\u00e9es facultative permettent un suivi facile, am\u00e9liorant ainsi l&#039;efficacit\u00e9 et la tra\u00e7abilit\u00e9.<\/li>\n<li><strong>Conformit\u00e9 r\u00e9glementaire<\/strong>: Simplifie le respect de normes de qualit\u00e9 strictes, garantissant que les comprim\u00e9s r\u00e9pondent aux sp\u00e9cifications requises pour la mise sur le march\u00e9.<\/li>\n<\/ul>","protected":false},"excerpt":{"rendered":"<p><strong>Appareil de test de duret\u00e9 pour tablette<\/strong> est un instrument avanc\u00e9 con\u00e7u pour tester avec pr\u00e9cision et fiabilit\u00e9 la duret\u00e9 des comprim\u00e9s, un processus essentiel dans l&#039;industrie pharmaceutique. En \u00e9valuant la r\u00e9sistance \u00e0 la compression des comprim\u00e9s, cet appareil garantit que les comprim\u00e9s conservent leur int\u00e9grit\u00e9 physique pendant la production, le stockage et l&#039;utilisation, pr\u00e9servant ainsi l&#039;efficacit\u00e9 du m\u00e9dicament et la s\u00e9curit\u00e9 des patients. Les fabricants de produits pharmaceutiques s&#039;appuient sur les tests de duret\u00e9 des comprim\u00e9s non seulement pour r\u00e9pondre \u00e0 des normes r\u00e9glementaires strictes, mais \u00e9galement pour am\u00e9liorer la qualit\u00e9 des produits et la comp\u00e9titivit\u00e9 sur le march\u00e9.<\/p>","protected":false},"featured_media":6217,"comment_status":"closed","ping_status":"closed","template":"","meta":{"site-sidebar-layout":"default","site-content-layout":"default","ast-global-header-display":"","ast-main-header-display":"","ast-hfb-above-header-display":"","ast-hfb-below-header-display":"","ast-hfb-mobile-header-display":"","site-post-title":"","ast-breadcrumbs-content":"","ast-featured-img":"","footer-sml-layout":"","theme-transparent-header-meta":"default","adv-header-id-meta":"","stick-header-meta":"","header-above-stick-meta":"","header-main-stick-meta":"","header-below-stick-meta":""},"product_cat":[1054,845,149,95],"product_tag":[],"class_list":{"0":"post-5127","1":"product","2":"type-product","3":"status-publish","4":"has-post-thumbnail","6":"product_cat-hardness-tester","7":"product_cat-customization","8":"product_cat-pharma-and-medical-testers","9":"product_cat-products","10":"desktop-align-left","11":"tablet-align-left","12":"mobile-align-left","14":"first","15":"instock","16":"shipping-taxable","17":"product-type-simple"},"_links":{"self":[{"href":"https:\/\/www.qualitester.com\/fr\/wp-json\/wp\/v2\/product\/5127","targetHints":{"allow":["GET"]}}],"collection":[{"href":"https:\/\/www.qualitester.com\/fr\/wp-json\/wp\/v2\/product"}],"about":[{"href":"https:\/\/www.qualitester.com\/fr\/wp-json\/wp\/v2\/types\/product"}],"replies":[{"embeddable":true,"href":"https:\/\/www.qualitester.com\/fr\/wp-json\/wp\/v2\/comments?post=5127"}],"version-history":[{"count":0,"href":"https:\/\/www.qualitester.com\/fr\/wp-json\/wp\/v2\/product\/5127\/revisions"}],"wp:featuredmedia":[{"embeddable":true,"href":"https:\/\/www.qualitester.com\/fr\/wp-json\/wp\/v2\/media\/6217"}],"wp:attachment":[{"href":"https:\/\/www.qualitester.com\/fr\/wp-json\/wp\/v2\/media?parent=5127"}],"wp:term":[{"taxonomy":"product_cat","embeddable":true,"href":"https:\/\/www.qualitester.com\/fr\/wp-json\/wp\/v2\/product_cat?post=5127"},{"taxonomy":"product_tag","embeddable":true,"href":"https:\/\/www.qualitester.com\/fr\/wp-json\/wp\/v2\/product_tag?post=5127"}],"curies":[{"name":"wp","href":"https:\/\/api.w.org\/{rel}","templated":true}]}}