{"id":5124,"date":"2024-10-29T16:56:05","date_gmt":"2024-10-29T08:56:05","guid":{"rendered":"https:\/\/www.qualitester.com\/?post_type=product&#038;p=5124"},"modified":"2024-12-05T12:00:24","modified_gmt":"2024-12-05T04:00:24","slug":"sale-syringe-plunger-glide-force-tester","status":"publish","type":"product","link":"https:\/\/www.qualitester.com\/fr\/produit\/sale-syringe-plunger-glide-force-tester\/","title":{"rendered":"Testeur de seringues m\u00e9dicales MST-01"},"content":{"rendered":"<p>Le <strong>Testeur de force de glissement du piston de la seringue<\/strong> est un instrument sp\u00e9cialis\u00e9 con\u00e7u pour mesurer la force requise pour actionner le piston des seringues hypodermiques, garantissant ainsi la qualit\u00e9 et la s\u00e9curit\u00e9 des dispositifs m\u00e9dicaux utilis\u00e9s dans les soins aux patients. Ax\u00e9 sur la pr\u00e9cision et la conformit\u00e9 aux normes de l&#039;industrie, ce testeur est indispensable dans les emballages m\u00e9dicaux et les tests pharmaceutiques, offrant des \u00e9valuations pr\u00e9cises des performances des seringues. En d\u00e9terminant des param\u00e8tres cl\u00e9s tels que la force de glissement du piston et la force de glissement du piston, cet instrument est essentiel pour les fabricants qui souhaitent r\u00e9pondre aux exigences r\u00e9glementaires et fournir des produits s\u00fbrs aux utilisateurs finaux.<\/p>\n<h2>Conformit\u00e9 \u00e0 la norme ISO 7886-1 et son importance<\/h2>\n<p>Le testeur de force de glissement du piston de seringue est enti\u00e8rement conforme aux normes <a href=\"https:\/\/www.iso.org\/standard\/64790.html\" target=\"_blank\" rel=\"noopener nofollow\"><strong>ISO 7886-1<\/strong><\/a>, une norme internationale r\u00e9gissant la conception et les tests de seringues hypodermiques st\u00e9riles \u00e0 usage unique. <a href=\"https:\/\/www.qualitester.com\/fr\/categorie-produit\/iso\/iso-7886-1\/\" target=\"_blank\" rel=\"noopener\">ISO 7886-1<\/a> sp\u00e9cifie les m\u00e9thodes d&#039;\u00e9valuation de la fonctionnalit\u00e9 des seringues, y compris la mesure de la force de glissement, afin de garantir la facilit\u00e9 d&#039;utilisation et les performances de la seringue dans des conditions vari\u00e9es. Les tests conformes \u00e0 la norme ISO 7886-1 contribuent non seulement \u00e0 garantir la s\u00e9curit\u00e9 de l&#039;utilisateur, mais aident \u00e9galement les fabricants \u00e0 respecter les normes r\u00e9glementaires essentielles \u00e0 l&#039;approbation du march\u00e9.<\/p>\n<h2>M\u00e9thodes de test polyvalentes<\/h2>\n<p>Ce <strong>Testeur de force de glissement du piston de la seringue<\/strong> propose une vari\u00e9t\u00e9 de m\u00e9thodes de test pour \u00e9valuer plusieurs aspects des performances des seringues, y compris, mais sans s&#039;y limiter\u00a0:<\/p>\n<ul>\n<li><strong>Mesure de la force de glissement du piston<\/strong>:Mesure pr\u00e9cis\u00e9ment la force requise pour actionner le piston de la seringue, essentielle pour garantir un glissement fluide et constant.<\/li>\n<li><strong>Test de r\u00e9sistance au glissement de la seringue<\/strong>:\u00c9value la r\u00e9sistance pendant le mouvement du piston pour \u00e9valuer les niveaux de friction et assurer une fonctionnalit\u00e9 optimale.<\/li>\n<li><strong>Test de fuite de liquide<\/strong>:Sous compression, ce test permet d&#039;identifier d&#039;\u00e9ventuelles fuites au niveau du bouchon du piston, v\u00e9rifiant ainsi l&#039;int\u00e9grit\u00e9 de la seringue lorsqu&#039;elle est soumise \u00e0 la pression.<\/li>\n<li><strong>Test de p\u00e9n\u00e9tration d&#039;aiguille<\/strong>:D\u00e9termine la force n\u00e9cessaire \u00e0 la p\u00e9n\u00e9tration de l&#039;aiguille, favorisant ainsi une utilisation s\u00fbre et efficace de la seringue.<\/li>\n<li><strong>Test d&#039;extraction du piston<\/strong>:Mesure la force requise pour retirer le piston, testant ainsi la r\u00e9silience structurelle de la seringue et la s\u00e9curit\u00e9 de l&#039;utilisateur.<\/li>\n<\/ul>\n<p>Ces tests permettent d\u2019obtenir une compr\u00e9hension compl\u00e8te des propri\u00e9t\u00e9s m\u00e9caniques de la seringue, garantissant ainsi sa fiabilit\u00e9 et sa s\u00e9curit\u00e9 dans son application finale.<\/p>\n<h2>Applications \u00e9tendues dans tous les secteurs<\/h2>\n<p>Le <strong>Testeur de force de glissement du piston de la seringue<\/strong> est largement utilis\u00e9 dans des secteurs tels que :<\/p>\n<ul>\n<li><strong>Emballage m\u00e9dical<\/strong>: Garantit que les seringues r\u00e9pondent aux normes m\u00e9caniques n\u00e9cessaires.<\/li>\n<li><strong>Tests pharmaceutiques<\/strong>: Valide les performances des seringues, aidant ainsi les soci\u00e9t\u00e9s pharmaceutiques \u00e0 garantir la qualit\u00e9 des produits.<\/li>\n<li><strong>Agences de contr\u00f4le de la qualit\u00e9<\/strong>:Fournit une assurance r\u00e9glementaire en confirmant que les seringues m\u00e9dicales sont conformes aux normes de s\u00e9curit\u00e9.<\/li>\n<\/ul>\n<p>Gr\u00e2ce \u00e0 ces applications, le testeur soutient les efforts de contr\u00f4le qualit\u00e9, donnant aux fabricants et aux organismes de r\u00e9glementation confiance dans la fonctionnalit\u00e9 et la s\u00e9curit\u00e9 des seringues.<\/p>\n<h2>Principaux avantages<\/h2>\n<ul>\n<li><strong>Tests multifonctionnels<\/strong>:Int\u00e9gr\u00e9 \u00e0 plusieurs programmes de test dans une seule machine, cet appareil est rentable et polyvalent pour diverses t\u00e2ches d&#039;assurance qualit\u00e9.<\/li>\n<li><strong>Conception de programme d\u00e9finie par l&#039;utilisateur<\/strong>:Des programmes de tests personnalis\u00e9s sont disponibles pour r\u00e9pondre aux exigences sp\u00e9cifiques des utilisateurs, s&#039;adaptant \u00e0 diff\u00e9rents types et tailles de seringues.<\/li>\n<li><strong>Processus conformes aux normes<\/strong>:Les processus de test sont strictement conformes aux normes ISO, favorisant des r\u00e9sultats fiables et coh\u00e9rents entre les lots.<\/li>\n<li><strong>Flexibilit\u00e9 pour divers mat\u00e9riaux m\u00e9dicaux<\/strong>:Adaptable aux besoins uniques des tests de qualit\u00e9 m\u00e9dicale, am\u00e9liorant sa facilit\u00e9 d&#039;utilisation pour une large gamme d&#039;applications m\u00e9dicales.<\/li>\n<\/ul>\n<h2>Fonctionnalit\u00e9s techniques avanc\u00e9es<\/h2>\n<p>Le testeur de force de glissement du piston de seringue int\u00e8gre des fonctionnalit\u00e9s techniques de pointe pour garantir la pr\u00e9cision et la facilit\u00e9 d&#039;utilisation :<\/p>\n<ul>\n<li><strong>Unit\u00e9 de contr\u00f4le PLC<\/strong>: Assure un contr\u00f4le et une surveillance pr\u00e9cis de tous les param\u00e8tres de test, offrant des r\u00e9sultats de test fiables et r\u00e9p\u00e9tables.<\/li>\n<li><strong>\u00c9cran tactile HMI de 7 pouces<\/strong>:Fournit une interface conviviale, permettant aux op\u00e9rateurs de d\u00e9finir et de surveiller les tests en toute simplicit\u00e9.<\/li>\n<li><strong>M\u00e9canisme \u00e0 vis \u00e0 billes de pr\u00e9cision<\/strong>: Am\u00e9liore la vitesse et la pr\u00e9cision du d\u00e9placement pour des conditions de test fiables.<\/li>\n<li><strong>Vitesse de test variable<\/strong>:R\u00e9glable de 1 \u00e0 500 mm\/min, permettant une approche personnalis\u00e9e en fonction des exigences du test.<\/li>\n<li><strong>Caract\u00e9ristiques de s\u00e9curit\u00e9<\/strong>:Comprend des limiteurs de position, une protection contre les surcharges et une fonction de retour automatique pour \u00e9viter les dommages et assurer la s\u00e9curit\u00e9 de l&#039;op\u00e9rateur.<\/li>\n<\/ul>\n<h2>Pinces personnalisables pour tests sp\u00e9cialis\u00e9s<\/h2>\n<p>Le testeur de force de glissement du piston de seringue est dot\u00e9 de pinces personnalisables fabriqu\u00e9es \u00e0 la demande pour s&#039;adapter \u00e0 une gamme de mod\u00e8les de seringues. Cette flexibilit\u00e9 permet aux utilisateurs d&#039;adapter l&#039;appareil \u00e0 diverses configurations, garantissant ainsi que chaque test est pr\u00e9cis, pertinent et fiable.<\/p>\n<h2>Param\u00e8tres principaux<\/h2>\n<table>\n<thead>\n<tr>\n<th>Param\u00e8tre<\/th>\n<th>Sp\u00e9cification<\/th>\n<\/tr>\n<\/thead>\n<tbody>\n<tr>\n<td style=\"text-align: center;\"><strong>Plage de test<\/strong><\/td>\n<td style=\"text-align: center;\">50N (personnalisable selon les besoins)<\/td>\n<\/tr>\n<tr>\n<td style=\"text-align: center;\"><strong>Accident vasculaire c\u00e9r\u00e9bral<\/strong><\/td>\n<td style=\"text-align: center;\">200 mm (sans pince)<\/td>\n<\/tr>\n<tr>\n<td style=\"text-align: center;\"><strong>Vitesse de test<\/strong><\/td>\n<td style=\"text-align: center;\">1 \u00e0 500 mm\/min<\/td>\n<\/tr>\n<tr>\n<td style=\"text-align: center;\"><strong>Pr\u00e9cision du d\u00e9placement<\/strong><\/td>\n<td style=\"text-align: center;\">0,01 mm<\/td>\n<\/tr>\n<tr>\n<td style=\"text-align: center;\"><strong>Pr\u00e9cision globale<\/strong><\/td>\n<td style=\"text-align: center;\">0,5% FS<\/td>\n<\/tr>\n<tr>\n<td style=\"text-align: center;\"><strong>Options de sortie<\/strong><\/td>\n<td style=\"text-align: center;\">\u00c9cran, Microprinter, RS232 (en option)<\/td>\n<\/tr>\n<tr>\n<td style=\"text-align: center;\"><strong>Alimentation \u00e9lectrique<\/strong><\/td>\n<td style=\"text-align: center;\">110~220V<\/td>\n<\/tr>\n<\/tbody>\n<\/table>\n<h2>FAQ<\/h2>\n<ol>\n<li><strong>Quel est le but du testeur de force de glissement du piston de la seringue ?<\/strong>\n<ul>\n<li>Il mesure la force n\u00e9cessaire pour d\u00e9placer le piston de la seringue, garantissant ainsi qu&#039;il r\u00e9pond aux normes de qualit\u00e9 pour un fonctionnement fluide et la s\u00e9curit\u00e9 du patient.<\/li>\n<\/ul>\n<\/li>\n<li><strong>Comment ce testeur est-il conforme \u00e0 la norme ISO 7886-1 ?<\/strong>\n<ul>\n<li>Le testeur est conforme aux exigences de la norme ISO 7886-1, offrant des m\u00e9thodes de test standardis\u00e9es pour v\u00e9rifier les performances et la facilit\u00e9 d&#039;utilisation des seringues.<\/li>\n<\/ul>\n<\/li>\n<li><strong>Le testeur peut-il s&#039;adapter \u00e0 diff\u00e9rentes conceptions de seringues ?<\/strong>\n<ul>\n<li>Oui, le testeur comprend des pinces personnalisables qui s&#039;adaptent \u00e0 diff\u00e9rentes conceptions de seringues, permettant des tests flexibles.<\/li>\n<\/ul>\n<\/li>\n<li><strong>Quels types de tests peuvent \u00eatre effectu\u00e9s avec cet instrument ?<\/strong>\n<ul>\n<li>Les tests comprennent la force de glissement du piston, la r\u00e9sistance au glissement de la seringue, la fuite de liquide, la p\u00e9n\u00e9tration de l&#039;aiguille et le retrait du piston.<\/li>\n<\/ul>\n<\/li>\n<li><strong>Comment la sortie des donn\u00e9es est-elle g\u00e9r\u00e9e ?<\/strong>\n<ul>\n<li>Les donn\u00e9es peuvent \u00eatre transmises \u00e0 l\u2019\u00e9cran, \u00e0 la micro-imprimante ou \u00e0 l\u2019interface RS232, offrant ainsi plusieurs fa\u00e7ons d\u2019enregistrer et d\u2019analyser les r\u00e9sultats.<\/li>\n<\/ul>\n<\/li>\n<\/ol>","protected":false},"excerpt":{"rendered":"<p>Le <strong>Testeur de force de glissement du piston de la seringue<\/strong> est un instrument sp\u00e9cialis\u00e9 con\u00e7u pour mesurer la force requise pour actionner le piston des seringues hypodermiques, garantissant ainsi la qualit\u00e9 et la s\u00e9curit\u00e9 des dispositifs m\u00e9dicaux utilis\u00e9s dans les soins aux patients. Ax\u00e9 sur la pr\u00e9cision et la conformit\u00e9 aux normes de l&#039;industrie, ce testeur est indispensable dans les emballages m\u00e9dicaux et les tests pharmaceutiques, offrant des \u00e9valuations pr\u00e9cises des performances des seringues. En d\u00e9terminant des param\u00e8tres cl\u00e9s tels que la force de glissement du piston et la force de glissement du piston, cet instrument est essentiel pour les fabricants qui souhaitent r\u00e9pondre aux exigences r\u00e9glementaires et fournir des produits s\u00fbrs aux utilisateurs finaux.<\/p>","protected":false},"featured_media":6220,"comment_status":"closed","ping_status":"closed","template":"","meta":{"site-sidebar-layout":"default","site-content-layout":"default","ast-global-header-display":"","ast-main-header-display":"","ast-hfb-above-header-display":"","ast-hfb-below-header-display":"","ast-hfb-mobile-header-display":"","site-post-title":"","ast-breadcrumbs-content":"","ast-featured-img":"","footer-sml-layout":"","theme-transparent-header-meta":"default","adv-header-id-meta":"","stick-header-meta":"","header-above-stick-meta":"","header-main-stick-meta":"","header-below-stick-meta":""},"product_cat":[679,845,1121,1122,1053,1120,1123,1124,149,95],"product_tag":[],"class_list":{"0":"post-5124","1":"product","2":"type-product","3":"status-publish","4":"has-post-thumbnail","6":"product_cat-tensile-tester","7":"product_cat-customization","8":"product_cat-iso-11040-4","9":"product_cat-iso-11608-5","10":"product_cat-iso-7886-1","11":"product_cat-iso-8537","12":"product_cat-usp","13":"product_cat-usp-382","14":"product_cat-pharma-and-medical-testers","15":"product_cat-products","16":"desktop-align-left","17":"tablet-align-left","18":"mobile-align-left","20":"first","21":"instock","22":"shipping-taxable","23":"product-type-simple"},"_links":{"self":[{"href":"https:\/\/www.qualitester.com\/fr\/wp-json\/wp\/v2\/product\/5124","targetHints":{"allow":["GET"]}}],"collection":[{"href":"https:\/\/www.qualitester.com\/fr\/wp-json\/wp\/v2\/product"}],"about":[{"href":"https:\/\/www.qualitester.com\/fr\/wp-json\/wp\/v2\/types\/product"}],"replies":[{"embeddable":true,"href":"https:\/\/www.qualitester.com\/fr\/wp-json\/wp\/v2\/comments?post=5124"}],"version-history":[{"count":0,"href":"https:\/\/www.qualitester.com\/fr\/wp-json\/wp\/v2\/product\/5124\/revisions"}],"wp:featuredmedia":[{"embeddable":true,"href":"https:\/\/www.qualitester.com\/fr\/wp-json\/wp\/v2\/media\/6220"}],"wp:attachment":[{"href":"https:\/\/www.qualitester.com\/fr\/wp-json\/wp\/v2\/media?parent=5124"}],"wp:term":[{"taxonomy":"product_cat","embeddable":true,"href":"https:\/\/www.qualitester.com\/fr\/wp-json\/wp\/v2\/product_cat?post=5124"},{"taxonomy":"product_tag","embeddable":true,"href":"https:\/\/www.qualitester.com\/fr\/wp-json\/wp\/v2\/product_tag?post=5124"}],"curies":[{"name":"wp","href":"https:\/\/api.w.org\/{rel}","templated":true}]}}