{"id":5110,"date":"2024-10-29T16:23:12","date_gmt":"2024-10-29T08:23:12","guid":{"rendered":"https:\/\/www.qualitester.com\/?post_type=product&#038;p=5110"},"modified":"2024-12-05T11:31:23","modified_gmt":"2024-12-05T03:31:23","slug":"sale-soft-gel-capsule-hardness-tester","status":"publish","type":"product","link":"https:\/\/www.qualitester.com\/fr\/produit\/sale-soft-gel-capsule-hardness-tester\/","title":{"rendered":"Testeur de duret\u00e9 des capsules de gel mou CHT-01"},"content":{"rendered":"<h2><strong>Introduction au testeur de duret\u00e9 des capsules de gel mou<\/strong><\/h2>\n<p>Dans les industries pharmaceutiques et nutraceutiques, le contr\u00f4le de la qualit\u00e9 est primordial. Il est essentiel de veiller \u00e0 ce que les capsules de gel souple conservent leur int\u00e9grit\u00e9 structurelle tout au long des processus d'emballage, de stockage et de distribution. Les <strong>Testeur de duret\u00e9 des capsules de gel mou<\/strong>, en particulier le <strong>CHT-01 Testeur de duret\u00e9 des g\u00e9lules et capsules molles<\/strong>est un instrument de haute pr\u00e9cision con\u00e7u pour mesurer la fermet\u00e9, la r\u00e9silience et la r\u00e9sistance g\u00e9n\u00e9rale des capsules. En \u00e9valuant des facteurs cl\u00e9s tels que la duret\u00e9, la d\u00e9formation et la r\u00e9sistance du sceau, ce testeur aide les fabricants \u00e0 garantir que leurs produits sont s\u00fbrs, efficaces et de haute qualit\u00e9.<\/p>\n<h2><strong>Pourquoi tester la duret\u00e9 et la fermet\u00e9 des capsules de gel mou ?<\/strong><\/h2>\n<p>Les capsules molles sont largement utilis\u00e9es pour d\u00e9livrer des vitamines, des min\u00e9raux et des m\u00e9dicaments dans une enveloppe de g\u00e9latine stable et protectrice. Pour ces capsules, il est essentiel de maintenir un niveau de fermet\u00e9 id\u00e9al, non seulement pour prot\u00e9ger les ingr\u00e9dients actifs \u00e0 l'int\u00e9rieur, mais aussi pour assurer une lib\u00e9ration contr\u00f4l\u00e9e du contenu lors de l'ingestion. Les tests de duret\u00e9 r\u00e9v\u00e8lent comment la g\u00e9lule se comportera dans diverses conditions, depuis l'emballage et le transport jusqu'\u00e0 l'exp\u00e9rience du consommateur. Le test de duret\u00e9 <strong>Testeur de duret\u00e9 des capsules de gel mou<\/strong> est essentielle pour identifier les faiblesses des parois des capsules ou des joints, afin de pr\u00e9venir les probl\u00e8mes avant qu'ils n'atteignent le march\u00e9.<\/p>\n<h2><strong>Caract\u00e9ristiques principales du testeur de duret\u00e9 des capsules de gel mou<\/strong><\/h2>\n<ul>\n<li><strong>Capacit\u00e9s d'essais de haute pr\u00e9cision<\/strong><br \/>\n\u00c9quip\u00e9 d'une technologie avanc\u00e9e telle qu'une unit\u00e9 de contr\u00f4le PLC, une vis \u00e0 billes de pr\u00e9cision et un moteur pas \u00e0 pas, ce testeur fournit des r\u00e9sultats fiables et pr\u00e9cis qui r\u00e9pondent \u00e0 des normes de qualit\u00e9 rigoureuses.<\/li>\n<li><strong>Programmes d'essai polyvalents<\/strong><br \/>\nProposer plusieurs programmes standard<strong>La force<\/strong> (application d'une force sp\u00e9cifique et mesure de la distance), <strong>Pic<\/strong> (mesure de la force maximale pour la rupture de la capsule), et <strong>Distance<\/strong> (mesure de la force \u00e0 une distance fixe), le testeur de duret\u00e9 des capsules de gel mou permet d'effectuer des tests complets pour comprendre toutes les facettes de l'int\u00e9grit\u00e9 des capsules.<\/li>\n<li><strong>Interface et contr\u00f4le conviviaux<\/strong><br \/>\nUn \u00e9cran tactile IHM de 7 pouces permet aux utilisateurs de configurer facilement les param\u00e8tres, de g\u00e9rer les programmes de test et de visualiser les r\u00e9sultats. Cette conception intuitive am\u00e9liore le flux de travail et facilite les ajustements rapides en fonction des exigences des tests.<\/li>\n<li><strong>Efficacit\u00e9 et s\u00e9curit\u00e9 accrues<\/strong><br \/>\nUne table rotative, une statique automatique pour la collecte des donn\u00e9es et une protection contre les surcharges am\u00e9liorent l'efficacit\u00e9 et la s\u00e9curit\u00e9. Ces caract\u00e9ristiques rationalisent les tests et prot\u00e8gent l'instrument contre une utilisation excessive, maximisant ainsi sa dur\u00e9e de vie et sa fiabilit\u00e9.<\/li>\n<\/ul>\n<h2><strong>M\u00e9thodes d'essai d\u00e9taill\u00e9es pour la duret\u00e9 et la fermet\u00e9 des capsules de gel mou<\/strong><\/h2>\n<ul>\n<li><strong>Test de compression<\/strong><br \/>\nLors de l'essai de compression, une sonde cylindrique de 10 mm de diam\u00e8tre ou de 10 mm\u00b2 de surface applique une pression sur la capsule jusqu'\u00e0 ce qu'elle se d\u00e9forme ou se rompe. Ce test simule les contraintes physiques auxquelles la capsule peut \u00eatre soumise dans des conditions r\u00e9elles, telles que l'emballage et le transport. En testant la compression, les fabricants obtiennent des informations sur la durabilit\u00e9 de la capsule et sa r\u00e9sistance aux dommages.<\/li>\n<li><strong>Essai de fermet\u00e9 et de r\u00e9sistance des joints<\/strong><br \/>\nL'essai de fermet\u00e9 \u00e9value la d\u00e9formation d'une capsule sous l'effet d'une charge de compression sp\u00e9cifique, ce qui donne une id\u00e9e de son \u00e9lasticit\u00e9 et de sa r\u00e9silience. En outre, le test de r\u00e9sistance du scell\u00e9 mesure la force n\u00e9cessaire pour rompre le scell\u00e9 de la capsule, ce qui garantit qu'elle ne se rompra pas pr\u00e9matur\u00e9ment et qu'elle ne lib\u00e9rera son contenu que dans les conditions pr\u00e9vues.<\/li>\n<\/ul>\n<h2><strong>Sp\u00e9cifications techniques et param\u00e8tres<\/strong><\/h2>\n<table>\n<tbody>\n<tr>\n<td width=\"184\">Plage de test<\/td>\n<td width=\"289\">0~200N (ou selon les besoins)<\/td>\n<\/tr>\n<tr>\n<td width=\"184\">Accident vasculaire c\u00e9r\u00e9bral<\/td>\n<td width=\"289\">200 mm (sans pince)<\/td>\n<\/tr>\n<tr>\n<td width=\"184\">Vitesse<\/td>\n<td width=\"289\">1~300mm\/min (ou selon les besoins)<\/td>\n<\/tr>\n<tr>\n<td width=\"184\">Pr\u00e9cision du d\u00e9placement<\/td>\n<td width=\"289\">0,01 mm<\/td>\n<\/tr>\n<tr>\n<td width=\"184\">Pr\u00e9cision<\/td>\n<td width=\"289\">0,5% FS<\/td>\n<\/tr>\n<tr>\n<td width=\"184\">Sortir<\/td>\n<td width=\"289\">\u00c9cran, micro-imprimante, RS232 (en option)<\/td>\n<\/tr>\n<tr>\n<td width=\"184\">Pouvoir<\/td>\n<td width=\"289\">110~220V 50\/60Hz<\/td>\n<\/tr>\n<\/tbody>\n<\/table>\n<h2><strong>Avantages du testeur de duret\u00e9 des capsules de gel mou<\/strong><\/h2>\n<ul>\n<li><strong>Tests complets d'assurance de la qualit\u00e9<\/strong><br \/>\nGr\u00e2ce \u00e0 ses capacit\u00e9s de tests multiples, ce testeur permet aux fabricants d'\u00e9valuer la durabilit\u00e9, l'uniformit\u00e9 et la r\u00e9sistance structurelle des capsules. Il en r\u00e9sulte une am\u00e9lioration de la qualit\u00e9 des produits et de la satisfaction des clients.<\/li>\n<li><strong>Options de fixation personnalisables pour des tests polyvalents<\/strong><br \/>\nGr\u00e2ce \u00e0 ses diff\u00e9rents dispositifs de fixation et gabarits, le testeur s'adapte \u00e0 diff\u00e9rentes tailles et formes de g\u00e9lules, ce qui le rend polyvalent pour une large gamme d'applications de gel mou.<\/li>\n<li><strong>Construit pour une durabilit\u00e9 \u00e0 long terme<\/strong><br \/>\nConstruit avec des composants robustes et des m\u00e9canismes avanc\u00e9s, le testeur est con\u00e7u pour offrir une longue dur\u00e9e de vie, maximisant le retour sur investissement tout en r\u00e9duisant les temps d'arr\u00eat et la maintenance.<\/li>\n<\/ul>\n<h2><strong>Applications de l'appareil d'essai de duret\u00e9 des capsules de gel mou<\/strong><\/h2>\n<p>Cet instrument est essentiel dans les environnements de production pharmaceutique et nutraceutique, o\u00f9 les capsules de gel mou contenant des vitamines, des min\u00e9raux et d'autres m\u00e9dicaments liquides doivent faire l'objet d'un contr\u00f4le de qualit\u00e9 strict. Le testeur de duret\u00e9 des capsules de gel mou joue un r\u00f4le crucial dans l'assurance qualit\u00e9 de la fabrication, de l'emballage et de la manipulation, en veillant \u00e0 ce que les capsules conservent leur int\u00e9grit\u00e9 et leur efficacit\u00e9 jusqu'\u00e0 ce qu'elles atteignent le consommateur.<\/p>\n<hr \/>\n<h2><strong>Rubrique FAQ<\/strong><\/h2>\n<ul>\n<li><strong>Q1<\/strong>: <em>Quels types de capsules peuvent \u00eatre test\u00e9s avec cet instrument ?<\/em><br \/>\n<strong>UN<\/strong>: Le testeur de duret\u00e9 des capsules de gel mou est id\u00e9al pour tester les capsules de gel mou utilis\u00e9es dans les produits pharmaceutiques et nutraceutiques, y compris celles contenant des vitamines et des m\u00e9dicaments liquides.<\/li>\n<li><strong>Q2<\/strong>: <em>Quelle est la signification du test de fermet\u00e9 ?<\/em><br \/>\n<strong>UN<\/strong>: Le test de fermet\u00e9 \u00e9value la r\u00e9sistance et la flexibilit\u00e9 de la paroi de la capsule, ce qui permet de s'assurer que les capsules ne se rompront pas au cours des op\u00e9rations normales de manipulation, de stockage ou d'emballage.<\/li>\n<li><strong>Q3<\/strong>: <em>Ce testeur peut-il mesurer l'\u00e9lasticit\u00e9 ?<\/em><br \/>\n<strong>UN<\/strong>: Oui, il quantifie l'\u00e9lasticit\u00e9 de la capsule en mesurant la d\u00e9formation de la paroi sous une charge compressive sp\u00e9cifi\u00e9e, ce qui garantit la souplesse et la durabilit\u00e9 des capsules.<\/li>\n<li><strong>Q4<\/strong>: <em>Le CHT-01 peut-il \u00eatre adapt\u00e9 \u00e0 des types de capsules sp\u00e9cifiques ?<\/em><br \/>\n<strong>UN<\/strong>: Oui, le testeur peut \u00eatre personnalis\u00e9 avec diff\u00e9rents dispositifs et gabarits pour s'adapter \u00e0 diff\u00e9rentes formes et tailles de capsules, ce qui le rend adapt\u00e9 \u00e0 divers besoins de test.<\/li>\n<li><strong>Q5<\/strong>: <em>Quelles sont les options de sortie disponibles pour l'enregistrement des donn\u00e9es ?<\/em><br \/>\n<strong>UN<\/strong>: Le testeur affiche les donn\u00e9es \u00e0 l'\u00e9cran, permet l'impression via une micro-imprimante et offre en option une connectivit\u00e9 RS232 pour l'exportation de donn\u00e9es num\u00e9riques.<\/li>\n<\/ul>","protected":false},"excerpt":{"rendered":"<p>Dans les industries pharmaceutiques et nutraceutiques, le contr\u00f4le de la qualit\u00e9 est primordial. Il est essentiel de veiller \u00e0 ce que les capsules de gel souple conservent leur int\u00e9grit\u00e9 structurelle tout au long des processus d'emballage, de stockage et de distribution. Les <strong>Testeur de duret\u00e9 des capsules de gel mou<\/strong>, en particulier le <strong>CHT-01 Testeur de duret\u00e9 des g\u00e9lules et capsules molles<\/strong>est un instrument de haute pr\u00e9cision con\u00e7u pour mesurer la fermet\u00e9, la r\u00e9silience et la r\u00e9sistance g\u00e9n\u00e9rale des capsules. En \u00e9valuant des facteurs cl\u00e9s tels que la duret\u00e9, la d\u00e9formation et la r\u00e9sistance du sceau, ce testeur aide les fabricants \u00e0 garantir que leurs produits sont s\u00fbrs, efficaces et de haute qualit\u00e9.<\/p>","protected":false},"featured_media":6205,"comment_status":"closed","ping_status":"closed","template":"","meta":{"site-sidebar-layout":"default","site-content-layout":"default","ast-global-header-display":"","ast-main-header-display":"","ast-hfb-above-header-display":"","ast-hfb-below-header-display":"","ast-hfb-mobile-header-display":"","site-post-title":"","ast-breadcrumbs-content":"","ast-featured-img":"","footer-sml-layout":"","theme-transparent-header-meta":"default","adv-header-id-meta":"","stick-header-meta":"","header-above-stick-meta":"","header-main-stick-meta":"","header-below-stick-meta":""},"product_cat":[845,953,956,955,1054,954,957,958,952,959,149,95],"product_tag":[],"class_list":{"0":"post-5110","1":"product","2":"type-product","3":"status-publish","4":"has-post-thumbnail","6":"product_cat-customization","7":"product_cat-bursting-tester","8":"product_cat-cobb-tester","9":"product_cat-crush-tester","10":"product_cat-hardness-tester","11":"product_cat-paper-tear-tester","12":"product_cat-plybond-tester","13":"product_cat-puncture-tester","14":"product_cat-rub-tester","15":"product_cat-stiffness-tester","16":"product_cat-pharma-and-medical-testers","17":"product_cat-products","18":"desktop-align-left","19":"tablet-align-left","20":"mobile-align-left","22":"first","23":"instock","24":"shipping-taxable","25":"product-type-simple"},"_links":{"self":[{"href":"https:\/\/www.qualitester.com\/fr\/wp-json\/wp\/v2\/product\/5110","targetHints":{"allow":["GET"]}}],"collection":[{"href":"https:\/\/www.qualitester.com\/fr\/wp-json\/wp\/v2\/product"}],"about":[{"href":"https:\/\/www.qualitester.com\/fr\/wp-json\/wp\/v2\/types\/product"}],"replies":[{"embeddable":true,"href":"https:\/\/www.qualitester.com\/fr\/wp-json\/wp\/v2\/comments?post=5110"}],"version-history":[{"count":0,"href":"https:\/\/www.qualitester.com\/fr\/wp-json\/wp\/v2\/product\/5110\/revisions"}],"wp:featuredmedia":[{"embeddable":true,"href":"https:\/\/www.qualitester.com\/fr\/wp-json\/wp\/v2\/media\/6205"}],"wp:attachment":[{"href":"https:\/\/www.qualitester.com\/fr\/wp-json\/wp\/v2\/media?parent=5110"}],"wp:term":[{"taxonomy":"product_cat","embeddable":true,"href":"https:\/\/www.qualitester.com\/fr\/wp-json\/wp\/v2\/product_cat?post=5110"},{"taxonomy":"product_tag","embeddable":true,"href":"https:\/\/www.qualitester.com\/fr\/wp-json\/wp\/v2\/product_tag?post=5110"}],"curies":[{"name":"wp","href":"https:\/\/api.w.org\/{rel}","templated":true}]}}