{"id":4401,"date":"2024-07-23T11:40:39","date_gmt":"2024-07-23T03:40:39","guid":{"rendered":"https:\/\/www.qualitester.com\/?post_type=product&#038;p=4401"},"modified":"2024-12-27T14:18:45","modified_gmt":"2024-12-27T06:18:45","slug":"best-balloon-burst-tester-for-sale","status":"publish","type":"product","link":"https:\/\/www.qualitester.com\/fr\/produit\/best-balloon-burst-tester-for-sale\/","title":{"rendered":"Testeur de fuite et de r\u00e9sistance d&#039;\u00e9tanch\u00e9it\u00e9 LSST-01"},"content":{"rendered":"<p>Le <strong>Testeur d&#039;\u00e9clatement de ballon<\/strong> est polyvalent, trouvant des applications dans divers secteurs, mat\u00e9riaux d&#039;emballage, y compris les films et stratifi\u00e9s en plastique, emballages de dispositifs m\u00e9dicaux, emballages pharmaceutiques, emballages d&#039;aliments et de boissons, emballages de biens de consommation<\/p>\n<h2>Pr\u00e9sentation compl\u00e8te du testeur d&#039;\u00e9clatement de ballon<\/h2>\n<p>Le <strong>Testeur d&#039;\u00e9clatement de ballon<\/strong> est con\u00e7u pour fournir des donn\u00e9es pr\u00e9cises et fiables <em><span style=\"text-decoration: underline;\">Essais d&#039;\u00e9clatement pour une large gamme de mat\u00e9riaux d&#039;emballage<\/span><\/em>s. Il s&#039;agit d&#039;une unit\u00e9 contr\u00f4l\u00e9e par PLC qui offre une stabilit\u00e9 de niveau industriel, compl\u00e9t\u00e9e par un \u00e9cran tactile IHM convivial pour une utilisation facile. Le testeur est \u00e9quip\u00e9 de statistiques et d&#039;un stockage automatiques des r\u00e9sultats des tests, am\u00e9liorant ainsi l&#039;efficacit\u00e9 et la gestion des donn\u00e9es.<\/p>\n<p><a href=\"https:\/\/www.qualitester.com\/fr\/categorie-produit\/test-items\/bursting-tester\/\"><img fetchpriority=\"high\" decoding=\"async\" class=\"wp-image-4402 size-full aligncenter\" src=\"https:\/\/www.qualitester.com\/wp-content\/uploads\/2024\/07\/astm-f1440-Balloon-Burst-Tester-astm-f2054.jpg\" alt=\"Testeur d&#039;\u00e9clatement de ballon astm f1440 astm f2054\" width=\"600\" height=\"600\" srcset=\"https:\/\/www.qualitester.com\/wp-content\/uploads\/2024\/07\/astm-f1440-Balloon-Burst-Tester-astm-f2054.jpg 600w, https:\/\/www.qualitester.com\/wp-content\/uploads\/2024\/07\/astm-f1440-Balloon-Burst-Tester-astm-f2054-300x300.jpg 300w, https:\/\/www.qualitester.com\/wp-content\/uploads\/2024\/07\/astm-f1440-Balloon-Burst-Tester-astm-f2054-150x150.jpg 150w, https:\/\/www.qualitester.com\/wp-content\/uploads\/2024\/07\/astm-f1440-Balloon-Burst-Tester-astm-f2054-100x100.jpg 100w\" sizes=\"(max-width: 600px) 100vw, 600px\" \/><\/a><\/p>\n<h2>Sp\u00e9cifications techniques<\/h2>\n<ul>\n<li><strong>Unit\u00e9 contr\u00f4l\u00e9e par PLC<\/strong>:Assure une stabilit\u00e9 de niveau industriel et un contr\u00f4le pr\u00e9cis.<\/li>\n<li><strong>\u00c9cran tactile IHM convivial<\/strong>:Simplifie l\u2019op\u00e9ration et r\u00e9duit le temps de formation.<\/li>\n<li><strong>Statistiques et stockage automatiques des r\u00e9sultats des tests<\/strong>:Facilite la gestion et l\u2019analyse efficaces des donn\u00e9es.<\/li>\n<li><strong>Compatibilit\u00e9 avec divers appareils<\/strong>:Permet de tester diff\u00e9rentes formes d&#039;emballages, notamment les emballages \u00e0 trois c\u00f4t\u00e9s scell\u00e9s, les emballages ferm\u00e9s, les sachets Doy Pack, les tubes, les plateaux scell\u00e9s et les gobelets.<\/li>\n<li><strong>Trois modes de test<\/strong>:\u00c9clatement, fluage et fluage jusqu&#039;\u00e0 la rupture, r\u00e9pondant \u00e0 diverses exigences de test.<\/li>\n<li><strong>Param\u00e8tres de sensibilit\u00e9 et de seuil personnalis\u00e9s<\/strong>:Permet la personnalisation pour des besoins de test sp\u00e9cifiques.<\/li>\n<li><strong>Plage de pression jusqu&#039;\u00e0 600 KPa<\/strong>:Personnalisable pour r\u00e9pondre \u00e0 des sp\u00e9cifications de test uniques.<\/li>\n<li><strong>Programmation personnalisable<\/strong>:Offre une flexibilit\u00e9 permettant de s&#039;adapter \u00e0 des protocoles de test sp\u00e9cifiques.<\/li>\n<\/ul>\n<h2>M\u00e9thodes d&#039;essai<\/h2>\n<h3>Principe du test d&#039;\u00e9clatement des emballages<\/h3>\n<p><em><span style=\"text-decoration: underline;\">La m\u00e9thode de test d&#039;\u00e9clatement de ballon consiste \u00e0 gonfler un emballage jusqu&#039;\u00e0 ce qu&#039;il \u00e9clate, en mesurant la pression et le volume auxquels l&#039;\u00e9clatement se produit.<\/span> <\/em>Ce test est essentiel pour \u00e9valuer la r\u00e9sistance \u00e0 l\u2019\u00e9clatement des mat\u00e9riaux d\u2019emballage, garantissant qu\u2019ils peuvent r\u00e9sister \u00e0 la pression interne pendant la manipulation et le stockage.<\/p>\n<div class=\"ast-oembed-container\" style=\"height: 100%;\"><iframe title=\"Testeur de r\u00e9sistance d&#039;\u00e9tanch\u00e9it\u00e9 pour emballages Doy Pack et Bec Verseur Contr\u00f4le qualit\u00e9 pour emballages Doy Pack\" width=\"500\" height=\"281\" src=\"https:\/\/www.youtube.com\/embed\/abNWfwlLaVQ?feature=oembed\" frameborder=\"0\" allow=\"accelerometer; autoplay; clipboard-write; encrypted-media; gyroscope; picture-in-picture; web-share\" referrerpolicy=\"strict-origin-when-cross-origin\" allowfullscreen><\/iframe><\/div>\n<h3>Proc\u00e9dures de test standard<\/h3>\n<ol>\n<li><strong>Pr\u00e9paration et conditionnement des \u00e9chantillons<\/strong>:Les \u00e9chantillons sont pr\u00e9par\u00e9s selon des normes sp\u00e9cifi\u00e9es et conditionn\u00e9s dans l\u2019environnement appropri\u00e9 avant les tests.<\/li>\n<li><strong>Configuration des param\u00e8tres et des param\u00e8tres de test<\/strong>:Le testeur d&#039;\u00e9clatement de ballon est configur\u00e9 avec les montages appropri\u00e9s et les param\u00e8tres de test sont configur\u00e9s en fonction du type d&#039;\u00e9chantillon et des exigences de test.<\/li>\n<li><strong>Ex\u00e9cution de l&#039;enregistrement des tests et des mesures<\/strong>:L&#039;emballage est gonfl\u00e9 jusqu&#039;\u00e0 ce qu&#039;il \u00e9clate, le testeur enregistrant la pression d&#039;\u00e9clatement et le volume.<\/li>\n<li><strong>Interpr\u00e9tation des r\u00e9sultats<\/strong>:La pression d&#039;\u00e9clatement et le volume sont analys\u00e9s pour \u00e9valuer la r\u00e9sistance et les performances du mat\u00e9riau, facilitant ainsi le contr\u00f4le qualit\u00e9 et la comparaison des mat\u00e9riaux.<\/li>\n<\/ol>\n<h2>Essais d&#039;\u00e9clatement d&#039;emballages selon la norme ASTM<\/h2>\n<h3><a href=\"https:\/\/www.qualitester.com\/fr\/categorie-produit\/astm\/astm-f1140\/\">ASTM F1140<\/a><\/h3>\n<p style=\"padding-left: 40px;\">- M\u00e9thodes d&#039;essai standard pour la r\u00e9sistance \u00e0 la d\u00e9faillance de la pressurisation interne des emballages non retenus<\/p>\n<ul>\n<li><strong>Aper\u00e7u de <a href=\"https:\/\/www.astm.org\/f1140_f1140m-13r20e01.html\" target=\"_blank\" rel=\"noopener nofollow\">ASTM F1140<\/a><\/strong>:Cette norme d\u00e9crit les m\u00e9thodes d&#039;essai de la r\u00e9sistance \u00e0 la d\u00e9faillance de la pressurisation interne des emballages non retenus.<\/li>\n<li><strong>Proc\u00e9dure de test d\u00e9taill\u00e9e selon la norme ASTM F1140<\/strong>:Impliquent le gonflage de l\u2019emballage jusqu\u2019\u00e0 ce qu\u2019il \u00e9clate et l\u2019enregistrement de la pression et du volume d\u2019\u00e9clatement.<\/li>\n<li><strong>Importance de la conformit\u00e9 \u00e0 la norme ASTM F1140<\/strong>:Garantit l\u2019int\u00e9grit\u00e9 et la fiabilit\u00e9 de l\u2019emballage, essentielles pour la s\u00e9curit\u00e9 et les performances du produit.<\/li>\n<\/ul>\n<h4><a href=\"https:\/\/www.qualitester.com\/fr\/categorie-produit\/astm\/astm-f2054\/\">ASTM F2054<\/a><\/h4>\n<p style=\"padding-left: 40px;\">- M\u00e9thode d&#039;essai standard pour les essais d&#039;\u00e9clatement des joints d&#039;emballage flexibles utilisant une pressurisation d&#039;air interne dans des plaques de retenue<\/p>\n<ul>\n<li><strong>Aper\u00e7u de <a href=\"https:\/\/www.astm.org\/f2054_f2054m-13r20.html\" target=\"_blank\" rel=\"noopener nofollow\">ASTM F2054<\/a><\/strong>:Cette norme sp\u00e9cifie la m\u00e9thode d&#039;essai d&#039;\u00e9clatement des joints d&#039;emballages souples utilisant une pressurisation d&#039;air interne dans des plaques de retenue.<\/li>\n<li><strong>Proc\u00e9dure de test d\u00e9taill\u00e9e selon la norme ASTM F2054<\/strong>:Implique le placement du colis dans des plaques de retenue, son gonflage et l&#039;enregistrement de la pression d&#039;\u00e9clatement et du volume.<\/li>\n<li><strong>Importance de la norme ASTM F2054<\/strong>:Essentiel pour \u00e9valuer la r\u00e9sistance du joint et garantir l\u2019int\u00e9grit\u00e9 de l\u2019emballage, en particulier pour les emballages flexibles.<\/li>\n<\/ul>\n<h2>Avantages de l&#039;utilisation de notre testeur d&#039;\u00e9clatement de ballon<\/h2>\n<p><strong>1. Pr\u00e9cision et fiabilit\u00e9<\/strong><\/p>\n<ul>\n<li><strong>Haute pr\u00e9cision dans les mesures<\/strong>:Garantit des donn\u00e9es de r\u00e9sistance \u00e0 l&#039;\u00e9clatement pr\u00e9cises et fiables.<\/li>\n<li><strong>Des r\u00e9sultats coh\u00e9rents et reproductibles<\/strong>:Offre une confiance dans les r\u00e9sultats des tests et l\u2019\u00e9valuation des performances des mat\u00e9riaux.<\/li>\n<\/ul>\n<p><strong>2. Polyvalence<\/strong><\/p>\n<ul>\n<li><em><span style=\"text-decoration: underline;\"><strong>Convient \u00e0 une large gamme de mat\u00e9riaux et de types d&#039;emballage<\/strong>:R\u00e9pond \u00e0 diverses exigences de test dans diff\u00e9rents secteurs.<\/span><\/em><\/li>\n<li><em><span style=\"text-decoration: underline;\"><strong>Param\u00e8tres de test ajustables pour diff\u00e9rentes exigences de test<\/strong>:Offre une flexibilit\u00e9 dans le test de divers mat\u00e9riaux et emballages.<\/span><\/em><\/li>\n<\/ul>\n<p><strong>3. Facilit\u00e9 d&#039;utilisation<\/strong><\/p>\n<ul>\n<li><strong>Interface logicielle intuitive<\/strong>:Simplifie l\u2019utilisation et r\u00e9duit la courbe d\u2019apprentissage.<\/li>\n<li><strong>Formation minimale requise pour les op\u00e9rateurs<\/strong>: Am\u00e9liore la convivialit\u00e9 et l\u2019efficacit\u00e9.<\/li>\n<\/ul>\n<p><strong>4. Conformit\u00e9<\/strong><\/p>\n<ul>\n<li><strong>Conforme aux normes ASTM F1140 et ASTM F2054<\/strong>: Assure le respect des normes et r\u00e9glementations de l\u2019industrie.<\/li>\n<li><strong>Assure la conformit\u00e9 aux r\u00e9glementations de l&#039;industrie et aux normes de qualit\u00e9<\/strong>:Garantit la fiabilit\u00e9 et l\u2019int\u00e9grit\u00e9 des r\u00e9sultats des tests.<\/li>\n<\/ul>\n<h3>FAQ<\/h3>\n<h4>Quel est le but d\u2019un test d\u2019\u00e9clatement de ballon ?<\/h4>\n<p>Le test d&#039;\u00e9clatement du ballon est utilis\u00e9 pour d\u00e9terminer le test d&#039;\u00e9clatement de l&#039;emballage, garantissant qu&#039;il peut r\u00e9sister \u00e0 la pression interne pendant la manipulation, le stockage et le transport.<\/p>\n<h4>Comment le testeur d&#039;\u00e9clatement de ballon mesure-t-il la r\u00e9sistance \u00e0 l&#039;\u00e9clatement ?<\/h4>\n<p>Le testeur gonfle l&#039;emballage jusqu&#039;\u00e0 ce qu&#039;il \u00e9clate, en enregistrant la pression d&#039;\u00e9clatement et le volume pour \u00e9valuer la r\u00e9sistance et les performances du mat\u00e9riau.<\/p>\n<h4>Quels types de mat\u00e9riaux peuvent \u00eatre test\u00e9s avec le testeur d&#039;\u00e9clatement de ballon ?<\/h4>\n<p>Le testeur peut \u00e9valuer une large gamme de mat\u00e9riaux, notamment les films plastiques, les stratifi\u00e9s, les emballages de dispositifs m\u00e9dicaux, les emballages pharmaceutiques, les emballages d\u2019aliments et de boissons et les emballages de biens de consommation.<!--more--><\/p>\n<h2>Produits connexes<\/h2>\n<figure id=\"attachment_4059\" aria-describedby=\"caption-attachment-4059\" style=\"width: 300px\" class=\"wp-caption alignleft\"><a href=\"https:\/\/www.qualitester.com\/fr\/produit\/lt-01-leak-tester\/\"><img decoding=\"async\" class=\"wp-image-4059 size-medium\" src=\"https:\/\/www.qualitester.com\/wp-content\/uploads\/2023\/07\/LT-01-Leak-Tester-2-300x300.jpg\" alt=\"Testeur d&#039;\u00e9tanch\u00e9it\u00e9 ASTM D3078\" width=\"300\" height=\"300\" srcset=\"https:\/\/www.qualitester.com\/wp-content\/uploads\/2023\/07\/LT-01-Leak-Tester-2-300x300.jpg 300w, https:\/\/www.qualitester.com\/wp-content\/uploads\/2023\/07\/LT-01-Leak-Tester-2-150x150.jpg 150w, https:\/\/www.qualitester.com\/wp-content\/uploads\/2023\/07\/LT-01-Leak-Tester-2-600x600.jpg 600w, https:\/\/www.qualitester.com\/wp-content\/uploads\/2023\/07\/LT-01-Leak-Tester-2-100x100.jpg 100w, https:\/\/www.qualitester.com\/wp-content\/uploads\/2023\/07\/LT-01-Leak-Tester-2.jpg 750w\" sizes=\"(max-width: 300px) 100vw, 300px\" \/><\/a><figcaption id=\"caption-attachment-4059\" class=\"wp-caption-text\"><strong><a href=\"https:\/\/www.qualitester.com\/fr\/produit\/lt-01-leak-tester\/\" target=\"_blank\" rel=\"noopener\">Testeur de fuites LT-01<\/a><\/strong><\/figcaption><\/figure>\n<figure id=\"attachment_3905\" aria-describedby=\"caption-attachment-3905\" style=\"width: 300px\" class=\"wp-caption alignleft\"><a href=\"https:\/\/www.qualitester.com\/fr\/produit\/leak-tester-lt-02\/\"><img decoding=\"async\" class=\"wp-image-3905 size-medium\" src=\"https:\/\/www.qualitester.com\/wp-content\/uploads\/2023\/04\/LT-02-Leak-Tester-01-300x300.jpg\" alt=\"Testeur d&#039;\u00e9tanch\u00e9it\u00e9 ASTM D3078\" width=\"300\" height=\"300\" srcset=\"https:\/\/www.qualitester.com\/wp-content\/uploads\/2023\/04\/LT-02-Leak-Tester-01-300x300.jpg 300w, https:\/\/www.qualitester.com\/wp-content\/uploads\/2023\/04\/LT-02-Leak-Tester-01-150x150.jpg 150w, https:\/\/www.qualitester.com\/wp-content\/uploads\/2023\/04\/LT-02-Leak-Tester-01-600x600.jpg 600w, https:\/\/www.qualitester.com\/wp-content\/uploads\/2023\/04\/LT-02-Leak-Tester-01-100x100.jpg 100w, https:\/\/www.qualitester.com\/wp-content\/uploads\/2023\/04\/LT-02-Leak-Tester-01.jpg 750w\" sizes=\"(max-width: 300px) 100vw, 300px\" \/><\/a><figcaption id=\"caption-attachment-3905\" class=\"wp-caption-text\"><strong><a href=\"https:\/\/www.qualitester.com\/fr\/produit\/leak-tester-lt-02\/\" target=\"_blank\" rel=\"noopener\">Testeur de fuites LT-02<\/a><\/strong><\/figcaption><\/figure>\n<figure id=\"attachment_3694\" aria-describedby=\"caption-attachment-3694\" style=\"width: 300px\" class=\"wp-caption alignleft\"><a href=\"https:\/\/www.qualitester.com\/fr\/produit\/lt-03-seal-strength-testing-machine\/\"><img loading=\"lazy\" decoding=\"async\" class=\"wp-image-3694 size-medium\" src=\"https:\/\/www.qualitester.com\/wp-content\/uploads\/2023\/04\/LT-03-Leak-Tester-04-300x300.jpg\" alt=\"Testeur d&#039;\u00e9tanch\u00e9it\u00e9 ASTM D3078\" width=\"300\" height=\"300\" srcset=\"https:\/\/www.qualitester.com\/wp-content\/uploads\/2023\/04\/LT-03-Leak-Tester-04-300x300.jpg 300w, https:\/\/www.qualitester.com\/wp-content\/uploads\/2023\/04\/LT-03-Leak-Tester-04-150x150.jpg 150w, https:\/\/www.qualitester.com\/wp-content\/uploads\/2023\/04\/LT-03-Leak-Tester-04-600x600.jpg 600w, https:\/\/www.qualitester.com\/wp-content\/uploads\/2023\/04\/LT-03-Leak-Tester-04-100x100.jpg 100w, https:\/\/www.qualitester.com\/wp-content\/uploads\/2023\/04\/LT-03-Leak-Tester-04.jpg 750w\" sizes=\"(max-width: 300px) 100vw, 300px\" \/><\/a><figcaption id=\"caption-attachment-3694\" class=\"wp-caption-text\"><strong><a href=\"https:\/\/www.qualitester.com\/fr\/produit\/lt-03-seal-strength-testing-machine\/\" target=\"_blank\" rel=\"noopener\">Testeur de fuites LT-03<\/a><\/strong><\/figcaption><\/figure>","protected":false},"excerpt":{"rendered":"<p><strong>Testeur d&#039;\u00e9clatement de ballon<\/strong> est un instrument essentiel dans les tests de mat\u00e9riaux et d&#039;emballages, con\u00e7u pour mesurer la r\u00e9sistance \u00e0 l&#039;\u00e9clatement de divers mat\u00e9riaux d&#039;emballage. Cet \u00e9quipement de pointe est essentiel pour garantir la durabilit\u00e9 et la fiabilit\u00e9 des emballages, en particulier dans des secteurs tels que les produits pharmaceutiques, les aliments et les boissons, les dispositifs m\u00e9dicaux et les biens de consommation. Le testeur d&#039;\u00e9clatement de ballon se distingue par sa pr\u00e9cision, sa polyvalence et sa conformit\u00e9 aux normes de l&#039;industrie, ce qui en fait un outil indispensable pour l&#039;assurance qualit\u00e9.<\/p>","protected":false},"featured_media":6136,"comment_status":"closed","ping_status":"closed","template":"","meta":{"site-sidebar-layout":"default","site-content-layout":"default","ast-global-header-display":"","ast-main-header-display":"","ast-hfb-above-header-display":"","ast-hfb-below-header-display":"","ast-hfb-mobile-header-display":"","site-post-title":"","ast-breadcrumbs-content":"","ast-featured-img":"","footer-sml-layout":"","theme-transparent-header-meta":"default","adv-header-id-meta":"","stick-header-meta":"","header-above-stick-meta":"","header-main-stick-meta":"","header-below-stick-meta":""},"product_cat":[845,953,676,675,17,149,16,108,109,95],"product_tag":[994],"class_list":{"0":"post-4401","1":"product","2":"type-product","3":"status-publish","4":"has-post-thumbnail","6":"product_cat-customization","7":"product_cat-bursting-tester","8":"product_cat-seal-strength-tester","9":"product_cat-leak-tester","10":"product_cat-package-container-testers","11":"product_cat-pharma-and-medical-testers","12":"product_cat-plastic-packaging-testers","13":"product_cat-astm-f1140","14":"product_cat-astm-f2054","15":"product_cat-products","16":"product_tag-leak-and-seal-strength-tester","17":"desktop-align-left","18":"tablet-align-left","19":"mobile-align-left","21":"first","22":"instock","23":"shipping-taxable","24":"product-type-simple"},"_links":{"self":[{"href":"https:\/\/www.qualitester.com\/fr\/wp-json\/wp\/v2\/product\/4401","targetHints":{"allow":["GET"]}}],"collection":[{"href":"https:\/\/www.qualitester.com\/fr\/wp-json\/wp\/v2\/product"}],"about":[{"href":"https:\/\/www.qualitester.com\/fr\/wp-json\/wp\/v2\/types\/product"}],"replies":[{"embeddable":true,"href":"https:\/\/www.qualitester.com\/fr\/wp-json\/wp\/v2\/comments?post=4401"}],"version-history":[{"count":0,"href":"https:\/\/www.qualitester.com\/fr\/wp-json\/wp\/v2\/product\/4401\/revisions"}],"wp:featuredmedia":[{"embeddable":true,"href":"https:\/\/www.qualitester.com\/fr\/wp-json\/wp\/v2\/media\/6136"}],"wp:attachment":[{"href":"https:\/\/www.qualitester.com\/fr\/wp-json\/wp\/v2\/media?parent=4401"}],"wp:term":[{"taxonomy":"product_cat","embeddable":true,"href":"https:\/\/www.qualitester.com\/fr\/wp-json\/wp\/v2\/product_cat?post=4401"},{"taxonomy":"product_tag","embeddable":true,"href":"https:\/\/www.qualitester.com\/fr\/wp-json\/wp\/v2\/product_tag?post=4401"}],"curies":[{"name":"wp","href":"https:\/\/api.w.org\/{rel}","templated":true}]}}