{"id":3282,"date":"2023-08-14T08:33:30","date_gmt":"2023-08-14T00:33:30","guid":{"rendered":"https:\/\/www.qualitester.com\/?post_type=product&#038;p=3282"},"modified":"2024-11-27T16:59:18","modified_gmt":"2024-11-27T08:59:18","slug":"heat-seal-data-testing-3-5-point","status":"publish","type":"product","link":"https:\/\/www.qualitester.com\/fr\/produit\/heat-seal-data-testing-3-5-point\/","title":{"rendered":"Testeur de thermoscellage \u00e0 gradient GHS-02"},"content":{"rendered":"<h2><strong>Introduction aux machines d'essai de thermoscellage<\/strong><\/h2>\n<p>UN <strong>Machine d'essai de thermoscellage<\/strong> est un dispositif essentiel utilis\u00e9 dans l'industrie de l'emballage pour \u00e9valuer les propri\u00e9t\u00e9s de thermoscellage de divers mat\u00e9riaux. Ces mat\u00e9riaux peuvent \u00eatre des films, des lamin\u00e9s et d'autres composants flexibles. La r\u00e9sistance et l'int\u00e9grit\u00e9 du thermoscellage sont essentielles pour garantir que l'emballage offre une protection fiable \u00e0 des produits tels que les denr\u00e9es alimentaires, les produits pharmaceutiques, les produits \u00e9lectroniques et bien d'autres encore. Des scell\u00e9s impr\u00e9cis ou faibles peuvent compromettre la qualit\u00e9, la s\u00e9curit\u00e9 et la dur\u00e9e de conservation du produit. C'est pourquoi le testeur de scellage \u00e0 chaud joue un r\u00f4le essentiel dans l'assurance qualit\u00e9.<\/p>\n<p>La machine fonctionne en simulant les conditions dans lesquelles les scell\u00e9s \u00e0 chaud sont form\u00e9s au cours du processus d'emballage. En appliquant une combinaison contr\u00f4l\u00e9e de chaleur, de pression et de temps, les fabricants peuvent d\u00e9terminer les conditions optimales pour obtenir des scell\u00e9s solides et durables. Ce processus permet d'affiner les param\u00e8tres de scellage, garantissant ainsi la coh\u00e9rence et la fiabilit\u00e9 de l'emballage.<\/p>\n<h2><strong>Comprendre l'ASTM F2029-16 (2021) : Pratiques standard pour la fabrication de joints thermiques de laboratoire<\/strong><\/h2>\n<p><strong><a href=\"https:\/\/www.astm.org\/f2029-16r21.html\" target=\"_blank\" rel=\"noopener nofollow\">ASTM F2029<\/a>-16 (2021)<\/strong>, intitul\u00e9 <em>Pratiques standard pour la fabrication de joints thermiques de laboratoire pour la d\u00e9termination de la thermoscellabilit\u00e9 des mat\u00e9riaux barri\u00e8res flexibles telle que mesur\u00e9e par la r\u00e9sistance du joint<\/em>, est une norme fondamentale pour les essais de thermoscellage. Cette norme d\u00e9finit les proc\u00e9dures de laboratoire pour la cr\u00e9ation de thermoscellages et l'\u00e9valuation de leur r\u00e9sistance. Elle garantit que les essais de thermoscellage sont r\u00e9alis\u00e9s dans des conditions pr\u00e9cises et contr\u00f4l\u00e9es afin de produire des r\u00e9sultats exacts et reproductibles.<\/p>\n<p>Le <strong>m\u00e9thodes d'essai<\/strong> d\u00e9crite dans l'article <a href=\"https:\/\/www.qualitester.com\/fr\/categorie-produit\/astm\/astm-f2029\/\" target=\"_blank\" rel=\"noopener\">ASTM F2029<\/a> se concentrent sur la d\u00e9termination de la thermoscellabilit\u00e9 des mat\u00e9riaux en appliquant une temp\u00e9rature, une pression et un temps de s\u00e9jour sp\u00e9cifiques. La norme aide les fabricants \u00e0 comprendre les caract\u00e9ristiques de scellage des mat\u00e9riaux flexibles, y compris leurs performances dans diff\u00e9rentes conditions de scellage. Ceci est essentiel pour garantir l'int\u00e9grit\u00e9 du mat\u00e9riau et sa capacit\u00e9 \u00e0 prot\u00e9ger le contenu des facteurs externes tels que l'humidit\u00e9, l'air et les contaminants.<\/p>\n<h2><strong>Thermoscelleuse \u00e0 gradient de chaleur : Une technologie de pointe pour des essais de pr\u00e9cision<\/strong><\/h2>\n<p>UN <strong>Thermosoudeuse \u00e0 gradient<\/strong> est une machine d'essai de thermoscellage avanc\u00e9e qui permet de cr\u00e9er un gradient de temp\u00e9rature contr\u00f4l\u00e9 dans la zone de scellage. Cette caract\u00e9ristique la distingue des thermoscelleuses traditionnelles, qui fonctionnent g\u00e9n\u00e9ralement \u00e0 une seule temp\u00e9rature. Le terme \u201cgradient\u201d fait r\u00e9f\u00e9rence \u00e0 la capacit\u00e9 de la machine \u00e0 simuler des conditions de scellage r\u00e9elles o\u00f9 des variations de temp\u00e9rature peuvent se produire sur la surface de scellage.<\/p>\n<p>Le <strong>Thermosoudeuse \u00e0 gradient<\/strong> permet aux fabricants d'effectuer simultan\u00e9ment plusieurs tests \u00e0 diff\u00e9rentes temp\u00e9ratures, ce qui r\u00e9duit consid\u00e9rablement les temps d'attente entre les tests. Ce syst\u00e8me <strong>capacit\u00e9 multi-stations<\/strong> rend la machine tr\u00e8s efficace, en particulier lorsqu'il s'agit de tester des mat\u00e9riaux dont les exigences en mati\u00e8re de thermoscellage varient. En testant plusieurs temp\u00e9ratures \u00e0 la fois, les fabricants peuvent rapidement d\u00e9terminer les meilleures conditions de scellage pour diff\u00e9rents mat\u00e9riaux, ce qui am\u00e9liore la productivit\u00e9 globale.<\/p>\n<h4><strong>Principaux avantages<\/strong>:<\/h4>\n<ul>\n<li><strong>Efficacit\u00e9 accrue<\/strong>: Les essais simultan\u00e9s \u00e0 diff\u00e9rentes temp\u00e9ratures r\u00e9duisent la dur\u00e9e totale des essais.<\/li>\n<li><strong>Pr\u00e9cision accrue<\/strong>: La fonction de gradient garantit une repr\u00e9sentation plus pr\u00e9cise des conditions d'\u00e9tanch\u00e9it\u00e9 r\u00e9elles, ce qui permet de mieux comprendre le comportement des mat\u00e9riaux dans des conditions d'\u00e9tanch\u00e9it\u00e9 vari\u00e9es.<\/li>\n<li><strong>Param\u00e8tres personnalisables<\/strong>: La machine peut \u00eatre r\u00e9gl\u00e9e pour s'adapter \u00e0 diff\u00e9rents types de mat\u00e9riaux, de temp\u00e9ratures et de pressions, ce qui la rend polyvalente pour diff\u00e9rents secteurs et besoins d'essais.<\/li>\n<\/ul>\n<h2><strong>Caract\u00e9ristiques techniques de la machine d'essai de thermoscellage (GHS-02 Gradient Heat Seal Tester)<\/strong><\/h2>\n<p>Le <strong>Testeur de thermoscellage \u00e0 gradient GHS-02<\/strong> est \u00e9quip\u00e9 de plusieurs fonctions de pointe qui garantissent des tests pr\u00e9cis, fiables et efficaces :<\/p>\n<ul>\n<li><strong>Contr\u00f4le PLC et \u00e9cran tactile HMI<\/strong>: La technologie avanc\u00e9e de la machine <strong>Unit\u00e9 de contr\u00f4le PLC<\/strong> et <strong>\u00c9cran tactile IHM<\/strong> permettent de personnaliser facilement les param\u00e8tres et de les surveiller en temps r\u00e9el, assurant ainsi un contr\u00f4le pr\u00e9cis de la temp\u00e9rature, de la pression et du temps de scellage.<\/li>\n<li><strong>M\u00e2choires chauffantes doubles<\/strong>: Les m\u00e2choires de scellage sup\u00e9rieure et inf\u00e9rieure sont chauff\u00e9es ind\u00e9pendamment, ce qui \u00e9limine les pertes de chaleur et garantit une temp\u00e9rature constante tout au long du processus de scellage.<\/li>\n<li><strong>R\u00e9gulateur de temp\u00e9rature PID<\/strong>: Le <strong>R\u00e9gulateur de temp\u00e9rature PID<\/strong> assure une gestion optimale du chauffage, garantissant que la temp\u00e9rature reste stable et pr\u00e9cise pendant les tests.<\/li>\n<li><strong>Capteurs de proximit\u00e9 et de pression<\/strong>: Ces capteurs assurent un contr\u00f4le pr\u00e9cis de la pression de scellage et du temps de s\u00e9jour, ce qui permet d'obtenir des scellages uniformes.<\/li>\n<li><strong>Barre de scellement guid\u00e9e<\/strong>: A <strong>barre de soudure guid\u00e9e \u00e0 trois voies<\/strong> assure une pression de scellement constante, ce qui est essentiel pour des scellements uniformes et solides.<\/li>\n<li><strong>S\u00e9curit\u00e9 de l'utilisateur<\/strong>: Le GHS-02 a \u00e9t\u00e9 con\u00e7u dans un souci de protection de l'utilisateur. <strong>couvercle frontal anti-br\u00fblure<\/strong>, a <strong>p\u00e9dale de commande manuelle<\/strong>, et d'autres dispositifs de s\u00e9curit\u00e9 pour assurer la s\u00e9curit\u00e9 des op\u00e9rateurs pendant les essais.<\/li>\n<li><strong>Options de personnalisation<\/strong>: La machine offre des possibilit\u00e9s de personnalisation <strong>dimensions de la m\u00e2choire d'\u00e9tanch\u00e9it\u00e9<\/strong>, <strong>motifs de la surface d'\u00e9tanch\u00e9it\u00e9<\/strong>, et bien d'autres choses encore, afin de r\u00e9pondre aux diff\u00e9rents besoins en mati\u00e8re de tests.<\/li>\n<li><strong>Personnalisation de la temp\u00e9rature du gradient<\/strong>: La machine peut \u00eatre configur\u00e9e pour atteindre diff\u00e9rents <strong>gradient de temp\u00e9rature<\/strong>, ce qui permet une plus grande flexibilit\u00e9 dans les tests.<\/li>\n<li><strong>Port RS232 pour la connectivit\u00e9 des donn\u00e9es<\/strong>: Le <strong>Port RS232<\/strong> et le logiciel professionnel en option permettent un transfert transparent des donn\u00e9es, ce qui facilite l'analyse et le stockage des r\u00e9sultats des tests.<\/li>\n<\/ul>\n<h2><strong>Processus d'essai et flux de travail<\/strong><\/h2>\n<p>Le processus de test \u00e0 l'aide de l'outil <strong>Machine d'essai de thermoscellage<\/strong> est simple et pr\u00e9cis :<\/p>\n<ol>\n<li><strong>Placer l'\u00e9chantillon<\/strong>: Un \u00e9chantillon du mat\u00e9riau \u00e0 tester est plac\u00e9 entre deux m\u00e2choires parall\u00e8les chauff\u00e9es \u00e0 surface plane.<\/li>\n<li><strong>Ajuster les param\u00e8tres<\/strong>: L'utilisateur r\u00e8gle la temp\u00e9rature, la pression et la dur\u00e9e de scellage souhait\u00e9es en fonction du mat\u00e9riau et des conditions de scellage pr\u00e9vues.<\/li>\n<li><strong>Sceller l'\u00e9chantillon<\/strong>: Une fois la temp\u00e9rature requise atteinte, la m\u00e2choire de scellement sup\u00e9rieure, actionn\u00e9e par une bouteille de gaz, est abaiss\u00e9e pour appliquer une pression sp\u00e9cifi\u00e9e sur l'\u00e9chantillon pendant la dur\u00e9e pr\u00e9vue.<\/li>\n<li><strong>Retour et \u00e9valuation<\/strong>: Apr\u00e8s la fin du temps de scellement pr\u00e9d\u00e9fini, la m\u00e2choire sup\u00e9rieure revient \u00e0 sa position initiale et l'\u00e9chantillon est retir\u00e9 pour \u00eatre analys\u00e9.<\/li>\n<\/ol>\n<h2><strong>Principaux param\u00e8tres de la machine d'essai de thermoscellage<\/strong><\/h2>\n<p>Le <strong>Testeur de thermoscellage \u00e0 gradient GHS-02<\/strong> est accompagn\u00e9 d'un ensemble de param\u00e8tres pr\u00e9cis qui garantissent des r\u00e9sultats exacts :<\/p>\n<table>\n<tbody>\n<tr>\n<td style=\"text-align: center;\" width=\"123\">Temp\u00e9rature d&#039;\u00e9tanch\u00e9it\u00e9<\/td>\n<td style=\"text-align: center;\" width=\"196\">Ambiante ~ 250 \u2103<\/td>\n<\/tr>\n<tr>\n<td style=\"text-align: center;\" width=\"123\">Temp. Gradient<\/td>\n<td style=\"text-align: center;\" width=\"196\">\u226420\u2103<\/td>\n<\/tr>\n<tr>\n<td style=\"text-align: center;\" width=\"123\">D\u00e9viation<\/td>\n<td style=\"text-align: center;\" width=\"196\">\u00b10,2\u2103<\/td>\n<\/tr>\n<tr>\n<td style=\"text-align: center;\" width=\"123\">Temps de scellage<\/td>\n<td style=\"text-align: center;\" width=\"196\">0,1S~9999H<\/td>\n<\/tr>\n<tr>\n<td style=\"text-align: center;\" width=\"123\">Pression d&#039;\u00e9tanch\u00e9it\u00e9<\/td>\n<td style=\"text-align: center;\" width=\"196\">0,15 \u00e0 0,7 MPa<\/td>\n<\/tr>\n<tr>\n<td style=\"text-align: center;\" width=\"123\">Mors du joint (mm)<\/td>\n<td style=\"text-align: center;\" width=\"196\">U:40*10 5PCS\/L:330 1PCS<\/td>\n<\/tr>\n<tr>\n<td style=\"text-align: center;\" width=\"123\">Entr\u00e9e de gaz<\/td>\n<td style=\"text-align: center;\" width=\"196\">0,7 MPa avec un tuyau de 6 mm de diam\u00e8tre<\/td>\n<\/tr>\n<tr>\n<td style=\"text-align: center;\" width=\"123\">Pouvoir<\/td>\n<td style=\"text-align: center;\" width=\"196\">CA 220 V 50 Hz<\/td>\n<\/tr>\n<\/tbody>\n<\/table>\n<h2><strong>Conformit\u00e9 aux normes et certifications<\/strong><\/h2>\n<p>Le <strong>Machine d'essai de thermoscellage<\/strong> est enti\u00e8rement conforme \u00e0 la directive <strong>ASTM F2029-16 (2021)<\/strong>, Cette certification garantit que la machine r\u00e9pond aux normes industrielles requises pour les essais de thermoscellage. Cette certification garantit que l'appareil produit des r\u00e9sultats fiables et pr\u00e9cis, conformes aux normes de thermoscellage les plus largement reconnues. Les fabricants peuvent compter sur le testeur de thermoscellage \u00e0 gradient GHS-02 pour obtenir des mesures pr\u00e9cises qui contribuent \u00e0 garantir la qualit\u00e9 et la fiabilit\u00e9 de leurs emballages.<\/p>\n<h2><strong>Pourquoi choisir le testeur de thermoscellage \u00e0 gradient GHS-02 ?<\/strong><\/h2>\n<ul>\n<li><strong>Efficacit\u00e9<\/strong>: Tester simultan\u00e9ment plusieurs \u00e9chantillons \u00e0 diff\u00e9rentes temp\u00e9ratures, ce qui permet de r\u00e9duire la dur\u00e9e totale des tests et d'augmenter la productivit\u00e9.<\/li>\n<li><strong>Pr\u00e9cision<\/strong>: Obtenez des r\u00e9sultats de test tr\u00e8s pr\u00e9cis gr\u00e2ce \u00e0 des param\u00e8tres personnalisables et \u00e0 un contr\u00f4le avanc\u00e9 de la temp\u00e9rature.<\/li>\n<li><strong>Fiabilit\u00e9<\/strong>: Conformit\u00e9 avec <strong>ASTM F2029<\/strong> garantit que vos tests respectent les normes industrielles en mati\u00e8re de r\u00e9sistance et d'int\u00e9grit\u00e9 des scell\u00e9s \u00e0 chaud.<\/li>\n<li><strong>Personnalisation<\/strong>: Adaptez les r\u00e9glages et les caract\u00e9ristiques de la machine \u00e0 vos besoins uniques en mati\u00e8re d'essais, des dimensions de la m\u00e2choire d'\u00e9tanch\u00e9it\u00e9 \u00e0 la pression d'\u00e9tanch\u00e9it\u00e9.<\/li>\n<\/ul>\n<p>Le <strong>Machine d'essai de thermoscellage<\/strong> est un outil essentiel pour les fabricants de l'industrie de l'emballage, garantissant que leurs produits sont scell\u00e9s avec une r\u00e9sistance et une int\u00e9grit\u00e9 optimales. Qu'il s'agisse d'emballer des produits alimentaires, pharmaceutiques ou \u00e9lectroniques, le testeur de thermoscellage \u00e0 gradient de chaleur GHS-02 offre la pr\u00e9cision et l'efficacit\u00e9 dont vous avez besoin pour garantir des scellages de la plus haute qualit\u00e9. Gr\u00e2ce \u00e0 sa technologie avanc\u00e9e, la conformit\u00e9 aux normes <strong>ASTM F2029<\/strong>, et des r\u00e9glages personnalisables, cette machine est le choix id\u00e9al pour les entreprises qui cherchent \u00e0 am\u00e9liorer leurs processus de contr\u00f4le de la qualit\u00e9 des emballages.<\/p>","protected":false},"excerpt":{"rendered":"<p>UN <strong>Machine d'essai de thermoscellage<\/strong> est un dispositif essentiel utilis\u00e9 dans l'industrie de l'emballage pour \u00e9valuer les propri\u00e9t\u00e9s de thermoscellage de divers mat\u00e9riaux. Ces mat\u00e9riaux peuvent \u00eatre des films, des lamin\u00e9s et d'autres composants flexibles. La r\u00e9sistance et l'int\u00e9grit\u00e9 du thermoscellage sont essentielles pour garantir que l'emballage offre une protection fiable \u00e0 des produits tels que les denr\u00e9es alimentaires, les produits pharmaceutiques, les produits \u00e9lectroniques et bien d'autres encore.<\/p>","protected":false},"featured_media":5917,"comment_status":"closed","ping_status":"closed","template":"","meta":{"site-sidebar-layout":"default","site-content-layout":"default","ast-global-header-display":"","ast-main-header-display":"","ast-hfb-above-header-display":"","ast-hfb-below-header-display":"","ast-hfb-mobile-header-display":"","site-post-title":"","ast-breadcrumbs-content":"","ast-featured-img":"","footer-sml-layout":"","theme-transparent-header-meta":"default","adv-header-id-meta":"","stick-header-meta":"","header-above-stick-meta":"","header-main-stick-meta":"","header-below-stick-meta":""},"product_cat":[845,677,149,16,142,95],"product_tag":[64,922,504,506,505,909],"class_list":{"0":"post-3282","1":"product","2":"type-product","3":"status-publish","4":"has-post-thumbnail","6":"product_cat-customization","7":"product_cat-heat-seal-tester","8":"product_cat-pharma-and-medical-testers","9":"product_cat-plastic-packaging-testers","10":"product_cat-astm-f2029","11":"product_cat-products","12":"product_tag-astm-f2029","13":"product_tag-gradient-heat-seal-tester","14":"product_tag-heat-sealing-pressure","15":"product_tag-heat-sealing-temperature","16":"product_tag-heat-sealing-time","17":"product_tag-packaging-heat-seal-data","18":"desktop-align-left","19":"tablet-align-left","20":"mobile-align-left","22":"first","23":"instock","24":"shipping-taxable","25":"product-type-simple"},"_links":{"self":[{"href":"https:\/\/www.qualitester.com\/fr\/wp-json\/wp\/v2\/product\/3282","targetHints":{"allow":["GET"]}}],"collection":[{"href":"https:\/\/www.qualitester.com\/fr\/wp-json\/wp\/v2\/product"}],"about":[{"href":"https:\/\/www.qualitester.com\/fr\/wp-json\/wp\/v2\/types\/product"}],"replies":[{"embeddable":true,"href":"https:\/\/www.qualitester.com\/fr\/wp-json\/wp\/v2\/comments?post=3282"}],"version-history":[{"count":0,"href":"https:\/\/www.qualitester.com\/fr\/wp-json\/wp\/v2\/product\/3282\/revisions"}],"wp:featuredmedia":[{"embeddable":true,"href":"https:\/\/www.qualitester.com\/fr\/wp-json\/wp\/v2\/media\/5917"}],"wp:attachment":[{"href":"https:\/\/www.qualitester.com\/fr\/wp-json\/wp\/v2\/media?parent=3282"}],"wp:term":[{"taxonomy":"product_cat","embeddable":true,"href":"https:\/\/www.qualitester.com\/fr\/wp-json\/wp\/v2\/product_cat?post=3282"},{"taxonomy":"product_tag","embeddable":true,"href":"https:\/\/www.qualitester.com\/fr\/wp-json\/wp\/v2\/product_tag?post=3282"}],"curies":[{"name":"wp","href":"https:\/\/api.w.org\/{rel}","templated":true}]}}