{"id":3281,"date":"2023-08-14T08:28:02","date_gmt":"2023-08-14T00:28:02","guid":{"rendered":"https:\/\/www.qualitester.com\/?post_type=product&#038;p=3281"},"modified":"2024-12-05T09:19:19","modified_gmt":"2024-12-05T01:19:19","slug":"heat-seal-material-film-hot-tack-property-test","status":"publish","type":"product","link":"https:\/\/www.qualitester.com\/fr\/produit\/heat-seal-material-film-hot-tack-property-test\/","title":{"rendered":"Testeur de collage \u00e0 chaud HTT-01"},"content":{"rendered":"<h2><strong>Introduction au test de collage \u00e0 chaud<\/strong><\/h2>\n<p>Le <strong>test de collage \u00e0 chaud<\/strong> est une m\u00e9thode d&#039;\u00e9valuation critique qui mesure la r\u00e9sistance des thermoscellages imm\u00e9diatement apr\u00e8s le scellage et avant que le scellage ne refroidisse. Ce test est essentiel dans les industries o\u00f9 un scellage rapide et fiable est n\u00e9cessaire, en particulier dans <strong>formage-remplissage-scellage vertical (VFFS)<\/strong> processus. Une forte adh\u00e9rence \u00e0 chaud garantit que le joint reste intact lorsque l&#039;emballage est rempli de produits, \u00e9vitant ainsi les d\u00e9versements et pr\u00e9servant l&#039;int\u00e9grit\u00e9 du produit.<\/p>\n<p>Les tests d&#039;adh\u00e9rence \u00e0 chaud sont largement utilis\u00e9s dans des industries telles que l&#039;emballage alimentaire, les produits pharmaceutiques, les adh\u00e9sifs et l&#039;\u00e9lectronique, o\u00f9 les performances de l&#039;emballage ont un impact direct sur la s\u00e9curit\u00e9 et la qualit\u00e9 des produits.<\/p>\n<h2><strong>Aper\u00e7u des tests de thermoscellage<\/strong><\/h2>\n<p><strong>Test de thermoscellage<\/strong> \u00e9value la r\u00e9sistance globale, la durabilit\u00e9 et la flexibilit\u00e9 des mat\u00e9riaux thermoplastiques apr\u00e8s scellage. Il garantit que les joints peuvent r\u00e9sister aux conditions de manipulation, de stockage et de transport. Les facteurs cl\u00e9s qui influencent les performances du thermoscellage comprennent :<\/p>\n<ul>\n<li><strong>Temp\u00e9rature de scellage<\/strong><\/li>\n<li><strong>Pression<\/strong><\/li>\n<li><strong>Temps de s\u00e9jour<\/strong><\/li>\n<li><strong>Temps de refroidissement<\/strong><\/li>\n<\/ul>\n<p>Un contr\u00f4le pr\u00e9cis de ces param\u00e8tres est essentiel pour obtenir des joints coh\u00e9rents et fiables, faisant des tests de thermoscellage une pierre angulaire de l&#039;assurance qualit\u00e9 dans les emballages flexibles.<\/p>\n<h2><strong><a href=\"https:\/\/www.astm.org\/f1921_f1921m-12r18.html\" rel=\"nofollow noopener\" target=\"_blank\">Norme ASTM F1921<\/a> et <a href=\"https:\/\/www.astm.org\/f2029-16r21.html\" rel=\"nofollow noopener\" target=\"_blank\">ASTM F2029<\/a> Normes<\/strong><\/h2>\n<ul>\n<li><a href=\"https:\/\/www.qualitester.com\/fr\/categorie-produit\/astm\/astm-f1921\/\"><strong>Norme ASTM F1921<\/strong><\/a>:<br \/>\nCette norme d\u00e9crit les m\u00e9thodes d&#039;essai permettant de d\u00e9terminer <strong>R\u00e9sistance du scellage \u00e0 chaud<\/strong> (collage \u00e0 chaud) des mat\u00e9riaux thermoplastiques. Il fournit des directives sur les conditions d&#039;\u00e9tanch\u00e9it\u00e9, les proc\u00e9dures d&#039;essai et la mesure de la force requise pour s\u00e9parer les joints.<\/li>\n<li><a href=\"https:\/\/www.qualitester.com\/fr\/categorie-produit\/astm\/astm-f2029\/\"><strong>ASTM F2029<\/strong><\/a>:<br \/>\nCette norme d\u00e9crit <strong>pratiques pour r\u00e9aliser des thermoscellages<\/strong> et \u00e9valuer leur r\u00e9sistance. Il garantit que les mat\u00e9riaux thermoscellables r\u00e9pondent aux crit\u00e8res de performance en sp\u00e9cifiant les param\u00e8tres de scellage et de test.<\/li>\n<\/ul>\n<p>Ces deux normes sont essentielles pour maintenir le contr\u00f4le de la qualit\u00e9 et garantir la conformit\u00e9 aux r\u00e9glementations du secteur.<\/p>\n<h2><strong>HTT-01 Testeur de traction et d&#039;adh\u00e9rence \u00e0 chaud<\/strong><\/h2>\n<p>Le <strong>HTT-01 Testeur de traction et d&#039;adh\u00e9rence \u00e0 chaud<\/strong> est un instrument polyvalent con\u00e7u pour \u00e9valuer \u00e0 la fois <strong>colle chaude<\/strong> et dans l&#039;ensemble <strong>r\u00e9sistance du joint<\/strong> des mat\u00e9riaux thermoplastiques. Il fournit des donn\u00e9es fiables pour l&#039;assurance qualit\u00e9 dans les applications d&#039;emballage et aide les fabricants \u00e0 optimiser leurs processus de scellage.<\/p>\n<p><strong>Principales applications :<\/strong><\/p>\n<ul>\n<li>Test d&#039;adh\u00e9rence \u00e0 chaud pour les emballages VFFS.<\/li>\n<li>\u00c9valuation de la r\u00e9sistance du thermoscellage pour les bandes flexibles.<\/li>\n<li>Essais de traction et de force de pelage des mat\u00e9riaux thermoplastiques.<\/li>\n<\/ul>\n<h2><strong>Principe et processus de test<\/strong><\/h2>\n<p>Le test d&#039;adh\u00e9rence \u00e0 chaud consiste \u00e0 sceller une bande d&#039;\u00e9chantillon entre deux m\u00e2choires chauff\u00e9es dans des conditions contr\u00f4l\u00e9es :<\/p>\n<ol>\n<li><strong>Param\u00e8tres d&#039;\u00e9tanch\u00e9it\u00e9<\/strong>:La temp\u00e9rature, le temps de s\u00e9jour, la pression et le temps de refroidissement sont d\u00e9finis en fonction des sp\u00e9cifications du mat\u00e9riau.<\/li>\n<li><strong>Test de s\u00e9paration<\/strong>:Apr\u00e8s le scellement, l&#039;\u00e9chantillon est s\u00e9par\u00e9 \u00e0 une vitesse sp\u00e9cifi\u00e9e et la force requise pour briser le scellement est mesur\u00e9e.<\/li>\n<\/ol>\n<p>La force r\u00e9sultante indique la <strong>R\u00e9sistance au collage \u00e0 chaud<\/strong>, ce qui est essentiel pour garantir les performances de l&#039;emballage dans les applications du monde r\u00e9el.<\/p>\n<h2><strong>Principales caract\u00e9ristiques techniques du HTT-01<\/strong><\/h2>\n<ul>\n<li><strong>Contr\u00f4le et interface avanc\u00e9s<\/strong>:<br \/>\nLe HTT-01 dispose d&#039;un <strong>Syst\u00e8me contr\u00f4l\u00e9 par PLC<\/strong> avec un <strong>\u00c9cran tactile IHM<\/strong> interface, garantissant une stabilit\u00e9 de niveau industriel et un fonctionnement convivial.<\/li>\n<li><strong>Capacit\u00e9s de test polyvalentes<\/strong>:<br \/>\nIl prend en charge <strong>Essais d&#039;adh\u00e9rence \u00e0 chaud, de traction et de pelage<\/strong>, ce qui en fait une solution multifonctionnelle pour diverses applications.<\/li>\n<li><strong>Pr\u00e9cision de la temp\u00e9rature<\/strong>:<br \/>\nLe testeur utilise un <strong>R\u00e9gulateur de temp\u00e9rature Delta PID<\/strong> et <strong>Capteur PT100<\/strong> pour un contr\u00f4le pr\u00e9cis de la temp\u00e9rature, garantissant des r\u00e9sultats reproductibles.<\/li>\n<li><strong>Param\u00e8tres r\u00e9glables<\/strong>:<br \/>\nLes utilisateurs peuvent personnaliser la temp\u00e9rature de scellage, la pression et le temps de maintien, avec des vitesses de test allant de <strong>1 \u00e0 2000 mm\/min<\/strong>.<\/li>\n<li><strong>S\u00e9curit\u00e9 et gestion des donn\u00e9es<\/strong>:<br \/>\nLe HTT-01 comprend des fonctionnalit\u00e9s de s\u00e9curit\u00e9 telles que <strong>mise \u00e0 z\u00e9ro automatique<\/strong>, <strong>protection contre les surcharges<\/strong>, et <strong>protection contre les d\u00e9passements de course<\/strong>. Les donn\u00e9es peuvent \u00eatre g\u00e9r\u00e9es via un <strong>Port RS 232<\/strong> et des logiciels professionnels en option.<\/li>\n<\/ul>\n<h2><strong>Sp\u00e9cifications techniques principales<\/strong><\/h2>\n<table>\n<tbody>\n<tr>\n<td width=\"123\">Temp\u00e9rature d&#039;\u00e9tanch\u00e9it\u00e9<\/td>\n<td width=\"251\">Ambiante ~ 250 \u2103<\/td>\n<\/tr>\n<tr>\n<td width=\"123\">Pr\u00e9cision de la temp\u00e9rature<\/td>\n<td width=\"251\">\u00b10,2\u2103<\/td>\n<\/tr>\n<tr>\n<td width=\"123\">Temps de s\u00e9jour<\/td>\n<td width=\"251\">0,1 \u00e0 9999 s (thermoscellage)<\/td>\n<\/tr>\n<tr>\n<td width=\"123\">Temps de s\u00e9jour<\/td>\n<td width=\"251\">0,1 \u00e0 9999 s (collage \u00e0 chaud)<\/td>\n<\/tr>\n<tr>\n<td width=\"123\">Pression d&#039;\u00e9tanch\u00e9it\u00e9<\/td>\n<td width=\"251\">0,15 MPa \u00e0 0,7 MPa<\/td>\n<\/tr>\n<tr>\n<td width=\"123\">M\u00e2choires de scellement<\/td>\n<td width=\"251\">Rev\u00eatement en t\u00e9flon 50 mm x 10 mm<\/td>\n<\/tr>\n<tr>\n<td width=\"123\">Chauffage des m\u00e2choires<\/td>\n<td width=\"251\">Chauffage double<\/td>\n<\/tr>\n<tr>\n<td width=\"123\">Cellule de charge<\/td>\n<td width=\"251\">200N (en option\u00a0: 30N, 50N, 100N, etc.)<\/td>\n<\/tr>\n<tr>\n<td width=\"123\">Pr\u00e9cision<\/td>\n<td width=\"251\">0,5 FS<\/td>\n<\/tr>\n<tr>\n<td width=\"123\">R\u00e9solution<\/td>\n<td width=\"251\">0,01 N<\/td>\n<\/tr>\n<tr>\n<td width=\"123\">Pouvoir<\/td>\n<td width=\"251\">220 V, 50 Hz<\/td>\n<\/tr>\n<\/tbody>\n<\/table>\n<h2><strong>Importance des tests de collage \u00e0 chaud et de thermoscellage<\/strong><\/h2>\n<ul>\n<li><strong>Assurer la qualit\u00e9 et la s\u00e9curit\u00e9<\/strong>:<br \/>\nLes tests de collage \u00e0 chaud et de thermoscellage jouent un r\u00f4le essentiel dans le maintien de la qualit\u00e9 et de la s\u00e9curit\u00e9 des produits emball\u00e9s. En \u00e9valuant la r\u00e9sistance du scellage \u00e0 diff\u00e9rentes \u00e9tapes, les fabricants peuvent \u00e9viter les d\u00e9versements et les d\u00e9faillances des produits.<\/li>\n<li><strong>Conformit\u00e9 de l&#039;industrie<\/strong>:<br \/>\nAdh\u00e9rer \u00e0 <strong>Norme ASTM F1921<\/strong> et <strong>ASTM F2029<\/strong> garantit que les produits r\u00e9pondent aux normes de l\u2019industrie et aux attentes des clients.<\/li>\n<li><strong>Optimisation des processus<\/strong>:<br \/>\nLes donn\u00e9es recueillies \u00e0 partir des tests de collage \u00e0 chaud et de thermoscellage aident \u00e0 optimiser les processus d&#039;emballage, \u00e0 am\u00e9liorer l&#039;efficacit\u00e9 et \u00e0 r\u00e9duire les d\u00e9chets.<\/li>\n<\/ul>\n<p>Le <strong>HTT-01 Testeur de traction et d&#039;adh\u00e9rence \u00e0 chaud<\/strong> est un outil essentiel pour garantir l&#039;int\u00e9grit\u00e9 et la fiabilit\u00e9 des thermoscellages dans les emballages souples. En adh\u00e9rant \u00e0 <strong>Norme ASTM F1921<\/strong> et <strong>ASTM F2029<\/strong> Conforme aux normes ISO 9001 et ISO 9001, ce testeur aide les fabricants \u00e0 obtenir une qualit\u00e9 constante et \u00e0 r\u00e9pondre aux exigences de l&#039;industrie. Ses fonctionnalit\u00e9s avanc\u00e9es, ses contr\u00f4les de pr\u00e9cision et sa polyvalence en font un atout pr\u00e9cieux pour l&#039;assurance qualit\u00e9 des emballages.<\/p>\n<h2><strong>FAQ<\/strong><\/h2>\n<ol>\n<li><strong>Qu&#039;est-ce qu&#039;un test de collage \u00e0 chaud et pourquoi est-il important ?<\/strong><br \/>\nLe test d&#039;adh\u00e9rence \u00e0 chaud mesure la r\u00e9sistance d&#039;un joint thermique imm\u00e9diatement apr\u00e8s le scellage, ce qui est essentiel pour maintenir l&#039;int\u00e9grit\u00e9 de l&#039;emballage dans les processus \u00e0 grande vitesse.<\/li>\n<li><strong>En quoi les tests de thermoscellage diff\u00e8rent-ils des tests d&#039;adh\u00e9rence \u00e0 chaud ?<\/strong><br \/>\nLes tests de thermoscellage \u00e9valuent la r\u00e9sistance globale du joint apr\u00e8s refroidissement, tandis que les tests d&#039;adh\u00e9rence \u00e0 chaud \u00e9valuent la r\u00e9sistance du joint avant refroidissement.<\/li>\n<li><strong>Quelles industries utilisent les tests de collage \u00e0 chaud et de thermoscellage ?<\/strong><br \/>\nLes industries telles que l\u2019emballage alimentaire, les produits pharmaceutiques, les adh\u00e9sifs et l\u2019\u00e9lectronique s\u2019appuient sur ces tests pour garantir la s\u00e9curit\u00e9 et la qualit\u00e9 des produits.<\/li>\n<li><strong>Que sont les normes ASTM F1921 et ASTM F2029\u00a0?<\/strong><br \/>\nLa norme ASTM F1921 fournit des m\u00e9thodes d&#039;\u00e9valuation de la r\u00e9sistance au collage \u00e0 chaud, tandis que la norme ASTM F2029 d\u00e9crit les pratiques de fabrication et d&#039;\u00e9valuation des joints thermiques.<\/li>\n<li><strong>Quelles sont les principales caract\u00e9ristiques du testeur de collage \u00e0 chaud HTT-01\u00a0?<\/strong><br \/>\nLe HTT-01 offre un contr\u00f4le avanc\u00e9, des capacit\u00e9s de test polyvalentes, un contr\u00f4le pr\u00e9cis de la temp\u00e9rature et des fonctions de s\u00e9curit\u00e9 robustes, ce qui le rend id\u00e9al pour des tests de thermoscellage complets.<\/li>\n<\/ol>","protected":false},"excerpt":{"rendered":"<p>Le <strong>test de collage \u00e0 chaud<\/strong> est une m\u00e9thode d&#039;\u00e9valuation critique qui mesure la r\u00e9sistance des thermoscellages imm\u00e9diatement apr\u00e8s le scellage et avant que le scellage ne refroidisse. Ce test est essentiel dans les industries o\u00f9 un scellage rapide et fiable est n\u00e9cessaire, en particulier dans <strong>formage-remplissage-scellage vertical (VFFS)<\/strong> processus. Une forte adh\u00e9rence \u00e0 chaud garantit que le joint reste intact lorsque l&#039;emballage est rempli de produits, \u00e9vitant ainsi les d\u00e9versements et pr\u00e9servant l&#039;int\u00e9grit\u00e9 du produit.<\/p>","protected":false},"featured_media":5966,"comment_status":"closed","ping_status":"closed","template":"","meta":{"site-sidebar-layout":"default","site-content-layout":"default","ast-global-header-display":"","ast-main-header-display":"","ast-hfb-above-header-display":"","ast-hfb-below-header-display":"","ast-hfb-mobile-header-display":"","site-post-title":"disabled","ast-breadcrumbs-content":"","ast-featured-img":"disabled","footer-sml-layout":"","theme-transparent-header-meta":"default","adv-header-id-meta":"","stick-header-meta":"","header-above-stick-meta":"","header-main-stick-meta":"","header-below-stick-meta":""},"product_cat":[953,956,955,845,954,957,958,952,959,677,678,149,16,141,142,95],"product_tag":[],"class_list":{"0":"post-3281","1":"product","2":"type-product","3":"status-publish","4":"has-post-thumbnail","6":"product_cat-bursting-tester","7":"product_cat-cobb-tester","8":"product_cat-crush-tester","9":"product_cat-customization","10":"product_cat-paper-tear-tester","11":"product_cat-plybond-tester","12":"product_cat-puncture-tester","13":"product_cat-rub-tester","14":"product_cat-stiffness-tester","15":"product_cat-heat-seal-tester","16":"product_cat-hot-tack-tester","17":"product_cat-pharma-and-medical-testers","18":"product_cat-plastic-packaging-testers","19":"product_cat-astm-f1921","20":"product_cat-astm-f2029","21":"product_cat-products","22":"desktop-align-left","23":"tablet-align-left","24":"mobile-align-left","26":"first","27":"instock","28":"shipping-taxable","29":"product-type-simple"},"_links":{"self":[{"href":"https:\/\/www.qualitester.com\/fr\/wp-json\/wp\/v2\/product\/3281","targetHints":{"allow":["GET"]}}],"collection":[{"href":"https:\/\/www.qualitester.com\/fr\/wp-json\/wp\/v2\/product"}],"about":[{"href":"https:\/\/www.qualitester.com\/fr\/wp-json\/wp\/v2\/types\/product"}],"replies":[{"embeddable":true,"href":"https:\/\/www.qualitester.com\/fr\/wp-json\/wp\/v2\/comments?post=3281"}],"version-history":[{"count":0,"href":"https:\/\/www.qualitester.com\/fr\/wp-json\/wp\/v2\/product\/3281\/revisions"}],"wp:featuredmedia":[{"embeddable":true,"href":"https:\/\/www.qualitester.com\/fr\/wp-json\/wp\/v2\/media\/5966"}],"wp:attachment":[{"href":"https:\/\/www.qualitester.com\/fr\/wp-json\/wp\/v2\/media?parent=3281"}],"wp:term":[{"taxonomy":"product_cat","embeddable":true,"href":"https:\/\/www.qualitester.com\/fr\/wp-json\/wp\/v2\/product_cat?post=3281"},{"taxonomy":"product_tag","embeddable":true,"href":"https:\/\/www.qualitester.com\/fr\/wp-json\/wp\/v2\/product_tag?post=3281"}],"curies":[{"name":"wp","href":"https:\/\/api.w.org\/{rel}","templated":true}]}}