{"id":3223,"date":"2023-08-07T08:52:04","date_gmt":"2023-08-07T00:52:04","guid":{"rendered":"https:\/\/www.qualitester.com\/?post_type=product&#038;p=3223"},"modified":"2024-12-04T16:01:26","modified_gmt":"2024-12-04T08:01:26","slug":"how-to-test-the-force-about-ampoule-breaking","status":"publish","type":"product","link":"https:\/\/www.qualitester.com\/fr\/produit\/how-to-test-the-force-about-ampoule-breaking\/","title":{"rendered":"Testeur de rupture d&#039;ampoule BST-01"},"content":{"rendered":"<h2><strong>Introduction au testeur de force de rupture de l'ampoule<\/strong><\/h2>\n<p>Le <strong>testeur de force de rupture d'ampoule<\/strong> est un outil essentiel pour les industries de l'emballage pharmaceutique et m\u00e9dical, con\u00e7u pour mesurer la force n\u00e9cessaire pour briser le goulot d'une ampoule. Les ampoules sont des r\u00e9cipients herm\u00e9tiques utilis\u00e9s pour le stockage de substances pharmaceutiques sensibles. La force de rupture du col joue un r\u00f4le essentiel pour garantir la s\u00e9curit\u00e9 et l'int\u00e9grit\u00e9 du produit qu'il contient. Un testeur pr\u00e9cis et fiable est essentiel pour s'assurer que les ampoules r\u00e9pondent aux normes n\u00e9cessaires pour une utilisation et une manipulation s\u00fbres.<\/p>\n<h2><strong>Comprendre la norme ISO 9187 : Norme pour les essais de force de rupture des ampoules<\/strong><\/h2>\n<p><a href=\"https:\/\/www.iso.org\/standard\/55920.html\" target=\"_blank\" rel=\"noopener nofollow\">ISO 9187<\/a> est la norme internationale qui sp\u00e9cifie la m\u00e9thode d'essai de la force de rupture des ampoules. Elle fournit des lignes directrices d\u00e9taill\u00e9es sur la mani\u00e8re dont le processus d'essai doit \u00eatre men\u00e9, l'\u00e9quipement n\u00e9cessaire et les param\u00e8tres \u00e0 mesurer pour garantir des r\u00e9sultats coh\u00e9rents et pr\u00e9cis. En respectant la norme ISO 9187, les fabricants peuvent \u00eatre s\u00fbrs que leurs ampoules r\u00e9pondront aux exigences de s\u00e9curit\u00e9, r\u00e9duisant ainsi le risque de rupture pendant le stockage et la manipulation.<\/p>\n<h3><strong>M\u00e9thode d'essai selon <a href=\"https:\/\/www.qualitester.com\/fr\/categorie-produit\/iso\/iso-9187\/\" target=\"_blank\" rel=\"noopener\">ISO 9187<\/a><\/strong><\/h3>\n<p>Le test consiste \u00e0 placer une ampoule sur un support et \u00e0 appliquer une force vers le bas sur le col \u00e0 l'aide de la machine de test. Le test <strong>BST-01 Testeur de force de rupture d'ampoule<\/strong> utilise une cellule de charge de haute pr\u00e9cision pour mesurer la force n\u00e9cessaire pour briser le col de l'ampoule. Ce test garantit que les ampoules sont non seulement s\u00fbres \u00e0 manipuler, mais qu'elles r\u00e9pondent \u00e9galement aux normes requises pour les applications pharmaceutiques.<\/p>\n<h2><strong>Processus d'essai du testeur de force de rupture de l'ampoule<\/strong><\/h2>\n<ul>\n<li><strong>\u00c9tape 1<\/strong>: Placez l'ampoule sur le support pr\u00e9vu pour les diff\u00e9rentes tailles d'ampoules (1ml, 2ml, 5ml, 10ml, 20ml).<\/li>\n<li><strong>\u00c9tape 2<\/strong>: Commencez le test, au cours duquel la t\u00eate de pressage descend \u00e0 une vitesse constante de 10 mm\/min (r\u00e9glable de 1 \u00e0 500 mm\/min).<\/li>\n<li><strong>\u00c9tape 3<\/strong>: La cellule de charge de haute pr\u00e9cision d\u00e9tecte la force n\u00e9cessaire pour briser le col de l'ampoule.<\/li>\n<li><strong>\u00c9tape 4<\/strong>: La force de rupture est enregistr\u00e9e et les r\u00e9sultats sont affich\u00e9s sur l'\u00e9cran tactile de l'IHM ou imprim\u00e9s via la micro-imprimante int\u00e9gr\u00e9e.<\/li>\n<\/ul>\n<p>Ce processus garantit que la force de rupture des ampoules est mesur\u00e9e avec pr\u00e9cision, conform\u00e9ment aux normes industrielles.<\/p>\n<h2><strong>Caract\u00e9ristiques techniques du testeur de r\u00e9sistance \u00e0 la rupture des ampoules BST-01<\/strong><\/h2>\n<p>Le <strong>BST-01 Testeur de r\u00e9sistance \u00e0 la rupture des ampoules<\/strong> est dot\u00e9 d'une s\u00e9rie de fonctions avanc\u00e9es qui am\u00e9liorent sa pr\u00e9cision et sa polyvalence :<\/p>\n<ul>\n<li><strong>Cellule de charge de haute pr\u00e9cision<\/strong>: Assure des mesures de force fiables et pr\u00e9cises avec une r\u00e9solution de 0,1N.<\/li>\n<li><strong>Options de fixation multiples<\/strong>: Les supports de test pour les ampoules de 1ml, 2ml, 5ml, 10ml et 20ml permettent au testeur de s'adapter \u00e0 diff\u00e9rentes tailles d'ampoules.<\/li>\n<li><strong>Vitesse de test r\u00e9glable<\/strong>: La vitesse d'essai est r\u00e9glable entre 1 et 500 mm\/min, ce qui permet de r\u00e9pondre aux diff\u00e9rentes exigences en mati\u00e8re d'essai.<\/li>\n<li><strong>Contr\u00f4le PLC et \u00e9cran tactile IHM<\/strong>: Pour faciliter l'utilisation et l'automatisation du processus d'essai.<\/li>\n<li><strong>Moteur pas \u00e0 pas avec vis \u00e0 bille de pr\u00e9cision<\/strong>: Permet un contr\u00f4le pr\u00e9cis de la vitesse pour des tests pr\u00e9cis.<\/li>\n<li><strong>Caract\u00e9ristiques de s\u00e9curit\u00e9<\/strong>: Comprend un couvercle de protection pour \u00e9viter les sauts d'\u00e9chantillons, un tube de collecte pour les \u00e9chantillons d'ampoules cass\u00e9es et une fonction de retour automatique.<\/li>\n<li><strong>Connectivit\u00e9 en option<\/strong>: Connectivit\u00e9 RS 232 pour l'int\u00e9gration avec des logiciels et des syst\u00e8mes professionnels.<\/li>\n<\/ul>\n<h2><strong>Autres normes pertinentes et conformit\u00e9<\/strong><\/h2>\n<p>En plus de <strong>ISO 9187<\/strong>, le <strong>BST-01 Testeur de force de rupture d'ampoule<\/strong> est conforme \u00e0 plusieurs autres normes industrielles, notamment :<\/p>\n<ul>\n<li><strong>GB 2637<\/strong>: Une norme nationale chinoise pour le contr\u00f4le des ampoules.<\/li>\n<li><strong>YBB00332002<\/strong>: Norme chinoise pour les ampoules utilis\u00e9es dans les emballages pharmaceutiques.<\/li>\n<\/ul>\n<p>Ces normes garantissent la polyvalence de l'appareil et sa conformit\u00e9 aux exigences mondiales en mati\u00e8re de tests.<\/p>\n<h2><strong>Principaux param\u00e8tres du testeur de force de rupture de l'ampoule<\/strong><\/h2>\n<table>\n<tbody>\n<tr>\n<td style=\"text-align: center;\" width=\"87\">Plage de test<\/td>\n<td style=\"text-align: center;\" width=\"188\">0~200N (ou selon les besoins)<\/td>\n<\/tr>\n<tr>\n<td style=\"text-align: center;\" width=\"87\">Vitesse<\/td>\n<td style=\"text-align: center;\" width=\"188\">1 \u00e0 500 mm\/min<\/td>\n<\/tr>\n<tr>\n<td style=\"text-align: center;\" width=\"87\">R\u00e9solution<\/td>\n<td style=\"text-align: center;\" width=\"188\">0.1N<\/td>\n<\/tr>\n<tr>\n<td style=\"text-align: center;\" width=\"87\">Pr\u00e9cision<\/td>\n<td style=\"text-align: center;\" width=\"188\">0,5% FS<\/td>\n<\/tr>\n<tr>\n<td style=\"text-align: center;\" width=\"87\">Pouvoir<\/td>\n<td style=\"text-align: center;\" width=\"188\">110~220V 50\/60Hz<\/td>\n<\/tr>\n<\/tbody>\n<\/table>\n<p>Le <strong>BST-01 Testeur de force de rupture d'ampoule<\/strong> est un appareil fiable, polyvalent et tr\u00e8s pr\u00e9cis, con\u00e7u pour r\u00e9pondre aux exigences rigoureuses des industries pharmaceutiques et de l'emballage m\u00e9dical. En adh\u00e9rant aux normes internationales telles que <strong>ISO 9187<\/strong>Le testeur garantit que les ampoules peuvent \u00eatre utilis\u00e9es en toute s\u00e9curit\u00e9 et qu'elles r\u00e9pondent aux sp\u00e9cifications de force de rupture n\u00e9cessaires. Gr\u00e2ce \u00e0 ses fonctions avanc\u00e9es, \u00e0 sa flexibilit\u00e9 pour tester diff\u00e9rentes tailles d'ampoules et \u00e0 sa facilit\u00e9 d'utilisation, le BST-01 est un outil indispensable pour les fabricants et les laboratoires de contr\u00f4le de la qualit\u00e9.<\/p>\n<h4><strong>Rubrique FAQ<\/strong><\/h4>\n<ol>\n<li><strong>\u00c0 quoi sert un testeur de force de rupture d'ampoule ?<\/strong><br \/>\nLe testeur mesure la force n\u00e9cessaire pour briser le col d'une ampoule, garantissant ainsi sa solidit\u00e9 et sa s\u00e9curit\u00e9 lors de sa manipulation et de son utilisation.<\/li>\n<li><strong>Quel est le rapport entre la norme ISO 9187 et le contr\u00f4le des ampoules ?<\/strong><br \/>\nLa norme ISO 9187 d\u00e9crit la m\u00e9thode et les lignes directrices pour tester la force de rupture des ampoules, garantissant ainsi la coh\u00e9rence et la fiabilit\u00e9 du processus de test.<\/li>\n<li><strong>Quelles sont les principales caract\u00e9ristiques techniques du testeur de force de rupture d'ampoule BST-01 ?<\/strong><br \/>\nLe testeur est \u00e9quip\u00e9 d'une cellule de charge de haute pr\u00e9cision, de plusieurs tailles de fixations, de vitesses de test r\u00e9glables, d'une commande PLC et de dispositifs de s\u00e9curit\u00e9 tels que des couvercles de protection et des tubes de collecte.<\/li>\n<li><strong>Le BST-01 peut-il \u00eatre utilis\u00e9 pour tester d'autres mat\u00e9riaux que les ampoules ?<\/strong><br \/>\nOui, le BST-01 est polyvalent et peut tester d'autres mat\u00e9riaux d'emballage m\u00e9dical tels que les seringues, les capuchons et les bouchons.<\/li>\n<li><strong>Quelle est la pr\u00e9cision du testeur de force de rupture d'ampoule BST-01 ?<\/strong><br \/>\nLe testeur offre une pr\u00e9cision de 0,5% \u00e0 pleine \u00e9chelle, ce qui permet d'obtenir des r\u00e9sultats de test pr\u00e9cis et fiables.<\/li>\n<\/ol>","protected":false},"excerpt":{"rendered":"<p>Le <strong>testeur de force de rupture d'ampoule<\/strong> est un outil essentiel pour les industries de l'emballage pharmaceutique et m\u00e9dical, con\u00e7u pour mesurer la force n\u00e9cessaire pour briser le goulot d'une ampoule. Les ampoules sont des r\u00e9cipients herm\u00e9tiques utilis\u00e9s pour le stockage de substances pharmaceutiques sensibles. La force de rupture du col joue un r\u00f4le essentiel pour garantir la s\u00e9curit\u00e9 et l'int\u00e9grit\u00e9 du produit qu'il contient. Un testeur pr\u00e9cis et fiable est essentiel pour s'assurer que les ampoules r\u00e9pondent aux normes n\u00e9cessaires pour une utilisation et une manipulation s\u00fbres.<\/p>","protected":false},"featured_media":6120,"comment_status":"closed","ping_status":"closed","template":"","meta":{"site-sidebar-layout":"default","site-content-layout":"default","ast-global-header-display":"","ast-main-header-display":"","ast-hfb-above-header-display":"","ast-hfb-below-header-display":"","ast-hfb-mobile-header-display":"","site-post-title":"","ast-breadcrumbs-content":"","ast-featured-img":"","footer-sml-layout":"","theme-transparent-header-meta":"default","adv-header-id-meta":"","stick-header-meta":"","header-above-stick-meta":"","header-main-stick-meta":"","header-below-stick-meta":""},"product_cat":[933,845,149,173,95],"product_tag":[],"class_list":{"0":"post-3223","1":"product","2":"type-product","3":"status-publish","4":"has-post-thumbnail","6":"product_cat-ampoule-breaking-tester","7":"product_cat-customization","8":"product_cat-pharma-and-medical-testers","9":"product_cat-iso-9187","10":"product_cat-products","11":"desktop-align-left","12":"tablet-align-left","13":"mobile-align-left","15":"first","16":"instock","17":"shipping-taxable","18":"product-type-simple"},"_links":{"self":[{"href":"https:\/\/www.qualitester.com\/fr\/wp-json\/wp\/v2\/product\/3223","targetHints":{"allow":["GET"]}}],"collection":[{"href":"https:\/\/www.qualitester.com\/fr\/wp-json\/wp\/v2\/product"}],"about":[{"href":"https:\/\/www.qualitester.com\/fr\/wp-json\/wp\/v2\/types\/product"}],"replies":[{"embeddable":true,"href":"https:\/\/www.qualitester.com\/fr\/wp-json\/wp\/v2\/comments?post=3223"}],"version-history":[{"count":0,"href":"https:\/\/www.qualitester.com\/fr\/wp-json\/wp\/v2\/product\/3223\/revisions"}],"wp:featuredmedia":[{"embeddable":true,"href":"https:\/\/www.qualitester.com\/fr\/wp-json\/wp\/v2\/media\/6120"}],"wp:attachment":[{"href":"https:\/\/www.qualitester.com\/fr\/wp-json\/wp\/v2\/media?parent=3223"}],"wp:term":[{"taxonomy":"product_cat","embeddable":true,"href":"https:\/\/www.qualitester.com\/fr\/wp-json\/wp\/v2\/product_cat?post=3223"},{"taxonomy":"product_tag","embeddable":true,"href":"https:\/\/www.qualitester.com\/fr\/wp-json\/wp\/v2\/product_tag?post=3223"}],"curies":[{"name":"wp","href":"https:\/\/api.w.org\/{rel}","templated":true}]}}