{"id":3012,"date":"2023-07-31T16:39:52","date_gmt":"2023-07-31T08:39:52","guid":{"rendered":"https:\/\/www.qualitester.com\/?post_type=product&#038;p=3012"},"modified":"2025-01-07T17:06:31","modified_gmt":"2025-01-07T09:06:31","slug":"gelbo-flex-tester-astm-f392","status":"publish","type":"product","link":"https:\/\/www.qualitester.com\/fr\/produit\/gelbo-flex-tester-astm-f392\/","title":{"rendered":"Testeur de flexion Gelbo GFT"},"content":{"rendered":"<p>Le <strong>Testeur de flexion Gelbo<\/strong> est un instrument essentiel pour \u00e9valuer la r\u00e9sistance \u00e0 la flexion des mat\u00e9riaux barri\u00e8res flexibles, tels que les films, les composites et les films de rev\u00eatement. Cet appareil teste la capacit\u00e9 d&#039;un mat\u00e9riau \u00e0 r\u00e9sister \u00e0 des contraintes r\u00e9p\u00e9titives, ce qui est essentiel pour pr\u00e9venir les fissures de flexion et garantir l&#039;int\u00e9grit\u00e9 de l&#039;emballage pendant la distribution. La r\u00e9sistance aux fissures de flexion est une propri\u00e9t\u00e9 essentielle, car elle minimise le risque de perforation de l&#039;emballage, garantissant que le contenu reste intact tout au long du cycle de vie de l&#039;emballage.<\/p>\n<h2>ASTM F392 \u2013 Durabilit\u00e9 \u00e0 la flexion des mat\u00e9riaux de barri\u00e8re flexibles<\/h2>\n<p><a href=\"https:\/\/www.astm.org\/f0392_f0392m-21.html\" target=\"_blank\" rel=\"noopener nofollow\"><strong>ASTM F392<\/strong><\/a> est une sp\u00e9cification standard qui d\u00e9crit la proc\u00e9dure permettant de d\u00e9terminer la <strong>durabilit\u00e9 de la flexion<\/strong> de mat\u00e9riaux barri\u00e8res flexibles. Cette m\u00e9thode d&#039;essai est sp\u00e9cialement con\u00e7ue pour \u00e9valuer la capacit\u00e9 des mat\u00e9riaux tels que les films et les rev\u00eatements \u00e0 supporter des flexions, des torsions et des flexions r\u00e9p\u00e9t\u00e9es sous contrainte, en simulant les conditions r\u00e9elles pendant le transport et la manutention. L&#039;essai consiste \u00e0 soumettre l&#039;\u00e9chantillon \u00e0 une s\u00e9rie de mouvements de flexion et \u00e0 d\u00e9terminer la capacit\u00e9 du mat\u00e9riau \u00e0 r\u00e9sister \u00e0 ces contraintes sans d\u00e9velopper de trous ou de fissures.<\/p>\n<h2>Proc\u00e9dure standard de conditionnement des mat\u00e9riaux barri\u00e8res flexibles par des tests de durabilit\u00e9 flexible<\/h2>\n<p>Le <strong>Testeur de flexion Gelbo<\/strong> adh\u00e8re aux proc\u00e9dures de test d\u00e9crites dans <strong>ASTM F392<\/strong> pour <strong>Test de durabilit\u00e9 de la flexion<\/strong>Le proc\u00e9d\u00e9 consiste \u00e0 monter un \u00e9chantillon mesurant 200 mm sur 280 mm sur les mandrins d&#039;essai. L&#039;\u00e9chantillon est ensuite soumis \u00e0 des mouvements de torsion et de compression horizontale, con\u00e7us pour simuler les contraintes subies par les mat\u00e9riaux d&#039;emballage pendant la distribution. Plus pr\u00e9cis\u00e9ment, le syst\u00e8me d\u00e9clenche une action de torsion qui s&#039;\u00e9tend sur 440\u00b0 dans les 90 premiers mm de la course, suivie d&#039;une compression horizontale de 65 mm.<\/p>\n<div class=\"ast-oembed-container\" style=\"height: 100%;\"><iframe title=\"Testeur de flexion Gelbo ASTM F392\" width=\"500\" height=\"281\" src=\"https:\/\/www.youtube.com\/embed\/n2u7WCjVRTk?feature=oembed\" frameborder=\"0\" allow=\"accelerometer; autoplay; clipboard-write; encrypted-media; gyroscope; picture-in-picture; web-share\" referrerpolicy=\"strict-origin-when-cross-origin\" allowfullscreen><\/iframe><\/div>\n<p>Le test est effectu\u00e9 \u00e0 une vitesse de <strong>45 cycles par minute<\/strong> avec cinq modes de test pr\u00e9programm\u00e9s :<\/p>\n<ul>\n<li><strong>Mode A<\/strong>: Flexibilit\u00e9 totale pendant 1 heure (2 700 cycles)<\/li>\n<li><strong>Mode B<\/strong>: Flexibilit\u00e9 totale pendant 20 minutes (900 cycles)<\/li>\n<li><strong>Mode C<\/strong>: Flexibilit\u00e9 totale pendant 6 minutes (270 cycles)<\/li>\n<li><strong>Mode D<\/strong>: Flexibilit\u00e9 totale pendant 20 cycles<\/li>\n<li><strong>Mode E<\/strong>:Flexibilit\u00e9 partielle pendant 20 cycles<\/li>\n<\/ul>\n<p>Ce processus de test flexible permet aux utilisateurs de simuler divers sc\u00e9narios de contraintes r\u00e9els, permettant des \u00e9valuations pr\u00e9cises de la r\u00e9sistance aux fissures de flexion.<\/p>\n<h2>Caract\u00e9ristiques techniques du testeur Gelbo Flex<\/h2>\n<ul>\n<li><strong>Contr\u00f4le PLC<\/strong>:Le testeur Gelbo Flex est \u00e9quip\u00e9 de <strong>Contr\u00f4le PLC<\/strong> pour des tests coh\u00e9rents et automatis\u00e9s.<\/li>\n<li><strong>Interface tactile IHM intuitive<\/strong>:L&#039;interface conviviale facilite la surveillance et le contr\u00f4le des param\u00e8tres de test.<\/li>\n<li><strong>Cinq modes de test standard<\/strong>:Le syst\u00e8me offre une flexibilit\u00e9 avec cinq modes pr\u00e9programm\u00e9s, permettant aux utilisateurs de s\u00e9lectionner les conditions de test id\u00e9ales pour leurs mat\u00e9riaux.<\/li>\n<li><strong>Plusieurs stations de test<\/strong>:Le testeur dispose de 3 \u00e0 4 stations pour des tests simultan\u00e9s, am\u00e9liorant ainsi l&#039;efficacit\u00e9 des tests de grands volumes de mat\u00e9riaux.<\/li>\n<li><strong>Changement de mode rapide<\/strong>: Basculez facilement entre les modes de course longue et courte, offrant des conditions de test personnalisables.<\/li>\n<li><strong>Micro-imprimante pour la sortie des donn\u00e9es<\/strong>:La micro-imprimante int\u00e9gr\u00e9e permet une impression pratique des r\u00e9sultats des tests, garantissant ainsi l&#039;exactitude et la tra\u00e7abilit\u00e9 des donn\u00e9es.<\/li>\n<\/ul>\n<h2>Domaines d&#039;application du testeur de durabilit\u00e9 flexible<\/h2>\n<p>Le testeur de durabilit\u00e9 flexible est largement utilis\u00e9 dans les industries o\u00f9 les mat\u00e9riaux d&#039;emballage sont soumis \u00e0 des contraintes r\u00e9p\u00e9titives pendant le transport et la manutention. Il s&#039;agit notamment de :<\/p>\n<ul>\n<li><strong>Conditionnement<\/strong>: <em><span style=\"text-decoration: underline;\"><strong>Films flexibles<\/strong><\/span><\/em> et les stratifi\u00e9s utilis\u00e9s pour les aliments, les boissons, les produits pharmaceutiques et les produits m\u00e9dicaux.<\/li>\n<li><strong>Emballage de dispositifs m\u00e9dicaux<\/strong>: Assurer la durabilit\u00e9 de <em><span style=\"text-decoration: underline;\"><strong>mat\u00e9riaux d&#039;emballage<\/strong><\/span><\/em> utilis\u00e9 pour les dispositifs m\u00e9dicaux st\u00e9riles.<\/li>\n<li><strong>M\u00e9dicaments<\/strong>: Test <em><span style=\"text-decoration: underline;\"><strong>mat\u00e9riaux barri\u00e8res<\/strong><\/span><\/em> qui prot\u00e8gent les m\u00e9dicaments et les produits pharmaceutiques sensibles.<\/li>\n<li><strong>Alimentation et boissons<\/strong>: <strong><em><span style=\"text-decoration: underline;\">Mat\u00e9riaux d&#039;emballage<\/span><\/em><\/strong> con\u00e7u pour maintenir la fra\u00eecheur et l\u2019int\u00e9grit\u00e9 des produits alimentaires.<\/li>\n<\/ul>\n<h2>Principaux param\u00e8tres du testeur Gelbo Flex<\/h2>\n<table>\n<tbody>\n<tr>\n<td width=\"132\">Fr\u00e9quence flexible<\/td>\n<td width=\"228\">45 \/minute<\/td>\n<\/tr>\n<tr>\n<td width=\"132\">Angle de flexion<\/td>\n<td width=\"228\">440\u00b0 (90 mm) ou 400\u00b0 (80 mm)<\/td>\n<\/tr>\n<tr>\n<td width=\"132\">Capacit\u00e9<\/td>\n<td width=\"228\">3,5 Nm<\/td>\n<\/tr>\n<tr>\n<td width=\"132\">Course horizontale<\/td>\n<td width=\"228\">155 mm ou 80 mm<\/td>\n<\/tr>\n<tr>\n<td width=\"132\">Stations<\/td>\n<td width=\"228\">3\/4<\/td>\n<\/tr>\n<tr>\n<td width=\"132\">Taille de l&#039;\u00e9chantillon<\/td>\n<td width=\"228\">280 mm x 200 mm<\/td>\n<\/tr>\n<tr>\n<td width=\"132\">Pouvoir<\/td>\n<td width=\"228\">110~220V<\/td>\n<\/tr>\n<\/tbody>\n<\/table>\n<h2>Exigences de personnalisation et de tests sp\u00e9ciaux<\/h2>\n<p>Cell Instruments se sp\u00e9cialise dans la personnalisation des \u00e9quipements de test pour r\u00e9pondre \u00e0 des besoins sp\u00e9cifiques en mati\u00e8re de tests de mat\u00e9riaux. <strong>Testeur de flexion Gelbo<\/strong> peut \u00eatre adapt\u00e9 pour r\u00e9pondre \u00e0 une large gamme d&#039;exigences de test de mat\u00e9riaux flexibles, offrant des solutions pour les conditions de test standard et uniques. (Comme les proc\u00e9dures de test et les montages d&#039;\u00e9chantillons)<\/p>\n<h2>FAQ<\/h2>\n<ol>\n<li><strong>Quels mat\u00e9riaux peuvent \u00eatre test\u00e9s avec le Gelbo Flex Tester ?<\/strong><br \/>\nLe testeur Gelbo Flex est id\u00e9al pour tester les mat\u00e9riaux barri\u00e8res flexibles tels que les films, les composites et les films de rev\u00eatement utilis\u00e9s dans les emballages, les dispositifs m\u00e9dicaux, les produits alimentaires, etc.<\/li>\n<li><strong>Qu&#039;est-ce que <a href=\"https:\/\/www.qualitester.com\/fr\/categorie-produit\/astm\/astm-f392\/\">ASTM F392<\/a>, et pourquoi est-ce important de tester ?<\/strong><br \/>\nLa norme ASTM F392 est une sp\u00e9cification standard permettant de tester la r\u00e9sistance \u00e0 la flexion des mat\u00e9riaux flexibles. Elle permet de garantir que les mat\u00e9riaux d&#039;emballage peuvent r\u00e9sister \u00e0 des contraintes r\u00e9p\u00e9titives pendant la distribution, r\u00e9duisant ainsi le risque de perforation ou de d\u00e9faillance.<\/li>\n<li><strong>Le testeur Gelbo Flex peut-il \u00eatre personnalis\u00e9 pour des besoins de test sp\u00e9cifiques ?<\/strong><br \/>\nOui, Cell Instruments propose des options de personnalisation pour adapter le testeur Gelbo Flex afin de r\u00e9pondre aux exigences de test uniques dans divers secteurs.<\/li>\n<li><strong>Comment le testeur Gelbo Flex simule-t-il les contraintes r\u00e9elles sur les emballages ?<\/strong><br \/>\nLe testeur utilise une combinaison de mouvements de torsion et de compression horizontale pour reproduire les contraintes r\u00e9p\u00e9titives subies par les mat\u00e9riaux d&#039;emballage pendant le transport et la manutention.<\/li>\n<\/ol>","protected":false},"excerpt":{"rendered":"<p>Le <strong>Testeur de flexion Gelbo<\/strong> est un instrument essentiel pour \u00e9valuer la r\u00e9sistance \u00e0 la flexion des mat\u00e9riaux barri\u00e8res flexibles, tels que les films, les composites et les films de rev\u00eatement. Cet appareil teste la capacit\u00e9 d&#039;un mat\u00e9riau \u00e0 r\u00e9sister \u00e0 des contraintes r\u00e9p\u00e9titives, ce qui est essentiel pour pr\u00e9venir les fissures de flexion et garantir l&#039;int\u00e9grit\u00e9 de l&#039;emballage pendant la distribution. La r\u00e9sistance aux fissures de flexion est une propri\u00e9t\u00e9 essentielle, car elle minimise le risque de perforation de l&#039;emballage, garantissant que le contenu reste intact tout au long du cycle de vie de l&#039;emballage.<\/p>","protected":false},"featured_media":5873,"comment_status":"closed","ping_status":"closed","template":"","meta":{"site-sidebar-layout":"default","site-content-layout":"default","ast-global-header-display":"","ast-main-header-display":"","ast-hfb-above-header-display":"","ast-hfb-below-header-display":"","ast-hfb-mobile-header-display":"","site-post-title":"disabled","ast-breadcrumbs-content":"","ast-featured-img":"disabled","footer-sml-layout":"","theme-transparent-header-meta":"default","adv-header-id-meta":"","stick-header-meta":"","header-above-stick-meta":"","header-main-stick-meta":"","header-below-stick-meta":""},"product_cat":[845,977,149,16,107,95],"product_tag":[1174,1175],"class_list":{"0":"post-3012","1":"product","2":"type-product","3":"status-publish","4":"has-post-thumbnail","6":"product_cat-customization","7":"product_cat-gelbo-flex-tester","8":"product_cat-pharma-and-medical-testers","9":"product_cat-plastic-packaging-testers","10":"product_cat-astm-f392","11":"product_cat-products","12":"product_tag-flex-durability-tester","13":"product_tag-gelbo-flex-tester","14":"desktop-align-left","15":"tablet-align-left","16":"mobile-align-left","18":"first","19":"instock","20":"shipping-taxable","21":"product-type-simple"},"_links":{"self":[{"href":"https:\/\/www.qualitester.com\/fr\/wp-json\/wp\/v2\/product\/3012","targetHints":{"allow":["GET"]}}],"collection":[{"href":"https:\/\/www.qualitester.com\/fr\/wp-json\/wp\/v2\/product"}],"about":[{"href":"https:\/\/www.qualitester.com\/fr\/wp-json\/wp\/v2\/types\/product"}],"replies":[{"embeddable":true,"href":"https:\/\/www.qualitester.com\/fr\/wp-json\/wp\/v2\/comments?post=3012"}],"version-history":[{"count":0,"href":"https:\/\/www.qualitester.com\/fr\/wp-json\/wp\/v2\/product\/3012\/revisions"}],"wp:featuredmedia":[{"embeddable":true,"href":"https:\/\/www.qualitester.com\/fr\/wp-json\/wp\/v2\/media\/5873"}],"wp:attachment":[{"href":"https:\/\/www.qualitester.com\/fr\/wp-json\/wp\/v2\/media?parent=3012"}],"wp:term":[{"taxonomy":"product_cat","embeddable":true,"href":"https:\/\/www.qualitester.com\/fr\/wp-json\/wp\/v2\/product_cat?post=3012"},{"taxonomy":"product_tag","embeddable":true,"href":"https:\/\/www.qualitester.com\/fr\/wp-json\/wp\/v2\/product_tag?post=3012"}],"curies":[{"name":"wp","href":"https:\/\/api.w.org\/{rel}","templated":true}]}}