{"id":2942,"date":"2023-07-24T10:49:11","date_gmt":"2023-07-24T02:49:11","guid":{"rendered":"https:\/\/www.qualitester.com\/?post_type=product&#038;p=2942"},"modified":"2024-12-04T14:14:45","modified_gmt":"2024-12-04T06:14:45","slug":"how-to-test-the-pharmaceutical-packaging-sealing-strength","status":"publish","type":"product","link":"https:\/\/www.qualitester.com\/fr\/produit\/how-to-test-the-pharmaceutical-packaging-sealing-strength\/","title":{"rendered":"How to Test the Pharmaceutical Packaging Sealing Strength?"},"content":{"rendered":"<div data-elementor-type=\"wp-post\" data-elementor-id=\"2942\" class=\"elementor elementor-2942\" data-elementor-post-type=\"product\">\n\t\t\t\t<div class=\"elementor-element elementor-element-25d0ee8 e-flex e-con-boxed e-con e-parent\" data-id=\"25d0ee8\" data-element_type=\"container\">\n\t\t\t\t\t<div class=\"e-con-inner\">\n\t\t<div class=\"elementor-element elementor-element-4bd5d70 e-con-full e-flex e-con e-parent\" data-id=\"4bd5d70\" data-element_type=\"container\">\n\t\t\t\t<div class=\"elementor-element elementor-element-53701e7 elementor-widget elementor-widget-image\" data-id=\"53701e7\" data-element_type=\"widget\" data-widget_type=\"image.default\">\n\t\t\t\t<div class=\"elementor-widget-container\">\n\t\t\t\t\t\t\t\t\t\t\t\t\t<img fetchpriority=\"high\" decoding=\"async\" width=\"750\" height=\"750\" src=\"https:\/\/www.qualitester.com\/wp-content\/uploads\/2023\/04\/Lt-01leak-tester.jpg\" class=\"attachment-large size-large wp-image-1725\" alt=\"\" srcset=\"https:\/\/www.qualitester.com\/wp-content\/uploads\/2023\/04\/Lt-01leak-tester.jpg 750w, https:\/\/www.qualitester.com\/wp-content\/uploads\/2023\/04\/Lt-01leak-tester-300x300.jpg 300w, https:\/\/www.qualitester.com\/wp-content\/uploads\/2023\/04\/Lt-01leak-tester-150x150.jpg 150w, https:\/\/www.qualitester.com\/wp-content\/uploads\/2023\/04\/Lt-01leak-tester-600x600.jpg 600w, https:\/\/www.qualitester.com\/wp-content\/uploads\/2023\/04\/Lt-01leak-tester-100x100.jpg 100w\" sizes=\"(max-width: 750px) 100vw, 750px\" \/>\t\t\t\t\t\t\t\t\t\t\t\t\t<\/div>\n\t\t\t\t<\/div>\n\t\t\t\t<\/div>\n\t\t<div class=\"elementor-element elementor-element-7035dc3 e-con-full e-flex e-con e-parent\" data-id=\"7035dc3\" data-element_type=\"container\">\n\t\t\t\t<div class=\"elementor-element elementor-element-6a55305 elementor-widget elementor-widget-text-editor\" data-id=\"6a55305\" data-element_type=\"widget\" data-widget_type=\"text-editor.default\">\n\t\t\t\t<div class=\"elementor-widget-container\">\n\t\t\t\t\t\t\t<h6><strong>Application<\/strong><\/h6><p><em>Le contr\u00f4le de l'int\u00e9grit\u00e9 des scell\u00e9s des emballages permet de s'assurer que l'emballage assure la protection requise du produit. Les tests d'int\u00e9grit\u00e9 des scell\u00e9s permettent souvent d'\u00e9valuer les alternatives d'emballage durables, les emballages moins co\u00fbteux et les variations des param\u00e8tres de scellage de la ligne de production. Le maintien de la fiabilit\u00e9 des scell\u00e9s des emballages est essentiel pour la qualit\u00e9 et la s\u00e9curit\u00e9 des produits.<\/em> <\/p><h6><strong>Description du test<\/strong><\/h6><p><em>Un \u00e9chantillon est plac\u00e9 dans la chambre remplie d'eau. La chambre est ensuite recouverte d'un couvercle et le tout est bien scell\u00e9. Ouvrez manuellement le commutateur de gaz pour que l'air comprim\u00e9 s'\u00e9coule \u00e0 travers le tube venturi afin de fournir une entr\u00e9e de vide, qui est connect\u00e9e \u00e0 la chambre. Un r\u00e9gulateur de gaz permet d'ajuster le degr\u00e9 de vide afin que l'\u00e9chantillon se trouve dans un environnement sous vide. La diff\u00e9rence de pression entre l'int\u00e9rieur et l'ext\u00e9rieur de l'\u00e9chantillon fait s'\u00e9chapper le gaz de l'espace de t\u00eate en cas de fuite. La fuite est mise en \u00e9vidence par un flux de bulles s'\u00e9chappant de la zone de fuite.<\/em><\/p><p>\u00a0<\/p>\t\t\t\t\t\t<\/div>\n\t\t\t\t<\/div>\n\t\t\t\t<\/div>\n\t\t\t\t\t<\/div>\n\t\t\t\t<\/div>\n\t\t<div class=\"elementor-element elementor-element-2541963 e-flex e-con-boxed e-con e-parent\" data-id=\"2541963\" data-element_type=\"container\">\n\t\t\t\t\t<div class=\"e-con-inner\">\n\t\t<div class=\"elementor-element elementor-element-02de2ca e-con-full e-flex e-con e-parent\" data-id=\"02de2ca\" data-element_type=\"container\">\n\t\t\t\t<div class=\"elementor-element elementor-element-c61b18b elementor-widget elementor-widget-image\" data-id=\"c61b18b\" data-element_type=\"widget\" data-widget_type=\"image.default\">\n\t\t\t\t<div class=\"elementor-widget-container\">\n\t\t\t\t\t\t\t\t\t\t\t\t\t<img fetchpriority=\"high\" decoding=\"async\" width=\"750\" height=\"750\" src=\"https:\/\/www.qualitester.com\/wp-content\/uploads\/2023\/04\/Lt-01leak-tester.jpg\" class=\"attachment-large size-large wp-image-1725\" alt=\"\" srcset=\"https:\/\/www.qualitester.com\/wp-content\/uploads\/2023\/04\/Lt-01leak-tester.jpg 750w, https:\/\/www.qualitester.com\/wp-content\/uploads\/2023\/04\/Lt-01leak-tester-300x300.jpg 300w, https:\/\/www.qualitester.com\/wp-content\/uploads\/2023\/04\/Lt-01leak-tester-150x150.jpg 150w, https:\/\/www.qualitester.com\/wp-content\/uploads\/2023\/04\/Lt-01leak-tester-600x600.jpg 600w, https:\/\/www.qualitester.com\/wp-content\/uploads\/2023\/04\/Lt-01leak-tester-100x100.jpg 100w\" sizes=\"(max-width: 750px) 100vw, 750px\" \/>\t\t\t\t\t\t\t\t\t\t\t\t\t<\/div>\n\t\t\t\t<\/div>\n\t\t\t\t<\/div>\n\t\t<div class=\"elementor-element elementor-element-9480376 e-con-full e-flex e-con e-parent\" data-id=\"9480376\" data-element_type=\"container\">\n\t\t\t\t<div class=\"elementor-element elementor-element-06bf7f8 elementor-widget elementor-widget-text-editor\" data-id=\"06bf7f8\" data-element_type=\"widget\" data-widget_type=\"text-editor.default\">\n\t\t\t\t<div class=\"elementor-widget-container\">\n\t\t\t\t\t\t\t<h6><strong>Caract\u00e9ristiques techniques<\/strong><\/h6><p><em>Le testeur de fuites LT-01 est le mod\u00e8le manuel d\u00e9velopp\u00e9. Il s'agit d'un mod\u00e8le \u00e9conomique, solide et durable.<\/em><\/p><ul><li><em>Pour obtenir un vide stable et compte tenu du fait qu'il est plus facile d'obtenir de l'air comprim\u00e9 dans les locaux de l'utilisateur, nous utilisons un tube Venturi pour un niveau de vide \u00e9lev\u00e9 allant jusqu'\u00e0 -90KPa.<\/em><\/li><li><em>Chambre solide et claire, du m\u00eame type que celle qui \u00e9quipe nos mod\u00e8les automatiques. Diff\u00e9rentes tailles et formes peuvent \u00eatre personnalis\u00e9es.<\/em><\/li><li><em>Il peut \u00eatre modifi\u00e9 pour fonctionner avec une pompe \u00e0 vide, afin d'obtenir un vide plus \u00e9lev\u00e9 (pour ASTM D4991).<\/em><\/li><li><em>Pas d'\u00e9talonnage n\u00e9cessaire<\/em><\/li><li><em>Pas besoin d'\u00e9lectricit\u00e9<\/em><\/li><\/ul>\t\t\t\t\t\t<\/div>\n\t\t\t\t<\/div>\n\t\t\t\t<\/div>\n\t\t\t\t\t<\/div>\n\t\t\t\t<\/div>\n\t\t<div class=\"elementor-element elementor-element-fedbb4d e-flex e-con-boxed e-con e-parent\" data-id=\"fedbb4d\" data-element_type=\"container\">\n\t\t\t\t\t<div class=\"e-con-inner\">\n\t\t<div class=\"elementor-element elementor-element-ca5f134 e-con-full e-flex e-con e-parent\" data-id=\"ca5f134\" data-element_type=\"container\">\n\t\t\t\t<div class=\"elementor-element elementor-element-6cbc3b4 elementor-widget elementor-widget-image\" data-id=\"6cbc3b4\" data-element_type=\"widget\" data-widget_type=\"image.default\">\n\t\t\t\t<div class=\"elementor-widget-container\">\n\t\t\t\t\t\t\t\t\t\t\t\t\t<img decoding=\"async\" width=\"750\" height=\"750\" src=\"https:\/\/www.qualitester.com\/wp-content\/uploads\/2023\/04\/leak-tester-lt-01.jpg\" class=\"attachment-large size-large wp-image-1724\" alt=\"\" srcset=\"https:\/\/www.qualitester.com\/wp-content\/uploads\/2023\/04\/leak-tester-lt-01.jpg 750w, https:\/\/www.qualitester.com\/wp-content\/uploads\/2023\/04\/leak-tester-lt-01-300x300.jpg 300w, https:\/\/www.qualitester.com\/wp-content\/uploads\/2023\/04\/leak-tester-lt-01-150x150.jpg 150w, https:\/\/www.qualitester.com\/wp-content\/uploads\/2023\/04\/leak-tester-lt-01-600x600.jpg 600w, https:\/\/www.qualitester.com\/wp-content\/uploads\/2023\/04\/leak-tester-lt-01-100x100.jpg 100w, https:\/\/www.qualitester.com\/wp-content\/uploads\/2023\/04\/elementor\/thumbs\/leak-tester-lt-01-q5kh93o7opoiwnp999u5sbqq9138j2l84521ndx6xy.jpg 375w\" sizes=\"(max-width: 750px) 100vw, 750px\" \/>\t\t\t\t\t\t\t\t\t\t\t\t\t<\/div>\n\t\t\t\t<\/div>\n\t\t\t\t<\/div>\n\t\t<div class=\"elementor-element elementor-element-328b260 e-con-full e-flex e-con e-parent\" data-id=\"328b260\" data-element_type=\"container\">\n\t\t\t\t<div class=\"elementor-element elementor-element-0e8c403 elementor-widget elementor-widget-text-editor\" data-id=\"0e8c403\" data-element_type=\"widget\" data-widget_type=\"text-editor.default\">\n\t\t\t\t<div class=\"elementor-widget-container\">\n\t\t\t\t\t\t\t<h6><strong>Param\u00e8tres principaux<\/strong><\/h6><p><em>Plage de test 0~-90 KPa<\/em><\/p><p><em>Chambre Forme cylindrique en acrylique<\/em><\/p><p><em>Espace d'essai \u03a6270*H210mm (utilisable \u00e0 l'int\u00e9rieur)<\/em><\/p><p><em>Air comprim\u00e9 0,7MPa (Pr\u00e9par\u00e9 par l'utilisateur)<\/em><\/p><p><em>L'\u00e9lectricit\u00e9 n'est pas n\u00e9cessaire<\/em><\/p>\t\t\t\t\t\t<\/div>\n\t\t\t\t<\/div>\n\t\t\t\t<\/div>\n\t\t\t\t\t<\/div>\n\t\t\t\t<\/div>\n\t\t<div class=\"elementor-element elementor-element-16a35e3 e-flex e-con-boxed e-con e-parent\" data-id=\"16a35e3\" data-element_type=\"container\">\n\t\t\t\t\t<div class=\"e-con-inner\">\n\t\t\t\t<div class=\"elementor-element elementor-element-b9a616f elementor-widget elementor-widget-wpforms\" data-id=\"b9a616f\" data-element_type=\"widget\" data-widget_type=\"wpforms.default\">\n\t\t\t\t<div class=\"elementor-widget-container\">\n\t\t\t<div class=\"wpforms-container\" id=\"wpforms-11\"><form id=\"wpforms-form-11\" class=\"wpforms-validate wpforms-form wpforms-ajax-form\" data-formid=\"11\" method=\"post\" enctype=\"multipart\/form-data\" action=\"\/fr\/wp-json\/wp\/v2\/product\/2942\" data-token=\"1ab938a1647585508ea7e63f1e59421c\" data-trp-original-action=\"\/fr\/wp-json\/wp\/v2\/product\/2942\"><noscript class=\"wpforms-error-noscript\">Veuillez activer JavaScript dans votre navigateur pour remplir ce formulaire.<\/noscript><div class=\"wpforms-field-container\"><div id=\"wpforms-11-field_1-container\" class=\"wpforms-field wpforms-field-text\" data-field-id=\"1\"><label class=\"wpforms-field-label\" for=\"wpforms-11-field_1\">Nom <span class=\"wpforms-required-label\">*<\/span><\/label><input type=\"text\" id=\"wpforms-11-field_1\" class=\"wpforms-field-medium wpforms-field-required\" name=\"wpforms[fields][1]\" placeholder=\"Nom\" required><\/div><div id=\"wpforms-11-field_5-container\" class=\"wpforms-field wpforms-field-text\" data-field-id=\"5\"><label class=\"wpforms-field-label\" for=\"wpforms-11-field_5\">Entreprise<\/label><input type=\"text\" id=\"wpforms-11-field_5\" class=\"wpforms-field-medium\" name=\"wpforms[fields][5]\" ><\/div><div id=\"wpforms-11-field_4-container\" class=\"wpforms-field wpforms-field-number\" data-field-id=\"4\"><label class=\"wpforms-field-label\" for=\"wpforms-11-field_4\">T\u00e9l\u00e9phone<\/label><input type=\"number\" pattern=\"\\d*\" id=\"wpforms-11-field_4\" class=\"wpforms-field-medium\" name=\"wpforms[fields][4]\" placeholder=\"T\u00e9l\u00e9phone\" ><\/div><div id=\"wpforms-11-field_3-container\" class=\"wpforms-field wpforms-field-email\" data-field-id=\"3\"><label class=\"wpforms-field-label\" for=\"wpforms-11-field_3\">E-mail <span class=\"wpforms-required-label\">*<\/span><\/label><input type=\"email\" id=\"wpforms-11-field_3\" class=\"wpforms-field-medium wpforms-field-required\" name=\"wpforms[fields][3]\" placeholder=\"E-mail\" spellcheck=\"false\" required><\/div><div id=\"wpforms-11-field_2-container\" class=\"wpforms-field wpforms-field-textarea\" data-field-id=\"2\"><label class=\"wpforms-field-label\" for=\"wpforms-11-field_2\">Message<\/label><textarea id=\"wpforms-11-field_2\" class=\"wpforms-field-large\" name=\"wpforms[fields][2]\" ><\/textarea><\/div><\/div><!-- .wpforms-field-container --><input type=\"hidden\" name=\"wpforms[recaptcha]\" value=\"\"><div class=\"wpforms-submit-container\" ><input type=\"hidden\" name=\"wpforms[id]\" value=\"11\"><input type=\"hidden\" name=\"wpforms[author]\" value=\"4\"><button type=\"submit\" name=\"wpforms[submit]\" id=\"wpforms-submit-11\" class=\"wpforms-submit\" data-alt-text=\"Submitting\" data-submit-text=\"Submit\" aria-live=\"assertive\" value=\"wpforms-submit\">Soumettre<\/button><img decoding=\"async\" src=\"https:\/\/www.qualitester.com\/wp-content\/plugins\/wpforms-lite\/assets\/images\/submit-spin.svg\" class=\"wpforms-submit-spinner\" style=\"display: none;\" width=\"26\" height=\"26\" alt=\"Chargement en cours\"><\/div><input type=\"hidden\" name=\"trp-form-language\" value=\"fr\"\/><\/form><\/div>  <!-- .wpforms-container -->\t\t<\/div>\n\t\t\t\t<\/div>\n\t\t\t\t\t<\/div>\n\t\t\t\t<\/div>\n\t\t\t\t<\/div>","protected":false},"excerpt":{"rendered":"<p>Le contr\u00f4le de l'int\u00e9grit\u00e9 des scell\u00e9s des emballages permet de s'assurer que l'emballage assure la protection requise du produit.<\/p>","protected":false},"featured_media":1732,"comment_status":"closed","ping_status":"closed","template":"","meta":{"site-sidebar-layout":"default","site-content-layout":"default","ast-global-header-display":"","ast-main-header-display":"","ast-hfb-above-header-display":"","ast-hfb-below-header-display":"","ast-hfb-mobile-header-display":"","site-post-title":"disabled","ast-breadcrumbs-content":"","ast-featured-img":"disabled","footer-sml-layout":"","theme-transparent-header-meta":"default","adv-header-id-meta":"","stick-header-meta":"","header-above-stick-meta":"","header-main-stick-meta":"","header-below-stick-meta":""},"product_cat":[674,675,672,17,149,16,99,105,135,95],"product_tag":[357,358,536,424,572,761,177,366],"class_list":{"0":"post-2942","1":"product","2":"type-product","3":"status-publish","4":"has-post-thumbnail","6":"product_cat-test-items","7":"product_cat-leak-tester","8":"product_cat-applied-materials","9":"product_cat-package-container-testers","10":"product_cat-pharma-and-medical-testers","11":"product_cat-plastic-packaging-testers","12":"product_cat-astm","13":"product_cat-astm-d3078","14":"product_cat-astm-d4991","15":"product_cat-products","16":"product_tag-astm-d3078","17":"product_tag-astm-d4991","18":"product_tag-leak-test","19":"product_tag-negative-pressure-detection","20":"product_tag-packaging-sealing-performance","21":"product_tag-pharmaceutical-packaging-sealing-strength","22":"product_tag-seal-strength","23":"product_tag-sealed-packaging","24":"desktop-align-left","25":"tablet-align-left","26":"mobile-align-left","28":"first","29":"instock","30":"shipping-taxable","31":"product-type-simple"},"_links":{"self":[{"href":"https:\/\/www.qualitester.com\/fr\/wp-json\/wp\/v2\/product\/2942","targetHints":{"allow":["GET"]}}],"collection":[{"href":"https:\/\/www.qualitester.com\/fr\/wp-json\/wp\/v2\/product"}],"about":[{"href":"https:\/\/www.qualitester.com\/fr\/wp-json\/wp\/v2\/types\/product"}],"replies":[{"embeddable":true,"href":"https:\/\/www.qualitester.com\/fr\/wp-json\/wp\/v2\/comments?post=2942"}],"version-history":[{"count":0,"href":"https:\/\/www.qualitester.com\/fr\/wp-json\/wp\/v2\/product\/2942\/revisions"}],"wp:featuredmedia":[{"embeddable":true,"href":"https:\/\/www.qualitester.com\/fr\/wp-json\/wp\/v2\/media\/1732"}],"wp:attachment":[{"href":"https:\/\/www.qualitester.com\/fr\/wp-json\/wp\/v2\/media?parent=2942"}],"wp:term":[{"taxonomy":"product_cat","embeddable":true,"href":"https:\/\/www.qualitester.com\/fr\/wp-json\/wp\/v2\/product_cat?post=2942"},{"taxonomy":"product_tag","embeddable":true,"href":"https:\/\/www.qualitester.com\/fr\/wp-json\/wp\/v2\/product_tag?post=2942"}],"curies":[{"name":"wp","href":"https:\/\/api.w.org\/{rel}","templated":true}]}}