{"id":2565,"date":"2023-06-26T14:29:44","date_gmt":"2023-06-26T06:29:44","guid":{"rendered":"https:\/\/www.qualitester.com\/?post_type=product&#038;p=2565"},"modified":"2024-12-04T11:56:03","modified_gmt":"2024-12-04T03:56:03","slug":"phs-01-electrical-equipment-pendulum-impact-tester","status":"publish","type":"product","link":"https:\/\/www.qualitester.com\/fr\/produit\/phs-01-electrical-equipment-pendulum-impact-tester\/","title":{"rendered":"Testeur d&#039;impact \u00e0 pendule pour \u00e9quipement \u00e9lectrique PHS-01"},"content":{"rendered":"<h2><strong>Introduction aux essais d&#039;impact au marteau pendule<\/strong><\/h2>\n<p>Le <strong>Testeur d&#039;impact \u00e0 pendule (PHS-01)<\/strong> est un instrument de test m\u00e9canique sp\u00e9cialis\u00e9 con\u00e7u pour \u00e9valuer la durabilit\u00e9 et la r\u00e9sistance aux chocs des mat\u00e9riaux et des produits. Ce testeur simule des impacts m\u00e9caniques r\u00e9els, permettant aux fabricants d&#039;\u00e9valuer dans quelle mesure leurs produits peuvent r\u00e9sister aux contraintes physiques. Les tests d&#039;impact sont essentiels pour garantir la s\u00e9curit\u00e9 et la fiabilit\u00e9 des produits, en particulier dans les secteurs o\u00f9 les articles sont expos\u00e9s \u00e0 des chocs m\u00e9caniques fr\u00e9quents ou \u00e0 une manipulation brutale, comme l&#039;emballage, l&#039;automobile, l&#039;\u00e9lectronique et les appareils m\u00e9dicaux.<\/p>\n<p>Les essais d&#039;impact au pendule utilisent le principe d&#039;un marteau pendulaire, qui est soulev\u00e9 \u00e0 une hauteur pr\u00e9d\u00e9termin\u00e9e et rel\u00e2ch\u00e9 pour frapper un \u00e9chantillon. Le testeur mesure la fa\u00e7on dont l&#039;\u00e9chantillon r\u00e9agit \u00e0 diff\u00e9rents niveaux d&#039;\u00e9nergie, ce qui permet de d\u00e9terminer sa robustesse et son ad\u00e9quation \u00e0 des applications sp\u00e9cifiques.<\/p>\n<h2><strong>M\u00e9thodes d&#039;essai du testeur d&#039;impact \u00e0 pendule<\/strong><\/h2>\n<p>Le PHS-01 <strong>Testeur d&#039;impact \u00e0 pendule<\/strong> utilise un syst\u00e8me de marteau pendulaire automatis\u00e9 pour effectuer des tests d&#039;impact sur divers \u00e9chantillons. Le test est simple :<\/p>\n<ul>\n<li><strong>Serrage d&#039;\u00e9chantillons<\/strong>:L&#039;\u00e9chantillon est solidement mont\u00e9 sur le dispositif d&#039;essai, garantissant qu&#039;il reste en place pendant l&#039;essai.<\/li>\n<li><strong>Essais d&#039;impact<\/strong>:Le marteau est automatiquement soulev\u00e9 \u00e0 la hauteur d&#039;impact souhait\u00e9e et, une fois activ\u00e9, il est rel\u00e2ch\u00e9 pour frapper l&#039;\u00e9chantillon avec un niveau d&#039;\u00e9nergie sp\u00e9cifi\u00e9.<\/li>\n<li><strong>Param\u00e8tres \u00e9nerg\u00e9tiques<\/strong>:Les niveaux d\u2019\u00e9nergie peuvent \u00eatre ajust\u00e9s de 0,14 J \u00e0 5 J, selon le type de mat\u00e9riau ou de produit test\u00e9.<\/li>\n<li><strong>Cycle de test<\/strong>:Le test est r\u00e9alis\u00e9 par une simple pression sur un bouton via l&#039;\u00e9cran tactile IHM (Interface Homme-Machine), automatisant le processus et minimisant les erreurs humaines.<\/li>\n<\/ul>\n<p>Cette m\u00e9thode d&#039;essai permet aux fabricants d&#039;\u00e9valuer la r\u00e9silience du mat\u00e9riau aux forces d&#039;impact, garantissant ainsi qu&#039;il r\u00e9pond aux normes de s\u00e9curit\u00e9 en mati\u00e8re de durabilit\u00e9 dans des conditions pratiques.<\/p>\n<h2><strong>Testeur d&#039;impact \u00e0 pendule et IEC 60068-2-75<\/strong><\/h2>\n<h3><strong>Pr\u00e9sentation de la norme IEC 60068-2-75<\/strong><\/h3>\n<p>Le <a href=\"https:\/\/webstore.iec.ch\/en\/publication\/558\" target=\"_blank\" rel=\"noopener nofollow\"><strong>CEI 60068-2-75<\/strong><\/a> est une norme internationale qui d\u00e9crit les m\u00e9thodes d&#039;essai permettant d&#039;\u00e9valuer la robustesse m\u00e9canique des \u00e9quipements et des produits soumis \u00e0 des contraintes ou \u00e0 des impacts m\u00e9caniques. Plus pr\u00e9cis\u00e9ment, cette norme fournit des lignes directrices pour d\u00e9terminer la capacit\u00e9 d&#039;un \u00e9chantillon \u00e0 r\u00e9sister \u00e0 des forces d&#039;impact rigoureuses, ce qui est essentiel pour les produits utilis\u00e9s dans des environnements o\u00f9 les impacts m\u00e9caniques sont fr\u00e9quents.<\/p>\n<p>Le <a href=\"https:\/\/www.qualitester.com\/fr\/categorie-produit\/iec\/iec-60068-2-75\/\" target=\"_blank\" rel=\"noopener\">CEI 60068-2-75<\/a> La norme d\u00e9finit trois m\u00e9thodes sp\u00e9cifiques pour r\u00e9aliser des essais d&#039;impact, garantissant la r\u00e9silience et la fiabilit\u00e9 des produits dans diverses conditions op\u00e9rationnelles et environnementales. Le respect de cette norme est essentiel pour les fabricants souhaitant respecter les normes mondiales de s\u00e9curit\u00e9 et d&#039;assurance qualit\u00e9.<\/p>\n<h3><strong>Comment le testeur de frappe de marteau pendulaire PHS-01 est conforme \u00e0 la norme IEC 60068-2-75<\/strong><\/h3>\n<p>Le <strong>Testeur d&#039;impact \u00e0 pendule PHS-01<\/strong> Le PHS-01 est enti\u00e8rement conforme \u00e0 la norme IEC 60068-2-75, offrant des r\u00e9sultats pr\u00e9cis et reproductibles pour les tests d&#039;impact. Le syst\u00e8me de contr\u00f4le automatique du testeur, les niveaux d&#039;\u00e9nergie r\u00e9glables et les hauteurs de test polyvalentes le rendent id\u00e9al pour simuler une large gamme de sc\u00e9narios d&#039;impact, comme sp\u00e9cifi\u00e9 dans la norme IEC 60068-2-75. Avec la capacit\u00e9 d&#039;\u00e9valuer la robustesse m\u00e9canique, le PHS-01 aide les fabricants \u00e0 garantir que leurs produits r\u00e9pondent aux exigences internationales de s\u00e9curit\u00e9.<\/p>\n<h2><strong>Principales caract\u00e9ristiques du testeur d&#039;impact \u00e0 pendule PHS-01<\/strong><\/h2>\n<ul>\n<li><strong>Contr\u00f4le de haute pr\u00e9cision<\/strong>:Le PHS-01 utilise un <strong>Syst\u00e8me de contr\u00f4le PLC<\/strong> et un <strong>Interface tactile IHM<\/strong>, offrant une facilit\u00e9 d&#039;utilisation et un contr\u00f4le pr\u00e9cis des param\u00e8tres d&#039;impact.<\/li>\n<li><strong>Levage et rel\u00e2chement automatique du pendule<\/strong>:Le marteau pendulaire est automatiquement soulev\u00e9 \u00e0 la hauteur souhait\u00e9e et lib\u00e9r\u00e9 avec une pr\u00e9cision \u00e9lectromagn\u00e9tique, garantissant une \u00e9nergie d&#039;impact constante.<\/li>\n<li><strong>\u00c9nergie d&#039;impact r\u00e9glable<\/strong>:Le testeur prend en charge une gamme d&#039;\u00e9nergies d&#039;impact, de <strong>0,14 J \u00e0 5 J<\/strong>, ce qui le rend adapt\u00e9 pour tester une grande vari\u00e9t\u00e9 de mat\u00e9riaux et de produits.<\/li>\n<li><strong>Hauteurs de test personnalisables<\/strong>: Le <strong>hauteur de chute<\/strong> est r\u00e9glable, allant de <strong>56 mm \u00e0 400 mm<\/strong>, offrant une flexibilit\u00e9 dans le test de diff\u00e9rents sc\u00e9narios d&#039;impact.<\/li>\n<li><strong>\u00c9l\u00e9ments marquants<\/strong>:Le testeur propose diff\u00e9rents \u00e9l\u00e9ments marquants qui peuvent \u00eatre \u00e9chang\u00e9s en fonction des exigences de test, am\u00e9liorant encore sa polyvalence.<\/li>\n<li><strong>Affichage en deux langues<\/strong>:Le syst\u00e8me prend en charge l&#039;affichage en deux langues, ce qui le rend convivial pour les clients internationaux.<\/li>\n<\/ul>\n<h2><strong>Domaines d&#039;application du testeur d&#039;impact \u00e0 pendule<\/strong><\/h2>\n<p>Le <strong>Testeur d&#039;impact \u00e0 pendule<\/strong> est utilis\u00e9 dans divers secteurs industriels pour \u00e9valuer la r\u00e9sistance aux chocs et la robustesse m\u00e9canique des produits et des mat\u00e9riaux :<\/p>\n<ul>\n<li><strong>Conditionnement<\/strong>:Garantit que les mat\u00e9riaux d\u2019emballage, y compris les bo\u00eetes en carton ondul\u00e9 et les conteneurs en plastique, peuvent r\u00e9sister aux chocs pendant le transport et la manutention.<\/li>\n<li><strong>\u00c9lectronique<\/strong>:\u00c9value la durabilit\u00e9 des composants \u00e9lectroniques, tels que les circuits imprim\u00e9s et les bo\u00eetiers, pour garantir qu&#039;ils peuvent supporter des chutes accidentelles et des chocs m\u00e9caniques.<\/li>\n<li><strong>Dispositifs m\u00e9dicaux<\/strong>: V\u00e9rifie la r\u00e9sistance aux chocs des \u00e9quipements m\u00e9dicaux et de leur emballage, garantissant ainsi la s\u00e9curit\u00e9 des patients et la fiabilit\u00e9 du produit.<\/li>\n<li><strong>Pi\u00e8ces d\u00e9tach\u00e9es automobiles<\/strong>:Teste des composants tels que les pare-chocs et les am\u00e9nagements int\u00e9rieurs pour garantir qu&#039;ils peuvent r\u00e9sister aux impacts et aux conditions environnementales difficiles.<\/li>\n<li><strong>Jouets et produits de consommation<\/strong>:Confirme que les articles de consommation courante r\u00e9pondent aux normes de s\u00e9curit\u00e9 en mati\u00e8re de durabilit\u00e9, en particulier dans les produits pour enfants.<\/li>\n<\/ul>\n<h2><strong>Conformit\u00e9 aux normes<\/strong><\/h2>\n<p>Le <strong>Testeur d&#039;impact \u00e0 pendule PHS-01<\/strong> est conforme aux normes industrielles suivantes :<\/p>\n<ul>\n<li><strong>CEI 60068-2-75<\/strong>:Norme internationale relative aux essais environnementaux, ax\u00e9e sur les essais de contraintes m\u00e9caniques.<\/li>\n<li><strong>GB\/T 2423.55<\/strong>:La norme nationale chinoise pour les tests d&#039;impact, garantissant que les produits r\u00e9pondent aux exigences r\u00e9glementaires locales.<\/li>\n<\/ul>\n<p>En r\u00e9pondant \u00e0 ces normes, le PHS-01 garantit aux fabricants de pouvoir \u00e9valuer avec pr\u00e9cision la r\u00e9silience de leurs produits et d&#039;assurer la conformit\u00e9 aux crit\u00e8res mondiaux de s\u00e9curit\u00e9 et de fiabilit\u00e9.<\/p>\n<h2><strong>Param\u00e8tres principaux<\/strong><\/h2>\n<table>\n<tbody>\n<tr>\n<td width=\"122\">Impact \u00e9nerg\u00e9tique<\/td>\n<td width=\"277\">0,14J, 0,2J, 0,35J, 0,5J, 0,7J, 1J, 2J, 5J<\/td>\n<\/tr>\n<tr>\n<td width=\"122\">Masse \u00e9quivalente<\/td>\n<td width=\"277\">0,25,0,25,0,25,0,25,0,25, 0,25,0,5,1,7kg<\/td>\n<\/tr>\n<tr>\n<td width=\"122\">Hauteur de chute<\/td>\n<td width=\"277\">56,80,140,200,280,400,400,300 mm<\/td>\n<\/tr>\n<tr>\n<td width=\"122\">Contre-plaqu\u00e9<\/td>\n<td width=\"277\">175*175mm, \u00e9paisseur 8mm selon l&#039;utilisateur<\/td>\n<\/tr>\n<tr>\n<td width=\"122\">Pouvoir<\/td>\n<td width=\"277\">CA 110~220V 50\/60Hz<\/td>\n<\/tr>\n<tr>\n<td width=\"122\">Contr\u00f4le<\/td>\n<td width=\"277\">API et interface homme-machine<\/td>\n<\/tr>\n<\/tbody>\n<\/table>\n<p>Le <strong>Testeur d&#039;impact \u00e0 pendule (PHS-01)<\/strong> est un outil essentiel pour les fabricants qui doivent garantir la durabilit\u00e9 et la robustesse m\u00e9canique de leurs produits. En simulant des sc\u00e9narios d&#039;impact r\u00e9els et en adh\u00e9rant \u00e0 des normes internationales telles que <strong>CEI 60068-2-75<\/strong>Le PHS-01 fournit des r\u00e9sultats de test pr\u00e9cis et fiables. Qu&#039;il s&#039;agisse d&#039;emballages, d&#039;\u00e9lectronique, d&#039;appareils m\u00e9dicaux ou de pi\u00e8ces automobiles, le PHS-01 contribue \u00e0 garantir la s\u00e9curit\u00e9 et les performances des produits, ce qui en fait un ajout pr\u00e9cieux \u00e0 tout laboratoire de contr\u00f4le qualit\u00e9 ou installation de fabrication.<\/p>","protected":false},"excerpt":{"rendered":"<p>Le <strong>Testeur d&#039;impact \u00e0 pendule (PHS-01)<\/strong> est un instrument de test m\u00e9canique sp\u00e9cialis\u00e9 con\u00e7u pour \u00e9valuer la durabilit\u00e9 et la r\u00e9sistance aux chocs des mat\u00e9riaux et des produits. Ce testeur simule des impacts m\u00e9caniques r\u00e9els, permettant aux fabricants d&#039;\u00e9valuer dans quelle mesure leurs produits peuvent r\u00e9sister aux contraintes physiques. Les tests d&#039;impact sont essentiels pour garantir la s\u00e9curit\u00e9 et la fiabilit\u00e9 des produits, en particulier dans les secteurs o\u00f9 les articles sont expos\u00e9s \u00e0 des chocs m\u00e9caniques fr\u00e9quents ou \u00e0 une manipulation brutale, comme l&#039;emballage, l&#039;automobile, l&#039;\u00e9lectronique et les appareils m\u00e9dicaux.<\/p>","protected":false},"featured_media":6032,"comment_status":"closed","ping_status":"closed","template":"","meta":{"site-sidebar-layout":"default","site-content-layout":"default","ast-global-header-display":"","ast-main-header-display":"","ast-hfb-above-header-display":"","ast-hfb-below-header-display":"","ast-hfb-mobile-header-display":"","site-post-title":"disabled","ast-breadcrumbs-content":"","ast-featured-img":"disabled","footer-sml-layout":"","theme-transparent-header-meta":"default","adv-header-id-meta":"","stick-header-meta":"","header-above-stick-meta":"","header-main-stick-meta":"","header-below-stick-meta":""},"product_cat":[95,845,937,1137],"product_tag":[],"class_list":{"0":"post-2565","1":"product","2":"type-product","3":"status-publish","4":"has-post-thumbnail","6":"product_cat-products","7":"product_cat-customization","8":"product_cat-electronic-product-tester","9":"product_cat-iec-60068-2-75","10":"desktop-align-left","11":"tablet-align-left","12":"mobile-align-left","14":"first","15":"instock","16":"shipping-taxable","17":"product-type-simple"},"_links":{"self":[{"href":"https:\/\/www.qualitester.com\/fr\/wp-json\/wp\/v2\/product\/2565","targetHints":{"allow":["GET"]}}],"collection":[{"href":"https:\/\/www.qualitester.com\/fr\/wp-json\/wp\/v2\/product"}],"about":[{"href":"https:\/\/www.qualitester.com\/fr\/wp-json\/wp\/v2\/types\/product"}],"replies":[{"embeddable":true,"href":"https:\/\/www.qualitester.com\/fr\/wp-json\/wp\/v2\/comments?post=2565"}],"version-history":[{"count":0,"href":"https:\/\/www.qualitester.com\/fr\/wp-json\/wp\/v2\/product\/2565\/revisions"}],"wp:featuredmedia":[{"embeddable":true,"href":"https:\/\/www.qualitester.com\/fr\/wp-json\/wp\/v2\/media\/6032"}],"wp:attachment":[{"href":"https:\/\/www.qualitester.com\/fr\/wp-json\/wp\/v2\/media?parent=2565"}],"wp:term":[{"taxonomy":"product_cat","embeddable":true,"href":"https:\/\/www.qualitester.com\/fr\/wp-json\/wp\/v2\/product_cat?post=2565"},{"taxonomy":"product_tag","embeddable":true,"href":"https:\/\/www.qualitester.com\/fr\/wp-json\/wp\/v2\/product_tag?post=2565"}],"curies":[{"name":"wp","href":"https:\/\/api.w.org\/{rel}","templated":true}]}}