{"id":2525,"date":"2023-06-21T13:51:49","date_gmt":"2023-06-21T05:51:49","guid":{"rendered":"https:\/\/www.qualitester.com\/?post_type=product&#038;p=2525"},"modified":"2024-12-05T13:11:38","modified_gmt":"2024-12-05T05:11:38","slug":"per-01-glass-bottle-verticality-testing-machine","status":"publish","type":"product","link":"https:\/\/www.qualitester.com\/fr\/produit\/per-01-glass-bottle-verticality-testing-machine\/","title":{"rendered":"PER-01 Testeur de perpendiculaire de bouteille"},"content":{"rendered":"<h2>Pr\u00e9sentation du produit de l'appareil de mesure de la perpendicularit\u00e9 des bouteilles<\/h2>\n<p>Chez Cell Instruments, nous sommes sp\u00e9cialis\u00e9s dans la fourniture d'instruments d'essai de mat\u00e9riaux de haute qualit\u00e9 \u00e0 un large \u00e9ventail d'industries. Nos <strong><em><span style=\"text-decoration: underline;\">Testeur de perpendiculaire de bouteille<\/span><\/em><\/strong> est un appareil de pointe con\u00e7u pour assurer la perpendicularit\u00e9 pr\u00e9cise des bouteilles, ce qui est crucial pour maintenir l'int\u00e9grit\u00e9 et la qualit\u00e9 des produits embouteill\u00e9s. Cet instrument est essentiel pour les industries telles que l'emballage, les aliments et les boissons, les produits pharmaceutiques et les agences d'inspection de la qualit\u00e9. Gr\u00e2ce \u00e0 ses fonctions avanc\u00e9es et \u00e0 sa conformit\u00e9 aux normes ISO 9008, le testeur de perpendicularit\u00e9 des bouteilles est un outil pr\u00e9cieux pour tout processus de contr\u00f4le de la qualit\u00e9.<\/p>\n<p><img fetchpriority=\"high\" decoding=\"async\" class=\"wp-image-4283 aligncenter\" src=\"https:\/\/www.qualitester.com\/wp-content\/uploads\/2023\/06\/PER-01-Bottle-Perpendicularity-Tester-2.png\" alt=\"Testeur de perpendiculaire de bouteille\" width=\"500\" height=\"540\" srcset=\"https:\/\/www.qualitester.com\/wp-content\/uploads\/2023\/06\/PER-01-Bottle-Perpendicularity-Tester-2.png 2426w, https:\/\/www.qualitester.com\/wp-content\/uploads\/2023\/06\/PER-01-Bottle-Perpendicularity-Tester-2-278x300.png 278w, https:\/\/www.qualitester.com\/wp-content\/uploads\/2023\/06\/PER-01-Bottle-Perpendicularity-Tester-2-949x1024.png 949w, https:\/\/www.qualitester.com\/wp-content\/uploads\/2023\/06\/PER-01-Bottle-Perpendicularity-Tester-2-768x829.png 768w, https:\/\/www.qualitester.com\/wp-content\/uploads\/2023\/06\/PER-01-Bottle-Perpendicularity-Tester-2-1423x1536.png 1423w, https:\/\/www.qualitester.com\/wp-content\/uploads\/2023\/06\/PER-01-Bottle-Perpendicularity-Tester-2-1898x2048.png 1898w, https:\/\/www.qualitester.com\/wp-content\/uploads\/2023\/06\/PER-01-Bottle-Perpendicularity-Tester-2-600x647.png 600w\" sizes=\"(max-width: 500px) 100vw, 500px\" \/><\/p>\n<h2><strong>Caract\u00e9ristiques principales<\/strong><\/h2>\n<h3>1. R\u00e9glage pratique de la sonde<\/h3>\n<p>Le testeur de perpendicularit\u00e9 des bouteilles est \u00e9quip\u00e9 d'une sonde hautement r\u00e9glable, permettant un alignement facile et pr\u00e9cis avec la bouteille. Cette caract\u00e9ristique garantit la coh\u00e9rence et la pr\u00e9cision des mesures, r\u00e9duisant ainsi la probabilit\u00e9 d'erreurs.<\/p>\n<h3>2. Pr\u00e9cision de lecture exceptionnelle<\/h3>\n<p>La pr\u00e9cision est primordiale dans le contr\u00f4le de la qualit\u00e9, et notre testeur offre une pr\u00e9cision exceptionnelle. Il fournit des mesures tr\u00e8s pr\u00e9cises de la perpendicularit\u00e9 des bouteilles, garantissant que chaque bouteille r\u00e9pond aux sp\u00e9cifications et aux normes requises.<\/p>\n<h3>3. Rotation coh\u00e9rente des \u00e9chantillons<\/h3>\n<p>Pour garantir un test uniforme, le testeur de perpendicularit\u00e9 des bouteilles est dot\u00e9 d'une rotation r\u00e9guli\u00e8re de l'\u00e9chantillon. La bouteille est ainsi mesur\u00e9e en diff\u00e9rents points, ce qui permet d'obtenir une \u00e9valuation compl\u00e8te de sa perpendicularit\u00e9.<\/p>\n<h3>4. Respect des sp\u00e9cifications de l'\u00e9chantillon<\/h3>\n<p>Le testeur respecte strictement les sp\u00e9cifications de l'\u00e9chantillon, garantissant que toutes les mesures sont conformes aux normes industrielles. Ceci est particuli\u00e8rement important pour la conformit\u00e9 \u00e0 la norme ISO 9008, qui sp\u00e9cifie les exigences relatives aux mat\u00e9riaux d'emballage et aux conteneurs.<\/p>\n<h3>5. Exportation facultative des donn\u00e9es vers PC Excel<\/h3>\n<p>Pour une meilleure gestion des donn\u00e9es, le testeur de perpendicularit\u00e9 des bouteilles offre une fonction optionnelle d'exportation des donn\u00e9es. Celle-ci permet aux utilisateurs d'exporter les r\u00e9sultats des tests directement vers PC Excel, facilitant ainsi l'analyse des donn\u00e9es et l'\u00e9tablissement de rapports.<\/p>\n<h2>M\u00e9thodes d'essai<\/h2>\n<h3>Principe de fonctionnement<\/h3>\n<p>Le testeur de perpendicularit\u00e9 des bouteilles mesure la d\u00e9viation de l'axe vertical d'une bouteille par rapport \u00e0 sa position perpendiculaire r\u00e9elle. Pour ce faire, il utilise une sonde pr\u00e9cise qui entre en contact avec la bouteille en des points sp\u00e9cifiques, ainsi qu'un m\u00e9canisme rotatif qui garantit une mesure compl\u00e8te.<\/p>\n<div class=\"ast-oembed-container\" style=\"height: 100%;\"><iframe title=\"Testeur de perpendicularit\u00e9 de bouteilles en verre et de canettes en PET PER-01\" width=\"500\" height=\"281\" src=\"https:\/\/www.youtube.com\/embed\/MEJYiFl7Pzo?feature=oembed\" frameborder=\"0\" allow=\"accelerometer; autoplay; clipboard-write; encrypted-media; gyroscope; picture-in-picture; web-share\" referrerpolicy=\"strict-origin-when-cross-origin\" allowfullscreen><\/iframe><\/div>\n<h3>Configuration et \u00e9talonnage<\/h3>\n<p>L'installation du testeur de perpendicularit\u00e9 de bouteille est simple. Commencez par positionner le testeur sur une surface stable et branchez-le sur une source d'alimentation. Calibrez l'appareil en ajustant la sonde \u00e0 un \u00e9talon connu, afin de garantir la pr\u00e9cision des mesures.<\/p>\n<h3>Proc\u00e9dure de test<\/h3>\n<ol>\n<li><strong>Pr\u00e9paration des \u00e9chantillons :<\/strong> Veillez \u00e0 ce que la bouteille soit propre et exempte de toute obstruction.<\/li>\n<li><strong>Positionnement de la bouteille :<\/strong> Placez le flacon dans l'emplacement pr\u00e9vu \u00e0 cet effet sur le testeur, en veillant \u00e0 ce qu'il soit bien fix\u00e9.<\/li>\n<li><strong>R\u00e9alisation du test :<\/strong> Activez le testeur pour commencer le processus de mesure. La sonde entre en contact avec la bouteille et le m\u00e9canisme de rotation assure plusieurs points de mesure.<\/li>\n<li><strong>Interpr\u00e9tation des r\u00e9sultats :<\/strong> Le testeur affiche les r\u00e9sultats, en indiquant les \u00e9carts \u00e9ventuels par rapport \u00e0 la perpendicularit\u00e9.<\/li>\n<\/ol>\n<h2>Conformit\u00e9 \u00e0 la norme ISO 9008<\/h2>\n<p>La norme ISO 9008 est une norme internationale qui sp\u00e9cifie les exigences relatives aux syst\u00e8mes de gestion de la qualit\u00e9, en particulier pour les industries de l'emballage et du conditionnement. Elle d\u00e9finit les crit\u00e8res permettant de garantir que les mat\u00e9riaux d'emballage et les conteneurs r\u00e9pondent \u00e0 des normes sp\u00e9cifiques de qualit\u00e9 et de s\u00e9curit\u00e9.<\/p>\n<h2>Applications<\/h2>\n<h3>1. Industrie de l'emballage<\/h3>\n<p>Dans l'industrie de l'emballage, il est essentiel de s'assurer de la perpendicularit\u00e9 des bouteilles pour un conditionnement et un transport efficaces. Le testeur de perpendicularit\u00e9 des bouteilles permet de maintenir l'uniformit\u00e9, r\u00e9duisant ainsi le risque de dommages lors de la manipulation et de l'exp\u00e9dition.<\/p>\n<h3>2. Industrie alimentaire et des boissons<\/h3>\n<p>Dans l'industrie alimentaire et des boissons, la perpendicularit\u00e9 des bouteilles est essentielle pour pr\u00e9server l'int\u00e9grit\u00e9 et l'aspect des produits. Notre testeur garantit que les bouteilles sont correctement align\u00e9es, \u00e9vitant ainsi les fuites et les d\u00e9versements qui pourraient compromettre la qualit\u00e9 du produit.<\/p>\n<h3>3. Industrie pharmaceutique<\/h3>\n<p>Dans l'industrie pharmaceutique, la pr\u00e9cision de la perpendicularit\u00e9 des flacons est essentielle pour pr\u00e9server l'int\u00e9grit\u00e9 des m\u00e9dicaments. Notre testeur garantit que les bouteilles r\u00e9pondent \u00e0 des normes de qualit\u00e9 strictes, pr\u00e9servant ainsi l'efficacit\u00e9 de leur contenu.<\/p>\n<h3>4. Agences d'inspection de la qualit\u00e9<\/h3>\n<p>Les agences d'inspection de la qualit\u00e9 s'appuient sur des mesures pr\u00e9cises pour certifier la conformit\u00e9 des produits aux normes industrielles. Le testeur de perpendicularit\u00e9 des bouteilles offre la pr\u00e9cision et la fiabilit\u00e9 n\u00e9cessaires \u00e0 des \u00e9valuations approfondies de la qualit\u00e9.<\/p>\n<h2>Personnalisation<\/h2>\n<p>Chez Cell Instruments, nous comprenons que les diff\u00e9rentes industries ont des exigences de test uniques. Notre testeur de perpendicularit\u00e9 de bouteille peut \u00eatre personnalis\u00e9 pour r\u00e9pondre \u00e0 des besoins sp\u00e9cifiques, garantissant qu'il fournit les mesures exactes requises pour vos produits.<\/p>\n<h2><strong>Avantages<\/strong><\/h2>\n<h3>Assurance qualit\u00e9<\/h3>\n<p>En garantissant la perpendicularit\u00e9 pr\u00e9cise des bouteilles, notre testeur am\u00e9liore la qualit\u00e9 des produits et la s\u00e9curit\u00e9 des consommateurs. Cela est essentiel pour maintenir la r\u00e9putation de la marque et la satisfaction du client.<\/p>\n<h3>Rapport co\u00fbt-efficacit\u00e9<\/h3>\n<p>Des mesures pr\u00e9cises de la perpendicularit\u00e9 r\u00e9duisent le gaspillage et am\u00e9liorent l'efficacit\u00e9 de la production. En identifiant et en corrigeant rapidement les \u00e9carts, notre testeur contribue \u00e0 minimiser les co\u00fbts des mat\u00e9riaux et les temps d'arr\u00eat de la production.<\/p>\n<h3>Conformit\u00e9<\/h3>\n<p>Le respect des normes et r\u00e9glementations industrielles est essentiel \u00e0 la r\u00e9ussite d'une entreprise. Notre testeur de perpendicularit\u00e9 des bouteilles garantit que vos produits sont conformes \u00e0 la norme ISO 9008 et \u00e0 d'autres normes pertinentes, r\u00e9duisant ainsi le risque de probl\u00e8mes de non-conformit\u00e9.<\/p>\n<p><em><span style=\"text-decoration: underline;\"><strong><a href=\"https:\/\/www.qualitester.com\/fr\/produit\/why-measuring-bottle-perpendicularity-is-important%ef%bc%9f\/\" target=\"_blank\" rel=\"noopener\">Pourquoi la perpendicularit\u00e9 de la bouteille est-elle importante ?<\/a><\/strong><\/span><\/em><\/p>\n<h2>FAQ<\/h2>\n<ol>\n<li><strong>Qu'est-ce que la perpendicularit\u00e9 d'une bouteille ?<\/strong>\n<ul>\n<li>La perpendicularit\u00e9 des bouteilles d\u00e9signe l'alignement de l'axe vertical d'une bouteille sur sa v\u00e9ritable position perpendiculaire. Elle est essentielle pour garantir la stabilit\u00e9 et la s\u00e9curit\u00e9 des bouteilles.<\/li>\n<\/ul>\n<\/li>\n<li><strong>Comment fonctionne le testeur de perpendicularit\u00e9 des bouteilles ?<\/strong>\n<ul>\n<li>Le testeur mesure la d\u00e9viation de l'axe vertical d'une bouteille par rapport \u00e0 sa position perpendiculaire r\u00e9elle \u00e0 l'aide d'une sonde pr\u00e9cise et d'un m\u00e9canisme rotatif pour une \u00e9valuation compl\u00e8te.<\/li>\n<\/ul>\n<\/li>\n<li><strong>Pourquoi la perpendicularit\u00e9 des bouteilles est-elle importante ?<\/strong>\n<ul>\n<li>Il est essentiel de garantir la perpendicularit\u00e9 des bouteilles pour pr\u00e9server la qualit\u00e9 du produit, \u00e9viter les fuites et les d\u00e9versements, et assurer un emballage et un transport efficaces.<\/li>\n<\/ul>\n<\/li>\n<li><strong>Le testeur peut-il \u00eatre adapt\u00e9 \u00e0 des besoins sp\u00e9cifiques ?<\/strong>\n<ul>\n<li>Oui, le testeur de perpendicularit\u00e9 des bouteilles peut \u00eatre personnalis\u00e9 pour r\u00e9pondre \u00e0 des exigences de test sp\u00e9cifiques, ce qui garantit qu'il fournit les mesures exactes n\u00e9cessaires pour vos produits.<\/li>\n<\/ul>\n<\/li>\n<li><strong>Quelles sont les industries qui b\u00e9n\u00e9ficient de l'utilisation du testeur de perpendicularit\u00e9 des bouteilles ?<\/strong>\n<ul>\n<li>Les industries telles que l'emballage, l'alimentation et les boissons, les produits pharmaceutiques et les agences d'inspection de la qualit\u00e9 b\u00e9n\u00e9ficient de l'utilisation du testeur pour garantir la qualit\u00e9 des produits et la conformit\u00e9 aux normes industrielles.<\/li>\n<\/ul>\n<\/li>\n<\/ol>\n<h2>Article connexe<\/h2>\n<p><a href=\"https:\/\/www.qualitester.com\/fr\/produit\/why-measuring-bottle-perpendicularity-is-important%ef%bc%9f\/\" target=\"_blank\" rel=\"noopener\">Perpendicularit\u00e9 de la bouteille<\/a><\/p>\n<p><a href=\"https:\/\/www.qualitester.com\/fr\/beverage-bottle-perpendicularity-tester\/\" target=\"_blank\" rel=\"noopener\">Testeur de perpendiculaire de bouteille<\/a><\/p>\n<p><a href=\"https:\/\/www.qualitester.com\/fr\/plastic-bottle-perpendicularity-test-iso-9008\/\" target=\"_blank\" rel=\"noopener\">Test de la perpendicularit\u00e9 de la bouteille<\/a><\/p>\n<p><a href=\"https:\/\/www.qualitester.com\/fr\/important-glass-bottle-perpendicularity-test\/\" target=\"_blank\" rel=\"noopener\">Test de perpendicularit\u00e9 d&#039;une bouteille en verre<\/a><\/p>","protected":false},"excerpt":{"rendered":"<p><strong><em><span style=\"text-decoration: underline;\">Testeur de perpendiculaire de bouteille<\/span><\/em><\/strong> est un appareil de pointe con\u00e7u pour garantir la perpendicularit\u00e9 pr\u00e9cise des bouteilles, ce qui est essentiel pour maintenir l'int\u00e9grit\u00e9 et la qualit\u00e9 des produits embouteill\u00e9s. Gr\u00e2ce \u00e0 ses fonctions avanc\u00e9es et \u00e0 sa conformit\u00e9 aux normes ISO 9008, le testeur de perpendicularit\u00e9 des bouteilles est un outil pr\u00e9cieux pour tout processus de contr\u00f4le de la qualit\u00e9.<\/p>","protected":false},"featured_media":6233,"comment_status":"closed","ping_status":"closed","template":"","meta":{"site-sidebar-layout":"default","site-content-layout":"default","ast-global-header-display":"","ast-main-header-display":"","ast-hfb-above-header-display":"","ast-hfb-below-header-display":"","ast-hfb-mobile-header-display":"","site-post-title":"disabled","ast-breadcrumbs-content":"","ast-featured-img":"disabled","footer-sml-layout":"","theme-transparent-header-meta":"default","adv-header-id-meta":"","stick-header-meta":"","header-above-stick-meta":"","header-main-stick-meta":"","header-below-stick-meta":""},"product_cat":[845,1136,17,149,16,95],"product_tag":[],"class_list":{"0":"post-2525","1":"product","2":"type-product","3":"status-publish","4":"has-post-thumbnail","6":"product_cat-customization","7":"product_cat-iso-9008","8":"product_cat-package-container-testers","9":"product_cat-pharma-and-medical-testers","10":"product_cat-plastic-packaging-testers","11":"product_cat-products","12":"desktop-align-left","13":"tablet-align-left","14":"mobile-align-left","16":"first","17":"instock","18":"shipping-taxable","19":"product-type-simple"},"_links":{"self":[{"href":"https:\/\/www.qualitester.com\/fr\/wp-json\/wp\/v2\/product\/2525","targetHints":{"allow":["GET"]}}],"collection":[{"href":"https:\/\/www.qualitester.com\/fr\/wp-json\/wp\/v2\/product"}],"about":[{"href":"https:\/\/www.qualitester.com\/fr\/wp-json\/wp\/v2\/types\/product"}],"replies":[{"embeddable":true,"href":"https:\/\/www.qualitester.com\/fr\/wp-json\/wp\/v2\/comments?post=2525"}],"version-history":[{"count":0,"href":"https:\/\/www.qualitester.com\/fr\/wp-json\/wp\/v2\/product\/2525\/revisions"}],"wp:featuredmedia":[{"embeddable":true,"href":"https:\/\/www.qualitester.com\/fr\/wp-json\/wp\/v2\/media\/6233"}],"wp:attachment":[{"href":"https:\/\/www.qualitester.com\/fr\/wp-json\/wp\/v2\/media?parent=2525"}],"wp:term":[{"taxonomy":"product_cat","embeddable":true,"href":"https:\/\/www.qualitester.com\/fr\/wp-json\/wp\/v2\/product_cat?post=2525"},{"taxonomy":"product_tag","embeddable":true,"href":"https:\/\/www.qualitester.com\/fr\/wp-json\/wp\/v2\/product_tag?post=2525"}],"curies":[{"name":"wp","href":"https:\/\/api.w.org\/{rel}","templated":true}]}}