{"id":2371,"date":"2023-06-02T13:53:04","date_gmt":"2023-06-02T05:53:04","guid":{"rendered":"https:\/\/www.qualitester.com\/?post_type=product&#038;p=2371"},"modified":"2024-11-27T16:45:32","modified_gmt":"2024-11-27T08:45:32","slug":"hst-01-flexible-packaging-material-heat-sealing-data-testing-machine","status":"publish","type":"product","link":"https:\/\/www.qualitester.com\/fr\/produit\/hst-01-flexible-packaging-material-heat-sealing-data-testing-machine\/","title":{"rendered":"Testeur de thermoscellage HST-02"},"content":{"rendered":"<h2><strong>Introduction au testeur de thermoscellage pour emballage<\/strong><\/h2>\n<p>Le <strong>Testeur de thermoscellage pour emballage<\/strong> est un outil essentiel pour tester la thermoscellabilit\u00e9 de divers mat\u00e9riaux d&#039;emballage tels que les films souples, les stratifi\u00e9s, les polym\u00e8res et les composites. Cet instrument de qualit\u00e9 laboratoire est con\u00e7u pour simuler le processus de scellage r\u00e9el, permettant aux fabricants de garantir la r\u00e9sistance, la fiabilit\u00e9 et la fonctionnalit\u00e9 de leurs joints d&#039;emballage. Un thermoscellage efficace est essentiel pour garantir l&#039;int\u00e9grit\u00e9 des emballages de produits alimentaires, m\u00e9dicaux, pharmaceutiques et de consommation, o\u00f9 une d\u00e9faillance de l&#039;emballage peut compromettre la s\u00e9curit\u00e9, la dur\u00e9e de conservation et la facilit\u00e9 d&#039;utilisation du produit.<\/p>\n<p>Le testeur de thermoscellage recr\u00e9e les param\u00e8tres cl\u00e9s impliqu\u00e9s dans le thermoscellage, \u00e0 savoir le temps, la temp\u00e9rature et la pression, pour simuler les conditions d&#039;emballage r\u00e9elles. Cela aide les fabricants \u00e0 valider si leurs mat\u00e9riaux sont capables d&#039;atteindre la r\u00e9sistance de scellage n\u00e9cessaire pour fournir un joint \u00e9tanche \u00e0 l&#039;air, inviolable et durable.<\/p>\n<h2><strong><a href=\"https:\/\/www.astm.org\/f2029-16r21.html\" target=\"_blank\" rel=\"noopener nofollow\">ASTM F2029<\/a>:Norme relative aux tests de thermoscellabilit\u00e9<\/strong><\/h2>\n<p><strong><a href=\"https:\/\/www.qualitester.com\/fr\/categorie-produit\/astm\/astm-f2029\/\" target=\"_blank\" rel=\"noopener\">ASTM F2029<\/a>-16(2021)<\/strong> \u2013 <strong>Pratiques standard pour la fabrication de joints thermiques de laboratoire pour la d\u00e9termination de la thermoscellabilit\u00e9 des mat\u00e9riaux barri\u00e8res flexibles telle que mesur\u00e9e par la r\u00e9sistance du joint<\/strong> \u2013 est la principale norme industrielle pour tester la thermoscellabilit\u00e9 des mat\u00e9riaux d&#039;emballage souples. Cette norme d\u00e9crit les proc\u00e9dures et les conditions dans lesquelles les thermoscellages en laboratoire doivent \u00eatre r\u00e9alis\u00e9s pour \u00e9valuer la r\u00e9sistance et la durabilit\u00e9 des joints. En adh\u00e9rant \u00e0 cette norme, les fabricants peuvent s&#039;assurer que leurs produits r\u00e9pondent aux sp\u00e9cifications d&#039;emballage requises.<\/p>\n<p><strong>Principaux aspects de la norme ASTM F2029<\/strong>:<\/p>\n<ul>\n<li><strong>Mesure de la force d&#039;\u00e9tanch\u00e9it\u00e9<\/strong>:La norme ASTM F2029 se concentre sur la d\u00e9termination de la r\u00e9sistance des thermoscellages, essentielle \u00e0 la protection et \u00e0 la dur\u00e9e de conservation du produit. Elle permet d&#039;\u00e9valuer si l&#039;emballage r\u00e9sistera aux contraintes pendant le transport, le stockage et la manutention.<\/li>\n<li><strong>M\u00e9thodologie de test<\/strong>:La norme sp\u00e9cifie l\u2019utilisation contr\u00f4l\u00e9e du temps, de la temp\u00e9rature et de la pression pendant le processus de scellage pour simuler avec pr\u00e9cision les conditions d\u2019emballage.<\/li>\n<li><strong>Port\u00e9e<\/strong>:Cette norme s\u2019applique \u00e0 une vari\u00e9t\u00e9 d\u2019industries, notamment l\u2019alimentation, les produits pharmaceutiques, les dispositifs m\u00e9dicaux et bien d\u2019autres, o\u00f9 l\u2019emballage est essentiel \u00e0 la s\u00e9curit\u00e9 des produits.<\/li>\n<\/ul>\n<h2><strong>Caract\u00e9ristiques techniques du testeur de thermoscellage HST-02<\/strong><\/h2>\n<p>Le <strong>Testeur de thermoscellage HST-02<\/strong> est con\u00e7u avec pr\u00e9cision pour offrir des capacit\u00e9s de thermoscellage hautes performances. Cet instrument compact et fiable est con\u00e7u pour simuler avec pr\u00e9cision le processus de thermoscellage, ce qui en fait un outil pr\u00e9cieux pour les \u00e9quipes d&#039;assurance qualit\u00e9.<\/p>\n<ol>\n<li><strong>M\u00e2choires de scellage en aluminium<\/strong>:<br \/>\nLes m\u00e2choires de scellage sup\u00e9rieures et inf\u00e9rieures sont fabriqu\u00e9es en aluminium pour minimiser les pertes de chaleur et assurer l&#039;uniformit\u00e9 de la temp\u00e9rature pendant le scellage. Cela permet de maintenir un processus de scellage coh\u00e9rent et efficace.<\/li>\n<li><strong>R\u00e9gulateur de temp\u00e9rature PID<\/strong>:<br \/>\n\u00c9quip\u00e9 d&#039;un contr\u00f4leur de temp\u00e9rature proportionnel int\u00e9gral d\u00e9riv\u00e9 (PID), le HST-02 assure une r\u00e9gulation de temp\u00e9rature pr\u00e9cise et stable, permettant un contr\u00f4le pr\u00e9cis du processus de scellage.<\/li>\n<li><strong>Synchronisation du chronom\u00e8tre et du mouvement des m\u00e2choires<\/strong>:<br \/>\nLe testeur est dot\u00e9 d&#039;une synchronisation pr\u00e9cise entre la minuterie et le mouvement des m\u00e2choires. Cela garantit que la pression et le temps de scellage sont appliqu\u00e9s correctement \u00e0 l&#039;\u00e9chantillon, ce qui permet d&#039;obtenir des conditions de test pr\u00e9cises et reproductibles.<\/li>\n<li><strong>Contr\u00f4le de la pression<\/strong>:<br \/>\nUne barre de scellage guid\u00e9e \u00e0 trois voies maintient une pression de scellage constante, permettant une application uniforme sur une large gamme de mat\u00e9riaux. Cela garantit que l&#039;int\u00e9grit\u00e9 du joint est test\u00e9e dans des conditions r\u00e9alistes.<\/li>\n<li><strong>Caract\u00e9ristiques de s\u00e9curit\u00e9<\/strong>:<br \/>\nLe HST-02 privil\u00e9gie la s\u00e9curit\u00e9 de l&#039;utilisateur avec un capot avant anti-br\u00fblure pour \u00e9viter les br\u00fblures, ainsi que des options de d\u00e9marrage manuel et par p\u00e9dale pour une utilisation s\u00fbre et facile.<\/li>\n<\/ol>\n<h2><strong>Processus et m\u00e9thodologie de test<\/strong><\/h2>\n<p>Le proc\u00e9d\u00e9 de thermoscellage utilisant le <strong>Testeur de thermoscellage HST-02<\/strong> suit une s\u00e9quence simple d&#039;\u00e9tapes, reproduisant soigneusement les conditions n\u00e9cessaires pour des fermetures d&#039;emballage efficaces :<\/p>\n<ol>\n<li><strong>Placement d&#039;\u00e9chantillons<\/strong>:<br \/>\nPlacer l&#039;\u00e9chantillon d&#039;essai (g\u00e9n\u00e9ralement un film ou un mat\u00e9riau composite) entre deux m\u00e2choires de scellage parall\u00e8les.<\/li>\n<li><strong>R\u00e9glages de temp\u00e9rature et de pression<\/strong>:<br \/>\nR\u00e9glez la temp\u00e9rature, le temps et la pression de scellage souhait\u00e9s en fonction des sp\u00e9cifications du mat\u00e9riau et des conditions d\u00e9crites dans la norme ASTM F2029.<\/li>\n<li><strong>Processus de scellage<\/strong>:<br \/>\nUne fois que le syst\u00e8me atteint l\u2019\u00e9quilibre, la m\u00e2choire d\u2019\u00e9tanch\u00e9it\u00e9 sup\u00e9rieure, contr\u00f4l\u00e9e par un v\u00e9rin \u00e0 gaz, est pouss\u00e9e vers le bas pour appliquer une pression sur le mat\u00e9riau pendant la dur\u00e9e pr\u00e9d\u00e9finie.<\/li>\n<li><strong>Fin du test<\/strong>:<br \/>\nUne fois le temps de scellage pr\u00e9d\u00e9fini termin\u00e9, la m\u00e2choire de scellage sup\u00e9rieure revient \u00e0 sa position d&#039;origine et la r\u00e9sistance du scellage est \u00e9valu\u00e9e \u00e0 l&#039;aide de diverses m\u00e9thodes de test.<\/li>\n<\/ol>\n<h2><strong>\u00c9valuation de la r\u00e9sistance du thermoscellage<\/strong><\/h2>\n<p>Une fois le processus de thermoscellage termin\u00e9, la r\u00e9sistance du joint est \u00e9valu\u00e9e pour garantir qu&#039;il est intact et durable. Les m\u00e9thodes d&#039;\u00e9valuation peuvent inclure :<\/p>\n<ul>\n<li><strong>Tests de continuit\u00e9 des joints<\/strong>:<br \/>\nCes tests, tels que les tests d&#039;\u00e9tanch\u00e9it\u00e9 \u00e0 l&#039;air, la p\u00e9n\u00e9tration de colorant et l&#039;inspection visuelle, garantissent que l&#039;\u00e9tanch\u00e9it\u00e9 est continue et ne pr\u00e9sente aucun point faible.<\/li>\n<li><strong>Tests microbiens et barri\u00e8res<\/strong>:<br \/>\nDes tests suppl\u00e9mentaires peuvent inclure l&#039;\u00e9valuation de la r\u00e9sistance du mat\u00e9riau \u00e0 la p\u00e9n\u00e9tration des micro-organismes, garantissant que le joint offre une protection ad\u00e9quate au produit \u00e0 l&#039;int\u00e9rieur.<\/li>\n<\/ul>\n<p>Le <strong>Testeur de thermoscellage HST-02<\/strong> offre des donn\u00e9es d\u00e9taill\u00e9es qui aident les fabricants \u00e0 \u00e9valuer si leurs mat\u00e9riaux d&#039;emballage r\u00e9pondent aux normes de l&#039;industrie en mati\u00e8re d&#039;int\u00e9grit\u00e9 et de performance de l&#039;emballage.<\/p>\n<h2><strong>Principaux param\u00e8tres du testeur de thermoscellage HST-02<\/strong><\/h2>\n<table>\n<tbody>\n<tr>\n<td style=\"text-align: center;\" width=\"123\">Temp\u00e9rature d&#039;\u00e9tanch\u00e9it\u00e9<\/td>\n<td style=\"text-align: center;\" width=\"126\">Ambiante ~ 300 \u2103<\/td>\n<\/tr>\n<tr>\n<td style=\"text-align: center;\" width=\"123\">D\u00e9viation<\/td>\n<td style=\"text-align: center;\" width=\"126\">\u00b10,2\u2103<\/td>\n<\/tr>\n<tr>\n<td style=\"text-align: center;\" width=\"123\">Temps de scellage<\/td>\n<td style=\"text-align: center;\" width=\"126\">0,1 S \u00e0 9999 S<\/td>\n<\/tr>\n<tr>\n<td style=\"text-align: center;\" width=\"123\">Pression d&#039;\u00e9tanch\u00e9it\u00e9<\/td>\n<td style=\"text-align: center;\" width=\"126\">0,15 \u00e0 0,7 MPa<\/td>\n<\/tr>\n<tr>\n<td style=\"text-align: center;\" width=\"123\">M\u00e2choires de phoque<\/td>\n<td style=\"text-align: center;\" width=\"126\">330*10 mm L*l<\/td>\n<\/tr>\n<tr>\n<td style=\"text-align: center;\" width=\"123\">Pression du gaz<\/td>\n<td style=\"text-align: center;\" width=\"126\">0,7 MPa<\/td>\n<\/tr>\n<tr>\n<td style=\"text-align: center;\" width=\"123\">Taille du port<\/td>\n<td style=\"text-align: center;\" width=\"126\">Tuyau en PU de 6 mm<\/td>\n<\/tr>\n<tr>\n<td style=\"text-align: center;\" width=\"123\">Pouvoir<\/td>\n<td style=\"text-align: center;\" width=\"126\">CA 220 V 50 Hz<\/td>\n<\/tr>\n<\/tbody>\n<\/table>\n<p>Ces param\u00e8tres permettent de tester une large gamme de mat\u00e9riaux dans des conditions contr\u00f4l\u00e9es, garantissant des r\u00e9sultats coh\u00e9rents dans diverses applications d&#039;emballage.<\/p>\n<h4><strong>Avantages de l&#039;utilisation du testeur de thermoscellage HST-02<\/strong><\/h4>\n<ul>\n<li><strong>Pr\u00e9cision et r\u00e9p\u00e9tabilit\u00e9<\/strong>:Le HST-02 est con\u00e7u pour fournir des r\u00e9sultats de test pr\u00e9cis et reproductibles en contr\u00f4lant pr\u00e9cis\u00e9ment les param\u00e8tres d&#039;\u00e9tanch\u00e9it\u00e9 critiques.<\/li>\n<li><strong>Versatilit\u00e9<\/strong>:Le testeur est adapt\u00e9 \u00e0 une utilisation avec une vari\u00e9t\u00e9 de mat\u00e9riaux et de types d&#039;emballage, des films plastiques de base aux mat\u00e9riaux composites complexes.<\/li>\n<li><strong>Conformit\u00e9 aux normes de l&#039;industrie<\/strong>:Enti\u00e8rement conforme \u00e0 la norme ASTM F2029, garantissant que les r\u00e9sultats des tests r\u00e9pondent aux normes de r\u00e9f\u00e9rence reconnues par l&#039;industrie en mati\u00e8re de r\u00e9sistance des joints.<\/li>\n<li><strong>Contr\u00f4le de qualit\u00e9 rentable<\/strong>:Aide les fabricants \u00e0 identifier les faiblesses des joints d&#039;emballage avant la production en s\u00e9rie, \u00e9vitant ainsi des d\u00e9faillances d&#039;emballage co\u00fbteuses et des pertes de produits.<\/li>\n<\/ul>\n<p>Le <strong>Testeur de thermoscellage pour emballage HST-02<\/strong> est un outil essentiel pour garantir la qualit\u00e9 et la fiabilit\u00e9 des mat\u00e9riaux d&#039;emballage thermoscell\u00e9s. En reproduisant les conditions de scellage r\u00e9elles, le HST-02 permet aux fabricants de tester minutieusement la thermoscellabilit\u00e9 des mat\u00e9riaux, garantissant ainsi que leurs produits r\u00e9pondent aux normes n\u00e9cessaires en mati\u00e8re de r\u00e9sistance et d&#039;int\u00e9grit\u00e9. Que vous travailliez dans l&#039;industrie alimentaire, pharmaceutique ou des dispositifs m\u00e9dicaux, le HST-02 vous aide \u00e0 atteindre le plus haut niveau de qualit\u00e9 et de performance d&#039;emballage.<\/p>\n<p>Cet instrument est un investissement essentiel pour les entreprises qui souhaitent maintenir le contr\u00f4le de la qualit\u00e9, minimiser les d\u00e9faillances d\u2019emballage et am\u00e9liorer la s\u00e9curit\u00e9 et la durabilit\u00e9 globales de leurs produits.<\/p>","protected":false},"excerpt":{"rendered":"<p>Le <strong>Testeur de thermoscellage pour emballage<\/strong> est un outil essentiel pour tester la thermoscellabilit\u00e9 de divers mat\u00e9riaux d&#039;emballage tels que les films souples, les stratifi\u00e9s, les polym\u00e8res et les composites. Cet instrument de qualit\u00e9 laboratoire est con\u00e7u pour simuler le processus de scellage r\u00e9el, permettant aux fabricants de garantir la r\u00e9sistance, la fiabilit\u00e9 et la fonctionnalit\u00e9 de leurs joints d&#039;emballage. Un thermoscellage efficace est essentiel pour garantir l&#039;int\u00e9grit\u00e9 des emballages de produits alimentaires, m\u00e9dicaux, pharmaceutiques et de consommation, o\u00f9 une d\u00e9faillance de l&#039;emballage peut compromettre la s\u00e9curit\u00e9, la dur\u00e9e de conservation et la facilit\u00e9 d&#039;utilisation du produit.<\/p>","protected":false},"featured_media":5905,"comment_status":"closed","ping_status":"closed","template":"","meta":{"site-sidebar-layout":"default","site-content-layout":"default","ast-global-header-display":"","ast-main-header-display":"","ast-hfb-above-header-display":"","ast-hfb-below-header-display":"","ast-hfb-mobile-header-display":"","site-post-title":"disabled","ast-breadcrumbs-content":"","ast-featured-img":"","footer-sml-layout":"","theme-transparent-header-meta":"default","adv-header-id-meta":"","stick-header-meta":"","header-above-stick-meta":"","header-main-stick-meta":"","header-below-stick-meta":""},"product_cat":[845,677,149,16,142,95],"product_tag":[],"class_list":{"0":"post-2371","1":"product","2":"type-product","3":"status-publish","4":"has-post-thumbnail","6":"product_cat-customization","7":"product_cat-heat-seal-tester","8":"product_cat-pharma-and-medical-testers","9":"product_cat-plastic-packaging-testers","10":"product_cat-astm-f2029","11":"product_cat-products","12":"desktop-align-left","13":"tablet-align-left","14":"mobile-align-left","16":"first","17":"instock","18":"featured","19":"shipping-taxable","20":"product-type-simple"},"_links":{"self":[{"href":"https:\/\/www.qualitester.com\/fr\/wp-json\/wp\/v2\/product\/2371","targetHints":{"allow":["GET"]}}],"collection":[{"href":"https:\/\/www.qualitester.com\/fr\/wp-json\/wp\/v2\/product"}],"about":[{"href":"https:\/\/www.qualitester.com\/fr\/wp-json\/wp\/v2\/types\/product"}],"replies":[{"embeddable":true,"href":"https:\/\/www.qualitester.com\/fr\/wp-json\/wp\/v2\/comments?post=2371"}],"version-history":[{"count":0,"href":"https:\/\/www.qualitester.com\/fr\/wp-json\/wp\/v2\/product\/2371\/revisions"}],"wp:featuredmedia":[{"embeddable":true,"href":"https:\/\/www.qualitester.com\/fr\/wp-json\/wp\/v2\/media\/5905"}],"wp:attachment":[{"href":"https:\/\/www.qualitester.com\/fr\/wp-json\/wp\/v2\/media?parent=2371"}],"wp:term":[{"taxonomy":"product_cat","embeddable":true,"href":"https:\/\/www.qualitester.com\/fr\/wp-json\/wp\/v2\/product_cat?post=2371"},{"taxonomy":"product_tag","embeddable":true,"href":"https:\/\/www.qualitester.com\/fr\/wp-json\/wp\/v2\/product_tag?post=2371"}],"curies":[{"name":"wp","href":"https:\/\/api.w.org\/{rel}","templated":true}]}}