{"id":2268,"date":"2023-05-18T10:57:00","date_gmt":"2023-05-18T02:57:00","guid":{"rendered":"https:\/\/www.qualitester.com\/?post_type=product&#038;p=2268"},"modified":"2025-04-08T16:16:55","modified_gmt":"2025-04-08T08:16:55","slug":"lt-01-leak-tester","status":"publish","type":"product","link":"https:\/\/www.qualitester.com\/fr\/produit\/lt-01-leak-tester\/","title":{"rendered":"Testeur de fuites LT-01"},"content":{"rendered":"<h2 data-start=\"1173\" data-end=\"1228\"><strong data-start=\"1173\" data-end=\"1228\">Comprendre le testeur d'\u00e9tanch\u00e9it\u00e9 au vide pour l'emballage\u00a0<\/strong><\/h2>\n<p class=\"\" data-start=\"1230\" data-end=\"1607\">Le <strong data-start=\"1234\" data-end=\"1271\">testeur d'\u00e9tanch\u00e9it\u00e9 sous vide pour l'emballage <\/strong>est con\u00e7u pour d\u00e9tecter les fuites dans les emballages souples scell\u00e9s en observant l'air ou le gaz s'\u00e9chapper lorsqu'un vide est appliqu\u00e9. Cette technique repose sur <strong data-start=\"1410\" data-end=\"1435\">pression diff\u00e9rentielle<\/strong>, Les fuites sont des ph\u00e9nom\u00e8nes qui se produisent lorsque la pression \u00e0 l'int\u00e9rieur de l'emballage contraste avec l'environnement sous vide de la chambre. En cas de fuite, l'air ou la vapeur du produit s'\u00e9chappe sous la forme d'un flux visible de bulles.<\/p>\n<p class=\"\" data-start=\"1609\" data-end=\"1973\">Instruments cellulaires\u2019 <strong data-start=\"1627\" data-end=\"1648\">Testeur d'\u00e9tanch\u00e9it\u00e9 LT-01<\/strong> offre une m\u00e9thode fiable et \u00e9conomique pour r\u00e9aliser cette proc\u00e9dure. Elle utilise un <strong data-start=\"1728\" data-end=\"1744\">Tube de Venturi<\/strong> pour cr\u00e9er un vide jusqu'\u00e0 -90 kPa, ce qui permet d'obtenir des conditions de vide stables et r\u00e9glables sans avoir besoin d'une source d'\u00e9nergie \u00e9lectrique. Il permet \u00e9galement de cr\u00e9er des conditions de vide stables et r\u00e9glables sans avoir recours \u00e0 une source d'\u00e9nergie \u00e9lectrique. <strong data-start=\"1897\" data-end=\"1929\">chambre acrylique personnalisable<\/strong> pour s'adapter aux diff\u00e9rentes tailles et formes d'emballages.<\/p>\n<div class=\"ast-oembed-container\" style=\"height: 100%;\"><iframe title=\"Cell INSTRUMENTS testeur d&#039;\u00e9tanch\u00e9it\u00e9 \u00e0 vide en trois mod\u00e8les\" width=\"500\" height=\"281\" src=\"https:\/\/www.youtube.com\/embed\/UcL0JjOEm04?feature=oembed\" frameborder=\"0\" allow=\"accelerometer; autoplay; clipboard-write; encrypted-media; gyroscope; picture-in-picture; web-share\" referrerpolicy=\"strict-origin-when-cross-origin\" allowfullscreen><\/iframe><\/div>\n<hr class=\"\" data-start=\"1975\" data-end=\"1978\" \/>\n<h2 data-start=\"1980\" data-end=\"2027\"><strong data-start=\"1980\" data-end=\"2027\">M\u00e9thode ASTM de test d'\u00e9tanch\u00e9it\u00e9 au vide et conformit\u00e9<\/strong><\/h2>\n<p class=\"\" data-start=\"2029\" data-end=\"2304\">Pour garantir des r\u00e9sultats coh\u00e9rents et pr\u00e9cis, le testeur d'\u00e9tanch\u00e9it\u00e9 \u00e0 vide doit \u00eatre conforme aux normes suivantes <strong data-start=\"2118\" data-end=\"2143\">Test d'\u00e9tanch\u00e9it\u00e9 sous vide ASTM<\/strong> m\u00e9thode d\u00e9crite dans <a href=\"https:\/\/www.qualitester.com\/fr\/standards\/astm-d3078\/\" target=\"_blank\" rel=\"noopener\"><strong data-start=\"2163\" data-end=\"2177\">ASTM D3078<\/strong><\/a>. Cette norme internationale d\u00e9finit la mani\u00e8re de proc\u00e9der \u00e0 la d\u00e9tection des fuites par le biais de <strong data-start=\"2253\" data-end=\"2280\">test d'\u00e9mission de bulles<\/strong> pour les emballages souples.<\/p>\n<p class=\"\" data-start=\"2306\" data-end=\"2364\">Selon <strong data-start=\"2319\" data-end=\"2333\">ASTM D3078<\/strong>, Voici comment se d\u00e9roule la proc\u00e9dure :<\/p>\n<ul data-start=\"2366\" data-end=\"2855\">\n<li class=\"\" data-start=\"2366\" data-end=\"2442\">\n<p class=\"\" data-start=\"2368\" data-end=\"2442\">L'emballage est immerg\u00e9 dans l'eau \u00e0 l'int\u00e9rieur d'un <strong data-start=\"2411\" data-end=\"2441\">chambre \u00e0 vide transparente<\/strong>.<\/p>\n<\/li>\n<li class=\"\" data-start=\"2443\" data-end=\"2547\">\n<p class=\"\" data-start=\"2445\" data-end=\"2547\">Un vide est appliqu\u00e9, augmentant g\u00e9n\u00e9ralement \u00e0 un taux de 1 po Hg\/sec jusqu'\u00e0 ce que le niveau cible soit atteint.<\/p>\n<\/li>\n<li class=\"\" data-start=\"2548\" data-end=\"2630\">\n<p class=\"\" data-start=\"2550\" data-end=\"2630\">Lorsque la pression diminue, <strong data-start=\"2573\" data-end=\"2629\">toute fuite se manifeste par un flux continu de bulles<\/strong>.<\/p>\n<\/li>\n<li class=\"\" data-start=\"2631\" data-end=\"2755\">\n<p class=\"\" data-start=\"2633\" data-end=\"2755\">Le vide est maintenu pendant une dur\u00e9e d\u00e9termin\u00e9e (g\u00e9n\u00e9ralement 30 secondes), apr\u00e8s quoi l'emballage est inspect\u00e9 pour v\u00e9rifier qu'il n'y a pas eu de p\u00e9n\u00e9tration du liquide d'essai.<\/p>\n<\/li>\n<li class=\"\" data-start=\"2756\" data-end=\"2855\">\n<p class=\"\" data-start=\"2758\" data-end=\"2855\">Les emballages qui \u00e9mettent des bulles ou qui pr\u00e9sentent des signes de contamination interne par le liquide sont consid\u00e9r\u00e9s comme des d\u00e9faillances.<\/p>\n<\/li>\n<\/ul>\n<p class=\"\" data-start=\"2857\" data-end=\"3010\">Cette m\u00e9thode est efficace pour identifier les trous d'\u00e9pingle, les joints faibles ou les fermetures incorrectes qui pourraient permettre \u00e0 l'air, \u00e0 l'humidit\u00e9 ou aux contaminants de p\u00e9n\u00e9trer dans l'emballage.<\/p>\n<hr class=\"\" data-start=\"3012\" data-end=\"3015\" \/>\n<h2 data-start=\"3017\" data-end=\"3061\"><strong data-start=\"3017\" data-end=\"3061\">Principales caract\u00e9ristiques du testeur d'\u00e9tanch\u00e9it\u00e9 \u00e0 vide LT-01<\/strong><\/h2>\n<p class=\"\" data-start=\"3063\" data-end=\"3232\">Le <strong data-start=\"3067\" data-end=\"3088\">Testeur d'\u00e9tanch\u00e9it\u00e9 LT-01<\/strong> de Cell Instruments est con\u00e7u pour simplifier la d\u00e9tection des fuites tout en fournissant des informations sur les fuites. <strong data-start=\"3166\" data-end=\"3194\">pr\u00e9cision et durabilit\u00e9<\/strong>. Voici quelques-unes de ses principales caract\u00e9ristiques :<\/p>\n<ul data-start=\"3234\" data-end=\"3668\">\n<li class=\"\" data-start=\"3234\" data-end=\"3310\">\n<p class=\"\" data-start=\"3236\" data-end=\"3310\"><strong data-start=\"3236\" data-end=\"3252\">Mod\u00e8le manuel<\/strong>: Con\u00e7u pour la simplicit\u00e9 et le faible co\u00fbt des op\u00e9rations de test.<\/p>\n<\/li>\n<li class=\"\" data-start=\"3311\" data-end=\"3374\">\n<p class=\"\" data-start=\"3313\" data-end=\"3374\"><strong data-start=\"3313\" data-end=\"3329\">Plage de vide<\/strong>: 0 \u00e0 -90 kPa, r\u00e9glable par le r\u00e9gulateur d'air.<\/p>\n<\/li>\n<li class=\"\" data-start=\"3375\" data-end=\"3470\">\n<p class=\"\" data-start=\"3377\" data-end=\"3470\"><strong data-start=\"3377\" data-end=\"3410\">Cr\u00e9ation de vide \u00e0 l'aide d'un venturi<\/strong>: \u00c9limine le besoin d'\u00e9lectricit\u00e9 en utilisant de l'air comprim\u00e9.<\/p>\n<\/li>\n<li class=\"\" data-start=\"3471\" data-end=\"3553\">\n<p class=\"\" data-start=\"3473\" data-end=\"3553\"><strong data-start=\"3473\" data-end=\"3503\">Chambre transparente solide<\/strong>: Contr\u00f4le visuel facile et construction durable.<\/p>\n<\/li>\n<li class=\"\" data-start=\"3554\" data-end=\"3668\">\n<p class=\"\" data-start=\"3556\" data-end=\"3668\"><strong data-start=\"3556\" data-end=\"3580\">Dimensions de la chambre sur mesure<\/strong>: Disponible en forme cylindrique ou cubique pour s'adapter \u00e0 une large gamme de types d'emballages.<\/p>\n<\/li>\n<\/ul>\n<p class=\"\" data-start=\"3670\" data-end=\"3829\">En outre, le LT-01 peut \u00eatre \u00e9quip\u00e9 d'un <strong data-start=\"3713\" data-end=\"3728\">pompe \u00e0 vide<\/strong> pour r\u00e9pondre \u00e0 des m\u00e9thodes d'essai plus rigoureuses telles que <strong data-start=\"3770\" data-end=\"3784\">ASTM D4991<\/strong>, L'Institut de recherche et de d\u00e9veloppement de l'Union europ\u00e9enne (IRU), qui a pour mission de d\u00e9velopper ses capacit\u00e9s d'essai.<\/p>\n<hr class=\"\" data-start=\"4580\" data-end=\"4583\" \/>\n<h2 data-start=\"4585\" data-end=\"4637\"><strong data-start=\"4585\" data-end=\"4637\">Applications du testeur d'\u00e9tanch\u00e9it\u00e9 \u00e0 vide pour <\/strong><strong data-start=\"1173\" data-end=\"1228\">Conteneurs<\/strong><\/h2>\n<p class=\"\" data-start=\"4639\" data-end=\"4730\">Le <strong data-start=\"4643\" data-end=\"4679\">testeur de fuites \u00e0 vide pour c<\/strong><strong data-start=\"1173\" data-end=\"1228\">ontainers <\/strong>est largement utilis\u00e9 dans diverses industries, telles que :<\/p>\n<ul data-start=\"4732\" data-end=\"5065\">\n<li class=\"\" data-start=\"4732\" data-end=\"4823\">\n<p class=\"\" data-start=\"4734\" data-end=\"4823\"><strong data-start=\"4734\" data-end=\"4753\">Alimentation et boissons<\/strong>: V\u00e9rifier l'int\u00e9grit\u00e9 de la fermeture des poches, des sachets et des films souples.<\/p>\n<\/li>\n<li class=\"\" data-start=\"4824\" data-end=\"4902\">\n<p class=\"\" data-start=\"4826\" data-end=\"4902\"><strong data-start=\"4826\" data-end=\"4845\">M\u00e9dicaments<\/strong>: Veiller \u00e0 ce que les syst\u00e8mes de barri\u00e8re st\u00e9rile ne soient pas compromis.<\/p>\n<\/li>\n<li class=\"\" data-start=\"4903\" data-end=\"4983\">\n<p class=\"\" data-start=\"4905\" data-end=\"4983\"><strong data-start=\"4905\" data-end=\"4924\">Dispositifs m\u00e9dicaux<\/strong>: D\u00e9tecter les fuites dans les emballages st\u00e9riles et les emballages de composants.<\/p>\n<\/li>\n<li class=\"\" data-start=\"4984\" data-end=\"5065\">\n<p class=\"\" data-start=\"4986\" data-end=\"5065\"><strong data-start=\"4986\" data-end=\"5013\">\u00c9lectronique et produits chimiques<\/strong>: Pour maintenir les propri\u00e9t\u00e9s de barri\u00e8re \u00e0 l'humidit\u00e9 et \u00e0 la vapeur.<\/p>\n<\/li>\n<\/ul>\n<p class=\"\" data-start=\"5067\" data-end=\"5190\">Une d\u00e9tection fiable des fuites est essentielle pour <strong data-start=\"5108\" data-end=\"5154\">pr\u00e9venir les rappels de produits, r\u00e9duire les d\u00e9chets<\/strong>, et en am\u00e9liorant <strong data-start=\"5170\" data-end=\"5189\">s\u00e9curit\u00e9 des consommateurs<\/strong>.<\/p>\n<hr class=\"\" data-start=\"3831\" data-end=\"3834\" \/>\n<h2 data-start=\"3836\" data-end=\"3896\"><strong data-start=\"3836\" data-end=\"3896\">Pourquoi choisir un testeur de fuite \u00e0 vide de Cell Instruments ?<\/strong><\/h2>\n<p class=\"\" data-start=\"3898\" data-end=\"4002\">Choisir un <strong data-start=\"3909\" data-end=\"3934\">testeur d'\u00e9tanch\u00e9it\u00e9 \u00e0 vide<\/strong> de Cell Instruments offre des avantages qui vont au-del\u00e0 de la conformit\u00e9 standard :<\/p>\n<ul data-start=\"4004\" data-end=\"4429\">\n<li class=\"\" data-start=\"4004\" data-end=\"4093\">\n<p class=\"\" data-start=\"4006\" data-end=\"4093\"><strong data-start=\"4006\" data-end=\"4032\">Solutions personnalisables<\/strong>: Chambres et installations sur mesure pour divers formats d'emballage.<\/p>\n<\/li>\n<li class=\"\" data-start=\"4094\" data-end=\"4204\">\n<p class=\"\" data-start=\"4096\" data-end=\"4204\"><strong data-start=\"4096\" data-end=\"4130\">Prise en charge de plusieurs normes<\/strong>: En plus de <a href=\"https:\/\/www.astm.org\/d3078-02r21e01.html\" target=\"_blank\" rel=\"noopener nofollow\">ASTM D3078<\/a>, Les unit\u00e9s peuvent \u00eatre adapt\u00e9es pour <a href=\"https:\/\/www.astm.org\/d4991-07r15.html\" target=\"_blank\" rel=\"noopener nofollow\">ASTM D4991<\/a> et plus encore.<\/p>\n<\/li>\n<li class=\"\" data-start=\"4205\" data-end=\"4330\">\n<p class=\"\" data-start=\"4207\" data-end=\"4330\"><strong data-start=\"4207\" data-end=\"4229\">Expertise sectorielle<\/strong>: Exp\u00e9rience confirm\u00e9e dans les domaines suivants <strong data-start=\"4252\" data-end=\"4329\">essais d'emballages m\u00e9dicaux, alimentaires, pharmaceutiques, adh\u00e9sifs et \u00e9lectroniques<\/strong>.<\/p>\n<\/li>\n<li class=\"\" data-start=\"4331\" data-end=\"4429\">\n<p class=\"\" data-start=\"4333\" data-end=\"4429\"><strong data-start=\"4333\" data-end=\"4360\">Pas d'\u00e9lectricit\u00e9 n\u00e9cessaire<\/strong>: Respectueux de l'environnement et plus s\u00fbr dans divers contextes de production.<\/p>\n<\/li>\n<\/ul>\n<p class=\"\" data-start=\"4431\" data-end=\"4578\">Ces avantages font du LT-01 un excellent choix pour les entreprises qui cherchent \u00e0 am\u00e9liorer la qualit\u00e9 de leurs services. <strong data-start=\"4514\" data-end=\"4543\">l'assurance qualit\u00e9 des paquets<\/strong> et rencontrer <strong data-start=\"4553\" data-end=\"4577\">normes r\u00e9glementaires<\/strong>.<\/p>","protected":false},"excerpt":{"rendered":"<p class=\"\" data-start=\"473\" data-end=\"983\">Garantir l'int\u00e9grit\u00e9 de l'emballage est essentiel pour pr\u00e9server la s\u00e9curit\u00e9 du produit, prolonger sa dur\u00e9e de conservation et se conformer aux normes internationales. L'un des outils les plus efficaces et les plus largement adopt\u00e9s \u00e0 cette fin est le syst\u00e8me de contr\u00f4le de l'int\u00e9grit\u00e9 des emballages. <strong data-start=\"694\" data-end=\"730\">testeur d'\u00e9tanch\u00e9it\u00e9 sous vide pour l'emballage<\/strong>. Utilis\u00e9 dans des secteurs tels que l'alimentaire, le m\u00e9dical, le pharmaceutique, l'\u00e9lectronique et l'inspection de la qualit\u00e9, cet instrument de test \u00e9value la force du joint et l'\u00e9tanch\u00e9it\u00e9 des emballages souples afin de d\u00e9tecter toute fuite potentielle susceptible de compromettre la qualit\u00e9 du produit.<\/p>\n<p class=\"\" data-start=\"985\" data-end=\"1166\">Examinons le fonctionnement de cet instrument, sa pertinence par rapport aux normes mondiales telles que <strong data-start=\"1068\" data-end=\"1082\">ASTM D3078<\/strong>, et pourquoi le mod\u00e8le LT-01 de Cell Instruments est la solution id\u00e9ale pour vos besoins en mati\u00e8re de tests.<\/p>","protected":false},"featured_media":5980,"comment_status":"closed","ping_status":"closed","template":"","meta":{"site-sidebar-layout":"default","site-content-layout":"default","ast-global-header-display":"","ast-main-header-display":"","ast-hfb-above-header-display":"","ast-hfb-below-header-display":"","ast-hfb-mobile-header-display":"","site-post-title":"disabled","ast-breadcrumbs-content":"","ast-featured-img":"disabled","footer-sml-layout":"","theme-transparent-header-meta":"default","adv-header-id-meta":"","stick-header-meta":"","header-above-stick-meta":"","header-main-stick-meta":"","header-below-stick-meta":""},"product_cat":[845,675,17,149,16,105,135,95],"product_tag":[],"class_list":{"0":"post-2268","1":"product","2":"type-product","3":"status-publish","4":"has-post-thumbnail","6":"product_cat-customization","7":"product_cat-leak-tester","8":"product_cat-package-container-testers","9":"product_cat-pharma-and-medical-testers","10":"product_cat-plastic-packaging-testers","11":"product_cat-astm-d3078","12":"product_cat-astm-d4991","13":"product_cat-products","14":"desktop-align-left","15":"tablet-align-left","16":"mobile-align-left","18":"first","19":"instock","20":"shipping-taxable","21":"product-type-simple"},"_links":{"self":[{"href":"https:\/\/www.qualitester.com\/fr\/wp-json\/wp\/v2\/product\/2268","targetHints":{"allow":["GET"]}}],"collection":[{"href":"https:\/\/www.qualitester.com\/fr\/wp-json\/wp\/v2\/product"}],"about":[{"href":"https:\/\/www.qualitester.com\/fr\/wp-json\/wp\/v2\/types\/product"}],"replies":[{"embeddable":true,"href":"https:\/\/www.qualitester.com\/fr\/wp-json\/wp\/v2\/comments?post=2268"}],"version-history":[{"count":0,"href":"https:\/\/www.qualitester.com\/fr\/wp-json\/wp\/v2\/product\/2268\/revisions"}],"wp:featuredmedia":[{"embeddable":true,"href":"https:\/\/www.qualitester.com\/fr\/wp-json\/wp\/v2\/media\/5980"}],"wp:attachment":[{"href":"https:\/\/www.qualitester.com\/fr\/wp-json\/wp\/v2\/media?parent=2268"}],"wp:term":[{"taxonomy":"product_cat","embeddable":true,"href":"https:\/\/www.qualitester.com\/fr\/wp-json\/wp\/v2\/product_cat?post=2268"},{"taxonomy":"product_tag","embeddable":true,"href":"https:\/\/www.qualitester.com\/fr\/wp-json\/wp\/v2\/product_tag?post=2268"}],"curies":[{"name":"wp","href":"https:\/\/api.w.org\/{rel}","templated":true}]}}