{"id":1799,"date":"2023-04-27T07:55:53","date_gmt":"2023-04-26T23:55:53","guid":{"rendered":"https:\/\/www.qualitester.com\/?post_type=product&#038;p=1799"},"modified":"2024-12-04T14:39:32","modified_gmt":"2024-12-04T06:39:32","slug":"stretch-film-peel-cling-tester-spc-01","status":"publish","type":"product","link":"https:\/\/www.qualitester.com\/fr\/produit\/stretch-film-peel-cling-tester-spc-01\/","title":{"rendered":"Testeur de film \u00e9tirable \u00e0 pelage et adh\u00e9rence SPC-01"},"content":{"rendered":"<h2>Introduction du testeur de pelage et de collage<\/h2>\n<p>L'ASTM D5458 Peel Cling Tester mesure l'adh\u00e9rence entre deux couches de film et permet de d\u00e9terminer la capacit\u00e9 du mat\u00e9riau d'emballage \u00e9tirable \u00e0 y adh\u00e9rer. Dans le domaine des mat\u00e9riaux d'emballage, il est primordial de garantir la s\u00e9curit\u00e9 et la stabilit\u00e9 des produits dans diverses industries. Parmi ces mat\u00e9riaux, le film \u00e9tirable, \u00e9galement connu sous le nom de pellicule adh\u00e9sive, joue un r\u00f4le crucial dans l'emballage et la protection des marchandises pendant le transport et le stockage. Il est essentiel d'\u00e9valuer la qualit\u00e9 du pelage du film \u00e9tirable pour d\u00e9terminer sa force d'adh\u00e9rence et ses performances globales.<\/p>\n<p><img fetchpriority=\"high\" decoding=\"async\" class=\"wp-image-4157 size-woocommerce_single aligncenter\" src=\"https:\/\/www.qualitester.com\/wp-content\/uploads\/2023\/04\/stretch-film-peel-cling-testser-600x600.jpg\" alt=\"testeur de pelage pour film plastique selon astm d5458\" width=\"600\" height=\"600\" srcset=\"https:\/\/www.qualitester.com\/wp-content\/uploads\/2023\/04\/stretch-film-peel-cling-testser-600x600.jpg 600w, https:\/\/www.qualitester.com\/wp-content\/uploads\/2023\/04\/stretch-film-peel-cling-testser-300x300.jpg 300w, https:\/\/www.qualitester.com\/wp-content\/uploads\/2023\/04\/stretch-film-peel-cling-testser-150x150.jpg 150w, https:\/\/www.qualitester.com\/wp-content\/uploads\/2023\/04\/stretch-film-peel-cling-testser-100x100.jpg 100w, https:\/\/www.qualitester.com\/wp-content\/uploads\/2023\/04\/stretch-film-peel-cling-testser.jpg 750w\" sizes=\"(max-width: 600px) 100vw, 600px\" \/><\/p>\n<h2>Pourquoi le test Peel Cling est-il important ?<\/h2>\n<p>Le test de pelage est crucial pour le film \u00e9tirable car il \u00e9value la capacit\u00e9 du film \u00e0 adh\u00e9rer \u00e0 lui-m\u00eame et \u00e0 maintenir l'int\u00e9grit\u00e9 des marchandises emball\u00e9es.<\/p>\n<h3>Stabilit\u00e9 de la charge<\/h3>\n<p>La fonction premi\u00e8re du film \u00e9tirable est de stabiliser les charges pendant le transport et le stockage. Si le film n'adh\u00e8re pas correctement \u00e0 lui-m\u00eame, il peut entra\u00eener un d\u00e9placement de la charge, ce qui peut causer des dommages aux marchandises ou m\u00eame des accidents pendant le transport.<\/p>\n<h3>Protection des produits<\/h3>\n<p>Un bon collage garantit que les marchandises emball\u00e9es sont solidement maintenues ensemble, les prot\u00e9geant de la poussi\u00e8re, de l'humidit\u00e9 et d'autres facteurs externes susceptibles de les endommager ou de les contaminer.<\/p>\n<h3>Manipulation efficace<\/h3>\n<p>Un film \u00e9tirable ayant de bonnes propri\u00e9t\u00e9s d'adh\u00e9rence facilite la manipulation et le transport des charges palettis\u00e9es, en r\u00e9duisant le risque de glissement ou de s\u00e9paration pendant la manipulation.<\/p>\n<h3>\u00c9conomies de co\u00fbts<\/h3>\n<p>Les propri\u00e9t\u00e9s d'adh\u00e9rence efficaces signifient qu'il faut moins de film pour emballer une charge en toute s\u00e9curit\u00e9. Cela permet non seulement de r\u00e9duire les co\u00fbts des mat\u00e9riaux, mais aussi de minimiser l'impact sur l'environnement associ\u00e9 \u00e0 l'exc\u00e8s d'emballage.<\/p>\n<h3>Satisfaction des clients<\/h3>\n<p>S'assurer que les produits arrivent \u00e0 destination intacts et non endommag\u00e9s est essentiel pour la satisfaction du client. Des tests d'adh\u00e9rence appropri\u00e9s aident les fabricants \u00e0 maintenir la qualit\u00e9 de leurs produits tout au long de la cha\u00eene d'approvisionnement.<\/p>\n<p><img decoding=\"async\" class=\"wp-image-4156 size-woocommerce_single aligncenter\" src=\"https:\/\/www.qualitester.com\/wp-content\/uploads\/2023\/04\/astm-d5458-peel-cling-testing-machine-for-sale-600x600.jpg\" alt=\"testeur de pelage pour film plastique selon astm d5458\" width=\"600\" height=\"600\" srcset=\"https:\/\/www.qualitester.com\/wp-content\/uploads\/2023\/04\/astm-d5458-peel-cling-testing-machine-for-sale-600x600.jpg 600w, https:\/\/www.qualitester.com\/wp-content\/uploads\/2023\/04\/astm-d5458-peel-cling-testing-machine-for-sale-300x300.jpg 300w, https:\/\/www.qualitester.com\/wp-content\/uploads\/2023\/04\/astm-d5458-peel-cling-testing-machine-for-sale-150x150.jpg 150w, https:\/\/www.qualitester.com\/wp-content\/uploads\/2023\/04\/astm-d5458-peel-cling-testing-machine-for-sale-100x100.jpg 100w, https:\/\/www.qualitester.com\/wp-content\/uploads\/2023\/04\/astm-d5458-peel-cling-testing-machine-for-sale.jpg 750w\" sizes=\"(max-width: 600px) 100vw, 600px\" \/><\/p>\n<h2>Application de l'essai Peel Cling dans les essais de mat\u00e9riaux<\/h2>\n<p>Le testeur Peel Cling est un outil essentiel pour \u00e9valuer la force d'adh\u00e9sion entre deux couches de film \u00e9tirable. En fournissant des mesures pr\u00e9cises, ce testeur contribue de mani\u00e8re significative \u00e0 l'am\u00e9lioration de la qualit\u00e9 et de la s\u00e9curit\u00e9 des produits dans divers secteurs, notamment l'emballage, l'alimentaire, le m\u00e9dical, etc.<\/p>\n<h2>Conformit\u00e9 aux normes<\/h2>\n<ul>\n<li>Le <a title=\"Testeur de pelage ASTM D5458\" href=\"https:\/\/www.astm.org\/d5458-95r20.html\" target=\"_blank\" rel=\"noopener nofollow\"><span style=\"color: #3366ff;\"><strong>ASTM D5458<\/strong><\/span><\/a> La m\u00e9thode d'essai standard pour le pelage des films \u00e9tirables offre une approche normalis\u00e9e pour quantifier la force d'adh\u00e9rence entre les couches de film. Cette m\u00e9thode permet de d\u00e9terminer la couche d'adh\u00e9sion sup\u00e9rieure, qu'elle soit externe ou interne.<\/li>\n<\/ul>\n<h2>Caract\u00e9ristiques techniques du testeur de pelage<\/h2>\n<ol>\n<li>Interface conviviale : Un \u00e9cran tactile TFT de 7 pouces facilite l'utilisation et l'interaction.<\/li>\n<li>Des performances fiables : L'unit\u00e9 de contr\u00f4le PLC interne garantit des performances constantes et fiables.<\/li>\n<li>Pr\u00e9cision et exactitude : Utilise un m\u00e9canisme de vis \u00e0 billes de pr\u00e9cision pour des mesures exactes de la vitesse et du d\u00e9placement.<\/li>\n<li>Vitesse de test r\u00e9glable : Permet une flexibilit\u00e9 dans les param\u00e8tres de test pour r\u00e9pondre aux exigences sp\u00e9cifiques des tests.<\/li>\n<li>Interf\u00e9rences minimis\u00e9es : Les diff\u00e9rentes connexions des cellules de charge \u00e9liminent les interf\u00e9rences g\u00e9n\u00e9ralement caus\u00e9es par le frottement et la gravit\u00e9, garantissant ainsi des r\u00e9sultats pr\u00e9cis.<\/li>\n<li>Fonctionnalit\u00e9 am\u00e9lior\u00e9e : \u00c9quip\u00e9 d'un dispositif de limitation et d'une fonction de retour automatique pour plus de commodit\u00e9.<\/li>\n<li>Affichage des donn\u00e9es en temps r\u00e9el : Affichage en temps r\u00e9el des courbes d'essai et enregistrement des valeurs maximales pour analyse.<\/li>\n<li>Utilisation polyvalente : Prend en charge les taux d'\u00e9longation de 50%, 100% et 200%, r\u00e9pondant ainsi \u00e0 une large gamme de besoins en mati\u00e8re de tests.<\/li>\n<li>Documentation : Comprend une micro-imprimante int\u00e9gr\u00e9e pour une documentation pratique des r\u00e9sultats des tests.<\/li>\n<li>Caract\u00e9ristiques optionnelles : Il est possible d'ajouter une fonction de coefficient de frottement pour obtenir des capacit\u00e9s d'essai compl\u00e8tes.<\/li>\n<\/ol>\n<p>La qualit\u00e9 d'adh\u00e9sion du film \u00e9tirable est essentielle pour garantir l'int\u00e9grit\u00e9 et la stabilit\u00e9 des produits emball\u00e9s pendant le transport et le stockage. Le testeur de pelage est une solution fiable pour \u00e9valuer avec pr\u00e9cision la force d'adh\u00e9rence du film, contribuant ainsi \u00e0 am\u00e9liorer la qualit\u00e9 et la s\u00e9curit\u00e9 des produits dans diverses industries.<\/p>\n<h2>Comment tester la force de pelage d'un film \u00e9tirable ?<\/h2>\n<div class=\"ast-oembed-container\" style=\"height: 100%;\"><iframe title=\"Instrument de test de pelage de film \u00e9tirable | ASTM D5458\" width=\"500\" height=\"281\" src=\"https:\/\/www.youtube.com\/embed\/gRpUEGeIRNw?feature=oembed\" frameborder=\"0\" allow=\"accelerometer; autoplay; clipboard-write; encrypted-media; gyroscope; picture-in-picture; web-share\" referrerpolicy=\"strict-origin-when-cross-origin\" allowfullscreen><\/iframe><\/div>\n<h2>FAQ<\/h2>\n<ol>\n<li>Quelles sont les industries qui b\u00e9n\u00e9ficient le plus de la <strong>test de pelage (peel cling)<\/strong>?<br \/>\nLes tests de pelage sont tr\u00e8s utiles dans des secteurs tels que l'emballage, l'alimentation, la m\u00e9decine et les produits pharmaceutiques, o\u00f9 il est essentiel de s\u00e9curiser les marchandises pendant le transport.<\/li>\n<li>Le <strong>Testeur de pelage<\/strong> r\u00e9pondre \u00e0 des exigences de test personnalis\u00e9es ?<br \/>\nOui, le testeur Peel Cling offre des param\u00e8tres ajustables, ce qui le rend adapt\u00e9 \u00e0 divers besoins de test, y compris l'automatisation personnalis\u00e9e.<\/li>\n<li>Les tests de pelage sont-ils conformes aux normes internationales ?<br \/>\nAbsolument, les tests de pelage, tels qu'ils sont men\u00e9s par le Peel Cling Tester, adh\u00e8rent aux normes internationales telles que l'ASTM D5458, ce qui garantit des r\u00e9sultats pr\u00e9cis et fiables.<\/li>\n<li>Comment les tests de pelage contribuent-ils au contr\u00f4le de la qualit\u00e9 ?<br \/>\nLe test de pelage constitue une mesure de contr\u00f4le de la qualit\u00e9 essentielle, garantissant l'adh\u00e9rence et la performance du film \u00e9tirable pour s\u00e9curiser efficacement les marchandises emball\u00e9es.<\/li>\n<li>De quelle mani\u00e8re le testeur Peel Cling permet-il aux entreprises de r\u00e9aliser des \u00e9conomies ?<br \/>\nEn \u00e9valuant avec pr\u00e9cision la force d'adh\u00e9rence du collage, le Peel Cling Tester aide les entreprises \u00e0 optimiser leurs processus d'emballage, en minimisant le gaspillage des mat\u00e9riaux et en garantissant une utilisation efficace des ressources.<\/li>\n<\/ol>\n<h2>Instruments de test connexes<\/h2>\n<p><img decoding=\"async\" class=\"alignnone wp-image-4121 size-woocommerce_single\" src=\"https:\/\/www.qualitester.com\/wp-content\/uploads\/2023\/04\/TST-01-Tensile-Tester-puncture-test-1-1-600x600.jpg\" alt=\"Testeur de perforation de film \u00e9tirable ASTM D5748\" width=\"600\" height=\"600\" srcset=\"https:\/\/www.qualitester.com\/wp-content\/uploads\/2023\/04\/TST-01-Tensile-Tester-puncture-test-1-1-600x600.jpg 600w, https:\/\/www.qualitester.com\/wp-content\/uploads\/2023\/04\/TST-01-Tensile-Tester-puncture-test-1-1-300x300.jpg 300w, https:\/\/www.qualitester.com\/wp-content\/uploads\/2023\/04\/TST-01-Tensile-Tester-puncture-test-1-1-150x150.jpg 150w, https:\/\/www.qualitester.com\/wp-content\/uploads\/2023\/04\/TST-01-Tensile-Tester-puncture-test-1-1-100x100.jpg 100w, https:\/\/www.qualitester.com\/wp-content\/uploads\/2023\/04\/TST-01-Tensile-Tester-puncture-test-1-1.jpg 750w\" sizes=\"(max-width: 600px) 100vw, 600px\" \/><\/p>\n<p>TST-01 <a title=\"Testeur de perforation ASTM D5748\" href=\"https:\/\/www.qualitester.com\/fr\/produit\/tensile-tester-tst-01\/\" target=\"_blank\" rel=\"noopener\"><span style=\"color: #3366ff;\">Testeur de traction<\/span><\/a> pour la saillie <strong>R\u00e9sistance \u00e0 la perforation du film \u00e9tirable<\/strong><\/p>","protected":false},"excerpt":{"rendered":"<p>Le film \u00e9tirable, \u00e9galement connu sous le nom de pellicule adh\u00e9sive, joue un r\u00f4le crucial dans l'emballage et la protection des marchandises pendant le transport et le stockage. Il est essentiel d'\u00e9valuer la qualit\u00e9 du pelage du film \u00e9tirable pour d\u00e9terminer sa force d'adh\u00e9rence et ses performances globales.<\/p>","protected":false},"featured_media":6101,"comment_status":"closed","ping_status":"closed","template":"","meta":{"site-sidebar-layout":"default","site-content-layout":"default","ast-global-header-display":"","ast-main-header-display":"","ast-hfb-above-header-display":"","ast-hfb-below-header-display":"","ast-hfb-mobile-header-display":"","site-post-title":"disabled","ast-breadcrumbs-content":"","ast-featured-img":"disabled","footer-sml-layout":"","theme-transparent-header-meta":"default","adv-header-id-meta":"","stick-header-meta":"","header-above-stick-meta":"","header-main-stick-meta":"","header-below-stick-meta":""},"product_cat":[845,681,16,390,95],"product_tag":[],"class_list":{"0":"post-1799","1":"product","2":"type-product","3":"status-publish","4":"has-post-thumbnail","6":"product_cat-customization","7":"product_cat-peel-tester","8":"product_cat-plastic-packaging-testers","9":"product_cat-astm-d5458","10":"product_cat-products","11":"desktop-align-left","12":"tablet-align-left","13":"mobile-align-left","15":"first","16":"instock","17":"shipping-taxable","18":"product-type-simple"},"_links":{"self":[{"href":"https:\/\/www.qualitester.com\/fr\/wp-json\/wp\/v2\/product\/1799","targetHints":{"allow":["GET"]}}],"collection":[{"href":"https:\/\/www.qualitester.com\/fr\/wp-json\/wp\/v2\/product"}],"about":[{"href":"https:\/\/www.qualitester.com\/fr\/wp-json\/wp\/v2\/types\/product"}],"replies":[{"embeddable":true,"href":"https:\/\/www.qualitester.com\/fr\/wp-json\/wp\/v2\/comments?post=1799"}],"version-history":[{"count":0,"href":"https:\/\/www.qualitester.com\/fr\/wp-json\/wp\/v2\/product\/1799\/revisions"}],"wp:featuredmedia":[{"embeddable":true,"href":"https:\/\/www.qualitester.com\/fr\/wp-json\/wp\/v2\/media\/6101"}],"wp:attachment":[{"href":"https:\/\/www.qualitester.com\/fr\/wp-json\/wp\/v2\/media?parent=1799"}],"wp:term":[{"taxonomy":"product_cat","embeddable":true,"href":"https:\/\/www.qualitester.com\/fr\/wp-json\/wp\/v2\/product_cat?post=1799"},{"taxonomy":"product_tag","embeddable":true,"href":"https:\/\/www.qualitester.com\/fr\/wp-json\/wp\/v2\/product_tag?post=1799"}],"curies":[{"name":"wp","href":"https:\/\/api.w.org\/{rel}","templated":true}]}}