{"id":1768,"date":"2023-04-26T14:58:37","date_gmt":"2023-04-26T06:58:37","guid":{"rendered":"https:\/\/www.qualitester.com\/?post_type=product&#038;p=1768"},"modified":"2024-12-05T13:07:37","modified_gmt":"2024-12-05T05:07:37","slug":"perpendicularity-tester-per-01","status":"publish","type":"product","link":"https:\/\/www.qualitester.com\/fr\/produit\/perpendicularity-tester-per-01\/","title":{"rendered":"Testeur de perpendicularit\u00e9 PER-01"},"content":{"rendered":"<div data-elementor-type=\"wp-post\" data-elementor-id=\"1768\" class=\"elementor elementor-1768\" data-elementor-post-type=\"product\">\n\t\t\t\t<div class=\"elementor-element elementor-element-9d5153d e-flex e-con-boxed e-con e-parent\" data-id=\"9d5153d\" data-element_type=\"container\">\n\t\t\t\t\t<div class=\"e-con-inner\">\n\t\t<div class=\"elementor-element elementor-element-f4c628b e-con-full e-flex e-con e-child\" data-id=\"f4c628b\" data-element_type=\"container\">\n\t\t\t\t<div class=\"elementor-element elementor-element-8578d6e elementor-widget elementor-widget-image\" data-id=\"8578d6e\" data-element_type=\"widget\" data-widget_type=\"image.default\">\n\t\t\t\t<div class=\"elementor-widget-container\">\n\t\t\t\t\t\t\t\t\t\t\t\t\t<img fetchpriority=\"high\" decoding=\"async\" width=\"750\" height=\"750\" src=\"https:\/\/www.qualitester.com\/wp-content\/uploads\/2023\/04\/PER-01-Perpendicularity-Teste.jpg\" class=\"attachment-large size-large wp-image-1777\" alt=\"perpendicularit\u00e9 de la bouteille\" srcset=\"https:\/\/www.qualitester.com\/wp-content\/uploads\/2023\/04\/PER-01-Perpendicularity-Teste.jpg 750w, https:\/\/www.qualitester.com\/wp-content\/uploads\/2023\/04\/PER-01-Perpendicularity-Teste-300x300.jpg 300w, https:\/\/www.qualitester.com\/wp-content\/uploads\/2023\/04\/PER-01-Perpendicularity-Teste-150x150.jpg 150w, https:\/\/www.qualitester.com\/wp-content\/uploads\/2023\/04\/PER-01-Perpendicularity-Teste-600x600.jpg 600w, https:\/\/www.qualitester.com\/wp-content\/uploads\/2023\/04\/PER-01-Perpendicularity-Teste-100x100.jpg 100w\" sizes=\"(max-width: 750px) 100vw, 750px\" \/>\t\t\t\t\t\t\t\t\t\t\t\t\t<\/div>\n\t\t\t\t<\/div>\n\t\t\t\t<\/div>\n\t\t<div class=\"elementor-element elementor-element-9e5c7be e-con-full e-flex e-con e-child\" data-id=\"9e5c7be\" data-element_type=\"container\">\n\t\t\t\t<div class=\"elementor-element elementor-element-c0dcd48 elementor-widget elementor-widget-text-editor\" data-id=\"c0dcd48\" data-element_type=\"widget\" data-widget_type=\"text-editor.default\">\n\t\t\t\t<div class=\"elementor-widget-container\">\n\t\t\t\t\t\t\t<h6><strong>Application<\/strong><\/h6><p><em>Le testeur de perpendicularit\u00e9 est \u00e9galement appel\u00e9 testeur de d\u00e9viation de bouteille, testeur coaxial, coaxialit\u00e9 ou testeur de faux-rond de cercle (pour les flacons, etc.).<\/em><\/p><p><em>Le testeur coaxial est destin\u00e9 \u00e0 la mesure de la perpendicularit\u00e9 de divers contenants de bouteilles dans les industries alimentaires, cosm\u00e9tiques et pharmaceutiques. Le testeur coaxial est facile \u00e0 utiliser et offre une grande pr\u00e9cision de centrage et de mesure. Il est largement utilis\u00e9 par les fabricants de bouteilles, les utilisateurs et les centres de recherche pour mesurer la d\u00e9viation de la verticalit\u00e9.<\/em><\/p><h6><strong>M\u00e9canisme de fonctionnement<\/strong><\/h6><p><em>La bouteille est fix\u00e9e sur une plaque tournante et le goulot de la bouteille est en contact avec un comparateur. Enregistrez les valeurs maximales et minimales apr\u00e8s avoir effectu\u00e9 un tour complet de 360\u00b0. La moiti\u00e9 de la diff\u00e9rence entre les deux est la valeur de l'\u00e9cart sur l'axe vertical.<\/em><\/p>\t\t\t\t\t\t<\/div>\n\t\t\t\t<\/div>\n\t\t\t\t<\/div>\n\t\t\t\t\t<\/div>\n\t\t\t\t<\/div>\n\t\t<div class=\"elementor-element elementor-element-d5cbf91 e-flex e-con-boxed e-con e-parent\" data-id=\"d5cbf91\" data-element_type=\"container\">\n\t\t\t\t\t<div class=\"e-con-inner\">\n\t\t<div class=\"elementor-element elementor-element-3a61045 e-con-full e-flex e-con e-child\" data-id=\"3a61045\" data-element_type=\"container\">\n\t\t\t\t<div class=\"elementor-element elementor-element-0f52aee elementor-widget elementor-widget-image\" data-id=\"0f52aee\" data-element_type=\"widget\" data-widget_type=\"image.default\">\n\t\t\t\t<div class=\"elementor-widget-container\">\n\t\t\t\t\t\t\t\t\t\t\t\t\t<img fetchpriority=\"high\" decoding=\"async\" width=\"750\" height=\"750\" src=\"https:\/\/www.qualitester.com\/wp-content\/uploads\/2023\/04\/PER-01-Perpendicularity-Teste.jpg\" class=\"attachment-large size-large wp-image-1777\" alt=\"perpendicularit\u00e9 de la bouteille\" srcset=\"https:\/\/www.qualitester.com\/wp-content\/uploads\/2023\/04\/PER-01-Perpendicularity-Teste.jpg 750w, https:\/\/www.qualitester.com\/wp-content\/uploads\/2023\/04\/PER-01-Perpendicularity-Teste-300x300.jpg 300w, https:\/\/www.qualitester.com\/wp-content\/uploads\/2023\/04\/PER-01-Perpendicularity-Teste-150x150.jpg 150w, https:\/\/www.qualitester.com\/wp-content\/uploads\/2023\/04\/PER-01-Perpendicularity-Teste-600x600.jpg 600w, https:\/\/www.qualitester.com\/wp-content\/uploads\/2023\/04\/PER-01-Perpendicularity-Teste-100x100.jpg 100w\" sizes=\"(max-width: 750px) 100vw, 750px\" \/>\t\t\t\t\t\t\t\t\t\t\t\t\t<\/div>\n\t\t\t\t<\/div>\n\t\t\t\t<\/div>\n\t\t<div class=\"elementor-element elementor-element-57341d7 e-con-full e-flex e-con e-child\" data-id=\"57341d7\" data-element_type=\"container\">\n\t\t\t\t<div class=\"elementor-element elementor-element-26fe386 elementor-widget elementor-widget-text-editor\" data-id=\"26fe386\" data-element_type=\"widget\" data-widget_type=\"text-editor.default\">\n\t\t\t\t<div class=\"elementor-widget-container\">\n\t\t\t\t\t\t\t<h6><strong>Donn\u00e9es techniques<\/strong><\/h6><p>Diam\u00e8tre de l'\u00e9chantillon 5mm-145mm (ou selon les besoins)<\/p><p>Rage d'essai 0-12,7 mm (ou selon les besoins)<\/p><p>Valeur de division 0,01 ou 0,001mm (en option)<\/p><p>Hauteur mesurable 15mm-300mm (ou selon les besoins)<\/p><h6><strong>Caract\u00e9ristiques techniques<\/strong> <\/h6><ul><li>R\u00e9glage facile de la sonde de mesure. <\/li><li>Haute r\u00e9solution de lecture, jusqu'\u00e0 0,001 mm <\/li><li>Rotation stable de l'\u00e9chantillon <\/li><li>Le diam\u00e8tre et la hauteur de mesure sont conformes aux exigences de l'\u00e9chantillon. <\/li><li>La sortie des donn\u00e9es vers PC Excel est une option <\/li><\/ul>\t\t\t\t\t\t<\/div>\n\t\t\t\t<\/div>\n\t\t\t\t<\/div>\n\t\t\t\t\t<\/div>\n\t\t\t\t<\/div>\n\t\t<div class=\"elementor-element elementor-element-9a1fe21 e-flex e-con-boxed e-con e-parent\" data-id=\"9a1fe21\" data-element_type=\"container\">\n\t\t\t\t\t<div class=\"e-con-inner\">\n\t\t\t\t<div class=\"elementor-element elementor-element-c5ab9d7 elementor-widget elementor-widget-wpforms\" data-id=\"c5ab9d7\" data-element_type=\"widget\" data-widget_type=\"wpforms.default\">\n\t\t\t\t<div class=\"elementor-widget-container\">\n\t\t\t<div class=\"wpforms-container\" id=\"wpforms-11\"><form id=\"wpforms-form-11\" class=\"wpforms-validate wpforms-form wpforms-ajax-form\" data-formid=\"11\" method=\"post\" enctype=\"multipart\/form-data\" action=\"\/fr\/wp-json\/wp\/v2\/product\/1768\" data-token=\"9d24770f1d10a347f14497a8d468f002\" data-trp-original-action=\"\/fr\/wp-json\/wp\/v2\/product\/1768\"><noscript class=\"wpforms-error-noscript\">Veuillez activer JavaScript dans votre navigateur pour remplir ce formulaire.<\/noscript><div class=\"wpforms-field-container\"><div id=\"wpforms-11-field_1-container\" class=\"wpforms-field wpforms-field-text\" data-field-id=\"1\"><label class=\"wpforms-field-label\" for=\"wpforms-11-field_1\">Nom <span class=\"wpforms-required-label\">*<\/span><\/label><input type=\"text\" id=\"wpforms-11-field_1\" class=\"wpforms-field-medium wpforms-field-required\" name=\"wpforms[fields][1]\" placeholder=\"Nom\" required><\/div><div id=\"wpforms-11-field_5-container\" class=\"wpforms-field wpforms-field-text\" data-field-id=\"5\"><label class=\"wpforms-field-label\" for=\"wpforms-11-field_5\">Entreprise<\/label><input type=\"text\" id=\"wpforms-11-field_5\" class=\"wpforms-field-medium\" name=\"wpforms[fields][5]\" ><\/div><div id=\"wpforms-11-field_4-container\" class=\"wpforms-field wpforms-field-number\" data-field-id=\"4\"><label class=\"wpforms-field-label\" for=\"wpforms-11-field_4\">T\u00e9l\u00e9phone<\/label><input type=\"number\" pattern=\"\\d*\" id=\"wpforms-11-field_4\" class=\"wpforms-field-medium\" name=\"wpforms[fields][4]\" placeholder=\"T\u00e9l\u00e9phone\" ><\/div><div id=\"wpforms-11-field_3-container\" class=\"wpforms-field wpforms-field-email\" data-field-id=\"3\"><label class=\"wpforms-field-label\" for=\"wpforms-11-field_3\">E-mail <span class=\"wpforms-required-label\">*<\/span><\/label><input type=\"email\" id=\"wpforms-11-field_3\" class=\"wpforms-field-medium wpforms-field-required\" name=\"wpforms[fields][3]\" placeholder=\"E-mail\" spellcheck=\"false\" required><\/div><div id=\"wpforms-11-field_2-container\" class=\"wpforms-field wpforms-field-textarea\" data-field-id=\"2\"><label class=\"wpforms-field-label\" for=\"wpforms-11-field_2\">Message<\/label><textarea id=\"wpforms-11-field_2\" class=\"wpforms-field-large\" name=\"wpforms[fields][2]\" ><\/textarea><\/div><\/div><!-- .wpforms-field-container --><input type=\"hidden\" name=\"wpforms[recaptcha]\" value=\"\"><div class=\"wpforms-submit-container\" ><input type=\"hidden\" name=\"wpforms[id]\" value=\"11\"><input type=\"hidden\" name=\"wpforms[author]\" value=\"3\"><button type=\"submit\" name=\"wpforms[submit]\" id=\"wpforms-submit-11\" class=\"wpforms-submit\" data-alt-text=\"Submitting\" data-submit-text=\"Submit\" aria-live=\"assertive\" value=\"wpforms-submit\">Soumettre<\/button><img decoding=\"async\" src=\"https:\/\/www.qualitester.com\/wp-content\/plugins\/wpforms-lite\/assets\/images\/submit-spin.svg\" class=\"wpforms-submit-spinner\" style=\"display: none;\" width=\"26\" height=\"26\" alt=\"Chargement en cours\"><\/div><input type=\"hidden\" name=\"trp-form-language\" value=\"fr\"\/><\/form><\/div>  <!-- .wpforms-container -->\t\t<\/div>\n\t\t\t\t<\/div>\n\t\t\t\t\t<\/div>\n\t\t\t\t<\/div>\n\t\t\t\t<\/div>","protected":false},"excerpt":{"rendered":"<p>Le testeur de perpendicularit\u00e9 est \u00e9galement appel\u00e9 testeur de d\u00e9viation de bouteille, testeur coaxial, coaxialit\u00e9 ou testeur de faux-rond.<\/p>","protected":false},"featured_media":1777,"comment_status":"closed","ping_status":"closed","template":"","meta":{"site-sidebar-layout":"default","site-content-layout":"default","ast-global-header-display":"","ast-main-header-display":"","ast-hfb-above-header-display":"","ast-hfb-below-header-display":"","ast-hfb-mobile-header-display":"","site-post-title":"disabled","ast-breadcrumbs-content":"","ast-featured-img":"disabled","footer-sml-layout":"","theme-transparent-header-meta":"default","adv-header-id-meta":"","stick-header-meta":"","header-above-stick-meta":"","header-main-stick-meta":"","header-below-stick-meta":""},"product_cat":[845,930,674,17,95],"product_tag":[181,182],"class_list":{"0":"post-1768","1":"product","2":"type-product","3":"status-publish","4":"has-post-thumbnail","6":"product_cat-customization","7":"product_cat-perpendicularity-tester","8":"product_cat-test-items","9":"product_cat-package-container-testers","10":"product_cat-products","11":"product_tag-perpendicularity","12":"product_tag-verticality","13":"desktop-align-left","14":"tablet-align-left","15":"mobile-align-left","17":"first","18":"instock","19":"shipping-taxable","20":"product-type-simple"},"_links":{"self":[{"href":"https:\/\/www.qualitester.com\/fr\/wp-json\/wp\/v2\/product\/1768","targetHints":{"allow":["GET"]}}],"collection":[{"href":"https:\/\/www.qualitester.com\/fr\/wp-json\/wp\/v2\/product"}],"about":[{"href":"https:\/\/www.qualitester.com\/fr\/wp-json\/wp\/v2\/types\/product"}],"replies":[{"embeddable":true,"href":"https:\/\/www.qualitester.com\/fr\/wp-json\/wp\/v2\/comments?post=1768"}],"version-history":[{"count":0,"href":"https:\/\/www.qualitester.com\/fr\/wp-json\/wp\/v2\/product\/1768\/revisions"}],"wp:featuredmedia":[{"embeddable":true,"href":"https:\/\/www.qualitester.com\/fr\/wp-json\/wp\/v2\/media\/1777"}],"wp:attachment":[{"href":"https:\/\/www.qualitester.com\/fr\/wp-json\/wp\/v2\/media?parent=1768"}],"wp:term":[{"taxonomy":"product_cat","embeddable":true,"href":"https:\/\/www.qualitester.com\/fr\/wp-json\/wp\/v2\/product_cat?post=1768"},{"taxonomy":"product_tag","embeddable":true,"href":"https:\/\/www.qualitester.com\/fr\/wp-json\/wp\/v2\/product_tag?post=1768"}],"curies":[{"name":"wp","href":"https:\/\/api.w.org\/{rel}","templated":true}]}}