{"id":1752,"date":"2023-04-26T14:42:13","date_gmt":"2023-04-26T06:42:13","guid":{"rendered":"https:\/\/www.qualitester.com\/?post_type=product&#038;p=1752"},"modified":"2024-12-04T11:12:27","modified_gmt":"2024-12-04T03:12:27","slug":"motorized-cap-torque-tester-mct-01","status":"publish","type":"product","link":"https:\/\/www.qualitester.com\/fr\/produit\/motorized-cap-torque-tester-mct-01\/","title":{"rendered":"Testeur de couple de serrage motoris\u00e9 MCT-01"},"content":{"rendered":"<h2>Introduction<\/h2>\n<p>Le <strong>Testeur de couple de serrage automatique (MCT-01)<\/strong> est un instrument extr\u00eamement pr\u00e9cis et efficace con\u00e7u pour mesurer les forces d&#039;ouverture et de verrouillage des bouchons sur diff\u00e9rents types de contenants. Ces tests sont essentiels dans les applications d&#039;emballage dans des secteurs tels que les produits pharmaceutiques, les aliments et les boissons, les dispositifs m\u00e9dicaux et les produits de consommation. Des mesures de couple appropri\u00e9es garantissent que les bouchons sont bien scell\u00e9s pour le transport, tout en \u00e9tant faciles \u00e0 ouvrir pour les consommateurs, offrant \u00e0 la fois s\u00e9curit\u00e9 et commodit\u00e9. Gr\u00e2ce \u00e0 sa technologie avanc\u00e9e, le MCT-01 fournit des mesures de couple fiables et pr\u00e9cises qui sont essentielles pour le contr\u00f4le de la qualit\u00e9 et la conformit\u00e9 aux normes de l&#039;industrie.<\/p>\n<h2>Domaines d&#039;application<\/h2>\n<p>Le <strong>Testeur de couple de serrage automatique<\/strong> est largement utilis\u00e9 dans plusieurs secteurs, notamment :<\/p>\n<ul>\n<li><strong>Industrie de l&#039;emballage<\/strong>:Garantit que les conteneurs tels que les bouteilles en PET, les sacs \u00e0 bec verseur, les flacons de m\u00e9dicaments et les emballages de tubes flexibles r\u00e9pondent aux exigences de force d&#039;\u00e9tanch\u00e9it\u00e9 et d&#039;ouverture n\u00e9cessaires.<\/li>\n<li><strong>Produits pharmaceutiques et dispositifs m\u00e9dicaux<\/strong>:Garantit que les contenants de m\u00e9dicaments sont scell\u00e9s efficacement, r\u00e9duisant ainsi le risque de contamination ou d\u2019alt\u00e9ration.<\/li>\n<li><strong>Alimentation et boissons<\/strong>: V\u00e9rifie le couple de serrage des bouchons de bouteilles pour garantir une ouverture facile tout en pr\u00e9servant l&#039;int\u00e9grit\u00e9 du produit.<\/li>\n<li><strong>Biens de consommation<\/strong>:Aide \u00e0 tester la fonctionnalit\u00e9 du bouchon pour divers emballages de consommation, garantissant le bon \u00e9quilibre entre la r\u00e9sistance du joint et la commodit\u00e9 de l&#039;utilisateur.<\/li>\n<li><strong>Solutions de tests personnalis\u00e9es<\/strong>:Cell Instruments se sp\u00e9cialise \u00e9galement dans la fourniture d\u2019exigences de tests personnalis\u00e9es pour r\u00e9pondre aux besoins uniques de diff\u00e9rentes industries.<\/li>\n<\/ul>\n<h2>Processus de test<\/h2>\n<p>Le processus de test avec le <strong>Testeur de couple de serrage automatique<\/strong> (MCT-01) est enti\u00e8rement automatis\u00e9 pour une facilit\u00e9 d&#039;utilisation :<\/p>\n<ul>\n<li><strong>Chargement d&#039;\u00e9chantillons<\/strong>:Le flacon et le bouchon sont plac\u00e9s dans le testeur, la pince pneumatique du flacon et la pince pneumatique du bouchon s&#039;engageant automatiquement pour fixer l&#039;\u00e9chantillon.<\/li>\n<li><strong>Lancement du test<\/strong>:En appuyant sur la touche <strong>TEST<\/strong> bouton, la pince inf\u00e9rieure initie la rotation, ouvrant ou fermant la bouteille en fonction des exigences du test.<\/li>\n<li><strong>Mesure du couple<\/strong>:Pendant la rotation, la force de couple est mesur\u00e9e avec pr\u00e9cision et enregistr\u00e9e en temps r\u00e9el. Le syst\u00e8me conserve automatiquement les valeurs de couple de pointe pour les forces d&#039;ouverture et de verrouillage.<\/li>\n<li><strong>Analyse des donn\u00e9es<\/strong>:Les donn\u00e9es de couple mesur\u00e9es sont affich\u00e9es en plusieurs unit\u00e9s, notamment Kgf.cm, N.cm, daN.cm, Inch.lbs et Nm, permettant une analyse compl\u00e8te et un contr\u00f4le qualit\u00e9.<\/li>\n<\/ul>\n<h2>Caract\u00e9ristiques techniques<\/h2>\n<ul>\n<li><strong>Unit\u00e9 contr\u00f4l\u00e9e par PLC<\/strong>:Pour une stabilit\u00e9 de niveau industriel, le testeur fonctionne avec une unit\u00e9 contr\u00f4l\u00e9e par PLC et une interface \u00e0 \u00e9cran tactile HMI intuitive.<\/li>\n<li><strong>Serrage pneumatique double<\/strong>:Les pinces pneumatiques sup\u00e9rieures et inf\u00e9rieures assurent des tests s\u00e9curis\u00e9s sans endommager le flacon ou le bouchon.<\/li>\n<li><strong>Mesure automatique de la rotation et du couple<\/strong>: Simule les conditions de production r\u00e9elles avec rotation automatique, ce qui rend le syst\u00e8me id\u00e9al pour l&#039;assurance qualit\u00e9.<\/li>\n<li><strong>Mesure multi-unit\u00e9s<\/strong>:Affiche le couple en kgf.cm, N.cm, daN.cm, pouces.lbs et Nm pour une analyse flexible.<\/li>\n<li><strong>Protection contre les surcharges et mise \u00e0 z\u00e9ro automatique<\/strong>:Le syst\u00e8me comprend une protection contre les surcharges pour garantir des mesures fiables et coh\u00e9rentes et une fonction de mise \u00e0 z\u00e9ro automatique pour des lectures pr\u00e9cises.<\/li>\n<li><strong>Port RS232 et logiciel<\/strong>:Disponible en option avec un port RS232 et un logiciel informatique professionnel pour des rapports d\u00e9taill\u00e9s et la gestion des donn\u00e9es.<\/li>\n<li><strong>Micro-imprimante<\/strong>:Fournit des impressions instantan\u00e9es pour une r\u00e9f\u00e9rence rapide pendant la production et les tests.<\/li>\n<\/ul>\n<h2>Normes majeures<\/h2>\n<p>Le <strong>Testeur de couple de serrage automatique (MCT-01)<\/strong> est conforme aux normes de l&#039;industrie, garantissant ainsi qu&#039;il r\u00e9pond \u00e0 des exigences rigoureuses d&#039;assurance qualit\u00e9 :<\/p>\n<ul>\n<li><strong><a href=\"https:\/\/www.astm.org\/d2063_d2063m-10r18.html\" target=\"_blank\" rel=\"noopener nofollow\">ASTM D2063<\/a>: M\u00e9thode d&#039;essai normalis\u00e9e pour le couple (force) des syst\u00e8mes de fermeture pour les conteneurs conditionn\u00e9s de mani\u00e8re aseptique<\/strong><br \/>\n<a href=\"https:\/\/www.qualitester.com\/fr\/categorie-produit\/astm\/astm-d2063\/\" target=\"_blank\" rel=\"noopener\">ASTM D2063<\/a> d\u00e9crit la m\u00e9thode de d\u00e9termination du couple n\u00e9cessaire pour ouvrir et fermer les syst\u00e8mes de fermeture aseptiques, ce qui est particuli\u00e8rement important dans les emballages pharmaceutiques et alimentaires. Cette norme garantit que le couple est suffisant pour assurer une fermeture herm\u00e9tique tout en permettant une ouverture facile par le consommateur.<\/li>\n<li><strong><a href=\"https:\/\/www.astm.org\/d3198-97r02.html\" target=\"_blank\" rel=\"noopener nofollow\">ASTM D3198<\/a>: M\u00e9thode d&#039;essai standard pour mesurer le couple (force) des syst\u00e8mes de fermeture pour bouteilles et conteneurs<\/strong><br \/>\n<a href=\"https:\/\/www.qualitester.com\/fr\/categorie-produit\/astm\/astm-d3198\/\" target=\"_blank\" rel=\"noopener\">ASTM D3198<\/a> fournit des lignes directrices pour tester la force de torsion des bouchons et des syst\u00e8mes de fermeture sur des contenants tels que des bouteilles et des pots. Il vise \u00e0 garantir que les bouchons sont correctement scell\u00e9s pendant la fabrication et peuvent \u00eatre ouverts en toute s\u00e9curit\u00e9 par les consommateurs.<\/li>\n<li><strong><a href=\"https:\/\/www.astm.org\/d3474-90r18.html\" target=\"_blank\" rel=\"noopener nofollow\">ASTM D3474<\/a>: M\u00e9thode d&#039;essai standard pour d\u00e9terminer le couple (force) des fermetures sur les conteneurs<\/strong><br \/>\n<a href=\"https:\/\/www.qualitester.com\/fr\/categorie-produit\/astm\/astm-d3474\/\">ASTM D3474<\/a> d\u00e9finit une m\u00e9thode de test du couple de serrage sur diff\u00e9rents contenants, garantissant que les bouchons sont appliqu\u00e9s avec le couple de serrage correct pendant la production. Cette norme permet de maintenir des performances constantes du produit et la s\u00e9curit\u00e9 de l&#039;emballage.<\/li>\n<li><strong>Autres normes pertinentes<\/strong>:<br \/>\nLe MCT-01 adh\u00e8re \u00e9galement \u00e0 des normes suppl\u00e9mentaires, telles que <strong>FR\/T17876<\/strong>, <strong>BB\/T0025<\/strong>, et <strong>BB\/T0034<\/strong>, qui fournissent des lignes directrices pour les tests d&#039;emballage et de fermeture sur diff\u00e9rents march\u00e9s et r\u00e9gions.<\/li>\n<\/ul>\n<h2>Avantages de l&#039;utilisation du <strong>Testeur de couple de serrage automatique<\/strong><\/h2>\n<ul>\n<li><strong>Pr\u00e9cision et fiabilit\u00e9<\/strong>:Le MCT-01 fournit des mesures de couple tr\u00e8s pr\u00e9cises et r\u00e9p\u00e9tables, essentielles pour garantir la bonne \u00e9tanch\u00e9it\u00e9 des conteneurs et la facilit\u00e9 d&#039;utilisation pour le consommateur.<\/li>\n<li><strong>Facilit\u00e9 d&#039;utilisation<\/strong>:Avec une interface \u00e0 \u00e9cran tactile intuitive et des fonctions de test enti\u00e8rement automatis\u00e9es, le syst\u00e8me est facile \u00e0 utiliser, ce qui le rend id\u00e9al pour les op\u00e9rateurs d\u00e9butants et exp\u00e9riment\u00e9s.<\/li>\n<li><strong>Contr\u00f4le de qualit\u00e9 am\u00e9lior\u00e9<\/strong>:Aide les fabricants \u00e0 respecter les normes strictes de l&#039;industrie en \u00e9valuant avec pr\u00e9cision les forces de couple du bouchon, en am\u00e9liorant la qualit\u00e9 du produit et en garantissant la s\u00e9curit\u00e9 des consommateurs.<\/li>\n<li><strong>Conformit\u00e9 aux normes de l&#039;industrie<\/strong>:Le testeur est conforme aux normes ASTM D2063, ASTM D3198 et ASTM D3474, offrant ainsi la tranquillit\u00e9 d&#039;esprit que les produits sont conformes aux r\u00e9glementations mondiales en mati\u00e8re d&#039;assurance qualit\u00e9.<\/li>\n<\/ul>","protected":false},"excerpt":{"rendered":"<p>Le <strong>Testeur de couple de serrage automatique (MCT-01)<\/strong> est un instrument extr\u00eamement pr\u00e9cis et efficace con\u00e7u pour mesurer les forces d&#039;ouverture et de verrouillage des bouchons sur diff\u00e9rents types de contenants. Ces tests sont essentiels dans les applications d&#039;emballage dans des secteurs tels que les produits pharmaceutiques, les aliments et les boissons, les dispositifs m\u00e9dicaux et les produits de consommation. Des mesures de couple appropri\u00e9es garantissent que les bouchons sont bien scell\u00e9s pour le transport, tout en \u00e9tant faciles \u00e0 ouvrir pour les consommateurs, offrant \u00e0 la fois s\u00e9curit\u00e9 et commodit\u00e9. Gr\u00e2ce \u00e0 sa technologie avanc\u00e9e, le MCT-01 fournit des mesures de couple fiables et pr\u00e9cises qui sont essentielles pour le contr\u00f4le de la qualit\u00e9 et la conformit\u00e9 aux normes de l&#039;industrie.<\/p>","protected":false},"featured_media":6020,"comment_status":"closed","ping_status":"closed","template":"","meta":{"site-sidebar-layout":"default","site-content-layout":"default","ast-global-header-display":"","ast-main-header-display":"","ast-hfb-above-header-display":"","ast-hfb-below-header-display":"","ast-hfb-mobile-header-display":"","site-post-title":"disabled","ast-breadcrumbs-content":"","ast-featured-img":"disabled","footer-sml-layout":"","theme-transparent-header-meta":"default","adv-header-id-meta":"","stick-header-meta":"","header-above-stick-meta":"","header-main-stick-meta":"","header-below-stick-meta":""},"product_cat":[845,687,17,124,125,128,95],"product_tag":[],"class_list":{"0":"post-1752","1":"product","2":"type-product","3":"status-publish","4":"has-post-thumbnail","6":"product_cat-customization","7":"product_cat-torque-tester","8":"product_cat-package-container-testers","9":"product_cat-astm-d2063","10":"product_cat-astm-d3198","11":"product_cat-astm-d3474","12":"product_cat-products","13":"desktop-align-left","14":"tablet-align-left","15":"mobile-align-left","17":"first","18":"instock","19":"shipping-taxable","20":"product-type-simple"},"_links":{"self":[{"href":"https:\/\/www.qualitester.com\/fr\/wp-json\/wp\/v2\/product\/1752","targetHints":{"allow":["GET"]}}],"collection":[{"href":"https:\/\/www.qualitester.com\/fr\/wp-json\/wp\/v2\/product"}],"about":[{"href":"https:\/\/www.qualitester.com\/fr\/wp-json\/wp\/v2\/types\/product"}],"replies":[{"embeddable":true,"href":"https:\/\/www.qualitester.com\/fr\/wp-json\/wp\/v2\/comments?post=1752"}],"version-history":[{"count":0,"href":"https:\/\/www.qualitester.com\/fr\/wp-json\/wp\/v2\/product\/1752\/revisions"}],"wp:featuredmedia":[{"embeddable":true,"href":"https:\/\/www.qualitester.com\/fr\/wp-json\/wp\/v2\/media\/6020"}],"wp:attachment":[{"href":"https:\/\/www.qualitester.com\/fr\/wp-json\/wp\/v2\/media?parent=1752"}],"wp:term":[{"taxonomy":"product_cat","embeddable":true,"href":"https:\/\/www.qualitester.com\/fr\/wp-json\/wp\/v2\/product_cat?post=1752"},{"taxonomy":"product_tag","embeddable":true,"href":"https:\/\/www.qualitester.com\/fr\/wp-json\/wp\/v2\/product_tag?post=1752"}],"curies":[{"name":"wp","href":"https:\/\/api.w.org\/{rel}","templated":true}]}}