{"id":1728,"date":"2023-04-26T13:58:32","date_gmt":"2023-04-26T05:58:32","guid":{"rendered":"https:\/\/www.qualitester.com\/?post_type=product&#038;p=1728"},"modified":"2024-12-02T16:27:43","modified_gmt":"2024-12-02T08:27:43","slug":"leak-tester-lt-02","status":"publish","type":"product","link":"https:\/\/www.qualitester.com\/fr\/produit\/leak-tester-lt-02\/","title":{"rendered":"Testeur de fuites LT-02"},"content":{"rendered":"<h2><strong>Introduction au testeur d'\u00e9tanch\u00e9it\u00e9 des emballages<\/strong><\/h2>\n<p>Garantir l'int\u00e9grit\u00e9 des joints d'\u00e9tanch\u00e9it\u00e9 des emballages est essentiel pour prot\u00e9ger les produits de la contamination, de la d\u00e9t\u00e9rioration et de la d\u00e9gradation. Un testeur d'\u00e9tanch\u00e9it\u00e9 d'emballage fiable comme le <strong>Testeur de fuites LT-02<\/strong> joue un r\u00f4le essentiel dans des secteurs allant de l'emballage alimentaire aux produits pharmaceutiques, en fournissant des informations essentielles sur la qualit\u00e9 de l'emballage. Cet instrument avanc\u00e9 de test d'\u00e9tanch\u00e9it\u00e9 aide les fabricants \u00e0 d\u00e9tecter et \u00e0 traiter les d\u00e9fauts d'emballage \u00e0 un stade pr\u00e9coce, garantissant ainsi que les produits restent s\u00fbrs, frais et conformes aux normes de l'industrie.<\/p>\n<p>UN <strong>testeur d'\u00e9tanch\u00e9it\u00e9 d'emballage<\/strong> v\u00e9rifie que le joint d'un emballage est \u00e9tanche \u00e0 l'air, \u00e9vitant ainsi les fuites qui pourraient compromettre le contenu. Ceci est particuli\u00e8rement important dans les secteurs o\u00f9 l'int\u00e9grit\u00e9 du scell\u00e9 est essentielle pour maintenir la qualit\u00e9 et la s\u00e9curit\u00e9 du produit.<\/p>\n<h2><strong>ASTM D3078 : Norme pour les tests d'\u00e9tanch\u00e9it\u00e9<\/strong><\/h2>\n<h3><strong>Introduction \u00e0 l'ASTM D3078<\/strong><\/h3>\n<p>Le <a href=\"https:\/\/www.astm.org\/d3078-02r21e01.html\" target=\"_blank\" rel=\"noopener nofollow\"><strong>ASTM D3078<\/strong><\/a> est une norme largement reconnue qui d\u00e9crit les m\u00e9thodes de d\u00e9tection des fuites grossi\u00e8res dans les emballages souples contenant du gaz d'espace de t\u00eate. Cette norme est particuli\u00e8rement utile pour tester les mat\u00e9riaux d'emballage souple utilis\u00e9s dans les applications alimentaires, pharmaceutiques et m\u00e9dicales, o\u00f9 l'int\u00e9grit\u00e9 du joint est primordiale pour la s\u00e9curit\u00e9 du produit.<\/p>\n<h3><strong>M\u00e9thodologie d'essai selon la norme ASTM D3078<\/strong><\/h3>\n<p>Selon <a href=\"https:\/\/www.qualitester.com\/fr\/categorie-produit\/astm\/astm-d3078\/\" target=\"_blank\" rel=\"noopener\"><strong>ASTM D3078<\/strong><\/a>, Le test d'\u00e9tanch\u00e9it\u00e9 de l'emballage est r\u00e9alis\u00e9 en immergeant l'\u00e9chantillon dans une chambre remplie d'eau. La chambre est ensuite scell\u00e9e et un vide est appliqu\u00e9 pour cr\u00e9er des diff\u00e9rences de pression. Si l'emballage pr\u00e9sente une fuite, l'air s'\u00e9chappe par l'ouverture, ce qui provoque la formation de bulles dans l'eau. Cette m\u00e9thode permet d'identifier visuellement les fuites, m\u00eame celles qui sont trop petites pour \u00eatre d\u00e9tect\u00e9es par d'autres moyens.<\/p>\n<p>Cette norme permet d'\u00e9valuer efficacement l'\u00e9tanch\u00e9it\u00e9 des mat\u00e9riaux d'emballage, offrant ainsi aux fabricants un moyen fiable de garantir la protection de leurs produits et la conformit\u00e9 aux r\u00e9glementations en mati\u00e8re de s\u00e9curit\u00e9.<\/p>\n<h2><strong>Fonctionnement du testeur d'\u00e9tanch\u00e9it\u00e9 des emballages<\/strong><\/h2>\n<h3><strong>Configuration et proc\u00e9dure du test<\/strong><\/h3>\n<p>Pour effectuer un test d'\u00e9tanch\u00e9it\u00e9 \u00e0 l'aide du <strong>Testeur de fuites LT-02<\/strong>, L'\u00e9chantillon est plac\u00e9 dans une chambre acrylique transparente remplie d'eau. La chambre est scell\u00e9e et l'unit\u00e9 de contr\u00f4le commence \u00e0 \u00e9vacuer l'air jusqu'\u00e0 ce que la pression de vide requise soit atteinte. L'emballage est ensuite test\u00e9 pour d\u00e9tecter les fuites, qui sont indiqu\u00e9es par l'apparition de bulles lorsque l'air s'\u00e9chappe par de petites ouvertures dans le joint.<\/p>\n<h3><strong>Caract\u00e9ristiques techniques du testeur d'\u00e9tanch\u00e9it\u00e9 LT-02<\/strong><\/h3>\n<ul>\n<li><strong>Capacit\u00e9s de vide pouss\u00e9<\/strong>: Le LT-02 peut atteindre une pression de vide allant jusqu'\u00e0 <strong>-90KPa<\/strong> \u00e0 l'aide d'un tube de Venturi. Il est ainsi capable de d\u00e9tecter des fuites, m\u00eame minimes, dans une large gamme de mat\u00e9riaux d'emballage.<\/li>\n<li><strong>Temps de test r\u00e9glable<\/strong>: La dur\u00e9e du test peut \u00eatre adapt\u00e9e aux exigences sp\u00e9cifiques de l'emballage test\u00e9. Cette caract\u00e9ristique permet de tester efficacement aussi bien les petits que les grands emballages.<\/li>\n<li><strong>Pressostat \u00e0 vide SMC<\/strong>: Le LT-02 utilise un pressostat \u00e0 vide SMC de haute qualit\u00e9, qui assure un contr\u00f4le pr\u00e9cis et fiable des niveaux de vide pendant le test.<\/li>\n<li><strong>Chambre d'essai personnalisable<\/strong>: La chambre est fabriqu\u00e9e en acrylique transparent et durable et peut \u00eatre personnalis\u00e9e en termes de taille et de forme pour s'adapter \u00e0 diff\u00e9rents formats d'emballage, y compris les formes cylindriques et cubiques.<\/li>\n<li><strong>Niveaux de vide sup\u00e9rieurs en option<\/strong>: Le LT-02 est compatible avec une pompe \u00e0 vide pour des niveaux de vide plus \u00e9lev\u00e9s, conform\u00e9ment \u00e0 la r\u00e9glementation en vigueur. <strong>ASTM D4991<\/strong>, pour des exigences d'essai plus strictes.<\/li>\n<\/ul>\n<h2><strong>Applications du contr\u00f4le d'\u00e9tanch\u00e9it\u00e9 des emballages<\/strong><\/h2>\n<h3><strong>Applications industrielles<\/strong><\/h3>\n<ul>\n<li><strong>Industrie alimentaire<\/strong>: Le LT-02 est essentiel pour garantir l'int\u00e9grit\u00e9 des emballages dans l'industrie alimentaire, en emp\u00eachant la contamination, la d\u00e9t\u00e9rioration ou la d\u00e9gradation des denr\u00e9es p\u00e9rissables.<\/li>\n<li><strong>Produits pharmaceutiques et dispositifs m\u00e9dicaux<\/strong>: Pour les produits n\u00e9cessitant un emballage st\u00e9rile, tels que les m\u00e9dicaments ou les dispositifs m\u00e9dicaux, le LT-02 garantit que les scell\u00e9s de l'emballage sont exempts de fuites, prot\u00e9geant ainsi contre la contamination.<\/li>\n<li><strong>Fabricants d'emballages<\/strong>: Le LT-02 est \u00e9galement largement utilis\u00e9 par les fabricants d'emballages pour tester et v\u00e9rifier les performances de leurs produits avant qu'ils ne soient distribu\u00e9s aux clients.<\/li>\n<\/ul>\n<h3><strong>Essais d'emballages durables<\/strong><\/h3>\n<p>Avec la demande croissante de solutions d'emballage durables et \u00e9cologiques, le LT-02 peut aider \u00e0 tester la r\u00e9sistance aux fuites des mat\u00e9riaux alternatifs, en s'assurant que ces nouveaux types d'emballage r\u00e9pondent aux m\u00eames normes de s\u00e9curit\u00e9 et de protection que les mat\u00e9riaux d'emballage traditionnels.<\/p>\n<h2><strong>Avantages de l'utilisation d'un testeur d'\u00e9tanch\u00e9it\u00e9 pour emballages<\/strong><\/h2>\n<ul>\n<li><strong>Pr\u00e9cision et fiabilit\u00e9<\/strong>: Le LT-02 fournit des r\u00e9sultats pr\u00e9cis et fiables, garantissant que tout d\u00e9faut dans les scell\u00e9s d'emballage est d\u00e9tect\u00e9 et trait\u00e9 \u00e0 un stade pr\u00e9coce du processus de production.<\/li>\n<li><strong>Rapport co\u00fbt-efficacit\u00e9<\/strong>: En d\u00e9tectant les d\u00e9fauts d'emballage avant que les produits n'atteignent le march\u00e9, les fabricants peuvent \u00e9viter les rappels de produits co\u00fbteux, l'insatisfaction des clients et les marchandises endommag\u00e9es.<\/li>\n<li><strong>Conformit\u00e9 aux normes de l&#039;industrie<\/strong>: Le LT-02 rencontre <strong>ASTM D3078<\/strong> et d'autres normes pertinentes en mati\u00e8re d'essais d'emballages, aidant ainsi les fabricants \u00e0 rester conformes aux exigences r\u00e9glementaires en mati\u00e8re de s\u00e9curit\u00e9 des produits et de qualit\u00e9 des emballages.<\/li>\n<\/ul>\n<h2><strong>Sp\u00e9cifications techniques du testeur d'\u00e9tanch\u00e9it\u00e9 LT-02<\/strong><\/h2>\n<table>\n<tbody>\n<tr>\n<td style=\"text-align: center;\" width=\"129\">Plage de test<\/td>\n<td style=\"text-align: center;\" width=\"229\">0~-90 KPa<\/td>\n<\/tr>\n<tr>\n<td style=\"text-align: center;\" width=\"129\">Chambre<\/td>\n<td width=\"229\">Cylindre en acrylique<\/td>\n<\/tr>\n<tr>\n<td style=\"text-align: center;\" width=\"129\">Espace de test<\/td>\n<td style=\"text-align: center;\" width=\"229\">\u03a6270*H210mm (utilisable \u00e0 l&#039;int\u00e9rieur)<\/td>\n<\/tr>\n<tr>\n<td style=\"text-align: center;\" width=\"129\">Air comprim\u00e9<\/td>\n<td style=\"text-align: center;\" width=\"229\">0,7 MPa (pr\u00e9par\u00e9 par l&#039;utilisateur)<\/td>\n<\/tr>\n<tr>\n<td style=\"text-align: center;\" width=\"129\">Pouvoir<\/td>\n<td style=\"text-align: center;\" width=\"229\">110V, ou 220V 50\/60Hz<\/td>\n<\/tr>\n<\/tbody>\n<\/table>\n<h2><strong>Questions fr\u00e9quemment pos\u00e9es (FAQ)<\/strong><\/h2>\n<ul>\n<li><strong>Qu'est-ce que l'ASTM D3078 et quel est son rapport avec le test d'\u00e9tanch\u00e9it\u00e9 des emballages ?<\/strong><br \/>\n<strong>ASTM D3078<\/strong> est une m\u00e9thode d'essai normalis\u00e9e permettant de d\u00e9tecter les fuites grossi\u00e8res dans les emballages souples par l'\u00e9mission de bulles dans une chambre d'eau. Elle est largement utilis\u00e9e dans les emballages alimentaires, pharmaceutiques et m\u00e9dicaux.<\/li>\n<li><strong>Comment le LT-02 Leak Tester d\u00e9tecte-t-il les fuites ?<\/strong><br \/>\nLe LT-02 utilise une chambre \u00e0 vide remplie d'eau. Lorsque l'air s'\u00e9chappe de l'emballage, des bulles se forment, ce qui facilite l'identification visuelle des fuites.<\/li>\n<li><strong>Quelles sont les industries qui b\u00e9n\u00e9ficient de l'utilisation d'un testeur d'\u00e9tanch\u00e9it\u00e9 d'emballage ?<\/strong><br \/>\nLes industries telles que l'emballage alimentaire, les produits pharmaceutiques, les dispositifs m\u00e9dicaux et les fabricants d'emballages b\u00e9n\u00e9ficient de l'utilisation de testeurs d'\u00e9tanch\u00e9it\u00e9 des emballages pour garantir la qualit\u00e9 et la conformit\u00e9 des produits.<\/li>\n<li><strong>Le LT-02 peut-il \u00eatre utilis\u00e9 pour des emballages de tailles diff\u00e9rentes ?<\/strong><br \/>\nOui, le LT-02 est dot\u00e9 d'une chambre dont la taille est personnalisable pour s'adapter \u00e0 une large gamme de formats d'emballage, des petits r\u00e9cipients alimentaires aux emballages m\u00e9dicaux plus volumineux.<\/li>\n<li><strong>Comment configurer le testeur d'\u00e9tanch\u00e9it\u00e9 LT-02 pour l'utiliser ?<\/strong><br \/>\nL'installation du LT-02 est simple. Il suffit de placer l'emballage \u00e0 l'int\u00e9rieur de la chambre, de le sceller et de r\u00e9gler le vide et la dur\u00e9e du test en fonction des besoins. L'appareil effectue alors le test et fournit un retour visuel si une fuite est d\u00e9tect\u00e9e.<\/li>\n<\/ul>\n<p>Le <strong>LT-02 Testeur d'\u00e9tanch\u00e9it\u00e9 des emballages<\/strong> Le LT-02 de Cell Instruments est un outil essentiel pour garantir l'int\u00e9grit\u00e9 des joints d'emballage dans de nombreux secteurs. Qu'il s'agisse d'emballages alimentaires, de produits pharmaceutiques ou de fabrication d'emballages, le LT-02 permet de r\u00e9aliser des tests d'\u00e9tanch\u00e9it\u00e9 pr\u00e9cis, fiables et efficaces, conform\u00e9ment aux normes suivantes <strong>ASTM D3078<\/strong> et d'autres normes pertinentes. Avec ses caract\u00e9ristiques personnalisables, ses capacit\u00e9s de vide pouss\u00e9 et son fonctionnement convivial, le LT-02 contribue \u00e0 pr\u00e9server la qualit\u00e9 des produits, \u00e0 r\u00e9duire les co\u00fbts de production et \u00e0 maintenir la conformit\u00e9 avec les exigences r\u00e9glementaires.<\/p>\n<p>Choisir le <strong>LT-02 Testeur d'\u00e9tanch\u00e9it\u00e9 des emballages<\/strong> pour r\u00e9pondre \u00e0 vos besoins en mati\u00e8re de tests d'\u00e9tanch\u00e9it\u00e9 et garantir que votre emballage offre le niveau de protection le plus \u00e9lev\u00e9 pour vos produits.<\/p>","protected":false},"excerpt":{"rendered":"<p>Garantir l'int\u00e9grit\u00e9 des joints d'\u00e9tanch\u00e9it\u00e9 des emballages est essentiel pour prot\u00e9ger les produits de la contamination, de la d\u00e9t\u00e9rioration et de la d\u00e9gradation. Un testeur d'\u00e9tanch\u00e9it\u00e9 d'emballage fiable comme le <strong>Testeur de fuites LT-02<\/strong> joue un r\u00f4le essentiel dans des secteurs allant de l'emballage alimentaire aux produits pharmaceutiques, en fournissant des informations essentielles sur la qualit\u00e9 de l'emballage. Cet instrument avanc\u00e9 de test d'\u00e9tanch\u00e9it\u00e9 aide les fabricants \u00e0 d\u00e9tecter et \u00e0 traiter les d\u00e9fauts d'emballage \u00e0 un stade pr\u00e9coce, garantissant ainsi que les produits restent s\u00fbrs, frais et conformes aux normes de l'industrie.<\/p>","protected":false},"featured_media":5984,"comment_status":"closed","ping_status":"closed","template":"","meta":{"site-sidebar-layout":"default","site-content-layout":"default","ast-global-header-display":"","ast-main-header-display":"","ast-hfb-above-header-display":"","ast-hfb-below-header-display":"","ast-hfb-mobile-header-display":"","site-post-title":"disabled","ast-breadcrumbs-content":"","ast-featured-img":"disabled","footer-sml-layout":"","theme-transparent-header-meta":"default","adv-header-id-meta":"","stick-header-meta":"","header-above-stick-meta":"","header-main-stick-meta":"","header-below-stick-meta":""},"product_cat":[845,674,675,17,149,16,105,135,95],"product_tag":[],"class_list":{"0":"post-1728","1":"product","2":"type-product","3":"status-publish","4":"has-post-thumbnail","6":"product_cat-customization","7":"product_cat-test-items","8":"product_cat-leak-tester","9":"product_cat-package-container-testers","10":"product_cat-pharma-and-medical-testers","11":"product_cat-plastic-packaging-testers","12":"product_cat-astm-d3078","13":"product_cat-astm-d4991","14":"product_cat-products","15":"desktop-align-left","16":"tablet-align-left","17":"mobile-align-left","19":"first","20":"instock","21":"shipping-taxable","22":"product-type-simple"},"_links":{"self":[{"href":"https:\/\/www.qualitester.com\/fr\/wp-json\/wp\/v2\/product\/1728","targetHints":{"allow":["GET"]}}],"collection":[{"href":"https:\/\/www.qualitester.com\/fr\/wp-json\/wp\/v2\/product"}],"about":[{"href":"https:\/\/www.qualitester.com\/fr\/wp-json\/wp\/v2\/types\/product"}],"replies":[{"embeddable":true,"href":"https:\/\/www.qualitester.com\/fr\/wp-json\/wp\/v2\/comments?post=1728"}],"version-history":[{"count":0,"href":"https:\/\/www.qualitester.com\/fr\/wp-json\/wp\/v2\/product\/1728\/revisions"}],"wp:featuredmedia":[{"embeddable":true,"href":"https:\/\/www.qualitester.com\/fr\/wp-json\/wp\/v2\/media\/5984"}],"wp:attachment":[{"href":"https:\/\/www.qualitester.com\/fr\/wp-json\/wp\/v2\/media?parent=1728"}],"wp:term":[{"taxonomy":"product_cat","embeddable":true,"href":"https:\/\/www.qualitester.com\/fr\/wp-json\/wp\/v2\/product_cat?post=1728"},{"taxonomy":"product_tag","embeddable":true,"href":"https:\/\/www.qualitester.com\/fr\/wp-json\/wp\/v2\/product_tag?post=1728"}],"curies":[{"name":"wp","href":"https:\/\/api.w.org\/{rel}","templated":true}]}}