{"id":1694,"date":"2023-04-25T16:20:00","date_gmt":"2023-04-25T08:20:00","guid":{"rendered":"https:\/\/www.qualitester.com\/?post_type=product&#038;p=1694"},"modified":"2024-12-02T15:38:46","modified_gmt":"2024-12-02T07:38:46","slug":"hot-tack-tester-htt-02","status":"publish","type":"product","link":"https:\/\/www.qualitester.com\/fr\/produit\/hot-tack-tester-htt-02\/","title":{"rendered":"Testeur de collage \u00e0 chaud HTT-02"},"content":{"rendered":"<p>Le testeur de thermocollage HTT-02 est un instrument sp\u00e9cialis\u00e9 con\u00e7u pour mesurer la force de thermocollage des mat\u00e9riaux thermoscell\u00e9s. Il \u00e9value la capacit\u00e9 des thermoscell\u00e9s \u00e0 r\u00e9sister aux forces qui tentent de les s\u00e9parer alors qu'ils sont encore chauds. Cette propri\u00e9t\u00e9 est particuli\u00e8rement importante dans les applications d'emballage o\u00f9 les sacs ou sachets thermoscell\u00e9s doivent conserver leur int\u00e9grit\u00e9 sous contrainte imm\u00e9diatement apr\u00e8s le scellement. Le testeur est conforme aux normes suivantes <a href=\"https:\/\/www.qualitester.com\/fr\/categorie-produit\/astm\/astm-f1921\/\" target=\"_blank\" rel=\"noopener\"><strong>Norme ASTM F1921<\/strong><\/a>, garantissant des r\u00e9sultats coh\u00e9rents et fiables.<\/p>\n<h2><strong>Applications du testeur d'adh\u00e9rence \u00e0 chaud HTT-02<\/strong><\/h2>\n<p>Les essais de collage \u00e0 chaud sont essentiels dans les industries qui utilisent des scell\u00e9s \u00e0 chaud pour l'emballage, telles que<\/p>\n<ul>\n<li><strong>Emballage alimentaire :<\/strong> Pour des applications telles que les sachets de snacks, les sachets de produits surgel\u00e9s et les sachets de caf\u00e9, o\u00f9 les scell\u00e9s doivent r\u00e9sister \u00e0 des forces \u00e9lev\u00e9es pendant l'emballage.<\/li>\n<li><strong>Emballage pharmaceutique :<\/strong> Garantit l'int\u00e9grit\u00e9 des sachets thermoscell\u00e9s utilis\u00e9s pour les dispositifs m\u00e9dicaux, les blisters et les emballages st\u00e9riles.<\/li>\n<li><strong>Emballage des produits industriels et de consommation :<\/strong> Tester les mat\u00e9riaux d'emballage tels que les adh\u00e9sifs, les produits chimiques et les sacs r\u00e9sistants.<\/li>\n<li><strong>Textiles et \u00e9lectronique :<\/strong> Valide la fiabilit\u00e9 de l'emballage des composants et produits sensibles.<\/li>\n<\/ul>\n<p>Le <strong>Testeur de collage \u00e0 chaud HTT-02<\/strong> est parfait pour assurer la performance des emballages thermoscell\u00e9s dans les domaines suivants <strong>formage-remplissage-scellage vertical (VFFS)<\/strong> o\u00f9 les joints doivent r\u00e9sister \u00e0 des contraintes m\u00e9caniques avant d'\u00eatre compl\u00e8tement refroidis.<\/p>\n<h2><strong>Importance de la propri\u00e9t\u00e9 d'adh\u00e9rence \u00e0 chaud dans l'emballage<\/strong><\/h2>\n<p>L'adh\u00e9rence \u00e0 chaud est un facteur crucial pour garantir que les thermoscellages restent intacts imm\u00e9diatement apr\u00e8s le scellage, m\u00eame en pr\u00e9sence de forces externes. Dans les syst\u00e8mes d'emballage verticaux de type \"form-fill-seal\", il n'y a souvent pas de temps de refroidissement entre le processus de scellage et l'insertion des produits. Les <strong>R\u00e9sistance au collage \u00e0 chaud<\/strong> d'un emballage d\u00e9termine s'il peut supporter le poids et la pression du contenu sans se d\u00e9chirer ou s'ouvrir pr\u00e9matur\u00e9ment. Cet aspect est particuli\u00e8rement important lorsqu'il s'agit d'emballer des produits lourds ou remplis de liquide, car l'emballage doit r\u00e9sister \u00e0 la d\u00e9formation pendant le traitement et l'exp\u00e9dition.<\/p>\n<h2><strong>Aper\u00e7u de la norme ASTM F1921<\/strong><\/h2>\n<p><a href=\"https:\/\/www.astm.org\/f1921_f1921m-12r18.html\" target=\"_blank\" rel=\"noopener nofollow\"><strong>Norme ASTM F1921<\/strong><\/a> est la m\u00e9thode d'essai normalis\u00e9e pour mesurer la r\u00e9sistance \u00e0 l'adh\u00e9rence \u00e0 chaud des mat\u00e9riaux thermoplastiques. Cet essai \u00e9value la capacit\u00e9 des thermoscellages \u00e0 r\u00e9sister \u00e0 la s\u00e9paration lorsqu'ils sont soumis \u00e0 des forces m\u00e9caniques imm\u00e9diatement apr\u00e8s le scellement. La norme d\u00e9finit deux m\u00e9thodes d'essai :<\/p>\n<ul>\n<li><strong>M\u00e9thode A :<\/strong> Il s'agit de mesurer la force d'adh\u00e9rence \u00e0 chaud imm\u00e9diatement apr\u00e8s la formation du joint thermique.<\/li>\n<li><strong>M\u00e9thode B :<\/strong> Mesure la r\u00e9sistance du joint apr\u00e8s refroidissement de l'\u00e9chantillon dans des conditions contr\u00f4l\u00e9es.<\/li>\n<\/ul>\n<p>Ces deux m\u00e9thodes fournissent des donn\u00e9es essentielles pour \u00e9valuer la fiabilit\u00e9 et les performances des thermoscellages dans une large gamme de mat\u00e9riaux d'emballage.<\/p>\n<h2><strong>M\u00e9thode d'essai d'adh\u00e9rence \u00e0 chaud<\/strong><\/h2>\n<p>Le processus d'essai \u00e0 chaud consiste \u00e0 sceller une bande d'\u00e9chantillon entre deux m\u00e2choires chauff\u00e9es, \u00e0 appliquer une pression et \u00e0 soumettre l'\u00e9chantillon \u00e0 un environnement contr\u00f4l\u00e9. Le processus comprend :<\/p>\n<ol>\n<li><strong>Pr\u00e9paration des \u00e9chantillons :<\/strong> L'\u00e9chantillon est pr\u00e9par\u00e9 et conditionn\u00e9 conform\u00e9ment aux sp\u00e9cifications de la norme ASTM F1921.<\/li>\n<li><strong>Ex\u00e9cution du test :<\/strong> L'\u00e9chantillon est scell\u00e9 entre deux m\u00e2choires chauff\u00e9es \u00e0 une temp\u00e9rature et une pression d\u00e9termin\u00e9es. Le temps d'arr\u00eat (temps de contact) est r\u00e9glable, de 0,1 \u00e0 9999 secondes pour les essais de thermoscellage et de collage \u00e0 chaud.<\/li>\n<li><strong>Mesure :<\/strong> La force d'adh\u00e9rence \u00e0 chaud, c'est-\u00e0-dire la force du joint encore chaud, est mesur\u00e9e pendant le test. Le test peut \u00eatre r\u00e9p\u00e9t\u00e9 avec des temp\u00e9ratures, des pressions et des temps de s\u00e9jour variables afin de d\u00e9terminer les conditions optimales d'\u00e9tanch\u00e9it\u00e9.<\/li>\n<\/ol>\n<h2><strong>Principaux param\u00e8tres d'essai :<\/strong><\/h2>\n<table>\n<tbody>\n<tr>\n<td style=\"text-align: center;\" width=\"123\">Temp\u00e9rature d&#039;\u00e9tanch\u00e9it\u00e9<\/td>\n<td style=\"text-align: center;\" width=\"251\">Ambiante ~ 250 \u2103<\/td>\n<\/tr>\n<tr>\n<td style=\"text-align: center;\" width=\"123\">Pr\u00e9cision de la temp\u00e9rature<\/td>\n<td style=\"text-align: center;\" width=\"251\">\u00b10,2\u2103<\/td>\n<\/tr>\n<tr>\n<td style=\"text-align: center;\" width=\"123\">Temps de s\u00e9jour<\/td>\n<td style=\"text-align: center;\" width=\"251\">0,1 \u00e0 9999 s (thermoscellage)<\/td>\n<\/tr>\n<tr>\n<td style=\"text-align: center;\" width=\"123\">Temps de s\u00e9jour<\/td>\n<td style=\"text-align: center;\" width=\"251\">0,1 \u00e0 9999 s (collage \u00e0 chaud)<\/td>\n<\/tr>\n<tr>\n<td style=\"text-align: center;\" width=\"123\">Pression d&#039;\u00e9tanch\u00e9it\u00e9<\/td>\n<td style=\"text-align: center;\" width=\"251\">0,15 MPa \u00e0 0,7 MPa<\/td>\n<\/tr>\n<tr>\n<td style=\"text-align: center;\" width=\"123\">M\u00e2choires de scellement<\/td>\n<td style=\"text-align: center;\" width=\"251\">Rev\u00eatement en t\u00e9flon 50 mm x 10 mm<\/td>\n<\/tr>\n<tr>\n<td style=\"text-align: center;\" width=\"123\">Chauffage des m\u00e2choires<\/td>\n<td style=\"text-align: center;\" width=\"251\">Chauffage double<\/td>\n<\/tr>\n<tr>\n<td style=\"text-align: center;\" width=\"123\">Cellule de charge<\/td>\n<td style=\"text-align: center;\" width=\"251\">200N (en option\u00a0: 30N, 50N, 100N, etc.)<\/td>\n<\/tr>\n<tr>\n<td style=\"text-align: center;\" width=\"123\">Pr\u00e9cision<\/td>\n<td style=\"text-align: center;\" width=\"251\">0,5 FS<\/td>\n<\/tr>\n<tr>\n<td style=\"text-align: center;\" width=\"123\">R\u00e9solution<\/td>\n<td style=\"text-align: center;\" width=\"251\">0,01 N<\/td>\n<\/tr>\n<tr>\n<td style=\"text-align: center;\" width=\"123\">Pouvoir<\/td>\n<td style=\"text-align: center;\" width=\"251\">220 V, 50 Hz<\/td>\n<\/tr>\n<\/tbody>\n<\/table>\n<h2><strong>Caract\u00e9ristiques techniques du testeur de colle chaude HTT-02<\/strong><\/h2>\n<ul>\n<li><strong>Contr\u00f4l\u00e9 par PLC :<\/strong> Offre une stabilit\u00e9 et une pr\u00e9cision de niveau industriel dans les tests.<\/li>\n<li><strong>IHM conviviale :<\/strong> L'interface de l'\u00e9cran tactile de 7 pouces permet une utilisation et des r\u00e9glages faciles.<\/li>\n<li><strong>Conformit\u00e9 \u00e0 la norme ASTM F1921 :<\/strong> Soutient \u00e0 la fois <strong>M\u00e9thode A<\/strong> et <strong>M\u00e9thode B<\/strong> les essais de collage \u00e0 chaud, en veillant \u00e0 ce que vos essais soient conformes aux normes de l'industrie.<\/li>\n<li><strong>Contr\u00f4le avanc\u00e9 de la temp\u00e9rature :<\/strong> Le contr\u00f4le P.I.D. (Proportionnel-Int\u00e9gral-D\u00e9riv\u00e9) assure une gestion pr\u00e9cise de la temp\u00e9rature pour des r\u00e9sultats fiables et reproductibles.<\/li>\n<li><strong>Construction durable :<\/strong> Les m\u00e2choires d'\u00e9tanch\u00e9it\u00e9 encapsul\u00e9es dans de l'aluminium sont con\u00e7ues pour une durabilit\u00e9 et des performances \u00e0 long terme.<\/li>\n<li><strong>Caract\u00e9ristiques de s\u00e9curit\u00e9 :<\/strong> La mise \u00e0 z\u00e9ro automatique, la protection contre les surcharges et la protection contre la surcourse garantissent un fonctionnement s\u00fbr.<\/li>\n<li><strong>Gestion des donn\u00e9es :<\/strong> Le port RS232 et le logiciel en option permettent une collecte et une analyse avanc\u00e9es des donn\u00e9es.<\/li>\n<\/ul>\n<h2><strong>Avantages de l'utilisation du testeur HTT-02 Hot Tack<\/strong><\/h2>\n<ul>\n<li><strong>Optimisation des performances de l'emballage :<\/strong> Garantit que les scell\u00e9s \u00e0 chaud peuvent r\u00e9sister aux contraintes m\u00e9caniques imm\u00e9diatement apr\u00e8s le scellage, r\u00e9duisant ainsi les d\u00e9faillances des produits.<\/li>\n<li><strong>Conforme \u00e0 la norme ASTM F1921 :<\/strong> Fournit des r\u00e9sultats fiables et enti\u00e8rement conformes \u00e0 la norme ASTM F1921, garantissant des tests coh\u00e9rents dans diff\u00e9rentes applications.<\/li>\n<li><strong>Polyvalence :<\/strong> Id\u00e9al pour une large gamme de mat\u00e9riaux et de types d'emballage, des produits alimentaires et pharmaceutiques aux produits industriels et de consommation.<\/li>\n<li><strong>Am\u00e9lioration du contr\u00f4le de la qualit\u00e9 :<\/strong> Aide les fabricants \u00e0 identifier les scell\u00e9s d\u00e9fectueux et \u00e0 optimiser les processus d'emballage, en am\u00e9liorant la protection des produits et en r\u00e9duisant les d\u00e9chets.<\/li>\n<\/ul>\n<h2><strong>Services de personnalisation et d&#039;automatisation<\/strong><\/h2>\n<p>Chez Cell Instruments, nous comprenons que chaque environnement de test est unique. Nous proposons des solutions personnalis\u00e9es pour des besoins de test sp\u00e9cifiques, et nos capacit\u00e9s d'automatisation permettent d'am\u00e9liorer l'efficacit\u00e9 des tests pour les lignes de production \u00e0 haut volume. Que vous ayez besoin de configurations de cellules de charge uniques ou d'une int\u00e9gration d'automatisation avanc\u00e9e, nous nous engageons \u00e0 fournir des solutions sur mesure qui r\u00e9pondent \u00e0 vos sp\u00e9cifications exactes.<\/p>\n<p>Le testeur de collage \u00e0 chaud HTT-02 est un outil essentiel pour s'assurer que les emballages thermoscell\u00e9s fonctionnent de mani\u00e8re fiable dans des conditions r\u00e9elles. Qu'il s'agisse d'emballages alimentaires, pharmaceutiques ou industriels, ce testeur offre un contr\u00f4le pr\u00e9cis du processus de test, ce qui en fait un atout inestimable pour l'assurance qualit\u00e9 et l'int\u00e9grit\u00e9 des produits.<\/p>\n<h3><strong>Rubrique FAQ<\/strong><\/h3>\n<ol>\n<li><strong>\u00c0 quoi sert un testeur d'adh\u00e9rence \u00e0 chaud ?<\/strong><br \/>\nUn testeur d'adh\u00e9rence \u00e0 chaud mesure la r\u00e9sistance des thermoscellages imm\u00e9diatement apr\u00e8s le scellement, ce qui permet de s'assurer qu'ils peuvent r\u00e9sister aux contraintes de manipulation dans les processus d'emballage.<\/li>\n<li><strong>Pourquoi le hot tack est-il important dans l'emballage ?<\/strong><br \/>\nL'adh\u00e9sivit\u00e9 \u00e0 chaud garantit que les thermoscellages restent intacts pendant l'emballage, en particulier dans les processus verticaux de remplissage et de scellage de formulaires, lorsque le contenu est lourd.<\/li>\n<li><strong>Qu'est-ce que l'ASTM F1921 et pourquoi est-elle importante ?<\/strong><br \/>\nLa norme ASTM F1921 d\u00e9crit les m\u00e9thodes de mesure de la force d'adh\u00e9rence \u00e0 chaud des mat\u00e9riaux thermoplastiques, essentielle au maintien de l'int\u00e9grit\u00e9 des joints d'\u00e9tanch\u00e9it\u00e9.<\/li>\n<li><strong>Quels mat\u00e9riaux peuvent \u00eatre test\u00e9s avec le testeur HTT-02 Hot Tack ?<\/strong><br \/>\nIl convient pour tester divers films thermoplastiques, lamin\u00e9s et mat\u00e9riaux d'emballage thermoscellables.<\/li>\n<li><strong>Le testeur de colle chaude HTT-02 peut-il \u00eatre personnalis\u00e9 ?<\/strong><br \/>\nOui, il offre des cellules de charge personnalisables, des vitesses de test et des fonctions d'automatisation pour r\u00e9pondre \u00e0 des exigences de test sp\u00e9cifiques.<\/li>\n<\/ol>","protected":false},"excerpt":{"rendered":"<p>Le testeur de thermocollage HTT-02 est un instrument sp\u00e9cialis\u00e9 con\u00e7u pour mesurer la force de thermocollage des mat\u00e9riaux thermoscell\u00e9s. Il \u00e9value la capacit\u00e9 des thermoscell\u00e9s \u00e0 r\u00e9sister aux forces qui tentent de les s\u00e9parer alors qu'ils sont encore chauds. Cette propri\u00e9t\u00e9 est particuli\u00e8rement importante dans les applications d'emballage o\u00f9 les sacs ou sachets thermoscell\u00e9s doivent conserver leur int\u00e9grit\u00e9 sous contrainte imm\u00e9diatement apr\u00e8s le scellement. Le testeur est conforme aux normes suivantes <strong>Norme ASTM F1921<\/strong>, garantissant des r\u00e9sultats coh\u00e9rents et fiables.<\/p>","protected":false},"featured_media":5971,"comment_status":"closed","ping_status":"closed","template":"","meta":{"site-sidebar-layout":"default","site-content-layout":"default","ast-global-header-display":"","ast-main-header-display":"","ast-hfb-above-header-display":"","ast-hfb-below-header-display":"","ast-hfb-mobile-header-display":"","site-post-title":"disabled","ast-breadcrumbs-content":"","ast-featured-img":"disabled","footer-sml-layout":"","theme-transparent-header-meta":"default","adv-header-id-meta":"","stick-header-meta":"","header-above-stick-meta":"","header-main-stick-meta":"","header-below-stick-meta":""},"product_cat":[845,678,16,141,95],"product_tag":[],"class_list":{"0":"post-1694","1":"product","2":"type-product","3":"status-publish","4":"has-post-thumbnail","6":"product_cat-customization","7":"product_cat-hot-tack-tester","8":"product_cat-plastic-packaging-testers","9":"product_cat-astm-f1921","10":"product_cat-products","11":"desktop-align-left","12":"tablet-align-left","13":"mobile-align-left","15":"first","16":"instock","17":"shipping-taxable","18":"product-type-simple"},"_links":{"self":[{"href":"https:\/\/www.qualitester.com\/fr\/wp-json\/wp\/v2\/product\/1694","targetHints":{"allow":["GET"]}}],"collection":[{"href":"https:\/\/www.qualitester.com\/fr\/wp-json\/wp\/v2\/product"}],"about":[{"href":"https:\/\/www.qualitester.com\/fr\/wp-json\/wp\/v2\/types\/product"}],"replies":[{"embeddable":true,"href":"https:\/\/www.qualitester.com\/fr\/wp-json\/wp\/v2\/comments?post=1694"}],"version-history":[{"count":0,"href":"https:\/\/www.qualitester.com\/fr\/wp-json\/wp\/v2\/product\/1694\/revisions"}],"wp:featuredmedia":[{"embeddable":true,"href":"https:\/\/www.qualitester.com\/fr\/wp-json\/wp\/v2\/media\/5971"}],"wp:attachment":[{"href":"https:\/\/www.qualitester.com\/fr\/wp-json\/wp\/v2\/media?parent=1694"}],"wp:term":[{"taxonomy":"product_cat","embeddable":true,"href":"https:\/\/www.qualitester.com\/fr\/wp-json\/wp\/v2\/product_cat?post=1694"},{"taxonomy":"product_tag","embeddable":true,"href":"https:\/\/www.qualitester.com\/fr\/wp-json\/wp\/v2\/product_tag?post=1694"}],"curies":[{"name":"wp","href":"https:\/\/api.w.org\/{rel}","templated":true}]}}