{"id":1668,"date":"2023-04-25T15:00:29","date_gmt":"2023-04-25T07:00:29","guid":{"rendered":"https:\/\/www.qualitester.com\/?post_type=product&#038;p=1668"},"modified":"2024-11-27T16:53:03","modified_gmt":"2024-11-27T08:53:03","slug":"gradient-heat-seal-tester-ghs-01","status":"publish","type":"product","link":"https:\/\/www.qualitester.com\/fr\/produit\/gradient-heat-seal-tester-ghs-01\/","title":{"rendered":"Testeur de thermoscellage \u00e0 gradient GHS-01"},"content":{"rendered":"<h2>Introduction<\/h2>\n<p>Dans l'industrie de l'emballage, il est essentiel de s'assurer que les mat\u00e9riaux tels que les films, les lamin\u00e9s et les barri\u00e8res souples forment des joints solides et durables pour maintenir l'int\u00e9grit\u00e9 et la s\u00e9curit\u00e9 du produit emball\u00e9. Qu'il s'agisse d'emballer des aliments, des produits pharmaceutiques, des dispositifs m\u00e9dicaux ou de l'\u00e9lectronique, <strong>r\u00e9sistance du thermoscellage<\/strong> joue un r\u00f4le cl\u00e9 dans la protection de vos produits contre la contamination, les fuites et la d\u00e9t\u00e9rioration.<\/p>\n<p>Le <strong>Testeur de r\u00e9sistance au thermoscellage<\/strong> est un instrument de pr\u00e9cision con\u00e7u pour \u00e9valuer les propri\u00e9t\u00e9s de thermoscellage des mat\u00e9riaux d'emballage, afin de garantir la solidit\u00e9, la fiabilit\u00e9 et l'homog\u00e9n\u00e9it\u00e9 des scellages. Ce testeur simule le processus r\u00e9el de thermoscellage, en ajustant la temp\u00e9rature, la pression et le temps de scellage afin de d\u00e9terminer les conditions id\u00e9ales pour cr\u00e9er des scellages parfaits.<\/p>\n<p>Le <strong>Essai de thermoscellage en gradient<\/strong> est une m\u00e9thode avanc\u00e9e qui am\u00e9liore l'efficacit\u00e9 des tests en appliquant un gradient de temp\u00e9rature contr\u00f4l\u00e9 sur la zone de scellement, ce qui permet de r\u00e9aliser simultan\u00e9ment plusieurs tests \u00e0 des temp\u00e9ratures diff\u00e9rentes.<\/p>\n<h2>Caract\u00e9ristiques principales du testeur de r\u00e9sistance au thermoscellage<\/h2>\n<h3>Conditions d'essai contr\u00f4l\u00e9es pour les joints de pr\u00e9cision<\/h3>\n<p>Le <strong>Testeur de r\u00e9sistance au thermoscellage<\/strong> est con\u00e7u dans un souci de flexibilit\u00e9 et de pr\u00e9cision. Ses param\u00e8tres r\u00e9glables pour <strong>temp\u00e9rature<\/strong>, <strong>pression<\/strong>, et <strong>temps de scellement<\/strong> permettent de simuler diverses conditions de scellage utilis\u00e9es dans le processus d'emballage. Ces param\u00e8tres permettent aux fabricants de tester et d'optimiser leurs mat\u00e9riaux afin d'obtenir les scellages les plus fiables et les plus robustes dans des conditions de production r\u00e9elles.<\/p>\n<h3>Gradient de temp\u00e9rature pour un test optimal<\/h3>\n<p>L'une des caract\u00e9ristiques les plus remarquables de ce testeur est la <strong>Essai de thermoscellage en gradient<\/strong> La fonctionnalit\u00e9, qui applique une <strong>gradient de temp\u00e9rature<\/strong> dans la zone d'\u00e9tanch\u00e9it\u00e9. Cette capacit\u00e9 permet de tester plusieurs conditions de scellage \u00e0 la fois, ce qui am\u00e9liore l'efficacit\u00e9 des tests et r\u00e9duit les temps d'arr\u00eat entre les tests. En testant simultan\u00e9ment diff\u00e9rentes temp\u00e9ratures, les fabricants peuvent d\u00e9terminer plus efficacement les meilleures conditions de scellage des diff\u00e9rents mat\u00e9riaux et am\u00e9liorer la qualit\u00e9 globale de l'emballage.<\/p>\n<p>En substance, le <strong>Essai de thermoscellage en gradient<\/strong> fait de la <strong>Testeur de r\u00e9sistance au thermoscellage<\/strong> a <strong>Multi-stations<\/strong> qui peut effectuer simultan\u00e9ment plusieurs tests \u00e0 des temp\u00e9ratures diff\u00e9rentes, ce qui permet de gagner du temps et d'am\u00e9liorer l'efficacit\u00e9 du processus de test.<\/p>\n<h2>ASTM F2029 : Norme pour les tests de r\u00e9sistance au thermoscellage<\/h2>\n<h3>Aper\u00e7u de la norme ASTM F2029-16(2021)<\/h3>\n<p><strong><a href=\"https:\/\/www.astm.org\/f2029-16r21.html\" target=\"_blank\" rel=\"noopener nofollow\">ASTM F2029<\/a>-16(2021)<\/strong> est le <strong>Pratique courante pour la fabrication de joints thermiques de laboratoire<\/strong> pour d\u00e9terminer les <strong>la thermoscellabilit\u00e9 des mat\u00e9riaux de barri\u00e8re flexibles<\/strong>. Cette norme est utilis\u00e9e pour \u00e9valuer la r\u00e9sistance des scellages \u00e0 chaud effectu\u00e9s sur divers mat\u00e9riaux d'emballage dans des conditions de laboratoire.<\/p>\n<p>Le <a href=\"https:\/\/www.qualitester.com\/fr\/categorie-produit\/astm\/astm-f2029\/\" target=\"_blank\" rel=\"noopener\"><strong>ASTM F2029<\/strong><\/a> fournit les proc\u00e9dures et les exigences n\u00e9cessaires \u00e0 la cr\u00e9ation de scell\u00e9s thermiques fiables et \u00e0 la mesure de leur r\u00e9sistance, ce qui est essentiel pour \u00e9valuer l'int\u00e9grit\u00e9 et la qualit\u00e9 des mat\u00e9riaux d'emballage. Le respect de cette norme garantit que les fabricants produisent des emballages qui r\u00e9pondent aux exigences de durabilit\u00e9 et de scellage n\u00e9cessaires \u00e0 la s\u00e9curit\u00e9 des produits.<\/p>\n<h3>M\u00e9thodes d'essai selon ASTM F2029<\/h3>\n<p>Le <strong>Testeur de r\u00e9sistance au thermoscellage<\/strong> suit les proc\u00e9dures d\u00e9crites dans la norme ASTM F2029 pour cr\u00e9er des thermoscellages en laboratoire et mesurer leur r\u00e9sistance. Voici comment se d\u00e9roule le processus :<\/p>\n<ol>\n<li><strong>Pr\u00e9paration des \u00e9chantillons<\/strong>: Un \u00e9chantillon du mat\u00e9riau d'emballage est plac\u00e9 entre deux m\u00e2choires de scellement parall\u00e8les et chauff\u00e9es.<\/li>\n<li><strong>Processus de scellage<\/strong>: Le testeur applique des param\u00e8tres de chaleur, de pression et de temps pour simuler les conditions r\u00e9elles de scellage. La m\u00e2choire sup\u00e9rieure se d\u00e9place vers le bas, exer\u00e7ant une pression sur le mat\u00e9riau tout en appliquant la chaleur.<\/li>\n<li><strong>Dur\u00e9e des essais<\/strong>: Le temps de scellement est r\u00e9glable de 0,1 seconde \u00e0 plusieurs heures, ce qui permet d'effectuer des tests \u00e0 diff\u00e9rents intervalles de temps.<\/li>\n<li><strong>\u00c9valuation des scell\u00e9s<\/strong>: Une fois le temps de scellage \u00e9coul\u00e9, les m\u00e2choires sont soulev\u00e9es et le test est termin\u00e9. La solidit\u00e9 du scell\u00e9 est ensuite analys\u00e9e \u00e0 l'aide de m\u00e9thodes telles que les tests de fuite d'air, la p\u00e9n\u00e9tration de colorants, l'inspection visuelle ou la p\u00e9n\u00e9tration de micro-organismes.<\/li>\n<\/ol>\n<p>Ce processus reproduit les conditions dans lesquelles les scell\u00e9s thermiques sont cr\u00e9\u00e9s au cours du processus d'emballage, ce qui aide les fabricants \u00e0 d\u00e9terminer si leurs mat\u00e9riaux d'emballage r\u00e9sisteront aux contraintes requises dans des environnements r\u00e9els.<\/p>\n<h2>Caract\u00e9ristiques techniques du testeur de r\u00e9sistance au thermoscellage (GHS-01 Gradient Heat Seal Tester)<\/h2>\n<ul>\n<li><strong>M\u00e2choires d'\u00e9tanch\u00e9it\u00e9 et m\u00e9canisme de chauffage<\/strong>: Les m\u00e2choires sup\u00e9rieure et inf\u00e9rieure sont fabriqu\u00e9es en aluminium de haute qualit\u00e9 et sont dot\u00e9es de syst\u00e8mes de chauffage ind\u00e9pendants qui \u00e9liminent les pertes de chaleur, garantissant une distribution r\u00e9guli\u00e8re et uniforme de la temp\u00e9rature pendant les essais.<\/li>\n<li><strong>R\u00e9gulateur de temp\u00e9rature PID<\/strong>: L'avanc\u00e9e <strong>PID (Proportionnel Int\u00e9gral D\u00e9riv\u00e9)<\/strong> assure un contr\u00f4le pr\u00e9cis de la temp\u00e9rature, ce qui permet un chauffage constant et fiable tout au long du processus de test.<\/li>\n<li><strong>Minuterie et capteur de proximit\u00e9<\/strong>: La combinaison d'une minuterie pr\u00e9cise et d'un capteur de proximit\u00e9 synchronise le d\u00e9but du processus de scellement avec le mouvement de la m\u00e2choire, garantissant que le test d\u00e9marre au bon moment et se d\u00e9roule pendant la dur\u00e9e exacte requise.<\/li>\n<li><strong>Pression d'\u00e9tanch\u00e9it\u00e9 et personnalisation des m\u00e2choires<\/strong>: Le testeur applique une pression d'\u00e9tanch\u00e9it\u00e9 uniforme entre <strong>0,15-0,7 MPa<\/strong> et propose des m\u00e2choires d'\u00e9tanch\u00e9it\u00e9 personnalisables (dimensions, formes et motifs) pour r\u00e9pondre aux diff\u00e9rents besoins d'essai et mat\u00e9riaux d'emballage.<\/li>\n<li><strong>Caract\u00e9ristiques de s\u00e9curit\u00e9<\/strong>: La s\u00e9curit\u00e9 de l'utilisateur est une priorit\u00e9 avec des caract\u00e9ristiques telles qu'un couvercle frontal anti-br\u00fblure et des interrupteurs manuels\/pieds pour prot\u00e9ger les op\u00e9rateurs pendant les tests.<\/li>\n<\/ul>\n<h2>Param\u00e8tres principaux<\/h2>\n<table>\n<tbody>\n<tr>\n<td style=\"text-align: center;\" width=\"127\">Temp\u00e9rature d&#039;\u00e9tanch\u00e9it\u00e9<\/td>\n<td style=\"text-align: center;\" width=\"196\">Ambiante ~ 250 \u2103<\/td>\n<\/tr>\n<tr>\n<td style=\"text-align: center;\" width=\"127\">Temp. Gradient<\/td>\n<td style=\"text-align: center;\" width=\"196\">\u226420\u2103<\/td>\n<\/tr>\n<tr>\n<td style=\"text-align: center;\" width=\"127\">D\u00e9viation<\/td>\n<td style=\"text-align: center;\" width=\"196\">\u00b10,2\u2103<\/td>\n<\/tr>\n<tr>\n<td style=\"text-align: center;\" width=\"127\">Temps de scellage<\/td>\n<td style=\"text-align: center;\" width=\"196\">0,1 S \u00e0 9999 S<\/td>\n<\/tr>\n<tr>\n<td style=\"text-align: center;\" width=\"127\">Pression d&#039;\u00e9tanch\u00e9it\u00e9<\/td>\n<td style=\"text-align: center;\" width=\"196\">0,15 \u00e0 0,7 MPa<\/td>\n<\/tr>\n<tr>\n<td style=\"text-align: center;\" width=\"127\">Mors du joint (mm)<\/td>\n<td style=\"text-align: center;\" width=\"196\">U:40*10 5PCS\/L:330 1PCS<\/td>\n<\/tr>\n<tr>\n<td style=\"text-align: center;\" width=\"127\">Entr\u00e9e de gaz<\/td>\n<td style=\"text-align: center;\" width=\"196\">0,7 MPa avec un tuyau de 6 mm de diam\u00e8tre<\/td>\n<\/tr>\n<tr>\n<td style=\"text-align: center;\" width=\"127\">Pouvoir<\/td>\n<td style=\"text-align: center;\" width=\"196\">CA 220 V 50 Hz<\/td>\n<\/tr>\n<\/tbody>\n<\/table>\n<h2>Processus de test<\/h2>\n<ol>\n<li><strong>Placement d&#039;\u00e9chantillons<\/strong>: Placer l'\u00e9chantillon entre les deux m\u00e2choires parall\u00e8les chauff\u00e9es.<\/li>\n<li><strong>Chauffage et \u00e9tanch\u00e9it\u00e9<\/strong>: R\u00e9gler la temp\u00e9rature, la pression et la dur\u00e9e, puis laisser les m\u00e2choires chauffantes appliquer la pression et la chaleur \u00e0 l'\u00e9chantillon.<\/li>\n<li><strong>Ach\u00e8vement et \u00e9valuation<\/strong>: Apr\u00e8s le temps de scellage pr\u00e9d\u00e9fini, les m\u00e2choires s'ouvrent et la force du scellage est \u00e9valu\u00e9e \u00e0 l'aide de diverses m\u00e9thodes, telles que le test de fuite d'air ou l'inspection visuelle.<\/li>\n<\/ol>\n<h2>Applications et industries desservies<\/h2>\n<p>Le <strong>Testeur de r\u00e9sistance au thermoscellage<\/strong> est essentiel pour l'assurance qualit\u00e9 dans plusieurs secteurs d'activit\u00e9 :<\/p>\n<ul>\n<li><strong>Industrie de l&#039;emballage<\/strong>: Garantir l'int\u00e9grit\u00e9 des mat\u00e9riaux d'emballage pour les denr\u00e9es alimentaires, les boissons et les biens de consommation.<\/li>\n<li><strong>M\u00e9dicaments<\/strong>: V\u00e9rifie que les scell\u00e9s des emballages de m\u00e9dicaments sont conformes aux normes r\u00e9glementaires et maintiennent la st\u00e9rilit\u00e9 du produit.<\/li>\n<li><strong>Dispositifs m\u00e9dicaux<\/strong>: Teste les mat\u00e9riaux d'emballage pour la r\u00e9sistance et la protection des dispositifs m\u00e9dicaux sensibles.<\/li>\n<li><strong>\u00c9lectronique et autres industries<\/strong>: \u00e9value les mat\u00e9riaux d'emballage pour l'\u00e9lectronique et diverses autres industries qui n\u00e9cessitent des joints solides et fiables.<\/li>\n<\/ul>\n<p>Le <strong>Testeur de r\u00e9sistance au thermoscellage<\/strong> est un outil essentiel pour les fabricants qui souhaitent garantir la qualit\u00e9, la s\u00e9curit\u00e9 et la durabilit\u00e9 de leurs mat\u00e9riaux d'emballage. Qu'il s'agisse de sceller des aliments, des produits pharmaceutiques ou des dispositifs m\u00e9dicaux, ce testeur fournit des r\u00e9sultats pr\u00e9cis et fiables pour des performances d'emballage optimales. \u00c9quip\u00e9 de <strong>Essai de thermoscellage en gradient<\/strong> et conforme \u00e0 la r\u00e9glementation de l'Union europ\u00e9enne. <strong>ASTM F2029<\/strong>, C'est la solution parfaite pour obtenir des thermoscellages de qualit\u00e9 sup\u00e9rieure \u00e0 chaque fois.<\/p>\n<h2>Section FAQ : Questions courantes sur les testeurs de r\u00e9sistance au thermoscellage<\/h2>\n<ol>\n<li><strong>Quels mat\u00e9riaux peuvent \u00eatre test\u00e9s avec le testeur de r\u00e9sistance au thermoscellage ?<\/strong>\n<ul>\n<li>Ce testeur est id\u00e9al pour tester une large gamme de mat\u00e9riaux d'emballage, y compris les films, les lamin\u00e9s et les mat\u00e9riaux flexibles.<\/li>\n<\/ul>\n<\/li>\n<li><strong>Quel est le r\u00f4le du test de thermoscellage \u00e0 gradient de chaleur ?<\/strong>\n<ul>\n<li>Le <strong>Essai de thermoscellage en gradient<\/strong> permet d'effectuer des essais \u00e0 diff\u00e9rentes temp\u00e9ratures simultan\u00e9ment, ce qui am\u00e9liore l'efficacit\u00e9 en r\u00e9duisant la dur\u00e9e des essais et en am\u00e9liorant les performances des joints.<\/li>\n<\/ul>\n<\/li>\n<li><strong>Quelles sont les industries qui peuvent b\u00e9n\u00e9ficier des tests de thermofixation ?<\/strong>\n<ul>\n<li>Les industries telles que l'emballage alimentaire, les produits pharmaceutiques, les appareils m\u00e9dicaux, l'\u00e9lectronique et les biens de consommation b\u00e9n\u00e9ficient toutes de l'utilisation du testeur de r\u00e9sistance au thermoscellage.<\/li>\n<\/ul>\n<\/li>\n<li><strong>Comment le testeur de r\u00e9sistance au thermoscellage garantit-il la pr\u00e9cision ?<\/strong>\n<ul>\n<li>Gr\u00e2ce \u00e0 des caract\u00e9ristiques telles qu'un contr\u00f4le pr\u00e9cis de la temp\u00e9rature, une pression d'\u00e9tanch\u00e9it\u00e9 r\u00e9glable et des param\u00e8tres de test personnalisables, le testeur garantit des r\u00e9sultats fiables et reproductibles \u00e0 chaque fois.<\/li>\n<\/ul>\n<\/li>\n<li><strong>Le testeur de r\u00e9sistance au thermoscellage est-il conforme aux normes ASTM ?<\/strong>\n<ul>\n<li>Oui, le testeur remplit les conditions suivantes <strong>ASTM F2029<\/strong>, L'objectif est d'assurer la conformit\u00e9 avec les normes industrielles pour tester la r\u00e9sistance du scellage \u00e0 chaud et la durabilit\u00e9 des mat\u00e9riaux.<\/li>\n<\/ul>\n<\/li>\n<\/ol>","protected":false},"excerpt":{"rendered":"<p>Dans l'industrie de l'emballage, il est essentiel de s'assurer que les mat\u00e9riaux tels que les films, les lamin\u00e9s et les barri\u00e8res souples forment des joints solides et durables pour maintenir l'int\u00e9grit\u00e9 et la s\u00e9curit\u00e9 du produit emball\u00e9. Qu'il s'agisse d'emballer des aliments, des produits pharmaceutiques, des dispositifs m\u00e9dicaux ou de l'\u00e9lectronique, <strong>r\u00e9sistance du thermoscellage<\/strong> joue un r\u00f4le cl\u00e9 dans la protection de vos produits contre la contamination, les fuites et la d\u00e9t\u00e9rioration.<\/p>","protected":false},"featured_media":5911,"comment_status":"closed","ping_status":"closed","template":"","meta":{"site-sidebar-layout":"default","site-content-layout":"default","ast-global-header-display":"","ast-main-header-display":"","ast-hfb-above-header-display":"","ast-hfb-below-header-display":"","ast-hfb-mobile-header-display":"","site-post-title":"disabled","ast-breadcrumbs-content":"","ast-featured-img":"disabled","footer-sml-layout":"","theme-transparent-header-meta":"default","adv-header-id-meta":"","stick-header-meta":"","header-above-stick-meta":"","header-main-stick-meta":"","header-below-stick-meta":""},"product_cat":[845,677,149,16,142,95],"product_tag":[65,31,55],"class_list":{"0":"post-1668","1":"product","2":"type-product","3":"status-publish","4":"has-post-thumbnail","6":"product_cat-customization","7":"product_cat-heat-seal-tester","8":"product_cat-pharma-and-medical-testers","9":"product_cat-plastic-packaging-testers","10":"product_cat-astm-f2029","11":"product_cat-products","12":"product_tag-heat-seal","13":"product_tag-heat-sealing","14":"product_tag-heat-seals","15":"desktop-align-left","16":"tablet-align-left","17":"mobile-align-left","19":"first","20":"instock","21":"shipping-taxable","22":"product-type-simple"},"_links":{"self":[{"href":"https:\/\/www.qualitester.com\/fr\/wp-json\/wp\/v2\/product\/1668","targetHints":{"allow":["GET"]}}],"collection":[{"href":"https:\/\/www.qualitester.com\/fr\/wp-json\/wp\/v2\/product"}],"about":[{"href":"https:\/\/www.qualitester.com\/fr\/wp-json\/wp\/v2\/types\/product"}],"replies":[{"embeddable":true,"href":"https:\/\/www.qualitester.com\/fr\/wp-json\/wp\/v2\/comments?post=1668"}],"version-history":[{"count":0,"href":"https:\/\/www.qualitester.com\/fr\/wp-json\/wp\/v2\/product\/1668\/revisions"}],"wp:featuredmedia":[{"embeddable":true,"href":"https:\/\/www.qualitester.com\/fr\/wp-json\/wp\/v2\/media\/5911"}],"wp:attachment":[{"href":"https:\/\/www.qualitester.com\/fr\/wp-json\/wp\/v2\/media?parent=1668"}],"wp:term":[{"taxonomy":"product_cat","embeddable":true,"href":"https:\/\/www.qualitester.com\/fr\/wp-json\/wp\/v2\/product_cat?post=1668"},{"taxonomy":"product_tag","embeddable":true,"href":"https:\/\/www.qualitester.com\/fr\/wp-json\/wp\/v2\/product_tag?post=1668"}],"curies":[{"name":"wp","href":"https:\/\/api.w.org\/{rel}","templated":true}]}}