{"id":1596,"date":"2023-04-25T10:41:14","date_gmt":"2023-04-25T02:41:14","guid":{"rendered":"https:\/\/www.qualitester.com\/?post_type=product&#038;p=1596"},"modified":"2025-01-13T16:59:36","modified_gmt":"2025-01-13T08:59:36","slug":"gel-strength-tester-gst-01","status":"publish","type":"product","link":"https:\/\/www.qualitester.com\/fr\/produit\/gel-strength-tester-gst-01\/","title":{"rendered":"Testeur de force de gel GST-01"},"content":{"rendered":"<div class=\"flex flex-grow flex-col max-w-full\">\n<div class=\"min-h-[20px] text-message flex flex-col items-start whitespace-pre-wrap break-words [.text-message+&amp;]:mt-5 juice:w-full juice:items-end overflow-x-auto gap-2\" dir=\"auto\" data-message-author-role=\"assistant\" data-message-id=\"eb5e23d0-8601-4a2a-8e4f-fedfd0d9ac96\">\n<div class=\"flex w-full flex-col gap-1 juice:empty:hidden juice:first:pt-[3px]\">\n<div class=\"markdown prose w-full break-words dark:prose-invert light\">\n<h2>I. Introduction au testeur de force de gel<\/h2>\n<p>Le <strong>testeur de force de gel<\/strong> est un instrument sp\u00e9cialis\u00e9 con\u00e7u pour mesurer la fermet\u00e9 et la consistance des gels dans diverses industries. Essentiel pour garantir la qualit\u00e9 et la consistance des produits, le Bloom Tester joue un r\u00f4le essentiel dans diverses industries. Son application principale se situe dans le secteur alimentaire, en particulier pour mesurer la force du gel des produits \u00e0 base de surimi comme la chair de crabe artificielle, ce qui a un impact direct sur la texture et la satisfaction du consommateur.<\/p>\n<h2>II. Force de la g\u00e9latine<\/h2>\n<p>La force du gel est un param\u00e8tre de qualit\u00e9 essentiel qui a un impact direct sur la texture, la performance et l&#039;acceptation des produits par le consommateur. Par exemple, dans l&#039;industrie alimentaire, la fermet\u00e9 des produits \u00e0 base de g\u00e9latine ou de surimi affecte leur sensation en bouche, leur fermet\u00e9 et leur attrait sensoriel global. De m\u00eame, dans le secteur pharmaceutique, des formulations de gel homog\u00e8nes sont essentielles pour une administration efficace des m\u00e9dicaments.<\/p>\n<h3>D\u00e9finition de la force du gel<\/h3>\n<p>La r\u00e9sistance du gel fait r\u00e9f\u00e9rence \u00e0 la capacit\u00e9 d&#039;un gel \u00e0 r\u00e9sister \u00e0 la d\u00e9formation sous l&#039;effet d&#039;une force appliqu\u00e9e. Elle est quantifi\u00e9e en g\u00b7cm, qui est le produit de la force et de la distance. Il s&#039;agit d&#039;un param\u00e8tre de qualit\u00e9 crucial, en particulier dans l&#039;industrie alimentaire, o\u00f9 la texture et la fermet\u00e9 des produits comme le surimi sont essentielles pour attirer les consommateurs. <strong>mesurer la force du gel<\/strong> s&#039;\u00e9tend \u00e9galement \u00e0 d&#039;autres industries telles que l&#039;industrie pharmaceutique, o\u00f9 elle garantit la coh\u00e9rence et l&#039;efficacit\u00e9 des m\u00e9dicaments \u00e0 base de gel.<\/p>\n<h3>D\u00e9finition de la force de floraison<\/h3>\n<p>La force de bloom est une mesure sp\u00e9cifique de la fermet\u00e9 du gel, d\u00e9finie comme le poids en grammes n\u00e9cessaire pour enfoncer la surface d&#039;un gel de 4 mm. Elle est largement utilis\u00e9e dans l&#039;industrie de la g\u00e9latine pour \u00e9valuer la qualit\u00e9 et la consistance du produit.<\/p>\n<h3>Exemples d&#039;application<\/h3>\n<ul>\n<li><strong>L&#039;industrie du surimi<\/strong>:Dans la production de chair de crabe d&#039;imitation, la force du gel d\u00e9termine la texture et la qualit\u00e9 du produit.<\/li>\n<li><strong>M\u00e9dicaments<\/strong>: Assure la coh\u00e9rence des m\u00e9dicaments \u00e0 base de gel.<\/li>\n<li><strong>Adh\u00e9sifs et autres industries<\/strong>:Essentiel pour les performances et l\u2019application du produit.<\/li>\n<\/ul>\n<div class=\"ast-oembed-container\" style=\"height: 100%;\"><iframe title=\"Testeur de r\u00e9sistance du gel | Analyse de texture\" width=\"500\" height=\"281\" src=\"https:\/\/www.youtube.com\/embed\/SdmIrfBA4P4?feature=oembed\" frameborder=\"0\" allow=\"accelerometer; autoplay; clipboard-write; encrypted-media; gyroscope; picture-in-picture; web-share\" referrerpolicy=\"strict-origin-when-cross-origin\" allowfullscreen><\/iframe><\/div>\n<h2>III. Principales caract\u00e9ristiques du Bloom Tester<\/h2>\n<h3>\u00c9l\u00e9ments de test<\/h3>\n<ul>\n<li><strong>POIDS<\/strong>:Pour mesurer la distance \u00e0 une certaine charge<\/li>\n<li><strong>CULMINER<\/strong>:Pour mesurer la force du gel<\/li>\n<li><strong>DISTANCE<\/strong>:Pour mesurer la charge \u00e0 une certaine distance<\/li>\n<li><strong>FLORAISON<\/strong> <strong>FORCE<\/strong>:Mesurer le poids en grammes n\u00e9cessaire pour enfoncer la surface d&#039;un gel de 4 mm<\/li>\n<\/ul>\n<h3>Sp\u00e9cifications techniques<\/h3>\n<p>Le Bloom Tester est con\u00e7u avec pr\u00e9cision et robustesse. Ses sp\u00e9cifications techniques comprennent :<\/p>\n<table width=\"465\">\n<tbody>\n<tr>\n<td width=\"181\">Plage de test<\/td>\n<td width=\"284\">0-50N (ou selon les besoins)<\/td>\n<\/tr>\n<tr>\n<td>Accident vasculaire c\u00e9r\u00e9bral<\/td>\n<td>110 mm (sans sonde)<\/td>\n<\/tr>\n<tr>\n<td>Vitesse de test<\/td>\n<td>1 \u00e0 100 mm\/min<\/td>\n<\/tr>\n<tr>\n<td>Pr\u00e9cision du d\u00e9placement<\/td>\n<td>0,01 mm<\/td>\n<\/tr>\n<tr>\n<td>Pr\u00e9cision<\/td>\n<td>0,5% FS<\/td>\n<\/tr>\n<tr>\n<td>Contr\u00f4le<\/td>\n<td>API et interface homme-machine<\/td>\n<\/tr>\n<tr>\n<td>Sortir<\/td>\n<td>\u00c9cran, micro-imprimante, RS232 (en option)<\/td>\n<\/tr>\n<\/tbody>\n<\/table>\n<h3>Caract\u00e9ristiques techniques du Bloom Tester<\/h3>\n<ul>\n<li><strong>Unit\u00e9 contr\u00f4l\u00e9e par PLC<\/strong>:Offre une stabilit\u00e9 de niveau industriel avec un fonctionnement sur \u00e9cran tactile HMI.<\/li>\n<li><strong>\u00c9cran tactile HMI 7 pouces<\/strong>: Assure une interface conviviale et une utilisation facile.<\/li>\n<li><strong>M\u00e9canisme de vis \u00e0 billes de pr\u00e9cision<\/strong>: Offre un contr\u00f4le pr\u00e9cis de la vitesse et du d\u00e9placement.<\/li>\n<li><strong>Programme sp\u00e9cialement con\u00e7u<\/strong>: Am\u00e9liore la flexibilit\u00e9 dans la r\u00e9alisation de divers tests de r\u00e9sistance du gel.<\/li>\n<li><strong>Plusieurs luminaires<\/strong>:Permet diverses analyses de texture.<\/li>\n<li><strong>Caract\u00e9ristiques de s\u00e9curit\u00e9<\/strong>:Comprend une protection de limite de course, un retour automatique et un couvercle de protection de cellule de charge.<\/li>\n<li><strong>Plusieurs \u00e9l\u00e9ments de test<\/strong>:Mesure le poids, le pic et la distance avec pr\u00e9cision.<\/li>\n<li><strong>Micro-imprimante \u00e0 matrice de points<\/strong>:Facilite l\u2019impression imm\u00e9diate des r\u00e9sultats des tests.<\/li>\n<li><strong>Port RS 232 et logiciel professionnel<\/strong>: (Facultatif) Pour une gestion avanc\u00e9e des donn\u00e9es.<\/li>\n<\/ul>\n<h4>Personnalisation<\/h4>\n<p>Le GST-01 offre des param\u00e8tres personnalisables adapt\u00e9s aux besoins de test sp\u00e9cifiques. Il permet d&#039;ajuster les \u00e9l\u00e9ments de test et les sondes pour s&#039;adapter \u00e0 diff\u00e9rentes analyses de force et de texture du gel.<\/p>\n<h3>IV. Processus de test de r\u00e9sistance de la floraison<\/h3>\n<p>Le test de r\u00e9sistance du gel consiste \u00e0 comprimer la surface d&#039;un \u00e9chantillon de gel \u00e0 l&#039;aide d&#039;une sonde perfor\u00e9e d&#039;un diam\u00e8tre et d&#039;une longueur sp\u00e9cifiques. Les param\u00e8tres standard incluent\u00a0:<\/p>\n<ul>\n<li><strong>Diam\u00e8tre de la sonde<\/strong>: 5 mm<\/li>\n<li><strong>Vitesse de compression<\/strong>: 60 mm\/min<\/li>\n<li><strong>Unit\u00e9 de mesure<\/strong>: g\u00b7cm (force \u00d7 distance)<\/li>\n<\/ul>\n<p>La force appliqu\u00e9e jusqu&#039;\u00e0 ce que le gel perce est enregistr\u00e9e, fournissant une mesure pr\u00e9cise de sa r\u00e9sistance.<\/p>\n<h3>V. Applications du testeur de r\u00e9sistance du gel GST-01<\/h3>\n<h4>Industrie alimentaire<\/h4>\n<ul>\n<li><strong>Contr\u00f4le de qualit\u00e9 dans la production de surimi<\/strong>:Assure une texture et une qualit\u00e9 constantes dans des produits comme la chair de crabe artificielle.<\/li>\n<li><strong>Contr\u00f4les de consistance pour les aliments \u00e0 base de gel<\/strong>:Essentiel pour maintenir les normes de produits dans divers aliments \u00e0 base de gel.<\/li>\n<\/ul>\n<h4>Industries m\u00e9dicales et pharmaceutiques<\/h4>\n<ul>\n<li><strong>Test de produits m\u00e9dicaux \u00e0 base de gel<\/strong>: Assure l\u2019efficacit\u00e9 et la coh\u00e9rence des produits m\u00e9dicaux \u00e0 base de gel.<\/li>\n<li><strong>Applications pharmaceutiques<\/strong>:Maintient le contr\u00f4le de la qualit\u00e9 des produits pharmaceutiques \u00e0 base de gel.<\/li>\n<\/ul>\n<h3>VI. FAQ<\/h3>\n<h4>1. Qu\u2019est-ce que la force du gel et pourquoi est-elle importante ?<\/h4>\n<p><strong>Force du gel<\/strong> mesure la capacit\u00e9 d&#039;un gel \u00e0 r\u00e9sister \u00e0 la d\u00e9formation sous l&#039;effet de la force, essentielle pour d\u00e9terminer la texture et la qualit\u00e9 des aliments et des produits pharmaceutiques.<\/p>\n<h4>2. Comment fonctionne le testeur de force de gel GST-01\u00a0?<\/h4>\n<p>Le GST-01 utilise une sonde de perforation pour comprimer la surface du gel \u00e0 un taux de d\u00e9formation constant jusqu&#039;\u00e0 la perforation, enregistrant la force et la distance pour calculer la r\u00e9sistance du gel.<\/p>\n<h4>3. Quelles sont les principales caract\u00e9ristiques du GST-01\u00a0?<\/h4>\n<p>Le GST-01 est dot\u00e9 d&#039;un \u00e9cran tactile HMI de 7 pouces, d&#039;un m\u00e9canisme de vis \u00e0 billes de pr\u00e9cision, de plusieurs fixations et de fonctions de s\u00e9curit\u00e9, ce qui le rend tr\u00e8s pr\u00e9cis et convivial.<\/p>\n<h4>4. Le GST-01 peut-il \u00eatre personnalis\u00e9 pour des tests sp\u00e9cifiques ?<\/h4>\n<p>Oui, le GST-01 offre des param\u00e8tres et des sondes personnalisables pour r\u00e9pondre \u00e0 des besoins de test sp\u00e9cifiques, le rendant polyvalent pour diverses applications.<\/p>\n<h4>5. Qu&#039;est-ce que la force de bloom dans les tests de r\u00e9sistance au gel ?<\/h4>\n<p>La force de bloom est une mesure de la fermet\u00e9 d&#039;un gel, g\u00e9n\u00e9ralement de la g\u00e9latine, et est d\u00e9finie comme le poids en grammes n\u00e9cessaire pour enfoncer un piston standard dans le gel de 4 mm. C&#039;est un param\u00e8tre cl\u00e9 dans l&#039;industrie alimentaire pour d\u00e9terminer la qualit\u00e9 et les propri\u00e9t\u00e9s de prise des produits \u00e0 base de g\u00e9latine.<\/p>\n<h2>Articles et produits associ\u00e9s<\/h2>\n<p>TEX-01 <a href=\"https:\/\/www.qualitester.com\/fr\/produit\/sale-cheap-texture-analyser\/\" target=\"_blank\" rel=\"noopener\">Analyseur de texture<\/a><\/p>\n<\/div>\n<\/div>\n<\/div>\n<\/div>","protected":false},"excerpt":{"rendered":"<p>Le <strong>Testeur de force de gel GST-01<\/strong> est un instrument de pointe con\u00e7u pour mesurer avec pr\u00e9cision la force du gel. Essentiel pour garantir la qualit\u00e9 et la coh\u00e9rence des produits, le GST-01 joue un r\u00f4le essentiel dans diverses industries. Son application principale se situe dans le secteur alimentaire, en particulier pour mesurer la force du gel des produits \u00e0 base de surimi comme la chair de crabe artificielle, ce qui a un impact direct sur la texture et la satisfaction du consommateur.<\/p>","protected":false},"featured_media":6013,"comment_status":"closed","ping_status":"closed","template":"","meta":{"site-sidebar-layout":"default","site-content-layout":"default","ast-global-header-display":"","ast-main-header-display":"","ast-hfb-above-header-display":"","ast-hfb-below-header-display":"","ast-hfb-mobile-header-display":"","site-post-title":"disabled","ast-breadcrumbs-content":"","ast-featured-img":"disabled","footer-sml-layout":"","theme-transparent-header-meta":"default","adv-header-id-meta":"","stick-header-meta":"","header-above-stick-meta":"","header-main-stick-meta":"","header-below-stick-meta":""},"product_cat":[845,929,928,95],"product_tag":[],"class_list":{"0":"post-1596","1":"product","2":"type-product","3":"status-publish","4":"has-post-thumbnail","6":"product_cat-customization","7":"product_cat-gel-strength-tester","8":"product_cat-tpa-texture-analyzer","9":"product_cat-products","10":"desktop-align-left","11":"tablet-align-left","12":"mobile-align-left","14":"first","15":"instock","16":"shipping-taxable","17":"product-type-simple"},"_links":{"self":[{"href":"https:\/\/www.qualitester.com\/fr\/wp-json\/wp\/v2\/product\/1596","targetHints":{"allow":["GET"]}}],"collection":[{"href":"https:\/\/www.qualitester.com\/fr\/wp-json\/wp\/v2\/product"}],"about":[{"href":"https:\/\/www.qualitester.com\/fr\/wp-json\/wp\/v2\/types\/product"}],"replies":[{"embeddable":true,"href":"https:\/\/www.qualitester.com\/fr\/wp-json\/wp\/v2\/comments?post=1596"}],"version-history":[{"count":0,"href":"https:\/\/www.qualitester.com\/fr\/wp-json\/wp\/v2\/product\/1596\/revisions"}],"wp:featuredmedia":[{"embeddable":true,"href":"https:\/\/www.qualitester.com\/fr\/wp-json\/wp\/v2\/media\/6013"}],"wp:attachment":[{"href":"https:\/\/www.qualitester.com\/fr\/wp-json\/wp\/v2\/media?parent=1596"}],"wp:term":[{"taxonomy":"product_cat","embeddable":true,"href":"https:\/\/www.qualitester.com\/fr\/wp-json\/wp\/v2\/product_cat?post=1596"},{"taxonomy":"product_tag","embeddable":true,"href":"https:\/\/www.qualitester.com\/fr\/wp-json\/wp\/v2\/product_tag?post=1596"}],"curies":[{"name":"wp","href":"https:\/\/api.w.org\/{rel}","templated":true}]}}