{"id":1560,"date":"2023-04-23T16:38:43","date_gmt":"2023-04-23T08:38:43","guid":{"rendered":"https:\/\/www.qualitester.com\/?post_type=product&#038;p=1560"},"modified":"2024-11-27T13:15:16","modified_gmt":"2024-11-27T05:15:16","slug":"heat-seal-tester-hst-01","status":"publish","type":"product","link":"https:\/\/www.qualitester.com\/fr\/produit\/heat-seal-tester-hst-01\/","title":{"rendered":"Testeur de thermoscellage HST-01"},"content":{"rendered":"<h2><strong>Pr\u00e9sentation du testeur de thermoscellage HST-01<\/strong><\/h2>\n<p>Le <strong>Testeur de thermoscellage HST-01<\/strong> est un instrument de laboratoire con\u00e7u pour \u00e9valuer la thermoscellabilit\u00e9 des mat\u00e9riaux barri\u00e8res flexibles, notamment les films, les stratifi\u00e9s, les polym\u00e8res et les composites. Cet appareil polyvalent reproduit avec pr\u00e9cision le processus de thermoscellage en contr\u00f4lant trois param\u00e8tres critiques\u00a0: <strong>temps, temp\u00e9rature et pression<\/strong>Son r\u00f4le principal est de garantir que les joints des emballages flexibles r\u00e9pondent aux normes de performance en mati\u00e8re de r\u00e9sistance et d\u2019int\u00e9grit\u00e9, contribuant ainsi \u00e0 la s\u00e9curit\u00e9 du produit, \u00e0 sa dur\u00e9e de conservation et \u00e0 sa facilit\u00e9 d\u2019utilisation.<\/p>\n<h2><strong>Applications du testeur de thermoscellage HST-01<\/strong><\/h2>\n<p>Le testeur de thermoscellage HST-01 est essentiel dans de nombreux secteurs, notamment\u00a0:<\/p>\n<ul>\n<li><strong>Conditionnement<\/strong>:\u00c9valuation des thermoscellages pour les emballages alimentaires, pharmaceutiques et m\u00e9dicaux.<\/li>\n<li><strong>Dispositifs m\u00e9dicaux<\/strong>: Assurer l&#039;int\u00e9grit\u00e9 de la barri\u00e8re st\u00e9rile dans les sachets m\u00e9dicaux et les blisters.<\/li>\n<li><strong>Biens de consommation<\/strong>:Test des joints sur les produits chimiques quotidiens et les articles de soins personnels.<\/li>\n<li><strong>\u00c9lectronique<\/strong>:\u00c9valuation des emballages de protection des composants \u00e9lectroniques.<\/li>\n<li><strong>Adh\u00e9sifs et composites<\/strong>:Mesure des performances de thermoscellage des mat\u00e9riaux sp\u00e9ciaux.<\/li>\n<\/ul>\n<p>Un thermoscellage efficace garantit que les produits restent s\u00e9curis\u00e9s, sans contaminants et faciles d\u2019acc\u00e8s, am\u00e9liorant ainsi la qualit\u00e9 globale et la satisfaction du consommateur.<\/p>\n<h2><strong>ASTM F2029 et son importance dans les tests de thermoscellage<\/strong><\/h2>\n<h3><strong>Aper\u00e7u de <a href=\"https:\/\/www.astm.org\/f2029-16r21.html\" target=\"_blank\" rel=\"noopener nofollow\">ASTM F2029<\/a><\/strong><\/h3>\n<p>Le <strong><a href=\"https:\/\/www.qualitester.com\/fr\/categorie-produit\/astm\/astm-f2029\/\" target=\"_blank\" rel=\"noopener\">ASTM F2029<\/a>-16 (2021)<\/strong> norme, intitul\u00e9 <em>Pratiques standard pour la fabrication de joints thermiques de laboratoire pour la d\u00e9termination de la thermoscellabilit\u00e9 des mat\u00e9riaux barri\u00e8res flexibles telle que mesur\u00e9e par la r\u00e9sistance du joint<\/em>, d\u00e9crit les m\u00e9thodes utilis\u00e9es pour produire et \u00e9valuer les thermoscellages dans les mat\u00e9riaux d&#039;emballage souples. Cette norme garantit que les thermoscellages sont coh\u00e9rents et fiables dans diverses applications.<\/p>\n<div class=\"ast-oembed-container\" style=\"height: 100%;\"><iframe title=\"m\u00e2choires chauffantes ind\u00e9pendantes du testeur de thermoscellage de film plastique \u00e0 usage de laboratoire Type de gradation de temp\u00e9rature\" width=\"500\" height=\"281\" src=\"https:\/\/www.youtube.com\/embed\/CDvc9iG0cxc?feature=oembed\" frameborder=\"0\" allow=\"accelerometer; autoplay; clipboard-write; encrypted-media; gyroscope; picture-in-picture; web-share\" referrerpolicy=\"strict-origin-when-cross-origin\" allowfullscreen><\/iframe><\/div>\n<h3><strong>M\u00e9thodes d&#039;essai<\/strong><\/h3>\n<p>La norme ASTM F2029 sp\u00e9cifie les conditions contr\u00f4l\u00e9es pour la r\u00e9alisation de joints thermiques, en se concentrant sur :<\/p>\n<ul>\n<li><strong>Temp\u00e9rature<\/strong>:Maintenir des niveaux de chaleur pr\u00e9cis pendant le processus de scellage.<\/li>\n<li><strong>Temps<\/strong>: Assurer que le joint se forme sur une dur\u00e9e constante.<\/li>\n<li><strong>Pression<\/strong>:Application d&#039;une force uniforme pour obtenir une liaison fiable.<\/li>\n<\/ul>\n<p>La r\u00e9sistance du joint est ensuite \u00e9valu\u00e9e \u00e0 l\u2019aide de m\u00e9thodes telles que :<\/p>\n<ul>\n<li>Test d&#039;\u00e9tanch\u00e9it\u00e9 \u00e0 l&#039;air.<\/li>\n<li>P\u00e9n\u00e9tration de colorant.<\/li>\n<li>Inspection visuelle de la continuit\u00e9 et des d\u00e9fauts.<\/li>\n<\/ul>\n<h3><strong>Importance de la conformit\u00e9<\/strong><\/h3>\n<p>La conformit\u00e9 \u00e0 la norme ASTM F2029 garantit que les r\u00e9sultats des tests sont reproductibles et r\u00e9pondent aux normes de l\u2019industrie, favorisant ainsi la confiance dans les performances et la qualit\u00e9 des produits.<\/p>\n<h2><strong>Caract\u00e9ristiques techniques du testeur de thermoscellage HST-01<\/strong><\/h2>\n<p>Le HST-01 est con\u00e7u avec des fonctionnalit\u00e9s avanc\u00e9es qui garantissent des tests de thermoscellage pr\u00e9cis et r\u00e9p\u00e9tables :<\/p>\n<ul>\n<li><strong>Contr\u00f4le de pr\u00e9cision<\/strong>:\n<ul>\n<li><strong>Plage de temp\u00e9rature<\/strong>:Ambiante \u00e0 300\u00b0C, avec un \u00e9cart de \u00b10,2\u00b0C.<\/li>\n<li><strong>Temps de scellage<\/strong>:R\u00e9glable de 0,1 s \u00e0 9999 s.<\/li>\n<li><strong>Plage de pression<\/strong>:0,15 \u00e0 0,7 MPa, assurant une application uniforme de la force.<\/li>\n<\/ul>\n<\/li>\n<li><strong>Conception haute performance<\/strong>:\n<ul>\n<li>Les m\u00e2choires chauffantes doubles en aluminium minimisent les pertes de chaleur et maintiennent des temp\u00e9ratures constantes.<\/li>\n<li>Une barre de soudure guid\u00e9e dans trois directions garantit une r\u00e9partition uniforme de la pression.<\/li>\n<li>UN <strong>R\u00e9gulateur de temp\u00e9rature PID<\/strong> assure un chauffage rapide et pr\u00e9cis.<\/li>\n<\/ul>\n<\/li>\n<li><strong>Utilisation conviviale<\/strong>:\n<ul>\n<li><strong>Contr\u00f4le PLC<\/strong> avec une interface \u00e0 \u00e9cran tactile IHM intuitive pour un fonctionnement transparent.<\/li>\n<li>Activation manuelle ou par p\u00e9dale pour plus de flexibilit\u00e9 lors des tests.<\/li>\n<li>Les dispositifs de s\u00e9curit\u00e9, notamment un couvercle avant anti-br\u00fblure, privil\u00e9gient la protection de l&#039;utilisateur.<\/li>\n<\/ul>\n<\/li>\n<li><strong>Options de personnalisation<\/strong>:\n<ul>\n<li>M\u00e2choires d&#039;\u00e9tanch\u00e9it\u00e9 personnalisables pour s&#039;adapter \u00e0 diff\u00e9rentes formes, tailles et motifs.<\/li>\n<li>Facultatif <strong>Port COM RS 232<\/strong> et des logiciels d&#039;analyse et de reporting de donn\u00e9es.<\/li>\n<\/ul>\n<\/li>\n<\/ul>\n<h2><strong>Processus de test du testeur de thermoscellage HST-01<\/strong><\/h2>\n<p>Le processus de test de thermoscellage suit les \u00e9tapes suivantes\u00a0:<\/p>\n<ol>\n<li><strong>Pr\u00e9paration des \u00e9chantillons<\/strong>:Placer le mat\u00e9riau d\u2019essai entre deux m\u00e2choires de scellage parall\u00e8les et chauff\u00e9es.<\/li>\n<li><strong>R\u00e9glages des param\u00e8tres<\/strong>:R\u00e9glez la temp\u00e9rature, la pression et le temps de scellage souhait\u00e9s.<\/li>\n<li><strong>Scellage<\/strong>:La m\u00e2choire sup\u00e9rieure, entra\u00een\u00e9e par un v\u00e9rin \u00e0 gaz, applique une pression sur l&#039;\u00e9chantillon pendant la dur\u00e9e d\u00e9finie.<\/li>\n<li><strong>Ach\u00e8vement<\/strong>:Apr\u00e8s le temps pr\u00e9d\u00e9fini, la m\u00e2choire revient \u00e0 sa position d&#039;origine, terminant ainsi le processus.<\/li>\n<li><strong>\u00c9valuation<\/strong>:L&#039;\u00e9chantillon scell\u00e9 est \u00e9valu\u00e9 en termes de r\u00e9sistance et de continuit\u00e9 \u00e0 l&#039;aide de m\u00e9thodes telles que des tests d&#039;\u00e9tanch\u00e9it\u00e9 \u00e0 l&#039;air et de p\u00e9n\u00e9tration de colorant.<\/li>\n<\/ol>\n<h2><strong>\u00c9valuation et analyse du thermoscellage<\/strong><\/h2>\n<p>La qualit\u00e9 du joint est \u00e9valu\u00e9e par :<\/p>\n<ul>\n<li><strong>R\u00e9sistance du joint<\/strong>:Mesure de la force n\u00e9cessaire pour briser le sceau.<\/li>\n<li><strong>Continuit\u00e9 et int\u00e9grit\u00e9<\/strong>:Identifier les d\u00e9fauts tels que les fuites ou les points faibles.<\/li>\n<li><strong>Techniques avanc\u00e9es<\/strong>:P\u00e9n\u00e9tration microbienne et inspection visuelle pour des applications de haute pr\u00e9cision.<\/li>\n<\/ul>\n<p>Ces \u00e9valuations garantissent que l\u2019emballage r\u00e9pond aux exigences de performance fonctionnelle et aux attentes des consommateurs.<\/p>\n<h2><strong>Principaux param\u00e8tres et sp\u00e9cifications<\/strong><\/h2>\n<table>\n<tbody>\n<tr>\n<td style=\"text-align: center;\" width=\"123\">Temp\u00e9rature d&#039;\u00e9tanch\u00e9it\u00e9<\/td>\n<td style=\"text-align: center;\" width=\"126\">Ambiante ~ 300 \u2103<\/td>\n<\/tr>\n<tr>\n<td style=\"text-align: center;\" width=\"123\">D\u00e9viation<\/td>\n<td style=\"text-align: center;\" width=\"126\">\u00b10,2\u2103<\/td>\n<\/tr>\n<tr>\n<td style=\"text-align: center;\" width=\"123\">Temps de scellage<\/td>\n<td style=\"text-align: center;\" width=\"126\">0,1 S \u00e0 9999 S<\/td>\n<\/tr>\n<tr>\n<td style=\"text-align: center;\" width=\"123\">Pression d&#039;\u00e9tanch\u00e9it\u00e9<\/td>\n<td style=\"text-align: center;\" width=\"126\">0,15 \u00e0 0,7 MPa<\/td>\n<\/tr>\n<tr>\n<td style=\"text-align: center;\" width=\"123\">M\u00e2choires de phoque<\/td>\n<td style=\"text-align: center;\" width=\"126\">330*10 mm L*l<\/td>\n<\/tr>\n<tr>\n<td style=\"text-align: center;\" width=\"123\">Pression du gaz<\/td>\n<td style=\"text-align: center;\" width=\"126\">0,7 MPa<\/td>\n<\/tr>\n<tr>\n<td style=\"text-align: center;\" width=\"123\">Taille du port<\/td>\n<td style=\"text-align: center;\" width=\"126\">Tuyau en PU de 6 mm<\/td>\n<\/tr>\n<tr>\n<td style=\"text-align: center;\" width=\"123\">Pouvoir<\/td>\n<td style=\"text-align: center;\" width=\"126\">CA 220 V 50 Hz<\/td>\n<\/tr>\n<\/tbody>\n<\/table>\n<hr \/>\n<h2><strong>Pourquoi choisir le testeur de thermoscellage HST-01\u00a0?<\/strong><\/h2>\n<p>Le HST-01 offre une pr\u00e9cision, une stabilit\u00e9 et une s\u00e9curit\u00e9 in\u00e9gal\u00e9es, ce qui en fait un choix id\u00e9al pour les laboratoires et les environnements de contr\u00f4le qualit\u00e9. Sa conformit\u00e9 aux normes <strong>ASTM F2029<\/strong> garantit des r\u00e9sultats fiables et conformes aux normes de l&#039;industrie, aidant les fabricants \u00e0 maintenir la qualit\u00e9 et les performances des produits.<\/p>\n<h2><strong>FAQ<\/strong><\/h2>\n<ol>\n<li><strong>Quel est le but d&#039;un testeur de thermoscellage ?<\/strong>\n<ul>\n<li>Un testeur de thermoscellage \u00e9value la r\u00e9sistance et l&#039;int\u00e9grit\u00e9 du scellage des mat\u00e9riaux d&#039;emballage flexibles, garantissant ainsi la s\u00e9curit\u00e9 et les performances du produit.<\/li>\n<\/ul>\n<\/li>\n<li><strong>Pourquoi la norme ASTM F2029 est-elle importante ?<\/strong>\n<ul>\n<li>La norme ASTM F2029 fournit des pratiques normalis\u00e9es pour la fabrication et le test des joints thermiques, garantissant des r\u00e9sultats coh\u00e9rents et reproductibles dans tous les secteurs.<\/li>\n<\/ul>\n<\/li>\n<li><strong>Quels mat\u00e9riaux peuvent \u00eatre test\u00e9s avec le HST-01 ?<\/strong>\n<ul>\n<li>Le HST-01 peut tester des films, des stratifi\u00e9s, des polym\u00e8res, des composites et d&#039;autres mat\u00e9riaux barri\u00e8res flexibles.<\/li>\n<\/ul>\n<\/li>\n<li><strong>Comment le HST-01 assure-t-il une \u00e9tanch\u00e9it\u00e9 pr\u00e9cise ?<\/strong>\n<ul>\n<li>Il utilise un contr\u00f4le pr\u00e9cis de la temp\u00e9rature, du temps et de la pression, combin\u00e9 \u00e0 des capteurs avanc\u00e9s et \u00e0 un contr\u00f4leur PID pour des performances optimales.<\/li>\n<\/ul>\n<\/li>\n<li><strong>Le HST-01 peut-il \u00eatre personnalis\u00e9 ?<\/strong>\n<ul>\n<li>Oui, le HST-01 offre des m\u00e2choires d&#039;\u00e9tanch\u00e9it\u00e9 personnalisables et un logiciel en option pour des fonctionnalit\u00e9s am\u00e9lior\u00e9es.<\/li>\n<\/ul>\n<\/li>\n<\/ol>","protected":false},"excerpt":{"rendered":"<p>Le <strong>Testeur de thermoscellage HST-01<\/strong> est un instrument de laboratoire con\u00e7u pour \u00e9valuer la thermoscellabilit\u00e9 des mat\u00e9riaux barri\u00e8res flexibles, notamment les films, les stratifi\u00e9s, les polym\u00e8res et les composites. Cet appareil polyvalent reproduit avec pr\u00e9cision le processus de thermoscellage en contr\u00f4lant trois param\u00e8tres critiques\u00a0: <strong>temps, temp\u00e9rature et pression<\/strong>Son r\u00f4le principal est de garantir que les joints des emballages flexibles r\u00e9pondent aux normes de performance en mati\u00e8re de r\u00e9sistance et d\u2019int\u00e9grit\u00e9, contribuant ainsi \u00e0 la s\u00e9curit\u00e9 du produit, \u00e0 sa dur\u00e9e de conservation et \u00e0 sa facilit\u00e9 d\u2019utilisation.<\/p>","protected":false},"featured_media":5896,"comment_status":"closed","ping_status":"closed","template":"","meta":{"site-sidebar-layout":"default","site-content-layout":"default","ast-global-header-display":"","ast-main-header-display":"","ast-hfb-above-header-display":"","ast-hfb-below-header-display":"","ast-hfb-mobile-header-display":"","site-post-title":"","ast-breadcrumbs-content":"","ast-featured-img":"","footer-sml-layout":"","theme-transparent-header-meta":"default","adv-header-id-meta":"","stick-header-meta":"","header-above-stick-meta":"","header-main-stick-meta":"","header-below-stick-meta":""},"product_cat":[845,677,672,16,142,95],"product_tag":[64,65,31],"class_list":{"0":"post-1560","1":"product","2":"type-product","3":"status-publish","4":"has-post-thumbnail","6":"product_cat-customization","7":"product_cat-heat-seal-tester","8":"product_cat-applied-materials","9":"product_cat-plastic-packaging-testers","10":"product_cat-astm-f2029","11":"product_cat-products","12":"product_tag-astm-f2029","13":"product_tag-heat-seal","14":"product_tag-heat-sealing","15":"desktop-align-left","16":"tablet-align-left","17":"mobile-align-left","19":"first","20":"instock","21":"shipping-taxable","22":"product-type-simple"},"_links":{"self":[{"href":"https:\/\/www.qualitester.com\/fr\/wp-json\/wp\/v2\/product\/1560","targetHints":{"allow":["GET"]}}],"collection":[{"href":"https:\/\/www.qualitester.com\/fr\/wp-json\/wp\/v2\/product"}],"about":[{"href":"https:\/\/www.qualitester.com\/fr\/wp-json\/wp\/v2\/types\/product"}],"replies":[{"embeddable":true,"href":"https:\/\/www.qualitester.com\/fr\/wp-json\/wp\/v2\/comments?post=1560"}],"version-history":[{"count":0,"href":"https:\/\/www.qualitester.com\/fr\/wp-json\/wp\/v2\/product\/1560\/revisions"}],"wp:featuredmedia":[{"embeddable":true,"href":"https:\/\/www.qualitester.com\/fr\/wp-json\/wp\/v2\/media\/5896"}],"wp:attachment":[{"href":"https:\/\/www.qualitester.com\/fr\/wp-json\/wp\/v2\/media?parent=1560"}],"wp:term":[{"taxonomy":"product_cat","embeddable":true,"href":"https:\/\/www.qualitester.com\/fr\/wp-json\/wp\/v2\/product_cat?post=1560"},{"taxonomy":"product_tag","embeddable":true,"href":"https:\/\/www.qualitester.com\/fr\/wp-json\/wp\/v2\/product_tag?post=1560"}],"curies":[{"name":"wp","href":"https:\/\/api.w.org\/{rel}","templated":true}]}}