{"id":1484,"date":"2023-04-20T14:00:05","date_gmt":"2023-04-20T06:00:05","guid":{"rendered":"https:\/\/www.qualitester.com\/?post_type=product&#038;p=1484"},"modified":"2024-12-03T13:53:39","modified_gmt":"2024-12-03T05:53:39","slug":"inclined-coefficient-of-friction-tester-cof-03","status":"publish","type":"product","link":"https:\/\/www.qualitester.com\/fr\/produit\/inclined-coefficient-of-friction-tester-cof-03\/","title":{"rendered":"COF-03 Testeur de coefficient de frottement inclin\u00e9"},"content":{"rendered":"<h2><strong>Introduction au testeur de coefficient de frottement inclin\u00e9<\/strong><\/h2>\n<p>Le <strong>Testeur de coefficient de frottement inclin\u00e9<\/strong> est un instrument avanc\u00e9 con\u00e7u pour mesurer le coefficient de frottement statique (COF) d&#039;une large gamme de mat\u00e9riaux. \u00c0 l&#039;aide d&#039;un plan inclin\u00e9 variable et d&#039;un bloc coulissant, ce testeur d\u00e9termine l&#039;angle auquel une surface d&#039;essai commence \u00e0 glisser contre une autre \u00e0 mesure que l&#039;inclinaison augmente progressivement. L&#039;appareil est id\u00e9al pour tester divers mat\u00e9riaux, notamment les films plastiques, le caoutchouc, le papier, les panneaux, les tissus tiss\u00e9s, les rev\u00eatements, les plaquettes de frein, les textiles, etc.<\/p>\n<p>Ce testeur polyvalent est essentiel pour les industries telles que l&#039;emballage, l&#039;automobile, le textile, les produits pharmaceutiques et l&#039;emballage alimentaire, o\u00f9 une mesure pr\u00e9cise du frottement est essentielle pour garantir la qualit\u00e9, la s\u00e9curit\u00e9 et des performances optimales. Que vous ayez besoin de mesurer le frottement de films, de feuilles ou de composants industriels, cet appareil fournit des r\u00e9sultats fiables, aidant les utilisateurs \u00e0 am\u00e9liorer la manutention des mat\u00e9riaux, la conception des emballages et la fonctionnalit\u00e9 des produits.<\/p>\n<h2><strong>Principe de fonctionnement<\/strong><\/h2>\n<p>Le <strong>Inclin\u00e9 <a href=\"https:\/\/www.qualitester.com\/fr\/produit\/coefficient-of-friction-tester-cof-01\/\" target=\"_blank\" rel=\"noopener\">Testeur de coefficient de frottement<\/a><\/strong> mesure le coefficient de frottement statique en d\u00e9terminant l&#039;angle auquel un mat\u00e9riau commence \u00e0 glisser sur une autre surface inclin\u00e9e. Lorsque l&#039;inclinaison augmente progressivement \u00e0 un rythme constant, la surface du mat\u00e9riau test\u00e9 commence \u00e0 glisser. L&#039;angle auquel cela se produit est mesur\u00e9 et le coefficient de frottement statique est num\u00e9riquement \u00e9quivalent \u00e0 la tangente de cet angle.<\/p>\n<p>Cette m\u00e9thode fournit des valeurs de frottement pr\u00e9cises qui sont essentielles pour comprendre le comportement des mat\u00e9riaux dans des applications r\u00e9elles, telles que la manutention, l&#039;emballage et l&#039;assemblage. <strong>Testeur d&#039;angle coulissant<\/strong> La caract\u00e9ristique de cet instrument garantit que des lectures COF pr\u00e9cises sont obtenues pour une grande vari\u00e9t\u00e9 de mat\u00e9riaux.<\/p>\n<h2><strong>Aper\u00e7u des normes de test pertinentes<\/strong><\/h2>\n<ul>\n<li><a href=\"https:\/\/www.astm.org\/d0202-17.html\" target=\"_blank\" rel=\"noopener nofollow\"><strong>ASTM D202<\/strong><\/a>:Cette norme fournit des lignes directrices pour mesurer le coefficient de frottement statique des mat\u00e9riaux, en particulier pour les films et les mat\u00e9riaux d&#039;emballage. Elle garantit que le testeur r\u00e9pond \u00e0 la pr\u00e9cision requise pour une gamme de mat\u00e9riaux, aidant ainsi les fabricants \u00e0 \u00e9valuer la facilit\u00e9 avec laquelle les mat\u00e9riaux glissent les uns contre les autres, un facteur cl\u00e9 dans la conception des emballages et la s\u00e9lection des mat\u00e9riaux.<\/li>\n<li><a href=\"https:\/\/www.astm.org\/d4918-97r07.html\" target=\"_blank\" rel=\"noopener nofollow\"><strong>ASTM D4918<\/strong><\/a>:Sp\u00e9cifiquement con\u00e7ue pour les tests sur papier et carton, la norme ASTM D4918 d\u00e9crit les proc\u00e9dures permettant de d\u00e9terminer le coefficient de frottement statique entre les mat\u00e9riaux en papier. Cette norme est importante pour les industries telles que l&#039;emballage et la production de papier, car elle garantit que les mat\u00e9riaux pr\u00e9sentent les caract\u00e9ristiques de frottement appropri\u00e9es pour une manipulation et des applications d&#039;emballage en douceur.<\/li>\n<li><strong>TAPPI T815<\/strong>:Cette norme, largement reconnue dans l&#039;industrie du papier et de la p\u00e2te \u00e0 papier, sp\u00e9cifie la m\u00e9thode de d\u00e9termination du coefficient de frottement du papier, du carton et des mat\u00e9riaux connexes. Elle aide les fabricants \u00e0 garantir que les produits \u00e0 base de papier ont des propri\u00e9t\u00e9s de frottement constantes, essentielles au bon fonctionnement des machines d&#039;emballage et \u00e0 la qualit\u00e9 du produit final.<\/li>\n<\/ul>\n<p>Ces normes garantissent que <strong>Testeur de coefficient de frottement inclin\u00e9<\/strong> r\u00e9pond aux crit\u00e8res n\u00e9cessaires pour des r\u00e9sultats pr\u00e9cis et fiables, conformes aux r\u00e9glementations de l&#039;industrie et aux meilleures pratiques mondiales.<\/p>\n<h2><strong>Principales caract\u00e9ristiques du testeur de coefficient de frottement inclin\u00e9<\/strong><\/h2>\n<ul>\n<li><strong>Contr\u00f4le PLC et fonctionnement de l&#039;\u00e9cran tactile IHM<\/strong>:Le testeur est dot\u00e9 d&#039;une interface homme-machine (IHM) intuitive et d&#039;un automate programmable (PLC), ce qui facilite le contr\u00f4le et la surveillance des tests. L&#039;\u00e9cran tactile permet une navigation et une utilisation simples, am\u00e9liorant ainsi l&#039;efficacit\u00e9 et l&#039;exp\u00e9rience utilisateur.<\/li>\n<li><strong>Affichage en temps r\u00e9el des r\u00e9sultats des tests<\/strong>:Cet appareil affiche des donn\u00e9es en temps r\u00e9el sur l&#039;\u00e9cran, notamment le maximum, le minimum, la moyenne et l&#039;\u00e9cart type (ET) des r\u00e9sultats des tests. Cela vous permet de suivre la coh\u00e9rence et la pr\u00e9cision de vos tests au fur et \u00e0 mesure de leur ex\u00e9cution.<\/li>\n<li><strong>Conformit\u00e9 aux normes internationales<\/strong>: Le <strong>Testeur de coefficient de frottement inclin\u00e9<\/strong> est con\u00e7u pour \u00eatre conforme \u00e0 plusieurs normes internationales, notamment ASTM D202, ASTM D4918 et TAPPI T815, garantissant l&#039;exactitude et la fiabilit\u00e9 de vos r\u00e9sultats de test.<\/li>\n<li><strong>Mesure du COF angulaire et statique<\/strong>:En plus de mesurer l&#039;angle d&#039;inclinaison auquel le glissement se produit, ce testeur calcule \u00e9galement le coefficient de frottement statique, offrant une vue compl\u00e8te des performances du mat\u00e9riau.<\/li>\n<li><strong>Micro-impression pour une documentation facile des r\u00e9sultats des tests<\/strong>:Le testeur peut g\u00e9n\u00e9rer des r\u00e9sultats de test sous forme imprim\u00e9e, ce qui permet aux utilisateurs de documenter et de partager facilement les r\u00e9sultats. Cette fonctionnalit\u00e9 est particuli\u00e8rement utile pour le contr\u00f4le qualit\u00e9, la cr\u00e9ation de rapports et la v\u00e9rification de la conformit\u00e9.<\/li>\n<li><strong>RS232 en option et logiciel professionnel<\/strong>:Pour les utilisateurs qui ont besoin d&#039;une analyse de donn\u00e9es avanc\u00e9e, le testeur offre une connectivit\u00e9 RS232 et un logiciel professionnel en option, permettant une int\u00e9gration transparente avec d&#039;autres syst\u00e8mes et offrant des capacit\u00e9s de gestion et de cr\u00e9ation de rapports de donn\u00e9es plus robustes.<\/li>\n<\/ul>\n<h2><strong>Sp\u00e9cifications techniques<\/strong><\/h2>\n<table>\n<tbody>\n<tr>\n<td style=\"text-align: center;\" width=\"104\">Plage d&#039;angle<\/td>\n<td style=\"text-align: center;\" width=\"328\">0\u00b0 ~ 60\u00b0<\/td>\n<\/tr>\n<tr>\n<td style=\"text-align: center;\" width=\"104\">Pr\u00e9cision<\/td>\n<td style=\"text-align: center;\" width=\"328\">0,01\u00b0<\/td>\n<\/tr>\n<tr>\n<td style=\"text-align: center;\" width=\"104\">Accident vasculaire c\u00e9r\u00e9bral<\/td>\n<td style=\"text-align: center;\" width=\"328\">0,1\u00b0\/s \uff5e 10,0\u00b0\/s<\/td>\n<\/tr>\n<tr>\n<td style=\"text-align: center;\" width=\"104\">Tra\u00eeneau<\/td>\n<td style=\"text-align: center;\" width=\"328\">200g, 235g ou 1300g (choisissez l&#039;un ou plusieurs)<\/td>\n<\/tr>\n<\/tbody>\n<\/table>\n<h2><strong>Applications du testeur de coefficient de frottement inclin\u00e9<\/strong><\/h2>\n<p>Le <strong>Testeur de coefficient de frottement inclin\u00e9<\/strong> est utilis\u00e9 dans un large \u00e9ventail d&#039;industries pour tester les propri\u00e9t\u00e9s de frottement des mat\u00e9riaux. Voici quelques applications cl\u00e9s\u00a0:<\/p>\n<ul>\n<li><strong>Conditionnement<\/strong>:\u00c9valuer les propri\u00e9t\u00e9s de friction des films, du papier, du carton et d\u2019autres mat\u00e9riaux d\u2019emballage pour assurer un fonctionnement fluide des lignes d\u2019emballage.<\/li>\n<li><strong>Automobile<\/strong>:\u00c9valuez les plaquettes de frein et autres composants en termes de performances, de durabilit\u00e9 et de s\u00e9curit\u00e9.<\/li>\n<li><strong>Textiles<\/strong>:Testez les tissus, les mat\u00e9riaux tiss\u00e9s et les rev\u00eatements pour leurs propri\u00e9t\u00e9s de friction, importantes pour la manipulation et le traitement des tissus.<\/li>\n<li><strong>Dispositifs m\u00e9dicaux<\/strong>: Assurez-vous que les mat\u00e9riaux d&#039;emballage m\u00e9dicaux r\u00e9pondent aux exigences COF n\u00e9cessaires pour \u00e9viter les probl\u00e8mes lors de l&#039;emballage et de la distribution.<\/li>\n<li><strong>M\u00e9dicaments<\/strong>:Mesurer les caract\u00e9ristiques de frottement des mat\u00e9riaux d\u2019emballage pharmaceutiques pour garantir une manipulation et un stockage appropri\u00e9s.<\/li>\n<\/ul>","protected":false},"excerpt":{"rendered":"<p>Le <strong>Testeur de coefficient de frottement inclin\u00e9<\/strong> est un instrument avanc\u00e9 con\u00e7u pour mesurer le coefficient de frottement statique (COF) d&#039;une large gamme de mat\u00e9riaux. \u00c0 l&#039;aide d&#039;un plan inclin\u00e9 variable et d&#039;un bloc coulissant, ce testeur d\u00e9termine l&#039;angle auquel une surface d&#039;essai commence \u00e0 glisser contre une autre \u00e0 mesure que l&#039;inclinaison augmente progressivement. L&#039;appareil est id\u00e9al pour tester divers mat\u00e9riaux, notamment les films plastiques, le caoutchouc, le papier, les panneaux, les tissus tiss\u00e9s, les rev\u00eatements, les plaquettes de frein, les textiles, etc.<\/p>","protected":false},"featured_media":5990,"comment_status":"closed","ping_status":"closed","template":"","meta":{"site-sidebar-layout":"default","site-content-layout":"default","ast-global-header-display":"","ast-main-header-display":"","ast-hfb-above-header-display":"","ast-hfb-below-header-display":"","ast-hfb-mobile-header-display":"","site-post-title":"","ast-breadcrumbs-content":"","ast-featured-img":"","footer-sml-layout":"","theme-transparent-header-meta":"default","adv-header-id-meta":"","stick-header-meta":"","header-above-stick-meta":"","header-main-stick-meta":"","header-below-stick-meta":""},"product_cat":[845,1130,938,683,44,16,123,133,95],"product_tag":[],"class_list":{"0":"post-1484","1":"product","2":"type-product","3":"status-publish","4":"has-post-thumbnail","6":"product_cat-customization","7":"product_cat-tappi-t815","8":"product_cat-textile-tester","9":"product_cat-coefficient-of-friction-tester","10":"product_cat-paper-and-board-testers","11":"product_cat-plastic-packaging-testers","12":"product_cat-astm-d202","13":"product_cat-astm-d4918","14":"product_cat-products","15":"desktop-align-left","16":"tablet-align-left","17":"mobile-align-left","19":"first","20":"instock","21":"shipping-taxable","22":"product-type-simple"},"_links":{"self":[{"href":"https:\/\/www.qualitester.com\/fr\/wp-json\/wp\/v2\/product\/1484","targetHints":{"allow":["GET"]}}],"collection":[{"href":"https:\/\/www.qualitester.com\/fr\/wp-json\/wp\/v2\/product"}],"about":[{"href":"https:\/\/www.qualitester.com\/fr\/wp-json\/wp\/v2\/types\/product"}],"replies":[{"embeddable":true,"href":"https:\/\/www.qualitester.com\/fr\/wp-json\/wp\/v2\/comments?post=1484"}],"version-history":[{"count":0,"href":"https:\/\/www.qualitester.com\/fr\/wp-json\/wp\/v2\/product\/1484\/revisions"}],"wp:featuredmedia":[{"embeddable":true,"href":"https:\/\/www.qualitester.com\/fr\/wp-json\/wp\/v2\/media\/5990"}],"wp:attachment":[{"href":"https:\/\/www.qualitester.com\/fr\/wp-json\/wp\/v2\/media?parent=1484"}],"wp:term":[{"taxonomy":"product_cat","embeddable":true,"href":"https:\/\/www.qualitester.com\/fr\/wp-json\/wp\/v2\/product_cat?post=1484"},{"taxonomy":"product_tag","embeddable":true,"href":"https:\/\/www.qualitester.com\/fr\/wp-json\/wp\/v2\/product_tag?post=1484"}],"curies":[{"name":"wp","href":"https:\/\/api.w.org\/{rel}","templated":true}]}}