{"id":7608,"date":"2025-12-10T17:05:57","date_gmt":"2025-12-10T09:05:57","guid":{"rendered":"https:\/\/www.qualitester.com\/?page_id=7608"},"modified":"2025-12-11T10:06:03","modified_gmt":"2025-12-11T02:06:03","slug":"iso-1974","status":"publish","type":"page","link":"https:\/\/www.qualitester.com\/fr\/standards\/iso-1974\/","title":{"rendered":"ISO 1974"},"content":{"rendered":"<h1 style=\"text-align: center;\">ISO 1974 R\u00e9sistance \u00e0 la d\u00e9chirure du papier<br \/>\n<small>M\u00e9thode de d\u00e9chirure d'Elmendorf<\/small><\/h1>\n<article class=\"text-token-text-primary w-full focus:outline-none [--shadow-height:45px] has-data-writing-block:pointer-events-none has-data-writing-block:-mt-(--shadow-height) has-data-writing-block:pt-(--shadow-height) [&amp;:has([data-writing-block])&gt;*]:pointer-events-auto [content-visibility:auto] supports-[content-visibility:auto]:[contain-intrinsic-size:auto_100lvh] scroll-mt-[calc(var(--header-height)+min(200px,max(70px,20svh)))]\" dir=\"auto\" tabindex=\"-1\" data-turn-id=\"26ab3c2b-f32c-4c37-a0a5-4b33349f1a55\" data-testid=\"conversation-turn-2\" data-scroll-anchor=\"true\" data-turn=\"assistant\">\n<div class=\"text-base my-auto mx-auto pb-10 [--thread-content-margin:--spacing(4)] @w-sm\/main:[--thread-content-margin:--spacing(6)] @w-lg\/main:[--thread-content-margin:--spacing(16)] px-(--thread-content-margin)\">\n<div class=\"[--thread-content-max-width:40rem] @w-lg\/main:[--thread-content-max-width:48rem] mx-auto max-w-(--thread-content-max-width) flex-1 group\/turn-messages focus-visible:outline-hidden relative flex w-full min-w-0 flex-col agent-turn\" tabindex=\"-1\">\n<div class=\"flex max-w-full flex-col grow\">\n<div class=\"min-h-8 text-message relative flex w-full flex-col items-end gap-2 text-start break-words whitespace-normal [.text-message+&amp;]:mt-1\" dir=\"auto\" data-message-author-role=\"assistant\" data-message-id=\"6bad024f-2a22-41ca-944f-0435aa45780b\" data-message-model-slug=\"gpt-5-1\">\n<div class=\"flex w-full flex-col gap-1 empty:hidden first:pt-[1px]\">\n<div class=\"markdown prose dark:prose-invert w-full break-words light markdown-new-styling\">\n<p data-start=\"468\" data-end=\"1023\">L'ISO 1974 d\u00e9finit la m\u00e9thode internationalement reconnue pour mesurer la r\u00e9sistance \u00e0 la d\u00e9chirure du papier en utilisant le syst\u00e8me du pendule d'Elmendorf. Cette norme permet une \u00e9valuation pr\u00e9cise de la r\u00e9sistance \u00e0 la d\u00e9chirure du papier. <strong data-start=\"652\" data-end=\"675\">r\u00e9sistance \u00e0 la d\u00e9chirure du papier<\/strong>, La norme ISO 1974 permet aux fabricants de papier, aux transformateurs et aux laboratoires de contr\u00f4le de la qualit\u00e9 de quantifier le comportement d'une feuille lorsqu'elle est soumise \u00e0 des forces de d\u00e9chirement hors du plan. Dans les industries o\u00f9 l'aptitude au roulage, la durabilit\u00e9 et la stabilit\u00e9 de la transformation sont importantes, une bonne compr\u00e9hension de la norme ISO 1974 constitue la base d'une performance coh\u00e9rente des mat\u00e9riaux et de l'optimisation des processus.<\/p>\n<p data-start=\"1025\" data-end=\"1289\">Cette m\u00e9thode est largement appliqu\u00e9e aux papiers d'impression, aux papiers d'emballage, aux tissus, aux papiers sp\u00e9ciaux et aux cartons \u00e0 faible grammage. Elle est \u00e9galement directement li\u00e9e \u00e0 des indices de qualit\u00e9 tels que l'indice de d\u00e9chirure, qui combine la force de d\u00e9chirure et le grammage pour exprimer l'efficacit\u00e9 de la r\u00e9sistance.<\/p>\n<hr data-start=\"1291\" data-end=\"1294\" \/>\n<h2 data-start=\"1296\" data-end=\"1365\">La r\u00e9sistance \u00e0 la d\u00e9chirure du papier et son importance dans les essais ISO 1974<\/h2>\n<p data-start=\"1367\" data-end=\"1756\">Le <strong data-start=\"1371\" data-end=\"1402\">la r\u00e9sistance \u00e0 la d\u00e9chirure du papier<\/strong> refl\u00e8te la r\u00e9sistance d'une feuille \u00e0 la propagation d'une d\u00e9chirure pr\u00e9d\u00e9coup\u00e9e. Il s'agit d'un indicateur essentiel dans des applications telles que la performance des lignes d'emballage, la durabilit\u00e9 des sacs et des enveloppes et la fiabilit\u00e9 des presses \u00e0 imprimer. La norme ISO 1974 fournit une approche structur\u00e9e pour mesurer cette propri\u00e9t\u00e9 de mani\u00e8re \u00e0 minimiser l'influence de l'op\u00e9rateur et \u00e0 garantir la comparabilit\u00e9 au niveau mondial.<\/p>\n<p data-start=\"1758\" data-end=\"2073\">La norme ISO 1974 sp\u00e9cifie que le test utilise quatre feuilles superpos\u00e9es avec une fente initiale. Un pendule d\u00e9chire les feuilles sur une distance d\u00e9finie et l'\u00e9nergie perdue par le pendule se traduit par une force de d\u00e9chirement. Ce lien direct entre le travail effectu\u00e9 et la r\u00e9sistance du mat\u00e9riau rend la m\u00e9thode fiable pour diff\u00e9rents types de papier.<\/p>\n<hr data-start=\"2075\" data-end=\"2078\" \/>\n<h2 data-start=\"2080\" data-end=\"2138\">Test de d\u00e9chirure d'Elmendorf Principes et m\u00e9thode de mesure<\/h2>\n<p data-start=\"2140\" data-end=\"2296\">Le <strong data-start=\"2144\" data-end=\"2167\">Test de d\u00e9chirure d'Elmendorf<\/strong> est au c\u0153ur de la norme ISO 1974. Sa m\u00e9thodologie s'articule autour d'une action m\u00e9canique coh\u00e9rente et d'une quantification pr\u00e9cise de la perte d'\u00e9nergie.<\/p>\n<p data-start=\"2298\" data-end=\"2831\">Les \u00e9tapes cl\u00e9s sont les suivantes :<\/p>\n<ol>\n<li data-start=\"2298\" data-end=\"2831\">Pr\u00e9paration de dix \u00e9prouvettes \u00e0 partir d'\u00e9chantillons conditionn\u00e9s<\/li>\n<li data-start=\"2298\" data-end=\"2831\">S\u00e9lection de la gamme de pendules appropri\u00e9e de mani\u00e8re \u00e0 ce que la moyenne attendue se situe entre 20% et 80% de la pleine \u00e9chelle.<\/li>\n<li data-start=\"2298\" data-end=\"2831\">Positionnement de quatre feuilles dans les pinces, en veillant \u00e0 ce que la fente soit align\u00e9e au centre.<\/li>\n<li data-start=\"2298\" data-end=\"2831\">Rel\u00e2cher le pendule pour faire parcourir \u00e0 la larme une distance contr\u00f4l\u00e9e.<\/li>\n<li data-start=\"2298\" data-end=\"2831\">Enregistrement de la r\u00e9sistance \u00e0 la d\u00e9chirure ou des mesures de la balance<\/li>\n<li data-start=\"2298\" data-end=\"2831\">Confirmation que l'\u00e9cart de d\u00e9chirure reste dans les limites autoris\u00e9es<\/li>\n<li data-start=\"2298\" data-end=\"2831\">Calcul de la r\u00e9sistance \u00e0 la d\u00e9chirure par feuille et, le cas \u00e9ch\u00e9ant, de l'indice de d\u00e9chirure<\/li>\n<\/ol>\n<p data-start=\"2833\" data-end=\"3139\">La norme fournit \u00e9galement des \u00e9quations pour les mesures directes de la r\u00e9sistance \u00e0 la d\u00e9chirure ainsi que pour les mesures bas\u00e9es sur une \u00e9chelle avec un facteur de pendule. Ces calculs permettent d'\u00e9valuer la r\u00e9sistance dans le sens de la machine et dans le sens transversal, ce qui est essentiel pour diagnostiquer l'orientation des fibres et affiner les conditions du processus.<\/p>\n<hr data-start=\"3141\" data-end=\"3144\" \/>\n<h2 data-start=\"3146\" data-end=\"3204\">Applications des tests de r\u00e9sistance \u00e0 la d\u00e9chirure du papier dans tous les secteurs d'activit\u00e9<\/h2>\n<p data-start=\"3206\" data-end=\"3592\">Le <strong data-start=\"3210\" data-end=\"3238\">test de r\u00e9sistance au d\u00e9chirement du papier<\/strong> fournit des informations qui influencent :<\/p>\n<ul>\n<li data-start=\"3206\" data-end=\"3592\">Optimisation du processus de fabrication du papier (degr\u00e9 de battage, m\u00e9lange de fibres, charges)<\/li>\n<li data-start=\"3206\" data-end=\"3592\">D\u00e9cisions en mati\u00e8re de conception d'emballages pour les sacs, les cartons et les lamin\u00e9s souples<\/li>\n<li data-start=\"3206\" data-end=\"3592\">\u00c9valuation de l'imprimabilit\u00e9 et compatibilit\u00e9 des \u00e9quipements<\/li>\n<li data-start=\"3206\" data-end=\"3592\">\u00c9valuation des performances du papier tissu et du papier sp\u00e9cial<\/li>\n<li data-start=\"3206\" data-end=\"3592\">Assurance qualit\u00e9 pour la validation des achats et des fournisseurs<\/li>\n<\/ul>\n<p data-start=\"3594\" data-end=\"3768\">Le comportement \u00e0 la d\u00e9chirure \u00e9tant souvent corr\u00e9l\u00e9 \u00e0 la longueur des fibres et au collage, les r\u00e9sultats de l'ISO 1974 aident les \u00e9quipes de production \u00e0 trouver le bon \u00e9quilibre entre aptitude au roulage, r\u00e9sistance et co\u00fbt.<\/p>\n<hr data-start=\"3770\" data-end=\"3773\" \/>\n<h2 data-start=\"3775\" data-end=\"3840\">\u00c9quipement de r\u00e9sistance \u00e0 la d\u00e9chirure d'Elmendorf et consid\u00e9rations relatives \u00e0 la s\u00e9lection<\/h2>\n<p data-start=\"3842\" data-end=\"4063\"><a href=\"https:\/\/www.qualitester.com\/fr\/produit\/sld-01-elimendorf-tear-resistance-testing-machine\/\"><img fetchpriority=\"high\" decoding=\"async\" class=\"alignleft wp-image-7610 size-medium\" src=\"https:\/\/www.qualitester.com\/wp-content\/uploads\/2025\/12\/ISO-1974-Tearing-Resistance-of-Paper-Elmendorf-Tear-Method-300x300.webp\" alt=\"ISO 1974 R\u00e9sistance \u00e0 la d\u00e9chirure du papier - M\u00e9thode de d\u00e9chirure Elmendorf\" width=\"300\" height=\"300\" srcset=\"https:\/\/www.qualitester.com\/wp-content\/uploads\/2025\/12\/ISO-1974-Tearing-Resistance-of-Paper-Elmendorf-Tear-Method-300x300.webp 300w, https:\/\/www.qualitester.com\/wp-content\/uploads\/2025\/12\/ISO-1974-Tearing-Resistance-of-Paper-Elmendorf-Tear-Method-150x150.webp 150w, https:\/\/www.qualitester.com\/wp-content\/uploads\/2025\/12\/ISO-1974-Tearing-Resistance-of-Paper-Elmendorf-Tear-Method-12x12.webp 12w, https:\/\/www.qualitester.com\/wp-content\/uploads\/2025\/12\/ISO-1974-Tearing-Resistance-of-Paper-Elmendorf-Tear-Method-100x100.webp 100w, https:\/\/www.qualitester.com\/wp-content\/uploads\/2025\/12\/ISO-1974-Tearing-Resistance-of-Paper-Elmendorf-Tear-Method.webp 600w\" sizes=\"(max-width: 300px) 100vw, 300px\" \/><\/a><\/p>\n<p data-start=\"3842\" data-end=\"4063\">Pr\u00e9cision <strong data-start=\"3851\" data-end=\"3878\">elmendorf force de d\u00e9chirement<\/strong> d\u00e9pendent d'un \u00e9quipement d'essai bien con\u00e7u. Les laboratoires recherchent de plus en plus des syst\u00e8mes automatis\u00e9s qui am\u00e9liorent la r\u00e9p\u00e9tabilit\u00e9, r\u00e9duisent l'erreur humaine et fournissent des donn\u00e9es tra\u00e7ables.<\/p>\n<ul>\n<li data-start=\"4065\" data-end=\"4364\">Un testeur de pendule num\u00e9rique moderne am\u00e9liore les performances :<\/li>\n<li data-start=\"4065\" data-end=\"4364\">Coh\u00e9rence gr\u00e2ce \u00e0 des forces de serrage contr\u00f4l\u00e9es<\/li>\n<li data-start=\"4065\" data-end=\"4364\">Pr\u00e9cision gr\u00e2ce au d\u00e9clenchement automatis\u00e9 du pendule<\/li>\n<li data-start=\"4065\" data-end=\"4364\">Flexibilit\u00e9 gr\u00e2ce \u00e0 des capacit\u00e9s de pendule multiples<\/li>\n<li data-start=\"4065\" data-end=\"4364\">Efficacit\u00e9 gr\u00e2ce aux calculs et statistiques embarqu\u00e9s<\/li>\n<li data-start=\"4065\" data-end=\"4364\">Tra\u00e7abilit\u00e9 par micro-impression ou exportation de donn\u00e9es<\/li>\n<\/ul>\n<p data-start=\"4366\" data-end=\"4935\">Pour les organisations \u00e0 la recherche d'une solution robuste align\u00e9e sur <a href=\"https:\/\/www.iso.org\/standard\/52430.html\" target=\"_blank\" rel=\"noopener nofollow\">ISO 1974<\/a>, le <strong data-start=\"4437\" data-end=\"4479\">Instruments cellulaires <a href=\"https:\/\/www.qualitester.com\/fr\/produit\/sld-01-elimendorf-tear-resistance-testing-machine\/\">SLD-01 Testeur de d\u00e9chirure<\/a><\/strong> r\u00e9pond aux exigences op\u00e9rationnelles et techniques. Son serrage pneumatique, sa commande par automate programmable, son d\u00e9clenchement automatique du pendule et son logiciel d'analyse en option en font un outil adapt\u00e9 aux papeteries, aux transformateurs d'emballages, aux instituts de recherche et aux laboratoires d'essai tiers. La disponibilit\u00e9 de plusieurs capacit\u00e9s de pendule garantit la compatibilit\u00e9 avec une large gamme de niveaux de r\u00e9sistance \u00e0 la d\u00e9chirure, y compris les qualit\u00e9s d'emballage \u00e0 haute r\u00e9sistance et les papiers sp\u00e9ciaux plus l\u00e9gers.<\/p>\n<\/div>\n<\/div>\n<\/div>\n<\/div>\n<div class=\"z-0 flex min-h-[46px] justify-start\">\n<h2 data-start=\"148\" data-end=\"170\">FAQ sur l'ISO 1974<\/h2>\n<p data-start=\"172\" data-end=\"566\"><strong data-start=\"172\" data-end=\"220\">1. Qu'est-ce que la norme ISO 1974 et pourquoi est-elle importante ?<\/strong><br data-start=\"220\" data-end=\"223\" \/>ISO 1974 est la norme internationale qui d\u00e9finit la m\u00e9thode Elmendorf pour mesurer la r\u00e9sistance \u00e0 la d\u00e9chirure du papier et du carton \u00e0 faible grammage. Elle est importante car elle fournit une proc\u00e9dure coh\u00e9rente \u00e0 l'\u00e9chelle mondiale qui garantit une \u00e9valuation fiable de la r\u00e9sistance \u00e0 la d\u00e9chirure du papier, favorisant ainsi le contr\u00f4le de la qualit\u00e9, le d\u00e9veloppement des produits et l'\u00e9talonnage des fournisseurs.<\/p>\n<p data-start=\"568\" data-end=\"899\"><strong data-start=\"568\" data-end=\"611\">2. Que mesure le test ISO 1974 ?<\/strong><br data-start=\"611\" data-end=\"614\" \/>L'essai ISO 1974 mesure la r\u00e9sistance \u00e0 la d\u00e9chirure hors plan du papier. Il quantifie la force n\u00e9cessaire pour propager une d\u00e9chirure initi\u00e9e \u00e0 l'aide d'un m\u00e9canisme de pendule. Les valeurs obtenues permettent d'\u00e9valuer le collage des fibres, la durabilit\u00e9 du mat\u00e9riau, les performances de transformation et la r\u00e9sistance globale de la feuille.<\/p>\n<p data-start=\"901\" data-end=\"1251\"><strong data-start=\"901\" data-end=\"962\">3. Quels types de mat\u00e9riaux peuvent \u00eatre test\u00e9s \u00e0 l'aide de la norme ISO 1974 ?<\/strong><br data-start=\"962\" data-end=\"965\" \/>La norme ISO 1974 s'applique \u00e0 un large \u00e9ventail de types de papier, y compris les papiers d'impression, les papiers d'emballage, les tissus, les qualit\u00e9s sp\u00e9ciales et les cartons \u00e0 faible grammage. Si la r\u00e9sistance \u00e0 la d\u00e9chirure correspond \u00e0 la capacit\u00e9 de l'instrument, la m\u00e9thode peut \u00eatre utilis\u00e9e en toute confiance pour le contr\u00f4le de qualit\u00e9 de routine et les applications de recherche.<\/p>\n<p data-start=\"1253\" data-end=\"1638\"><strong data-start=\"1253\" data-end=\"1307\">4. Quel est l'\u00e9quipement n\u00e9cessaire pour effectuer l'ISO 1974 ?<\/strong><br data-start=\"1307\" data-end=\"1310\" \/>La norme exige un testeur de d\u00e9chirure de type Elmendorf avec des capacit\u00e9s de pendule appropri\u00e9es. Les instruments num\u00e9riques modernes, tels que le Cell Instruments SLD-01 Tearing Tester, offrent une lib\u00e9ration automatis\u00e9e du pendule, un serrage pneumatique, plusieurs gammes de force et des statistiques int\u00e9gr\u00e9es pour am\u00e9liorer la r\u00e9p\u00e9tabilit\u00e9 des tests et l'efficacit\u00e9 op\u00e9rationnelle.<\/p>\n<p data-start=\"1640\" data-end=\"2035\"><strong data-start=\"1640\" data-end=\"1681\">5. Comment les r\u00e9sultats d'ISO 1974 sont-ils communiqu\u00e9s ?<\/strong><br data-start=\"1681\" data-end=\"1684\" \/>Les r\u00e9sultats sont g\u00e9n\u00e9ralement exprim\u00e9s en r\u00e9sistance \u00e0 la d\u00e9chirure par feuille en millinewtons, avec des valeurs distinctes pour le sens machine et le sens travers. Si n\u00e9cessaire, l'indice de d\u00e9chirure peut \u00e9galement \u00eatre calcul\u00e9 en divisant la r\u00e9sistance \u00e0 la d\u00e9chirure par le grammage. La norme recommande d'indiquer les r\u00e9sultats avec trois chiffres significatifs et de documenter tout \u00e9cart par rapport \u00e0 la proc\u00e9dure d'essai.<\/p>\n<\/div>\n<\/div>\n<\/div>\n<\/article>","protected":false},"excerpt":{"rendered":"<p>ISO 1974 R\u00e9sistance \u00e0 la d\u00e9chirure du papier M\u00e9thode de d\u00e9chirure Elmendorf L'ISO 1974 d\u00e9finit la m\u00e9thode internationalement reconnue pour mesurer la r\u00e9sistance \u00e0 la d\u00e9chirure du papier \u00e0 l'aide du syst\u00e8me du pendule d'Elmendorf. Cette norme soutient l'\u00e9valuation pr\u00e9cise de la r\u00e9sistance \u00e0 la d\u00e9chirure du papier, permettant aux fabricants de papier, aux transformateurs et aux laboratoires de contr\u00f4le de la qualit\u00e9 de quantifier le comportement d'une feuille lorsqu'elle est soumise \u00e0 un ...<\/p>\n<p class=\"read-more\"> <a class=\"\" href=\"https:\/\/www.qualitester.com\/fr\/standards\/iso-1974\/\"> <span class=\"screen-reader-text\">ISO 1974<\/span> Lire la suite \"<\/a><\/p>","protected":false},"author":4,"featured_media":7610,"parent":4948,"menu_order":0,"comment_status":"closed","ping_status":"closed","template":"","meta":{"site-sidebar-layout":"default","site-content-layout":"default","ast-global-header-display":"","ast-main-header-display":"","ast-hfb-above-header-display":"","ast-hfb-below-header-display":"","ast-hfb-mobile-header-display":"","site-post-title":"disabled","ast-breadcrumbs-content":"","ast-featured-img":"disabled","footer-sml-layout":"","theme-transparent-header-meta":"default","adv-header-id-meta":"","stick-header-meta":"","header-above-stick-meta":"","header-main-stick-meta":"","header-below-stick-meta":"","footnotes":""},"class_list":["post-7608","page","type-page","status-publish","has-post-thumbnail","hentry"],"_links":{"self":[{"href":"https:\/\/www.qualitester.com\/fr\/wp-json\/wp\/v2\/pages\/7608","targetHints":{"allow":["GET"]}}],"collection":[{"href":"https:\/\/www.qualitester.com\/fr\/wp-json\/wp\/v2\/pages"}],"about":[{"href":"https:\/\/www.qualitester.com\/fr\/wp-json\/wp\/v2\/types\/page"}],"author":[{"embeddable":true,"href":"https:\/\/www.qualitester.com\/fr\/wp-json\/wp\/v2\/users\/4"}],"replies":[{"embeddable":true,"href":"https:\/\/www.qualitester.com\/fr\/wp-json\/wp\/v2\/comments?post=7608"}],"version-history":[{"count":0,"href":"https:\/\/www.qualitester.com\/fr\/wp-json\/wp\/v2\/pages\/7608\/revisions"}],"up":[{"embeddable":true,"href":"https:\/\/www.qualitester.com\/fr\/wp-json\/wp\/v2\/pages\/4948"}],"wp:featuredmedia":[{"embeddable":true,"href":"https:\/\/www.qualitester.com\/fr\/wp-json\/wp\/v2\/media\/7610"}],"wp:attachment":[{"href":"https:\/\/www.qualitester.com\/fr\/wp-json\/wp\/v2\/media?parent=7608"}],"curies":[{"name":"wp","href":"https:\/\/api.w.org\/{rel}","templated":true}]}}