{"id":7555,"date":"2025-11-06T13:36:43","date_gmt":"2025-11-06T05:36:43","guid":{"rendered":"https:\/\/www.qualitester.com\/?page_id=7555"},"modified":"2025-11-06T13:42:43","modified_gmt":"2025-11-06T05:42:43","slug":"astm-d4533","status":"publish","type":"page","link":"https:\/\/www.qualitester.com\/fr\/standards\/astm-d4533\/","title":{"rendered":"ASTM D4533"},"content":{"rendered":"<h1 style=\"text-align: center;\" data-start=\"388\" data-end=\"734\">ASTM D4533<br \/>\n<small>Essai de r\u00e9sistance \u00e0 la d\u00e9chirure des g\u00e9otextiles \u00e0 l'aide d'un trap\u00e8ze<\/small><\/h1>\n<p data-start=\"388\" data-end=\"734\">Comprendre <strong data-start=\"402\" data-end=\"416\">ASTM D4533<\/strong> est essentiel pour les professionnels de l'industrie textile et des g\u00e9osynth\u00e9tiques qui ont besoin d'\u00e9valuer l'efficacit\u00e9 de la <strong data-start=\"517\" data-end=\"563\">la r\u00e9sistance \u00e0 la d\u00e9chirure des g\u00e9otextiles et des tissus<\/strong>. Cette norme fournit un moyen fiable de mesurer la <strong data-start=\"618\" data-end=\"648\">r\u00e9sistance \u00e0 la d\u00e9chirure trap\u00e9zo\u00efdale<\/strong>L'objectif est de garantir la qualit\u00e9 et la durabilit\u00e9 des produits, ainsi que leur conformit\u00e9 aux normes internationales.<\/p>\n<hr data-start=\"736\" data-end=\"739\" \/>\n<h2 data-start=\"741\" data-end=\"763\">Qu'est-ce que l'ASTM D4533 ?<\/h2>\n<p data-start=\"765\" data-end=\"1108\"><strong data-start=\"765\" data-end=\"847\">ASTM D4533 : M\u00e9thode de test standard pour la r\u00e9sistance \u00e0 la d\u00e9chirure trap\u00e9zo\u00efdale des g\u00e9otextiles<\/strong> d\u00e9finit une proc\u00e9dure pour d\u00e9terminer la force n\u00e9cessaire \u00e0 la propagation d'une d\u00e9chirure dans les tissus tiss\u00e9s et non tiss\u00e9s. Elle est largement utilis\u00e9e pour le contr\u00f4le de la qualit\u00e9, la comparaison des produits et la recherche. <strong data-start=\"1040\" data-end=\"1055\">g\u00e9otextiles<\/strong>, <strong data-start=\"1057\" data-end=\"1079\">tissus industriels<\/strong>, et <strong data-start=\"1085\" data-end=\"1107\">textiles composites<\/strong>.<\/p>\n<p data-start=\"1110\" data-end=\"1348\">Le test mesure la r\u00e9sistance \u00e0 la d\u00e9chirure de mani\u00e8re contr\u00f4l\u00e9e et reproductible, fournissant des donn\u00e9es pr\u00e9cieuses sur le comportement du mat\u00e9riau sous contrainte. Il s'applique \u00e0 la plupart des <strong data-start=\"1267\" data-end=\"1291\">mat\u00e9riaux g\u00e9otextiles<\/strong>y compris les tissus, les non-tiss\u00e9s, les tricots et les feutres.<\/p>\n<hr data-start=\"1350\" data-end=\"1353\" \/>\n<h2 data-start=\"1355\" data-end=\"1407\">Objectif et importance du test de d\u00e9chirure trap\u00e9zo\u00efdale<\/h2>\n<p data-start=\"1409\" data-end=\"1656\">Le <strong data-start=\"1413\" data-end=\"1436\">test de d\u00e9chirure trap\u00e9zo\u00efdale<\/strong> simule des conditions de stress r\u00e9elles o\u00f9 les tissus sont expos\u00e9s \u00e0 des perforations, des coupures ou des forces de d\u00e9formation. Ce test aide les fabricants et les ing\u00e9nieurs \u00e0 comprendre comment les mat\u00e9riaux se comporteront lors de l'installation ou de l'utilisation.<\/p>\n<p data-start=\"1658\" data-end=\"1685\"><strong data-start=\"1658\" data-end=\"1683\">Les principaux objectifs sont les suivants :<\/strong><\/p>\n<ul>\n<li data-start=\"1688\" data-end=\"1754\">\u00c9valuer <strong data-start=\"1698\" data-end=\"1717\">r\u00e9sistance \u00e0 la d\u00e9chirure<\/strong> dans les diff\u00e9rentes directions du tissu.<\/li>\n<li data-start=\"1757\" data-end=\"1828\">Comparaison <strong data-start=\"1767\" data-end=\"1825\">les performances des diff\u00e9rents types de tissus ou de traitements<\/strong>.<\/li>\n<li data-start=\"1831\" data-end=\"1897\">Garantir <strong data-start=\"1840\" data-end=\"1872\">la coh\u00e9rence de la fabrication<\/strong> pour l'assurance qualit\u00e9.<\/li>\n<li data-start=\"1900\" data-end=\"1966\">Soutien <strong data-start=\"1911\" data-end=\"1939\">les d\u00e9cisions relatives \u00e0 la conception des produits<\/strong> pour une meilleure durabilit\u00e9.<\/li>\n<\/ul>\n<p data-start=\"1968\" data-end=\"2221\">Pour les industries utilisant des g\u00e9otextiles, telles que le g\u00e9nie civil, la protection de l'environnement et l'infrastructure, l'utilisation des g\u00e9otextiles est une n\u00e9cessit\u00e9. <strong data-start=\"2077\" data-end=\"2112\">essai de r\u00e9sistance \u00e0 la d\u00e9chirure trap\u00e9zo\u00efdale<\/strong> offre un aper\u00e7u pr\u00e9cieux de l'ad\u00e9quation des mat\u00e9riaux pour les applications de renforcement, de filtration ou de s\u00e9paration.<\/p>\n<hr data-start=\"2223\" data-end=\"2226\" \/>\n<h2 data-start=\"2228\" data-end=\"2264\">Comment fonctionne le test de la d\u00e9chirure trap\u00e9zo\u00efdale<\/h2>\n<p data-start=\"2266\" data-end=\"2528\">Dans cette m\u00e9thode, un sp\u00e9cimen avec un <strong data-start=\"2301\" data-end=\"2330\">forme de trap\u00e8ze isoc\u00e8le<\/strong> est pr\u00e9par\u00e9e et serr\u00e9e entre les m\u00e2choires d'un <strong data-start=\"2377\" data-end=\"2404\">machine d'essai de traction<\/strong>. Les c\u00f4t\u00e9s non parall\u00e8les sont saisis et, lorsque les m\u00e2choires s'\u00e9cartent \u00e0 une vitesse constante, la d\u00e9chirure se propage sur l'\u00e9chantillon.<\/p>\n<p data-start=\"2530\" data-end=\"2738\">Le <strong data-start=\"2534\" data-end=\"2559\">force d'arrachement maximale<\/strong> enregistr\u00e9e repr\u00e9sente la <strong data-start=\"2584\" data-end=\"2614\">r\u00e9sistance \u00e0 la d\u00e9chirure trap\u00e9zo\u00efdale<\/strong>. Selon le type de tissu, plusieurs pics peuvent appara\u00eetre dans la courbe de force lorsque les fibres s'\u00e9tirent et se rompent successivement.<\/p>\n<p data-start=\"2740\" data-end=\"2790\"><strong data-start=\"2740\" data-end=\"2788\">Param\u00e8tres d'essai typiques (conform\u00e9ment \u00e0 la norme ASTM D4533) :<\/strong><\/p>\n<ul>\n<li data-start=\"2793\" data-end=\"2826\">S\u00e9paration des pinces : <strong data-start=\"2811\" data-end=\"2824\">25 \u00b1 1 mm<\/strong><\/li>\n<li data-start=\"2829\" data-end=\"2862\">Vitesse d'essai : <strong data-start=\"2841\" data-end=\"2860\">300 \u00b1 10 mm\/min<\/strong><\/li>\n<li data-start=\"2865\" data-end=\"2958\">Condition de l'\u00e9chantillon : <strong data-start=\"2883\" data-end=\"2908\">sec ou bien mouill\u00e9<\/strong> (test\u00e9 dans les 2 minutes suivant le retrait de l'eau)<\/li>\n<li data-start=\"2961\" data-end=\"3028\">Les r\u00e9sultats sont exprim\u00e9s en <strong data-start=\"2986\" data-end=\"3001\">Newtons (N)<\/strong> ou <strong data-start=\"3005\" data-end=\"3026\">livre-force (lbf)<\/strong><\/li>\n<\/ul>\n<hr data-start=\"3030\" data-end=\"3033\" \/>\n<h2 data-start=\"3035\" data-end=\"3084\">Facteurs influen\u00e7ant la r\u00e9sistance \u00e0 la d\u00e9chirure des trap\u00e8zes<\/h2>\n<p data-start=\"3086\" data-end=\"3128\">Plusieurs facteurs influencent les r\u00e9sultats des tests :<\/p>\n<ul>\n<li data-start=\"3132\" data-end=\"3231\"><strong data-start=\"3132\" data-end=\"3153\">Composition des fibres<\/strong> - Les fibres synth\u00e9tiques comme le polyester ou le polypropyl\u00e8ne offrent une plus grande r\u00e9sistance.<\/li>\n<li data-start=\"3234\" data-end=\"3352\"><strong data-start=\"3234\" data-end=\"3254\">Structure du tissu<\/strong> - Les tissus reposent sur la r\u00e9sistance du fil, tandis que les non-tiss\u00e9s d\u00e9pendent de la liaison et de l'orientation des fibres.<\/li>\n<li data-start=\"3355\" data-end=\"3463\"><strong data-start=\"3355\" data-end=\"3375\">Teneur en eau<\/strong> - Les \u00e9chantillons humides peuvent pr\u00e9senter une r\u00e9sistance \u00e0 la d\u00e9chirure plus faible en raison de la r\u00e9duction de la friction entre les fibres.<\/li>\n<li data-start=\"3466\" data-end=\"3557\"><strong data-start=\"3466\" data-end=\"3485\">M\u00e9thode de serrage<\/strong> - Une bonne pr\u00e9hension \u00e9vite le glissement ou la d\u00e9faillance pr\u00e9matur\u00e9e pr\u00e8s des m\u00e2choires.<\/li>\n<\/ul>\n<p data-start=\"3559\" data-end=\"3706\">La norme ASTM D4533 recommande d'ajuster les techniques de serrage pour les mat\u00e9riaux r\u00e9sistants ou glissants, en utilisant par exemple des rembourrages ou des rev\u00eatements de surface sous la zone de la m\u00e2choire.<\/p>\n<hr data-start=\"4417\" data-end=\"4420\" \/>\n<h2 data-start=\"4422\" data-end=\"4479\">\u00c9quipement recommand\u00e9 : Cell Instruments Tensile Tester<\/h2>\n<p><a href=\"https:\/\/www.qualitester.com\/fr\/produit\/tensile-tester-tst-01\/\"><img fetchpriority=\"high\" decoding=\"async\" class=\"size-medium wp-image-7556 alignleft\" src=\"https:\/\/www.qualitester.com\/wp-content\/uploads\/2025\/11\/ASTM-D4533-Trapezoid-Tearing-Strength-Test-for-Geotextiles-300x300.webp\" alt=\"ASTM D4533 Essai de r\u00e9sistance \u00e0 la d\u00e9chirure trap\u00e9zo\u00efdale pour les g\u00e9otextiles\" width=\"300\" height=\"300\" srcset=\"https:\/\/www.qualitester.com\/wp-content\/uploads\/2025\/11\/ASTM-D4533-Trapezoid-Tearing-Strength-Test-for-Geotextiles-300x300.webp 300w, https:\/\/www.qualitester.com\/wp-content\/uploads\/2025\/11\/ASTM-D4533-Trapezoid-Tearing-Strength-Test-for-Geotextiles-150x150.webp 150w, https:\/\/www.qualitester.com\/wp-content\/uploads\/2025\/11\/ASTM-D4533-Trapezoid-Tearing-Strength-Test-for-Geotextiles-12x12.webp 12w, https:\/\/www.qualitester.com\/wp-content\/uploads\/2025\/11\/ASTM-D4533-Trapezoid-Tearing-Strength-Test-for-Geotextiles-100x100.webp 100w, https:\/\/www.qualitester.com\/wp-content\/uploads\/2025\/11\/ASTM-D4533-Trapezoid-Tearing-Strength-Test-for-Geotextiles.webp 600w\" sizes=\"(max-width: 300px) 100vw, 300px\" \/><\/a>Pour des r\u00e9sultats pr\u00e9cis et reproductibles en <strong data-start=\"4520\" data-end=\"4555\">Tests de d\u00e9chirure trap\u00e9zo\u00efdale ASTM D4533<\/strong>, le <strong data-start=\"4561\" data-end=\"4596\">Instruments cellulaires <a href=\"https:\/\/www.qualitester.com\/fr\/produit\/tensile-tester-tst-01\/\" target=\"_blank\" rel=\"noopener\">Testeur de traction<\/a><\/strong> est une solution id\u00e9ale.<br data-start=\"4618\" data-end=\"4621\" \/>Ce syst\u00e8me de test avanc\u00e9 offre<\/p>\n<ul>\n<li data-start=\"4662\" data-end=\"4725\"><strong data-start=\"4662\" data-end=\"4691\">Capteurs de pesage de haute pr\u00e9cision<\/strong> pour une mesure fiable de la force.<\/li>\n<li data-start=\"4728\" data-end=\"4798\"><strong data-start=\"4728\" data-end=\"4753\">Appareils personnalisables<\/strong> pour les tests trap\u00e9zo\u00efdaux et autres tests de d\u00e9chirure du tissu.<\/li>\n<li data-start=\"4801\" data-end=\"4875\"><strong data-start=\"4801\" data-end=\"4829\">Commande de moteur par automate programmable (PLC)<\/strong> garantissant des vitesses d'essai stables et reproductibles.<\/li>\n<li data-start=\"4878\" data-end=\"4949\"><strong data-start=\"4878\" data-end=\"4904\">Logiciel convivial<\/strong> pour l'enregistrement et l'analyse automatiques des donn\u00e9es.<\/li>\n<\/ul>\n<p data-start=\"4951\" data-end=\"5130\">Qu'il s'agisse de tests <strong data-start=\"4967\" data-end=\"5023\">g\u00e9otextiles, tissus non tiss\u00e9s ou textiles techniques<\/strong>Cell Instruments fournit <strong data-start=\"5051\" data-end=\"5096\">des solutions d'essai robustes et personnalisables<\/strong> qui r\u00e9pondent aux normes ASTM et ISO.<\/p>\n<hr data-start=\"4417\" data-end=\"4420\" \/>\n<h2 data-start=\"4886\" data-end=\"4921\">Questions fr\u00e9quemment pos\u00e9es (FAQ)<\/h2>\n<p data-start=\"4923\" data-end=\"5114\"><strong data-start=\"4923\" data-end=\"4960\">Q1 : Que mesure l'ASTM D4533 ?<\/strong><br data-start=\"4960\" data-end=\"4963\" \/>L'ASTM D4533 mesure la <strong data-start=\"4987\" data-end=\"5017\">r\u00e9sistance \u00e0 la d\u00e9chirure trap\u00e9zo\u00efdale<\/strong> des g\u00e9otextiles et des tissus - la force n\u00e9cessaire pour propager une d\u00e9chirure dans des conditions contr\u00f4l\u00e9es.<\/p>\n<p data-start=\"5116\" data-end=\"5366\"><strong data-start=\"5116\" data-end=\"5184\">Q2 : Pourquoi la r\u00e9sistance \u00e0 la d\u00e9chirure trap\u00e9zo\u00efdale est-elle importante pour les g\u00e9otextiles ?<\/strong><br data-start=\"5184\" data-end=\"5187\" \/>La r\u00e9sistance \u00e0 la d\u00e9chirure d\u00e9termine le comportement des g\u00e9otextiles lors de leur installation et de leur utilisation. Une r\u00e9sistance \u00e0 la d\u00e9chirure trap\u00e9zo\u00efdale plus \u00e9lev\u00e9e est synonyme de durabilit\u00e9, de fiabilit\u00e9 et de performance accrues sur le terrain.<\/p>\n<p data-start=\"5368\" data-end=\"5605\"><strong data-start=\"5368\" data-end=\"5432\">Q3 : Quel type d'\u00e9quipement est n\u00e9cessaire pour les tests ASTM D4533 ?<\/strong><br data-start=\"5432\" data-end=\"5435\" \/>UN <strong data-start=\"5437\" data-end=\"5464\">machine d'essai de traction<\/strong> avec des poign\u00e9es d'arrachage trap\u00e9zo\u00efdales appropri\u00e9es est n\u00e9cessaire. Les <strong data-start=\"5522\" data-end=\"5557\">Cell Instruments Tensile Tester<\/strong> est sp\u00e9cialement con\u00e7u pour ce type de test.<\/p>\n<p data-start=\"5607\" data-end=\"5806\"><strong data-start=\"5607\" data-end=\"5654\">Q4 : La norme ASTM D4533 peut-elle \u00eatre utilis\u00e9e pour tous les tissus ?<\/strong><br data-start=\"5654\" data-end=\"5657\" \/>Oui, il s'applique \u00e0 <strong data-start=\"5676\" data-end=\"5721\">la plupart des tissus, non-tiss\u00e9s et tricots<\/strong>Il peut \u00eatre n\u00e9cessaire d'ajuster le serrage dans le cas de mat\u00e9riaux tr\u00e8s r\u00e9sistants ou glissants.<\/p>\n<p data-start=\"5808\" data-end=\"6039\"><strong data-start=\"5808\" data-end=\"5865\">Q5 : Comment la r\u00e9sistance \u00e0 la d\u00e9chirure du trap\u00e8ze est-elle calcul\u00e9e ?<\/strong><br data-start=\"5865\" data-end=\"5868\" \/>Il est d\u00e9termin\u00e9 comme le <strong data-start=\"5892\" data-end=\"5909\">force maximale<\/strong> enregistr\u00e9e pendant la d\u00e9chirure, g\u00e9n\u00e9ralement exprim\u00e9e en <strong data-start=\"5958\" data-end=\"5973\">Newtons (N)<\/strong> ou <strong data-start=\"5977\" data-end=\"5998\">livre-force (lbf)<\/strong>et une moyenne a \u00e9t\u00e9 calcul\u00e9e pour plusieurs sp\u00e9cimens.<\/p>\n<p data-start=\"6041\" data-end=\"6231\"><strong data-start=\"6041\" data-end=\"6086\">Q6 : Le test est-il adapt\u00e9 aux \u00e9chantillons humides ?<\/strong><br data-start=\"6086\" data-end=\"6089\" \/>Oui. <a href=\"https:\/\/www.astm.org\/d4533_d4533m-15.html\" target=\"_blank\" rel=\"noopener nofollow\">ASTM D4533<\/a> sp\u00e9cifie l'essai des <strong data-start=\"6126\" data-end=\"6160\">\u00e9chantillons mouill\u00e9s dans les 2 minutes<\/strong> d'\u00e9limination de l'eau afin d'\u00e9valuer les performances en cas d'exposition \u00e0 l'humidit\u00e9.<\/p>","protected":false},"excerpt":{"rendered":"<p>ASTM D4533 Geotextiles Trapezoid Tearing Strength Test Comprendre l'ASTM D4533 est essentiel pour les professionnels des industries textiles et g\u00e9osynth\u00e9tiques qui doivent \u00e9valuer la r\u00e9sistance \u00e0 la d\u00e9chirure des g\u00e9otextiles et des tissus. Cette norme fournit un moyen fiable de mesurer la r\u00e9sistance \u00e0 la d\u00e9chirure trap\u00e9zo\u00efdale, garantissant ainsi la qualit\u00e9 du produit, sa durabilit\u00e9 et sa conformit\u00e9 aux normes internationales. Qu'est-ce que l'ASTM ...<\/p>\n<p class=\"read-more\"> <a class=\"\" href=\"https:\/\/www.qualitester.com\/fr\/standards\/astm-d4533\/\"> <span class=\"screen-reader-text\">ASTM D4533<\/span> Lire la suite \"<\/a><\/p>","protected":false},"author":4,"featured_media":7556,"parent":4948,"menu_order":0,"comment_status":"closed","ping_status":"closed","template":"","meta":{"site-sidebar-layout":"default","site-content-layout":"default","ast-global-header-display":"","ast-main-header-display":"","ast-hfb-above-header-display":"","ast-hfb-below-header-display":"","ast-hfb-mobile-header-display":"","site-post-title":"disabled","ast-breadcrumbs-content":"","ast-featured-img":"disabled","footer-sml-layout":"","theme-transparent-header-meta":"default","adv-header-id-meta":"","stick-header-meta":"","header-above-stick-meta":"","header-main-stick-meta":"","header-below-stick-meta":"","footnotes":""},"class_list":["post-7555","page","type-page","status-publish","has-post-thumbnail","hentry"],"_links":{"self":[{"href":"https:\/\/www.qualitester.com\/fr\/wp-json\/wp\/v2\/pages\/7555","targetHints":{"allow":["GET"]}}],"collection":[{"href":"https:\/\/www.qualitester.com\/fr\/wp-json\/wp\/v2\/pages"}],"about":[{"href":"https:\/\/www.qualitester.com\/fr\/wp-json\/wp\/v2\/types\/page"}],"author":[{"embeddable":true,"href":"https:\/\/www.qualitester.com\/fr\/wp-json\/wp\/v2\/users\/4"}],"replies":[{"embeddable":true,"href":"https:\/\/www.qualitester.com\/fr\/wp-json\/wp\/v2\/comments?post=7555"}],"version-history":[{"count":0,"href":"https:\/\/www.qualitester.com\/fr\/wp-json\/wp\/v2\/pages\/7555\/revisions"}],"up":[{"embeddable":true,"href":"https:\/\/www.qualitester.com\/fr\/wp-json\/wp\/v2\/pages\/4948"}],"wp:featuredmedia":[{"embeddable":true,"href":"https:\/\/www.qualitester.com\/fr\/wp-json\/wp\/v2\/media\/7556"}],"wp:attachment":[{"href":"https:\/\/www.qualitester.com\/fr\/wp-json\/wp\/v2\/media?parent=7555"}],"curies":[{"name":"wp","href":"https:\/\/api.w.org\/{rel}","templated":true}]}}