{"id":7309,"date":"2025-07-30T15:17:37","date_gmt":"2025-07-30T07:17:37","guid":{"rendered":"https:\/\/www.qualitester.com\/?page_id=7309"},"modified":"2025-08-01T09:29:14","modified_gmt":"2025-08-01T01:29:14","slug":"elmendorf-tear-test","status":"publish","type":"page","link":"https:\/\/www.qualitester.com\/fr\/applications\/elmendorf-tear-test\/","title":{"rendered":"Le test de d\u00e9chirure d'Elmendorf : Une m\u00e9thode fiable pour \u00e9valuer la r\u00e9sistance \u00e0 la d\u00e9chirure des mat\u00e9riaux souples"},"content":{"rendered":"<h1 style=\"text-align: center;\" data-start=\"303\" data-end=\"371\">Test de d\u00e9chirure d'Elmendorf<\/h1>\n<p data-start=\"373\" data-end=\"824\">Le <strong data-start=\"377\" data-end=\"400\">Test de d\u00e9chirure d'Elmendorf<\/strong> est une m\u00e9thode largement adopt\u00e9e pour \u00e9valuer la <strong data-start=\"447\" data-end=\"464\">r\u00e9sistance \u00e0 la d\u00e9chirure<\/strong> de films plastiques, de papier et d'autres mat\u00e9riaux en feuilles minces. Il joue un r\u00f4le essentiel dans l'\u00e9valuation de la durabilit\u00e9 et de la r\u00e9sistance m\u00e9canique des mat\u00e9riaux souples utilis\u00e9s dans l'emballage, le secteur m\u00e9dical, les textiles et les applications industrielles. Ce test, normalis\u00e9 sous <a href=\"https:\/\/www.qualitester.com\/fr\/standards\/astm-d1922\/\" target=\"_blank\" rel=\"noopener\"><strong data-start=\"723\" data-end=\"737\">ASTM D1922<\/strong><\/a>Il fournit des donn\u00e9es pr\u00e9cieuses pour la s\u00e9lection des mat\u00e9riaux, l'assurance qualit\u00e9 et la conception des produits.<\/p>\n<h2 data-start=\"826\" data-end=\"875\">Introduction<\/h2>\n<p data-start=\"877\" data-end=\"1232\"><strong data-start=\"877\" data-end=\"894\">R\u00e9sistance \u00e0 la d\u00e9chirure<\/strong> mesure la capacit\u00e9 d'un mat\u00e9riau \u00e0 r\u00e9sister \u00e0 la propagation d'une d\u00e9chirure une fois qu'elle a commenc\u00e9. Cette propri\u00e9t\u00e9 est particuli\u00e8rement cruciale dans les applications d'emballage o\u00f9 l'int\u00e9grit\u00e9 sous contrainte, par exemple pendant le transport ou la manutention, est vitale. Un mat\u00e9riau faible peut se d\u00e9chirer facilement, compromettant ainsi la fonctionnalit\u00e9 et la s\u00e9curit\u00e9 du produit qu'il prot\u00e8ge.<\/p>\n<p data-start=\"1278\" data-end=\"1709\">Le <strong data-start=\"1282\" data-end=\"1296\">ASTM D1922<\/strong> La norme d\u00e9crit la proc\u00e9dure \u00e0 suivre pour d\u00e9terminer la r\u00e9sistance \u00e0 la d\u00e9chirure \u00e0 l'aide d'un pendule. <strong data-start=\"1384\" data-end=\"1399\">testeur de larmes<\/strong>-commun\u00e9ment appel\u00e9 <strong data-start=\"1428\" data-end=\"1451\">M\u00e9thode Elmendorf<\/strong>. Il est con\u00e7u pour simuler les conditions r\u00e9elles de d\u00e9chirure en mesurant la force n\u00e9cessaire pour continuer \u00e0 d\u00e9chirer une fente pr\u00e9d\u00e9coup\u00e9e dans un \u00e9chantillon de mat\u00e9riau. Le r\u00e9sultat refl\u00e8te l'\u00e9nergie absorb\u00e9e pendant la propagation de la d\u00e9chirure, qui est directement li\u00e9e \u00e0 la r\u00e9sistance du mat\u00e9riau.<\/p>\n<h3 data-start=\"1711\" data-end=\"1742\">Caract\u00e9ristiques principales :<\/h3>\n<ul data-start=\"1744\" data-end=\"2142\">\n<li data-start=\"1744\" data-end=\"1814\">\n<p data-start=\"1746\" data-end=\"1814\"><strong data-start=\"1746\" data-end=\"1759\">Type de test<\/strong>: Propagation de la r\u00e9sistance \u00e0 la d\u00e9chirure par la m\u00e9thode du pendule<\/p>\n<\/li>\n<li data-start=\"1815\" data-end=\"1874\">\n<p data-start=\"1817\" data-end=\"1874\"><strong data-start=\"1817\" data-end=\"1826\">Unit\u00e9s<\/strong>: Mesur\u00e9 en millinewtons (mN) ou en grammes-force<\/p>\n<\/li>\n<li data-start=\"1875\" data-end=\"1953\">\n<p data-start=\"1877\" data-end=\"1953\"><strong data-start=\"1877\" data-end=\"1890\">Sp\u00e9cimens<\/strong>: Films ou feuilles \u2264 0,25 mm d'\u00e9paisseur, avec une pr\u00e9-fente de 20 mm.<\/p>\n<\/li>\n<li data-start=\"1954\" data-end=\"2048\">\n<p data-start=\"1956\" data-end=\"2048\"><strong data-start=\"1956\" data-end=\"1969\">Direction<\/strong>: Les directions machine et transversale sont test\u00e9es pour les mat\u00e9riaux anisotropes.<\/p>\n<\/li>\n<li data-start=\"2049\" data-end=\"2142\">\n<p data-start=\"2051\" data-end=\"2142\"><strong data-start=\"2051\" data-end=\"2066\">Application<\/strong>: Principalement utilis\u00e9 pour les films plastiques, le papier, les textiles et les emballages lamin\u00e9s.<\/p>\n<\/li>\n<\/ul>\n<h2 data-start=\"2144\" data-end=\"2180\">Fonctionnement du test de d\u00e9chirure d'Elmendorf<\/h2>\n<p data-start=\"2182\" data-end=\"2511\">Le test consiste \u00e0 serrer un \u00e9chantillon pr\u00e9-fendu entre deux m\u00e2choires, l'une fixe, l'autre attach\u00e9e \u00e0 un pendule oscillant. Une fois rel\u00e2ch\u00e9, le pendule d\u00e9chire le mat\u00e9riau restant et l'\u00e9nergie d\u00e9pens\u00e9e est mesur\u00e9e. La force qui en r\u00e9sulte donne une id\u00e9e de la <strong data-start=\"2446\" data-end=\"2463\">\u00a0la r\u00e9sistance \u00e0 la d\u00e9chirure<\/strong> et la coh\u00e9rence du mat\u00e9riel d'un \u00e9chantillon \u00e0 l'autre.<\/p>\n<h3 data-start=\"2513\" data-end=\"2538\">Processus \u00e9tape par \u00e9tape :<\/h3>\n<ol data-start=\"2540\" data-end=\"2981\">\n<li data-start=\"2540\" data-end=\"2643\">\n<p data-start=\"2543\" data-end=\"2643\"><strong data-start=\"2543\" data-end=\"2567\">Pr\u00e9paration des \u00e9chantillons<\/strong> - Couper des \u00e9chantillons normalis\u00e9s \u00e0 l'aide d'une matrice et les fendre \u00e0 une profondeur de 20 mm.<\/p>\n<\/li>\n<li data-start=\"2644\" data-end=\"2726\">\n<p data-start=\"2647\" data-end=\"2726\"><strong data-start=\"2647\" data-end=\"2663\">Conditionnement<\/strong> - Maintenir une temp\u00e9rature et une humidit\u00e9 normales avant de proc\u00e9der aux essais.<\/p>\n<\/li>\n<li data-start=\"2727\" data-end=\"2790\">\n<p data-start=\"2730\" data-end=\"2790\"><strong data-start=\"2730\" data-end=\"2742\">Montage<\/strong> - Fixer l'\u00e9chantillon dans l'appareil d'essai.<\/p>\n<\/li>\n<li data-start=\"2791\" data-end=\"2878\">\n<p data-start=\"2794\" data-end=\"2878\"><strong data-start=\"2794\" data-end=\"2812\">Ex\u00e9cution des tests<\/strong> - Rel\u00e2chez le pendule et laissez-le d\u00e9chirer l'\u00e9chantillon.<\/p>\n<\/li>\n<li data-start=\"2879\" data-end=\"2981\">\n<p data-start=\"2882\" data-end=\"2981\"><strong data-start=\"2882\" data-end=\"2902\">Enregistrement des r\u00e9sultats<\/strong> - L'\u00e9nergie n\u00e9cessaire est affich\u00e9e et enregistr\u00e9e automatiquement par le syst\u00e8me.<\/p>\n<div class=\"ast-oembed-container\" style=\"height: 100%;\"><iframe title=\"Comment effectuer le test de d\u00e9chirure d&#039;Elmendort sur un \u00e9chantillon de film plastique\" width=\"500\" height=\"281\" src=\"https:\/\/www.youtube.com\/embed\/oo5j21g_thM?feature=oembed\" frameborder=\"0\" allow=\"accelerometer; autoplay; clipboard-write; encrypted-media; gyroscope; picture-in-picture; web-share\" referrerpolicy=\"strict-origin-when-cross-origin\" allowfullscreen><\/iframe><\/div>\n<\/li>\n<\/ol>\n<h2 data-start=\"2983\" data-end=\"3021\">Equipement<\/h2>\n<p data-start=\"3023\" data-end=\"3252\">Pour obtenir des r\u00e9sultats pr\u00e9cis et coh\u00e9rents, un <strong data-start=\"3071\" data-end=\"3086\">\u00a0testeur<\/strong> est essentielle. Les <strong data-start=\"3105\" data-end=\"3144\">Instruments cellulaires <a href=\"https:\/\/www.celtec.cn\/productinfo\/1973783.html\" target=\"_blank\" rel=\"noopener nofollow\">SLD-01 <\/a><\/strong>est une option tr\u00e8s performante con\u00e7ue pour <strong data-start=\"3189\" data-end=\"3215\">Test d'arrachement Elmendorf<\/strong> conform\u00e9ment \u00e0 la norme ASTM.<\/p>\n<p><img fetchpriority=\"high\" decoding=\"async\" class=\"wp-image-7313 alignright\" src=\"https:\/\/www.qualitester.com\/wp-content\/uploads\/2025\/07\/tear-tester-1_11zon-300x300.webp\" alt=\"elmendorf tear test\" width=\"270\" height=\"270\" srcset=\"https:\/\/www.qualitester.com\/wp-content\/uploads\/2025\/07\/tear-tester-1_11zon-300x300.webp 300w, https:\/\/www.qualitester.com\/wp-content\/uploads\/2025\/07\/tear-tester-1_11zon-1024x1024.webp 1024w, https:\/\/www.qualitester.com\/wp-content\/uploads\/2025\/07\/tear-tester-1_11zon-150x150.webp 150w, https:\/\/www.qualitester.com\/wp-content\/uploads\/2025\/07\/tear-tester-1_11zon-768x768.webp 768w, https:\/\/www.qualitester.com\/wp-content\/uploads\/2025\/07\/tear-tester-1_11zon-1536x1536.webp 1536w, https:\/\/www.qualitester.com\/wp-content\/uploads\/2025\/07\/tear-tester-1_11zon-12x12.webp 12w, https:\/\/www.qualitester.com\/wp-content\/uploads\/2025\/07\/tear-tester-1_11zon-600x600.webp 600w, https:\/\/www.qualitester.com\/wp-content\/uploads\/2025\/07\/tear-tester-1_11zon-100x100.webp 100w, https:\/\/www.qualitester.com\/wp-content\/uploads\/2025\/07\/tear-tester-1_11zon.webp 1840w\" sizes=\"(max-width: 270px) 100vw, 270px\" \/><\/p>\n<ul data-start=\"3294\" data-end=\"3645\">\n<li data-start=\"3294\" data-end=\"3340\">\n<p data-start=\"3296\" data-end=\"3340\"><strong data-start=\"3296\" data-end=\"3340\">Conforme aux normes ASTM D1922 et ISO 6383-2<\/strong><\/p>\n<\/li>\n<li data-start=\"3341\" data-end=\"3404\">\n<p data-start=\"3343\" data-end=\"3404\"><strong data-start=\"3343\" data-end=\"3378\">Contr\u00f4le PLC et \u00e9cran tactile HMI<\/strong> pour une utilisation intuitive<\/p>\n<\/li>\n<li data-start=\"3405\" data-end=\"3485\">\n<p data-start=\"3407\" data-end=\"3485\"><strong data-start=\"3407\" data-end=\"3460\">D\u00e9clenchement automatique du pendule et serrage pneumatique<\/strong> pour des r\u00e9sultats reproductibles<\/p>\n<\/li>\n<li data-start=\"3486\" data-end=\"3565\">\n<p data-start=\"3488\" data-end=\"3565\"><strong data-start=\"3488\" data-end=\"3512\">Donn\u00e9es auto-statistiques<\/strong> avec rapport en temps r\u00e9el et micro imprimante en option<\/p>\n<\/li>\n<li data-start=\"3566\" data-end=\"3645\">\n<p data-start=\"3568\" data-end=\"3645\"><strong data-start=\"3568\" data-end=\"3588\">Large gamme de tests<\/strong> suitable for paper, film, foil, and nonwoven materials<\/p>\n<\/li>\n<\/ul>\n<p data-start=\"3647\" data-end=\"3793\">This tear tester is particularly beneficial for quality control professionals in packaging, printing, film production, and material research labs.<\/p>\n<h2 data-start=\"3795\" data-end=\"3828\">Applications<\/h2>\n<p data-start=\"3830\" data-end=\"3982\">Le <strong data-start=\"3834\" data-end=\"3857\">M\u00e9thode Elmendorf <\/strong>is indispensable in evaluating the suitability of materials in sectors where tear resistance impacts performance and safety:<\/p>\n<ul data-start=\"3984\" data-end=\"4366\">\n<li data-start=\"3984\" data-end=\"4081\">\n<p data-start=\"3986\" data-end=\"4081\"><strong data-start=\"3986\" data-end=\"4008\">Emballage souple<\/strong> \u2013 Ensures plastic films won\u2019t rupture during transportation or sealing<\/p>\n<\/li>\n<li data-start=\"4082\" data-end=\"4180\">\n<p data-start=\"4084\" data-end=\"4180\"><strong data-start=\"4084\" data-end=\"4115\">Medical and Pharmaceuticals<\/strong> \u2013 Validates film strength in blister packs, pouches, and wraps<\/p>\n<\/li>\n<li data-start=\"4181\" data-end=\"4274\">\n<p data-start=\"4183\" data-end=\"4274\"><strong data-start=\"4183\" data-end=\"4218\">Textile and Nonwoven Industries<\/strong> \u2013 Measures durability of fabrics and hygiene products<\/p>\n<\/li>\n<li data-start=\"4275\" data-end=\"4366\">\n<p data-start=\"4277\" data-end=\"4366\"><strong data-start=\"4277\" data-end=\"4299\">Paper and Printing<\/strong> \u2013 Determines resistance of coated and laminated paper to tearing<\/p>\n<\/li>\n<\/ul>\n<h2 data-start=\"4368\" data-end=\"4396\">\u00a0Accurate Testing Tips<\/h2>\n<p data-start=\"4398\" data-end=\"4495\">To maintain accuracy and reproducibility in your<strong>test<\/strong>, consider the following:<\/p>\n<ul data-start=\"4497\" data-end=\"4822\">\n<li data-start=\"4497\" data-end=\"4560\">\n<p data-start=\"4499\" data-end=\"4560\">Use specimens of consistent thickness and free from defects<\/p>\n<\/li>\n<li data-start=\"4561\" data-end=\"4617\">\n<p data-start=\"4563\" data-end=\"4617\">Ensure pendulum bearings are clean and friction-free<\/p>\n<\/li>\n<li data-start=\"4618\" data-end=\"4679\">\n<p data-start=\"4620\" data-end=\"4679\">Perform regular calibration using certified check weights<\/p>\n<\/li>\n<li data-start=\"4680\" data-end=\"4737\">\n<p data-start=\"4682\" data-end=\"4737\">Follow ASTM guidelines for environmental conditioning<\/p>\n<\/li>\n<li data-start=\"4738\" data-end=\"4822\">\n<p data-start=\"4740\" data-end=\"4822\">Test samples in both machine and transverse directions for anisotropic materials<\/p>\n<\/li>\n<\/ul>\n<h2 data-start=\"4824\" data-end=\"4873\">Conclusion<\/h2>\n<p data-start=\"4875\" data-end=\"5123\">Le <strong data-start=\"4879\" data-end=\"4902\">Test de d\u00e9chirure d'Elmendorf<\/strong> offers a simple yet powerful way to quantify the <strong data-start=\"4952\" data-end=\"4969\">r\u00e9sistance \u00e0 la d\u00e9chirure<\/strong> of thin materials under dynamic stress. By adhering to <strong data-start=\"5025\" data-end=\"5039\">ASTM D1922<\/strong>, manufacturers and researchers can evaluate material performance with confidence.<\/p>\n<p data-start=\"5125\" data-end=\"5325\">For those seeking reliable and compliant equipment, the <strong data-start=\"5181\" data-end=\"5203\">Testeur de d\u00e9chirure SLD-01<\/strong> de <strong data-start=\"5209\" data-end=\"5229\">Instruments cellulaires<\/strong> delivers precise, repeatable results that support R&amp;D, production, and quality assurance needs.<\/p>","protected":false},"excerpt":{"rendered":"<p>Test de d\u00e9chirement d'Elmendorf Le test de d\u00e9chirement d'Elmendorf est une m\u00e9thode largement adopt\u00e9e pour \u00e9valuer la r\u00e9sistance au d\u00e9chirement des films plastiques, du papier et d'autres mat\u00e9riaux en feuilles minces. Il joue un r\u00f4le essentiel dans l'\u00e9valuation de la durabilit\u00e9 et de la r\u00e9sistance m\u00e9canique des mat\u00e9riaux souples utilis\u00e9s dans l'emballage, le secteur m\u00e9dical, les textiles et les applications industrielles. Ce test, normalis\u00e9 par l'ASTM D1922, ...<\/p>\n<p class=\"read-more\"> <a class=\"\" href=\"https:\/\/www.qualitester.com\/fr\/applications\/elmendorf-tear-test\/\"> <span class=\"screen-reader-text\">Le test de d\u00e9chirure d'Elmendorf : Une m\u00e9thode fiable pour \u00e9valuer la r\u00e9sistance \u00e0 la d\u00e9chirure des mat\u00e9riaux souples<\/span> Lire la suite \"<\/a><\/p>","protected":false},"author":3,"featured_media":0,"parent":6794,"menu_order":0,"comment_status":"closed","ping_status":"closed","template":"","meta":{"site-sidebar-layout":"default","site-content-layout":"default","ast-global-header-display":"","ast-main-header-display":"","ast-hfb-above-header-display":"","ast-hfb-below-header-display":"","ast-hfb-mobile-header-display":"","site-post-title":"","ast-breadcrumbs-content":"","ast-featured-img":"","footer-sml-layout":"","theme-transparent-header-meta":"default","adv-header-id-meta":"","stick-header-meta":"","header-above-stick-meta":"","header-main-stick-meta":"","header-below-stick-meta":"","footnotes":""},"class_list":["post-7309","page","type-page","status-publish","hentry"],"_links":{"self":[{"href":"https:\/\/www.qualitester.com\/fr\/wp-json\/wp\/v2\/pages\/7309","targetHints":{"allow":["GET"]}}],"collection":[{"href":"https:\/\/www.qualitester.com\/fr\/wp-json\/wp\/v2\/pages"}],"about":[{"href":"https:\/\/www.qualitester.com\/fr\/wp-json\/wp\/v2\/types\/page"}],"author":[{"embeddable":true,"href":"https:\/\/www.qualitester.com\/fr\/wp-json\/wp\/v2\/users\/3"}],"replies":[{"embeddable":true,"href":"https:\/\/www.qualitester.com\/fr\/wp-json\/wp\/v2\/comments?post=7309"}],"version-history":[{"count":0,"href":"https:\/\/www.qualitester.com\/fr\/wp-json\/wp\/v2\/pages\/7309\/revisions"}],"up":[{"embeddable":true,"href":"https:\/\/www.qualitester.com\/fr\/wp-json\/wp\/v2\/pages\/6794"}],"wp:attachment":[{"href":"https:\/\/www.qualitester.com\/fr\/wp-json\/wp\/v2\/media?parent=7309"}],"curies":[{"name":"wp","href":"https:\/\/api.w.org\/{rel}","templated":true}]}}