{"id":6604,"date":"2025-04-11T15:35:49","date_gmt":"2025-04-11T07:35:49","guid":{"rendered":"https:\/\/www.qualitester.com\/?page_id=6604"},"modified":"2025-04-11T15:45:32","modified_gmt":"2025-04-11T07:45:32","slug":"astm-d1709","status":"publish","type":"page","link":"https:\/\/www.qualitester.com\/fr\/standards\/astm-d1709\/","title":{"rendered":"ASTM D1709"},"content":{"rendered":"<h1 style=\"text-align: center;\" data-start=\"370\" data-end=\"882\">ASTM D1709<br \/>\n<small>Norme d'essai d'impact de chute de fl\u00e9chettes<\/small><\/h1>\n<p class=\"\" data-start=\"370\" data-end=\"882\">Les films d'emballage en plastique doivent \u00eatre r\u00e9sistants aux contraintes m\u00e9caniques. L'une des normes les plus largement accept\u00e9es pour \u00e9valuer cette performance est la norme <a href=\"https:\/\/www.qualitester.com\/fr\/standards\/astm-d1709\/\"><strong data-start=\"548\" data-end=\"562\">ASTM D1709<\/strong><\/a>qui d\u00e9finit des m\u00e9thodes pour d\u00e9terminer la r\u00e9sistance \u00e0 l'impact des films plastiques \u00e0 l'aide d'une fl\u00e9chette en chute libre. Ce test fournit des informations pr\u00e9cieuses sur la t\u00e9nacit\u00e9 d'un film et aide les fabricants tels que le <a href=\"https:\/\/www.qualitester.com\/fr\/\" target=\"_blank\" rel=\"noopener\"><strong data-start=\"754\" data-end=\"774\">Instruments cellulaires<\/strong><\/a> d\u00e9velopper des mat\u00e9riaux de meilleure qualit\u00e9 pour des industries telles que l'emballage, l'alimentation, les produits pharmaceutiques et les dispositifs m\u00e9dicaux.<\/p>\n<hr class=\"\" data-start=\"884\" data-end=\"887\" \/>\n<h2 data-start=\"889\" data-end=\"1272\">Comprendre le test d'impact de la chute de fl\u00e9chettes et son importance<\/h2>\n<p class=\"\" data-start=\"889\" data-end=\"1272\">Le <strong data-start=\"958\" data-end=\"983\">test d'impact de chute de fl\u00e9chettes<\/strong>r\u00e9gi par la norme ASTM D1709, mesure l'\u00e9nergie n\u00e9cessaire pour provoquer la rupture d'un film plastique en laissant tomber une fl\u00e9chette h\u00e9misph\u00e9rique d'une hauteur d\u00e9finie. Ce test simule les conditions r\u00e9elles dans lesquelles les films sont soumis \u00e0 des contraintes m\u00e9caniques, telles que la chute ou l'empilage pendant le transport.<\/p>\n<p class=\"\" data-start=\"1274\" data-end=\"1309\">L'ASTM D1709 propose deux m\u00e9thodes de test :<\/p>\n<p><img fetchpriority=\"high\" decoding=\"async\" class=\"alignright wp-image-6611 size-medium\" src=\"https:\/\/www.qualitester.com\/wp-content\/uploads\/2025\/04\/ASTM-D1709-300x255.png\" alt=\"ASTM D1709\" width=\"300\" height=\"255\" srcset=\"https:\/\/www.qualitester.com\/wp-content\/uploads\/2025\/04\/ASTM-D1709-300x255.png 300w, https:\/\/www.qualitester.com\/wp-content\/uploads\/2025\/04\/ASTM-D1709-14x12.png 14w, https:\/\/www.qualitester.com\/wp-content\/uploads\/2025\/04\/ASTM-D1709-600x511.png 600w, https:\/\/www.qualitester.com\/wp-content\/uploads\/2025\/04\/ASTM-D1709.png 665w\" sizes=\"(max-width: 300px) 100vw, 300px\" \/><\/p>\n<ul data-start=\"1311\" data-end=\"1629\">\n<li class=\"\" data-start=\"1311\" data-end=\"1462\">\n<p class=\"\" data-start=\"1313\" data-end=\"1462\"><strong data-start=\"1313\" data-end=\"1331\">M\u00e9thode d'essai A :<\/strong><br data-start=\"1331\" data-end=\"1334\" \/>Utilise une fl\u00e9chette h\u00e9misph\u00e9rique de 38,10 mm l\u00e2ch\u00e9e d'une hauteur de 0,66 m. Il convient aux films dont le poids est compris entre 50 g et 6 kg environ.<\/p>\n<\/li>\n<li class=\"\" data-start=\"1464\" data-end=\"1629\">\n<p class=\"\" data-start=\"1466\" data-end=\"1629\"><strong data-start=\"1466\" data-end=\"1484\">M\u00e9thode d'essai B :<\/strong><br data-start=\"1484\" data-end=\"1487\" \/>Il s'agit d'une fl\u00e9chette plus grande, de 50,80 mm, l\u00e2ch\u00e9e d'une hauteur de 1,52 m. Il est id\u00e9al pour les films plus r\u00e9sistants aux chocs n\u00e9cessitant des fl\u00e9chettes d'un poids compris entre 0,3 kg et 6 kg.<\/p>\n<\/li>\n<\/ul>\n<div class=\"mceTemp\"><\/div>\n<p class=\"\" data-start=\"1631\" data-end=\"1764\">Les deux m\u00e9thodes sont con\u00e7ues pour trouver la <strong data-start=\"1669\" data-end=\"1690\">50% point de d\u00e9faillance<\/strong>c'est-\u00e0-dire le poids de la fl\u00e9chette \u00e0 partir duquel la moiti\u00e9 des sp\u00e9cimens test\u00e9s se brisent.<\/p>\n<hr class=\"\" data-start=\"1766\" data-end=\"1769\" \/>\n<h2 data-start=\"1771\" data-end=\"2093\">Choisir entre la m\u00e9thode A et la m\u00e9thode B<\/h2>\n<p class=\"\" data-start=\"1771\" data-end=\"2093\">Le choix de la m\u00e9thode d'essai appropri\u00e9e d\u00e9pend de la r\u00e9sistance attendue du mat\u00e9riau. Si vous \u00e9valuez des films minces ou mod\u00e9r\u00e9ment r\u00e9sistants, <strong data-start=\"1958\" data-end=\"1970\">M\u00e9thode A<\/strong> est g\u00e9n\u00e9ralement suffisant. Pour les films plus r\u00e9sistants, multicouches ou sp\u00e9cialis\u00e9s, <strong data-start=\"2043\" data-end=\"2055\">M\u00e9thode B<\/strong> fournit une \u00e9valuation plus exigeante.<\/p>\n<p class=\"\" data-start=\"2095\" data-end=\"2197\">Cell Instruments propose des solutions polyvalentes pour traiter les deux m\u00e9thodes de test avec pr\u00e9cision et efficacit\u00e9.<\/p>\n<hr class=\"\" data-start=\"2199\" data-end=\"2202\" \/>\n<h2 data-start=\"2204\" data-end=\"2382\">Proc\u00e9dures d'essai bas\u00e9es sur la norme ASTM D1709<\/h2>\n<p class=\"\" data-start=\"2204\" data-end=\"2382\">La norme ASTM D1709 d\u00e9crit deux proc\u00e9dures principales pour l'ex\u00e9cution de l'essai d'impact de chute de fl\u00e9chettes : le <strong data-start=\"2334\" data-end=\"2354\">m\u00e9thode de l'escalier<\/strong> et le <strong data-start=\"2363\" data-end=\"2379\">m\u00e9thode de groupe<\/strong>.<\/p>\n<ol data-start=\"2384\" data-end=\"2918\">\n<li class=\"\" data-start=\"2384\" data-end=\"2685\">\n<p class=\"\" data-start=\"2387\" data-end=\"2422\"><strong data-start=\"2387\" data-end=\"2422\">M\u00e9thode de l'escalier (la plus courante) :<\/strong><\/p>\n<ul data-start=\"2426\" data-end=\"2685\">\n<li class=\"\" data-start=\"2426\" data-end=\"2486\">\n<p class=\"\" data-start=\"2428\" data-end=\"2486\">Commencez par placer une fl\u00e9chette pr\u00e8s du point de rupture estim\u00e9.<\/p>\n<\/li>\n<li class=\"\" data-start=\"2490\" data-end=\"2559\">\n<p class=\"\" data-start=\"2492\" data-end=\"2559\">En cas de d\u00e9faillance d'un \u00e9chantillon, r\u00e9duire le poids d'un incr\u00e9ment d\u00e9fini (\u0394W).<\/p>\n<\/li>\n<li class=\"\" data-start=\"2563\" data-end=\"2605\">\n<p class=\"\" data-start=\"2565\" data-end=\"2605\">En cas de succ\u00e8s, augmenter le poids de \u0394W.<\/p>\n<\/li>\n<li class=\"\" data-start=\"2609\" data-end=\"2685\">\n<p class=\"\" data-start=\"2611\" data-end=\"2685\">Poursuivre les essais jusqu'\u00e0 ce que 10 \u00e9checs et 10 non-\u00e9checs aient \u00e9t\u00e9 enregistr\u00e9s.<\/p>\n<\/li>\n<\/ul>\n<\/li>\n<li class=\"\" data-start=\"2687\" data-end=\"2918\">\n<p class=\"\" data-start=\"2690\" data-end=\"2707\"><strong data-start=\"2690\" data-end=\"2707\">M\u00e9thode de groupe :<\/strong><\/p>\n<ul data-start=\"2711\" data-end=\"2918\">\n<li class=\"\" data-start=\"2711\" data-end=\"2775\">\n<p class=\"\" data-start=\"2713\" data-end=\"2775\">Les \u00e9chantillons sont test\u00e9s par groupes de 10 en utilisant des poids de fl\u00e9chettes fixes.<\/p>\n<\/li>\n<li class=\"\" data-start=\"2779\" data-end=\"2846\">\n<p class=\"\" data-start=\"2781\" data-end=\"2846\">Le poids est augment\u00e9 ou diminu\u00e9 par \u00e9tapes uniformes entre les groupes.<\/p>\n<\/li>\n<li class=\"\" data-start=\"2850\" data-end=\"2918\">\n<p class=\"\" data-start=\"2852\" data-end=\"2918\">Moins courant, mais toujours acceptable lorsqu'un d\u00e9bit \u00e9lev\u00e9 est requis.<\/p>\n<\/li>\n<\/ul>\n<\/li>\n<\/ol>\n<p class=\"\" data-start=\"2920\" data-end=\"3007\">Ces m\u00e9thodes sont statistiquement robustes et garantissent une grande confiance dans les r\u00e9sultats finaux.<\/p>\n<hr class=\"\" data-start=\"3009\" data-end=\"3012\" \/>\n<h2 data-start=\"3014\" data-end=\"3237\">Sp\u00e9cimens d'essai et configuration de l'\u00e9quipement<\/h2>\n<p class=\"\" data-start=\"3014\" data-end=\"3237\">La norme ASTM D1709 stipule que les \u00e9prouvettes doivent \u00eatre exemptes d'imperfections telles que des trous d'\u00e9pingle ou des rides, \u00e0 moins qu'elles ne fassent partie de la variable d'essai. Un \u00e9chantillonnage appropri\u00e9 garantit la fiabilit\u00e9 des donn\u00e9es.<\/p>\n<p class=\"\" data-start=\"3239\" data-end=\"3255\">Avant le test :<\/p>\n<ul data-start=\"3256\" data-end=\"3439\">\n<li class=\"\" data-start=\"3256\" data-end=\"3295\">\n<p class=\"\" data-start=\"3258\" data-end=\"3295\"><strong data-start=\"3258\" data-end=\"3284\">Mesure de l'\u00e9paisseur du film<\/strong> pr\u00e9cis\u00e9ment.<\/p>\n<\/li>\n<li class=\"\" data-start=\"3296\" data-end=\"3355\">\n<p class=\"\" data-start=\"3298\" data-end=\"3355\"><strong data-start=\"3298\" data-end=\"3321\">S\u00e9curiser l'\u00e9chantillon<\/strong> dans un anneau de serrage sans plis.<\/p>\n<\/li>\n<li class=\"\" data-start=\"3356\" data-end=\"3439\">\n<p class=\"\" data-start=\"3358\" data-end=\"3439\"><strong data-start=\"3358\" data-end=\"3381\">Aligner la t\u00eate de la fl\u00e9chette<\/strong> pour s'assurer qu'il tombe verticalement au centre de l'\u00e9chantillon.<\/p>\n<\/li>\n<\/ul>\n<p class=\"\" data-start=\"3441\" data-end=\"3729\"><strong data-start=\"3441\" data-end=\"3475\">FDT-01 Testeur d'impact de chute de fl\u00e9chettes<\/strong> de <strong data-start=\"3481\" data-end=\"3501\">Instruments cellulaires<\/strong> r\u00e9pond \u00e0 toutes les exigences de la norme ASTM D1709, offrant un serrage de haute pr\u00e9cision et un contr\u00f4le num\u00e9rique pour des r\u00e9sultats coh\u00e9rents et pr\u00e9cis. Le FDT-01 est largement utilis\u00e9 dans les laboratoires de contr\u00f4le de la qualit\u00e9 des industries de l'emballage et du film.<\/p>\n<hr class=\"\" data-start=\"3731\" data-end=\"3734\" \/>\n<h2 data-start=\"3736\" data-end=\"4002\">Calcul de la r\u00e9sistance aux chocs<\/h2>\n<p class=\"\" data-start=\"3736\" data-end=\"4002\">Apr\u00e8s l'essai, calculez la <strong data-start=\"3804\" data-end=\"3837\">poids moyen de rupture de l'impact<\/strong> en utilisant le nombre d'\u00e9checs pour chaque poids de fl\u00e9chette. Cette valeur est essentielle pour d\u00e9terminer la fiabilit\u00e9 d'un mat\u00e9riau au cours de sa transformation, de son transport et de son utilisation finale.<\/p>\n<p class=\"\" data-start=\"4004\" data-end=\"4029\">Le calcul se fait de la mani\u00e8re suivante :<\/p>\n<ul data-start=\"4030\" data-end=\"4149\">\n<li class=\"\" data-start=\"4030\" data-end=\"4071\">\n<p class=\"\" data-start=\"4032\" data-end=\"4071\">Enregistrement de tous les r\u00e9sultats des tests (\u00e9chec\/r\u00e9ussite).<\/p>\n<\/li>\n<li class=\"\" data-start=\"4072\" data-end=\"4149\">\n<p class=\"\" data-start=\"4074\" data-end=\"4149\">Utiliser les moyennes pond\u00e9r\u00e9es pour trouver la masse de fl\u00e9chettes \u00e0 laquelle 50% des \u00e9chantillons \u00e9chouent.<\/p>\n<\/li>\n<\/ul>\n<hr class=\"\" data-start=\"4622\" data-end=\"4625\" \/>\n<h2 style=\"text-align: center;\" data-start=\"4627\" data-end=\"5036\">Pourquoi choisir nos tests d'impact Dart<\/h2>\n<p><img decoding=\"async\" class=\"alignleft wp-image-6606 size-medium\" src=\"https:\/\/www.qualitester.com\/wp-content\/uploads\/2025\/04\/ASTM-D1709-Dart-Drop-Impact-Test-Standard-263x300.webp\" alt=\"Norme ASTM D1709 relative au test d&#039;impact de chute de fl\u00e9chettes\" width=\"263\" height=\"300\" srcset=\"https:\/\/www.qualitester.com\/wp-content\/uploads\/2025\/04\/ASTM-D1709-Dart-Drop-Impact-Test-Standard-263x300.webp 263w, https:\/\/www.qualitester.com\/wp-content\/uploads\/2025\/04\/ASTM-D1709-Dart-Drop-Impact-Test-Standard-11x12.webp 11w, https:\/\/www.qualitester.com\/wp-content\/uploads\/2025\/04\/ASTM-D1709-Dart-Drop-Impact-Test-Standard-600x686.webp 600w, https:\/\/www.qualitester.com\/wp-content\/uploads\/2025\/04\/ASTM-D1709-Dart-Drop-Impact-Test-Standard.webp 700w\" sizes=\"(max-width: 263px) 100vw, 263px\" \/><\/p>\n<p class=\"\" style=\"text-align: center;\" data-start=\"4627\" data-end=\"5036\">Cell Instruments fournit des \u00e9quipements d'essai de pointe tels que le <strong data-start=\"4755\" data-end=\"4789\">FDT-01 <a href=\"https:\/\/www.qualitester.com\/fr\/produit\/fdt-01-polypropylene-film-drop-dart-tester\/\" target=\"_blank\" rel=\"noopener\">Test d'impact de chute de fl\u00e9chettes<\/a><\/strong>con\u00e7u sp\u00e9cifiquement pour les <a href=\"https:\/\/www.astm.org\/d1709-22.html\" target=\"_blank\" rel=\"noopener nofollow\"><strong data-start=\"4817\" data-end=\"4831\">ASTM D1709<\/strong><\/a> conformit\u00e9. Gr\u00e2ce \u00e0 des configurations personnalisables, \u00e0 une saisie pr\u00e9cise des donn\u00e9es et \u00e0 une utilisation intuitive, nos solutions aident les clients du monde entier \u00e0 maintenir des normes de qualit\u00e9 coh\u00e9rentes et \u00e0 r\u00e9duire les d\u00e9faillances des produits.<\/p>\n<p class=\"\" style=\"text-align: center;\" data-start=\"5038\" data-end=\"5207\">En outre, nous offrons <strong data-start=\"5060\" data-end=\"5088\">personnalisation de l'automatisation<\/strong> pour rationaliser les processus de test r\u00e9p\u00e9titifs et am\u00e9liorer consid\u00e9rablement l'efficacit\u00e9 dans les environnements de production \u00e0 haut volume.<\/p>\n<hr \/>\n<h2 data-start=\"5681\" data-end=\"5735\">FAQ sur l'ASTM D1709 et l'essai d'impact par chute de fl\u00e9chettes<\/h2>\n<p class=\"\" data-start=\"5737\" data-end=\"5925\"><strong data-start=\"5737\" data-end=\"5772\">1. \u00c0 quoi sert l'ASTM D1709 ?<\/strong><br data-start=\"5772\" data-end=\"5775\" \/>La norme ASTM D1709 d\u00e9termine l'\u00e9nergie n\u00e9cessaire pour provoquer la rupture d'un film plastique en laissant tomber une fl\u00e9chette d'une hauteur d\u00e9termin\u00e9e, simulant ainsi des sc\u00e9narios d'impact r\u00e9els.<\/p>\n<p class=\"\" data-start=\"5927\" data-end=\"6149\"><strong data-start=\"5927\" data-end=\"6000\">2. Quelle est la diff\u00e9rence entre la m\u00e9thode A et la m\u00e9thode B de l'ASTM D1709 ?<\/strong><br data-start=\"6000\" data-end=\"6003\" \/>La m\u00e9thode A utilise une fl\u00e9chette plus petite et une hauteur de chute qui convient aux films plus faibles. La m\u00e9thode B utilise une fl\u00e9chette plus grande et une hauteur plus importante, id\u00e9ale pour les films plus r\u00e9sistants.<\/p>\n<p class=\"\" data-start=\"6151\" data-end=\"6369\"><strong data-start=\"6151\" data-end=\"6203\">3. Comment le poids de la fl\u00e9chette est-il choisi pour le test ?<\/strong><br data-start=\"6203\" data-end=\"6206\" \/>Commencez par une estimation du poids d'\u00e9chec. Ajustez-le \u00e0 la hausse ou \u00e0 la baisse en fonction de la performance du sp\u00e9cimen dans l'essai de la <strong data-start=\"6304\" data-end=\"6324\">m\u00e9thode de l'escalier<\/strong> jusqu'\u00e0 ce que vous obteniez 10 r\u00e9ussites et 10 \u00e9checs.<\/p>\n<p class=\"\" data-start=\"6371\" data-end=\"6578\"><strong data-start=\"6371\" data-end=\"6431\">4. Quel instrument dois-je utiliser pour les tests ASTM D1709 ?<\/strong><br data-start=\"6431\" data-end=\"6434\" \/>Le <strong data-start=\"6438\" data-end=\"6472\">FDT-01 Testeur d'impact de chute de fl\u00e9chettes<\/strong> de <strong data-start=\"6478\" data-end=\"6498\">Instruments cellulaires<\/strong> est un choix fiable. Il prend en charge les m\u00e9thodes d'essai A et B avec une grande pr\u00e9cision.<\/p>\n<p class=\"\" data-start=\"6580\" data-end=\"6823\"><strong data-start=\"6580\" data-end=\"6653\">5. Les r\u00e9sultats de l'impact des fl\u00e9chettes peuvent-ils \u00eatre compar\u00e9s entre diff\u00e9rentes m\u00e9thodes d'essai ?<\/strong><br data-start=\"6653\" data-end=\"6656\" \/>Non. Les r\u00e9sultats de la m\u00e9thode A et de la m\u00e9thode B - ou d'autres normes d'impact - ne sont pas directement comparables en raison des diff\u00e9rences de taille et de hauteur des fl\u00e9chettes et des principes de mesure de l'\u00e9nergie.<\/p>","protected":false},"excerpt":{"rendered":"<p>ASTM D1709 Dart Drop Impact Test Standard Plastic packaging films require durability under mechanical stress. One of the most widely accepted standards for evaluating such performance is ASTM D1709, which defines methods to determine the impact resistance of plastic films using a free-falling dart. This test provides valuable insight into a film\u2019s toughness and helps &hellip;<\/p>\n<p class=\"read-more\"> <a class=\"\" href=\"https:\/\/www.qualitester.com\/fr\/standards\/astm-d1709\/\"> <span class=\"screen-reader-text\">ASTM D1709<\/span> Lire la suite \"<\/a><\/p>","protected":false},"author":4,"featured_media":0,"parent":4948,"menu_order":0,"comment_status":"closed","ping_status":"closed","template":"","meta":{"site-sidebar-layout":"default","site-content-layout":"default","ast-global-header-display":"","ast-main-header-display":"","ast-hfb-above-header-display":"","ast-hfb-below-header-display":"","ast-hfb-mobile-header-display":"","site-post-title":"disabled","ast-breadcrumbs-content":"","ast-featured-img":"","footer-sml-layout":"","theme-transparent-header-meta":"default","adv-header-id-meta":"","stick-header-meta":"","header-above-stick-meta":"","header-main-stick-meta":"","header-below-stick-meta":"","footnotes":""},"class_list":["post-6604","page","type-page","status-publish","hentry"],"_links":{"self":[{"href":"https:\/\/www.qualitester.com\/fr\/wp-json\/wp\/v2\/pages\/6604","targetHints":{"allow":["GET"]}}],"collection":[{"href":"https:\/\/www.qualitester.com\/fr\/wp-json\/wp\/v2\/pages"}],"about":[{"href":"https:\/\/www.qualitester.com\/fr\/wp-json\/wp\/v2\/types\/page"}],"author":[{"embeddable":true,"href":"https:\/\/www.qualitester.com\/fr\/wp-json\/wp\/v2\/users\/4"}],"replies":[{"embeddable":true,"href":"https:\/\/www.qualitester.com\/fr\/wp-json\/wp\/v2\/comments?post=6604"}],"version-history":[{"count":0,"href":"https:\/\/www.qualitester.com\/fr\/wp-json\/wp\/v2\/pages\/6604\/revisions"}],"up":[{"embeddable":true,"href":"https:\/\/www.qualitester.com\/fr\/wp-json\/wp\/v2\/pages\/4948"}],"wp:attachment":[{"href":"https:\/\/www.qualitester.com\/fr\/wp-json\/wp\/v2\/media?parent=6604"}],"curies":[{"name":"wp","href":"https:\/\/api.w.org\/{rel}","templated":true}]}}