{"id":6558,"date":"2025-03-17T16:04:02","date_gmt":"2025-03-17T08:04:02","guid":{"rendered":"https:\/\/www.qualitester.com\/?page_id=6558"},"modified":"2025-03-17T16:56:01","modified_gmt":"2025-03-17T08:56:01","slug":"iso-8510-2","status":"publish","type":"page","link":"https:\/\/www.qualitester.com\/fr\/standards\/iso-8510-2\/","title":{"rendered":"ISO 8510-2"},"content":{"rendered":"<h1 style=\"text-align: center;\">ISO 8510-2<\/h1>\n<p data-pm-slice=\"1 1 []\">La norme ISO 8510-2 sp\u00e9cifie l'essai d'adh\u00e9rence par pelage \u00e0 180 degr\u00e9s pour l'\u00e9valuation de l'adh\u00e9rence par pelage. <strong>force de d\u00e9collement de l'adh\u00e9sif<\/strong> des mat\u00e9riaux coll\u00e9s. Cette norme est essentielle dans les industries telles que <strong>l'emballage, les dispositifs m\u00e9dicaux, l'\u00e9lectronique et les adh\u00e9sifs<\/strong>o\u00f9 une adh\u00e9sion forte et fiable est cruciale. Le test fournit des informations cruciales sur la <strong>performance et durabilit\u00e9 des adh\u00e9sifs<\/strong> en mesurant la force n\u00e9cessaire pour s\u00e9parer un adh\u00e9rent flexible d'un adh\u00e9rent rigide dans des conditions contr\u00f4l\u00e9es.<\/p>\n<h2>Proc\u00e9dure d'essai selon ISO 8510-2<\/h2>\n<p>Le <strong><a href=\"https:\/\/www.qualitester.com\/fr\/categorie-produit\/iso\/iso-8510-2\/\" target=\"_blank\" rel=\"noopener\">ISO 8510-<\/a>2 m\u00e9thode d'essai<\/strong> consiste \u00e0 pr\u00e9parer et \u00e0 tester des \u00e9chantillons coll\u00e9s dans des conditions normalis\u00e9es. Les \u00e9tapes comprennent :<\/p>\n<h3>1. Pr\u00e9paration des \u00e9chantillons<\/h3>\n<ul data-spread=\"false\">\n<li>Une caution <strong>de flexible \u00e0 rigide<\/strong> est pr\u00e9par\u00e9 \u00e0 l'aide de l'adh\u00e9sif \u00e9valu\u00e9.<\/li>\n<li>Le <strong>adh\u00e9rence rigide<\/strong> peut \u00eatre <strong>m\u00e9tal, plastique, bois ou caoutchouc<\/strong> avec les \u00e9paisseurs sp\u00e9cifi\u00e9es.<\/li>\n<li>Le <strong>adh\u00e9rence flexible<\/strong> devrait r\u00e9sister \u00e0 une <strong>Courbe \u00e0 180 degr\u00e9s<\/strong> sans d\u00e9formation.<\/li>\n<li>L'application de l'adh\u00e9sif est la suivante <strong>ISO 17212<\/strong> ou les directives du fabricant.<\/li>\n<li>La ligne de liaison doit \u00eatre <strong>application uniforme et durcissement complet<\/strong> avant le test.<\/li>\n<\/ul>\n<p><img fetchpriority=\"high\" decoding=\"async\" class=\"wp-image-6591 aligncenter\" src=\"https:\/\/www.qualitester.com\/wp-content\/uploads\/2025\/03\/ISO-8510-2-180-Degree-Peel-Adhesion-Test.png\" alt=\"ISO 8510-2 Test d&#039;adh\u00e9rence par pelage \u00e0 180 degr\u00e9s\" width=\"171\" height=\"366\" srcset=\"https:\/\/www.qualitester.com\/wp-content\/uploads\/2025\/03\/ISO-8510-2-180-Degree-Peel-Adhesion-Test.png 278w, https:\/\/www.qualitester.com\/wp-content\/uploads\/2025\/03\/ISO-8510-2-180-Degree-Peel-Adhesion-Test-140x300.png 140w, https:\/\/www.qualitester.com\/wp-content\/uploads\/2025\/03\/ISO-8510-2-180-Degree-Peel-Adhesion-Test-6x12.png 6w\" sizes=\"(max-width: 171px) 100vw, 171px\" \/><\/p>\n<h3>2. Exigences relatives aux appareils d'essai<\/h3>\n<ul data-spread=\"false\">\n<li>UN <strong>machine d'essai de pelage<\/strong> (<a href=\"https:\/\/www.qualitester.com\/fr\/produit\/tst-01-tensile-tester\/\" target=\"_blank\" rel=\"noopener\">machine d'essai de traction<\/a>) est n\u00e9cessaire.<\/li>\n<li>La machine doit maintenir une <strong>taux constant de s\u00e9paration des pinces<\/strong> (typiquement <strong>100 mm\/min \u00b1 10 mm\/min<\/strong>).<\/li>\n<li>Les poign\u00e9es doivent tenir fermement le <strong>adh\u00e9sifs rigides et flexibles<\/strong>.<\/li>\n<li>La mesure de la force doit \u00eatre pr\u00e9cise \u00e0 l'int\u00e9rieur de <strong>\u00b12%<\/strong>.<\/li>\n<\/ul>\n<h3>3. Proc\u00e9dure de test<\/h3>\n<ul data-spread=\"false\">\n<li>Le <strong>adh\u00e9rence rigide<\/strong> est serr\u00e9 dans la poign\u00e9e fixe de la machine.<\/li>\n<li>Le <strong>adh\u00e9rence flexible<\/strong> est serr\u00e9 dans une pince \u00e0 alignement automatique.<\/li>\n<li>La machine applique une force parall\u00e8le au plan de collage, en tirant l'adh\u00e9rence flexible \u00e0 un angle de <strong>Angle de 180 degr\u00e9s<\/strong>.<\/li>\n<li>Le test se poursuit jusqu'\u00e0 ce qu'au moins <strong>125 mm de la longueur coll\u00e9e se sont d\u00e9tach\u00e9s<\/strong>.<\/li>\n<li>La force de pelage est enregistr\u00e9e sur <strong>100 mm<\/strong>\u00e0 l'exclusion du premier <strong>25 mm<\/strong>.<\/li>\n<li>Le mode de d\u00e9faillance (d\u00e9faillance adh\u00e9sive, coh\u00e9sive ou adh\u00e9rente) est not\u00e9.<\/li>\n<\/ul>\n<h3>4. Enregistrement des r\u00e9sultats des tests de pelage<\/h3>\n<ul data-spread=\"false\">\n<li>Le test d\u00e9termine la <strong>force de pelage moyenne en Newtons<\/strong> sur la dur\u00e9e de l'essai.<\/li>\n<li><strong>Forces maximales et minimales<\/strong> sont enregistr\u00e9s.<\/li>\n<li>Les r\u00e9sultats aident \u00e0 <strong>comparaison des formulations d'adh\u00e9sifs<\/strong> et <strong>assurer la coh\u00e9rence de la production<\/strong>.<\/li>\n<\/ul>\n<h2 data-pm-slice=\"1 3 []\">Signification du test d'adh\u00e9sion par pelage \u00e0 180 degr\u00e9s<\/h2>\n<p>Le <strong>Test d'adh\u00e9sion par pelage \u00e0 180 degr\u00e9s<\/strong> est largement utilis\u00e9 pour \u00e9valuer la <strong>r\u00e9sistance au pelage<\/strong> des adh\u00e9sifs. Il aide les fabricants \u00e0 s'assurer que leurs produits adh\u00e9sifs r\u00e9pondent aux attentes de l'industrie en mati\u00e8re de performance. Les principales applications sont les suivantes<\/p>\n<ul data-spread=\"false\">\n<li><strong>Contr\u00f4le de la qualit\u00e9<\/strong> pour les adh\u00e9sifs utilis\u00e9s dans les emballages et les applications m\u00e9dicales<\/li>\n<li><strong>Recherche et d\u00e9veloppement<\/strong> pour am\u00e9liorer les formulations d'adh\u00e9sifs<\/li>\n<li><strong>Conformit\u00e9<\/strong> conformes aux normes internationales d'essai des adh\u00e9sifs<\/li>\n<\/ul>\n<h2>Machine de test de d\u00e9collement de pr\u00e9cision pour bandes adh\u00e9sives<\/h2>\n<ul data-spread=\"false\">\n<li><strong>Pr\u00e9cision et exactitude<\/strong> (mesure de la force \u00e0 l'int\u00e9rieur de <strong>Tol\u00e9rance 2%<\/strong>)<\/li>\n<li><strong>Taux de s\u00e9paration des poign\u00e9es r\u00e9glables<\/strong><\/li>\n<li><strong>Contr\u00f4le PLC<\/strong><\/li>\n<li><strong>Capacit\u00e9s d'enregistrement des donn\u00e9es<\/strong> pour l'analyse<\/li>\n<li>Plus d'informations <a href=\"https:\/\/www.qualitester.com\/fr\/produit\/tst-01-tensile-tester\/\" target=\"_blank\" rel=\"noopener\">Machine de test de pelage<\/a>&#8230;<\/li>\n<\/ul>\n<p style=\"text-align: center;\"><big><big>Pour la haute pr\u00e9cision <a href=\"https:\/\/www.qualitester.com\/fr\/produit\/tst-01-tensile-tester\/\"><strong>essais de r\u00e9sistance au d\u00e9collement de l'adh\u00e9sif<\/strong><\/a>, contact <a href=\"https:\/\/www.qualitester.com\/fr\/\"><strong>Instruments cellulaires<\/strong><\/a> aujourd'hui !<\/big><\/big><\/p>\n<h2>FAQ<\/h2>\n<p><strong>1. Qu'est-ce que la norme ISO 8510-2 ?<br \/>\n<\/strong>La norme ISO 8510-2 est une norme internationale qui d\u00e9finit les <strong>Test d'adh\u00e9sion par pelage \u00e0 180 degr\u00e9s<\/strong> pour mesurer <strong>force de d\u00e9collement de l'adh\u00e9sif<\/strong>.<\/p>\n<p><strong>2. Pourquoi le test d'adh\u00e9sion par pelage \u00e0 180 degr\u00e9s est-il important ?<br \/>\n<\/strong>Ce test \u00e9value la <strong>force d'adh\u00e9rence<\/strong> d'adh\u00e9sifs, en veillant \u00e0 ce qu'ils r\u00e9pondent aux exigences de l'industrie en mati\u00e8re de <strong>durabilit\u00e9 et fiabilit\u00e9<\/strong>.<\/p>\n<p><strong>3. Quel est l'\u00e9quipement n\u00e9cessaire pour le test ISO 8510-2 ?<br \/>\n<\/strong>UN <strong>machine d'essai de pelage<\/strong>L'appareil est con\u00e7u pour \u00eatre capable de maintenir un taux constant de s\u00e9paration de la prise, une mesure pr\u00e9cise de la force et des prises s\u00fbres.<\/p>\n<p><strong>4. Quels sont les facteurs qui influencent la r\u00e9sistance au pelage dans ce test ?<br \/>\n<\/strong>Les facteurs sont les suivants <strong>le type d'adh\u00e9sif, la pr\u00e9paration de la surface, le mat\u00e9riau d'adh\u00e9rence et la vitesse d'essai<\/strong>.<\/p>\n<p><strong>5. O\u00f9 le test ISO 8510-2 est-il utilis\u00e9 ?<br \/>\n<\/strong>Les secteurs d'activit\u00e9 les plus courants sont les suivants <strong>l'emballage, le m\u00e9dical, l'\u00e9lectronique, l'automobile et la fabrication d'adh\u00e9sifs<\/strong>.<\/p>","protected":false},"excerpt":{"rendered":"<p>ISO 8510-2 ISO 8510-2 specifies the 180-degree peel adhesion test for evaluating the adhesive peel strength of bonded materials. This standard is essential in industries such as packaging, medical devices, electronics, and adhesives, where strong and reliable adhesion is crucial. The test provides critical insights into the performance and durability of adhesives by measuring the &hellip;<\/p>\n<p class=\"read-more\"> <a class=\"\" href=\"https:\/\/www.qualitester.com\/fr\/standards\/iso-8510-2\/\"> <span class=\"screen-reader-text\">ISO 8510-2<\/span> Lire la suite \"<\/a><\/p>","protected":false},"author":4,"featured_media":0,"parent":4948,"menu_order":0,"comment_status":"closed","ping_status":"closed","template":"","meta":{"site-sidebar-layout":"default","site-content-layout":"default","ast-global-header-display":"","ast-main-header-display":"","ast-hfb-above-header-display":"","ast-hfb-below-header-display":"","ast-hfb-mobile-header-display":"","site-post-title":"disabled","ast-breadcrumbs-content":"","ast-featured-img":"","footer-sml-layout":"","theme-transparent-header-meta":"default","adv-header-id-meta":"","stick-header-meta":"","header-above-stick-meta":"","header-main-stick-meta":"","header-below-stick-meta":"","footnotes":""},"class_list":["post-6558","page","type-page","status-publish","hentry"],"_links":{"self":[{"href":"https:\/\/www.qualitester.com\/fr\/wp-json\/wp\/v2\/pages\/6558","targetHints":{"allow":["GET"]}}],"collection":[{"href":"https:\/\/www.qualitester.com\/fr\/wp-json\/wp\/v2\/pages"}],"about":[{"href":"https:\/\/www.qualitester.com\/fr\/wp-json\/wp\/v2\/types\/page"}],"author":[{"embeddable":true,"href":"https:\/\/www.qualitester.com\/fr\/wp-json\/wp\/v2\/users\/4"}],"replies":[{"embeddable":true,"href":"https:\/\/www.qualitester.com\/fr\/wp-json\/wp\/v2\/comments?post=6558"}],"version-history":[{"count":0,"href":"https:\/\/www.qualitester.com\/fr\/wp-json\/wp\/v2\/pages\/6558\/revisions"}],"up":[{"embeddable":true,"href":"https:\/\/www.qualitester.com\/fr\/wp-json\/wp\/v2\/pages\/4948"}],"wp:attachment":[{"href":"https:\/\/www.qualitester.com\/fr\/wp-json\/wp\/v2\/media?parent=6558"}],"curies":[{"name":"wp","href":"https:\/\/api.w.org\/{rel}","templated":true}]}}