{"id":4999,"date":"2024-10-03T13:41:30","date_gmt":"2024-10-03T05:41:30","guid":{"rendered":"https:\/\/www.qualitester.com\/?page_id=4999"},"modified":"2024-11-28T10:04:17","modified_gmt":"2024-11-28T02:04:17","slug":"blog","status":"publish","type":"page","link":"https:\/\/www.qualitester.com\/fr\/blog\/","title":{"rendered":"Blog"},"content":{"rendered":"<div data-elementor-type=\"wp-page\" data-elementor-id=\"4999\" class=\"elementor elementor-4999\" data-elementor-post-type=\"page\">\n\t\t\t\t<div class=\"elementor-element elementor-element-665610e3 e-flex e-con-boxed e-con e-parent\" data-id=\"665610e3\" data-element_type=\"container\" data-settings=\"{&quot;background_background&quot;:&quot;classic&quot;}\">\n\t\t\t\t\t<div class=\"e-con-inner\">\n\t\t<div class=\"elementor-element elementor-element-5723a97a e-flex e-con-boxed e-con e-child\" data-id=\"5723a97a\" data-element_type=\"container\">\n\t\t\t\t\t<div class=\"e-con-inner\">\n\t\t\t\t<div class=\"elementor-element elementor-element-626984f0 elementor-widget elementor-widget-heading\" data-id=\"626984f0\" data-element_type=\"widget\" data-widget_type=\"heading.default\">\n\t\t\t\t<div class=\"elementor-widget-container\">\n\t\t\t<h1 class=\"elementor-heading-title elementor-size-default\">Blog sur les testeurs de qualit\u00e9 des mat\u00e9riaux <\/h1>\t\t<\/div>\n\t\t\t\t<\/div>\n\t\t\t\t<div class=\"elementor-element elementor-element-52544a1b elementor-widget__width-inherit elementor-widget elementor-widget-text-editor\" data-id=\"52544a1b\" data-element_type=\"widget\" data-widget_type=\"text-editor.default\">\n\t\t\t\t<div class=\"elementor-widget-container\">\n\t\t\t\t\t\t\t<p>\u00c0 partir de l\u00e0, vous pouvez lire l&#039;innovation et la solution de Cell Instruments en mati\u00e8re de m\u00e9thode de test des mat\u00e9riaux.<\/p>\t\t\t\t\t\t<\/div>\n\t\t\t\t<\/div>\n\t\t\t\t<div class=\"elementor-element elementor-element-0adf485 elementor-button-success elementor-invisible elementor-widget elementor-widget-button\" data-id=\"0adf485\" data-element_type=\"widget\" data-settings=\"{&quot;_animation&quot;:&quot;zoomIn&quot;}\" data-widget_type=\"button.default\">\n\t\t\t\t<div class=\"elementor-widget-container\">\n\t\t\t\t\t\t\t<div class=\"elementor-button-wrapper\">\n\t\t\t\t\t<a class=\"elementor-button elementor-button-link elementor-size-sm\" href=\"#elementor-action%3Aaction%3Dpopup%3Aopen%26settings%3DeyJpZCI6IjUwMTgiLCJ0b2dnbGUiOmZhbHNlfQ%3D%3D\">\n\t\t\t\t\t\t<span class=\"elementor-button-content-wrapper\">\n\t\t\t\t\t\t\t\t\t<span class=\"elementor-button-text\">Demander une m\u00e9thode de test<\/span>\n\t\t\t\t\t<\/span>\n\t\t\t\t\t<\/a>\n\t\t\t\t<\/div>\n\t\t\t\t\t\t<\/div>\n\t\t\t\t<\/div>\n\t\t\t\t\t<\/div>\n\t\t\t\t<\/div>\n\t\t\t\t\t<\/div>\n\t\t\t\t<\/div>\n\t\t<div class=\"elementor-element elementor-element-5a9448d e-flex e-con-boxed e-con e-parent\" data-id=\"5a9448d\" data-element_type=\"container\">\n\t\t\t\t\t<div class=\"e-con-inner\">\n\t\t\t\t<div class=\"elementor-element elementor-element-1a69631 elementor-grid-3 elementor-grid-tablet-2 elementor-grid-mobile-1 elementor-posts--thumbnail-top elementor-posts--show-avatar elementor-card-shadow-yes elementor-posts__hover-gradient elementor-widget elementor-widget-posts\" data-id=\"1a69631\" data-element_type=\"widget\" data-settings=\"{&quot;pagination_type&quot;:&quot;prev_next&quot;,&quot;cards_columns&quot;:&quot;3&quot;,&quot;cards_columns_tablet&quot;:&quot;2&quot;,&quot;cards_columns_mobile&quot;:&quot;1&quot;,&quot;cards_row_gap&quot;:{&quot;unit&quot;:&quot;px&quot;,&quot;size&quot;:35,&quot;sizes&quot;:[]},&quot;cards_row_gap_tablet&quot;:{&quot;unit&quot;:&quot;px&quot;,&quot;size&quot;:&quot;&quot;,&quot;sizes&quot;:[]},&quot;cards_row_gap_mobile&quot;:{&quot;unit&quot;:&quot;px&quot;,&quot;size&quot;:&quot;&quot;,&quot;sizes&quot;:[]}}\" data-widget_type=\"posts.cards\">\n\t\t\t\t<div class=\"elementor-widget-container\">\n\t\t\t\t\t<div class=\"elementor-posts-container elementor-posts elementor-posts--skin-cards elementor-grid\">\n\t\t\t\t<article class=\"elementor-post elementor-grid-item post-7407 post type-post status-publish format-standard hentry category-test-method\">\n\t\t\t<div class=\"elementor-post__card\">\n\t\t\t\t<div class=\"elementor-post__text\">\n\t\t\t\t<h3 class=\"elementor-post__title\">\n\t\t\t<a href=\"https:\/\/www.qualitester.com\/fr\/drop-weight-test\/\">\n\t\t\t\tTest de poids de chute : ASTM D3420 \u00c9valuation de la r\u00e9sistance aux chocs\t\t\t<\/a>\n\t\t<\/h3>\n\t\t\t\t<div class=\"elementor-post__excerpt\">\n\t\t\t<p>L'essai de chute est une m\u00e9thode largement utilis\u00e9e pour \u00e9valuer la r\u00e9sistance aux chocs des films plastiques, des lamin\u00e9s et des mat\u00e9riaux d'emballage souples. En laissant tomber un<\/p>\n\t\t<\/div>\n\t\t\t\t\t<div class=\"elementor-post__read-more-wrapper\">\n\t\t\n\t\t<a class=\"elementor-post__read-more\" href=\"https:\/\/www.qualitester.com\/fr\/drop-weight-test\/\" aria-label=\"Read more about Drop Weight Test: ASTM D3420 Impact Resistance Evaluation\" tabindex=\"-1\" target=\"_blank\">\n\t\t\tEn savoir plus &quot;\t\t<\/a>\n\n\t\t\t\t\t<\/div>\n\t\t\t\t<\/div>\n\t\t\t\t\t<\/div>\n\t\t<\/article>\n\t\t\t\t<article class=\"elementor-post elementor-grid-item post-7390 post type-post status-publish format-standard hentry category-test-method\">\n\t\t\t<div class=\"elementor-post__card\">\n\t\t\t\t<div class=\"elementor-post__text\">\n\t\t\t\t<h3 class=\"elementor-post__title\">\n\t\t\t<a href=\"https:\/\/www.qualitester.com\/fr\/bottle-wall-thickness-guide\/\">\n\t\t\t\tGuide de l'\u00e9paisseur de la paroi des bouteilles pour la qualit\u00e9 de l'emballage\t\t\t<\/a>\n\t\t<\/h3>\n\t\t\t\t<div class=\"elementor-post__excerpt\">\n\t\t\t<p>L'emballage joue un r\u00f4le essentiel pour garantir la s\u00e9curit\u00e9 et la stabilit\u00e9 du produit, ainsi que la satisfaction du consommateur. Parmi les nombreux param\u00e8tres de qualit\u00e9, l'\u00e9paisseur de la paroi de la bouteille est l'un des plus importants.<\/p>\n\t\t<\/div>\n\t\t\t\t\t<div class=\"elementor-post__read-more-wrapper\">\n\t\t\n\t\t<a class=\"elementor-post__read-more\" href=\"https:\/\/www.qualitester.com\/fr\/bottle-wall-thickness-guide\/\" aria-label=\"Read more about Bottle Wall Thickness Guide for Packaging Quality\" tabindex=\"-1\" target=\"_blank\">\n\t\t\tEn savoir plus &quot;\t\t<\/a>\n\n\t\t\t\t\t<\/div>\n\t\t\t\t<\/div>\n\t\t\t\t\t<\/div>\n\t\t<\/article>\n\t\t\t\t<article class=\"elementor-post elementor-grid-item post-7373 post type-post status-publish format-standard hentry category-test-method\">\n\t\t\t<div class=\"elementor-post__card\">\n\t\t\t\t<div class=\"elementor-post__text\">\n\t\t\t\t<h3 class=\"elementor-post__title\">\n\t\t\t<a href=\"https:\/\/www.qualitester.com\/fr\/shrinkage-films-tester\/\">\n\t\t\t\tGuide complet pour tester les films de r\u00e9traction selon la norme ASTM D2732\t\t\t<\/a>\n\t\t<\/h3>\n\t\t\t\t<div class=\"elementor-post__excerpt\">\n\t\t\t<p>&nbsp; Le retrait thermique est l'un des param\u00e8tres de performance les plus critiques pour les films plastiques utilis\u00e9s dans les emballages souples. Qu'il s'agisse de l'alimentaire, du m\u00e9dical ou de l'\u00e9lectronique<\/p>\n\t\t<\/div>\n\t\t\t\t\t<div class=\"elementor-post__read-more-wrapper\">\n\t\t\n\t\t<a class=\"elementor-post__read-more\" href=\"https:\/\/www.qualitester.com\/fr\/shrinkage-films-tester\/\" aria-label=\"Read more about Complete Guide to Shrinkage Films Tester According to ASTM D2732\" tabindex=\"-1\" target=\"_blank\">\n\t\t\tEn savoir plus &quot;\t\t<\/a>\n\n\t\t\t\t\t<\/div>\n\t\t\t\t<\/div>\n\t\t\t\t\t<\/div>\n\t\t<\/article>\n\t\t\t\t<article class=\"elementor-post elementor-grid-item post-7362 post type-post status-publish format-standard hentry category-test-method\">\n\t\t\t<div class=\"elementor-post__card\">\n\t\t\t\t<div class=\"elementor-post__text\">\n\t\t\t\t<h3 class=\"elementor-post__title\">\n\t\t\t<a href=\"https:\/\/www.qualitester.com\/fr\/shrinkage-tester\/\">\n\t\t\t\tTesteur de r\u00e9tr\u00e9cissement et r\u00f4le critique des essais sur les mat\u00e9riaux en caoutchouc\t\t\t<\/a>\n\t\t<\/h3>\n\t\t\t\t<div class=\"elementor-post__excerpt\">\n\t\t\t<p>0Lors de la fabrication et de l'assurance qualit\u00e9 des produits \u00e0 base de caoutchouc, le contr\u00f4le de la r\u00e9action des mat\u00e9riaux \u00e0 la chaleur est crucial. Le testeur de r\u00e9traction joue un r\u00f4le essentiel dans ce domaine.<\/p>\n\t\t<\/div>\n\t\t\t\t\t<div class=\"elementor-post__read-more-wrapper\">\n\t\t\n\t\t<a class=\"elementor-post__read-more\" href=\"https:\/\/www.qualitester.com\/fr\/shrinkage-tester\/\" aria-label=\"Read more about Shrinkage Tester and the Critical Role of Rubber Materials Testing\" tabindex=\"-1\" target=\"_blank\">\n\t\t\tEn savoir plus &quot;\t\t<\/a>\n\n\t\t\t\t\t<\/div>\n\t\t\t\t<\/div>\n\t\t\t\t\t<\/div>\n\t\t<\/article>\n\t\t\t\t<article class=\"elementor-post elementor-grid-item post-7344 post type-post status-publish format-standard hentry category-test-method\">\n\t\t\t<div class=\"elementor-post__card\">\n\t\t\t\t<div class=\"elementor-post__text\">\n\t\t\t\t<h3 class=\"elementor-post__title\">\n\t\t\t<a href=\"https:\/\/www.qualitester.com\/fr\/stiffness-tester\/\">\n\t\t\t\tMa\u00eetriser l'utilisation des testeurs de rigidit\u00e9 pour les essais papier ISO 2493-1\t\t\t<\/a>\n\t\t<\/h3>\n\t\t\t\t<div class=\"elementor-post__excerpt\">\n\t\t\t<p>Introduction : Comprendre le r\u00f4le d'un testeur de rigidit\u00e9 Un testeur de rigidit\u00e9 joue un r\u00f4le crucial dans le contr\u00f4le de la qualit\u00e9 du papier, du carton et des feuilles similaires.<\/p>\n\t\t<\/div>\n\t\t\t\t\t<div class=\"elementor-post__read-more-wrapper\">\n\t\t\n\t\t<a class=\"elementor-post__read-more\" href=\"https:\/\/www.qualitester.com\/fr\/stiffness-tester\/\" aria-label=\"Read more about Mastering Stiffness Tester Use for ISO 2493-1 Paper Testing\" tabindex=\"-1\" target=\"_blank\">\n\t\t\tEn savoir plus &quot;\t\t<\/a>\n\n\t\t\t\t\t<\/div>\n\t\t\t\t<\/div>\n\t\t\t\t\t<\/div>\n\t\t<\/article>\n\t\t\t\t<article class=\"elementor-post elementor-grid-item post-7246 post type-post status-publish format-standard hentry category-test-method\">\n\t\t\t<div class=\"elementor-post__card\">\n\t\t\t\t<div class=\"elementor-post__text\">\n\t\t\t\t<h3 class=\"elementor-post__title\">\n\t\t\t<a href=\"https:\/\/www.qualitester.com\/fr\/tablet-hardness-test\/\">\n\t\t\t\tTest de duret\u00e9 des comprim\u00e9s\t\t\t<\/a>\n\t\t<\/h3>\n\t\t\t\t<div class=\"elementor-post__excerpt\">\n\t\t\t<p>Test de duret\u00e9 des comprim\u00e9s Le test de duret\u00e9 des comprim\u00e9s est une proc\u00e9dure fondamentale de contr\u00f4le de la qualit\u00e9 utilis\u00e9e dans l'industrie pharmaceutique pour d\u00e9terminer la r\u00e9sistance m\u00e9canique des comprim\u00e9s.<\/p>\n\t\t<\/div>\n\t\t\t\t\t<div class=\"elementor-post__read-more-wrapper\">\n\t\t\n\t\t<a class=\"elementor-post__read-more\" href=\"https:\/\/www.qualitester.com\/fr\/tablet-hardness-test\/\" aria-label=\"Read more about Tablet Hardness Test\" tabindex=\"-1\" target=\"_blank\">\n\t\t\tEn savoir plus &quot;\t\t<\/a>\n\n\t\t\t\t\t<\/div>\n\t\t\t\t<\/div>\n\t\t\t\t\t<\/div>\n\t\t<\/article>\n\t\t\t\t<article class=\"elementor-post elementor-grid-item post-7177 post type-post status-publish format-standard hentry category-test-method\">\n\t\t\t<div class=\"elementor-post__card\">\n\t\t\t\t<div class=\"elementor-post__text\">\n\t\t\t\t<h3 class=\"elementor-post__title\">\n\t\t\t<a href=\"https:\/\/www.qualitester.com\/fr\/ampoule-fracture\/\">\n\t\t\t\tPourquoi les tests de r\u00e9sistance des ampoules sont-ils importants pour un conditionnement pharmaceutique s\u00fbr ?\t\t\t<\/a>\n\t\t<\/h3>\n\t\t\t\t<div class=\"elementor-post__excerpt\">\n\t\t\t<p>Pourquoi les tests de r\u00e9sistance \u00e0 la rupture des ampoules sont importants pour la s\u00e9curit\u00e9 des emballages pharmaceutiques Dans l'industrie pharmaceutique, la fiabilit\u00e9 de l'emballage est aussi cruciale que le m\u00e9dicament lui-m\u00eame.<\/p>\n\t\t<\/div>\n\t\t\t\t\t<div class=\"elementor-post__read-more-wrapper\">\n\t\t\n\t\t<a class=\"elementor-post__read-more\" href=\"https:\/\/www.qualitester.com\/fr\/ampoule-fracture\/\" aria-label=\"Read more about Why Ampoule Strength Testing Is Important for Safe Pharmaceutical Packaging\" tabindex=\"-1\" target=\"_blank\">\n\t\t\tEn savoir plus &quot;\t\t<\/a>\n\n\t\t\t\t\t<\/div>\n\t\t\t\t<\/div>\n\t\t\t\t\t<\/div>\n\t\t<\/article>\n\t\t\t\t<article class=\"elementor-post elementor-grid-item post-7139 post type-post status-publish format-standard hentry category-test-method\">\n\t\t\t<div class=\"elementor-post__card\">\n\t\t\t\t<div class=\"elementor-post__text\">\n\t\t\t\t<h3 class=\"elementor-post__title\">\n\t\t\t<a href=\"https:\/\/www.qualitester.com\/fr\/infusion-bag-compression-test\/\">\n\t\t\t\tTest de compression des poches de perfusion\t\t\t<\/a>\n\t\t<\/h3>\n\t\t\t\t<div class=\"elementor-post__excerpt\">\n\t\t\t<p>Garantir l'int\u00e9grit\u00e9 structurelle des emballages m\u00e9dicaux est une priorit\u00e9 dans les secteurs de la sant\u00e9 et de l'industrie pharmaceutique d'aujourd'hui. Le test de compression des poches de perfusion joue un r\u00f4le important dans ce domaine.<\/p>\n\t\t<\/div>\n\t\t\t\t\t<div class=\"elementor-post__read-more-wrapper\">\n\t\t\n\t\t<a class=\"elementor-post__read-more\" href=\"https:\/\/www.qualitester.com\/fr\/infusion-bag-compression-test\/\" aria-label=\"Read more about Infusion Bag Compression Test\" tabindex=\"-1\" target=\"_blank\">\n\t\t\tEn savoir plus &quot;\t\t<\/a>\n\n\t\t\t\t\t<\/div>\n\t\t\t\t<\/div>\n\t\t\t\t\t<\/div>\n\t\t<\/article>\n\t\t\t\t<article class=\"elementor-post elementor-grid-item post-7090 post type-post status-publish format-standard hentry category-test-method\">\n\t\t\t<div class=\"elementor-post__card\">\n\t\t\t\t<div class=\"elementor-post__text\">\n\t\t\t\t<h3 class=\"elementor-post__title\">\n\t\t\t<a href=\"https:\/\/www.qualitester.com\/fr\/package-compression-test\/\">\n\t\t\t\tTest de compression de l'emballage\t\t\t<\/a>\n\t\t<\/h3>\n\t\t\t\t<div class=\"elementor-post__excerpt\">\n\t\t\t<p>La qualit\u00e9 de l'emballage a un impact direct sur la s\u00e9curit\u00e9 des produits et la confiance des consommateurs, en particulier dans des domaines sensibles comme les produits pharmaceutiques. Le test de compression des emballages est une m\u00e9thode fondamentale pour \u00e9valuer la qualit\u00e9 des emballages.<\/p>\n\t\t<\/div>\n\t\t\t\t\t<div class=\"elementor-post__read-more-wrapper\">\n\t\t\n\t\t<a class=\"elementor-post__read-more\" href=\"https:\/\/www.qualitester.com\/fr\/package-compression-test\/\" aria-label=\"Read more about Package Compression Test\" tabindex=\"-1\" target=\"_blank\">\n\t\t\tEn savoir plus &quot;\t\t<\/a>\n\n\t\t\t\t\t<\/div>\n\t\t\t\t<\/div>\n\t\t\t\t\t<\/div>\n\t\t<\/article>\n\t\t\t\t<article class=\"elementor-post elementor-grid-item post-6872 post type-post status-publish format-standard hentry category-test-method\">\n\t\t\t<div class=\"elementor-post__card\">\n\t\t\t\t<div class=\"elementor-post__text\">\n\t\t\t\t<h3 class=\"elementor-post__title\">\n\t\t\t<a href=\"https:\/\/www.qualitester.com\/fr\/elmendorf-tear-test\/\">\n\t\t\t\tTest de d\u00e9chirure d'Elmendorf\t\t\t<\/a>\n\t\t<\/h3>\n\t\t\t\t<div class=\"elementor-post__excerpt\">\n\t\t\t<p>Test de d\u00e9chirement Elmendorf Dans les secteurs de l'emballage, de l'impression et des mat\u00e9riaux souples, le test de d\u00e9chirement Elmendorf joue un r\u00f4le essentiel dans l'\u00e9valuation de la durabilit\u00e9 et de la performance des produits de l'industrie de l'emballage et de l'impression.<\/p>\n\t\t<\/div>\n\t\t\t\t\t<div class=\"elementor-post__read-more-wrapper\">\n\t\t\n\t\t<a class=\"elementor-post__read-more\" href=\"https:\/\/www.qualitester.com\/fr\/elmendorf-tear-test\/\" aria-label=\"Read more about Elmendorf Tear Test\" tabindex=\"-1\" target=\"_blank\">\n\t\t\tEn savoir plus &quot;\t\t<\/a>\n\n\t\t\t\t\t<\/div>\n\t\t\t\t<\/div>\n\t\t\t\t\t<\/div>\n\t\t<\/article>\n\t\t\t\t<article class=\"elementor-post elementor-grid-item post-6896 post type-post status-publish format-standard hentry category-test-method\">\n\t\t\t<div class=\"elementor-post__card\">\n\t\t\t\t<div class=\"elementor-post__text\">\n\t\t\t\t<h3 class=\"elementor-post__title\">\n\t\t\t<a href=\"https:\/\/www.qualitester.com\/fr\/plastic-tensile-strength-test\/\">\n\t\t\t\tEssai de r\u00e9sistance \u00e0 la traction des mati\u00e8res plastiques\t\t\t<\/a>\n\t\t<\/h3>\n\t\t\t\t<div class=\"elementor-post__excerpt\">\n\t\t\t<p>Les mat\u00e9riaux d'emballage sous film jouent un r\u00f4le essentiel dans le maintien de l'int\u00e9grit\u00e9 des produits dans des secteurs tels que l'alimentation, les produits pharmaceutiques et les biens de consommation. L'une des \u00e9valuations les plus essentielles<\/p>\n\t\t<\/div>\n\t\t\t\t\t<div class=\"elementor-post__read-more-wrapper\">\n\t\t\n\t\t<a class=\"elementor-post__read-more\" href=\"https:\/\/www.qualitester.com\/fr\/plastic-tensile-strength-test\/\" aria-label=\"Read more about Plastic Tensile Strength Test\" tabindex=\"-1\" target=\"_blank\">\n\t\t\tEn savoir plus &quot;\t\t<\/a>\n\n\t\t\t\t\t<\/div>\n\t\t\t\t<\/div>\n\t\t\t\t\t<\/div>\n\t\t<\/article>\n\t\t\t\t<article class=\"elementor-post elementor-grid-item post-6792 post type-post status-publish format-standard hentry category-test-method\">\n\t\t\t<div class=\"elementor-post__card\">\n\t\t\t\t<div class=\"elementor-post__text\">\n\t\t\t\t<h3 class=\"elementor-post__title\">\n\t\t\t<a href=\"https:\/\/www.qualitester.com\/fr\/how-to-measure-carbonation\/\">\n\t\t\t\tComment mesurer la carbonatation\t\t\t<\/a>\n\t\t<\/h3>\n\t\t\t\t<div class=\"elementor-post__excerpt\">\n\t\t\t<p>Comment mesurer la carbonatation La mesure pr\u00e9cise de la carbonatation est une pr\u00e9occupation majeure dans l'industrie des boissons, o\u00f9 la qualit\u00e9 du produit, la dur\u00e9e de conservation et la satisfaction du consommateur sont au c\u0153ur des pr\u00e9occupations.<\/p>\n\t\t<\/div>\n\t\t\t\t\t<div class=\"elementor-post__read-more-wrapper\">\n\t\t\n\t\t<a class=\"elementor-post__read-more\" href=\"https:\/\/www.qualitester.com\/fr\/how-to-measure-carbonation\/\" aria-label=\"Read more about How to Measure Carbonation\" tabindex=\"-1\" target=\"_blank\">\n\t\t\tEn savoir plus &quot;\t\t<\/a>\n\n\t\t\t\t\t<\/div>\n\t\t\t\t<\/div>\n\t\t\t\t\t<\/div>\n\t\t<\/article>\n\t\t\t\t<\/div>\n\t\t\n\t\t\t\t<div class=\"e-load-more-anchor\" data-page=\"1\" data-max-page=\"12\" data-next-page=\"https:\/\/www.qualitester.com\/fr\/?e-page-1a69631=2\"><\/div>\n\t\t\t\t<nav class=\"elementor-pagination\" aria-label=\"Pagination\">\n\t\t\t<span class=\"page-numbers prev\">&quot; Pr\u00e9c\u00e9dent<\/span>\n<a class=\"page-numbers next\" href=\"https:\/\/www.qualitester.com\/fr\/?e-page-1a69631=2\">Suivant &quot;<\/a>\t\t<\/nav>\n\t\t\t\t<\/div>\n\t\t\t\t<\/div>\n\t\t\t\t\t<\/div>\n\t\t\t\t<\/div>\n\t\t\t\t<\/div>","protected":false},"excerpt":{"rendered":"<p>Material Quality Tester Blog From here you can read Cell Instruments&#8217; innovation and solution in material testing method. Request a test method<\/p>","protected":false},"author":3,"featured_media":0,"parent":0,"menu_order":0,"comment_status":"closed","ping_status":"closed","template":"","meta":{"site-sidebar-layout":"no-sidebar","site-content-layout":"page-builder","ast-global-header-display":"","ast-main-header-display":"","ast-hfb-above-header-display":"","ast-hfb-below-header-display":"","ast-hfb-mobile-header-display":"","site-post-title":"disabled","ast-breadcrumbs-content":"","ast-featured-img":"disabled","footer-sml-layout":"","theme-transparent-header-meta":"","adv-header-id-meta":"","stick-header-meta":"","header-above-stick-meta":"","header-main-stick-meta":"","header-below-stick-meta":"","footnotes":""},"class_list":["post-4999","page","type-page","status-publish","hentry"],"_links":{"self":[{"href":"https:\/\/www.qualitester.com\/fr\/wp-json\/wp\/v2\/pages\/4999","targetHints":{"allow":["GET"]}}],"collection":[{"href":"https:\/\/www.qualitester.com\/fr\/wp-json\/wp\/v2\/pages"}],"about":[{"href":"https:\/\/www.qualitester.com\/fr\/wp-json\/wp\/v2\/types\/page"}],"author":[{"embeddable":true,"href":"https:\/\/www.qualitester.com\/fr\/wp-json\/wp\/v2\/users\/3"}],"replies":[{"embeddable":true,"href":"https:\/\/www.qualitester.com\/fr\/wp-json\/wp\/v2\/comments?post=4999"}],"version-history":[{"count":0,"href":"https:\/\/www.qualitester.com\/fr\/wp-json\/wp\/v2\/pages\/4999\/revisions"}],"wp:attachment":[{"href":"https:\/\/www.qualitester.com\/fr\/wp-json\/wp\/v2\/media?parent=4999"}],"curies":[{"name":"wp","href":"https:\/\/api.w.org\/{rel}","templated":true}]}}