{"id":7769,"date":"2025-12-29T14:18:31","date_gmt":"2025-12-29T06:18:31","guid":{"rendered":"https:\/\/www.qualitester.com\/?post_type=product&#038;p=7769"},"modified":"2025-12-30T16:49:34","modified_gmt":"2025-12-30T08:49:34","slug":"spt-01-soap-texture-analyzer","status":"publish","type":"product","link":"https:\/\/www.qualitester.com\/fi\/tuote\/spt-01-soap-texture-analyzer\/","title":{"rendered":"SPT-01 saippuan koostumuksen analysaattori"},"content":{"rendered":"<p data-start=\"690\" data-end=\"1009\">A <strong data-start=\"692\" data-end=\"717\">saippuan koostumuksen analysaattori<\/strong> on ammattik\u00e4ytt\u00f6\u00f6n tarkoitettu laite, joka on suunniteltu saippuatuotteiden mekaanisten ja rakenteellisten ominaisuuksien objektiiviseen arviointiin. Se tarjoaa tarkkoja, toistettavia mittauksia kovuudesta, kiinteydest\u00e4 ja tunkeutumiskest\u00e4vyydest\u00e4, mik\u00e4 auttaa valmistajia yll\u00e4pit\u00e4m\u00e4\u00e4n tasaista laatua kaikissa tuotantoeriss\u00e4.<\/p>\n<p data-start=\"1011\" data-end=\"1343\">Osoitteessa <strong data-start=\"1014\" data-end=\"1044\">Cell Instruments Co., Ltd.<\/strong>, olemme erikoistuneet pakkausten, l\u00e4\u00e4kkeiden, paperin ja kuluttajatuotteiden materiaalitestaukseen. Kokemuksemme tekstuurianalyysist\u00e4 antaa meille mahdollisuuden toimittaa luotettavia saippuatestij\u00e4rjestelmi\u00e4, jotka tukevat laadunvalvontaa, formuloinnin kehitt\u00e4mist\u00e4 ja tunnustettujen testausk\u00e4yt\u00e4nt\u00f6jen noudattamista.<\/p>\n<h2 data-start=\"1501\" data-end=\"1555\">ASTM D1321 saippuan tekstuuri- ja tunkeutumistestin ymm\u00e4rt\u00e4minen<\/h2>\n<h3>Saippuan kovuus keskeisen\u00e4 laatuindikaattorina<\/h3>\n<p data-start=\"1557\" data-end=\"1870\">The <strong data-start=\"1472\" data-end=\"1492\">saippuan kovuus<\/strong> vaikuttaa suoraan tuotteen kest\u00e4vyyteen, k\u00e4ytt\u00f6asteeseen ja kuluttajien mielikuviin. Liian pehme\u00e4 saippua voi deformoitua tai liueta nopeasti, kun taas liian kova saippua voi heikent\u00e4\u00e4 k\u00e4ytett\u00e4vyytt\u00e4 ja vaahtoamista. Saippuan koostumusanalysaattori antaa objektiiviset kovuusarvot, jotka korvaavat subjektiiviset k\u00e4sintuntuma-arviot mitattavilla tiedoilla.<\/p>\n<h3 data-start=\"1732\" data-end=\"1781\">Saippuan koostumus ja tunkeutumistestin periaate<\/h3>\n<p data-start=\"1782\" data-end=\"2134\">A <strong data-start=\"1871\" data-end=\"1908\">saippuan koostumus ja tunkeutumistesti<\/strong> mittaa saippuan vastusta, kun koetin tunkeutuu sen pintaan s\u00e4\u00e4detyll\u00e4 nopeudella ja syvyydell\u00e4. Tallennettu voima-siirtym\u00e4-k\u00e4yr\u00e4 kuvastaa sis\u00e4ist\u00e4 rakennetta, kovettumisolosuhteita ja koostumuksen tasapainoa. T\u00e4m\u00e4n menetelm\u00e4n avulla valmistajat voivat vertailla tuotteita, seurata vanhenemisvaikutuksia ja tarkistaa prosessin vakauden.<\/p>\n<h3 data-start=\"2136\" data-end=\"2165\">Viittaus ASTM D1321:een<\/h3>\n<p data-start=\"2166\" data-end=\"2611\"><strong data-start=\"2258\" data-end=\"2272\">ASTM D1321<\/strong> on laajalti tunnustettu referenssi vahamaisten materiaalien tunkeutumistestauksessa, ja sit\u00e4 k\u00e4ytet\u00e4\u00e4n yleisesti saippuan koostumuksen analysoinnissa. ASTM D1321:n testausolosuhteita ja tietojen tulkintaa koskevien ohjeiden noudattaminen parantaa tulosten yhdenmukaisuutta ja tukee laboratorioiden, toimittajien ja asiakkaiden v\u00e4list\u00e4 viestint\u00e4\u00e4.<\/p>\n<hr data-start=\"2613\" data-end=\"2616\" \/>\n<h2 data-start=\"2668\" data-end=\"2961\">Miten saippuan tekstuurianalysaattori toimii<\/h2>\n<p data-start=\"2628\" data-end=\"2870\">Saippuan koostumuksen analysaattori kohdistaa saippuan\u00e4ytteeseen kontrolloidun pystysuuntaisen voiman m\u00e4\u00e4ritellyn anturin avulla. Kun koetin koskettaa saippuaa ja tunkeutuu sen sis\u00e4\u00e4n, j\u00e4rjestelm\u00e4 tallentaa jatkuvasti voiman ja siirtym\u00e4n ja tuottaa tarkat tekstuuriprofiilit.<\/p>\n<p data-start=\"2872\" data-end=\"2907\"><strong data-start=\"2872\" data-end=\"2907\">Tyypilliseen testity\u00f6nkulkuun kuuluu:<\/strong><\/p>\n<ul>\n<li data-start=\"2910\" data-end=\"2961\">Saippuan\u00e4ytteiden valmistaminen yhdenmukaisin mitoin<\/li>\n<li data-start=\"2964\" data-end=\"3024\">Sopivan tunkeutumis- tai puristusanturin valitseminen<\/li>\n<li data-start=\"3027\" data-end=\"3109\">Sis\u00e4isiin menetelmiin tai ASTM D1321:een perustuva testausnopeus ja tunkeutumissyvyys<\/li>\n<li data-start=\"3112\" data-end=\"3165\">Testin suorittaminen ja voima-et\u00e4isyystietojen ker\u00e4\u00e4minen<\/li>\n<li data-start=\"3168\" data-end=\"3223\">Huippuvoiman, k\u00e4yr\u00e4n muodon ja toistettavuuden arviointi<\/li>\n<\/ul>\n<p data-start=\"3225\" data-end=\"3332\">T\u00e4m\u00e4 valvottu prosessi takaa luotettavan vertailun eri saippuareseptien tai tuotantoerien v\u00e4lill\u00e4.<\/p>\n<hr data-start=\"3486\" data-end=\"3489\" \/>\n<h2 data-start=\"3491\" data-end=\"3550\">Soveltuvat k\u00e4ytt\u00f6materiaalit<\/h2>\n<p data-start=\"3374\" data-end=\"3461\">Saippuan koostumusanalysaattori tukee monenlaisten saippuatuotteiden testausta, mukaan lukien:<\/p>\n<ul>\n<li data-start=\"3464\" data-end=\"3487\">Perinteiset baarisaippuat<\/li>\n<li data-start=\"3490\" data-end=\"3522\">L\u00e4pin\u00e4kyv\u00e4t ja glyseriinisaippuat<\/li>\n<li data-start=\"3525\" data-end=\"3556\">L\u00e4\u00e4kesaippuat ja erikoissaippuat<\/li>\n<li data-start=\"3559\" data-end=\"3599\">Komposiitti- ja synteettiset pesuainepalkit<\/li>\n<\/ul>\n<p data-start=\"3601\" data-end=\"3716\">Sill\u00e4 voidaan my\u00f6s arvioida puolivalmiita n\u00e4ytteit\u00e4, jotta voidaan seurata kovettumisen edistymist\u00e4 ja koostumuksen vakautta kehityksen aikana.<\/p>\n<hr data-start=\"4411\" data-end=\"4414\" \/>\n<h2 data-start=\"5016\" data-end=\"5081\">Cell Instruments SPT-01 tekstuurianalysaattori<\/h2>\n<p><a href=\"https:\/\/www.qualitester.com\/fi\/tuote\/sale-cheap-texture-analyser\/\"><img fetchpriority=\"high\" decoding=\"async\" class=\"alignright wp-image-7786\" src=\"https:\/\/www.qualitester.com\/wp-content\/uploads\/2025\/12\/SPT-01-Soap-Texture-Analyzer3-300x300.png\" alt=\"SPT-01 saippuan koostumuksen analysaattori\" width=\"227\" height=\"227\" srcset=\"https:\/\/www.qualitester.com\/wp-content\/uploads\/2025\/12\/SPT-01-Soap-Texture-Analyzer3-300x300.png 300w, https:\/\/www.qualitester.com\/wp-content\/uploads\/2025\/12\/SPT-01-Soap-Texture-Analyzer3-150x150.png 150w, https:\/\/www.qualitester.com\/wp-content\/uploads\/2025\/12\/SPT-01-Soap-Texture-Analyzer3-768x768.png 768w, https:\/\/www.qualitester.com\/wp-content\/uploads\/2025\/12\/SPT-01-Soap-Texture-Analyzer3-12x12.png 12w, https:\/\/www.qualitester.com\/wp-content\/uploads\/2025\/12\/SPT-01-Soap-Texture-Analyzer3-600x600.png 600w, https:\/\/www.qualitester.com\/wp-content\/uploads\/2025\/12\/SPT-01-Soap-Texture-Analyzer3-100x100.png 100w, https:\/\/www.qualitester.com\/wp-content\/uploads\/2025\/12\/SPT-01-Soap-Texture-Analyzer3.png 950w\" sizes=\"(max-width: 227px) 100vw, 227px\" \/><\/a><\/p>\n<p data-start=\"5083\" data-end=\"5472\"><strong data-start=\"5135\" data-end=\"5179\">Cell Instruments <a href=\"https:\/\/www.qualitester.com\/fi\/tuote\/sale-cheap-texture-analyser\/\">SPT-01 saippuan koostumuksen analysaattori <\/a><\/strong>soveltuu hyvin saippuan kovuuden arviointiin sek\u00e4 saippuan koostumuksen ja tunkeutumisen testaamiseen ASTM D1321:n mukaisesti. Se tarjoaa vakaan voimanmittauksen, joustavan nopeudens\u00e4\u00e4d\u00f6n ja intuitiivisen k\u00e4yt\u00f6n, joten se sopii erinomaisesti laadunvalvonta- ja T&amp;K-laboratorioihin.<\/p>\n<p><strong>SPT-01 saippuan koostumuksen analysaattori<\/strong><\/p>\n<table style=\"height: 230px\" width=\"720\">\n<tbody>\n<tr>\n<td width=\"152\">Testialue<\/td>\n<td width=\"260\">\u00a0500N (tai muut)<\/td>\n<\/tr>\n<tr>\n<td width=\"152\">Nopeus<\/td>\n<td width=\"260\">\u00a01-500 mm\/m (tai tarpeen mukaan)<\/td>\n<\/tr>\n<tr>\n<td width=\"152\">P\u00e4\u00e4t\u00f6slauselma<\/td>\n<td width=\"260\">0.5% F.S.<\/td>\n<\/tr>\n<tr>\n<td width=\"152\">Isku (ilman jigi\u00e4)<\/td>\n<td width=\"260\">250mm<\/td>\n<\/tr>\n<tr>\n<td width=\"152\">Mitat (mm, LWH)<\/td>\n<td width=\"260\">410*360*820<\/td>\n<\/tr>\n<tr>\n<td width=\"152\">Teho<\/td>\n<td width=\"260\">AC 110~ 220V<\/td>\n<\/tr>\n<\/tbody>\n<\/table>\n<p data-start=\"5474\" data-end=\"5639\">Yhdist\u00e4m\u00e4ll\u00e4 tarkan voimanmittauksen ja intuitiivisen k\u00e4yt\u00f6n SPT-01 auttaa saippuanvalmistajia muuttamaan tekstuurin testauksen standardoiduksi, tietoon perustuvaksi prosessiksi.<\/p>\n<h2 class=\"elementor-heading-title elementor-size-default\">Miksi valita Cell Instrumentsin SPT-01<\/h2>\n<p data-start=\"5058\" data-end=\"5199\">SPT-01 tukee johdonmukaista, toistettavaa saippuan koostumuksen testausta, ja se voidaan mukauttaa r\u00e4\u00e4t\u00e4l\u00f6ityihin testausvaatimuksiin tuotannon tarpeiden kehittyess\u00e4.<\/p>\n<p data-start=\"5058\" data-end=\"5199\">Ammattilainen <strong data-start=\"5274\" data-end=\"5299\">saippuan koostumuksen analysaattori<\/strong> avulla valmistajat voivat siirty\u00e4 subjektiivisen arvioinnin ulkopuolelle ja laatia mitattavissa olevat laatustandardit. Yhdist\u00e4m\u00e4ll\u00e4 luotettavan mittalaitteiston ja tunnustetut testiviitteet Cell Instruments auttaa saippuantuottajia saavuttamaan johdonmukaisen suorituskyvyn, paremman tuotevalvonnan ja suuremman asiakkaiden luottamuksen.<\/p>\n<hr data-start=\"6529\" data-end=\"6532\" \/>\n<h2 data-start=\"6534\" data-end=\"6542\">UKK<\/h2>\n<p data-start=\"133\" data-end=\"329\"><strong data-start=\"133\" data-end=\"181\">1. Mihin saippuan koostumusanalysaattoria k\u00e4ytet\u00e4\u00e4n?<\/strong><br data-start=\"181\" data-end=\"184\" \/>A <strong data-start=\"186\" data-end=\"211\">saippuan koostumuksen analysaattori<\/strong> mittaa <strong data-start=\"225\" data-end=\"245\">saippuan kovuus<\/strong>, lujuus ja tunkeutumiskest\u00e4vyys tasaisen laadun ja suorituskyvyn varmistamiseksi.<\/p>\n<p data-start=\"331\" data-end=\"543\"><strong data-start=\"331\" data-end=\"382\">2. Mik\u00e4 on saippuatekstuuri ja tunkeutumistesti?<\/strong><br data-start=\"382\" data-end=\"385\" \/>A <strong data-start=\"387\" data-end=\"424\">saippuan koostumus ja tunkeutumistesti<\/strong> kohdistetaan valvottua voimaa saippuan\u00e4ytteeseen ja tallennetaan muodonmuutokset, mik\u00e4 auttaa m\u00e4\u00e4ritt\u00e4m\u00e4\u00e4n rakenteen lujuuden ja k\u00e4ytett\u00e4vyyden.<\/p>\n<p data-start=\"545\" data-end=\"746\"><strong data-start=\"545\" data-end=\"594\">3. Miten ASTM D1321 soveltuu saippuan testaukseen?<\/strong><br data-start=\"594\" data-end=\"597\" \/><strong data-start=\"597\" data-end=\"611\">ASTM D1321<\/strong> tarjoaa standardoidun tunkeutumistestimenetelm\u00e4n, joka parantaa toistettavuutta ja luotettavuutta arvioitaessa saippuan koostumusta ja kovuutta.<\/p>\n<p data-start=\"748\" data-end=\"929\"><strong data-start=\"748\" data-end=\"796\">4. Miksi saippuan kovuuden mittaaminen on t\u00e4rke\u00e4\u00e4?<\/strong><br data-start=\"796\" data-end=\"799\" \/>The <strong data-start=\"803\" data-end=\"823\">saippuan kovuus<\/strong> vaikuttaa kest\u00e4vyyteen, liukenemisnopeuteen ja kuluttajakokemukseen, joten se on keskeinen laadunvalvontaparametri.<\/p>\n<p data-start=\"931\" data-end=\"1132\"><strong data-start=\"931\" data-end=\"995\">5. Mit\u00e4 saippuatyyppej\u00e4 voidaan testata tekstuurianalysaattorilla?<\/strong><br data-start=\"995\" data-end=\"998\" \/>Saippuan koostumusanalysaattoreilla voidaan testata patukkasaippuoita, glyseriinisaippuoita, l\u00e4\u00e4kesaippuoita ja henkil\u00f6kohtaisissa hoitotuotteissa k\u00e4ytett\u00e4vi\u00e4 erikoisvalmisteita.<\/p>","protected":false},"excerpt":{"rendered":"<ul>\n<li><strong>Standardi<\/strong>: ASTM D1321<\/li>\n<li><strong>Valmistaja<\/strong>: Cell Instruments<\/li>\n<li><strong>Sovellukset<\/strong>:P\u00e4ivitt\u00e4iset kemikaalit ja muuta.<\/li>\n<li><strong>Mukauttaminen<\/strong>: Saatavana erityisi\u00e4 testausvaatimuksia ja automaatiomuunnoksia varten.<\/li>\n<\/ul>","protected":false},"featured_media":7786,"comment_status":"closed","ping_status":"closed","template":"","meta":{"site-sidebar-layout":"default","site-content-layout":"default","ast-global-header-display":"","ast-main-header-display":"","ast-hfb-above-header-display":"","ast-hfb-below-header-display":"","ast-hfb-mobile-header-display":"","site-post-title":"","ast-breadcrumbs-content":"","ast-featured-img":"","footer-sml-layout":"","theme-transparent-header-meta":"default","adv-header-id-meta":"","stick-header-meta":"","header-above-stick-meta":"","header-main-stick-meta":"","header-below-stick-meta":""},"product_cat":[845,1187,937,1185,1179,962,928,674,672,99],"product_tag":[],"class_list":{"0":"post-7769","1":"product","2":"type-product","3":"status-publish","4":"has-post-thumbnail","6":"product_cat-customization","7":"product_cat-astm-d1321","8":"product_cat-electronic-product-tester","9":"product_cat-iec-60404-13","10":"product_cat-needle-toughness-tester","11":"product_cat-thickness-gauges","12":"product_cat-tpa-texture-analyzer","13":"product_cat-test-items","14":"product_cat-applied-materials","15":"product_cat-astm","16":"desktop-align-left","17":"tablet-align-left","18":"mobile-align-left","20":"first","21":"instock","22":"shipping-taxable","23":"product-type-simple"},"_links":{"self":[{"href":"https:\/\/www.qualitester.com\/fi\/wp-json\/wp\/v2\/product\/7769","targetHints":{"allow":["GET"]}}],"collection":[{"href":"https:\/\/www.qualitester.com\/fi\/wp-json\/wp\/v2\/product"}],"about":[{"href":"https:\/\/www.qualitester.com\/fi\/wp-json\/wp\/v2\/types\/product"}],"replies":[{"embeddable":true,"href":"https:\/\/www.qualitester.com\/fi\/wp-json\/wp\/v2\/comments?post=7769"}],"version-history":[{"count":0,"href":"https:\/\/www.qualitester.com\/fi\/wp-json\/wp\/v2\/product\/7769\/revisions"}],"wp:featuredmedia":[{"embeddable":true,"href":"https:\/\/www.qualitester.com\/fi\/wp-json\/wp\/v2\/media\/7786"}],"wp:attachment":[{"href":"https:\/\/www.qualitester.com\/fi\/wp-json\/wp\/v2\/media?parent=7769"}],"wp:term":[{"taxonomy":"product_cat","embeddable":true,"href":"https:\/\/www.qualitester.com\/fi\/wp-json\/wp\/v2\/product_cat?post=7769"},{"taxonomy":"product_tag","embeddable":true,"href":"https:\/\/www.qualitester.com\/fi\/wp-json\/wp\/v2\/product_tag?post=7769"}],"curies":[{"name":"wp","href":"https:\/\/api.w.org\/{rel}","templated":true}]}}