{"id":7508,"date":"2025-10-10T16:06:20","date_gmt":"2025-10-10T08:06:20","guid":{"rendered":"https:\/\/www.qualitester.com\/?post_type=product&#038;p=7508"},"modified":"2025-10-10T16:06:21","modified_gmt":"2025-10-10T08:06:21","slug":"tennis-ball-compression-tester","status":"publish","type":"product","link":"https:\/\/www.qualitester.com\/fi\/tuote\/tennis-ball-compression-tester\/","title":{"rendered":"TBCT-01 Tennispallon puristustesteri"},"content":{"rendered":"<p data-start=\"459\" data-end=\"877\">Ammattilais- ja vapaa-ajan tenniksen maailmassa, <strong data-start=\"513\" data-end=\"533\">pallon koostumus<\/strong> on ratkaisevassa asemassa reilun pelin ja urheilijoiden suorituskyvyn varmistamisessa. T\u00e4m\u00e4n saavuttamiseksi valmistajat ja laadunvalvojat luottavat tarkkoihin testauslaitteisiin, kuten esimerkiksi <strong data-start=\"699\" data-end=\"733\">Tennispallon puristusmittari<\/strong>. T\u00e4m\u00e4 laite arvioi, kuinka paljon tennispallo deformoituu tietyn voiman vaikutuksesta, mik\u00e4 heijastaa sen <strong data-start=\"831\" data-end=\"874\">elastisuus, joustavuus ja soitettavuus<\/strong>.<\/p>\n<p data-start=\"879\" data-end=\"1156\">Mukaan <strong data-start=\"896\" data-end=\"937\">Kansainv\u00e4linen tennisliitto (ITF)<\/strong> ja <strong data-start=\"942\" data-end=\"955\">GBT 20045<\/strong>, puristustestaus on yksi t\u00e4rkeimmist\u00e4 tennispallojen laadun mittareista. Liian pehme\u00e4 tai liian kova pallo voi vaikuttaa merkitt\u00e4v\u00e4sti pelattavuuteen, eik\u00e4 se t\u00e4yt\u00e4 sertifiointistandardeja.<\/p>\n<hr data-start=\"1158\" data-end=\"1161\" \/>\n<h2 data-start=\"3930\" data-end=\"4003\">Cell Instruments TBCT-01 Tennispallon puristusmittari<\/h2>\n<p data-start=\"4005\" data-end=\"4202\">Laboratorioille ja valmistajille, jotka etsiv\u00e4t ammattimaista ja vaatimustenmukaista ratkaisua, on tarjolla <strong data-start=\"4091\" data-end=\"4150\">Cell Instruments TBCT-01 Tennispallon puristusmittari<\/strong> tarjoaa luotettavan ja automatisoidun testausalustan.<img fetchpriority=\"high\" decoding=\"async\" class=\"size-medium wp-image-7510 alignright\" src=\"https:\/\/www.qualitester.com\/wp-content\/uploads\/2025\/10\/TBCT-01-Tennis-Ball-Compression-Tester-300x300.jpg\" alt=\"TBCT-01 Tennispallon puristustesteri\" width=\"300\" height=\"300\" srcset=\"https:\/\/www.qualitester.com\/wp-content\/uploads\/2025\/10\/TBCT-01-Tennis-Ball-Compression-Tester-300x300.jpg 300w, https:\/\/www.qualitester.com\/wp-content\/uploads\/2025\/10\/TBCT-01-Tennis-Ball-Compression-Tester-150x150.jpg 150w, https:\/\/www.qualitester.com\/wp-content\/uploads\/2025\/10\/TBCT-01-Tennis-Ball-Compression-Tester-12x12.jpg 12w, https:\/\/www.qualitester.com\/wp-content\/uploads\/2025\/10\/TBCT-01-Tennis-Ball-Compression-Tester-100x100.jpg 100w, https:\/\/www.qualitester.com\/wp-content\/uploads\/2025\/10\/TBCT-01-Tennis-Ball-Compression-Tester.jpg 600w\" sizes=\"(max-width: 300px) 100vw, 300px\" \/><\/p>\n<p data-start=\"4204\" data-end=\"4233\"><strong data-start=\"4204\" data-end=\"4231\">T\u00e4rkeimpi\u00e4 etuja ovat:<\/strong><\/p>\n<ul>\n<li data-start=\"4236\" data-end=\"4298\"><strong data-start=\"4236\" data-end=\"4255\">T\u00e4ydellinen vaatimustenmukaisuus<\/strong> kanssa <strong data-start=\"4261\" data-end=\"4274\">GBT 20045<\/strong> ja <strong data-start=\"4279\" data-end=\"4295\">ITF TB 03\/01<\/strong>.<\/li>\n<li data-start=\"4301\" data-end=\"4364\"><strong data-start=\"4301\" data-end=\"4333\">Korkean tarkkuuden voima-anturit<\/strong> muodonmuutoksen mittaamista varten.<\/li>\n<li data-start=\"4367\" data-end=\"4459\"><strong data-start=\"4367\" data-end=\"4403\">K\u00e4ytt\u00e4j\u00e4yst\u00e4v\u00e4llinen ohjelmistok\u00e4ytt\u00f6liittym\u00e4<\/strong> automaattiseen tiedonkeruuseen ja raporttien tuottamiseen.<\/li>\n<li data-start=\"4462\" data-end=\"4537\"><strong data-start=\"4462\" data-end=\"4500\">Johdonmukainen esipuristuksen ohjaus<\/strong>, mik\u00e4 eliminoi k\u00e4ytt\u00e4j\u00e4n vaihtelun.<\/li>\n<li data-start=\"4540\" data-end=\"4611\"><strong data-start=\"4540\" data-end=\"4558\">Kest\u00e4v\u00e4 rakenne<\/strong> soveltuu jatkuvaan laboratorio- tai tehdask\u00e4ytt\u00f6\u00f6n.<\/li>\n<\/ul>\n<p><strong>T\u00e4rkein parametri:<\/strong><\/p>\n<table style=\"height: 396px;\" width=\"361\">\n<tbody>\n<tr>\n<td width=\"167\">Testialue<\/td>\n<td width=\"337\">20kg<\/td>\n<\/tr>\n<tr>\n<td width=\"167\">Aivohalvaus<\/td>\n<td width=\"337\">250 mm (ilman levyj\u00e4)<\/td>\n<\/tr>\n<tr>\n<td width=\"167\">Nopeus<\/td>\n<td width=\"337\">1-500 mm\/min (s\u00e4\u00e4dett\u00e4viss\u00e4)<\/td>\n<\/tr>\n<tr>\n<td width=\"167\">Siirtym\u00e4n tarkkuus<\/td>\n<td width=\"337\">+\/-0.01mm<\/td>\n<\/tr>\n<tr>\n<td width=\"167\">Voiman tarkkuus<\/td>\n<td width=\"337\">\u00b10,5 % F.S.<\/td>\n<\/tr>\n<tr>\n<td width=\"167\">Levyn halkaisija<\/td>\n<td width=\"337\">70mm (jopa 100mm)<\/td>\n<\/tr>\n<tr>\n<td width=\"167\">Ohjaus &amp; k\u00e4ytt\u00f6liittym\u00e4<\/td>\n<td width=\"337\">PLC + 7\u2033 HMI-kosketusn\u00e4ytt\u00f6<\/td>\n<\/tr>\n<tr>\n<td width=\"167\">Tietojen l\u00e4ht\u00f6<\/td>\n<td width=\"337\">N\u00e4ytt\u00f6, mikrotulostin (opt.), RS-232 (opt., PDF-vienti).<\/td>\n<\/tr>\n<tr>\n<td width=\"167\">Teho<\/td>\n<td width=\"337\">AC 110~220V 50\/60Hz<\/td>\n<\/tr>\n<\/tbody>\n<\/table>\n<p data-start=\"4613\" data-end=\"4810\">Integroimalla TBCT-01:n tuotanto- tai tarkastusprosesseihin k\u00e4ytt\u00e4j\u00e4t voivat varmistaa, ett\u00e4 jokainen pallo t\u00e4ytt\u00e4\u00e4 seuraavat vaatimukset. <strong data-start=\"4715\" data-end=\"4754\">kansainv\u00e4liset pelattavuusstandardit<\/strong>, ja parantaa tuotteen luotettavuutta ja tuotemerkin uskottavuutta.<\/p>\n<hr data-start=\"4812\" data-end=\"4815\" \/>\n<h2 data-start=\"1163\" data-end=\"1217\">Tennispallon puristusmittarin merkitys<\/h2>\n<p data-start=\"1219\" data-end=\"1516\">A <strong data-start=\"1221\" data-end=\"1255\">Tennispallon puristusmittari<\/strong> varmistetaan, ett\u00e4 jokainen pallo t\u00e4ytt\u00e4\u00e4 standardien mukaiset muodonmuutosvaatimukset valvotuissa olosuhteissa. Muodonmuutos kuvastaa sis\u00e4isen paineen ja kumin kimmoisuuden v\u00e4list\u00e4 tasapainoa, joka vaikuttaa suoraan seuraaviin tekij\u00f6ihin <strong data-start=\"1464\" data-end=\"1501\">nopeus, pomppukorkeus ja ohjaus<\/strong> pelin aikana.<\/p>\n<p data-start=\"1518\" data-end=\"1914\">Esimerkiksi tenniksen ammattilaisturnauksissa hyv\u00e4ksyt\u00e4\u00e4n vain pallot, jotka l\u00e4p\u00e4isev\u00e4t standardin <strong data-start=\"1596\" data-end=\"1619\">ITF:n tenniss\u00e4\u00e4nn\u00f6t<\/strong> puristus- ja rebound-toiminnot. Pallot, jotka eiv\u00e4t ole yhteensopivia, voivat muuttaa pallorallien nopeutta tai luoda ep\u00e4reiluja etuja kent\u00e4ll\u00e4. Siksi tarkka testaus on t\u00e4rke\u00e4\u00e4 paitsi valmistajille my\u00f6s muille pelaajille. <strong data-start=\"1818\" data-end=\"1872\">turnauksen j\u00e4rjest\u00e4j\u00e4t, laadunvalvontavirastot<\/strong>ja <strong data-start=\"1878\" data-end=\"1911\">urheiluv\u00e4linelaboratoriot<\/strong>.<\/p>\n<hr data-start=\"1916\" data-end=\"1919\" \/>\n<h2 data-start=\"1921\" data-end=\"1958\">Testausperiaate ja -menettely<\/h2>\n<p data-start=\"1960\" data-end=\"2144\">Testausperiaate on johdettu <strong data-start=\"2002\" data-end=\"2042\">Muodonmuutoksen testausmenetelm\u00e4 ITF TB 03\/01<\/strong>, my\u00f6s m\u00e4\u00e4ritelty <strong data-start=\"2062\" data-end=\"2075\">GBT 20045<\/strong>, jossa m\u00e4\u00e4ritell\u00e4\u00e4n tennispallojen mekaaninen puristusprosessi.<\/p>\n<p data-start=\"2146\" data-end=\"2392\">Ennen mittausta pallo on <strong data-start=\"2178\" data-end=\"2196\">esipuristettu<\/strong> et\u00e4isyydell\u00e4 <strong data-start=\"2219\" data-end=\"2239\">2,54 cm (1 tuuma)<\/strong> kolme kertaa kutakin kolmea kohtisuoraa akselia pitkin. T\u00e4m\u00e4 esivalmisteluprosessi poistaa pallosta \u201csetin\u201d ja varmistaa yhdenmukaiset testitulokset.<\/p>\n<p data-start=\"2394\" data-end=\"2430\">Kun esik\u00e4sittely on valmis:<\/p>\n<ol>\n<li data-start=\"2435\" data-end=\"2515\">Pallo asetetaan <strong data-start=\"2462\" data-end=\"2486\">kaksi yhdensuuntaista levy\u00e4<\/strong> puristusmittarista.<\/li>\n<li data-start=\"2519\" data-end=\"2589\">A <strong data-start=\"2521\" data-end=\"2544\">ennalta m\u00e4\u00e4r\u00e4tty voima<\/strong> sovelletaan pallon halkaisijan suuntaisesti.<\/li>\n<li data-start=\"2593\" data-end=\"2668\">Tuloksena on <strong data-start=\"2607\" data-end=\"2641\">eteen- ja taaksep\u00e4in suuntautuva muodonmuutos<\/strong> mitataan tarkasti.<\/li>\n<li data-start=\"2672\" data-end=\"2746\">Arvoja verrataan ITF:n ja GBT 20045:n m\u00e4\u00e4rittelemiin standardialueisiin.<\/li>\n<\/ol>\n<p data-start=\"2748\" data-end=\"2908\">Jotta pallo kelpaisi turnaukseen, sen on my\u00f6s kuljettava seuraavien kohtien l\u00e4pi tai oltava niiden rajoittama <strong data-start=\"2829\" data-end=\"2853\">erityiset rengasmittarit<\/strong> oman painonsa alla, mik\u00e4 takaa mittatarkkuuden:<\/p>\n<ul>\n<li data-start=\"2912\" data-end=\"2985\"><strong data-start=\"2912\" data-end=\"2932\">Pallotyyppi 1 ja 2:<\/strong> Sen on kuljettava 6,86 cm:n l\u00e4pi eik\u00e4 6,54 cm:n l\u00e4pi.<\/li>\n<li data-start=\"2988\" data-end=\"3057\"><strong data-start=\"2988\" data-end=\"3004\">Pallotyyppi 3:<\/strong> Sen on kuljettava 7,30 cm:n l\u00e4pi eik\u00e4 7,00 cm:n l\u00e4pi.<\/li>\n<li data-start=\"3060\" data-end=\"3138\"><strong data-start=\"3060\" data-end=\"3085\">Vaihe 1 (vihre\u00e4 pallo):<\/strong> Sen on kuljettava 6,86 cm:n l\u00e4pi eik\u00e4 6,30 cm:n l\u00e4pi.<\/li>\n<\/ul>\n<p data-start=\"3140\" data-end=\"3247\">N\u00e4m\u00e4 tarkat toleranssit varmistavat, ett\u00e4 halkaisija ja muodonmuutosominaisuudet ovat yhdenmukaiset kaikissa tuotantoeriss\u00e4.<\/p>\n<hr data-start=\"3249\" data-end=\"3252\" \/>\n<h2 data-start=\"3254\" data-end=\"3295\">Suhde ITF:n s\u00e4\u00e4nt\u00f6ihin ja GBT 20045:een<\/h2>\n<p data-start=\"3297\" data-end=\"3524\">Sek\u00e4 <strong data-start=\"3306\" data-end=\"3329\">ITF:n tenniss\u00e4\u00e4nn\u00f6t<\/strong> ja <strong data-start=\"3334\" data-end=\"3347\">GBT 20045<\/strong> korostetaan, ett\u00e4 pallon muodonmuutos on testattava hyv\u00e4ksytyll\u00e4 puristuslaitteella, kuten esimerkiksi <strong data-start=\"3442\" data-end=\"3470\">muutettu Stevens Machine<\/strong> tai vastaava. Puristusmittarissa on oltava seuraavat ominaisuudet:<\/p>\n<ul>\n<li data-start=\"3528\" data-end=\"3585\">Kaksi <strong data-start=\"3532\" data-end=\"3553\">identtiset levyt<\/strong> kohdistettu aksiaalisesti ja yhdensuuntaisesti.<\/li>\n<li data-start=\"3588\" data-end=\"3671\">A <strong data-start=\"3590\" data-end=\"3616\">voimanmittauslaite<\/strong> jotka kykenev\u00e4t rekister\u00f6im\u00e4\u00e4n muodonmuutoksia kuormituksen alaisena.<\/li>\n<li data-start=\"3674\" data-end=\"3744\">J\u00e4ykk\u00e4 ja kalibroitu rakenne, joka takaa mittausten toistettavuuden.<\/li>\n<\/ul>\n<p data-start=\"3746\" data-end=\"3923\">The <strong data-start=\"3750\" data-end=\"3784\">Tennispallon muodonmuutostesteri<\/strong> N\u00e4ihin periaatteisiin perustuvalla menetelm\u00e4ll\u00e4 saadaan tarkkoja ja toistettavia tietoja, jotka ovat ratkaisevan t\u00e4rkeit\u00e4, kun tarkistetaan, ett\u00e4 pallo on vaatimustenmukainen. <strong data-start=\"3891\" data-end=\"3920\">ITF:n hyv\u00e4ksymisvaatimukset<\/strong>.<\/p>\n<hr data-start=\"3925\" data-end=\"3928\" \/>\n<h2 data-start=\"4817\" data-end=\"4854\">Miksi puristustestaus on t\u00e4rke\u00e4\u00e4<\/h2>\n<p data-start=\"4856\" data-end=\"5149\">Puristustestaus antaa objektiivista tietoa <strong data-start=\"4907\" data-end=\"4928\">tuntuma ja vaste<\/strong> tennispallon kokoinen. Liian suuri muodonmuutos tarkoittaa, ett\u00e4 pallo on <strong data-start=\"4986\" data-end=\"4998\">liian pehme\u00e4<\/strong>, mik\u00e4 johtaa hitaampaan nopeuteen ja pienemp\u00e4\u00e4n kimmokkeeseen. Liian pieni muodonmuutos osoittaa <strong data-start=\"5075\" data-end=\"5092\">ylikovuus<\/strong>, mik\u00e4 voi lis\u00e4t\u00e4 pelaajan v\u00e4symyst\u00e4 ja heikent\u00e4\u00e4 hallintaa.<\/p>\n<p data-start=\"5151\" data-end=\"5446\">Kautta <strong data-start=\"5163\" data-end=\"5197\">Tennispallon puristusmittari<\/strong>, n\u00e4m\u00e4 hienovaraiset vaihtelut voidaan kvantifioida ja korjata tuotannon alkuvaiheessa. T\u00e4m\u00e4 testaustapa auttaa valmistajia s\u00e4ilytt\u00e4m\u00e4\u00e4n vakaan suorituskykyprofiilin kaikissa eriss\u00e4, mik\u00e4 on olennainen edellytys ITF-sertifioinnille ja asiakastyytyv\u00e4isyydelle.<\/p>\n<hr data-start=\"5448\" data-end=\"5451\" \/>\n<p data-start=\"5471\" data-end=\"5769\">The <strong data-start=\"5475\" data-end=\"5509\">Tennispallon puristusmittari<\/strong> on v\u00e4ltt\u00e4m\u00e4t\u00f6nt\u00e4 tennispallojen rakenteellisen eheyden ja tasaisen suorituskyvyn varmistamiseksi. Noudattamalla <strong data-start=\"5624\" data-end=\"5647\">ITF:n tenniss\u00e4\u00e4nn\u00f6t<\/strong> ja <strong data-start=\"5652\" data-end=\"5665\">GBT 20045<\/strong>, valmistajat voivat luottavaisin mielin valmistaa palloja, jotka t\u00e4ytt\u00e4v\u00e4t kansainv\u00e4liset standardit ammattilaispelaamista varten.<\/p>\n<p data-start=\"5771\" data-end=\"5961\">Luotettavia, tarkkoja ja vaatimustenmukaisia testausratkaisuja etsiville organisaatioille on tarjolla <strong data-start=\"5856\" data-end=\"5884\">Cell Instruments TBCT-01<\/strong> tarjoaa ihanteellisen valinnan, jossa on tasapainossa tarkkuus, tehokkuus ja luotettavuus.<\/p>","protected":false},"excerpt":{"rendered":"<p>In the world of professional and recreational tennis, ball consistency plays a crucial role in ensuring fair play and athlete performance. To achieve this, manufacturers and quality inspectors rely on precise testing equipment like the Tennis Ball Compression Tester. This instrument evaluates how much a tennis ball deforms under a specific force, reflecting its elasticity, &hellip;<\/p>\n<p class=\"read-more\"> <a class=\"\" href=\"https:\/\/www.qualitester.com\/fi\/tuote\/tennis-ball-compression-tester\/\"> <span class=\"screen-reader-text\">TBCT-01 Tennispallon puristustesteri<\/span> Lue lis\u00e4\u00e4 \"<\/a><\/p>","protected":false},"featured_media":7510,"comment_status":"closed","ping_status":"closed","template":"","meta":{"site-sidebar-layout":"default","site-content-layout":"default","ast-global-header-display":"","ast-main-header-display":"","ast-hfb-above-header-display":"","ast-hfb-below-header-display":"","ast-hfb-mobile-header-display":"","site-post-title":"","ast-breadcrumbs-content":"","ast-featured-img":"","footer-sml-layout":"","theme-transparent-header-meta":"default","adv-header-id-meta":"","stick-header-meta":"","header-above-stick-meta":"","header-main-stick-meta":"","header-below-stick-meta":""},"product_cat":[1186],"product_tag":[],"class_list":{"0":"post-7508","1":"product","2":"type-product","3":"status-publish","4":"has-post-thumbnail","6":"product_cat-compression-tester","7":"desktop-align-left","8":"tablet-align-left","9":"mobile-align-left","11":"first","12":"instock","13":"shipping-taxable","14":"product-type-simple"},"_links":{"self":[{"href":"https:\/\/www.qualitester.com\/fi\/wp-json\/wp\/v2\/product\/7508","targetHints":{"allow":["GET"]}}],"collection":[{"href":"https:\/\/www.qualitester.com\/fi\/wp-json\/wp\/v2\/product"}],"about":[{"href":"https:\/\/www.qualitester.com\/fi\/wp-json\/wp\/v2\/types\/product"}],"replies":[{"embeddable":true,"href":"https:\/\/www.qualitester.com\/fi\/wp-json\/wp\/v2\/comments?post=7508"}],"version-history":[{"count":0,"href":"https:\/\/www.qualitester.com\/fi\/wp-json\/wp\/v2\/product\/7508\/revisions"}],"wp:featuredmedia":[{"embeddable":true,"href":"https:\/\/www.qualitester.com\/fi\/wp-json\/wp\/v2\/media\/7510"}],"wp:attachment":[{"href":"https:\/\/www.qualitester.com\/fi\/wp-json\/wp\/v2\/media?parent=7508"}],"wp:term":[{"taxonomy":"product_cat","embeddable":true,"href":"https:\/\/www.qualitester.com\/fi\/wp-json\/wp\/v2\/product_cat?post=7508"},{"taxonomy":"product_tag","embeddable":true,"href":"https:\/\/www.qualitester.com\/fi\/wp-json\/wp\/v2\/product_tag?post=7508"}],"curies":[{"name":"wp","href":"https:\/\/api.w.org\/{rel}","templated":true}]}}