{"id":6640,"date":"2025-05-07T10:25:05","date_gmt":"2025-05-07T02:25:05","guid":{"rendered":"https:\/\/www.qualitester.com\/?post_type=product&#038;p=6640"},"modified":"2025-05-07T10:25:05","modified_gmt":"2025-05-07T02:25:05","slug":"syringe-piston-glide-force-tester","status":"publish","type":"product","link":"https:\/\/www.qualitester.com\/fi\/tuote\/syringe-piston-glide-force-tester\/","title":{"rendered":"SSR-01 ruiskun liukuvastustesteri"},"content":{"rendered":"<h2 data-start=\"378\" data-end=\"1083\">Liukuvoiman merkitys ruiskun suorituskyvyss\u00e4<\/h2>\n<p class=\"\" data-start=\"378\" data-end=\"1083\">Ruiskujen valmistuksessa ja laadunvalvonnassa, <em data-start=\"497\" data-end=\"510\">liukuvoima<\/em> on ratkaiseva tekij\u00e4, kun m\u00e4\u00e4ritet\u00e4\u00e4n, kuinka tasaisesti ja johdonmukaisesti ruiskun m\u00e4nt\u00e4 liikkuu l\u00e4\u00e4kkeen annostelun aikana. Se vaikuttaa suoraan k\u00e4ytett\u00e4vyyteen, potilaan mukavuuteen ja annostelutarkkuuteen. T\u00e4ss\u00e4 artikkelissa esitell\u00e4\u00e4n <strong data-start=\"727\" data-end=\"764\">Ruiskun m\u00e4nn\u00e4n liukuvoiman testaaja<\/strong>, erikoislaite, joka on suunniteltu t\u00e4m\u00e4n ratkaisevan t\u00e4rke\u00e4n parametrin kvantifioimiseen seuraavien standardien mukaisesti. <strong data-start=\"854\" data-end=\"876\">ISO 7886-1 Liite E<\/strong>. Perehdymme sen testausmenetelm\u00e4\u00e4n, teknisiin ominaisuuksiin ja siihen, miten se tukee vaatimustenmukaisuutta suhteessa <strong data-start=\"977\" data-end=\"997\"><a href=\"https:\/\/www.qualitester.com\/fi\/standards\/iso-7886-1\/\" target=\"_blank\" rel=\"noopener\">ISO 7886<\/a> testaus<\/strong> vaatimukset, jotka ovat v\u00e4ltt\u00e4m\u00e4tt\u00f6mi\u00e4 ruiskujen valmistajille ja laadunvarmistuksen ammattilaisille.<\/p>\n<hr class=\"\" data-start=\"1085\" data-end=\"1088\" \/>\n<h2 data-start=\"1090\" data-end=\"1367\">Ruiskun m\u00e4nn\u00e4n liukuvoiman testaaja ja ISO 7886 -testaus selitet\u00e4\u00e4n<\/h2>\n<p class=\"\" data-start=\"1090\" data-end=\"1367\">The <strong data-start=\"1165\" data-end=\"1202\">Ruiskun m\u00e4nn\u00e4n liukuvoiman testaaja<\/strong>-jota kutsutaan my\u00f6s nimell\u00e4 <strong data-start=\"1227\" data-end=\"1271\">SSR-01 ruiskun liukuvastustesteri<\/strong>-on suunniteltu suorittamaan tarkkuuskokeita injektioruiskuille. Sen ydintoiminto on mittaaminen:<\/p>\n<ul data-start=\"1369\" data-end=\"1537\">\n<li class=\"\" data-start=\"1369\" data-end=\"1431\">\n<p class=\"\" data-start=\"1371\" data-end=\"1431\">The <strong data-start=\"1375\" data-end=\"1395\">k\u00e4ynnist\u00e4v\u00e4 voima<\/strong> tarvitaan m\u00e4nn\u00e4n liikkeen k\u00e4ynnist\u00e4miseen<\/p>\n<\/li>\n<li class=\"\" data-start=\"1432\" data-end=\"1481\">\n<p class=\"\" data-start=\"1434\" data-end=\"1481\">The <strong data-start=\"1438\" data-end=\"1452\">keskim\u00e4\u00e4r\u00e4inen voima<\/strong> jatkuvan liikkeen aikana<\/p>\n<\/li>\n<li class=\"\" data-start=\"1482\" data-end=\"1537\">\n<p class=\"\" data-start=\"1484\" data-end=\"1537\">The <strong data-start=\"1488\" data-end=\"1505\">maksimivoima<\/strong> testin aikana esiintyv\u00e4t ongelmat<\/p>\n<\/li>\n<\/ul>\n<p class=\"\" data-start=\"1539\" data-end=\"1878\">N\u00e4m\u00e4 parametrit ovat keskeisi\u00e4 seuraavassa esitetyn liukuvoimaprofiilin kannalta. <strong data-start=\"1607\" data-end=\"1629\">ISO 7886-1 Liite E<\/strong>, kansainv\u00e4linen standardi, joka koskee manuaalik\u00e4ytt\u00f6isi\u00e4 steriilej\u00e4 injektioruiskuja. Liitteess\u00e4 E esitet\u00e4\u00e4n yksityiskohtaisesti menetelm\u00e4 sen arvioimiseksi, kuinka paljon vastusta m\u00e4nt\u00e4 aiheuttaa, kun nestett\u00e4 poistetaan vakionopeudella, k\u00e4ytt\u00e4en tislattua vett\u00e4 ja standardoitua asetusta.<\/p>\n<p class=\"\" data-start=\"1880\" data-end=\"2117\">Noudattamalla ISO 7886 -standardia valmistajat voivat varmistaa, ett\u00e4 heid\u00e4n tuotteensa t\u00e4ytt\u00e4v\u00e4t maailmanlaajuiset turvallisuus- ja suorituskykyodotukset. T\u00e4m\u00e4 on ratkaisevan t\u00e4rke\u00e4\u00e4 steriileille l\u00e4\u00e4kinn\u00e4llisille laitteille, jotka on tarkoitettu laajamittaiseen k\u00e4ytt\u00f6\u00f6n sairaaloissa, klinikoilla ja kotihoidossa.<\/p>\n<hr class=\"\" data-start=\"2119\" data-end=\"2122\" \/>\n<h2 data-start=\"2124\" data-end=\"2358\">Miten liukuvoima mitataan: ISO 7886-1 Liite E Menettely<\/h2>\n<p class=\"\" data-start=\"2124\" data-end=\"2358\">Jotta liukuvoima voitaisiin m\u00e4\u00e4ritt\u00e4\u00e4 tarkasti, on k\u00e4ytett\u00e4v\u00e4 seuraavia menetelmi\u00e4 <strong data-start=\"2233\" data-end=\"2277\">SSR-01 ruiskun m\u00e4nn\u00e4n liukuvoiman testaaja<\/strong> k\u00e4ytt\u00e4\u00e4 seuraavassa s\u00e4\u00e4detty\u00e4 menettely\u00e4 <strong data-start=\"2311\" data-end=\"2333\">ISO 7886-1 Liite E<\/strong>. Keskeisiin vaiheisiin kuuluvat:<\/p>\n<ul data-start=\"2360\" data-end=\"2688\">\n<li class=\"\" data-start=\"2360\" data-end=\"2438\">\n<p class=\"\" data-start=\"2362\" data-end=\"2438\">Ruiskun t\u00e4ytt\u00e4minen <strong data-start=\"2387\" data-end=\"2406\">tislattu vesi<\/strong> yli sen nimelliskapasiteetin.<\/p>\n<\/li>\n<li class=\"\" data-start=\"2439\" data-end=\"2547\">\n<p class=\"\" data-start=\"2441\" data-end=\"2547\">Asenna se testilaitteeseen ja kohdista s\u00e4ili\u00f6n vedenpinta ruiskun tynnyrin keskikohtaan.<\/p>\n<\/li>\n<li class=\"\" data-start=\"2548\" data-end=\"2591\">\n<p class=\"\" data-start=\"2550\" data-end=\"2591\">Asettaminen <strong data-start=\"2562\" data-end=\"2590\">testinopeus 100 mm\/min<\/strong>.<\/p>\n<\/li>\n<li class=\"\" data-start=\"2592\" data-end=\"2688\">\n<p class=\"\" data-start=\"2594\" data-end=\"2688\">Mekaanisen voimansiirron aktivoiminen m\u00e4nn\u00e4n painamiseksi ja samalla voimatietojen jatkuva tallentaminen.<\/p>\n<\/li>\n<\/ul>\n<p class=\"\" data-start=\"2690\" data-end=\"2710\">J\u00e4rjestelm\u00e4 tallentaa:<\/p>\n<ul data-start=\"2712\" data-end=\"2929\">\n<li class=\"\" data-start=\"2712\" data-end=\"2784\">\n<p class=\"\" data-start=\"2714\" data-end=\"2784\"><strong data-start=\"2714\" data-end=\"2740\">K\u00e4ynnistysvoima (fs):<\/strong> voima, joka tarvitaan m\u00e4nn\u00e4n liikkeen k\u00e4ynnist\u00e4miseen.<\/p>\n<\/li>\n<li class=\"\" data-start=\"2785\" data-end=\"2855\">\n<p class=\"\" data-start=\"2787\" data-end=\"2855\"><strong data-start=\"2787\" data-end=\"2812\">Keskim\u00e4\u00e4r\u00e4inen liukuvoima (F):<\/strong> keskim\u00e4\u00e4r\u00e4inen voima koko m\u00e4nn\u00e4n liikkeen ajan.<\/p>\n<\/li>\n<li class=\"\" data-start=\"2856\" data-end=\"2929\">\n<p class=\"\" data-start=\"2858\" data-end=\"2929\"><strong data-start=\"2858\" data-end=\"2883\">Suurin voima (Fmax):<\/strong> m\u00e4nn\u00e4n liikkeen aikana tarvittava huippuvoima.<\/p>\n<\/li>\n<\/ul>\n<p class=\"\" data-start=\"2931\" data-end=\"3036\">T\u00e4m\u00e4 standardoitu prosessi takaa tarkan toistettavuuden ja tietojen eheyden laadunvalvontaraportointia varten.<\/p>\n<hr class=\"\" data-start=\"3038\" data-end=\"3041\" \/>\n<h2 data-start=\"3043\" data-end=\"3268\">SSR-01 ruiskun liukuvastustestin t\u00e4rkeimm\u00e4t ominaisuudet<\/h2>\n<p class=\"\" data-start=\"3043\" data-end=\"3268\">Cell Instruments\u2019 <strong data-start=\"3124\" data-end=\"3134\">SSR-01<\/strong> malli tuo ruiskun liukuvoiman testaukseen automaatiota, luotettavuutta ja korkean resoluution tietoja. Joitakin sen merkitt\u00e4vimpi\u00e4 ominaisuuksia ovat mm:<\/p>\n<ul data-start=\"3270\" data-end=\"3842\">\n<li class=\"\" data-start=\"3270\" data-end=\"3340\">\n<p class=\"\" data-start=\"3272\" data-end=\"3340\"><strong data-start=\"3272\" data-end=\"3290\">Korkea tarkkuus:<\/strong> \u00b10,5% t\u00e4yden asteikon lukema voimamittauksissa<\/p>\n<\/li>\n<li class=\"\" data-start=\"3341\" data-end=\"3420\">\n<p class=\"\" data-start=\"3343\" data-end=\"3420\"><strong data-start=\"3343\" data-end=\"3371\">K\u00e4ytt\u00e4j\u00e4yst\u00e4v\u00e4llinen k\u00e4ytt\u00f6liittym\u00e4:<\/strong> 7-tuumainen HMI-kosketusn\u00e4ytt\u00f6, jossa on intuitiiviset hallintalaitteet<\/p>\n<\/li>\n<li class=\"\" data-start=\"3421\" data-end=\"3502\">\n<p class=\"\" data-start=\"3423\" data-end=\"3502\"><strong data-start=\"3423\" data-end=\"3450\">Precision Drive System:<\/strong> Palloruuvimekanismi ja muuttuva testinopeus<\/p>\n<\/li>\n<li class=\"\" data-start=\"3503\" data-end=\"3595\">\n<p class=\"\" data-start=\"3505\" data-end=\"3595\"><strong data-start=\"3505\" data-end=\"3526\">Datarikas ulostulo:<\/strong> Aloitus-, keski- ja maksimiliukuvoimien samanaikainen tallentaminen.<\/p>\n<\/li>\n<li class=\"\" data-start=\"3596\" data-end=\"3673\">\n<p class=\"\" data-start=\"3598\" data-end=\"3673\"><strong data-start=\"3598\" data-end=\"3624\">Mukautettavat valaisimet:<\/strong> Sovitettavissa eri ruiskutyypeille ja -koille<\/p>\n<\/li>\n<li class=\"\" data-start=\"3674\" data-end=\"3733\">\n<p class=\"\" data-start=\"3676\" data-end=\"3733\"><strong data-start=\"3676\" data-end=\"3700\">Ylikuormitussuojaus:<\/strong> Parantaa turvallisuutta testauksen aikana<\/p>\n<\/li>\n<li class=\"\" data-start=\"3734\" data-end=\"3842\">\n<p class=\"\" data-start=\"3736\" data-end=\"3842\"><strong data-start=\"3736\" data-end=\"3763\">Automaattinen palautus ja tulostus:<\/strong> Palaa aloitusasentoon ja tulostaa testitulokset sis\u00e4\u00e4nrakennetulla mikrotulostimella.<\/p>\n<\/li>\n<\/ul>\n<p class=\"\" data-start=\"3844\" data-end=\"3975\">N\u00e4m\u00e4 ominaisuudet eiv\u00e4t ainoastaan yksinkertaista vaatimustenmukaisuutta <strong data-start=\"3897\" data-end=\"3911\">ISO 7886-1<\/strong> mutta my\u00f6s optimoida ty\u00f6nkulun tehokkuutta ja v\u00e4hent\u00e4\u00e4 manuaalisia virheit\u00e4.<\/p>\n<hr class=\"\" data-start=\"3977\" data-end=\"3980\" \/>\n<h2 data-start=\"3982\" data-end=\"4120\">Sovellukset useilla toimialoilla<\/h2>\n<p class=\"\" data-start=\"3982\" data-end=\"4120\">Liukuvoiman testaus on t\u00e4rke\u00e4\u00e4 useilla aloilla, joilla ruiskut ovat kriittisi\u00e4 komponentteja:<\/p>\n<ul data-start=\"4122\" data-end=\"4446\">\n<li class=\"\" data-start=\"4122\" data-end=\"4205\">\n<p class=\"\" data-start=\"4124\" data-end=\"4205\"><strong data-start=\"4124\" data-end=\"4157\">L\u00e4\u00e4kinn\u00e4llisten laitteiden valmistus:<\/strong> Varmistaa sujuvan toiminnan ja potilasturvallisuuden<\/p>\n<\/li>\n<li class=\"\" data-start=\"4206\" data-end=\"4275\">\n<p class=\"\" data-start=\"4208\" data-end=\"4275\"><strong data-start=\"4208\" data-end=\"4237\">L\u00e4\u00e4kepakkaukset:<\/strong> Tarkistaa asianmukaiset toimitusmekanismit<\/p>\n<\/li>\n<li class=\"\" data-start=\"4276\" data-end=\"4365\">\n<p class=\"\" data-start=\"4278\" data-end=\"4365\"><strong data-start=\"4278\" data-end=\"4314\">Lakis\u00e4\u00e4teiset testauslaboratoriot:<\/strong> Vahvistaa kansainv\u00e4listen standardien mukaisuuden<\/p>\n<\/li>\n<li class=\"\" data-start=\"4366\" data-end=\"4446\">\n<p class=\"\" data-start=\"4368\" data-end=\"4446\"><strong data-start=\"4368\" data-end=\"4394\">Laadunvalvontayksik\u00f6t:<\/strong> Tunnistaa vialliset ruiskut tuotannon alkuvaiheessa.<\/p>\n<\/li>\n<\/ul>\n<p class=\"\" data-start=\"4448\" data-end=\"4583\">Sairaaloissa, laboratorioissa ja teollisissa tuotantolinjoissa k\u00e4ytett\u00e4v\u00e4t sovellukset osoittavat SSR-01:n monipuolisuuden ja luotettavuuden.<\/p>\n<hr class=\"\" data-start=\"4585\" data-end=\"4588\" \/>\n<h2 data-start=\"4590\" data-end=\"5050\">Miksi valita Cell Instrumentsin SSR-01 liukuvoiman testaukseen?<\/h2>\n<p class=\"\" data-start=\"4590\" data-end=\"5050\">Cell Instrumentsilla on laaja kokemus <strong data-start=\"4702\" data-end=\"4736\">materiaalien ja pakkausten testaus<\/strong> ja tarjoaa t\u00e4ydellisen r\u00e4\u00e4t\u00e4l\u00f6innin erikoistestausvaatimusten t\u00e4ytt\u00e4miseksi. SSR-01 edustaa sitoutumistamme <strong data-start=\"4849\" data-end=\"4909\">innovointi, laadunvarmistus ja s\u00e4\u00e4nn\u00f6sten noudattaminen<\/strong>. Valitsemalla ratkaisumme ruiskujen valmistajat saavat luotettavan kumppanin, joka tukee ISO 7886-1 -standardin noudattamista ja jatkuvaa tuoteparannusta.<\/p>\n<p class=\"\" data-start=\"5057\" data-end=\"5513\">Ymm\u00e4rt\u00e4minen ja valvonta <em data-start=\"5104\" data-end=\"5117\">liukuvoima<\/em> ei ole kyse vain standardien noudattamisesta, vaan my\u00f6s laadun ja turvallisuuden tuottamisesta loppuk\u00e4ytt\u00e4jille. Cell Instrumentsin\u2019 <strong data-start=\"5232\" data-end=\"5269\">Ruiskun m\u00e4nn\u00e4n liukuvoiman testaaja<\/strong>, noudattaminen <strong data-start=\"5287\" data-end=\"5309\"><a href=\"https:\/\/www.iso.org\/standard\/64790.html\" target=\"_blank\" rel=\"noopener nofollow\">ISO 7886-1<\/a> Liite E<\/strong> tulee sek\u00e4 suoraviivaiseksi ett\u00e4 luotettavaksi. Olitpa sitten l\u00e4\u00e4ketuotannossa, l\u00e4\u00e4kinn\u00e4llisten laitteiden laadunvarmistuksessa tai laboratoriovalidoinnissa, on t\u00e4rke\u00e4\u00e4, ett\u00e4 <strong data-start=\"5447\" data-end=\"5457\">SSR-01<\/strong> on ratkaisusi tarkkuuteen, johdonmukaisuuteen ja luottamukseen.<\/p>\n<hr class=\"\" data-start=\"5515\" data-end=\"5518\" \/>\n<h2 data-start=\"5520\" data-end=\"5530\">UKK<\/h2>\n<p class=\"\" data-start=\"5532\" data-end=\"5765\"><strong data-start=\"5532\" data-end=\"5603\">1. Mik\u00e4 on liukuvoima ja miksi se on t\u00e4rke\u00e4 ruiskutesteiss\u00e4?<\/strong><br data-start=\"5603\" data-end=\"5606\" \/>Liukuvoima on ruiskun m\u00e4nt\u00e4\u00e4 liikutettaessa kohdattava vastus. Se on kriittinen tekij\u00e4, kun halutaan varmistaa l\u00e4\u00e4kkeiden sujuva annostelu ja est\u00e4\u00e4 k\u00e4ytt\u00e4j\u00e4n ep\u00e4mukavuus.<\/p>\n<p class=\"\" data-start=\"5962\" data-end=\"6133\"><strong data-start=\"5962\" data-end=\"6018\">2. Mit\u00e4 voimia SSR-01-testerill\u00e4 mitataan?<\/strong><br data-start=\"6018\" data-end=\"6021\" \/>SSR-01 mittaa <strong data-start=\"6045\" data-end=\"6065\">k\u00e4ynnist\u00e4v\u00e4 voima<\/strong>, <strong data-start=\"6067\" data-end=\"6087\">keskiarvo<\/strong>ja <strong data-start=\"6093\" data-end=\"6116\">suurin liukuvoima<\/strong> testin aikana.<\/p>\n<p class=\"\" data-start=\"6135\" data-end=\"6287\"><strong data-start=\"6135\" data-end=\"6190\">3. Voiko SSR-01 testata erikokoisia ruiskuja?<\/strong><br data-start=\"6190\" data-end=\"6193\" \/>Kyll\u00e4, j\u00e4rjestelm\u00e4ss\u00e4 on useita kiinnikkeit\u00e4, joihin mahtuu eri ruiskukokoja ja -tilavuuksia.<\/p>\n<p class=\"\" data-start=\"6289\" data-end=\"6506\"><strong data-start=\"6289\" data-end=\"6351\">4. Miten Cell Instruments tukee mukautettuja testaustarpeita?<\/strong><br data-start=\"6351\" data-end=\"6354\" \/>Tarjoamme <strong data-start=\"6365\" data-end=\"6442\">r\u00e4\u00e4t\u00e4l\u00f6ityjen kiinnikkeiden kehitt\u00e4minen, automaation p\u00e4ivitt\u00e4minen ja ohjelmistojen integrointi.<\/strong> vastaamaan asiakkaiden erityisvaatimuksia eri toimialoilla.<\/p>","protected":false},"excerpt":{"rendered":"<p>The Importance of Glide Force in Syringe Performance In syringe manufacturing and quality control, glide force plays a pivotal role in determining how smoothly and consistently a syringe\u2019s piston moves during drug administration. It directly impacts usability, patient comfort, and dosing accuracy. This article introduces the Syringe Piston Glide Force Tester, a specialized instrument designed &hellip;<\/p>\n<p class=\"read-more\"> <a class=\"\" href=\"https:\/\/www.qualitester.com\/fi\/tuote\/syringe-piston-glide-force-tester\/\"> <span class=\"screen-reader-text\">SSR-01 ruiskun liukuvastustesteri<\/span> Lue lis\u00e4\u00e4 \"<\/a><\/p>","protected":false},"featured_media":6642,"comment_status":"closed","ping_status":"closed","template":"","meta":{"site-sidebar-layout":"default","site-content-layout":"default","ast-global-header-display":"","ast-main-header-display":"","ast-hfb-above-header-display":"","ast-hfb-below-header-display":"","ast-hfb-mobile-header-display":"","site-post-title":"","ast-breadcrumbs-content":"","ast-featured-img":"","footer-sml-layout":"","theme-transparent-header-meta":"default","adv-header-id-meta":"","stick-header-meta":"","header-above-stick-meta":"","header-main-stick-meta":"","header-below-stick-meta":""},"product_cat":[1053,934,149],"product_tag":[],"class_list":{"0":"post-6640","1":"product","2":"type-product","3":"status-publish","4":"has-post-thumbnail","6":"product_cat-iso-7886-1","7":"product_cat-medical-packaging-tester","8":"product_cat-pharma-and-medical-testers","9":"desktop-align-left","10":"tablet-align-left","11":"mobile-align-left","13":"first","14":"instock","15":"shipping-taxable","16":"product-type-simple"},"_links":{"self":[{"href":"https:\/\/www.qualitester.com\/fi\/wp-json\/wp\/v2\/product\/6640","targetHints":{"allow":["GET"]}}],"collection":[{"href":"https:\/\/www.qualitester.com\/fi\/wp-json\/wp\/v2\/product"}],"about":[{"href":"https:\/\/www.qualitester.com\/fi\/wp-json\/wp\/v2\/types\/product"}],"replies":[{"embeddable":true,"href":"https:\/\/www.qualitester.com\/fi\/wp-json\/wp\/v2\/comments?post=6640"}],"version-history":[{"count":0,"href":"https:\/\/www.qualitester.com\/fi\/wp-json\/wp\/v2\/product\/6640\/revisions"}],"wp:featuredmedia":[{"embeddable":true,"href":"https:\/\/www.qualitester.com\/fi\/wp-json\/wp\/v2\/media\/6642"}],"wp:attachment":[{"href":"https:\/\/www.qualitester.com\/fi\/wp-json\/wp\/v2\/media?parent=6640"}],"wp:term":[{"taxonomy":"product_cat","embeddable":true,"href":"https:\/\/www.qualitester.com\/fi\/wp-json\/wp\/v2\/product_cat?post=6640"},{"taxonomy":"product_tag","embeddable":true,"href":"https:\/\/www.qualitester.com\/fi\/wp-json\/wp\/v2\/product_tag?post=6640"}],"curies":[{"name":"wp","href":"https:\/\/api.w.org\/{rel}","templated":true}]}}