{"id":6632,"date":"2025-04-27T15:48:37","date_gmt":"2025-04-27T07:48:37","guid":{"rendered":"https:\/\/www.qualitester.com\/?post_type=product&#038;p=6632"},"modified":"2025-04-27T15:49:57","modified_gmt":"2025-04-27T07:49:57","slug":"syringe-liquid-leakage-tester","status":"publish","type":"product","link":"https:\/\/www.qualitester.com\/fi\/tuote\/syringe-liquid-leakage-tester\/","title":{"rendered":"SPPT-01 Ruiskun nestevuototesteri"},"content":{"rendered":"<p class=\"\" data-start=\"314\" data-end=\"826\">Ruiskujen nestevuototesterit ovat t\u00e4rkeit\u00e4 v\u00e4lineit\u00e4 l\u00e4\u00e4ketieteellisiss\u00e4 sovelluksissa k\u00e4ytett\u00e4vien ruiskujen turvallisuuden ja luotettavuuden varmistamisessa. N\u00e4m\u00e4 laitteet auttavat valmistajia havaitsemaan mahdolliset vuodot paineen alaisista ruiskuista ja varmistavat, ett\u00e4 ruiskut t\u00e4ytt\u00e4v\u00e4t tiukat toiminnallisuutta ja turvallisuutta koskevat vaatimukset erityisesti terveydenhuolto- ja l\u00e4\u00e4keteollisuudessa.<\/p>\n<h3 class=\"\" data-start=\"4972\" data-end=\"5027\"><strong data-start=\"4976\" data-end=\"5027\">Cell Instrumentsin ruiskujen vuototestausratkaisu<\/strong><\/h3>\n<p class=\"\" data-start=\"5029\" data-end=\"5331\">Osoitteessa <strong data-start=\"5032\" data-end=\"5052\">Cell Instruments<\/strong>, tarjoamme <strong data-start=\"5067\" data-end=\"5121\">SPPT-01 Ruiskun nestevuototesteri<\/strong>, kehittynyt ratkaisu, joka on suunniteltu auttamaan valmistajia suorittamaan ruiskujen nestevuototestej\u00e4 tarkasti ja tehokkaasti. T\u00e4m\u00e4 testilaite t\u00e4ytt\u00e4\u00e4 seuraavat vaatimukset<a href=\"https:\/\/www.qualitester.com\/fi\/tuote-osasto-2\/iso\/iso-7886-1\/\"> ISO 7886-1<\/a> ja se on varustettu edistyksellisill\u00e4 ominaisuuksilla, kuten:<\/p>\n<ul data-start=\"5333\" data-end=\"5767\">\n<li class=\"\" data-start=\"5333\" data-end=\"5435\">\n<p class=\"\" data-start=\"5335\" data-end=\"5435\"><strong data-start=\"5335\" data-end=\"5375\">PLC-ohjaus ja 7-tuumainen HMI-kosketusn\u00e4ytt\u00f6<\/strong>: Helppok\u00e4ytt\u00f6isyys ja testausprosessin tarkka valvonta.<\/p>\n<\/li>\n<li class=\"\" data-start=\"5436\" data-end=\"5517\">\n<p class=\"\" data-start=\"5438\" data-end=\"5517\"><strong data-start=\"5438\" data-end=\"5463\">S\u00e4\u00e4dett\u00e4v\u00e4 testinopeus<\/strong>: Mahdollistaa joustavuuden eri ruiskutyyppien testaamisessa.<\/p>\n<\/li>\n<li class=\"\" data-start=\"5518\" data-end=\"5640\">\n<p class=\"\" data-start=\"5520\" data-end=\"5640\"><strong data-start=\"5520\" data-end=\"5537\">Korkea tarkkuus<\/strong>: Jopa 200N: n kuormituskennolla ja 0,01 mm: n tarkkuudella testerimme takaa eritt\u00e4in luotettavat tulokset.<\/p>\n<\/li>\n<li class=\"\" data-start=\"5641\" data-end=\"5767\">\n<p class=\"\" data-start=\"5643\" data-end=\"5767\"><strong data-start=\"5643\" data-end=\"5664\">Useita valaisimia<\/strong>: Soveltuu eri ruiskukokoihin ja -tyyppeihin, mik\u00e4 tekee siit\u00e4 monipuolisen erilaisiin testausvaatimuksiin.<\/p>\n<\/li>\n<\/ul>\n<p class=\"\" data-start=\"5769\" data-end=\"5933\">K\u00e4ytt\u00e4m\u00e4ll\u00e4 <strong data-start=\"5778\" data-end=\"5830\">Cell Instrumentsin ruiskujen vuototestauslaitteet<\/strong>, voit varmistaa, ett\u00e4 ruiskusi t\u00e4ytt\u00e4v\u00e4t korkeimmat laatuvaatimukset ja l\u00e4p\u00e4isev\u00e4t kriittiset vuototestit.<\/p>\n<h3 class=\"\" data-start=\"828\" data-end=\"880\"><strong data-start=\"832\" data-end=\"880\">Ruiskun nestevuodon testauksen ymm\u00e4rt\u00e4minen<\/strong><\/h3>\n<p class=\"\" data-start=\"882\" data-end=\"1282\">Ruiskujen nestevuototesterit on suunniteltu ruiskujen eheyden tarkistamiseen simuloimalla olosuhteita, joihin ne joutuvat k\u00e4yt\u00f6n aikana. N\u00e4iden testien ensisijaisena tarkoituksena on varmistaa, ett\u00e4 ruiskut eiv\u00e4t vuoda paineen alaisena, mik\u00e4 voisi vaarantaa niiden suorituskyvyn ja potilasturvallisuuden. Vuodon testauksessa ruiskuun kohdistetaan painetta ja tarkistetaan, ettei ruiskun tulpan tiivisteen ohi ole vuotoja.<\/p>\n<p class=\"\" data-start=\"1284\" data-end=\"1701\">The <strong data-start=\"1288\" data-end=\"1310\">ISO 7886-1 -testaus<\/strong> standardi on valmistajille ratkaisevan t\u00e4rke\u00e4 ruiskujen vuotojen arvioinnissa. Siin\u00e4 esitet\u00e4\u00e4n asianmukaiset menettelyt ruiskujen testaamiseksi, jotta voidaan havaita valmistusvirheist\u00e4, vaurioista tai ep\u00e4asianmukaisesta sulkemisesta johtuvat mahdolliset vuodot. . <strong data-start=\"1559\" data-end=\"1573\">ISO 7886-1<\/strong> standardissa m\u00e4\u00e4ritell\u00e4\u00e4n menetelm\u00e4t, joilla testataan ruiskun kyky\u00e4 yll\u00e4pit\u00e4\u00e4 painetta ja varmistaa, ettei nestett\u00e4 p\u00e4\u00e4se ulos k\u00e4yt\u00f6n aikana.<\/p>\n<h3 class=\"\" data-start=\"1703\" data-end=\"1767\"><strong data-start=\"1707\" data-end=\"1767\">Ruiskun vuototestausmenetelm\u00e4: Vaiheittainen prosessi<\/strong><\/h3>\n<p class=\"\" data-start=\"1769\" data-end=\"1947\">Prosessi <strong data-start=\"1785\" data-end=\"1809\">ruiskun vuototestaus<\/strong> on suhteellisen suoraviivaista, mutta vaatii tarkkoja laitteita tarkkojen tulosten takaamiseksi. Seuraavassa on yleiskatsaus t\u00e4rkeimpiin vaiheisiin:<\/p>\n<ol data-start=\"1949\" data-end=\"3006\">\n<li class=\"\" data-start=\"1949\" data-end=\"2136\">\n<p class=\"\" data-start=\"1952\" data-end=\"2136\"><strong data-start=\"1952\" data-end=\"1975\">Ruiskun t\u00e4ytt\u00e4minen<\/strong>: Ruisku t\u00e4ytet\u00e4\u00e4n tislatulla vedell\u00e4 sen nimelliskapasiteettiin asti. Veden l\u00e4mp\u00f6tilan on oltava 18-28 \u00b0C, jotta v\u00e4ltyt\u00e4\u00e4n testien poikkeavilta tuloksilta.<\/p>\n<\/li>\n<li class=\"\" data-start=\"2138\" data-end=\"2275\">\n<p class=\"\" data-start=\"2141\" data-end=\"2275\"><strong data-start=\"2141\" data-end=\"2163\">Suuttimen tiivist\u00e4minen<\/strong>: Kun ruiskun suutin on t\u00e4ytetty, se suljetaan sopivalla laitteella, jotta ilma ei p\u00e4\u00e4se ulos testin aikana.<\/p>\n<\/li>\n<li class=\"\" data-start=\"2277\" data-end=\"2545\">\n<p class=\"\" data-start=\"2280\" data-end=\"2545\"><strong data-start=\"2280\" data-end=\"2307\">Sivuttaissuuntaisen voiman k\u00e4ytt\u00f6<\/strong>: Ruiskun m\u00e4nt\u00e4\u00e4n kohdistetaan sivusuuntainen voima, joka on suorassa kulmassa m\u00e4nn\u00e4n liikkeeseen n\u00e4hden. T\u00e4m\u00e4 voima kohdistetaan siten, ett\u00e4 m\u00e4nt\u00e4 heilahtaa radiaalisesti m\u00e4nn\u00e4n tiivisteen ymp\u00e4rill\u00e4, mik\u00e4 luo olosuhteet, jotka simuloivat todellista k\u00e4ytt\u00f6\u00e4.<\/p>\n<\/li>\n<li class=\"\" data-start=\"2547\" data-end=\"2782\">\n<p class=\"\" data-start=\"2550\" data-end=\"2782\"><strong data-start=\"2550\" data-end=\"2573\">Paineen tuottaminen<\/strong>: Ruiskuun kohdistetaan painetta, joka on tyypillisesti 200 kPa:n ja 300 kPa:n v\u00e4lill\u00e4, jotta voidaan testata ruiskun vuotokest\u00e4vyys. Ruiskun on kestett\u00e4v\u00e4 paine ilman, ett\u00e4 nestett\u00e4 p\u00e4\u00e4see vuotamaan tulpan tiivisteen ohi.<\/p>\n<\/li>\n<li class=\"\" data-start=\"2784\" data-end=\"3006\">\n<p class=\"\" data-start=\"2787\" data-end=\"3006\"><strong data-start=\"2787\" data-end=\"2813\">Vuodon tarkastaminen<\/strong>: Kun painetta on pidetty yll\u00e4 30-35 sekuntia, ruisku tutkitaan huolellisesti mahdollisten vuotojen varalta. Jos havaitaan, ett\u00e4 vett\u00e4 vuotaa tulpan ohi, ruisku ei l\u00e4p\u00e4ise testi\u00e4.<\/p>\n<\/li>\n<\/ol>\n<p class=\"\" data-start=\"3008\" data-end=\"3185\">T\u00e4ll\u00e4 testausmenetelm\u00e4ll\u00e4 varmistetaan, ett\u00e4 valmistetut ruiskut t\u00e4ytt\u00e4v\u00e4t tarvittavat turvallisuusstandardit ja ovat luotettavia l\u00e4\u00e4ketieteellisiss\u00e4 toimenpiteiss\u00e4, joissa vuoto voi aiheuttaa vakavia ongelmia.<\/p>\n<h3 class=\"\" data-start=\"3187\" data-end=\"3233\"><strong data-start=\"3191\" data-end=\"3233\">Asiaankuuluvat standardit: ISO 7886-1 Testaus<\/strong><\/h3>\n<p class=\"\" data-start=\"3235\" data-end=\"3664\">ISO 7886-1 -standardi m\u00e4\u00e4rittelee vaatimukset manuaaliseen k\u00e4ytt\u00f6\u00f6n tarkoitetuille steriileille injektioruiskuille. T\u00e4m\u00e4 standardi sis\u00e4lt\u00e4\u00e4 yksityiskohtaisen menettelyn ruiskun suorituskyvyn testaamiseksi eri olosuhteissa, mukaan lukien nestevuodon testaus ruiskun m\u00e4nn\u00e4n tulpasta puristettaessa. Noudattamalla n\u00e4it\u00e4 standardeja valmistajat voivat varmistaa, ett\u00e4 heid\u00e4n tuotteensa t\u00e4ytt\u00e4v\u00e4t maailmanlaajuiset turvallisuusvaatimukset ja soveltuvat l\u00e4\u00e4ketieteelliseen k\u00e4ytt\u00f6\u00f6n.<\/p>\n<p class=\"\" data-start=\"3666\" data-end=\"3704\"><strong data-start=\"3666\" data-end=\"3703\">ISO 7886-1 -testauksen keskeiset n\u00e4k\u00f6kohdat<\/strong>:<\/p>\n<ul data-start=\"3705\" data-end=\"4076\">\n<li class=\"\" data-start=\"3705\" data-end=\"3830\">\n<p class=\"\" data-start=\"3707\" data-end=\"3830\"><strong data-start=\"3707\" data-end=\"3727\">Testiymp\u00e4rist\u00f6<\/strong>: Testi on suoritettava valvotuissa olosuhteissa, ja ruisku on t\u00e4ytett\u00e4v\u00e4 tislatulla vedell\u00e4.<\/p>\n<\/li>\n<li class=\"\" data-start=\"3831\" data-end=\"3948\">\n<p class=\"\" data-start=\"3833\" data-end=\"3948\"><strong data-start=\"3833\" data-end=\"3854\">Vuodon havaitseminen<\/strong>: Mik\u00e4 tahansa vuoto m\u00e4nn\u00e4n tulpan ohi m\u00e4\u00e4r\u00e4tyiss\u00e4 testiolosuhteissa johtaa vikaantumiseen.<\/p>\n<\/li>\n<li class=\"\" data-start=\"3949\" data-end=\"4076\">\n<p class=\"\" data-start=\"3951\" data-end=\"4076\"><strong data-start=\"3951\" data-end=\"3964\">Raportointi<\/strong>: Testitulosten on sis\u00e4llett\u00e4v\u00e4 yksityiskohtaiset tiedot, kuten ruiskun tunnistetiedot, nimelliskapasiteetti ja vuodon esiintyminen.<\/p>\n<\/li>\n<\/ul>\n<p class=\"\" data-start=\"4078\" data-end=\"4249\">ISO 7886-1 -standardi auttaa luomaan yhten\u00e4isyytt\u00e4 ja johdonmukaisuutta ruiskujen valmistukseen, mik\u00e4 on ratkaisevan t\u00e4rke\u00e4\u00e4 sek\u00e4 valmistajille ett\u00e4 loppuk\u00e4ytt\u00e4jille l\u00e4\u00e4ketieteen alalla.<\/p>\n<h3 class=\"\" data-start=\"4251\" data-end=\"4308\"><strong data-start=\"4255\" data-end=\"4308\">Ruiskun nestevuototesterin k\u00e4yt\u00f6n edut<\/strong><\/h3>\n<p class=\"\" data-start=\"4310\" data-end=\"4374\">Ruiskun nestevuototesterin k\u00e4ytt\u00f6 tarjoaa useita etuja:<\/p>\n<ul data-start=\"4376\" data-end=\"4970\">\n<li class=\"\" data-start=\"4376\" data-end=\"4592\">\n<p class=\"\" data-start=\"4378\" data-end=\"4592\"><strong data-start=\"4378\" data-end=\"4404\">Varmistaa potilasturvallisuuden<\/strong>: Havaitsemalla mahdolliset vuodot valmistajat voivat taata, ett\u00e4 heid\u00e4n ruiskunsa toimivat tarkoitetulla tavalla l\u00e4\u00e4ketieteellisten toimenpiteiden aikana, mik\u00e4 est\u00e4\u00e4 onnettomuudet ja varmistaa potilasturvallisuuden.<\/p>\n<\/li>\n<li class=\"\" data-start=\"4593\" data-end=\"4805\">\n<p class=\"\" data-start=\"4595\" data-end=\"4805\"><strong data-start=\"4595\" data-end=\"4633\">Alan standardien noudattaminen<\/strong>: ISO 7886-1 -standardin noudattaminen varmistaa, ett\u00e4 ruiskut t\u00e4ytt\u00e4v\u00e4t kansainv\u00e4liset turvallisuus- ja laatustandardit, mik\u00e4 on t\u00e4rke\u00e4\u00e4 viranomaishyv\u00e4ksynn\u00e4n ja markkinahyv\u00e4ksynn\u00e4n kannalta.<\/p>\n<\/li>\n<li class=\"\" data-start=\"4806\" data-end=\"4970\">\n<p class=\"\" data-start=\"4808\" data-end=\"4970\"><strong data-start=\"4808\" data-end=\"4841\">Kalliiden ep\u00e4onnistumisten ehk\u00e4iseminen<\/strong>: Ruiskujen testaaminen vuotojen varalta ennen niiden markkinoille tuloa auttaa v\u00e4ltt\u00e4m\u00e4\u00e4n kalliit takaisinkutsut ja valmistajan maineen vahingoittumisen.<\/p>\n<\/li>\n<\/ul>\n<p class=\"\" data-start=\"5955\" data-end=\"6512\">Ruiskujen nestevuototestaus on olennainen osa sen varmistamista, ett\u00e4 l\u00e4\u00e4ketieteelliset ruiskut toimivat turvallisesti ja luotettavasti. Kehittyneiden testauslaitteiden, kuten <strong data-start=\"6114\" data-end=\"6168\">SPPT-01 Ruiskun nestevuototesteri<\/strong>\u00a0osoitteesta <strong data-start=\"6174\" data-end=\"6194\">Cell Instruments<\/strong> auttaa valmistajia t\u00e4ytt\u00e4m\u00e4\u00e4n sellaisten standardien vaativat vaatimukset, kuten <a href=\"https:\/\/www.iso.org\/standard\/64790.html\" target=\"_blank\" rel=\"noopener nofollow\"><strong data-start=\"6268\" data-end=\"6282\">ISO 7886-1<\/strong><\/a>, varmistaen, ett\u00e4 ruiskut soveltuvat k\u00e4ytett\u00e4viksi l\u00e4\u00e4ketieteellisiss\u00e4 toimenpiteiss\u00e4. Investoimalla laadun testauslaitteisiin valmistajat voivat parantaa tuotteiden laatua, parantaa potilasturvallisuutta ja pysy\u00e4 kansainv\u00e4listen standardien mukaisina.<\/p>","protected":false},"excerpt":{"rendered":"<p>Ruiskujen nestevuototesterit ovat t\u00e4rkeit\u00e4 v\u00e4lineit\u00e4 l\u00e4\u00e4ketieteellisiss\u00e4 sovelluksissa k\u00e4ytett\u00e4vien ruiskujen turvallisuuden ja luotettavuuden varmistamisessa. N\u00e4m\u00e4 laitteet auttavat valmistajia havaitsemaan mahdolliset vuodot paineen alaisista ruiskuista ja varmistavat, ett\u00e4 ruiskut t\u00e4ytt\u00e4v\u00e4t tiukat toiminnallisuutta ja turvallisuutta koskevat vaatimukset erityisesti terveydenhuolto- ja l\u00e4\u00e4keteollisuudessa.<\/p>","protected":false},"featured_media":6634,"comment_status":"closed","ping_status":"closed","template":"","meta":{"site-sidebar-layout":"default","site-content-layout":"default","ast-global-header-display":"","ast-main-header-display":"","ast-hfb-above-header-display":"","ast-hfb-below-header-display":"","ast-hfb-mobile-header-display":"","site-post-title":"","ast-breadcrumbs-content":"","ast-featured-img":"","footer-sml-layout":"","theme-transparent-header-meta":"default","adv-header-id-meta":"","stick-header-meta":"","header-above-stick-meta":"","header-main-stick-meta":"","header-below-stick-meta":""},"product_cat":[1053,845,675,95],"product_tag":[],"class_list":{"0":"post-6632","1":"product","2":"type-product","3":"status-publish","4":"has-post-thumbnail","6":"product_cat-iso-7886-1","7":"product_cat-customization","8":"product_cat-leak-tester","9":"product_cat-products","10":"desktop-align-left","11":"tablet-align-left","12":"mobile-align-left","14":"first","15":"instock","16":"shipping-taxable","17":"product-type-simple"},"_links":{"self":[{"href":"https:\/\/www.qualitester.com\/fi\/wp-json\/wp\/v2\/product\/6632","targetHints":{"allow":["GET"]}}],"collection":[{"href":"https:\/\/www.qualitester.com\/fi\/wp-json\/wp\/v2\/product"}],"about":[{"href":"https:\/\/www.qualitester.com\/fi\/wp-json\/wp\/v2\/types\/product"}],"replies":[{"embeddable":true,"href":"https:\/\/www.qualitester.com\/fi\/wp-json\/wp\/v2\/comments?post=6632"}],"version-history":[{"count":0,"href":"https:\/\/www.qualitester.com\/fi\/wp-json\/wp\/v2\/product\/6632\/revisions"}],"wp:featuredmedia":[{"embeddable":true,"href":"https:\/\/www.qualitester.com\/fi\/wp-json\/wp\/v2\/media\/6634"}],"wp:attachment":[{"href":"https:\/\/www.qualitester.com\/fi\/wp-json\/wp\/v2\/media?parent=6632"}],"wp:term":[{"taxonomy":"product_cat","embeddable":true,"href":"https:\/\/www.qualitester.com\/fi\/wp-json\/wp\/v2\/product_cat?post=6632"},{"taxonomy":"product_tag","embeddable":true,"href":"https:\/\/www.qualitester.com\/fi\/wp-json\/wp\/v2\/product_tag?post=6632"}],"curies":[{"name":"wp","href":"https:\/\/api.w.org\/{rel}","templated":true}]}}