{"id":6624,"date":"2025-04-23T10:13:39","date_gmt":"2025-04-23T02:13:39","guid":{"rendered":"https:\/\/www.qualitester.com\/?post_type=product&#038;p=6624"},"modified":"2025-04-23T10:16:05","modified_gmt":"2025-04-23T02:16:05","slug":"syringe-air-leakage-tester-iso-7886-1","status":"publish","type":"product","link":"https:\/\/www.qualitester.com\/fi\/tuote\/syringe-air-leakage-tester-iso-7886-1\/","title":{"rendered":"SLT-02 Ruiskun ilmavuototesteri"},"content":{"rendered":"<p class=\"\" data-start=\"489\" data-end=\"995\">L\u00e4\u00e4ketieteellisten ruiskujen turvallisuuden ja suorituskyvyn varmistamiseksi tiukat testausmenetelm\u00e4t ovat ratkaisevan t\u00e4rkeit\u00e4. Niiden joukossa on <strong data-start=\"602\" data-end=\"632\">ruiskun ilmavuototesteri<\/strong> on elint\u00e4rke\u00e4 v\u00e4line, jolla on keskeinen rooli mahdollisten vuotojen ja m\u00e4nn\u00e4n irtoamisen tunnistamisessa imun aikana. Suunniteltu noudattamaan <em data-start=\"778\" data-end=\"790\">ISO 7886-1<\/em> ja erityisesti <em data-start=\"808\" data-end=\"817\">Liite B<\/em>, ... <strong data-start=\"823\" data-end=\"853\">SLT-02 ruiskun vuototesteri<\/strong> osoitteesta <strong data-start=\"859\" data-end=\"879\">Cell Instruments<\/strong> tuottaa eritt\u00e4in luotettavia tuloksia ammattilaisille, jotka ty\u00f6skentelev\u00e4t <strong data-start=\"943\" data-end=\"969\">ruiskun vuodon havaitseminen<\/strong> ja <strong data-start=\"974\" data-end=\"994\">ISO 7886 -testaus<\/strong>.<\/p>\n<h2 data-start=\"1002\" data-end=\"1065\">ISO 7886-1:n liitteen B ja ruiskuvuotojen havaitsemisen ymm\u00e4rt\u00e4minen<\/h2>\n<p class=\"\" data-start=\"1067\" data-end=\"1442\"><a href=\"https:\/\/www.qualitester.com\/fi\/tuote-osasto-2\/iso\/iso-7886-1\/\" target=\"_blank\" rel=\"noopener\"><strong><em data-start=\"1067\" data-end=\"1079\">ISO 7886-1<\/em><\/strong><\/a>, jonka nimi on \u201cSterile hypodermic syringes for single use - Part 1: Syringes for manual use\u201d, on maailmanlaajuinen standardi, jossa m\u00e4\u00e4ritell\u00e4\u00e4n l\u00e4\u00e4kinn\u00e4llisten ruiskujen suorituskyky- ja turvallisuusvaatimukset. T\u00e4ss\u00e4 standardissa, <strong data-start=\"1281\" data-end=\"1292\">Liite B<\/strong> kuvaa <strong data-start=\"1307\" data-end=\"1371\">testimenetelm\u00e4 ruiskun m\u00e4nn\u00e4n tulpan ohi tapahtuvan ilmavuodon m\u00e4\u00e4ritt\u00e4miseksi<\/strong> aspiraation aikana sek\u00e4 <strong data-start=\"1406\" data-end=\"1441\">m\u00e4nn\u00e4n irtoamisen havaitseminen<\/strong>.<\/p>\n<p class=\"\" data-start=\"1444\" data-end=\"1588\">T\u00e4m\u00e4 menetelm\u00e4 on ratkaisevan t\u00e4rke\u00e4, koska ilmavuoto ruiskussa voi vaarantaa steriiliyden, annostelutarkkuuden ja potilasturvallisuuden. Menetelm\u00e4\u00e4n kuuluu:<\/p>\n<ul data-start=\"1590\" data-end=\"1809\">\n<li class=\"\" data-start=\"1590\" data-end=\"1675\">\n<p class=\"\" data-start=\"1592\" data-end=\"1675\">Ruisku t\u00e4ytet\u00e4\u00e4n v\u00e4hint\u00e4\u00e4n 25% sen nimelliskapasiteetista vedell\u00e4 (18-28\u00b0C),<\/p>\n<\/li>\n<li class=\"\" data-start=\"1676\" data-end=\"1742\">\n<p class=\"\" data-start=\"1678\" data-end=\"1742\">Luominen <strong data-start=\"1689\" data-end=\"1718\">88 kPa:n tyhji\u00f6paine<\/strong> ymp\u00e4rist\u00f6n paineen alapuolella,<\/p>\n<\/li>\n<li class=\"\" data-start=\"1743\" data-end=\"1809\">\n<p class=\"\" data-start=\"1745\" data-end=\"1809\">Tarkkailevat ilmavuotoja tai <strong data-start=\"1778\" data-end=\"1808\">m\u00e4nn\u00e4n tulpan irtoaminen<\/strong>.<\/p>\n<\/li>\n<\/ul>\n<p class=\"\" data-start=\"1811\" data-end=\"1926\">SLT-02 on suunniteltu tarkasti toistamaan n\u00e4m\u00e4 olosuhteet hallitusti, automatisoidusti ja toistettavasti.<\/p>\n<h2 data-start=\"1933\" data-end=\"1985\">SLT-02 Ruiskun ilmavuototesteri<\/h2>\n<p class=\"\" data-start=\"1987\" data-end=\"2247\">The <strong data-start=\"1991\" data-end=\"2028\">SLT-02 Ruiskun ilmavuototesteri<\/strong> sis\u00e4lt\u00e4\u00e4 kehittyneen tyhji\u00f6nmuodostusj\u00e4rjestelm\u00e4n ja vakaan ohjausmekanismin, jonka avulla k\u00e4ytt\u00e4j\u00e4t voivat suorittaa ruiskun tiiviystestej\u00e4 tehokkaasti, tarkasti ja johdonmukaisesti. Seuraavassa kerrotaan, mik\u00e4 tekee siit\u00e4 erottuvan ratkaisun:<\/p>\n<h3 data-start=\"2249\" data-end=\"2266\">T\u00e4rkeimm\u00e4t ominaisuudet:<\/h3>\n<ol data-start=\"2267\" data-end=\"2625\">\n<li class=\"\" data-start=\"2267\" data-end=\"2319\">\n<p class=\"\" data-start=\"2269\" data-end=\"2319\"><strong data-start=\"2269\" data-end=\"2294\">Vakaa tyhji\u00f6n pito<\/strong> tarkkaa mittausta varten.<\/p>\n<\/li>\n<li class=\"\" data-start=\"2320\" data-end=\"2393\">\n<p class=\"\" data-start=\"2322\" data-end=\"2393\"><strong data-start=\"2322\" data-end=\"2349\">Venturiputki-tekniikka<\/strong> tehokkaan alipaineen tuottamiseksi.<\/p>\n<\/li>\n<li class=\"\" data-start=\"2394\" data-end=\"2464\">\n<p class=\"\" data-start=\"2396\" data-end=\"2464\"><strong data-start=\"2396\" data-end=\"2426\">S\u00e4\u00e4dett\u00e4v\u00e4 kiinnitysj\u00e4rjestelm\u00e4<\/strong> sopii erilaisiin ruiskutilavuuksiin.<\/p>\n<\/li>\n<li class=\"\" data-start=\"2465\" data-end=\"2548\">\n<p class=\"\" data-start=\"2467\" data-end=\"2548\"><strong data-start=\"2467\" data-end=\"2490\">Automaattinen toiminta<\/strong> testin aloittamisen j\u00e4lkeen - k\u00e4ytt\u00e4j\u00e4 tarvitsee vain v\u00e4h\u00e4n toimenpiteit\u00e4.<\/p>\n<\/li>\n<li class=\"\" data-start=\"2549\" data-end=\"2625\">\n<p class=\"\" data-start=\"2551\" data-end=\"2625\"><strong data-start=\"2551\" data-end=\"2575\">Kest\u00e4v\u00e4 rakenne<\/strong> takaa pitk\u00e4n k\u00e4ytt\u00f6i\u00e4n suuren m\u00e4\u00e4r\u00e4n QC-laboratorioissa.<\/p>\n<\/li>\n<\/ol>\n<h3 data-start=\"2627\" data-end=\"2656\">Tekniset tiedot:<\/h3>\n<table style=\"height: 167px;\" width=\"1088\">\n<tbody>\n<tr>\n<td style=\"text-align: center;\" width=\"83\"><strong data-start=\"2659\" data-end=\"2674\">Testialue<\/strong><\/td>\n<td style=\"text-align: center;\" width=\"91\">0~-90KPa<\/td>\n<\/tr>\n<tr>\n<td style=\"text-align: center;\" width=\"83\"><strong data-start=\"2691\" data-end=\"2714\">Tuloilman paine<\/strong><\/td>\n<td style=\"text-align: center;\" width=\"91\">0,6~0,7 Mpa<\/td>\n<\/tr>\n<tr>\n<td style=\"text-align: center;\" width=\"83\"><strong data-start=\"2760\" data-end=\"2778\">Testin kesto<\/strong><\/td>\n<td style=\"text-align: center;\" width=\"91\">Jopa 9999 tuntia (ohjelmoitavissa)<\/td>\n<\/tr>\n<tr>\n<td style=\"text-align: center;\" width=\"83\"><strong data-start=\"2733\" data-end=\"2750\">Virtal\u00e4hde<\/strong><\/td>\n<td style=\"text-align: center;\" width=\"91\">220V<\/td>\n<\/tr>\n<\/tbody>\n<\/table>\n<p class=\"\" data-start=\"2812\" data-end=\"3018\">Testeri sis\u00e4lt\u00e4\u00e4 vuototesterin ohjausyksik\u00f6n, ruiskutelineen, liit\u00e4nt\u00e4letkut ja tarvittavat lis\u00e4varusteet, jotka on rakennettu t\u00e4ytt\u00e4m\u00e4\u00e4n tiukat vaatimustenmukaisuusvaatimukset. <strong data-start=\"2978\" data-end=\"2990\">GB 15810<\/strong> ja <strong data-start=\"2995\" data-end=\"3017\">ISO 7886-1 Liite B<\/strong>.<\/p>\n<h2 data-start=\"3025\" data-end=\"3087\">Sovellukset l\u00e4\u00e4ketieteen ja l\u00e4\u00e4keteollisuuden laadunvalvonnassa<\/h2>\n<p class=\"\" data-start=\"3089\" data-end=\"3176\">The <strong data-start=\"3093\" data-end=\"3123\">ruiskun ilmavuototesteri<\/strong> on v\u00e4ltt\u00e4m\u00e4t\u00f6n useilla aloilla, kuten:<\/p>\n<ul data-start=\"3178\" data-end=\"3478\">\n<li class=\"\" data-start=\"3178\" data-end=\"3261\">\n<p class=\"\" data-start=\"3180\" data-end=\"3261\"><strong data-start=\"3180\" data-end=\"3212\">L\u00e4\u00e4kinn\u00e4llisten laitteiden valmistus<\/strong>, varmistaen s\u00e4\u00e4ntelystandardien noudattamisen,<\/p>\n<\/li>\n<li class=\"\" data-start=\"3262\" data-end=\"3329\">\n<p class=\"\" data-start=\"3264\" data-end=\"3329\"><strong data-start=\"3264\" data-end=\"3297\">Farmaseuttiset pakkauslaboratoriot<\/strong>, steriilien tuotteiden varmistamiseksi,<\/p>\n<\/li>\n<li class=\"\" data-start=\"3330\" data-end=\"3407\">\n<p class=\"\" data-start=\"3332\" data-end=\"3407\"><strong data-start=\"3332\" data-end=\"3364\">Kolmannen osapuolen testauslaitokset<\/strong>, tuotteiden turvallisuuden ja johdonmukaisuuden varmistaminen,<\/p>\n<\/li>\n<li class=\"\" data-start=\"3408\" data-end=\"3478\">\n<p class=\"\" data-start=\"3410\" data-end=\"3478\"><strong data-start=\"3410\" data-end=\"3422\">T&amp;K-laboratoriot<\/strong>, ruiskujen prototyyppimallien tai materiaalien arviointia varten.<\/p>\n<\/li>\n<\/ul>\n<p class=\"\" data-start=\"3480\" data-end=\"3711\">Laadunvarmistukseen ja laadunvarmistukseen osallistuvat ammattilaiset <strong data-start=\"3528\" data-end=\"3554\">ruiskun vuodon havaitseminen<\/strong> tukeutuvat SLT-02:n kaltaisiin ty\u00f6kaluihin paitsi vaatimustenmukaisuusvaatimusten t\u00e4ytt\u00e4miseksi my\u00f6s uskottavuuden lis\u00e4\u00e4miseksi ja tuotevirheriskien v\u00e4hent\u00e4miseksi markkinoilla.<\/p>\n<h2 data-start=\"3718\" data-end=\"3778\">Miksi valita Cell Instrumentsin SLT-02 ISO 7886 -testaukseen?<\/h2>\n<p class=\"\" data-start=\"3780\" data-end=\"3941\">Materiaalien ja pakkausten testausratkaisujen johtavana toimittajana, <strong data-start=\"3838\" data-end=\"3868\">Cell Instruments Co., Ltd.<\/strong> tarjoaa vankan laitteiston lis\u00e4ksi my\u00f6s poikkeuksellista palvelua, kuten:<\/p>\n<ul data-start=\"3943\" data-end=\"4174\">\n<li class=\"\" data-start=\"3943\" data-end=\"4013\">\n<p class=\"\" data-start=\"3945\" data-end=\"4013\">Mukautettavat kiinnikkeet <strong data-start=\"3971\" data-end=\"4012\">erityiset ruiskukokoiset tai -vaatimukset<\/strong>,<\/p>\n<\/li>\n<li class=\"\" data-start=\"4014\" data-end=\"4076\">\n<p class=\"\" data-start=\"4016\" data-end=\"4076\"><strong data-start=\"4016\" data-end=\"4045\">Automaation muutos<\/strong> tuotantolinjojen palvelut,<\/p>\n<\/li>\n<li class=\"\" data-start=\"4077\" data-end=\"4174\">\n<p class=\"\" data-start=\"4079\" data-end=\"4174\">Tekninen tuki, joka perustuu syv\u00e4lliseen tiet\u00e4mykseen <strong data-start=\"4125\" data-end=\"4139\">ISO 7886-1<\/strong> ja muut kansainv\u00e4liset standardit.<\/p>\n<\/li>\n<\/ul>\n<p class=\"\" data-start=\"4176\" data-end=\"4300\">Sitoutumisemme laatuun, tarkkuuteen ja asiakastyytyv\u00e4isyyteen takaa, ett\u00e4 ruiskutestaus t\u00e4ytt\u00e4\u00e4 korkeimmat odotukset.<\/p>\n<p class=\"\" data-start=\"4323\" data-end=\"4624\">The <strong data-start=\"4327\" data-end=\"4364\">SLT-02 ruiskun ilmavuototesteri<\/strong> on enemm\u00e4n kuin laite - se on kokonaisvaltainen ratkaisu, joka on r\u00e4\u00e4t\u00e4l\u00f6ity l\u00e4\u00e4ketieteellisen luokan tarkkuutta ja luotettavuutta varten. T\u00e4ysin yhteensopiva <strong data-start=\"4494\" data-end=\"4516\">ISO 7886-1 Liite B<\/strong>, se tukee ammattilaisia suorittamaan tehokkaita, j\u00e4ljitett\u00e4vi\u00e4 ja standardoituja <strong data-start=\"4597\" data-end=\"4623\">ruiskun vuodon havaitseminen<\/strong>.<\/p>\n<p class=\"\" data-start=\"4626\" data-end=\"4734\">Varusta laboratoriosi SLT-02:lla, jonka valmistaja on <strong data-start=\"4662\" data-end=\"4682\">Cell Instruments<\/strong>-koska ruiskujen turvallisuudesta ei pit\u00e4isi koskaan tinki\u00e4.<\/p>\n<p class=\"\" data-start=\"4741\" data-end=\"4749\"><strong data-start=\"4741\" data-end=\"4749\">UKK<\/strong><\/p>\n<p class=\"\" data-start=\"4751\" data-end=\"4949\"><strong data-start=\"4751\" data-end=\"4812\">1. Mik\u00e4 on ruiskun ilmavuototesterin tarkoitus?<\/strong><br data-start=\"4812\" data-end=\"4815\" \/>Sit\u00e4 k\u00e4ytet\u00e4\u00e4n havaitsemaan ilmavuotoa ruiskun m\u00e4nn\u00e4n tulpan ohi ja tarkistamaan, irtoavatko m\u00e4nn\u00e4n tulpat aspiraation aikana.<\/p>\n<p class=\"\" data-start=\"4951\" data-end=\"5145\"><strong data-start=\"4951\" data-end=\"5015\">2. Mik\u00e4 standardi koskee ruiskujen ilmavuototesti\u00e4?<\/strong><br data-start=\"5015\" data-end=\"5018\" \/>Testi on m\u00e4\u00e4ritelty <strong data-start=\"5041\" data-end=\"5063\">ISO 7886-1 Liite B<\/strong>, jossa esitet\u00e4\u00e4n yksityiskohtainen menetelm\u00e4 ilmavuotojen ja m\u00e4nn\u00e4n irtoamisen testausta varten.<\/p>\n<p class=\"\" data-start=\"5147\" data-end=\"5321\"><strong data-start=\"5147\" data-end=\"5207\">3. Mink\u00e4 tyyppisi\u00e4 ruiskuja voidaan testata SLT-02-laitteella?<\/strong><br data-start=\"5207\" data-end=\"5210\" \/>SLT-02 tukee monenlaisia ruiskun kokoja ja tyyppej\u00e4, jotka on suunniteltu k\u00e4sik\u00e4ytt\u00f6\u00f6n, kuten on esitetty kohdassa <a href=\"https:\/\/www.iso.org\/standard\/64790.html\" target=\"_blank\" rel=\"noopener nofollow\">ISO 7886-1<\/a>.<\/p>\n<p class=\"\" data-start=\"5323\" data-end=\"5476\"><strong data-start=\"5323\" data-end=\"5375\">4. Miten SLT-02 tuottaa tyhji\u00f6paineen?<\/strong><br data-start=\"5375\" data-end=\"5378\" \/>Se k\u00e4ytt\u00e4\u00e4 paineilmaa ja venturiputkitekniikkaa jopa -90 kPa:n hallitun tyhji\u00f6n aikaansaamiseksi.<\/p>\n<p class=\"\" data-start=\"5478\" data-end=\"5692\"><strong data-start=\"5478\" data-end=\"5549\">5. Voidaanko testeri r\u00e4\u00e4t\u00e4l\u00f6id\u00e4 erityisi\u00e4 ruiskukokoonpanoja varten?<\/strong><br data-start=\"5549\" data-end=\"5552\" \/>Kyll\u00e4, Cell Instruments on erikoistunut <strong data-start=\"5589\" data-end=\"5617\">r\u00e4\u00e4t\u00e4l\u00f6idyt testausratkaisut<\/strong> ja voi r\u00e4\u00e4t\u00e4l\u00f6id\u00e4 laitteen ainutlaatuisia ruiskumalleja tai testausvaatimuksia varten.<\/p>","protected":false},"excerpt":{"rendered":"<p>The <strong data-start=\"1991\" data-end=\"2028\">SLT-02 Ruiskun ilmavuototesteri<\/strong> sis\u00e4lt\u00e4\u00e4 kehittyneen tyhji\u00f6nmuodostusj\u00e4rjestelm\u00e4n ja vakaan ohjausmekanismin, jonka avulla k\u00e4ytt\u00e4j\u00e4t voivat suorittaa ruiskun tiiviystestej\u00e4 tehokkaasti, tarkasti ja johdonmukaisesti.<\/p>","protected":false},"featured_media":6628,"comment_status":"closed","ping_status":"closed","template":"","meta":{"site-sidebar-layout":"default","site-content-layout":"default","ast-global-header-display":"","ast-main-header-display":"","ast-hfb-above-header-display":"","ast-hfb-below-header-display":"","ast-hfb-mobile-header-display":"","site-post-title":"","ast-breadcrumbs-content":"","ast-featured-img":"","footer-sml-layout":"","theme-transparent-header-meta":"default","adv-header-id-meta":"","stick-header-meta":"","header-above-stick-meta":"","header-main-stick-meta":"","header-below-stick-meta":""},"product_cat":[845,1053,675,149,95],"product_tag":[],"class_list":{"0":"post-6624","1":"product","2":"type-product","3":"status-publish","4":"has-post-thumbnail","6":"product_cat-customization","7":"product_cat-iso-7886-1","8":"product_cat-leak-tester","9":"product_cat-pharma-and-medical-testers","10":"product_cat-products","11":"desktop-align-left","12":"tablet-align-left","13":"mobile-align-left","15":"first","16":"instock","17":"shipping-taxable","18":"product-type-simple"},"_links":{"self":[{"href":"https:\/\/www.qualitester.com\/fi\/wp-json\/wp\/v2\/product\/6624","targetHints":{"allow":["GET"]}}],"collection":[{"href":"https:\/\/www.qualitester.com\/fi\/wp-json\/wp\/v2\/product"}],"about":[{"href":"https:\/\/www.qualitester.com\/fi\/wp-json\/wp\/v2\/types\/product"}],"replies":[{"embeddable":true,"href":"https:\/\/www.qualitester.com\/fi\/wp-json\/wp\/v2\/comments?post=6624"}],"version-history":[{"count":0,"href":"https:\/\/www.qualitester.com\/fi\/wp-json\/wp\/v2\/product\/6624\/revisions"}],"wp:featuredmedia":[{"embeddable":true,"href":"https:\/\/www.qualitester.com\/fi\/wp-json\/wp\/v2\/media\/6628"}],"wp:attachment":[{"href":"https:\/\/www.qualitester.com\/fi\/wp-json\/wp\/v2\/media?parent=6624"}],"wp:term":[{"taxonomy":"product_cat","embeddable":true,"href":"https:\/\/www.qualitester.com\/fi\/wp-json\/wp\/v2\/product_cat?post=6624"},{"taxonomy":"product_tag","embeddable":true,"href":"https:\/\/www.qualitester.com\/fi\/wp-json\/wp\/v2\/product_tag?post=6624"}],"curies":[{"name":"wp","href":"https:\/\/api.w.org\/{rel}","templated":true}]}}