{"id":5394,"date":"2024-11-18T10:48:02","date_gmt":"2024-11-18T02:48:02","guid":{"rendered":"https:\/\/www.qualitester.com\/?post_type=product&#038;p=5394"},"modified":"2024-11-18T10:48:04","modified_gmt":"2024-11-18T02:48:04","slug":"sale-rolling-ball-tack-tester","status":"publish","type":"product","link":"https:\/\/www.qualitester.com\/fi\/tuote\/sale-rolling-ball-tack-tester\/","title":{"rendered":"BTT Rolling Ball Tack Tester"},"content":{"rendered":"<h2><strong>Johdanto Rolling Ball Tack Testeriin<\/strong><\/h2>\n<p>The <strong>Rolling Ball Tack Tester<\/strong> on olennainen v\u00e4line painekyll\u00e4stettyjen liimojen (PSA-liimojen) tarttuvuuden arvioinnissa. Se mittaa liiman kyky\u00e4 kiinnitty\u00e4 nopeasti pintaan k\u00e4ytt\u00e4m\u00e4ll\u00e4 suoraviivaista ja toistettavaa testimenetelm\u00e4\u00e4. T\u00e4t\u00e4 testilaitetta k\u00e4ytet\u00e4\u00e4n laajalti esimerkiksi pakkausteollisuudessa, l\u00e4\u00e4kinn\u00e4llisiss\u00e4 laitteissa, elektroniikassa ja liimojen valmistuksessa, joissa liimojen tasainen suorituskyky on kriittinen. Laadunvalvontaan suunniteltu rullaava pallon tarttuvuustestaus takaa er\u00e4kohtaisten vaihteluiden tarkan havaitsemisen, mik\u00e4 tekee siit\u00e4 v\u00e4ltt\u00e4m\u00e4tt\u00f6m\u00e4n korkeiden tuotestandardien yll\u00e4pit\u00e4misess\u00e4.<\/p>\n<h2><strong>Rolling Ball Tack Testerin t\u00e4rkeimm\u00e4t ominaisuudet<\/strong><\/h2>\n<ul>\n<li><strong>Tarkat ja toistettavat tulokset:<\/strong> Suunniteltu laboratoriok\u00e4ytt\u00f6\u00f6n, joka mahdollistaa liimavaihteluiden luotettavan havaitsemisen.<\/li>\n<li><strong>Kaksi kest\u00e4v\u00e4\u00e4 mallia:<\/strong>\n<ul>\n<li><strong>BTT-01 Kova tyyppi:<\/strong> Siin\u00e4 on kalteva kaukalo ja vapautusvipu, jonka avulla 7\/16 tuuman (11,1 mm) ter\u00e4spallo voi vieri\u00e4 liiman yli.<\/li>\n<li><strong>BTT-02 Kalteva tyyppi:<\/strong> Mukana on s\u00e4\u00e4dett\u00e4v\u00e4t kaltevat levyt (20\u00b0, 30\u00b0 tai 40\u00b0), jotka mahdollistavat joustavat testausj\u00e4rjestelyt ja paremman monipuolisuuden.<\/li>\n<\/ul>\n<\/li>\n<li><strong>Helppok\u00e4ytt\u00f6isyys:<\/strong> K\u00e4ytt\u00f6 vaatii vain v\u00e4h\u00e4n koulutusta, joten se on ihanteellinen nopeaan ja kustannustehokkaaseen laadunvalvontaan.<\/li>\n<\/ul>\n<h3>P\u00e4\u00e4parametri<\/h3>\n<h4>BTT-01<\/h4>\n<table>\n<tbody>\n<tr>\n<td width=\"167\">Kaukalon pituus<\/td>\n<td width=\"167\">6,5 tuumaa<\/td>\n<\/tr>\n<tr>\n<td width=\"167\">Kaltevuuskulma<\/td>\n<td width=\"167\">21.3\u00b0<\/td>\n<\/tr>\n<tr>\n<td width=\"167\">Vieriv\u00e4 pallo<\/td>\n<td width=\"167\">7\/16 tuumaa (nro 14)<\/td>\n<\/tr>\n<tr>\n<td width=\"167\">Mitta<\/td>\n<td width=\"167\">210*50*80mm LWH<\/td>\n<\/tr>\n<tr>\n<td width=\"167\">Paino<\/td>\n<td width=\"167\">0.5kg<\/td>\n<\/tr>\n<\/tbody>\n<\/table>\n<h4>BTT-02<\/h4>\n<table>\n<tbody>\n<tr>\n<td width=\"167\">Kalteva kulma<\/td>\n<td width=\"167\">0~60\u00b0<\/td>\n<\/tr>\n<tr>\n<td width=\"167\">Testialueen leveys<\/td>\n<td width=\"167\">120mm<\/td>\n<\/tr>\n<tr>\n<td width=\"167\">Vieriv\u00e4 pallo<\/td>\n<td width=\"167\">1\/32~1 tuuma<\/td>\n<\/tr>\n<tr>\n<td width=\"167\">Mitta<\/td>\n<td width=\"167\">320*140*180mm LWH (leveyssuunnassa)<\/td>\n<\/tr>\n<tr>\n<td width=\"167\">Paino<\/td>\n<td width=\"167\">6kg<\/td>\n<\/tr>\n<\/tbody>\n<\/table>\n<h2><strong>Rolling Ball Tack Testerin sovellukset<\/strong><\/h2>\n<p>Testeri on laajalti k\u00e4yt\u00f6ss\u00e4 eri teollisuudenaloilla, mukaan lukien:<\/p>\n<ul>\n<li><strong>Pakkaus:<\/strong> Varmistaa etikettien ja sinettien johdonmukaisen kiinnittymisen.<\/li>\n<li><strong>Liimojen valmistus:<\/strong> Vahvistaa paineherkkien teippien ja kalvojen suorituskyvyn.<\/li>\n<li><strong>Elektroniikka:<\/strong> Arvioi liimoja laitteiden kokoonpanoa varten.<\/li>\n<li><strong>L\u00e4\u00e4kinn\u00e4lliset laitteet:<\/strong> Tarkistaa liiman luotettavuuden turvallista liimausta varten.<\/li>\n<\/ul>\n<h2><strong>Liikkuvan pallon takertuvuustestausta koskevat standardit<\/strong><\/h2>\n<p>The <strong>Rolling Ball Tack Tester<\/strong> on seuraavien keskeisten standardien mukainen:<\/p>\n<ul>\n<li><strong><a href=\"https:\/\/pstc.org\/resources\/test-methods\/\" target=\"_blank\" rel=\"noopener nofollow\">PSTC-6<\/a>:<\/strong> Keskityt\u00e4\u00e4n liimojen vertailevaan tarttuvuuden mittaamiseen ja annetaan selke\u00e4t ohjeet laadunvalvontasovelluksia varten.<\/li>\n<li><strong><a href=\"https:\/\/www.astm.org\/d3121-17.html\" target=\"_blank\" rel=\"noopener nofollow\">ASTM D3121<\/a>:<\/strong> M\u00e4\u00e4ritell\u00e4\u00e4n vierint\u00e4pallomenetelm\u00e4 tarttuvuuden m\u00e4\u00e4ritt\u00e4miseksi ja varmistetaan liiman arvioinnin toistettavuus ja tarkkuus.<\/li>\n<li><strong>JIS Z0237:<\/strong> Japanin teollisuusstandardi liiman tarttuvuuden testaukselle, jossa korostetaan testitulosten yhdenmukaisuutta ja tarkkuutta.<br \/>\nN\u00e4m\u00e4 standardit luovat vankan kehyksen, joka tekee testerist\u00e4 luotettavan ty\u00f6kalun liiman laadunvarmistukseen maailmanlaajuisesti.<\/li>\n<\/ul>\n<h2><strong>Testausmenetelm\u00e4<\/strong><\/h2>\n<ol>\n<li><strong>Valmistele liiman\u00e4yte:<\/strong> Kiinnit\u00e4 liimakalvo tai -alusta testipinnalle.<\/li>\n<li><strong>Aseta kallistuskulma:<\/strong> S\u00e4\u00e4d\u00e4 kalteva levy haluttuun kulmaan (20\u00b0, 30\u00b0 tai 40\u00b0 BTT-02:ssa).<\/li>\n<li><strong>Vapauta pallo:<\/strong> Aseta ter\u00e4spallo kaltevuuden yl\u00e4p\u00e4\u00e4h\u00e4n ja vapauta se vivun tai levyn avulla.<\/li>\n<li><strong>Arvioi takin suorituskyky:<\/strong> Tarkkaile pallon kulkemaa matkaa ennen pys\u00e4htymist\u00e4, mik\u00e4 osoittaa liiman tarttumislujuuden.<\/li>\n<\/ol>\n<p>T\u00e4m\u00e4 yksinkertainen mutta tehokas menetelm\u00e4 takaa johdonmukaiset ja toistettavat tulokset, joten se on ihanteellinen rutiininomaisiin laatutarkastuksiin.<\/p>\n<h2><strong>Rolling Ball Tack Testerin edut<\/strong><\/h2>\n<ul>\n<li><strong>Nopea ja kustannustehokas:<\/strong> Nopea menetelm\u00e4, joka vaatii minimaalisen laiteinvestoinnin.<\/li>\n<li><strong>Luotettava laadunvalvonta:<\/strong> Havaitsee liiman ep\u00e4johdonmukaisuudet tehokkaasti ja varmistaa er\u00e4n laadun.<\/li>\n<li><strong>Helppok\u00e4ytt\u00f6isyys:<\/strong> Suoraviivainen testausprosessi, joka soveltuu kaikentasoisille k\u00e4ytt\u00e4jille.<\/li>\n<li><strong>Standardien mukainen:<\/strong> T\u00e4ytt\u00e4\u00e4 maailmanlaajuiset testausnormit, kuten PSTC-6, ASTM D3121 ja JIS Z0237.<\/li>\n<\/ul>\n<h2><strong>Miksi valita Cell Instruments rullaavan pallon takertuvuuden testaukseen?<\/strong><\/h2>\n<p>Cell Instruments on johtava materiaalien testauslaitteiden valmistaja, joka tarjoaa korkealaatuisia ja tarpeisiisi r\u00e4\u00e4t\u00e4l\u00f6ityj\u00e4 ratkaisuja. Meid\u00e4n <strong>BTT-01<\/strong> ja <strong>BTT-02 Rullaava pallo Tack Testerit<\/strong> on suunniteltu tuottamaan tarkkoja tuloksia kansainv\u00e4listen standardien mukaisesti. R\u00e4\u00e4t\u00e4l\u00f6intiin ja automaatioon liittyv\u00e4n asiantuntemuksemme ansiosta varmistamme, ett\u00e4 tuotteemme t\u00e4ytt\u00e4v\u00e4t erityiset testausvaatimuksesi. Voit luottaa siihen, ett\u00e4 autamme sinua pit\u00e4m\u00e4\u00e4n liimojen suorituskyvyn ja laadunvarmistuksen korkeat standardit yll\u00e4.<\/p>\n<h2><strong>Usein kysytyt kysymykset Rolling Ball Tack -testaus<\/strong><\/h2>\n<ol>\n<li><strong>Mik\u00e4 on \u2018tack\u2019 liimateollisuudessa?<\/strong>\n<ul>\n<li>Tarttuvuudella tarkoitetaan liiman ominaisuutta muodostaa mitattavissa oleva luja sidos v\u00e4litt\u00f6m\u00e4sti kosketuksen j\u00e4lkeen minimaalisella paineella.<\/li>\n<\/ul>\n<\/li>\n<li><strong>Miten rullaava pallon tarttuvuustesti eroaa muista tarttuvuustesteist\u00e4?<\/strong>\n<ul>\n<li>Kyseess\u00e4 on vertaileva menetelm\u00e4, jossa tarttuvuutta arvioidaan tarkkailemalla, kuinka pitk\u00e4lle vieriv\u00e4 pallo liikkuu liimassa.<\/li>\n<\/ul>\n<\/li>\n<li><strong>Mitk\u00e4 toimialat hy\u00f6tyv\u00e4t eniten t\u00e4st\u00e4 testist\u00e4?<\/strong>\n<ul>\n<li>Teollisuudenalat, kuten pakkaukset, l\u00e4\u00e4kinn\u00e4lliset laitteet, liimojen valmistus ja elektroniikka, luottavat t\u00e4h\u00e4n testiin laadunvalvonnassa.<\/li>\n<\/ul>\n<\/li>\n<li><strong>Mit\u00e4 liimatyyppej\u00e4 voidaan testata?<\/strong>\n<ul>\n<li>Useimmat painekyll\u00e4stett\u00e4v\u00e4t liimat, kuten teipit ja kalvot, voidaan arvioida t\u00e4ll\u00e4 menetelm\u00e4ll\u00e4.<\/li>\n<\/ul>\n<\/li>\n<li><strong>Miten PSTC-6, ASTM D3121 ja JIS Z0237 varmistavat testien tarkkuuden?<\/strong>\n<ul>\n<li>N\u00e4iss\u00e4 standardeissa annetaan tiukat ohjeet testin asettelulle, suorittamiselle ja tulosten tulkinnalle, mik\u00e4 takaa luotettavat ja toistettavat mittaukset.<\/li>\n<\/ul>\n<\/li>\n<\/ol>\n<div id=\"gtx-anchor\" style=\"position: absolute; visibility: hidden; left: 77.5156px; top: 1422.97px; width: 54.8594px; height: 19px;\"><\/div>\n<div class=\"jfk-bubble gtx-bubble\" style=\"visibility: visible; left: 90px; top: 1255px; opacity: 1;\" role=\"alertdialog\" aria-describedby=\"bubble-6\">\n<div id=\"bubble-6\" class=\"jfk-bubble-content-id\">\n<div id=\"gtx-host\" style=\"min-width: 200px; max-width: 400px;\"><\/div>\n<\/div>\n<div class=\"jfk-bubble-closebtn-id jfk-bubble-closebtn\" tabindex=\"0\" role=\"button\" aria-label=\"Sulje\"><\/div>\n<div class=\"jfk-bubble-arrow-id jfk-bubble-arrow jfk-bubble-arrowdown\" style=\"left: 105.016px;\">\n<div class=\"jfk-bubble-arrowimplbefore\"><\/div>\n<div class=\"jfk-bubble-arrowimplafter\"><\/div>\n<\/div>\n<\/div>","protected":false},"excerpt":{"rendered":"<p>The <strong>Rolling Ball Tack Tester<\/strong> on olennainen v\u00e4line painekyll\u00e4stettyjen liimojen (PSA-liimojen) tarttuvuuden arvioinnissa. Se mittaa liiman kyky\u00e4 kiinnitty\u00e4 nopeasti pintaan k\u00e4ytt\u00e4m\u00e4ll\u00e4 suoraviivaista ja toistettavaa testimenetelm\u00e4\u00e4. T\u00e4t\u00e4 testilaitetta k\u00e4ytet\u00e4\u00e4n laajalti esimerkiksi pakkausteollisuudessa, l\u00e4\u00e4kinn\u00e4llisiss\u00e4 laitteissa, elektroniikassa ja liimojen valmistuksessa, joissa liimojen tasainen suorituskyky on kriittinen. Laadunvalvontaan suunniteltu rullaava pallon tarttuvuustestaus takaa er\u00e4kohtaisten vaihteluiden tarkan havaitsemisen, mik\u00e4 tekee siit\u00e4 v\u00e4ltt\u00e4m\u00e4tt\u00f6m\u00e4n korkeiden tuotestandardien yll\u00e4pit\u00e4misess\u00e4.<\/p>","protected":false},"featured_media":5395,"comment_status":"closed","ping_status":"closed","template":"","meta":{"site-sidebar-layout":"default","site-content-layout":"default","ast-global-header-display":"","ast-main-header-display":"","ast-hfb-above-header-display":"","ast-hfb-below-header-display":"","ast-hfb-mobile-header-display":"","site-post-title":"","ast-breadcrumbs-content":"","ast-featured-img":"","footer-sml-layout":"","theme-transparent-header-meta":"default","adv-header-id-meta":"","stick-header-meta":"","header-above-stick-meta":"","header-main-stick-meta":"","header-below-stick-meta":""},"product_cat":[1115,943,1114,673],"product_tag":[],"class_list":{"0":"post-5394","1":"product","2":"type-product","3":"status-publish","4":"has-post-thumbnail","6":"product_cat-astm-d3121","7":"product_cat-ball-tack-tester","8":"product_cat-pstc-6","9":"product_cat-adhesive-tester","10":"desktop-align-left","11":"tablet-align-left","12":"mobile-align-left","14":"first","15":"instock","16":"shipping-taxable","17":"product-type-simple"},"_links":{"self":[{"href":"https:\/\/www.qualitester.com\/fi\/wp-json\/wp\/v2\/product\/5394","targetHints":{"allow":["GET"]}}],"collection":[{"href":"https:\/\/www.qualitester.com\/fi\/wp-json\/wp\/v2\/product"}],"about":[{"href":"https:\/\/www.qualitester.com\/fi\/wp-json\/wp\/v2\/types\/product"}],"replies":[{"embeddable":true,"href":"https:\/\/www.qualitester.com\/fi\/wp-json\/wp\/v2\/comments?post=5394"}],"version-history":[{"count":0,"href":"https:\/\/www.qualitester.com\/fi\/wp-json\/wp\/v2\/product\/5394\/revisions"}],"wp:featuredmedia":[{"embeddable":true,"href":"https:\/\/www.qualitester.com\/fi\/wp-json\/wp\/v2\/media\/5395"}],"wp:attachment":[{"href":"https:\/\/www.qualitester.com\/fi\/wp-json\/wp\/v2\/media?parent=5394"}],"wp:term":[{"taxonomy":"product_cat","embeddable":true,"href":"https:\/\/www.qualitester.com\/fi\/wp-json\/wp\/v2\/product_cat?post=5394"},{"taxonomy":"product_tag","embeddable":true,"href":"https:\/\/www.qualitester.com\/fi\/wp-json\/wp\/v2\/product_tag?post=5394"}],"curies":[{"name":"wp","href":"https:\/\/api.w.org\/{rel}","templated":true}]}}