{"id":5304,"date":"2024-11-12T17:08:48","date_gmt":"2024-11-12T09:08:48","guid":{"rendered":"https:\/\/www.qualitester.com\/?post_type=product&#038;p=5304"},"modified":"2024-12-05T11:20:36","modified_gmt":"2024-12-05T03:20:36","slug":"sale-bekk-smoothness-tester-iso-5627","status":"publish","type":"product","link":"https:\/\/www.qualitester.com\/fi\/tuote\/sale-bekk-smoothness-tester-iso-5627\/","title":{"rendered":"ST-01 Sileyden testauslaite"},"content":{"rendered":"<h2><strong>Bekk Smoothness Testerin esittely<\/strong><\/h2>\n<p>Bekk Smoothness Tester on eritt\u00e4in tarkka laite, joka on suunniteltu erityisesti paperi- ja kartonkimateriaalien pinnan sileyden mittaamiseen tunnetulla Bekk-menetelm\u00e4ll\u00e4. T\u00e4m\u00e4 hienostunut laite antaa elint\u00e4rke\u00e4\u00e4 tietoa paperin pinnan tasaisuudesta ja tasaisuudesta, jotka ovat keskeisi\u00e4 laatuun vaikuttavia ominaisuuksia esimerkiksi paino-, pakkaus- ja tuotevalmistussovelluksissa. Cell Instrumentsin Bekk Smoothness Tester -mittarin avulla teollisuus voi varmistaa, ett\u00e4 sen materiaalit t\u00e4ytt\u00e4v\u00e4t korkeat sileysvaatimukset, mik\u00e4 parantaa lopputuotteiden laatua ja tasalaatuisuutta.<\/p>\n<h2><strong>Paperin ja kartongin sileyden ymm\u00e4rt\u00e4minen<\/strong><\/h2>\n<p>Sileys on kriittinen laatuparametri, joka mittaa paperin tai kartongin pinnan tasaisuutta. Se mitataan sekunteina (s), jotka ilma kulkee testin\u00e4ytteen pinnan ja rengasmaisen renkaan v\u00e4lill\u00e4 valvotuissa paineolosuhteissa. Suuremmat tasaisuusarvot, jotka ilmenev\u00e4t pidemmist\u00e4 ilmavirtausaikoina, merkitsev\u00e4t tasaisempaa pintaa, mik\u00e4 yleens\u00e4 johtaa parempaan tulostuslaatuun, parempaan painov\u00e4rin tarttuvuuteen ja visuaalisesti miellytt\u00e4v\u00e4\u00e4n tuotteen viimeistelyyn. Varmistamalla pinnan sileyden valmistajat voivat t\u00e4ytt\u00e4\u00e4 pakkausten ja painatuksen tiukat laatuvaatimukset.<\/p>\n<h2><strong>Bekk Smoothness Testerin keskeinen testausperiaate<\/strong><\/h2>\n<p>Bekk Smoothness Tester toimii Bekk-menetelm\u00e4n perusperiaatteella, jossa pinnan sileyden mittaamiseen k\u00e4ytet\u00e4\u00e4n tarkkoja ilmasiirtym\u00e4n mittauksia. Testin aikana n\u00e4yte asetetaan lasilevylle hallitun paineen alaisena. N\u00e4ytteeseen luodaan osittainen tyhji\u00f6, jolloin ilmakeh\u00e4n ilma p\u00e4\u00e4see liikkumaan n\u00e4ytteen pinnan yli. Tyhji\u00f6tason tietyn muutoksen saavuttamiseen tarvittava aika mitataan, ja pidemm\u00e4t ajat osoittavat sile\u00e4mpi\u00e4 pintoja. T\u00e4m\u00e4 menetelm\u00e4 tuottaa luotettavia, toistettavia tuloksia, jotka ovat kriittisi\u00e4 paperin ja kartongin laadunvarmistuksessa.<\/p>\n<h2><strong>ISO 5627 - Paperin ja kartongin sileyden testaus -standardin noudattaminen<\/strong><\/h2>\n<p>Bekk Smoothness Tester on t\u00e4ysin yhdenmukainen seuraavien standardien kanssa <strong><a href=\"https:\/\/www.iso.org\/standard\/20129.html\" target=\"_blank\" rel=\"noopener nofollow\">ISO 5627<\/a>:1995<\/strong>, joka on kansainv\u00e4lisesti tunnustettu standardi paperin ja kartongin sileyden m\u00e4\u00e4ritt\u00e4miseksi Bekk-menetelm\u00e4ll\u00e4. <a href=\"https:\/\/www.qualitester.com\/fi\/tuote-osasto-2\/iso\/iso-5627\/\" target=\"_blank\" rel=\"noopener\">ISO 5627<\/a> esitet\u00e4\u00e4n tiukat testausolosuhteet, mukaan lukien m\u00e4\u00e4ritellyt paine-erot, kosketuspaine ja mittauksen kesto, jotka Bekk Smoothness Tester t\u00e4ytt\u00e4\u00e4. ISO 5627 -standardin noudattaminen takaa johdonmukaisen ja tarkan sileyden testauksen, joka vastaa maailmanlaajuisia laatuvaatimuksia, jolloin valmistajat voivat noudattaa kansainv\u00e4lisi\u00e4 standardeja ja toimittaa luotettavia tuloksia.<\/p>\n<h2><strong>Bekk Smoothness Testerin ominaisuudet ja edut<\/strong><\/h2>\n<ul>\n<li><strong>Korkea tarkkuus ja luotettavuus<\/strong><br \/>\nBekk Smoothness Tester k\u00e4ytt\u00e4\u00e4 askelmoottoria ja eritt\u00e4in tarkkaa kuorma-anturia, mik\u00e4 takaa tasaisen ja tasaisen paineen k\u00e4yt\u00f6n vahingoittamatta n\u00e4ytteit\u00e4. Toisin kuin joissakin sileystestereiss\u00e4, joissa k\u00e4ytet\u00e4\u00e4n painoja tai jousimekanismeja, t\u00e4m\u00e4 rakenne est\u00e4\u00e4 n\u00e4ytteen iskun ja paineen ep\u00e4tarkkuuden, ja testaustarkkuus on 100 \u00b1 0,5 kPa.<\/li>\n<li><strong>Helppok\u00e4ytt\u00f6isyys<\/strong><br \/>\nYhden painikkeen testaustoiminto poistaa manuaalisten asetusten tarpeen, mik\u00e4 tekee siit\u00e4 k\u00e4ytt\u00e4j\u00e4yst\u00e4v\u00e4llisen kaiken tasoisille k\u00e4ytt\u00e4jille. Intuitiivinen 7-tuumainen kosketusn\u00e4ytt\u00f6 n\u00e4ytt\u00e4\u00e4 reaaliaikaiset tiedot, mik\u00e4 mahdollistaa tehokkaan navigoinnin ja testien seurannan.<\/li>\n<li><strong>Kehittynyt ilmavirran tunnistus ja ohjaus<\/strong><br \/>\nTarkalla ilmavirran tunnistuksella varustettu laite tunnistaa automaattisesti tarvittavan alueen n\u00e4ytteen ominaisuuksien perusteella ja s\u00e4\u00e4t\u00e4\u00e4 ilmavirran nopeuden sen mukaisesti. T\u00e4m\u00e4 ominaisuus takaa optimaalisen ilmanvaihdon hallinnan ja luotettavat tulokset my\u00f6s erilaisille n\u00e4ytetyypeille.<\/li>\n<li><strong>Huoltovapaa toiminta<\/strong><br \/>\nTesteri sis\u00e4lt\u00e4\u00e4 maahantuodun, \u00f6ljytt\u00f6m\u00e4n tyhji\u00f6pumpun, joka on suunniteltu toimimaan huoltovapaasti koko elinkaarensa ajan, mik\u00e4 lis\u00e4\u00e4 testausprosessin luotettavuutta ja helppoutta.<\/li>\n<li><strong>Sis\u00e4\u00e4nrakennettu termotulostin<\/strong><br \/>\nSis\u00e4\u00e4nrakennettu l\u00e4mp\u00f6kirjoitin mahdollistaa testitulosten nopean tulostamisen, mik\u00e4 tehostaa ty\u00f6nkulkuja ja laboratoriotietojen dokumentointia.<\/li>\n<\/ul>\n<h2><strong>Yhdenmukaisuus muiden standardien kanssa<\/strong><\/h2>\n<p>ISO 5627 -standardin lis\u00e4ksi Bekk Smoothness Tester noudattaa useita keskeisi\u00e4 standardeja, joten se on monipuolinen ja soveltuu maailmanlaajuisiin sovelluksiin:<\/p>\n<ul>\n<li><strong>GB\/T 456-2002<\/strong> - M\u00e4\u00e4ritell\u00e4\u00e4n Bekk-menetelm\u00e4 paperin ja kartongin sileyden m\u00e4\u00e4ritt\u00e4miseksi, jota k\u00e4ytet\u00e4\u00e4n laajalti Kiinan markkinoilla.<\/li>\n<li><strong>QB\/T1665<\/strong> - T\u00e4m\u00e4 Kiinan kansallinen standardi koskee paperin ja kartongin sileyden testausta, ja sen menetelm\u00e4t vastaavat l\u00e4heisesti Bekk-menetelm\u00e4\u00e4.<\/li>\n<li><strong>TAPPI T479<\/strong> - TAPPI:n m\u00e4\u00e4rittelem\u00e4 Bekk-sileysmenetelm\u00e4, jota k\u00e4ytet\u00e4\u00e4n yleisesti Pohjois-Amerikan markkinoilla paperimateriaalien tarkkaan sileyden testaamiseen.<\/li>\n<\/ul>\n<h2><strong>Bekk Smoothness Testerin sovellukset<\/strong><\/h2>\n<p>Bekk Smoothness Tester on korvaamaton useilla teollisuudenaloilla, joilla materiaalin laatu ja suorituskyky ovat ensiarvoisen t\u00e4rkeit\u00e4:<\/p>\n<ul>\n<li><strong>Pakkaus<\/strong> - Sile\u00e4t pinnat takaavat erinomaisen pakkauksen viimeistelyn ja kest\u00e4vyyden.<\/li>\n<li><strong>Tulostus<\/strong> - Korkeat tasaisuusarvot ovat v\u00e4ltt\u00e4m\u00e4tt\u00f6mi\u00e4 kirkkaiden ja eloisien tulostustulosten kannalta.<\/li>\n<li><strong>Laaduntarkastuslaitokset<\/strong> - Vaatimustenmukaisuuden testauksella varmistetaan, ett\u00e4 materiaalit t\u00e4ytt\u00e4v\u00e4t lains\u00e4\u00e4d\u00e4nn\u00f6lliset ja kuluttajastandardit.<\/li>\n<li><strong>Paperin ja kartongin valmistus<\/strong> - Tasaisuusmittaukset varmistavat tuotteen tasaisen laadun kaikissa valmistusprosesseissa.<\/li>\n<li><strong>Tutkimus ja kehitys<\/strong> - Uusien materiaalivalmisteiden testaus pinnan laadun ja toimivuuden kannalta.<\/li>\n<\/ul>\n<h2><strong>Bekk Smoothness Testerin tekniset tiedot<\/strong><\/h2>\n<ul>\n<li><strong>Mittausalue<\/strong>: Tarkat tasaisuuslukemat m\u00e4\u00e4ritellyiss\u00e4 paine- ja tyhji\u00f6olosuhteissa.<\/li>\n<li><strong>Paineen s\u00e4\u00e4t\u00f6<\/strong>: Edistyksellinen 100 \u00b1 0,5 kPa:n ohjaus askelmoottorin ja kuorma-anturin integroinnilla.<\/li>\n<li><strong>N\u00e4ytt\u00f6<\/strong>: Suuri 7-tuumainen v\u00e4rikosketusn\u00e4ytt\u00f6 helpottaa k\u00e4ytt\u00f6\u00e4 ja tietojen n\u00e4kyvyytt\u00e4.<\/li>\n<li><strong>Tulostin<\/strong>: Sis\u00e4\u00e4nrakennettu mikro-l\u00e4mp\u00f6tulostin tulosten v\u00e4lit\u00f6nt\u00e4 tulostusta varten.<\/li>\n<li><strong>Tyhji\u00f6pumppu<\/strong>: \u00d6ljyt\u00f6n, huoltovapaa tyhji\u00f6pumppu takaa tasaisen ja luotettavan testaustuloksen.<\/li>\n<\/ul>\n<h2><strong>Usein kysytyt kysymykset (FAQ)<\/strong><\/h2>\n<ol>\n<li><strong>Mink\u00e4laisia materiaaleja voidaan testata Bekk Smoothness Testerill\u00e4?<\/strong><br \/>\nBekk Smoothness Tester on suunniteltu paperi- ja kartonkimateriaaleille, ja se soveltuu pakkaus-, painatus- ja tuotteiden laadun testaukseen.<\/li>\n<li><strong>Miten Bekk-menetelm\u00e4 eroaa muista sileyden testausmenetelmist\u00e4?<\/strong><br \/>\nBekk-menetelm\u00e4 mittaa sileytt\u00e4 ilman l\u00e4pimenoajan perusteella tietyss\u00e4 paineessa, mik\u00e4 mahdollistaa eritt\u00e4in herk\u00e4n ja tarkan sileyden arvioinnin hienoille pinnoille.<\/li>\n<li><strong>Mitk\u00e4 ovat ISO 5627 -standardin noudattamisen t\u00e4rkeimm\u00e4t edut?<\/strong><br \/>\nISO 5627 -standardin noudattaminen varmistaa, ett\u00e4 sileystesti on kansainv\u00e4lisesti tunnustettujen standardien mukainen, ja se tarjoaa luotettavia ja johdonmukaisia tuloksia laadunvarmistusta varten.<\/li>\n<li><strong>Miten tulkitsen testituloksia tasaisuuden suhteen?<\/strong><br \/>\nPidemm\u00e4t testiajat osoittavat suurempaa tasaisuutta. Suurempi sileys korreloi yleens\u00e4 paremman tulostuslaadun ja pinnan tasaisuuden kanssa.<\/li>\n<li><strong>Mit\u00e4 huoltoa Bekk Smoothness Tester vaatii?<\/strong><br \/>\nBekk Smoothness Tester vaatii vain v\u00e4h\u00e4n huoltoa, koska sen \u00f6ljyt\u00f6n tyhji\u00f6pumppu on suunniteltu pitk\u00e4aikaiseen, huoltovapaaseen toimintaan.<\/li>\n<\/ol>","protected":false},"excerpt":{"rendered":"<p>Introduction to the Bekk Smoothness Tester The Bekk Smoothness Tester is a high-precision device specifically designed to measure the surface smoothness of paper and board materials using the renowned Bekk Method. This sophisticated instrument provides vital data on the flatness and evenness of paper surfaces, key characteristics influencing quality in applications like printing, packaging, and &hellip;<\/p>\n<p class=\"read-more\"> <a class=\"\" href=\"https:\/\/www.qualitester.com\/fi\/tuote\/sale-bekk-smoothness-tester-iso-5627\/\"> <span class=\"screen-reader-text\">ST-01 Sileyden testauslaite<\/span> Lue lis\u00e4\u00e4 \"<\/a><\/p>","protected":false},"featured_media":6199,"comment_status":"closed","ping_status":"closed","template":"","meta":{"site-sidebar-layout":"default","site-content-layout":"default","ast-global-header-display":"","ast-main-header-display":"","ast-hfb-above-header-display":"","ast-hfb-below-header-display":"","ast-hfb-mobile-header-display":"","site-post-title":"","ast-breadcrumbs-content":"","ast-featured-img":"","footer-sml-layout":"","theme-transparent-header-meta":"default","adv-header-id-meta":"","stick-header-meta":"","header-above-stick-meta":"","header-main-stick-meta":"","header-below-stick-meta":""},"product_cat":[845,1138,961,44,95],"product_tag":[],"class_list":{"0":"post-5304","1":"product","2":"type-product","3":"status-publish","4":"has-post-thumbnail","6":"product_cat-customization","7":"product_cat-iso-5627","8":"product_cat-smoothness-tester","9":"product_cat-paper-and-board-testers","10":"product_cat-products","11":"desktop-align-left","12":"tablet-align-left","13":"mobile-align-left","15":"first","16":"instock","17":"shipping-taxable","18":"product-type-simple"},"_links":{"self":[{"href":"https:\/\/www.qualitester.com\/fi\/wp-json\/wp\/v2\/product\/5304","targetHints":{"allow":["GET"]}}],"collection":[{"href":"https:\/\/www.qualitester.com\/fi\/wp-json\/wp\/v2\/product"}],"about":[{"href":"https:\/\/www.qualitester.com\/fi\/wp-json\/wp\/v2\/types\/product"}],"replies":[{"embeddable":true,"href":"https:\/\/www.qualitester.com\/fi\/wp-json\/wp\/v2\/comments?post=5304"}],"version-history":[{"count":0,"href":"https:\/\/www.qualitester.com\/fi\/wp-json\/wp\/v2\/product\/5304\/revisions"}],"wp:featuredmedia":[{"embeddable":true,"href":"https:\/\/www.qualitester.com\/fi\/wp-json\/wp\/v2\/media\/6199"}],"wp:attachment":[{"href":"https:\/\/www.qualitester.com\/fi\/wp-json\/wp\/v2\/media?parent=5304"}],"wp:term":[{"taxonomy":"product_cat","embeddable":true,"href":"https:\/\/www.qualitester.com\/fi\/wp-json\/wp\/v2\/product_cat?post=5304"},{"taxonomy":"product_tag","embeddable":true,"href":"https:\/\/www.qualitester.com\/fi\/wp-json\/wp\/v2\/product_tag?post=5304"}],"curies":[{"name":"wp","href":"https:\/\/api.w.org\/{rel}","templated":true}]}}