{"id":5301,"date":"2024-11-12T16:58:37","date_gmt":"2024-11-12T08:58:37","guid":{"rendered":"https:\/\/www.qualitester.com\/?post_type=product&#038;p=5301"},"modified":"2024-12-05T11:16:30","modified_gmt":"2024-12-05T03:16:30","slug":"sale-paper-tearing-tester-manufacturer","status":"publish","type":"product","link":"https:\/\/www.qualitester.com\/fi\/tuote\/sale-paper-tearing-tester-manufacturer\/","title":{"rendered":"SLD-02 repeytymistesteri"},"content":{"rendered":"<h2><strong>Paperin repeytymistesterin k\u00e4ytt\u00f6\u00f6notto<\/strong><\/h2>\n<p>The <strong>SLD-02 paperin repeytymistesteri<\/strong> Cell Instruments on suunniteltu tuottamaan tarkkoja ja luotettavia repe\u00e4mislujuuden mittauksia useille eri materiaaleille, kuten paperille, pahville, tekstiileille, nahalle ja muovikalvoille. Se on rakennettu edistyksellisill\u00e4 ominaisuuksilla ja se on alan johtavien standardien mukainen, mukaan lukien <strong>ASTM D689<\/strong>, t\u00e4m\u00e4 testeri on v\u00e4ltt\u00e4m\u00e4t\u00f6n teollisuudenaloilla, joilla laadunvalvonta on etusijalla, pakkauksista ja painatuksesta l\u00e4\u00e4kinn\u00e4llisiin laitteisiin ja kulutustavaroihin. T\u00e4m\u00e4n ty\u00f6kalun avulla voit varmistaa, ett\u00e4 materiaalisi t\u00e4ytt\u00e4v\u00e4t tiukat rep\u00e4isykest\u00e4vyysvaatimukset, mik\u00e4 auttaa yll\u00e4pit\u00e4m\u00e4\u00e4n tuotteiden kest\u00e4vyytt\u00e4 ja laatua.<\/p>\n<h2><strong>SLD-02-paperin rep\u00e4isytestin t\u00e4rkeimm\u00e4t ominaisuudet<\/strong><\/h2>\n<ul>\n<li><strong>Laaja sovellus<\/strong>: SLD-02 paperin rep\u00e4isylujuuden testauslaite ei ainoastaan testaa paperia ja kartonkia, vaan se tarjoaa rep\u00e4isylujuuden testauksen my\u00f6s arkkimateriaaleille, kuten tekstiileille, nahalle, muovikalvoille ja jopa metallikalvoille, mik\u00e4 tekee siit\u00e4 ihanteellisen erilaisiin laadunvalvontasovelluksiin.<\/li>\n<li><strong>Innovatiivinen suunnittelu<\/strong>: Tarkkuutta varten suunniteltu SLD-02 sis\u00e4lt\u00e4\u00e4 heilurimekanismin ja pneumaattisen kiinnitysj\u00e4rjestelm\u00e4n, jotka takaavat johdonmukaiset ja toistettavat tulokset.<\/li>\n<li><strong>Tekniset tiedot<\/strong>: T\u00e4ss\u00e4 laitteessa on useita ominaisuuksia, jotka parantavat sen luotettavuutta ja helppok\u00e4ytt\u00f6isyytt\u00e4:\n<ul>\n<li><strong>Leuan leveys<\/strong>: 74,8 mm, sopii n\u00e4ytekokoihin 63 \u00d7 76 mm tai 63 \u00d7 50 mm.<\/li>\n<li><strong>Automaattinen nollaus<\/strong>: Jokaisen testin j\u00e4lkeen heiluri nollautuu automaattisesti, mik\u00e4 yksinkertaistaa testausprosessia.<\/li>\n<li><strong>K\u00e4ytt\u00e4j\u00e4yst\u00e4v\u00e4llinen k\u00e4ytt\u00f6liittym\u00e4<\/strong>: 5-tuumainen v\u00e4rikosketusn\u00e4ytt\u00f6 tarjoaa suoraviivaisen, intuitiivisen k\u00e4ytt\u00f6liittym\u00e4n sujuvaan k\u00e4ytt\u00f6\u00f6n.<\/li>\n<li><strong>Pneumaattinen n\u00e4ytteen kiinnitys<\/strong>: V\u00e4hent\u00e4\u00e4 inhimillisi\u00e4 virheit\u00e4 ja varmistaa n\u00e4ytteen johdonmukaisen sijoittelun.<\/li>\n<li><strong>Useita heilurikapasiteetteja<\/strong>: Erilaiset kapasiteetit mahdollistavat erilaiset testaussovellukset, jotka soveltuvat erilaisiin materiaalityyppeihin ja lujuuksiin.<\/li>\n<li><strong>Ilmansuodatin\/s\u00e4\u00e4din<\/strong>: S\u00e4ilytt\u00e4\u00e4 komponenttien eheyden ja pident\u00e4\u00e4 testerin k\u00e4ytt\u00f6ik\u00e4\u00e4 suodattamalla ilman ep\u00e4puhtauksia.<\/li>\n<\/ul>\n<\/li>\n<\/ul>\n<h2><strong>Miten paperin repe\u00e4mistesteri toimii<\/strong><\/h2>\n<ul>\n<li><strong>Testausprosessi<\/strong>: SLD-02-paperin rep\u00e4isytesteri toimii tarkalla mekanismilla, joka mahdollistaa standardoidun rep\u00e4isytestauksen:\n<ol>\n<li>Leikkuuveitsell\u00e4 luodaan 43 mm:n viilto n\u00e4ytteen kaukaisesta reunasta.<\/li>\n<li>Kun heilurimekanismi on vapautettu, se k\u00e4ytt\u00e4\u00e4 painovoimaa raon etenemiseen, jolloin n\u00e4yte repe\u00e4\u00e4 j\u00e4ljell\u00e4 olevaa pituutta pitkin.<\/li>\n<li>Prosessin aikana menetetty energia mitataan ja sit\u00e4 k\u00e4ytet\u00e4\u00e4n n\u00e4ytteen keskim\u00e4\u00e4r\u00e4isen repe\u00e4misvoiman laskemiseen, jolloin saadaan luotettava repe\u00e4miskest\u00e4vyysarvo.<\/li>\n<\/ol>\n<\/li>\n<\/ul>\n<h2><strong>T\u00e4rkeimpien standardien noudattaminen (mukaan lukien ASTM D689)<\/strong><\/h2>\n<ul>\n<li><strong>Yleiskatsaus standardeihin<\/strong>: SLD-02-rep\u00e4isytesteri on useiden kansainv\u00e4listen standardien mukainen, mik\u00e4 takaa, ett\u00e4 se t\u00e4ytt\u00e4\u00e4 tiukat testausvaatimukset:\n<ul>\n<li><a href=\"https:\/\/www.astm.org\/d1922-15r20.html\" target=\"_blank\" rel=\"noopener nofollow\"><strong>ASTM D1922<\/strong><\/a>: Muovien rep\u00e4isykest\u00e4vyyden testaus.<\/li>\n<li><a href=\"https:\/\/www.astm.org\/d1424-09r19.html\" target=\"_blank\" rel=\"noopener nofollow\"><strong>ASTM D1424<\/strong><\/a>: Standardi tekstiilien repeytymiskest\u00e4vyyden mittaamiseksi.<\/li>\n<li><a href=\"https:\/\/www.astm.org\/d0689-17.html\" target=\"_blank\" rel=\"noopener nofollow\"><strong>ASTM D689<\/strong><\/a>: Erityisstandardi paperin ja kartongin rep\u00e4isylujuuden mittaamiseen, joka on v\u00e4ltt\u00e4m\u00e4t\u00f6n pakkausten laadunvalvonnassa.<\/li>\n<li><strong>ISO 6383 &amp; ISO 1974<\/strong>: Kansainv\u00e4liset rep\u00e4isylujuutta koskevat standardit.<\/li>\n<li><strong>TAPPI T414<\/strong>: Paperin rep\u00e4isykest\u00e4vyyden testausstandardi, jota k\u00e4ytet\u00e4\u00e4n laajalti paperiteollisuudessa.<\/li>\n<\/ul>\n<\/li>\n<li><strong>Keskittyminen ASTM D689 -standardiin<\/strong>: ASTM D689 on keskeinen standardi paperin ja kartongin repeytymiskest\u00e4vyyden mittaamiseen, jolla varmistetaan, ett\u00e4 tuotteet, kuten pakkaukset, t\u00e4ytt\u00e4v\u00e4t laatuvaatimukset. T\u00e4ss\u00e4 standardissa esitet\u00e4\u00e4n erityiset menetelm\u00e4t rep\u00e4isylujuuden testaamiseksi, mik\u00e4 parantaa tarkkuutta ja luotettavuutta erityisesti laadunvalvontasovelluksissa. ASTM D689 -standardin mukainen SLD-02 antaa luotettavia tuloksia, jotka helpottavat alan normien noudattamista.<\/li>\n<\/ul>\n<h2><strong>Paperin rep\u00e4isytestin tekniset parametrit<\/strong><\/h2>\n<table>\n<tbody>\n<tr>\n<td style=\"text-align: center;\" width=\"167\">Testialue (mN)<\/td>\n<td style=\"text-align: center;\" width=\"167\">10~8000,8000~16000<\/td>\n<\/tr>\n<tr>\n<td style=\"text-align: center;\" width=\"167\">Kaasun l\u00e4hde<\/td>\n<td style=\"text-align: center;\" width=\"167\">0,6 MPa<\/td>\n<\/tr>\n<tr>\n<td style=\"text-align: center;\" width=\"167\">Repiv\u00e4 k\u00e4si<\/td>\n<td style=\"text-align: center;\" width=\"167\">104\u00b11mm<\/td>\n<\/tr>\n<tr>\n<td style=\"text-align: center;\" width=\"167\">Repiminen Alkuper\u00e4inen kulma<\/td>\n<td style=\"text-align: center;\" width=\"167\">27.5 \u00b10.5\u00b0<\/td>\n<\/tr>\n<tr>\n<td style=\"text-align: center;\" width=\"167\">Tarkkuus<\/td>\n<td style=\"text-align: center;\" width=\"167\">0,01 mN<\/td>\n<\/tr>\n<tr>\n<td style=\"text-align: center;\" width=\"167\">Leikkausrako<\/td>\n<td style=\"text-align: center;\" width=\"167\">20mm<\/td>\n<\/tr>\n<tr>\n<td style=\"text-align: center;\" width=\"167\">Puristimen pinta<\/td>\n<td style=\"text-align: center;\" width=\"167\">\u226525*15mm<\/td>\n<\/tr>\n<tr>\n<td style=\"text-align: center;\" width=\"167\">N\u00e4ytteen koko<\/td>\n<td style=\"text-align: center;\" width=\"167\">63*50mm<\/td>\n<\/tr>\n<tr>\n<td style=\"text-align: center;\" width=\"167\">Puristimen paksuus<\/td>\n<td style=\"text-align: center;\" width=\"167\">2.8\u00b10.3mm<\/td>\n<\/tr>\n<tr>\n<td style=\"text-align: center;\" width=\"167\">Teho<\/td>\n<td style=\"text-align: center;\" width=\"167\">220V 50 Hz<\/td>\n<\/tr>\n<\/tbody>\n<\/table>\n<h2><strong>SLD-02-paperin rep\u00e4isytestin edut<\/strong><\/h2>\n<ul>\n<li><strong>Parannettu luotettavuus<\/strong>: Pneumaattinen kiristysj\u00e4rjestelm\u00e4 minimoi manuaalisesta k\u00e4sittelyst\u00e4 johtuvat virheet, mik\u00e4 johtaa tasaisiin ja tarkkoihin tuloksiin.<\/li>\n<li><strong>K\u00e4ytt\u00e4j\u00e4yst\u00e4v\u00e4llinen muotoilu<\/strong>: 5-tuumainen kosketusn\u00e4ytt\u00f6 yksinkertaistaa k\u00e4ytt\u00f6\u00e4 ja tarjoaa intuitiivisen k\u00e4ytt\u00f6kokemuksen, joka tukee tehokasta testausta.<\/li>\n<li><strong>Joustavat testausvaihtoehdot<\/strong>: Useat heilurikapasiteetit mahdollistavat erilaisten materiaalien testaamisen kevyist\u00e4 papereista kest\u00e4viin tekstiileihin ja kalvoihin.<\/li>\n<li><strong>Kest\u00e4vyys ja yll\u00e4pito<\/strong>: Integroitu ilmansuodatin ja s\u00e4\u00e4din pident\u00e4v\u00e4t pneumatiikkakomponenttien k\u00e4ytt\u00f6ik\u00e4\u00e4 ja v\u00e4hent\u00e4v\u00e4t k\u00e4ytt\u00f6katkoksia ja huoltokustannuksia.<\/li>\n<\/ul>\n<h2><strong>Paperin repeytymistesterin sovellukset<\/strong><\/h2>\n<p>SLD-02-paperin rep\u00e4isylujuusmittari palvelee erilaisia teollisuudenaloja, joilla rep\u00e4isylujuus on kriittinen laatutekij\u00e4:<\/p>\n<ul>\n<li><strong>Pakkaus<\/strong>: Varmistaa, ett\u00e4 paperi- ja kartonkipakkausmateriaalit ovat riitt\u00e4v\u00e4n kest\u00e4vi\u00e4 kuljetusta ja k\u00e4sittely\u00e4 varten.<\/li>\n<li><strong>L\u00e4\u00e4ketieteellinen ja farmaseuttinen<\/strong>: Tukee pakkausmateriaaleja koskevia korkeita standardeja tuotteen eheyden varmistamiseksi.<\/li>\n<li><strong>Tekstiilit ja muovit<\/strong>: Tarkistaa tekstiilien, nahan ja muovikalvojen rep\u00e4isylujuuden ja yll\u00e4pit\u00e4\u00e4 laatustandardeja kaikissa valmistusprosesseissa.<\/li>\n<li><strong>Laaduntarkastuslaitokset<\/strong>: Tarjoaa tarkat repe\u00e4m\u00e4mittaukset, jotka auttavat organisaatioita noudattamaan materiaalin lujuutta ja luotettavuutta koskevia viranomaisstandardeja.<\/li>\n<\/ul>\n<h2><strong>Usein kysytyt kysymykset paperin rep\u00e4isytestist\u00e4 ja ASTM D689:st\u00e4.<\/strong><\/h2>\n<ol>\n<li><strong>Mik\u00e4 on ASTM D689 ja miksi se on t\u00e4rke\u00e4 repeytymistestauksessa?<\/strong><br \/>\n<a href=\"https:\/\/www.qualitester.com\/fi\/tuote-osasto-2\/astm\/astm-d689\/\">ASTM D689<\/a> on standardi, jossa m\u00e4\u00e4ritell\u00e4\u00e4n testausmenetelm\u00e4t paperin ja kartongin rep\u00e4isylujuuden mittaamiseksi. Se varmistaa, ett\u00e4 testaustulokset ovat johdonmukaisia ja luotettavia, mik\u00e4 on v\u00e4ltt\u00e4m\u00e4t\u00f6nt\u00e4 laadunvalvonnassa teollisuudenaloilla, jotka ovat riippuvaisia repeytymiskest\u00e4vist\u00e4 pakkauksista.<\/li>\n<li><strong>Miten pneumaattinen kiristysj\u00e4rjestelm\u00e4 parantaa testaustarkkuutta?<\/strong><br \/>\nPneumaattisesti n\u00e4ytteit\u00e4 kiinnitt\u00e4m\u00e4ll\u00e4 SLD-02 v\u00e4hent\u00e4\u00e4 ihmisen k\u00e4sittelyss\u00e4 esiintyvi\u00e4 vaihteluita ja tarjoaa vakaan otteen, joka est\u00e4\u00e4 liukumisen ja takaa tasaiset ja tarkat testitulokset.<\/li>\n<li><strong>Voiko SLD-02 testata muita materiaaleja kuin paperia?<\/strong><br \/>\nKyll\u00e4, SLD-02 on riitt\u00e4v\u00e4n monipuolinen testattavaksi erilaisille arkkimateriaaleille, kuten tekstiileille, nahalle ja muovikalvoille, ja se sopii monenlaisiin laadunvalvontatarpeisiin.<\/li>\n<li><strong>Mik\u00e4 on moninkertaisen heilurikapasiteetin merkitys?<\/strong><br \/>\nEri heilurikapasiteetit mahdollistavat sen, ett\u00e4 SLD-02:n avulla voidaan k\u00e4sitell\u00e4 materiaaleja, joilla on erilainen repeytymisvastus, ja se tarjoaa joustavuutta sek\u00e4 kevyiden ett\u00e4 raskaiden materiaalien testaamiseen.<\/li>\n<li><strong>Miten SLD-02 on muiden standardien kuin ASTM D689:n mukainen?<\/strong><br \/>\nASTM D689 -standardin lis\u00e4ksi se t\u00e4ytt\u00e4\u00e4 ASTM D1922 -standardin muovien osalta, ASTM D1424 -standardin tekstiilien osalta, ISO-standardit ja TAPPI T414 -standardin, mik\u00e4 takaa sen soveltuvuuden kansainv\u00e4lisiin laadunvalvontasovelluksiin.<\/li>\n<\/ol>","protected":false},"excerpt":{"rendered":"<p>The <strong>SLD-02 paperin repeytymistesteri<\/strong> Cell Instruments on suunniteltu tuottamaan tarkkoja ja luotettavia repe\u00e4mislujuuden mittauksia useille eri materiaaleille, kuten paperille, pahville, tekstiileille, nahalle ja muovikalvoille. Se on rakennettu edistyksellisill\u00e4 ominaisuuksilla ja se on alan johtavien standardien mukainen, mukaan lukien <strong>ASTM D689<\/strong>, t\u00e4m\u00e4 testeri on v\u00e4ltt\u00e4m\u00e4t\u00f6n teollisuudenaloilla, joilla laadunvalvonta on etusijalla, pakkauksista ja painatuksesta l\u00e4\u00e4kinn\u00e4llisiin laitteisiin ja kulutustavaroihin. T\u00e4m\u00e4n ty\u00f6kalun avulla voit varmistaa, ett\u00e4 materiaalisi t\u00e4ytt\u00e4v\u00e4t tiukat rep\u00e4isykest\u00e4vyysvaatimukset, mik\u00e4 auttaa yll\u00e4pit\u00e4m\u00e4\u00e4n tuotteiden kest\u00e4vyytt\u00e4 ja laatua.<\/p>","protected":false},"featured_media":6197,"comment_status":"closed","ping_status":"closed","template":"","meta":{"site-sidebar-layout":"default","site-content-layout":"default","ast-global-header-display":"","ast-main-header-display":"","ast-hfb-above-header-display":"","ast-hfb-below-header-display":"","ast-hfb-mobile-header-display":"","site-post-title":"","ast-breadcrumbs-content":"","ast-featured-img":"","footer-sml-layout":"","theme-transparent-header-meta":"default","adv-header-id-meta":"","stick-header-meta":"","header-above-stick-meta":"","header-main-stick-meta":"","header-below-stick-meta":""},"product_cat":[845,953,956,955,954,957,958,952,959,1154,680,44,16,119,121,137,159,165,95],"product_tag":[],"class_list":{"0":"post-5301","1":"product","2":"type-product","3":"status-publish","4":"has-post-thumbnail","6":"product_cat-customization","7":"product_cat-bursting-tester","8":"product_cat-cobb-tester","9":"product_cat-crush-tester","10":"product_cat-paper-tear-tester","11":"product_cat-plybond-tester","12":"product_cat-puncture-tester","13":"product_cat-rub-tester","14":"product_cat-stiffness-tester","15":"product_cat-tappi-t414","16":"product_cat-tear-tester","17":"product_cat-paper-and-board-testers","18":"product_cat-plastic-packaging-testers","19":"product_cat-astm-d1424","20":"product_cat-astm-d1922","21":"product_cat-astm-d689","22":"product_cat-iso-1974","23":"product_cat-iso-6383","24":"product_cat-products","25":"desktop-align-left","26":"tablet-align-left","27":"mobile-align-left","29":"first","30":"instock","31":"shipping-taxable","32":"product-type-simple"},"_links":{"self":[{"href":"https:\/\/www.qualitester.com\/fi\/wp-json\/wp\/v2\/product\/5301","targetHints":{"allow":["GET"]}}],"collection":[{"href":"https:\/\/www.qualitester.com\/fi\/wp-json\/wp\/v2\/product"}],"about":[{"href":"https:\/\/www.qualitester.com\/fi\/wp-json\/wp\/v2\/types\/product"}],"replies":[{"embeddable":true,"href":"https:\/\/www.qualitester.com\/fi\/wp-json\/wp\/v2\/comments?post=5301"}],"version-history":[{"count":0,"href":"https:\/\/www.qualitester.com\/fi\/wp-json\/wp\/v2\/product\/5301\/revisions"}],"wp:featuredmedia":[{"embeddable":true,"href":"https:\/\/www.qualitester.com\/fi\/wp-json\/wp\/v2\/media\/6197"}],"wp:attachment":[{"href":"https:\/\/www.qualitester.com\/fi\/wp-json\/wp\/v2\/media?parent=5301"}],"wp:term":[{"taxonomy":"product_cat","embeddable":true,"href":"https:\/\/www.qualitester.com\/fi\/wp-json\/wp\/v2\/product_cat?post=5301"},{"taxonomy":"product_tag","embeddable":true,"href":"https:\/\/www.qualitester.com\/fi\/wp-json\/wp\/v2\/product_tag?post=5301"}],"curies":[{"name":"wp","href":"https:\/\/api.w.org\/{rel}","templated":true}]}}