{"id":5254,"date":"2024-11-07T09:31:49","date_gmt":"2024-11-07T01:31:49","guid":{"rendered":"https:\/\/www.qualitester.com\/?post_type=product&#038;p=5254"},"modified":"2024-12-05T10:01:46","modified_gmt":"2024-12-05T02:01:46","slug":"sale-bursting-strength-tester","status":"publish","type":"product","link":"https:\/\/www.qualitester.com\/fi\/tuote\/sale-bursting-strength-tester\/","title":{"rendered":"Murtumislujuuden testaaja"},"content":{"rendered":"<p>The <strong>Murtumislujuuden testaaja<\/strong> on olennainen v\u00e4line paperi- ja kartonkimateriaalien rakenteellisen eheyden ja kest\u00e4vyyden arvioinnissa. T\u00e4m\u00e4 testilaite on suunniteltu arvioimaan maksimivoimaa, jonka n\u00e4m\u00e4 materiaalit kest\u00e4v\u00e4t ennen repeytymist\u00e4, ja sit\u00e4 k\u00e4ytet\u00e4\u00e4n laajalti pakkaus-, valmistus- ja laadunvalvontaymp\u00e4rist\u00f6iss\u00e4. Sovellukset vaihtelevat kevyest\u00e4 paperista raskaaseen kartonkiin, ja testeri <strong>Murtumislujuuden testaaja<\/strong> varmistaa, ett\u00e4 materiaalit t\u00e4ytt\u00e4v\u00e4t tiukat vaatimukset rasitusten alaisena, mik\u00e4 tekee siit\u00e4 v\u00e4ltt\u00e4m\u00e4tt\u00f6m\u00e4n teollisuudenaloilla, joilla lujuus ja kest\u00e4vyys ovat ensiarvoisen t\u00e4rkeit\u00e4.<\/p>\n<h3>Murtumislujuuden testaajan sovellukset<\/h3>\n<p>Murtolujuuden testauksella mitataan materiaalin kyky\u00e4 kest\u00e4\u00e4 murtumista tai murtumista ulkoisten voimien vaikutuksesta. T\u00e4m\u00e4 ominaisuus on kriittinen <strong>paperi, kartonki ja pakkausmateriaalit<\/strong>erityisesti seuraavien seikkojen yhteydess\u00e4 <strong>kuljetus ja varastointi<\/strong>. Tunnistamalla heikot kohdat ennen materiaalien k\u00e4ytt\u00f6\u00f6nottoa yritykset voivat v\u00e4ltt\u00e4\u00e4 kalliit vahingot ja varmistaa turvallisen tuotekuljetuksen. Valmistajille t\u00e4m\u00e4 testi antaa tietoa materiaalin laadusta ja auttaa pakkaussuunnittelussa, mik\u00e4 parantaa kest\u00e4vyytt\u00e4 ja v\u00e4hent\u00e4\u00e4 kuljetuksen aikana tapahtuvien vaurioiden riski\u00e4.<\/p>\n<h3>Murtumislujuusmittarin t\u00e4rkeimm\u00e4t ominaisuudet<\/h3>\n<ul>\n<li><strong>Hydraulinen painetestaus:<\/strong> Testaaja k\u00e4ytt\u00e4\u00e4 hydraulista painetta testin\u00e4ytteeseen kohdistuvaan voimaan, mik\u00e4 mahdollistaa eritt\u00e4in tarkan murtumisvastuksen mittaamisen.<\/li>\n<li><strong>Laaja testausalue:<\/strong> Sill\u00e4 voidaan testata monenlaisia materiaaleja kevyist\u00e4 papereista massiivikuitulevyihin, joiden murtolujuudet vaihtelevat v\u00e4lill\u00e4 <strong>70 kPa - 5500 kPa<\/strong>.<\/li>\n<li><strong>Tarkkuus ja luotettavuus:<\/strong> Kehittyneill\u00e4 paineantureilla varustettu murtumislujuuden testauslaite tuottaa luotettavia ja toistettavia tuloksia, jotka takaavat laadunvalvonnan korkean tarkkuuden.<\/li>\n<\/ul>\n<h3>Board Bursting Tester: Varmistaa levyjen rakenteellinen lujuus<\/h3>\n<p>The <strong>BNP-01 Board Bursting Tester<\/strong> on suunniteltu erityisesti levymateriaalien testaamiseen, kuten <strong>aaltopahvi ja massiivikuitulevy<\/strong>. Pystyy mittaamaan materiaaleja, joiden murtolujuus on v\u00e4lill\u00e4 <strong>350 kPa - 5500 kPa<\/strong>T\u00e4m\u00e4 testeri vastaa pakkaus- ja kuljetusalan vaativiin tarpeisiin. Arvioimalla materiaalin kest\u00e4vyytt\u00e4 sen avulla valmistajat voivat taata, ett\u00e4 niiden pakkausmateriaalit kest\u00e4v\u00e4t k\u00e4sittelyn ja kuljetuksen aikana esiintyv\u00e4t paineet. T\u00e4m\u00e4 testeri on alan johtavien standardien mukainen, mukaan lukien:<\/p>\n<ul>\n<li><strong><a href=\"https:\/\/www.iso.org\/standard\/61488.html\" target=\"_blank\" rel=\"noopener nofollow\">ISO 2759<\/a>:<\/strong> Kansainv\u00e4lisesti tunnustettu ISO 2759 -standardi kartongin lujuuden arvioimiseksi antaa ohjeet kartonkimateriaalien murtumiskest\u00e4vyyden arvioimiseksi, mik\u00e4 takaa maailmanlaajuisen laadunmukaisuuden.<\/li>\n<li><strong>TAPPI T810 ja TAPPI T807:<\/strong> N\u00e4m\u00e4 standardit kattavat kuitukartongin ja aaltopahvin murtumistestauksen, mik\u00e4 mahdollistaa tasaisen laadun kaikissa eriss\u00e4 ja varmistaa, ett\u00e4 pakkausmateriaalit ovat turvallisia kuljetusta varten.<\/li>\n<\/ul>\n<h3>Paperin puhkeamisen testauslaite: Optimoitu kevyille materiaaleille<\/h3>\n<p>Paperisovellusten osalta <strong>ZNP-01 paperin puhkeamisen testaaja<\/strong> on ihanteellinen valinta, sill\u00e4 se testaa materiaaleja, joiden murtolujuudet vaihtelevat v\u00e4lill\u00e4 <strong>70 kPa - 1400 kPa<\/strong>. T\u00e4m\u00e4 testeri soveltuu kevyemmille materiaaleille, kuten paperille ja ohuelle pahville, ja se on hy\u00f6dyllinen sovelluksissa, joissa materiaalin joustavuus on ratkaisevan t\u00e4rke\u00e4\u00e4. ZNP-01 on yhteensopiva seuraavien standardien kanssa:<\/p>\n<ul>\n<li><strong><a href=\"https:\/\/www.qualitester.com\/fi\/tuote-osasto-2\/iso\/iso-5627\/\" target=\"_blank\" rel=\"noopener\">ISO 2758<\/a>:<\/strong> T\u00e4m\u00e4 standardi s\u00e4\u00e4ntelee paperimateriaalien murtolujuuden testausta ja varmistaa, ett\u00e4 tulokset t\u00e4ytt\u00e4v\u00e4t kansainv\u00e4liset vertailuarvot.<\/li>\n<li><strong>TAPPI T403 ja ASTM D774:<\/strong> Molemmissa standardeissa hahmotellaan menetelmi\u00e4 paperin lujuuden arvioimiseksi, ja ASTM D774:ss\u00e4 keskityt\u00e4\u00e4n kevyisiin, eritt\u00e4in joustaviin papereihin.<\/li>\n<\/ul>\n<p>N\u00e4ill\u00e4 standardeilla varmistetaan, ett\u00e4 pakkaus- ja painosovelluksissa k\u00e4ytett\u00e4v\u00e4t materiaalit t\u00e4ytt\u00e4v\u00e4t tuoteturvallisuuden ja laadunvarmistuksen edellytt\u00e4m\u00e4n kest\u00e4vyyden.<\/p>\n<h3>Testin periaate<\/h3>\n<p>Murtolujuuskokeessa n\u00e4yte asetetaan py\u00f6re\u00e4n, elastisen kalvon p\u00e4\u00e4lle, joka on j\u00e4yk\u00e4sti kiinnitetty reunoiltaan mutta joka voi vapaasti pullistua keskelt\u00e4. Kuten <strong>hydraulinestett\u00e4 pumpataan vakionopeudella<\/strong>kalvo t\u00e4yttyy, kunnes testin\u00e4yte repe\u00e4\u00e4. Testauslaite kirjaa murtumishetkell\u00e4 saavutetun maksimipaineen, joka osoittaa materiaalin laadun. <strong>murtumislujuus<\/strong>. T\u00e4m\u00e4 testimenetelm\u00e4 on eritt\u00e4in tarkka, ja sen avulla valmistajat voivat arvioida johdonmukaisesti eri materiaalien lujuutta ja laatua.<\/p>\n<h3>Murtumislujuusmittarin k\u00e4yt\u00f6n edut<\/h3>\n<ul>\n<li><strong>Pakkausten laadunvarmistus:<\/strong> Testeri varmistaa, ett\u00e4 pakkausmateriaalit kest\u00e4v\u00e4t kuljetuksen ja k\u00e4sittelyn aiheuttamat rasitukset, mik\u00e4 v\u00e4hent\u00e4\u00e4 vaurioriski\u00e4.<\/li>\n<li><strong>Johdonmukaiset tuotantostandardit:<\/strong> S\u00e4\u00e4nn\u00f6llisen testauksen avulla valmistajat voivat yll\u00e4pit\u00e4\u00e4 tasaista laatua ja puuttua nopeasti kaikkiin materiaalin suorituskykyyn liittyviin ongelmiin.<\/li>\n<li><strong>Mukautumiskyky eri toimialoilla:<\/strong> T\u00e4m\u00e4 testeri soveltuu monille eri aloille, kuten seuraaville aloille <strong>l\u00e4\u00e4kinn\u00e4lliset laitteet, elektroniikka, tekstiilit, pakkaukset ja elintarvikkeet.<\/strong>, joissa kest\u00e4v\u00e4t materiaalit ovat kriittinen vaatimus.<\/li>\n<\/ul>\n<h3>Usein kysytyt kysymykset (FAQ)<\/h3>\n<ul>\n<li><strong>Mik\u00e4 on murtolujuuskokeen tarkoitus?<\/strong><br \/>\nT\u00e4ss\u00e4 testiss\u00e4 arvioidaan paperi- ja kartonkimateriaalien kest\u00e4vyytt\u00e4 m\u00e4\u00e4ritt\u00e4m\u00e4ll\u00e4 suurin voima, jonka ne kest\u00e4v\u00e4t ennen rikkoutumistaan. Se on v\u00e4ltt\u00e4m\u00e4t\u00f6n laadunvalvonnan kannalta pakkausten ja materiaalien valmistuksessa.<\/li>\n<li><strong>Miten murtumislujuusmittari mittaa materiaalin lujuutta?<\/strong><br \/>\nTestaaja painaa n\u00e4ytett\u00e4 hydraulisesti, kunnes se repe\u00e4\u00e4, ja suurin paine kirjataan materiaalin murtolujuudeksi.<\/li>\n<li><strong>Millaisia materiaaleja voidaan testata?<\/strong><br \/>\nT\u00e4ll\u00e4 testilaitteella voidaan arvioida monenlaisia materiaaleja, kuten kevytt\u00e4 paperia, paksua kartonkia, aaltopahvia ja kuitulevy\u00e4.<\/li>\n<li><strong>Miksi ISO 2759 on t\u00e4rke\u00e4 murtolujuuden testauksessa?<\/strong><br \/>\nISO 2759 on maailmanlaajuinen standardi, jolla varmistetaan, ett\u00e4 materiaalit t\u00e4ytt\u00e4v\u00e4t yhdenmukaiset laatuvaatimukset, mik\u00e4 on t\u00e4rke\u00e4\u00e4 kansainv\u00e4lisille valmistajille ja toimittajille.<\/li>\n<li><strong>Kuinka usein pakkausmateriaalien murtolujuus on testattava?<\/strong><br \/>\nLuotettavien laatustandardien yll\u00e4pit\u00e4miseksi suositellaan s\u00e4\u00e4nn\u00f6llist\u00e4 testausta, erityisesti kun materiaalien hankinnassa tai tuotantoprosesseissa tapahtuu muutoksia.<\/li>\n<\/ul>","protected":false},"excerpt":{"rendered":"<p>The <strong>Murtumislujuuden testaaja<\/strong> on olennainen v\u00e4line paperi- ja kartonkimateriaalien rakenteellisen eheyden ja kest\u00e4vyyden arvioinnissa. T\u00e4m\u00e4 testilaite on suunniteltu arvioimaan maksimivoimaa, jonka n\u00e4m\u00e4 materiaalit kest\u00e4v\u00e4t ennen repeytymist\u00e4, ja sit\u00e4 k\u00e4ytet\u00e4\u00e4n laajalti pakkaus-, valmistus- ja laadunvalvontaymp\u00e4rist\u00f6iss\u00e4. Sovellukset vaihtelevat kevyest\u00e4 paperista raskaaseen kartonkiin, ja testeri <strong>Murtumislujuuden testaaja<\/strong> varmistaa, ett\u00e4 materiaalit t\u00e4ytt\u00e4v\u00e4t tiukat vaatimukset rasitusten alaisena, mik\u00e4 tekee siit\u00e4 v\u00e4ltt\u00e4m\u00e4tt\u00f6m\u00e4n teollisuudenaloilla, joilla lujuus ja kest\u00e4vyys ovat ensiarvoisen t\u00e4rkeit\u00e4.<\/p>","protected":false},"featured_media":6172,"comment_status":"closed","ping_status":"closed","template":"","meta":{"site-sidebar-layout":"default","site-content-layout":"default","ast-global-header-display":"","ast-main-header-display":"","ast-hfb-above-header-display":"","ast-hfb-below-header-display":"","ast-hfb-mobile-header-display":"","site-post-title":"","ast-breadcrumbs-content":"","ast-featured-img":"","footer-sml-layout":"","theme-transparent-header-meta":"default","adv-header-id-meta":"","stick-header-meta":"","header-above-stick-meta":"","header-main-stick-meta":"","header-below-stick-meta":""},"product_cat":[44,1146,953,956,955,1142,1141,954,957,958,952,959,1145,1144,1143,95],"product_tag":[],"class_list":{"0":"post-5254","1":"product","2":"type-product","3":"status-publish","4":"has-post-thumbnail","6":"product_cat-paper-and-board-testers","7":"product_cat-astm-d774","8":"product_cat-bursting-tester","9":"product_cat-cobb-tester","10":"product_cat-crush-tester","11":"product_cat-iso-2758","12":"product_cat-iso-2759","13":"product_cat-paper-tear-tester","14":"product_cat-plybond-tester","15":"product_cat-puncture-tester","16":"product_cat-rub-tester","17":"product_cat-stiffness-tester","18":"product_cat-tappi-t403","19":"product_cat-tappi-t807","20":"product_cat-tappi-t810","21":"product_cat-products","22":"desktop-align-left","23":"tablet-align-left","24":"mobile-align-left","26":"first","27":"instock","28":"shipping-taxable","29":"product-type-simple"},"_links":{"self":[{"href":"https:\/\/www.qualitester.com\/fi\/wp-json\/wp\/v2\/product\/5254","targetHints":{"allow":["GET"]}}],"collection":[{"href":"https:\/\/www.qualitester.com\/fi\/wp-json\/wp\/v2\/product"}],"about":[{"href":"https:\/\/www.qualitester.com\/fi\/wp-json\/wp\/v2\/types\/product"}],"replies":[{"embeddable":true,"href":"https:\/\/www.qualitester.com\/fi\/wp-json\/wp\/v2\/comments?post=5254"}],"version-history":[{"count":0,"href":"https:\/\/www.qualitester.com\/fi\/wp-json\/wp\/v2\/product\/5254\/revisions"}],"wp:featuredmedia":[{"embeddable":true,"href":"https:\/\/www.qualitester.com\/fi\/wp-json\/wp\/v2\/media\/6172"}],"wp:attachment":[{"href":"https:\/\/www.qualitester.com\/fi\/wp-json\/wp\/v2\/media?parent=5254"}],"wp:term":[{"taxonomy":"product_cat","embeddable":true,"href":"https:\/\/www.qualitester.com\/fi\/wp-json\/wp\/v2\/product_cat?post=5254"},{"taxonomy":"product_tag","embeddable":true,"href":"https:\/\/www.qualitester.com\/fi\/wp-json\/wp\/v2\/product_tag?post=5254"}],"curies":[{"name":"wp","href":"https:\/\/api.w.org\/{rel}","templated":true}]}}