{"id":5247,"date":"2024-11-06T13:22:00","date_gmt":"2024-11-06T05:22:00","guid":{"rendered":"https:\/\/www.qualitester.com\/?post_type=product&#038;p=5247"},"modified":"2024-12-05T15:33:06","modified_gmt":"2024-12-05T07:33:06","slug":"sale-tape-holding-power-tester","status":"publish","type":"product","link":"https:\/\/www.qualitester.com\/fi\/tuote\/sale-tape-holding-power-tester\/","title":{"rendered":"LAT-01 Kest\u00e4v\u00e4n tarttuvuuden testaaja"},"content":{"rendered":"<h2><strong>Johdanto Tape Holding Power Tester<\/strong><\/h2>\n<p>The <strong>Nauhan pito tehotesteri<\/strong> on v\u00e4ltt\u00e4m\u00e4t\u00f6n testauslaite, joka on suunniteltu paineherkkien teippien ja etikettien tartuntalujuuden mittaamiseen jatkuvissa kuormitusolosuhteissa. Se arvioi teippien kyky\u00e4 vastustaa liukumista ja s\u00e4ilytt\u00e4\u00e4 liimansa rasituksessa, joten se on t\u00e4rke\u00e4 ty\u00f6kalu teippien suorituskykyyn luottaville teollisuudenaloille, kuten pakkaus-, l\u00e4\u00e4ke- ja l\u00e4\u00e4keteollisuudelle.<\/p>\n<p>T\u00e4m\u00e4 testilaite tarjoaa luotettavan keinon arvioida teippien pitk\u00e4aikaista vakautta ja kest\u00e4vyytt\u00e4 ja varmistaa, ett\u00e4 ne t\u00e4ytt\u00e4v\u00e4t eri sovelluksissa vaaditut standardit. Sen avulla voidaan m\u00e4\u00e4ritt\u00e4\u00e4, kuinka hyvin teipit pysyv\u00e4t kiinni pinnoissa jopa haastavissa olosuhteissa, ja se tarjoaa t\u00e4rke\u00e4\u00e4 tietoa teippien suorituskyvyst\u00e4 ajan mittaan.<\/p>\n<h2><strong>Nauhan pito tehotesterin sovellus<\/strong><\/h2>\n<p>The <strong>Nauhan pito tehotesteri<\/strong> k\u00e4ytet\u00e4\u00e4n yleisesti seuraavilla teollisuudenaloilla:<\/p>\n<ul>\n<li><strong>Pakkaus:<\/strong> Varmistaa, ett\u00e4 pakkausmateriaaleissa k\u00e4ytett\u00e4v\u00e4t teipit s\u00e4ilytt\u00e4v\u00e4t liimaominaisuutensa kuljetuksen ja varastoinnin aikana.<\/li>\n<li><strong>L\u00e4\u00e4ketiede ja l\u00e4\u00e4ketiede:<\/strong> Tarkistaa l\u00e4\u00e4ketieteellisten teippien, sidosten ja l\u00e4\u00e4kepakkausmateriaalien liimauslujuuden.<\/li>\n<li><strong>Liimat:<\/strong> V\u00e4ltt\u00e4m\u00e4t\u00f6n tarroissa, teipeiss\u00e4 ja muissa liimapohjaisissa tuotteissa k\u00e4ytett\u00e4vien painekyll\u00e4stettyjen liimojen suorituskyvyn testaamiseen.<\/li>\n<li><strong>Tekstiilit:<\/strong> Auttaa arvioimaan tekstiiliteippien ja etikettien tarttuvuutta rasitusolosuhteissa.<\/li>\n<li><strong>Laaduntarkastuslaitokset:<\/strong> Tarjoaa objektiivista tietoa teipin suorituskyvyst\u00e4 ja auttaa valmistajia ja toimittajia laadunvalvonnassa.<\/li>\n<\/ul>\n<p>Sit\u00e4 k\u00e4ytet\u00e4\u00e4n ensisijaisesti testaamaan <strong>pitovoima<\/strong> paineherkki\u00e4 teippej\u00e4 ja tarroja, jotta varmistetaan, ett\u00e4 ne t\u00e4ytt\u00e4v\u00e4t reaalimaailman sovelluksissa tarvittavat vaatimukset.<\/p>\n<h2><strong>Testin periaate<\/strong><\/h2>\n<p>The <strong>Nauhan pito tehotesteri<\/strong> toimii periaatteella <strong>leikkausadheesio vakiokuormituksessa<\/strong>. Testi sis\u00e4lt\u00e4\u00e4 seuraavan prosessin:<\/p>\n<ul>\n<li>Teippiliuska kiinnitet\u00e4\u00e4n vakiomalliseen ter\u00e4spaneeliin valvotuissa olosuhteissa.<\/li>\n<li>Vakiomassa kiinnitet\u00e4\u00e4n nauhan vapaaseen p\u00e4\u00e4h\u00e4n vakiokuorman aikaansaamiseksi.<\/li>\n<li>T\u00e4m\u00e4n j\u00e4lkeen paneeli asetetaan pystysuoraan ja kirjataan aika, joka kuluu teipin pett\u00e4miseen (eli liukumiseen tai t\u00e4ydelliseen irtoamiseen pinnasta).<\/li>\n<\/ul>\n<p>T\u00e4m\u00e4 testi auttaa simuloimaan todellisia olosuhteita, joissa teippeihin voi kohdistua voimia, jotka voivat johtaa liiman pett\u00e4miseen. . <strong>Nauhan pito tehotesteri<\/strong> pystyy testaamaan erityyppisi\u00e4 painesensitiivisi\u00e4 teippej\u00e4, mukaan lukien teollisissa, l\u00e4\u00e4ketieteellisiss\u00e4 ja kuluttajasovelluksissa k\u00e4ytett\u00e4v\u00e4t teipit.<\/p>\n<h2><strong>Testimenetelm\u00e4t<\/strong><\/h2>\n<h3><strong>ASTM D3654<\/strong><\/h3>\n<p>The <strong>ASTM D3654<\/strong> standardi on yksi laajimmin tunnustetuista menetelmist\u00e4, joilla testataan painekyll\u00e4stett\u00e4vien teippien leikkausliimausta. ASTM D3654:n mukaan:<\/p>\n<ul>\n<li>Teippi kiinnitet\u00e4\u00e4n tavalliseen ter\u00e4spaneeliin ja siihen kohdistetaan vakiomassa tietyss\u00e4 kulmassa.<\/li>\n<li>Testaaja mittaa <strong>aika ep\u00e4onnistumiseen<\/strong> tai <strong>liukuman m\u00e4\u00e4r\u00e4<\/strong> joka syntyy, kun nauhaan kohdistuu jatkuva leikkausj\u00e4nnitys.<\/li>\n<li>Menetelm\u00e4ll\u00e4 arvioidaan liiman kyky\u00e4 vastustaa liukumista rasituksen alaisena, jolloin saadaan m\u00e4\u00e4r\u00e4llinen mittari liiman kest\u00e4vyydest\u00e4. <strong>pitovoima<\/strong>.<\/li>\n<\/ul>\n<h3><strong>PSTC-107<\/strong><\/h3>\n<p>The <strong>PSTC-107<\/strong> on toinen alan kriittinen standardi, jolla testataan painekyll\u00e4stett\u00e4vien teippien pitokyky\u00e4. T\u00e4ss\u00e4 standardissa m\u00e4\u00e4ritell\u00e4\u00e4n, miten teippien kyky kest\u00e4\u00e4 liimapinnan suuntaisesti kohdistuvia voimia mitataan, mik\u00e4 j\u00e4ljittelee todellisessa k\u00e4yt\u00f6ss\u00e4 esiintyvi\u00e4 olosuhteita.<\/p>\n<ul>\n<li>Kuten ASTM D3654, <strong>PSTC-107<\/strong> arvioi <strong>aika ep\u00e4onnistumiseen<\/strong> tai <strong>liukuman m\u00e4\u00e4r\u00e4<\/strong> joka syntyy, kun tietty massa kohdistetaan.<\/li>\n<li>Se varmistaa, ett\u00e4 eri tuotteissa k\u00e4ytett\u00e4v\u00e4t teipit s\u00e4ilytt\u00e4v\u00e4t liimaominaisuutensa tasaisissa kuormitusolosuhteissa ajan my\u00f6t\u00e4.<\/li>\n<\/ul>\n<p>Molemmat <strong>ASTM D3654<\/strong> ja <strong>PSTC-107<\/strong> ovat olennaisia standardeja, joilla varmistetaan painekyll\u00e4stett\u00e4vien liimojen suorituskyky ja luotettavuus.<\/p>\n<h2><strong>Edut<\/strong><\/h2>\n<ul>\n<li><strong>Tarkka mittaus<\/strong>: Mikrokontrolleripohjaisen ajoitusj\u00e4rjestelm\u00e4n ansiosta nauhan pitotehon testaaja takaa tarkat ja toistettavat tulokset.<\/li>\n<li><strong>Mukautettavat vaihtoehdot<\/strong>: Testaaja voidaan konfiguroida useilla testausasemilla, joten se on ihanteellinen suuren l\u00e4pimenon testaukseen laajamittaisissa tuotantoymp\u00e4rist\u00f6iss\u00e4.<\/li>\n<li><strong>Monipuolinen l\u00e4mp\u00f6tilan s\u00e4\u00e4t\u00f6<\/strong>: Testeri voidaan mukauttaa k\u00e4ytett\u00e4v\u00e4ksi eri l\u00e4mp\u00f6tilaolosuhteissa todellisten ymp\u00e4rist\u00f6tekij\u00f6iden simuloimiseksi.<\/li>\n<li><strong>Helppok\u00e4ytt\u00f6inen k\u00e4ytt\u00f6liittym\u00e4<\/strong>: K\u00e4ytt\u00e4j\u00e4yst\u00e4v\u00e4llinen LCD-n\u00e4ytt\u00f6, jossa on aikalukitustoiminto, mahdollistaa testitulosten selke\u00e4n ja yksinkertaisen seurannan.<\/li>\n<li><strong>Luotettavat tulokset<\/strong>: Testeri antaa johdonmukaisia tietoja teippien liimauslujuudesta, mik\u00e4 auttaa valmistajia t\u00e4ytt\u00e4m\u00e4\u00e4n laadunvarmistusvaatimukset.<\/li>\n<\/ul>\n<h2><strong>Standardit<\/strong><\/h2>\n<p>The <strong>Nauhan pito tehotesteri<\/strong> on suunniteltu noudattamaan seuraavia keskeisi\u00e4 alan standardeja:<\/p>\n<ul>\n<li><a href=\"https:\/\/www.astm.org\/d3654_d3654m-06r19.html\" target=\"_blank\" rel=\"noopener nofollow\"><strong>ASTM D3654<\/strong><\/a>: Standarditestausmenetelm\u00e4 painekyll\u00e4stett\u00e4vien teippien leikkausliimautumiselle.<\/li>\n<li><a href=\"https:\/\/pstc.org\/resources\/test-methods\/\" target=\"_blank\" rel=\"noopener nofollow\"><strong>PSTC-107<\/strong><\/a>: Standarditestausmenetelm\u00e4 paineherkkien teippien pitokyvylle jatkuvassa rasituksessa.<\/li>\n<li><strong>JIS Z0237<\/strong>: Japanin teollinen standardi teipin testausta varten.<\/li>\n<li><strong>GT\/T 4851<\/strong>: Kiinalainen standardi painekyll\u00e4stetyn teipin testausta varten.<\/li>\n<\/ul>\n<p>N\u00e4ill\u00e4 standardeilla varmistetaan, ett\u00e4 <strong>Nauhan pito tehotesteri<\/strong> tuottaa tarkkoja ja luotettavia tuloksia, jotka t\u00e4ytt\u00e4v\u00e4t teollisuuden maailmanlaajuiset vaatimukset.<\/p>\n<h2><strong>T\u00e4rkeimm\u00e4t parametrit<\/strong><\/h2>\n<table>\n<tbody>\n<tr>\n<td style=\"text-align: center;\" width=\"105\">Mallit<\/td>\n<td style=\"text-align: center;\" width=\"50\"><strong>LAT-5<\/strong><\/td>\n<td style=\"text-align: center;\" width=\"58\"><strong>LAT-10<\/strong><\/td>\n<td style=\"text-align: center;\" width=\"58\"><strong>LAT-20<\/strong><\/td>\n<td style=\"text-align: center;\" width=\"58\"><strong>LAT-30<\/strong><\/td>\n<td style=\"text-align: center;\" width=\"65\"><strong>LAT-5TC<\/strong><\/td>\n<td style=\"text-align: center;\" width=\"73\"><strong>LAT-10TC<\/strong><\/td>\n<\/tr>\n<tr>\n<td style=\"text-align: center;\" width=\"105\">Testiasemat<\/td>\n<td style=\"text-align: center;\" width=\"50\">5<\/td>\n<td style=\"text-align: center;\" width=\"58\">10<\/td>\n<td style=\"text-align: center;\" width=\"58\">20<\/td>\n<td style=\"text-align: center;\" width=\"58\">30<\/td>\n<td style=\"text-align: center;\" width=\"65\">5<\/td>\n<td style=\"text-align: center;\" width=\"73\">10<\/td>\n<\/tr>\n<tr>\n<td style=\"text-align: center;\" width=\"105\">L\u00e4mp\u00f6tila. Alue<\/td>\n<td style=\"text-align: center;\" colspan=\"4\" rowspan=\"1\" width=\"224\">N\/A<\/td>\n<td style=\"text-align: center;\" colspan=\"2\" rowspan=\"1\" width=\"138\">Ymp\u00e4rist\u00f6~80\u2103<\/td>\n<\/tr>\n<tr>\n<td style=\"text-align: center;\" width=\"105\">Testiaika<\/td>\n<td style=\"text-align: center;\" colspan=\"6\" rowspan=\"1\" width=\"362\">0~99H99M99S<\/td>\n<\/tr>\n<tr>\n<td style=\"text-align: center;\" width=\"105\">Testimassa<\/td>\n<td style=\"text-align: center;\" colspan=\"6\" rowspan=\"1\" width=\"362\">1000\u00b15g<\/td>\n<\/tr>\n<tr>\n<td style=\"text-align: center;\" width=\"105\">Paneeli<\/td>\n<td style=\"text-align: center;\" colspan=\"6\" rowspan=\"1\" width=\"362\">60*40*1.5 LWD<\/td>\n<\/tr>\n<tr>\n<td style=\"text-align: center;\" width=\"105\">Teho<\/td>\n<td style=\"text-align: center;\" colspan=\"6\" rowspan=\"1\" width=\"362\">AC 220V 50Hz<\/td>\n<\/tr>\n<tr>\n<td style=\"text-align: center;\" colspan=\"7\" rowspan=\"1\" width=\"467\">Rullan tekniset tiedot<\/td>\n<\/tr>\n<tr>\n<td style=\"text-align: center;\" width=\"105\">Rulla<\/td>\n<td style=\"text-align: center;\" colspan=\"6\" rowspan=\"1\" width=\"362\">2000g\u00b150g<\/td>\n<\/tr>\n<tr>\n<td style=\"text-align: center;\" width=\"105\">Halkaisija<\/td>\n<td style=\"text-align: center;\" colspan=\"6\" rowspan=\"1\" width=\"362\">85\u00b12,5 mm<\/td>\n<\/tr>\n<tr>\n<td style=\"text-align: center;\" width=\"105\">Leveys<\/td>\n<td style=\"text-align: center;\" colspan=\"6\" rowspan=\"1\" width=\"362\">45\u00b11,5 mm<\/td>\n<\/tr>\n<tr>\n<td style=\"text-align: center;\" width=\"105\">Kumi<\/td>\n<td style=\"text-align: center;\" colspan=\"6\" rowspan=\"1\" width=\"362\">paksuus 6 mm, Shore-kovuus 80 \u00b1 5\u00b0.<\/td>\n<\/tr>\n<\/tbody>\n<\/table>\n<p style=\"text-align: left;\">The <strong>Nauhan pito tehotesteri<\/strong> on v\u00e4ltt\u00e4m\u00e4t\u00f6n ty\u00f6kalu kaikille teollisuudenaloille, jotka ovat riippuvaisia painekyll\u00e4stett\u00e4vien liimojen suorituskyvyst\u00e4. Tarjoamalla tarkkoja testej\u00e4 maailmanlaajuisten standardien, kuten seuraavien standardien mukaisesti. <strong>ASTM D3654<\/strong> ja <strong>PSTC-107<\/strong>se varmistaa, ett\u00e4 nauhat ja tarrat t\u00e4ytt\u00e4v\u00e4t vaaditut suorituskykyvaatimukset. T\u00e4m\u00e4 testeri auttaa valmistajia varmistamaan liimatuotteidensa kest\u00e4vyyden, luotettavuuden ja laadun, olipa kyse sitten pakkaus-, l\u00e4\u00e4ke- tai l\u00e4\u00e4kinn\u00e4llisist\u00e4 sovelluksista tai tarrasovelluksista.<\/p>\n<div id=\"gtx-anchor\" style=\"position: absolute; visibility: hidden; left: 294.078px; top: 69.5156px; width: 22.3906px; height: 19px;\"><\/div>\n<div class=\"jfk-bubble gtx-bubble\" style=\"visibility: visible; left: -362px; top: 99px; opacity: 1;\" role=\"alertdialog\" aria-describedby=\"bubble-2\">\n<div id=\"bubble-2\" class=\"jfk-bubble-content-id\">\n<div id=\"gtx-host\" style=\"min-width: 200px; max-width: 400px;\"><\/div>\n<\/div>\n<div class=\"jfk-bubble-closebtn-id jfk-bubble-closebtn\" tabindex=\"0\" role=\"button\" aria-label=\"Sulje\"><\/div>\n<div class=\"jfk-bubble-arrow-id jfk-bubble-arrow jfk-bubble-arrowup\" style=\"left: 305.078px;\">\n<div class=\"jfk-bubble-arrowimplbefore\"><\/div>\n<div class=\"jfk-bubble-arrowimplafter\"><\/div>\n<\/div>\n<\/div>","protected":false},"excerpt":{"rendered":"<p>The <strong>Nauhan pito tehotesteri<\/strong> on v\u00e4ltt\u00e4m\u00e4t\u00f6n testauslaite, joka on suunniteltu paineherkkien teippien ja etikettien tartuntalujuuden mittaamiseen jatkuvissa kuormitusolosuhteissa. Se arvioi teippien kyky\u00e4 vastustaa liukumista ja s\u00e4ilytt\u00e4\u00e4 liimansa rasituksessa, joten se on t\u00e4rke\u00e4 ty\u00f6kalu teippien suorituskykyyn luottaville teollisuudenaloille, kuten pakkaus-, l\u00e4\u00e4ke- ja l\u00e4\u00e4keteollisuudelle.<\/p>","protected":false},"featured_media":6298,"comment_status":"closed","ping_status":"closed","template":"","meta":{"site-sidebar-layout":"default","site-content-layout":"default","ast-global-header-display":"","ast-main-header-display":"","ast-hfb-above-header-display":"","ast-hfb-below-header-display":"","ast-hfb-mobile-header-display":"","site-post-title":"","ast-breadcrumbs-content":"","ast-featured-img":"","footer-sml-layout":"","theme-transparent-header-meta":"default","adv-header-id-meta":"","stick-header-meta":"","header-above-stick-meta":"","header-main-stick-meta":"","header-below-stick-meta":""},"product_cat":[845,1172,949,673,130,95],"product_tag":[],"class_list":{"0":"post-5247","1":"product","2":"type-product","3":"status-publish","4":"has-post-thumbnail","6":"product_cat-customization","7":"product_cat-jis-z0237","8":"product_cat-pstc-107","9":"product_cat-adhesive-tester","10":"product_cat-astm-d3654","11":"product_cat-products","12":"desktop-align-left","13":"tablet-align-left","14":"mobile-align-left","16":"first","17":"instock","18":"shipping-taxable","19":"product-type-simple"},"_links":{"self":[{"href":"https:\/\/www.qualitester.com\/fi\/wp-json\/wp\/v2\/product\/5247","targetHints":{"allow":["GET"]}}],"collection":[{"href":"https:\/\/www.qualitester.com\/fi\/wp-json\/wp\/v2\/product"}],"about":[{"href":"https:\/\/www.qualitester.com\/fi\/wp-json\/wp\/v2\/types\/product"}],"replies":[{"embeddable":true,"href":"https:\/\/www.qualitester.com\/fi\/wp-json\/wp\/v2\/comments?post=5247"}],"version-history":[{"count":0,"href":"https:\/\/www.qualitester.com\/fi\/wp-json\/wp\/v2\/product\/5247\/revisions"}],"wp:featuredmedia":[{"embeddable":true,"href":"https:\/\/www.qualitester.com\/fi\/wp-json\/wp\/v2\/media\/6298"}],"wp:attachment":[{"href":"https:\/\/www.qualitester.com\/fi\/wp-json\/wp\/v2\/media?parent=5247"}],"wp:term":[{"taxonomy":"product_cat","embeddable":true,"href":"https:\/\/www.qualitester.com\/fi\/wp-json\/wp\/v2\/product_cat?post=5247"},{"taxonomy":"product_tag","embeddable":true,"href":"https:\/\/www.qualitester.com\/fi\/wp-json\/wp\/v2\/product_tag?post=5247"}],"curies":[{"name":"wp","href":"https:\/\/api.w.org\/{rel}","templated":true}]}}