{"id":5242,"date":"2024-11-06T12:02:30","date_gmt":"2024-11-06T04:02:30","guid":{"rendered":"https:\/\/www.qualitester.com\/?post_type=product&#038;p=5242"},"modified":"2024-12-05T09:52:23","modified_gmt":"2024-12-05T01:52:23","slug":"sale-internal-bond-tester-iso-16260","status":"publish","type":"product","link":"https:\/\/www.qualitester.com\/fi\/tuote\/sale-internal-bond-tester-iso-16260\/","title":{"rendered":"BGT-01 Sis\u00e4inen Bond-testeri"},"content":{"rendered":"<h2><strong>Johdanto Sis\u00e4isen sidoksen testauslaite<\/strong><\/h2>\n<p>The <strong>BGT-01 Sis\u00e4inen Bond-testeri<\/strong> on edistyksellinen laite, joka on suunniteltu mittaamaan energiaa, joka tarvitaan paperin tai kartongin n\u00e4ytteen nopeaan delaminoitumiseen. <strong>Z-suunta<\/strong>. T\u00e4m\u00e4 testi simuloi nopeita iskuja ja iskukuormituksia, joita paperi- ja kartonkituotteet voivat joutua kokemaan esimerkiksi painamisen tai muuntamisen aikana. Osoitteessa <strong>Sis\u00e4inen Bond-testeri<\/strong> k\u00e4ytt\u00e4\u00e4 murtumisen k\u00e4ynnist\u00e4miseen heiluria, jonka massa ja nopeus on m\u00e4\u00e4ritelty, joten se on ihanteellinen v\u00e4line arvioitaessa materiaalin kest\u00e4vyytt\u00e4 sis\u00e4isi\u00e4 j\u00e4nnityksi\u00e4 vastaan.<\/p>\n<p>BGT-01 soveltuu erinomaisesti erilaisten paperi- ja kartonkimateriaalien testaamiseen, mukaan lukien yksi- ja monikerroksinen paperi, p\u00e4\u00e4llystetyt arkit ja synteettisill\u00e4 polymeerikalvoilla laminoidut kartongit. Se soveltuu erityisen hyvin materiaaleille, joihin kohdistuu <strong>Z-suunnan nopeat iskut<\/strong>, kuten pakkaus- ja painatusalalla sek\u00e4 muissa teollisuussovelluksissa, joissa kest\u00e4vyys on kriittinen tekij\u00e4.<\/p>\n<h2><strong>Testimenetelm\u00e4t: ISO 16260 ja standardit<\/strong><\/h2>\n<h3><strong><a href=\"https:\/\/www.iso.org\/standard\/56038.html\" target=\"_blank\" rel=\"noopener nofollow\">ISO 16260<\/a>: Kansainv\u00e4linen standardi sis\u00e4isen sidoksen testaukselle<\/strong><\/h3>\n<p><a href=\"https:\/\/www.qualitester.com\/fi\/tuote-osasto-2\/iso\/iso-16260\/\" target=\"_blank\" rel=\"noopener\"><strong>ISO 16260<\/strong><\/a> m\u00e4\u00e4ritell\u00e4\u00e4n testausmenetelm\u00e4 paperin, kartongin ja pahvin sis\u00e4isen sidoslujuuden mittaamiseksi. T\u00e4ss\u00e4 standardissa m\u00e4\u00e4ritell\u00e4\u00e4n menettely testien suorittamiseksi, joissa heiluri-iskua k\u00e4ytet\u00e4\u00e4n n\u00e4ytteen irrottamiseen, jolloin arvioidaan materiaalin lujuus nopean, paikallisen rasituksen alaisena. Simuloimalla todellisia olosuhteita, joissa paperiin ja kartonkiin kohdistuu iskukuormitusta, <strong>ISO 16260<\/strong> auttaa varmistamaan, ett\u00e4 materiaalit ovat kest\u00e4vi\u00e4 ja luotettavia.<\/p>\n<ul>\n<li><strong>Testausprosessi<\/strong>: Sis\u00e4isen sidoksen lujuus mitataan vapauttamalla heiluri, jossa on kiinte\u00e4 massa, joka iskeytyy n\u00e4ytteeseen tietyll\u00e4 nopeudella, mik\u00e4 k\u00e4ynnist\u00e4\u00e4 delaminaation n\u00e4ytteess\u00e4. <strong>Z-suunta<\/strong>.<\/li>\n<li><strong>Merkitys<\/strong>: T\u00e4m\u00e4 standardi on ratkaisevan t\u00e4rke\u00e4 sen varmistamisessa, ett\u00e4 paperi- ja kartonkimateriaalit kest\u00e4v\u00e4t tuotannon, pakkaamisen ja kuljetuksen aikana esiintyv\u00e4t iskut. Standardin noudattaminen <strong>ISO 16260<\/strong> on olennaisen t\u00e4rke\u00e4\u00e4 paperi-, pakkaus- ja vastaavien teollisuudenalojen valmistajille tuotteiden suorituskyvyn ja laadun varmistamiseksi.<\/li>\n<\/ul>\n<h3><strong>Muut asiaankuuluvat standardit<\/strong><\/h3>\n<ul>\n<li><strong>TAPPI T569<\/strong>: Massa- ja paperiteollisuuden teknisen yhdistyksen (Technical Association of the Pulp and Paper Industry) kehitt\u00e4m\u00e4 standardi, joka keskittyy kartonkimateriaalien delaminaatioon, kun niihin kohdistuu kontrolloituja heiluri-iskuvoimia.<\/li>\n<li><strong>GB\/T 26203<\/strong>: Kiinalainen standardi, joka m\u00e4\u00e4rittelee paperin ja kartongin sis\u00e4isen sidostestin ja vastaa kansainv\u00e4lisi\u00e4 testausprotokollia.<\/li>\n<li><strong>QB\/T 5558<\/strong>: Kiinalainen standardi, joka koskee paperin ja kartongin sis\u00e4isen sidoslujuuden testausta ja jolla varmistetaan, ett\u00e4 ne t\u00e4ytt\u00e4v\u00e4t pakkauksissa vaaditut ominaisuudet.<\/li>\n<\/ul>\n<h2><strong>BGT-01 sis\u00e4isen bonditestin ominaisuudet ja edut<\/strong><\/h2>\n<ul>\n<li><strong>Automaattinen heilurin vapautus<\/strong>: BGT-01 <strong>Sis\u00e4inen Bond-testeri<\/strong> on varustettu automaattisella heilurin laukaisumekanismilla, joka takaa johdonmukaiset ja toistettavat testitulokset joka kerta. T\u00e4m\u00e4 ominaisuus parantaa tarkkuutta ja luotettavuutta.<\/li>\n<li><strong>Korkea resoluutio ja tarkkuus<\/strong>: Laitteessa on 0,001 lbf\/in\u00b2:n tiedonkeruun tarkkuus, ja sen voimanl\u00e4hteen\u00e4 on eritt\u00e4in tarkka 5000-pulssinen kooderi. T\u00e4m\u00e4 mahdollistaa sis\u00e4isen sidoksen lujuuden yksityiskohtaiset mittaukset, mik\u00e4 varmistaa, ett\u00e4 pienetkin erot materiaalin suorituskyvyss\u00e4 voidaan havaita.<\/li>\n<li><strong>Itsekalibrointity\u00f6kalu<\/strong>: BGT-01 <strong>Sis\u00e4inen Bond-testeri <\/strong>toimitetaan erityisen 5-tasoisen kalibrointity\u00f6kalusarjan kanssa (lis\u00e4varuste), joka mahdollistaa helpon kalibroinnin optimaalisen suorituskyvyn ja tarkkuuden s\u00e4ilytt\u00e4miseksi ajan my\u00f6t\u00e4.<\/li>\n<li><strong>Joustava yksikk\u00f6kytkent\u00e4<\/strong>: The <strong>Sis\u00e4inen Bond-testeri <\/strong>tarjoaa monipuolisuutta, sill\u00e4 se pystyy vaihtamaan mittayksik\u00f6iden v\u00e4lill\u00e4, mukaan lukien J\/M\u00b2 ja lbf\/in\u00b2, joten se on mukautettavissa teollisuuden eri vaatimuksiin.<\/li>\n<li><strong>K\u00e4ytt\u00e4j\u00e4yst\u00e4v\u00e4llinen k\u00e4ytt\u00f6liittym\u00e4<\/strong>: 5,0-tuumainen v\u00e4rillinen kosketusn\u00e4yt\u00f6n k\u00e4ytt\u00f6liittym\u00e4 on intuitiivinen, n\u00e4ytt\u00e4\u00e4 reaaliaikaiset testitiedot ja mahdollistaa helpon navigoinnin testiasetuksissa, tuloksissa ja toimintatiloissa.<\/li>\n<li><strong>Kehittynyt tietojenk\u00e4sittelyohjelmisto<\/strong>: Lis\u00e4varusteena on saatavana tietokoneyhteysohjelmisto, joka mahdollistaa kehittyneemm\u00e4n tietojenk\u00e4sittelyn, analysoinnin ja raporttien tuottamisen. T\u00e4m\u00e4 tarjoaa helpon tavan hallita testitietoja, dokumentoida tuloksia ja suorittaa lis\u00e4analyysej\u00e4 laadunvarmistusta tai T&amp;K-tarkoituksia varten.<\/li>\n<li><strong>Modulaarinen l\u00e4mp\u00f6kirjoitin<\/strong>: BGT-01:een on integroitu l\u00e4mp\u00f6kirjoitin, jonka avulla k\u00e4ytt\u00e4j\u00e4t voivat tulostaa testitulokset v\u00e4litt\u00f6m\u00e4sti. T\u00e4m\u00e4 modulaarinen ominaisuus helpottaa testitulosten tallentamista ja jakamista ilman ulkoista laitetta.<\/li>\n<\/ul>\n<h2><strong>Sovellukset<\/strong><\/h2>\n<ul>\n<li><strong>Pakkausteollisuus<\/strong>: BGT-01-laitetta k\u00e4ytet\u00e4\u00e4n laajalti sellaisten materiaalien testaamiseen kuin kotelolevyt, harmaat levyt, norsunluu-levyt ja synteettiset polymeerip\u00e4\u00e4llysteiset paperit. N\u00e4ill\u00e4 materiaaleilla on oltava korkea sis\u00e4inen sidoslujuus, jotta ne kest\u00e4v\u00e4t pakkaamisen, varastoinnin ja kuljetuksen aikana esiintyv\u00e4t mekaaniset rasitukset.<\/li>\n<li><strong>Paperin valmistus<\/strong>: BGT-01 soveltuu erinomaisesti paperimateriaalien laadun ja kest\u00e4vyyden arviointiin, ja se soveltuu sek\u00e4 yksikerroksiselle ett\u00e4 monikerroksiselle paperille sek\u00e4 p\u00e4\u00e4llystetyille arkeille, joita k\u00e4ytet\u00e4\u00e4n yleisesti erilaisissa paperituotteissa ja pakkauksissa.<\/li>\n<li><strong>Tekstiilit ja l\u00e4\u00e4kinn\u00e4llisten laitteiden pakkaukset<\/strong>: Sis\u00e4isen sidoksen testauslaitetta k\u00e4ytet\u00e4\u00e4n teollisuudenaloilla, joilla paperi- ja kartonkimateriaalien on osoitettava kest\u00e4vyytens\u00e4 nopeille iskuille, kuten l\u00e4\u00e4kinn\u00e4llisten laitteiden pakkausmateriaaleissa tai tekstiileiss\u00e4.<\/li>\n<li><strong>Laadunvalvonta ja -varmistus<\/strong>: Laadunvarmistuslaboratoriot luottavat BGT-01-laitteeseen sis\u00e4isen sidoksen lujuuden johdonmukaisessa testauksessa ja arvioinnissa varmistaakseen, ett\u00e4 tuotteet t\u00e4ytt\u00e4v\u00e4t alan standardit ja asiakkaiden vaatimukset.<\/li>\n<\/ul>\n<h2><strong>T\u00e4rkeimm\u00e4t parametrit<\/strong><\/h2>\n<table>\n<tbody>\n<tr>\n<td width=\"224\">N\u00e4ytteen koko<\/td>\n<td width=\"227\">25.4*25.4mm (viisi ryhm\u00e4\u00e4)<\/td>\n<\/tr>\n<tr>\n<td width=\"224\">N\u00e4ytteen pitovoima<\/td>\n<td width=\"227\">0~400N (s\u00e4\u00e4dett\u00e4viss\u00e4)<\/td>\n<\/tr>\n<tr>\n<td width=\"224\">N\u00e4ytteen painealue<\/td>\n<td width=\"227\">0~65kg\/cm\u00b2<\/td>\n<\/tr>\n<tr>\n<td width=\"224\">Iskukulma<\/td>\n<td width=\"227\">90\u00b0<\/td>\n<\/tr>\n<tr>\n<td width=\"224\">P\u00e4\u00e4t\u00f6slauselma<\/td>\n<td width=\"227\">0,001lbf\/in\u00b2<\/td>\n<\/tr>\n<tr>\n<td colspan=\"1\" rowspan=\"3\" width=\"224\">Mittausalue<\/td>\n<td width=\"227\">A: 0-500J\/M\u00b2<\/td>\n<\/tr>\n<tr>\n<td width=\"227\">B: 500~1000J\/M\u00b2<\/td>\n<\/tr>\n<tr>\n<td width=\"227\">C: 1000~1500J\/M2<\/td>\n<\/tr>\n<tr>\n<td width=\"224\">Ilmoitus Virhe<\/td>\n<td width=\"227\">A: \u00b11J\/M\u00b2 B: \u00b12J\/M\u00b2 C: \u00b15J\/M\u00b2<\/td>\n<\/tr>\n<tr>\n<td width=\"224\">Yksikk\u00f6<\/td>\n<td width=\"227\">lb-ft\/in\u00b2, J\/M\u00b2<\/td>\n<\/tr>\n<tr>\n<td width=\"224\">Mitat<\/td>\n<td width=\"227\">450m\u00d7380cm\u00d7600mm<\/td>\n<\/tr>\n<tr>\n<td width=\"224\">Teho<\/td>\n<td width=\"227\">AC 220V 50Hz<\/td>\n<\/tr>\n<tr>\n<td width=\"224\"><\/td>\n<td width=\"227\"><\/td>\n<\/tr>\n<tr>\n<td colspan=\"2\" rowspan=\"1\" width=\"451\"><strong>N\u00e4yteleikkurin erittely<\/strong><\/td>\n<\/tr>\n<tr>\n<td width=\"224\">N\u00e4ytteenottokoko<\/td>\n<td width=\"227\">25.4mm*140mm<\/td>\n<\/tr>\n<tr>\n<td width=\"224\">Kahden pitk\u00e4n sivun rinnakkaisuus<\/td>\n<td width=\"227\">\u22640.015mm<\/td>\n<\/tr>\n<tr>\n<td width=\"224\">N\u00e4ytteenoton paksuus<\/td>\n<td width=\"227\">(0,05~1,2) mm.<\/td>\n<\/tr>\n<tr>\n<td width=\"224\">Mitat<\/td>\n<td width=\"227\">Noin 580*150*620mm<\/td>\n<\/tr>\n<tr>\n<td width=\"224\">Paino<\/td>\n<td width=\"227\">Noin 15kg<\/td>\n<\/tr>\n<\/tbody>\n<\/table>\n<h2><strong>BGT-01 sis\u00e4isen bonditestin k\u00e4yt\u00f6n edut<\/strong><\/h2>\n<ul>\n<li><strong>Tarkkuus ja luotettavuus<\/strong>: BGT-01 takaa tarkat ja toistettavat tulokset korkean tarkkuutensa ja kehittyneiden ominaisuuksiensa ansiosta, mink\u00e4 ansiosta valmistajat voivat t\u00e4ytt\u00e4\u00e4 alan tiukat standardit.<\/li>\n<li><strong>ISO 16260 -standardin noudattaminen<\/strong>: BGT-01 on t\u00e4ysin yhdenmukainen <strong>ISO 16260<\/strong>, mik\u00e4 tekee siit\u00e4 v\u00e4ltt\u00e4m\u00e4tt\u00f6m\u00e4n ty\u00f6kalun niille, joiden on t\u00e4ytett\u00e4v\u00e4 kansainv\u00e4liset testausstandardit.<\/li>\n<li><strong>Monipuolinen ja helppok\u00e4ytt\u00f6inen<\/strong>: BGT-01 tarjoaa monipuolisen ja k\u00e4ytt\u00e4j\u00e4yst\u00e4v\u00e4llisen k\u00e4ytt\u00f6kokemuksen riippumatta siit\u00e4, onko se tarkoitettu tutkimus- ja kehitysty\u00f6h\u00f6n, laadunvalvontaan tai tuotannon testaukseen, ja sill\u00e4 voidaan k\u00e4sitell\u00e4 erilaisia paperi- ja kartonkimateriaaleja.<\/li>\n<li><strong>Parempi tuotteiden laatu<\/strong>: BGT-01 varmistaa, ett\u00e4 materiaalit t\u00e4ytt\u00e4v\u00e4t sis\u00e4iset sidoslujuusvaatimukset, ja auttaa n\u00e4in parantamaan paperin, kartongin ja pakkaustuotteiden laatua ja kest\u00e4vyytt\u00e4.<\/li>\n<\/ul>\n<h2><strong>Miksi valita BGT-01 Internal Bond Tester?<\/strong><\/h2>\n<ul>\n<li><strong>Paperin ja pakkausten valmistajille<\/strong>: BGT-01 varmistaa, ett\u00e4 materiaalien sis\u00e4inen lujuus kest\u00e4\u00e4 nopeat iskut k\u00e4sittelyn, jalostuksen ja kuljetuksen aikana. T\u00e4m\u00e4 on ratkaisevan t\u00e4rke\u00e4\u00e4 sellaisten tuotteiden pakkaamisessa, joiden on toimittava stressaavissa olosuhteissa.<\/li>\n<li><strong>Tutkimus- ja kehitystoiminta<\/strong>: Paperinvalmistuksen tai materiaalitieteen parissa ty\u00f6skentelev\u00e4t tutkimus- ja kehitystiimit pit\u00e4v\u00e4t BGT-01:t\u00e4 v\u00e4ltt\u00e4m\u00e4tt\u00f6m\u00e4n\u00e4 uusien paperi- ja kartonkivalmisteiden sis\u00e4isen sidoslujuuden tarkassa mittaamisessa.<\/li>\n<li><strong>Laadunvalvonta ja -varmistus<\/strong>: Helppok\u00e4ytt\u00f6isyytens\u00e4, automatisoitujen ominaisuuksiensa ja korkean tarkkuutensa ansiosta BGT-01 on ihanteellinen valinta laadunvalvontalaboratorioille, jotka haluavat yll\u00e4pit\u00e4\u00e4 tuotteiden laadun tasaisuutta ja s\u00e4\u00e4nn\u00f6sten noudattamista.<\/li>\n<\/ul>\n<h2><strong>FAQ-osio<\/strong><\/h2>\n<ol>\n<li><strong>Mik\u00e4 on sis\u00e4isen sidostesterin tarkoitus?<\/strong>\n<ul>\n<li>Internal Bond Tester mittaa energian, joka tarvitaan paperi- tai kartonkin\u00e4ytteiden delaminoitumiseen Z-suunnassa. Se simuloi iskukuormia ja iskuja materiaalin kest\u00e4vyyden arvioimiseksi.<\/li>\n<\/ul>\n<\/li>\n<li><strong>Miten BGT-01 eroaa muista sis\u00e4isist\u00e4 sidostestereist\u00e4?<\/strong>\n<ul>\n<li>BGT-01 tarjoaa automaattisen heilurin vapautuksen, korkean resoluution (0,001 lbf\/in\u00b2), itsekalibroinnin ja v\u00e4rillisen kosketusn\u00e4yt\u00f6n k\u00e4ytt\u00f6liittym\u00e4n. N\u00e4m\u00e4 ominaisuudet takaavat tarkkuuden, luotettavuuden ja helppok\u00e4ytt\u00f6isyyden.<\/li>\n<\/ul>\n<\/li>\n<li><strong>Onko BGT-01 kansainv\u00e4listen standardien mukainen?<\/strong>\n<ul>\n<li>Kyll\u00e4, BGT-01 t\u00e4ytt\u00e4\u00e4 seuraavat vaatimukset <strong>ISO 16260<\/strong>, TAPPI T569 ja muut alan standardit, mik\u00e4 varmistaa, ett\u00e4 se t\u00e4ytt\u00e4\u00e4 eri teollisuudenaloilla vaaditut laatu- ja suorituskykyvaatimukset.<\/li>\n<\/ul>\n<\/li>\n<li><strong>Voinko k\u00e4ytt\u00e4\u00e4 BGT-01:t\u00e4 pinnoitettujen tai laminoitujen materiaalien testaamiseen?<\/strong>\n<ul>\n<li>Kyll\u00e4, BGT-01 soveltuu monenlaisten paperi- ja kartonkimateriaalien testaamiseen, mukaan lukien p\u00e4\u00e4llystetyt ja laminoidut tuotteet, kuten synteettiset polymeerikalvot.<\/li>\n<\/ul>\n<\/li>\n<li><strong>Onko BGT-01:ss\u00e4 ohjelmisto tietojen analysointia varten?<\/strong>\n<ul>\n<li>Kyll\u00e4, BGT-01 voidaan liitt\u00e4\u00e4 valinnaiseen tietokoneohjelmistoon, joka mahdollistaa yksityiskohtaisen tietojenk\u00e4sittelyn, analyysin ja raporttien luomisen, mik\u00e4 sopii erinomaisesti laadunvalvontaan tai tutkimustarkoituksiin.<\/li>\n<\/ul>\n<\/li>\n<\/ol>","protected":false},"excerpt":{"rendered":"<p>The <strong>BGT-01 Sis\u00e4inen Bond-testeri<\/strong> on edistyksellinen laite, joka on suunniteltu mittaamaan energiaa, joka tarvitaan paperin tai kartongin n\u00e4ytteen nopeaan delaminoitumiseen. <strong>Z-suunta<\/strong>. T\u00e4m\u00e4 testi simuloi nopeita iskuja ja iskukuormituksia, joita paperi- ja kartonkituotteet voivat joutua kokemaan esimerkiksi painamisen tai muuntamisen aikana. Osoitteessa <strong>Sis\u00e4inen Bond-testeri<\/strong> k\u00e4ytt\u00e4\u00e4 murtumisen k\u00e4ynnist\u00e4miseen heiluria, jonka massa ja nopeus on m\u00e4\u00e4ritelty, joten se on ihanteellinen v\u00e4line arvioitaessa materiaalin kest\u00e4vyytt\u00e4 sis\u00e4isi\u00e4 j\u00e4nnityksi\u00e4 vastaan.<\/p>","protected":false},"featured_media":6170,"comment_status":"closed","ping_status":"closed","template":"","meta":{"site-sidebar-layout":"default","site-content-layout":"default","ast-global-header-display":"","ast-main-header-display":"","ast-hfb-above-header-display":"","ast-hfb-below-header-display":"","ast-hfb-mobile-header-display":"","site-post-title":"","ast-breadcrumbs-content":"","ast-featured-img":"","footer-sml-layout":"","theme-transparent-header-meta":"default","adv-header-id-meta":"","stick-header-meta":"","header-above-stick-meta":"","header-main-stick-meta":"","header-below-stick-meta":""},"product_cat":[845,1076,1140,44,95],"product_tag":[],"class_list":{"0":"post-5242","1":"product","2":"type-product","3":"status-publish","4":"has-post-thumbnail","6":"product_cat-customization","7":"product_cat-iso-16260","8":"product_cat-tappi-t569","9":"product_cat-paper-and-board-testers","10":"product_cat-products","11":"desktop-align-left","12":"tablet-align-left","13":"mobile-align-left","15":"first","16":"instock","17":"shipping-taxable","18":"product-type-simple"},"_links":{"self":[{"href":"https:\/\/www.qualitester.com\/fi\/wp-json\/wp\/v2\/product\/5242","targetHints":{"allow":["GET"]}}],"collection":[{"href":"https:\/\/www.qualitester.com\/fi\/wp-json\/wp\/v2\/product"}],"about":[{"href":"https:\/\/www.qualitester.com\/fi\/wp-json\/wp\/v2\/types\/product"}],"replies":[{"embeddable":true,"href":"https:\/\/www.qualitester.com\/fi\/wp-json\/wp\/v2\/comments?post=5242"}],"version-history":[{"count":0,"href":"https:\/\/www.qualitester.com\/fi\/wp-json\/wp\/v2\/product\/5242\/revisions"}],"wp:featuredmedia":[{"embeddable":true,"href":"https:\/\/www.qualitester.com\/fi\/wp-json\/wp\/v2\/media\/6170"}],"wp:attachment":[{"href":"https:\/\/www.qualitester.com\/fi\/wp-json\/wp\/v2\/media?parent=5242"}],"wp:term":[{"taxonomy":"product_cat","embeddable":true,"href":"https:\/\/www.qualitester.com\/fi\/wp-json\/wp\/v2\/product_cat?post=5242"},{"taxonomy":"product_tag","embeddable":true,"href":"https:\/\/www.qualitester.com\/fi\/wp-json\/wp\/v2\/product_tag?post=5242"}],"curies":[{"name":"wp","href":"https:\/\/api.w.org\/{rel}","templated":true}]}}